{"id":10426,"date":"2025-02-16T10:36:32","date_gmt":"2025-02-16T09:36:32","guid":{"rendered":"https:\/\/lori.hr\/?page_id=10426"},"modified":"2025-02-16T10:36:50","modified_gmt":"2025-02-16T09:36:50","slug":"ivona-zelenika","status":"publish","type":"page","link":"https:\/\/lori.hr\/en\/ivona-zelenika\/","title":{"rendered":"Ivona Zelenika"},"content":{"rendered":"<div data-elementor-type=\"wp-page\" data-elementor-id=\"10426\" class=\"elementor elementor-10426\" data-elementor-post-type=\"page\">\n\t\t\t\t<div class=\"elementor-element elementor-element-398a9179 navboja e-flex e-con-boxed e-con e-parent\" data-id=\"398a9179\" data-element_type=\"container\" data-settings=\"{&quot;background_background&quot;:&quot;classic&quot;}\">\n\t\t\t\t\t<div class=\"e-con-inner\">\n\t\t\t\t<div class=\"elementor-element elementor-element-3350224f elementor-widget elementor-widget-spacer\" data-id=\"3350224f\" data-element_type=\"widget\" data-widget_type=\"spacer.default\">\n\t\t\t\t\t\t\t<div class=\"elementor-spacer\">\n\t\t\t<div class=\"elementor-spacer-inner\"><\/div>\n\t\t<\/div>\n\t\t\t\t\t\t<\/div>\n\t\t\t\t\t<\/div>\n\t\t\t\t<\/div>\n\t\t<div class=\"elementor-element elementor-element-610144cf e-flex e-con-boxed e-con e-parent\" data-id=\"610144cf\" data-element_type=\"container\">\n\t\t\t\t\t<div class=\"e-con-inner\">\n\t\t\t\t<div class=\"elementor-element elementor-element-12c1111c elementor-widget elementor-widget-spacer\" data-id=\"12c1111c\" data-element_type=\"widget\" data-widget_type=\"spacer.default\">\n\t\t\t\t\t\t\t<div class=\"elementor-spacer\">\n\t\t\t<div class=\"elementor-spacer-inner\"><\/div>\n\t\t<\/div>\n\t\t\t\t\t\t<\/div>\n\t\t\t\t<div class=\"elementor-element elementor-element-43e828b2 elementor-widget elementor-widget-heading\" data-id=\"43e828b2\" data-element_type=\"widget\" data-widget_type=\"heading.default\">\n\t\t\t\t\t<h1 class=\"elementor-heading-title elementor-size-xl\">Ivona Zelenika<\/h1>\t\t\t\t<\/div>\n\t\t\t\t<div class=\"elementor-element elementor-element-7d2edf9 elementor-widget-divider--view-line elementor-widget elementor-widget-divider\" data-id=\"7d2edf9\" data-element_type=\"widget\" data-widget_type=\"divider.default\">\n\t\t\t\t\t\t\t<div class=\"elementor-divider\">\n\t\t\t<span class=\"elementor-divider-separator\">\n\t\t\t\t\t\t<\/span>\n\t\t<\/div>\n\t\t\t\t\t\t<\/div>\n\t\t\t\t\t<\/div>\n\t\t\t\t<\/div>\n\t\t<div class=\"elementor-element elementor-element-ee7aedf e-flex e-con-boxed e-con e-parent\" data-id=\"ee7aedf\" data-element_type=\"container\">\n\t\t\t\t\t<div class=\"e-con-inner\">\n\t\t<div class=\"elementor-element elementor-element-52176986 e-con-full e-flex e-con e-child\" data-id=\"52176986\" data-element_type=\"container\">\n\t\t\t\t<div class=\"elementor-element elementor-element-792fe37b elementor-widget elementor-widget-text-editor\" data-id=\"792fe37b\" data-element_type=\"widget\" data-widget_type=\"text-editor.default\">\n\t\t\t\t\t\t\t\t\t<h3 class=\"subtitle\">magistra socijalne pedagogije<\/h3><div class=\"address\">\u00a0<\/div><div class=\"contact\"><h3><span style=\"font-size: 1.5em; font-weight: bold;\">Informacije<\/span><\/h3><\/div><p>Iskustvo u savjetovanju\/psihoterapiji:\u00a0<strong>DA<\/strong><\/p><p>Primarna podru\u010dja rada:\u00a0<strong>klini\u010dka i zdravstvena psihologija<\/strong><\/p><p>Iskustvo u radu s LGBTIQ osobama:\u00a0<strong>DA<\/strong>\u00a0<\/p><p>Edukacija u tijeku:<\/p><ul><li><strong>ge\u0161talt psihoterapijski pravac, IGW Centar<\/strong><\/li><\/ul><p>Dodatne edukacije i vje\u0161tine:<\/p><ul><li><strong>ACT u terapijskom radu s djecom i tinejd\u017eerima<\/strong><\/li><li><strong>Kreativne tehnike u psihosocijalnom radu<\/strong><\/li><li><strong>Polaznica ge\u0161talt psihoterapijskog instituta (3. godina)<\/strong><\/li><\/ul>\t\t\t\t\t\t\t\t<\/div>\n\t\t\t\t<\/div>\n\t\t<div class=\"elementor-element elementor-element-1c418de8 e-con-full e-flex e-con e-child\" data-id=\"1c418de8\" data-element_type=\"container\" data-settings=\"{&quot;background_background&quot;:&quot;classic&quot;}\">\n\t\t\t\t<div class=\"elementor-element elementor-element-178ca61e elementor-widget elementor-widget-spacer\" data-id=\"178ca61e\" data-element_type=\"widget\" data-widget_type=\"spacer.default\">\n\t\t\t\t\t\t\t<div class=\"elementor-spacer\">\n\t\t\t<div class=\"elementor-spacer-inner\"><\/div>\n\t\t<\/div>\n\t\t\t\t\t\t<\/div>\n\t\t<div class=\"elementor-element elementor-element-98fbf4 e-flex e-con-boxed e-con e-child\" data-id=\"98fbf4\" data-element_type=\"container\" data-settings=\"{&quot;background_background&quot;:&quot;classic&quot;}\">\n\t\t\t\t\t<div class=\"e-con-inner\">\n\t\t\t\t<div class=\"elementor-element elementor-element-43f6da28 elementor-widget elementor-widget-heading\" data-id=\"43f6da28\" data-element_type=\"widget\" data-widget_type=\"heading.default\">\n\t\t\t\t\t<h2 class=\"elementor-heading-title elementor-size-default\">Contact:<\/h2>\t\t\t\t<\/div>\n\t\t\t\t<div class=\"elementor-element elementor-element-3517b647 elementor-widget elementor-widget-text-editor\" data-id=\"3517b647\" data-element_type=\"widget\" data-widget_type=\"text-editor.default\">\n\t\t\t\t\t\t\t\t\t<div class=\"address\"><h3>Grad<\/h3><p>Zagreb<br \/>10000<\/p><\/div><div class=\"contact\"><h3>Contact us<\/h3><p><span id=\"cloak81026\">E-mail: ivona.zelenika96@gmail.com<\/span><\/p><\/div>\t\t\t\t\t\t\t\t<\/div>\n\t\t\t\t\t<\/div>\n\t\t\t\t<\/div>\n\t\t\t\t<\/div>\n\t\t\t\t\t<\/div>\n\t\t\t\t<\/div>\n\t\t<div class=\"elementor-element elementor-element-5695eff2 e-flex e-con-boxed e-con e-parent\" data-id=\"5695eff2\" data-element_type=\"container\" data-settings=\"{&quot;background_background&quot;:&quot;classic&quot;}\">\n\t\t\t\t\t<div class=\"e-con-inner\">\n\t\t<div class=\"elementor-element elementor-element-18afa7f6 e-con-full e-flex e-con e-child\" data-id=\"18afa7f6\" data-element_type=\"container\">\n\t\t\t\t<div class=\"elementor-element elementor-element-16b93d9a elementor-widget elementor-widget-spacer\" data-id=\"16b93d9a\" data-element_type=\"widget\" data-widget_type=\"spacer.default\">\n\t\t\t\t\t\t\t<div class=\"elementor-spacer\">\n\t\t\t<div class=\"elementor-spacer-inner\"><\/div>\n\t\t<\/div>\n\t\t\t\t\t\t<\/div>\n\t\t\t\t<\/div>\n\t\t\t\t\t<\/div>\n\t\t\t\t<\/div>\n\t\t\t\t<\/div>","protected":false},"excerpt":{"rendered":"<p>Ivona Zelenika magistra socijalne pedagogije \u00a0 Informacije Iskustvo u savjetovanju\/psihoterapiji:\u00a0DA Primarna podru\u010dja rada:\u00a0klini\u010dka i zdravstvena psihologija Iskustvo u radu s LGBTIQ osobama:\u00a0DA\u00a0 Edukacija u tijeku: ge\u0161talt psihoterapijski pravac, IGW Centar Dodatne edukacije i vje\u0161tine: ACT u terapijskom radu s djecom i tinejd\u017eerima Kreativne tehnike u psihosocijalnom radu Polaznica ge\u0161talt psihoterapijskog instituta (3. godina) Kontakt: Grad &hellip;<\/p>\n<p class=\"read-more\"> <a class=\"\" href=\"https:\/\/lori.hr\/en\/ivona-zelenika\/\"> <span class=\"screen-reader-text\">Ivona Zelenika<\/span> Read More \u00bb<\/a><\/p>","protected":false},"author":1,"featured_media":0,"parent":0,"menu_order":0,"comment_status":"closed","ping_status":"closed","template":"","meta":{"_uag_custom_page_level_css":"","site-sidebar-layout":"no-sidebar","site-content-layout":"page-builder","ast-site-content-layout":"full-width-container","site-content-style":"default","site-sidebar-style":"default","ast-global-header-display":"","ast-banner-title-visibility":"","ast-main-header-display":"","ast-hfb-above-header-display":"","ast-hfb-below-header-display":"","ast-hfb-mobile-header-display":"","site-post-title":"disabled","ast-breadcrumbs-content":"","ast-featured-img":"disabled","footer-sml-layout":"","theme-transparent-header-meta":"","adv-header-id-meta":"","stick-header-meta":"","header-above-stick-meta":"","header-main-stick-meta":"","header-below-stick-meta":"","astra-migrate-meta-layouts":"set","footnotes":""},"class_list":["post-10426","page","type-page","status-publish","hentry"],"uagb_featured_image_src":{"full":false,"thumbnail":false,"medium":false,"medium_large":false,"large":false,"1536x1536":false,"2048x2048":false,"trp-custom-language-flag":false},"uagb_author_info":{"display_name":"LORI","author_link":"https:\/\/lori.hr\/en\/author\/ikenji\/"},"uagb_comment_info":0,"uagb_excerpt":"Ivona Zelenika magistra socijalne pedagogije \u00a0 Informacije Iskustvo u savjetovanju\/psihoterapiji:\u00a0DA Primarna podru\u010dja rada:\u00a0klini\u010dka i zdravstvena psihologija Iskustvo u radu s LGBTIQ osobama:\u00a0DA\u00a0 Edukacija u tijeku: ge\u0161talt psihoterapijski pravac, IGW Centar Dodatne edukacije i vje\u0161tine: ACT u terapijskom radu s djecom i tinejd\u017eerima Kreativne tehnike u psihosocijalnom radu Polaznica ge\u0161talt psihoterapijskog instituta (3. godina) Kontakt: Grad&hellip;","_links":{"self":[{"href":"https:\/\/lori.hr\/en\/wp-json\/wp\/v2\/pages\/10426","targetHints":{"allow":["GET"]}}],"collection":[{"href":"https:\/\/lori.hr\/en\/wp-json\/wp\/v2\/pages"}],"about":[{"href":"https:\/\/lori.hr\/en\/wp-json\/wp\/v2\/types\/page"}],"author":[{"embeddable":true,"href":"https:\/\/lori.hr\/en\/wp-json\/wp\/v2\/users\/1"}],"replies":[{"embeddable":true,"href":"https:\/\/lori.hr\/en\/wp-json\/wp\/v2\/comments?post=10426"}],"version-history":[{"count":4,"href":"https:\/\/lori.hr\/en\/wp-json\/wp\/v2\/pages\/10426\/revisions"}],"predecessor-version":[{"id":10430,"href":"https:\/\/lori.hr\/en\/wp-json\/wp\/v2\/pages\/10426\/revisions\/10430"}],"wp:attachment":[{"href":"https:\/\/lori.hr\/en\/wp-json\/wp\/v2\/media?parent=10426"}],"curies":[{"name":"wp","href":"https:\/\/api.w.org\/{rel}","templated":true}]}}