{"id":10644,"date":"2025-06-06T12:15:20","date_gmt":"2025-06-06T10:15:20","guid":{"rendered":"https:\/\/lori.hr\/?page_id=10644"},"modified":"2025-06-06T12:24:32","modified_gmt":"2025-06-06T10:24:32","slug":"ivana-susa","status":"publish","type":"page","link":"https:\/\/lori.hr\/en\/ivana-susa\/","title":{"rendered":"Ivana \u0160u\u0161a"},"content":{"rendered":"<div data-elementor-type=\"wp-page\" data-elementor-id=\"10644\" class=\"elementor elementor-10644\" data-elementor-post-type=\"page\">\n\t\t\t\t<div class=\"elementor-element elementor-element-b989282 navboja e-flex e-con-boxed e-con e-parent\" data-id=\"b989282\" data-element_type=\"container\" data-settings=\"{&quot;background_background&quot;:&quot;classic&quot;}\">\n\t\t\t\t\t<div class=\"e-con-inner\">\n\t\t\t\t<div class=\"elementor-element elementor-element-60be9bc0 elementor-widget elementor-widget-spacer\" data-id=\"60be9bc0\" data-element_type=\"widget\" data-widget_type=\"spacer.default\">\n\t\t\t\t\t\t\t<div class=\"elementor-spacer\">\n\t\t\t<div class=\"elementor-spacer-inner\"><\/div>\n\t\t<\/div>\n\t\t\t\t\t\t<\/div>\n\t\t\t\t\t<\/div>\n\t\t\t\t<\/div>\n\t\t<div class=\"elementor-element elementor-element-694d2b41 e-flex e-con-boxed e-con e-parent\" data-id=\"694d2b41\" data-element_type=\"container\">\n\t\t\t\t\t<div class=\"e-con-inner\">\n\t\t\t\t<div class=\"elementor-element elementor-element-6c7f6a44 elementor-widget elementor-widget-spacer\" data-id=\"6c7f6a44\" data-element_type=\"widget\" data-widget_type=\"spacer.default\">\n\t\t\t\t\t\t\t<div class=\"elementor-spacer\">\n\t\t\t<div class=\"elementor-spacer-inner\"><\/div>\n\t\t<\/div>\n\t\t\t\t\t\t<\/div>\n\t\t\t\t<div class=\"elementor-element elementor-element-36a63243 elementor-widget elementor-widget-heading\" data-id=\"36a63243\" data-element_type=\"widget\" data-widget_type=\"heading.default\">\n\t\t\t\t\t<h1 class=\"elementor-heading-title elementor-size-xl\">Ivana \u0160u\u0161a<\/h1>\t\t\t\t<\/div>\n\t\t\t\t<div class=\"elementor-element elementor-element-633baaa8 elementor-widget-divider--view-line elementor-widget elementor-widget-divider\" data-id=\"633baaa8\" data-element_type=\"widget\" data-widget_type=\"divider.default\">\n\t\t\t\t\t\t\t<div class=\"elementor-divider\">\n\t\t\t<span class=\"elementor-divider-separator\">\n\t\t\t\t\t\t<\/span>\n\t\t<\/div>\n\t\t\t\t\t\t<\/div>\n\t\t\t\t\t<\/div>\n\t\t\t\t<\/div>\n\t\t<div class=\"elementor-element elementor-element-1ddc20c3 e-flex e-con-boxed e-con e-parent\" data-id=\"1ddc20c3\" data-element_type=\"container\">\n\t\t\t\t\t<div class=\"e-con-inner\">\n\t\t<div class=\"elementor-element elementor-element-bbcf53e e-con-full e-flex e-con e-child\" data-id=\"bbcf53e\" data-element_type=\"container\">\n\t\t\t\t<div class=\"elementor-element elementor-element-41e1fff8 elementor-widget elementor-widget-text-editor\" data-id=\"41e1fff8\" data-element_type=\"widget\" data-widget_type=\"text-editor.default\">\n\t\t\t\t\t\t\t\t\t<h3 class=\"subtitle\">psihoterapeutkinja i supervizorica<\/h3><div class=\"address\">\u00a0<\/div><div class=\"contact\"><h3><span style=\"font-size: 1.5em; font-weight: bold;\">Informacije<\/span><\/h3><\/div><p>Iskustvo u savjetovanju\/psihoterapiji:\u00a0<strong>DA<\/strong><\/p><p>Primarna podru\u010dja rada: <strong>zdravstvena, organizacijska psihologija, socijalne slu\u017ebe, obrazovne ustanove<\/strong><\/p><p>Podru\u010dje rada &#8211; ostalo: <strong>intrinzi\u010dno motivirane odrasle osobe (18+)<\/strong><\/p><p>Iskustvo u radu s LGBTIQ osobama:\u00a0<strong>DA<\/strong>\u00a0<\/p><p>Zavr\u0161ena edukacija:<\/p><ul><li><p><strong>Ge\u0161talt psihoterapija, PSIHIKA, Centar za psihoterapiju, edukaciju i savjetovanje<\/strong><\/p><\/li><\/ul><p>Edukacija u tijeku:<\/p><ul><li><strong>IMAGO terapija odnosa, Centar dr Ljiljana Bastai\u0107 (u edukaciji)<\/strong><\/li><\/ul><p>Dodatne edukacije i vje\u0161tine:<\/p><ul><li><p><strong>Autogeni trening- drugi stupanj<\/strong><\/p><\/li><li><p><strong>Progresivna mi\u0161i\u0107na relaksacija<\/strong><\/p><\/li><li><p><strong><span style=\"font-size: 16px;\">KBT-uvod u KBT<\/span><\/strong><\/p><\/li><\/ul>\t\t\t\t\t\t\t\t<\/div>\n\t\t\t\t<\/div>\n\t\t<div class=\"elementor-element elementor-element-3c2c79d1 e-con-full e-flex e-con e-child\" data-id=\"3c2c79d1\" data-element_type=\"container\" data-settings=\"{&quot;background_background&quot;:&quot;classic&quot;}\">\n\t\t\t\t<div class=\"elementor-element elementor-element-60448a17 elementor-widget elementor-widget-spacer\" data-id=\"60448a17\" data-element_type=\"widget\" data-widget_type=\"spacer.default\">\n\t\t\t\t\t\t\t<div class=\"elementor-spacer\">\n\t\t\t<div class=\"elementor-spacer-inner\"><\/div>\n\t\t<\/div>\n\t\t\t\t\t\t<\/div>\n\t\t<div class=\"elementor-element elementor-element-23994a75 e-flex e-con-boxed e-con e-child\" data-id=\"23994a75\" data-element_type=\"container\" data-settings=\"{&quot;background_background&quot;:&quot;classic&quot;}\">\n\t\t\t\t\t<div class=\"e-con-inner\">\n\t\t\t\t<div class=\"elementor-element elementor-element-64100ab5 elementor-widget elementor-widget-heading\" data-id=\"64100ab5\" data-element_type=\"widget\" data-widget_type=\"heading.default\">\n\t\t\t\t\t<h2 class=\"elementor-heading-title elementor-size-default\">Contact:<\/h2>\t\t\t\t<\/div>\n\t\t\t\t<div class=\"elementor-element elementor-element-58200230 elementor-widget elementor-widget-text-editor\" data-id=\"58200230\" data-element_type=\"widget\" data-widget_type=\"text-editor.default\">\n\t\t\t\t\t\t\t\t\t<div class=\"address\"><h3>Grad<\/h3><p>Zadar<br \/>23000<\/p><\/div><div class=\"contact\"><h3>Contact us<\/h3><p><span id=\"cloak81026\">E-mail: impass.ivanasusa@gmail.com<\/span><\/p><p>Mob. <span id=\"eeb-152072-441344\"><\/span><script type=\"text\/javascript\">(function() {var ml=\"09F3%-7126\",mi=\"01748268759037\",o=\"\";for(var j=0,l=mi.length;j<l;j++) {o+=ml.charAt(mi.charCodeAt(j)-48);}document.getElementById(\"eeb-152072-441344\").innerHTML = decodeURIComponent(o);}());<\/script><noscript>*protected email*<\/noscript><\/p><\/div>\t\t\t\t\t\t\t\t<\/div>\n\t\t\t\t\t<\/div>\n\t\t\t\t<\/div>\n\t\t\t\t<\/div>\n\t\t\t\t\t<\/div>\n\t\t\t\t<\/div>\n\t\t<div class=\"elementor-element elementor-element-6b8d11e2 e-flex e-con-boxed e-con e-parent\" data-id=\"6b8d11e2\" data-element_type=\"container\" data-settings=\"{&quot;background_background&quot;:&quot;classic&quot;}\">\n\t\t\t\t\t<div class=\"e-con-inner\">\n\t\t<div class=\"elementor-element elementor-element-2f8ff440 e-con-full e-flex e-con e-child\" data-id=\"2f8ff440\" data-element_type=\"container\">\n\t\t\t\t<div class=\"elementor-element elementor-element-59d7a41c elementor-widget elementor-widget-spacer\" data-id=\"59d7a41c\" data-element_type=\"widget\" data-widget_type=\"spacer.default\">\n\t\t\t\t\t\t\t<div class=\"elementor-spacer\">\n\t\t\t<div class=\"elementor-spacer-inner\"><\/div>\n\t\t<\/div>\n\t\t\t\t\t\t<\/div>\n\t\t\t\t<\/div>\n\t\t\t\t\t<\/div>\n\t\t\t\t<\/div>\n\t\t\t\t<\/div>","protected":false},"excerpt":{"rendered":"<p>Ivana \u0160u\u0161a psihoterapeutkinja i supervizorica \u00a0 Informacije Iskustvo u savjetovanju\/psihoterapiji:\u00a0DA Primarna podru\u010dja rada: zdravstvena, organizacijska psihologija, socijalne slu\u017ebe, obrazovne ustanove Podru\u010dje rada &#8211; ostalo: intrinzi\u010dno motivirane odrasle osobe (18+) Iskustvo u radu s LGBTIQ osobama:\u00a0DA\u00a0 Zavr\u0161ena edukacija: Ge\u0161talt psihoterapija, PSIHIKA, Centar za psihoterapiju, edukaciju i savjetovanje Edukacija u tijeku: IMAGO terapija odnosa, Centar dr Ljiljana &hellip;<\/p>\n<p class=\"read-more\"> <a class=\"\" href=\"https:\/\/lori.hr\/en\/ivana-susa\/\"> <span class=\"screen-reader-text\">Ivana \u0160u\u0161a<\/span> Read More \u00bb<\/a><\/p>","protected":false},"author":1,"featured_media":0,"parent":0,"menu_order":0,"comment_status":"closed","ping_status":"closed","template":"","meta":{"_uag_custom_page_level_css":"","site-sidebar-layout":"no-sidebar","site-content-layout":"page-builder","ast-site-content-layout":"full-width-container","site-content-style":"default","site-sidebar-style":"default","ast-global-header-display":"","ast-banner-title-visibility":"","ast-main-header-display":"","ast-hfb-above-header-display":"","ast-hfb-below-header-display":"","ast-hfb-mobile-header-display":"","site-post-title":"disabled","ast-breadcrumbs-content":"","ast-featured-img":"disabled","footer-sml-layout":"","theme-transparent-header-meta":"","adv-header-id-meta":"","stick-header-meta":"","header-above-stick-meta":"","header-main-stick-meta":"","header-below-stick-meta":"","astra-migrate-meta-layouts":"set","footnotes":""},"class_list":["post-10644","page","type-page","status-publish","hentry"],"uagb_featured_image_src":{"full":false,"thumbnail":false,"medium":false,"medium_large":false,"large":false,"1536x1536":false,"2048x2048":false,"trp-custom-language-flag":false},"uagb_author_info":{"display_name":"LORI","author_link":"https:\/\/lori.hr\/en\/author\/ikenji\/"},"uagb_comment_info":0,"uagb_excerpt":"Ivana \u0160u\u0161a psihoterapeutkinja i supervizorica \u00a0 Informacije Iskustvo u savjetovanju\/psihoterapiji:\u00a0DA Primarna podru\u010dja rada: zdravstvena, organizacijska psihologija, socijalne slu\u017ebe, obrazovne ustanove Podru\u010dje rada &#8211; ostalo: intrinzi\u010dno motivirane odrasle osobe (18+) Iskustvo u radu s LGBTIQ osobama:\u00a0DA\u00a0 Zavr\u0161ena edukacija: Ge\u0161talt psihoterapija, PSIHIKA, Centar za psihoterapiju, edukaciju i savjetovanje Edukacija u tijeku: IMAGO terapija odnosa, Centar dr Ljiljana&hellip;","_links":{"self":[{"href":"https:\/\/lori.hr\/en\/wp-json\/wp\/v2\/pages\/10644","targetHints":{"allow":["GET"]}}],"collection":[{"href":"https:\/\/lori.hr\/en\/wp-json\/wp\/v2\/pages"}],"about":[{"href":"https:\/\/lori.hr\/en\/wp-json\/wp\/v2\/types\/page"}],"author":[{"embeddable":true,"href":"https:\/\/lori.hr\/en\/wp-json\/wp\/v2\/users\/1"}],"replies":[{"embeddable":true,"href":"https:\/\/lori.hr\/en\/wp-json\/wp\/v2\/comments?post=10644"}],"version-history":[{"count":7,"href":"https:\/\/lori.hr\/en\/wp-json\/wp\/v2\/pages\/10644\/revisions"}],"predecessor-version":[{"id":10656,"href":"https:\/\/lori.hr\/en\/wp-json\/wp\/v2\/pages\/10644\/revisions\/10656"}],"wp:attachment":[{"href":"https:\/\/lori.hr\/en\/wp-json\/wp\/v2\/media?parent=10644"}],"curies":[{"name":"wp","href":"https:\/\/api.w.org\/{rel}","templated":true}]}}