{"id":11021,"date":"2025-10-29T20:01:28","date_gmt":"2025-10-29T19:01:28","guid":{"rendered":"https:\/\/lori.hr\/?page_id=11021"},"modified":"2025-10-29T20:02:00","modified_gmt":"2025-10-29T19:02:00","slug":"martina-staznik","status":"publish","type":"page","link":"https:\/\/lori.hr\/en\/martina-staznik\/","title":{"rendered":"Martina Sta\u017enik"},"content":{"rendered":"<div data-elementor-type=\"wp-page\" data-elementor-id=\"11021\" class=\"elementor elementor-11021\" data-elementor-post-type=\"page\">\n\t\t\t\t<div class=\"elementor-element elementor-element-3e6a7838 navboja e-flex e-con-boxed e-con e-parent\" data-id=\"3e6a7838\" data-element_type=\"container\" data-settings=\"{&quot;background_background&quot;:&quot;classic&quot;}\">\n\t\t\t\t\t<div class=\"e-con-inner\">\n\t\t\t\t<div class=\"elementor-element elementor-element-274e291d elementor-widget elementor-widget-spacer\" data-id=\"274e291d\" data-element_type=\"widget\" data-widget_type=\"spacer.default\">\n\t\t\t\t\t\t\t<div class=\"elementor-spacer\">\n\t\t\t<div class=\"elementor-spacer-inner\"><\/div>\n\t\t<\/div>\n\t\t\t\t\t\t<\/div>\n\t\t\t\t\t<\/div>\n\t\t\t\t<\/div>\n\t\t<div class=\"elementor-element elementor-element-6b3cdeea e-flex e-con-boxed e-con e-parent\" data-id=\"6b3cdeea\" data-element_type=\"container\">\n\t\t\t\t\t<div class=\"e-con-inner\">\n\t\t\t\t<div class=\"elementor-element elementor-element-295c5f2d elementor-widget elementor-widget-spacer\" data-id=\"295c5f2d\" data-element_type=\"widget\" data-widget_type=\"spacer.default\">\n\t\t\t\t\t\t\t<div class=\"elementor-spacer\">\n\t\t\t<div class=\"elementor-spacer-inner\"><\/div>\n\t\t<\/div>\n\t\t\t\t\t\t<\/div>\n\t\t\t\t<div class=\"elementor-element elementor-element-2f69b952 elementor-widget elementor-widget-heading\" data-id=\"2f69b952\" data-element_type=\"widget\" data-widget_type=\"heading.default\">\n\t\t\t\t\t<h1 class=\"elementor-heading-title elementor-size-xl\">Martina Sta\u017enik<\/h1>\t\t\t\t<\/div>\n\t\t\t\t<div class=\"elementor-element elementor-element-3fd49197 elementor-widget-divider--view-line elementor-widget elementor-widget-divider\" data-id=\"3fd49197\" data-element_type=\"widget\" data-widget_type=\"divider.default\">\n\t\t\t\t\t\t\t<div class=\"elementor-divider\">\n\t\t\t<span class=\"elementor-divider-separator\">\n\t\t\t\t\t\t<\/span>\n\t\t<\/div>\n\t\t\t\t\t\t<\/div>\n\t\t\t\t\t<\/div>\n\t\t\t\t<\/div>\n\t\t<div class=\"elementor-element elementor-element-f1c777 e-flex e-con-boxed e-con e-parent\" data-id=\"f1c777\" data-element_type=\"container\">\n\t\t\t\t\t<div class=\"e-con-inner\">\n\t\t<div class=\"elementor-element elementor-element-6b7572f e-con-full e-flex e-con e-child\" data-id=\"6b7572f\" data-element_type=\"container\">\n\t\t\t\t<div class=\"elementor-element elementor-element-62021d73 elementor-widget elementor-widget-text-editor\" data-id=\"62021d73\" data-element_type=\"widget\" data-widget_type=\"text-editor.default\">\n\t\t\t\t\t\t\t\t\t<h3 class=\"subtitle\">mag. polit, savjetodavna terapeutkinja, ECP<\/h3><div class=\"address\">\u00a0<\/div><div class=\"contact\"><h3><span style=\"font-size: 1.5em; font-weight: bold;\">Informacije<\/span><\/h3><\/div><p>Iskustvo u savjetovanju\/psihoterapiji:\u00a0<strong>DA<\/strong><\/p><p>Primarna podru\u010dja rada: <strong>organizacijska psihologija, Individualna i Partnerska psihoterapija<\/strong><\/p><p>Iskustvo u radu s LGBTIQ osobama:\u00a0<strong>DA<\/strong>\u00a0<\/p><p>Zavr\u0161ena edukacija:<\/p><ul><li><strong>\u0160kola kibernetike i sistemske terapije, Rijeka<\/strong><\/li><\/ul><p>Edukacija u tijeku:<\/p><ul><li><strong>EMDR, Udruga EMDR Hrvatska, Rab<\/strong><\/li><\/ul><p>Dodatne edukacije i vje\u0161tine:<\/p><p><strong>Zavr\u0161ila sam edukaciju iz Sistemske psihoterapije i kibernetike (Udruga za kibernetiku psihoterapije i organizacije), EMDR terapiju, hipnoterapiju prema Miltonu H. Ericksonu, emocionalno fokusiranu terapiju (EFT) i Propedeutiku psihoterapije, te brojne dodatne edukacije i radionice iz podru\u010dja traume, coachinga i facilitacije (Points of You, Art of Hosting, Academy of Executive Coaching, Leading Circle &amp; Story).<\/strong><\/p><p><strong>Posjedujem i nastavni\u010dke kompetencije ste\u010dene kroz pedago\u0161ko-psiholo\u0161ko-didakti\u010dko-metodi\u010dku izobrazbu na Fakultetu politi\u010dkih znanosti.<\/strong><\/p><p><strong>U radu integriram sistemsku i narativnu perspektivu te iskustva iz dugogodi\u0161njeg savjetodavnog rada s pojedincima, obiteljima i organizacijama.<\/strong><\/p>\t\t\t\t\t\t\t\t<\/div>\n\t\t\t\t<\/div>\n\t\t<div class=\"elementor-element elementor-element-25db1c19 e-con-full e-flex e-con e-child\" data-id=\"25db1c19\" data-element_type=\"container\" data-settings=\"{&quot;background_background&quot;:&quot;classic&quot;}\">\n\t\t\t\t<div class=\"elementor-element elementor-element-3de7e829 elementor-widget elementor-widget-spacer\" data-id=\"3de7e829\" data-element_type=\"widget\" data-widget_type=\"spacer.default\">\n\t\t\t\t\t\t\t<div class=\"elementor-spacer\">\n\t\t\t<div class=\"elementor-spacer-inner\"><\/div>\n\t\t<\/div>\n\t\t\t\t\t\t<\/div>\n\t\t<div class=\"elementor-element elementor-element-3be53a6c e-flex e-con-boxed e-con e-child\" data-id=\"3be53a6c\" data-element_type=\"container\" data-settings=\"{&quot;background_background&quot;:&quot;classic&quot;}\">\n\t\t\t\t\t<div class=\"e-con-inner\">\n\t\t\t\t<div class=\"elementor-element elementor-element-679c49e2 elementor-widget elementor-widget-heading\" data-id=\"679c49e2\" data-element_type=\"widget\" data-widget_type=\"heading.default\">\n\t\t\t\t\t<h2 class=\"elementor-heading-title elementor-size-default\">Contact:<\/h2>\t\t\t\t<\/div>\n\t\t\t\t<div class=\"elementor-element elementor-element-545c2152 elementor-widget elementor-widget-text-editor\" data-id=\"545c2152\" data-element_type=\"widget\" data-widget_type=\"text-editor.default\">\n\t\t\t\t\t\t\t\t\t<div class=\"address\"><h3>Grad<\/h3><p>Jastrebarsko, Zagreb<br \/><br \/><span style=\"font-size: 1.5em; font-weight: bold;\">Contact us<\/span><\/p><\/div><div class=\"contact\"><p><span id=\"cloak81026\">E-mail: <a href=\"mailto:martina@vidyaconsulting.hr\">martina@vidyaconsulting.hr<\/a> <\/span><\/p><p>Mob. <span id=\"eeb-863878-13730\"><\/span><script type=\"text\/javascript\">(function() {var ml=\"1258093%\",mi=\"4507142466714310\",o=\"\";for(var j=0,l=mi.length;j<l;j++) {o+=ml.charAt(mi.charCodeAt(j)-48);}document.getElementById(\"eeb-863878-13730\").innerHTML = decodeURIComponent(o);}());<\/script><noscript>*protected email*<\/noscript><\/p><\/div>\t\t\t\t\t\t\t\t<\/div>\n\t\t\t\t\t<\/div>\n\t\t\t\t<\/div>\n\t\t\t\t<\/div>\n\t\t\t\t\t<\/div>\n\t\t\t\t<\/div>\n\t\t<div class=\"elementor-element elementor-element-563eff99 e-flex e-con-boxed e-con e-parent\" data-id=\"563eff99\" data-element_type=\"container\" data-settings=\"{&quot;background_background&quot;:&quot;classic&quot;}\">\n\t\t\t\t\t<div class=\"e-con-inner\">\n\t\t<div class=\"elementor-element elementor-element-3e9417e3 e-con-full e-flex e-con e-child\" data-id=\"3e9417e3\" data-element_type=\"container\">\n\t\t\t\t<div class=\"elementor-element elementor-element-5c238d27 elementor-widget elementor-widget-spacer\" data-id=\"5c238d27\" data-element_type=\"widget\" data-widget_type=\"spacer.default\">\n\t\t\t\t\t\t\t<div class=\"elementor-spacer\">\n\t\t\t<div class=\"elementor-spacer-inner\"><\/div>\n\t\t<\/div>\n\t\t\t\t\t\t<\/div>\n\t\t\t\t<\/div>\n\t\t\t\t\t<\/div>\n\t\t\t\t<\/div>\n\t\t\t\t<\/div>","protected":false},"excerpt":{"rendered":"<p>Martina Sta\u017enik mag. polit, savjetodavna terapeutkinja, ECP \u00a0 Informacije Iskustvo u savjetovanju\/psihoterapiji:\u00a0DA Primarna podru\u010dja rada: organizacijska psihologija, Individualna i Partnerska psihoterapija Iskustvo u radu s LGBTIQ osobama:\u00a0DA\u00a0 Zavr\u0161ena edukacija: \u0160kola kibernetike i sistemske terapije, Rijeka Edukacija u tijeku: EMDR, Udruga EMDR Hrvatska, Rab Dodatne edukacije i vje\u0161tine: Zavr\u0161ila sam edukaciju iz Sistemske psihoterapije i kibernetike &hellip;<\/p>\n<p class=\"read-more\"> <a class=\"\" href=\"https:\/\/lori.hr\/en\/martina-staznik\/\"> <span class=\"screen-reader-text\">Martina Sta\u017enik<\/span> Read More \u00bb<\/a><\/p>","protected":false},"author":1,"featured_media":0,"parent":0,"menu_order":0,"comment_status":"closed","ping_status":"closed","template":"","meta":{"_uag_custom_page_level_css":"","site-sidebar-layout":"no-sidebar","site-content-layout":"page-builder","ast-site-content-layout":"full-width-container","site-content-style":"default","site-sidebar-style":"default","ast-global-header-display":"","ast-banner-title-visibility":"","ast-main-header-display":"","ast-hfb-above-header-display":"","ast-hfb-below-header-display":"","ast-hfb-mobile-header-display":"","site-post-title":"disabled","ast-breadcrumbs-content":"","ast-featured-img":"disabled","footer-sml-layout":"","theme-transparent-header-meta":"","adv-header-id-meta":"","stick-header-meta":"","header-above-stick-meta":"","header-main-stick-meta":"","header-below-stick-meta":"","astra-migrate-meta-layouts":"set","footnotes":""},"class_list":["post-11021","page","type-page","status-publish","hentry"],"uagb_featured_image_src":{"full":false,"thumbnail":false,"medium":false,"medium_large":false,"large":false,"1536x1536":false,"2048x2048":false,"trp-custom-language-flag":false},"uagb_author_info":{"display_name":"LORI","author_link":"https:\/\/lori.hr\/en\/author\/ikenji\/"},"uagb_comment_info":0,"uagb_excerpt":"Martina Sta\u017enik mag. polit, savjetodavna terapeutkinja, ECP \u00a0 Informacije Iskustvo u savjetovanju\/psihoterapiji:\u00a0DA Primarna podru\u010dja rada: organizacijska psihologija, Individualna i Partnerska psihoterapija Iskustvo u radu s LGBTIQ osobama:\u00a0DA\u00a0 Zavr\u0161ena edukacija: \u0160kola kibernetike i sistemske terapije, Rijeka Edukacija u tijeku: EMDR, Udruga EMDR Hrvatska, Rab Dodatne edukacije i vje\u0161tine: Zavr\u0161ila sam edukaciju iz Sistemske psihoterapije i kibernetike&hellip;","_links":{"self":[{"href":"https:\/\/lori.hr\/en\/wp-json\/wp\/v2\/pages\/11021","targetHints":{"allow":["GET"]}}],"collection":[{"href":"https:\/\/lori.hr\/en\/wp-json\/wp\/v2\/pages"}],"about":[{"href":"https:\/\/lori.hr\/en\/wp-json\/wp\/v2\/types\/page"}],"author":[{"embeddable":true,"href":"https:\/\/lori.hr\/en\/wp-json\/wp\/v2\/users\/1"}],"replies":[{"embeddable":true,"href":"https:\/\/lori.hr\/en\/wp-json\/wp\/v2\/comments?post=11021"}],"version-history":[{"count":5,"href":"https:\/\/lori.hr\/en\/wp-json\/wp\/v2\/pages\/11021\/revisions"}],"predecessor-version":[{"id":11260,"href":"https:\/\/lori.hr\/en\/wp-json\/wp\/v2\/pages\/11021\/revisions\/11260"}],"wp:attachment":[{"href":"https:\/\/lori.hr\/en\/wp-json\/wp\/v2\/media?parent=11021"}],"curies":[{"name":"wp","href":"https:\/\/api.w.org\/{rel}","templated":true}]}}