{"id":11141,"date":"2025-11-21T13:40:47","date_gmt":"2025-11-21T12:40:47","guid":{"rendered":"https:\/\/lori.hr\/?page_id=11141"},"modified":"2025-11-21T20:08:42","modified_gmt":"2025-11-21T19:08:42","slug":"prijava-u-bazu-strucnih-osoba","status":"publish","type":"page","link":"https:\/\/lori.hr\/en\/prijava-u-bazu-strucnih-osoba\/","title":{"rendered":"Prijava u bazu stru\u010dnih osoba"},"content":{"rendered":"<div data-elementor-type=\"wp-page\" data-elementor-id=\"11141\" class=\"elementor elementor-11141\" data-elementor-post-type=\"page\">\n\t\t\t\t<div class=\"elementor-element elementor-element-2eb2a38 navboja e-flex e-con-boxed e-con e-parent\" data-id=\"2eb2a38\" data-element_type=\"container\" data-settings=\"{&quot;background_background&quot;:&quot;classic&quot;}\">\n\t\t\t\t\t<div class=\"e-con-inner\">\n\t\t\t\t<div class=\"elementor-element elementor-element-0dc73bb elementor-widget elementor-widget-spacer\" data-id=\"0dc73bb\" data-element_type=\"widget\" data-widget_type=\"spacer.default\">\n\t\t\t\t\t\t\t<div class=\"elementor-spacer\">\n\t\t\t<div class=\"elementor-spacer-inner\"><\/div>\n\t\t<\/div>\n\t\t\t\t\t\t<\/div>\n\t\t\t\t\t<\/div>\n\t\t\t\t<\/div>\n\t\t<div class=\"elementor-element elementor-element-25f835f e-flex e-con-boxed e-con e-parent\" data-id=\"25f835f\" data-element_type=\"container\">\n\t\t\t\t\t<div class=\"e-con-inner\">\n\t\t\t\t<div class=\"elementor-element elementor-element-e3c06c2 elementor-widget elementor-widget-spacer\" data-id=\"e3c06c2\" data-element_type=\"widget\" data-widget_type=\"spacer.default\">\n\t\t\t\t\t\t\t<div class=\"elementor-spacer\">\n\t\t\t<div class=\"elementor-spacer-inner\"><\/div>\n\t\t<\/div>\n\t\t\t\t\t\t<\/div>\n\t\t\t\t<div class=\"elementor-element elementor-element-bb6c0af elementor-widget elementor-widget-heading\" data-id=\"bb6c0af\" data-element_type=\"widget\" data-widget_type=\"heading.default\">\n\t\t\t\t\t<h1 class=\"elementor-heading-title elementor-size-default\">Kome je baza namijenjena i kako se mo\u017eete uklju\u010diti<\/h1>\t\t\t\t<\/div>\n\t\t\t\t<div class=\"elementor-element elementor-element-0220fab elementor-widget-divider--view-line elementor-widget elementor-widget-divider\" data-id=\"0220fab\" data-element_type=\"widget\" data-widget_type=\"divider.default\">\n\t\t\t\t\t\t\t<div class=\"elementor-divider\">\n\t\t\t<span class=\"elementor-divider-separator\">\n\t\t\t\t\t\t<\/span>\n\t\t<\/div>\n\t\t\t\t\t\t<\/div>\n\t\t\t\t<div class=\"elementor-element elementor-element-421549f elementor-widget elementor-widget-spacer\" data-id=\"421549f\" data-element_type=\"widget\" data-widget_type=\"spacer.default\">\n\t\t\t\t\t\t\t<div class=\"elementor-spacer\">\n\t\t\t<div class=\"elementor-spacer-inner\"><\/div>\n\t\t<\/div>\n\t\t\t\t\t\t<\/div>\n\t\t\t\t\t<\/div>\n\t\t\t\t<\/div>\n\t\t<div class=\"elementor-element elementor-element-2071754 e-grid e-con-boxed e-con e-parent\" data-id=\"2071754\" data-element_type=\"container\" data-settings=\"{&quot;background_background&quot;:&quot;classic&quot;}\">\n\t\t\t\t\t<div class=\"e-con-inner\">\n\t\t\t\t<div class=\"elementor-element elementor-element-dadf3a7 elementor-widget elementor-widget-image\" data-id=\"dadf3a7\" data-element_type=\"widget\" data-widget_type=\"image.default\">\n\t\t\t\t\t\t\t\t\t\t\t\t\t\t\t<img loading=\"lazy\" decoding=\"async\" width=\"800\" height=\"533\" src=\"https:\/\/lori.hr\/wp-content\/uploads\/2025\/11\/join-us-friendly-baza.jpg\" class=\"attachment-large size-large wp-image-11130\" alt=\"\" srcset=\"https:\/\/lori.hr\/wp-content\/uploads\/2025\/11\/join-us-friendly-baza.jpg 800w, https:\/\/lori.hr\/wp-content\/uploads\/2025\/11\/join-us-friendly-baza-300x200.jpg 300w, https:\/\/lori.hr\/wp-content\/uploads\/2025\/11\/join-us-friendly-baza-150x100.jpg 150w, https:\/\/lori.hr\/wp-content\/uploads\/2025\/11\/join-us-friendly-baza-768x512.jpg 768w, https:\/\/lori.hr\/wp-content\/uploads\/2025\/11\/join-us-friendly-baza-18x12.jpg 18w\" sizes=\"auto, (max-width: 800px) 100vw, 800px\" \/>\t\t\t\t\t\t\t\t\t\t\t\t\t\t\t<\/div>\n\t\t\t\t<div class=\"elementor-element elementor-element-36ab039 elementor-widget elementor-widget-text-editor\" data-id=\"36ab039\" data-element_type=\"widget\" data-widget_type=\"text-editor.default\">\n\t\t\t\t\t\t\t\t\t<p class=\"yiv7205864999ydp8533324bMsoNormal\">Baza je nastala iz stvarne potrebe LGBTIQ+ osoba za sigurnim i podr\u017eavaju\u0107im prostorom podr\u0161ke. Mnoge osobe iz zajednice susre\u0107u se s izazovima poput neprihva\u0107anja u obitelji i okolini, pote\u0161ko\u0107a u samoprihva\u0107anju ili straha. Diskriminacija, nasilje, manjinski stres i druga iskustva tako\u0111er mogu sna\u017eno utjecati na njihovo mentalno zdravlje.<br \/>Ova baza omogu\u0107uje LGBTIQ+ osobama brz i jednostavan pristup stru\u010dnim osobama koje su senzibilizirane, otvorene i spremne razumjeti specifi\u010dne potrebe ove populacije te po\u0161tuju autenti\u010dnost svake osobe.<\/p><p class=\"yiv7205864999ydp8533324bMsoNormal\"><strong>Ako prepoznajete va\u017enost takvog sigurnog prostora za LGBTIQ+ osobe i vjerujete da svojim pristupom mo\u017eete pru\u017eiti podr\u0161ku, bit \u0107e nam drago da postanete dio na\u0161e baze.<\/strong><\/p><p class=\"yiv7205864999ydp8533324bMsoNormal\">Prijaviti se mo\u017eete na dva na\u010dina:<\/p>\t\t\t\t\t\t\t\t<\/div>\n\t\t\t\t\t<\/div>\n\t\t\t\t<\/div>\n\t\t<div class=\"elementor-element elementor-element-8ed6bc7 e-flex e-con-boxed e-con e-parent\" data-id=\"8ed6bc7\" data-element_type=\"container\" data-settings=\"{&quot;background_background&quot;:&quot;classic&quot;}\">\n\t\t\t\t\t<div class=\"e-con-inner\">\n\t\t<div class=\"elementor-element elementor-element-fb67bfe e-con-full e-flex e-con e-child\" data-id=\"fb67bfe\" data-element_type=\"container\" data-settings=\"{&quot;background_background&quot;:&quot;classic&quot;}\">\n\t\t\t\t<div class=\"elementor-element elementor-element-ae3ab1b elementor-widget elementor-widget-heading\" data-id=\"ae3ab1b\" data-element_type=\"widget\" data-widget_type=\"heading.default\">\n\t\t\t\t\t<h3 class=\"elementor-heading-title elementor-size-default\">Putem online obrasca<\/h3>\t\t\t\t<\/div>\n\t\t\t\t<div class=\"elementor-element elementor-element-6f0a227 elementor-widget elementor-widget-text-editor\" data-id=\"6f0a227\" data-element_type=\"widget\" data-widget_type=\"text-editor.default\">\n\t\t\t\t\t\t\t\t\t<p>Za pristup obrascu potrebno je biti prijavljen u Google ra\u010dun (npr. Gmail ili druga adresa povezana s Googleom).<\/p><p>Ispunite online obrazac na poveznici:<br \/><a href=\"https:\/\/forms.gle\/8Xi34vP5pRzzsXxT6\" target=\"_blank\" rel=\"noopener\">https:\/\/forms.gle\/8Xi34vP5pRzzsXxT6<\/a><\/p>\t\t\t\t\t\t\t\t<\/div>\n\t\t\t\t<\/div>\n\t\t<div class=\"elementor-element elementor-element-72ec696 e-con-full e-flex e-con e-child\" data-id=\"72ec696\" data-element_type=\"container\">\n\t\t\t\t<div class=\"elementor-element elementor-element-a668ab7 elementor-widget elementor-widget-heading\" data-id=\"a668ab7\" data-element_type=\"widget\" data-widget_type=\"heading.default\">\n\t\t\t\t\t<h3 class=\"elementor-heading-title elementor-size-default\">Preuzimanjem obrasca u Word formatu<\/h3>\t\t\t\t<\/div>\n\t\t\t\t<div class=\"elementor-element elementor-element-650bd76 elementor-widget elementor-widget-text-editor\" data-id=\"650bd76\" data-element_type=\"widget\" data-widget_type=\"text-editor.default\">\n\t\t\t\t\t\t\t\t\t<p>Ako ne koristite Google ra\u010dun, pristupnicu mo\u017eete preuzeti u Word formatu klikom na poveznicu: <a href=\"https:\/\/lori.hr\/wp-content\/uploads\/2025\/11\/Pristupnica-mentalno-zdravlje_baza-LORI.doc\" target=\"_blank\" rel=\"noopener\">Preuzmi Word pristupnicu<\/a><\/p><p>Ispunjenu pristupnicu i tra\u017eene dokumente po\u0161aljite na adresu e-po\u0161te udruga.lori@gmail.com<\/p>\t\t\t\t\t\t\t\t<\/div>\n\t\t\t\t<\/div>\n\t\t\t\t\t<\/div>\n\t\t\t\t<\/div>\n\t\t<div class=\"elementor-element elementor-element-857c817 e-flex e-con-boxed e-con e-parent\" data-id=\"857c817\" data-element_type=\"container\">\n\t\t\t\t\t<div class=\"e-con-inner\">\n\t\t\t\t<div class=\"elementor-element elementor-element-a03f3e0 elementor-widget elementor-widget-spacer\" data-id=\"a03f3e0\" data-element_type=\"widget\" data-widget_type=\"spacer.default\">\n\t\t\t\t\t\t\t<div class=\"elementor-spacer\">\n\t\t\t<div class=\"elementor-spacer-inner\"><\/div>\n\t\t<\/div>\n\t\t\t\t\t\t<\/div>\n\t\t\t\t<div class=\"elementor-element elementor-element-2729b2a elementor-widget elementor-widget-text-editor\" data-id=\"2729b2a\" data-element_type=\"widget\" data-widget_type=\"text-editor.default\">\n\t\t\t\t\t\t\t\t\t<p>Bazu stru\u010dnih osoba u podru\u010dju mentalnog zdravlja prema \u017eupanijama mo\u017eete pogledati <a href=\"https:\/\/lori.hr\/en\/baza-strucnih-osoba\/\">here<\/a>.<\/p>\t\t\t\t\t\t\t\t<\/div>\n\t\t\t\t\t<\/div>\n\t\t\t\t<\/div>\n\t\t<div class=\"elementor-element elementor-element-3b27d9f e-flex e-con-boxed e-con e-parent\" data-id=\"3b27d9f\" data-element_type=\"container\">\n\t\t\t\t\t<div class=\"e-con-inner\">\n\t\t\t\t<div class=\"elementor-element elementor-element-fb7ef80 elementor-widget elementor-widget-spacer\" data-id=\"fb7ef80\" data-element_type=\"widget\" data-widget_type=\"spacer.default\">\n\t\t\t\t\t\t\t<div class=\"elementor-spacer\">\n\t\t\t<div class=\"elementor-spacer-inner\"><\/div>\n\t\t<\/div>\n\t\t\t\t\t\t<\/div>\n\t\t\t\t\t<\/div>\n\t\t\t\t<\/div>\n\t\t\t\t<\/div>","protected":false},"excerpt":{"rendered":"<p>Kome je baza namijenjena i kako se mo\u017eete uklju\u010diti Baza je nastala iz stvarne potrebe LGBTIQ+ osoba za sigurnim i podr\u017eavaju\u0107im prostorom podr\u0161ke. Mnoge osobe iz zajednice susre\u0107u se s izazovima poput neprihva\u0107anja u obitelji i okolini, pote\u0161ko\u0107a u samoprihva\u0107anju ili straha. Diskriminacija, nasilje, manjinski stres i druga iskustva tako\u0111er mogu sna\u017eno utjecati na njihovo &hellip;<\/p>\n<p class=\"read-more\"> <a class=\"\" href=\"https:\/\/lori.hr\/en\/prijava-u-bazu-strucnih-osoba\/\"> <span class=\"screen-reader-text\">Prijava u bazu stru\u010dnih osoba<\/span> Read More \u00bb<\/a><\/p>","protected":false},"author":1,"featured_media":11130,"parent":0,"menu_order":0,"comment_status":"closed","ping_status":"closed","template":"","meta":{"_uag_custom_page_level_css":"","site-sidebar-layout":"no-sidebar","site-content-layout":"page-builder","ast-site-content-layout":"full-width-container","site-content-style":"default","site-sidebar-style":"default","ast-global-header-display":"","ast-banner-title-visibility":"","ast-main-header-display":"","ast-hfb-above-header-display":"","ast-hfb-below-header-display":"","ast-hfb-mobile-header-display":"","site-post-title":"disabled","ast-breadcrumbs-content":"","ast-featured-img":"disabled","footer-sml-layout":"","theme-transparent-header-meta":"","adv-header-id-meta":"","stick-header-meta":"","header-above-stick-meta":"","header-main-stick-meta":"","header-below-stick-meta":"","astra-migrate-meta-layouts":"set","footnotes":""},"class_list":["post-11141","page","type-page","status-publish","has-post-thumbnail","hentry"],"uagb_featured_image_src":{"full":["https:\/\/lori.hr\/wp-content\/uploads\/2025\/11\/join-us-friendly-baza.jpg",800,533,false],"thumbnail":["https:\/\/lori.hr\/wp-content\/uploads\/2025\/11\/join-us-friendly-baza-150x100.jpg",150,100,true],"medium":["https:\/\/lori.hr\/wp-content\/uploads\/2025\/11\/join-us-friendly-baza-300x200.jpg",300,200,true],"medium_large":["https:\/\/lori.hr\/wp-content\/uploads\/2025\/11\/join-us-friendly-baza-768x512.jpg",768,512,true],"large":["https:\/\/lori.hr\/wp-content\/uploads\/2025\/11\/join-us-friendly-baza.jpg",800,533,false],"1536x1536":["https:\/\/lori.hr\/wp-content\/uploads\/2025\/11\/join-us-friendly-baza.jpg",800,533,false],"2048x2048":["https:\/\/lori.hr\/wp-content\/uploads\/2025\/11\/join-us-friendly-baza.jpg",800,533,false],"trp-custom-language-flag":["https:\/\/lori.hr\/wp-content\/uploads\/2025\/11\/join-us-friendly-baza-18x12.jpg",18,12,true]},"uagb_author_info":{"display_name":"LORI","author_link":"https:\/\/lori.hr\/en\/author\/ikenji\/"},"uagb_comment_info":0,"uagb_excerpt":"Kome je baza namijenjena i kako se mo\u017eete uklju\u010diti Baza je nastala iz stvarne potrebe LGBTIQ+ osoba za sigurnim i podr\u017eavaju\u0107im prostorom podr\u0161ke. Mnoge osobe iz zajednice susre\u0107u se s izazovima poput neprihva\u0107anja u obitelji i okolini, pote\u0161ko\u0107a u samoprihva\u0107anju ili straha. Diskriminacija, nasilje, manjinski stres i druga iskustva tako\u0111er mogu sna\u017eno utjecati na njihovo&hellip;","_links":{"self":[{"href":"https:\/\/lori.hr\/en\/wp-json\/wp\/v2\/pages\/11141","targetHints":{"allow":["GET"]}}],"collection":[{"href":"https:\/\/lori.hr\/en\/wp-json\/wp\/v2\/pages"}],"about":[{"href":"https:\/\/lori.hr\/en\/wp-json\/wp\/v2\/types\/page"}],"author":[{"embeddable":true,"href":"https:\/\/lori.hr\/en\/wp-json\/wp\/v2\/users\/1"}],"replies":[{"embeddable":true,"href":"https:\/\/lori.hr\/en\/wp-json\/wp\/v2\/comments?post=11141"}],"version-history":[{"count":12,"href":"https:\/\/lori.hr\/en\/wp-json\/wp\/v2\/pages\/11141\/revisions"}],"predecessor-version":[{"id":11189,"href":"https:\/\/lori.hr\/en\/wp-json\/wp\/v2\/pages\/11141\/revisions\/11189"}],"wp:featuredmedia":[{"embeddable":true,"href":"https:\/\/lori.hr\/en\/wp-json\/wp\/v2\/media\/11130"}],"wp:attachment":[{"href":"https:\/\/lori.hr\/en\/wp-json\/wp\/v2\/media?parent=11141"}],"curies":[{"name":"wp","href":"https:\/\/api.w.org\/{rel}","templated":true}]}}