{"id":11165,"date":"2025-12-07T11:28:33","date_gmt":"2025-12-07T10:28:33","guid":{"rendered":"https:\/\/lori.hr\/?page_id=11165"},"modified":"2025-12-07T11:28:39","modified_gmt":"2025-12-07T10:28:39","slug":"marina-marghetti","status":"publish","type":"page","link":"https:\/\/lori.hr\/en\/marina-marghetti\/","title":{"rendered":"Marina Marghetti"},"content":{"rendered":"<div data-elementor-type=\"wp-page\" data-elementor-id=\"11165\" class=\"elementor elementor-11165\" data-elementor-post-type=\"page\">\n\t\t\t\t<div class=\"elementor-element elementor-element-4e0ead98 navboja e-flex e-con-boxed e-con e-parent\" data-id=\"4e0ead98\" data-element_type=\"container\" data-settings=\"{&quot;background_background&quot;:&quot;classic&quot;}\">\n\t\t\t\t\t<div class=\"e-con-inner\">\n\t\t\t\t<div class=\"elementor-element elementor-element-5c03fdbb elementor-widget elementor-widget-spacer\" data-id=\"5c03fdbb\" data-element_type=\"widget\" data-widget_type=\"spacer.default\">\n\t\t\t\t\t\t\t<div class=\"elementor-spacer\">\n\t\t\t<div class=\"elementor-spacer-inner\"><\/div>\n\t\t<\/div>\n\t\t\t\t\t\t<\/div>\n\t\t\t\t\t<\/div>\n\t\t\t\t<\/div>\n\t\t<div class=\"elementor-element elementor-element-4746b309 e-flex e-con-boxed e-con e-parent\" data-id=\"4746b309\" data-element_type=\"container\">\n\t\t\t\t\t<div class=\"e-con-inner\">\n\t\t\t\t<div class=\"elementor-element elementor-element-2b9275d6 elementor-widget elementor-widget-spacer\" data-id=\"2b9275d6\" data-element_type=\"widget\" data-widget_type=\"spacer.default\">\n\t\t\t\t\t\t\t<div class=\"elementor-spacer\">\n\t\t\t<div class=\"elementor-spacer-inner\"><\/div>\n\t\t<\/div>\n\t\t\t\t\t\t<\/div>\n\t\t\t\t<div class=\"elementor-element elementor-element-7689f325 elementor-widget elementor-widget-heading\" data-id=\"7689f325\" data-element_type=\"widget\" data-widget_type=\"heading.default\">\n\t\t\t\t\t<h1 class=\"elementor-heading-title elementor-size-xl\">Marina Marghetti<\/h1>\t\t\t\t<\/div>\n\t\t\t\t<div class=\"elementor-element elementor-element-60780330 elementor-widget-divider--view-line elementor-widget elementor-widget-divider\" data-id=\"60780330\" data-element_type=\"widget\" data-widget_type=\"divider.default\">\n\t\t\t\t\t\t\t<div class=\"elementor-divider\">\n\t\t\t<span class=\"elementor-divider-separator\">\n\t\t\t\t\t\t<\/span>\n\t\t<\/div>\n\t\t\t\t\t\t<\/div>\n\t\t\t\t\t<\/div>\n\t\t\t\t<\/div>\n\t\t<div class=\"elementor-element elementor-element-16610354 e-flex e-con-boxed e-con e-parent\" data-id=\"16610354\" data-element_type=\"container\">\n\t\t\t\t\t<div class=\"e-con-inner\">\n\t\t<div class=\"elementor-element elementor-element-242b19f1 e-con-full e-flex e-con e-child\" data-id=\"242b19f1\" data-element_type=\"container\">\n\t\t\t\t<div class=\"elementor-element elementor-element-5a633440 elementor-widget elementor-widget-text-editor\" data-id=\"5a633440\" data-element_type=\"widget\" data-widget_type=\"text-editor.default\">\n\t\t\t\t\t\t\t\t\t<h3 class=\"subtitle\">psihoterapeutkinja<\/h3><div class=\"address\">\u00a0<\/div><div class=\"contact\"><h3><span style=\"font-size: 1.5em; font-weight: bold;\">Informacije<\/span><\/h3><\/div><p>Iskustvo u savjetovanju\/psihoterapiji:\u00a0<strong>DA<\/strong><\/p><p>Primarna podru\u010dja rada: <strong>samozaposlena sam, radim isklju\u010divo psihoterapiju (individualnu, partnersku i obiteljsko savjetovanje) i edukativne radionice<\/strong><\/p><p>Iskustvo u radu s LGBTIQ osobama:\u00a0<strong>DA<\/strong>\u00a0<\/p><p>Zavr\u0161ena edukacija:<\/p><ul><li><strong>Ge\u0161talt psihoterapija (Psihika EAPTI)<\/strong><\/li><\/ul><p>Dodatne edukacije i vje\u0161tine:<\/p><ul><li><strong>Kontinuirano se stru\u010dno usavr\u0161avam, a vje\u0161tine savjetovanja sam stjecala kroz svoju primarnu struku kao pedagoginja, a zadnje tri godine kroz psihoterapijski rad. U sklopu edukacije imala sam i modul o radu s LGBTIQ+ osobama.<\/strong><\/li><\/ul>\t\t\t\t\t\t\t\t<\/div>\n\t\t\t\t<\/div>\n\t\t<div class=\"elementor-element elementor-element-18c6098e e-con-full e-flex e-con e-child\" data-id=\"18c6098e\" data-element_type=\"container\" data-settings=\"{&quot;background_background&quot;:&quot;classic&quot;}\">\n\t\t\t\t<div class=\"elementor-element elementor-element-7b9e97a6 elementor-widget elementor-widget-spacer\" data-id=\"7b9e97a6\" data-element_type=\"widget\" data-widget_type=\"spacer.default\">\n\t\t\t\t\t\t\t<div class=\"elementor-spacer\">\n\t\t\t<div class=\"elementor-spacer-inner\"><\/div>\n\t\t<\/div>\n\t\t\t\t\t\t<\/div>\n\t\t<div class=\"elementor-element elementor-element-6bedf18f e-flex e-con-boxed e-con e-child\" data-id=\"6bedf18f\" data-element_type=\"container\" data-settings=\"{&quot;background_background&quot;:&quot;classic&quot;}\">\n\t\t\t\t\t<div class=\"e-con-inner\">\n\t\t\t\t<div class=\"elementor-element elementor-element-351e4ede elementor-widget elementor-widget-heading\" data-id=\"351e4ede\" data-element_type=\"widget\" data-widget_type=\"heading.default\">\n\t\t\t\t\t<h2 class=\"elementor-heading-title elementor-size-default\">Contact:<\/h2>\t\t\t\t<\/div>\n\t\t\t\t<div class=\"elementor-element elementor-element-72100d38 elementor-widget elementor-widget-text-editor\" data-id=\"72100d38\" data-element_type=\"widget\" data-widget_type=\"text-editor.default\">\n\t\t\t\t\t\t\t\t\t<div class=\"address\"><h3>Grad<\/h3><p>Rijeka i Malinska, Krk<br \/>51000<\/p><\/div><div class=\"contact\"><h3>Contact us<\/h3><p><span id=\"cloak81026\">E-mail: disi.psihoterapija@gmail.com<\/span><\/p><p>Tel. <span id=\"eeb-656271-609478\"><\/span><script type=\"text\/javascript\">(function() {var ml=\"670829%53\",mi=\"2576428586420131\",o=\"\";for(var j=0,l=mi.length;j<l;j++) {o+=ml.charAt(mi.charCodeAt(j)-48);}document.getElementById(\"eeb-656271-609478\").innerHTML = decodeURIComponent(o);}());<\/script><noscript>*protected email*<\/noscript><\/p><\/div>\t\t\t\t\t\t\t\t<\/div>\n\t\t\t\t\t<\/div>\n\t\t\t\t<\/div>\n\t\t\t\t<\/div>\n\t\t\t\t\t<\/div>\n\t\t\t\t<\/div>\n\t\t<div class=\"elementor-element elementor-element-29b88768 e-flex e-con-boxed e-con e-parent\" data-id=\"29b88768\" data-element_type=\"container\" data-settings=\"{&quot;background_background&quot;:&quot;classic&quot;}\">\n\t\t\t\t\t<div class=\"e-con-inner\">\n\t\t<div class=\"elementor-element elementor-element-aefc2ce e-con-full e-flex e-con e-child\" data-id=\"aefc2ce\" data-element_type=\"container\">\n\t\t\t\t<div class=\"elementor-element elementor-element-581fdd39 elementor-widget elementor-widget-spacer\" data-id=\"581fdd39\" data-element_type=\"widget\" data-widget_type=\"spacer.default\">\n\t\t\t\t\t\t\t<div class=\"elementor-spacer\">\n\t\t\t<div class=\"elementor-spacer-inner\"><\/div>\n\t\t<\/div>\n\t\t\t\t\t\t<\/div>\n\t\t\t\t<\/div>\n\t\t\t\t\t<\/div>\n\t\t\t\t<\/div>\n\t\t\t\t<\/div>","protected":false},"excerpt":{"rendered":"<p>Marina Marghetti psihoterapeutkinja \u00a0 Informacije Iskustvo u savjetovanju\/psihoterapiji:\u00a0DA Primarna podru\u010dja rada: samozaposlena sam, radim isklju\u010divo psihoterapiju (individualnu, partnersku i obiteljsko savjetovanje) i edukativne radionice Iskustvo u radu s LGBTIQ osobama:\u00a0DA\u00a0 Zavr\u0161ena edukacija: Ge\u0161talt psihoterapija (Psihika EAPTI) Dodatne edukacije i vje\u0161tine: Kontinuirano se stru\u010dno usavr\u0161avam, a vje\u0161tine savjetovanja sam stjecala kroz svoju primarnu struku kao pedagoginja, &hellip;<\/p>\n<p class=\"read-more\"> <a class=\"\" href=\"https:\/\/lori.hr\/en\/marina-marghetti\/\"> <span class=\"screen-reader-text\">Marina Marghetti<\/span> Read More \u00bb<\/a><\/p>","protected":false},"author":1,"featured_media":0,"parent":0,"menu_order":0,"comment_status":"closed","ping_status":"closed","template":"","meta":{"_uag_custom_page_level_css":"","site-sidebar-layout":"no-sidebar","site-content-layout":"page-builder","ast-site-content-layout":"full-width-container","site-content-style":"default","site-sidebar-style":"default","ast-global-header-display":"","ast-banner-title-visibility":"","ast-main-header-display":"","ast-hfb-above-header-display":"","ast-hfb-below-header-display":"","ast-hfb-mobile-header-display":"","site-post-title":"disabled","ast-breadcrumbs-content":"","ast-featured-img":"disabled","footer-sml-layout":"","theme-transparent-header-meta":"","adv-header-id-meta":"","stick-header-meta":"","header-above-stick-meta":"","header-main-stick-meta":"","header-below-stick-meta":"","astra-migrate-meta-layouts":"set","footnotes":""},"class_list":["post-11165","page","type-page","status-publish","hentry"],"uagb_featured_image_src":{"full":false,"thumbnail":false,"medium":false,"medium_large":false,"large":false,"1536x1536":false,"2048x2048":false,"trp-custom-language-flag":false},"uagb_author_info":{"display_name":"LORI","author_link":"https:\/\/lori.hr\/en\/author\/ikenji\/"},"uagb_comment_info":0,"uagb_excerpt":"Marina Marghetti psihoterapeutkinja \u00a0 Informacije Iskustvo u savjetovanju\/psihoterapiji:\u00a0DA Primarna podru\u010dja rada: samozaposlena sam, radim isklju\u010divo psihoterapiju (individualnu, partnersku i obiteljsko savjetovanje) i edukativne radionice Iskustvo u radu s LGBTIQ osobama:\u00a0DA\u00a0 Zavr\u0161ena edukacija: Ge\u0161talt psihoterapija (Psihika EAPTI) Dodatne edukacije i vje\u0161tine: Kontinuirano se stru\u010dno usavr\u0161avam, a vje\u0161tine savjetovanja sam stjecala kroz svoju primarnu struku kao pedagoginja,&hellip;","_links":{"self":[{"href":"https:\/\/lori.hr\/en\/wp-json\/wp\/v2\/pages\/11165","targetHints":{"allow":["GET"]}}],"collection":[{"href":"https:\/\/lori.hr\/en\/wp-json\/wp\/v2\/pages"}],"about":[{"href":"https:\/\/lori.hr\/en\/wp-json\/wp\/v2\/types\/page"}],"author":[{"embeddable":true,"href":"https:\/\/lori.hr\/en\/wp-json\/wp\/v2\/users\/1"}],"replies":[{"embeddable":true,"href":"https:\/\/lori.hr\/en\/wp-json\/wp\/v2\/comments?post=11165"}],"version-history":[{"count":4,"href":"https:\/\/lori.hr\/en\/wp-json\/wp\/v2\/pages\/11165\/revisions"}],"predecessor-version":[{"id":11170,"href":"https:\/\/lori.hr\/en\/wp-json\/wp\/v2\/pages\/11165\/revisions\/11170"}],"wp:attachment":[{"href":"https:\/\/lori.hr\/en\/wp-json\/wp\/v2\/media?parent=11165"}],"curies":[{"name":"wp","href":"https:\/\/api.w.org\/{rel}","templated":true}]}}