{"id":11187,"date":"2025-12-14T11:54:39","date_gmt":"2025-12-14T10:54:39","guid":{"rendered":"https:\/\/lori.hr\/?page_id=11187"},"modified":"2025-12-14T12:14:38","modified_gmt":"2025-12-14T11:14:38","slug":"privacy-policy","status":"publish","type":"page","link":"https:\/\/lori.hr\/en\/privacy-policy\/","title":{"rendered":"Privacy Policy"},"content":{"rendered":"<div data-elementor-type=\"wp-page\" data-elementor-id=\"11187\" class=\"elementor elementor-11187\" data-elementor-post-type=\"page\">\n\t\t\t\t<div class=\"elementor-element elementor-element-540b24f navboja e-flex e-con-boxed e-con e-parent\" data-id=\"540b24f\" data-element_type=\"container\" data-settings=\"{&quot;background_background&quot;:&quot;classic&quot;}\">\n\t\t\t\t\t<div class=\"e-con-inner\">\n\t\t\t\t<div class=\"elementor-element elementor-element-d691ee2 elementor-widget elementor-widget-spacer\" data-id=\"d691ee2\" data-element_type=\"widget\" data-widget_type=\"spacer.default\">\n\t\t\t\t\t\t\t<div class=\"elementor-spacer\">\n\t\t\t<div class=\"elementor-spacer-inner\"><\/div>\n\t\t<\/div>\n\t\t\t\t\t\t<\/div>\n\t\t\t\t\t<\/div>\n\t\t\t\t<\/div>\n\t\t<div class=\"elementor-element elementor-element-900dca5 e-flex e-con-boxed e-con e-parent\" data-id=\"900dca5\" data-element_type=\"container\" data-no-translation=\"\">\n\t\t\t\t\t<div class=\"e-con-inner\">\n\t\t\t\t<div class=\"elementor-element elementor-element-53960e9 elementor-widget elementor-widget-spacer\" data-id=\"53960e9\" data-element_type=\"widget\" data-widget_type=\"spacer.default\">\n\t\t\t\t\t\t\t<div class=\"elementor-spacer\">\n\t\t\t<div class=\"elementor-spacer-inner\"><\/div>\n\t\t<\/div>\n\t\t\t\t\t\t<\/div>\n\t\t\t\t<div class=\"elementor-element elementor-element-3711b7e elementor-widget elementor-widget-heading\" data-id=\"3711b7e\" data-element_type=\"widget\" data-widget_type=\"heading.default\">\n\t\t\t\t\t<h1 class=\"elementor-heading-title elementor-size-default\">Privacy Policy<\/h1>\t\t\t\t<\/div>\n\t\t\t\t<div class=\"elementor-element elementor-element-b91bb9b elementor-widget-divider--view-line elementor-widget elementor-widget-divider\" data-id=\"b91bb9b\" data-element_type=\"widget\" data-widget_type=\"divider.default\">\n\t\t\t\t\t\t\t<div class=\"elementor-divider\">\n\t\t\t<span class=\"elementor-divider-separator\">\n\t\t\t\t\t\t<\/span>\n\t\t<\/div>\n\t\t\t\t\t\t<\/div>\n\t\t\t\t<div class=\"elementor-element elementor-element-b94c406 elementor-widget elementor-widget-spacer\" data-id=\"b94c406\" data-element_type=\"widget\" data-widget_type=\"spacer.default\">\n\t\t\t\t\t\t\t<div class=\"elementor-spacer\">\n\t\t\t<div class=\"elementor-spacer-inner\"><\/div>\n\t\t<\/div>\n\t\t\t\t\t\t<\/div>\n\t\t\t\t\t<\/div>\n\t\t\t\t<\/div>\n\t\t<div class=\"elementor-element elementor-element-f74b087 privacy-policy e-flex e-con-boxed e-con e-parent\" data-id=\"f74b087\" data-element_type=\"container\" data-no-translation=\"\">\n\t\t\t\t\t<div class=\"e-con-inner\">\n\t\t\t\t<div class=\"elementor-element elementor-element-f5c47ac elementor-widget elementor-widget-heading\" data-id=\"f5c47ac\" data-element_type=\"widget\" data-widget_type=\"heading.default\">\n\t\t\t\t\t<h2 class=\"elementor-heading-title elementor-size-default\">1. General Information<\/h2>\t\t\t\t<\/div>\n\t\t\t\t<div class=\"elementor-element elementor-element-13323c0 elementor-widget elementor-widget-text-editor\" data-id=\"13323c0\" data-element_type=\"widget\" data-widget_type=\"text-editor.default\">\n\t\t\t\t\t\t\t\t\t<p data-start=\"305\" data-end=\"576\">Lesbian Organisation Rijeka \u201cLORI\u201d (hereinafter: LORI) respects the privacy of users of its website and is committed to protecting personal data in accordance with the General Data Protection Regulation (EU) 2016\/679 (GDPR) and applicable laws of the Republic of Croatia.<\/p><p data-start=\"578\" data-end=\"747\">This Privacy Policy explains which personal data we collect, for what purposes, on which legal basis, how long the data are retained, and what rights data subjects have.<\/p>\t\t\t\t\t\t\t\t<\/div>\n\t\t\t\t<div class=\"elementor-element elementor-element-f91a710 elementor-widget elementor-widget-heading\" data-id=\"f91a710\" data-element_type=\"widget\" data-widget_type=\"heading.default\">\n\t\t\t\t\t<h2 class=\"elementor-heading-title elementor-size-default\">2. Data Controller<\/h2>\t\t\t\t<\/div>\n\t\t\t\t<div class=\"elementor-element elementor-element-aaa9f95 elementor-widget elementor-widget-text-editor\" data-id=\"aaa9f95\" data-element_type=\"widget\" data-widget_type=\"text-editor.default\">\n\t\t\t\t\t\t\t\t\t<p><strong data-start=\"777\" data-end=\"786\">Name:<\/strong> Lesbian Organisation Rijeka \u201cLORI\u201d<br data-start=\"821\" data-end=\"824\" \/><strong data-start=\"824\" data-end=\"836\">Address:<\/strong> Janeza Trdine 7\/4, 51000 Rijeka, Croatia<br data-start=\"877\" data-end=\"880\" \/><strong data-start=\"880\" data-end=\"890\">Email:<\/strong> <a class=\"decorated-link cursor-pointer\" rel=\"noopener\" data-start=\"891\" data-end=\"903\">lori@lori.hr<\/a><br data-start=\"903\" data-end=\"906\" \/><strong data-start=\"906\" data-end=\"920\">Telephone:<\/strong><br data-start=\"920\" data-end=\"923\" \/>+385 51 212 186<br data-start=\"938\" data-end=\"941\" \/>+385 91 593 4133<\/p>\t\t\t\t\t\t\t\t<\/div>\n\t\t\t\t<div class=\"elementor-element elementor-element-fd3f1f1 elementor-widget elementor-widget-heading\" data-id=\"fd3f1f1\" data-element_type=\"widget\" data-widget_type=\"heading.default\">\n\t\t\t\t\t<h2 class=\"elementor-heading-title elementor-size-default\">3. Personal Data We Collect<\/h2>\t\t\t\t<\/div>\n\t\t\t\t<div class=\"elementor-element elementor-element-d84fcb1 elementor-widget elementor-widget-text-editor\" data-id=\"d84fcb1\" data-element_type=\"widget\" data-widget_type=\"text-editor.default\">\n\t\t\t\t\t\t\t\t\t<p data-start=\"1075\" data-end=\"1158\">Depending on how the website is used, LORI may collect the following personal data:<\/p><ul data-start=\"1160\" data-end=\"1329\"><li data-start=\"1160\" data-end=\"1183\"><p data-start=\"1162\" data-end=\"1183\">first and last name<\/p><\/li><li data-start=\"1184\" data-end=\"1201\"><p data-start=\"1186\" data-end=\"1201\">email address<\/p><\/li><li data-start=\"1202\" data-end=\"1247\"><p data-start=\"1204\" data-end=\"1247\">other data voluntarily provided via email<\/p><\/li><li data-start=\"1248\" data-end=\"1329\"><p data-start=\"1250\" data-end=\"1329\">technical data related to website usage (e.g. IP address, device type, browser)<\/p><\/li><\/ul><p data-start=\"1331\" data-end=\"1505\">The website also includes a <strong data-start=\"1359\" data-end=\"1383\">manual download form<\/strong>, which is used solely to collect information about the intended use of the manual and <strong data-start=\"1470\" data-end=\"1504\">does not collect personal data<\/strong>.<\/p>\t\t\t\t\t\t\t\t<\/div>\n\t\t\t\t<div class=\"elementor-element elementor-element-e5d0715 elementor-widget elementor-widget-heading\" data-id=\"e5d0715\" data-element_type=\"widget\" data-widget_type=\"heading.default\">\n\t\t\t\t\t<h2 class=\"elementor-heading-title elementor-size-default\">4. Purposes of Processing<\/h2>\t\t\t\t<\/div>\n\t\t\t\t<div class=\"elementor-element elementor-element-1569caf elementor-widget elementor-widget-text-editor\" data-id=\"1569caf\" data-element_type=\"widget\" data-widget_type=\"text-editor.default\">\n\t\t\t\t\t\t\t\t\t<p data-start=\"1542\" data-end=\"1609\">Personal data are processed exclusively for the following purposes:<\/p><ul data-start=\"1611\" data-end=\"1995\"><li data-start=\"1611\" data-end=\"1667\"><p data-start=\"1613\" data-end=\"1667\">responding to enquiries and communicating with users<\/p><\/li><li data-start=\"1668\" data-end=\"1748\"><p data-start=\"1670\" data-end=\"1748\">providing information about the organisation\u2019s work and counselling services<\/p><\/li><li data-start=\"1749\" data-end=\"1824\"><p data-start=\"1751\" data-end=\"1824\">maintaining a database of LGBT-friendly psychologists and professionals<\/p><\/li><li data-start=\"1825\" data-end=\"1894\"><p data-start=\"1827\" data-end=\"1894\">carrying out fundraising activities (donations), where applicable<\/p><\/li><li data-start=\"1895\" data-end=\"1958\"><p data-start=\"1897\" data-end=\"1958\">analysing website usage and improving website functionality<\/p><\/li><li data-start=\"1959\" data-end=\"1995\"><p data-start=\"1961\" data-end=\"1995\">complying with legal obligations<\/p><\/li><\/ul>\t\t\t\t\t\t\t\t<\/div>\n\t\t\t\t<div class=\"elementor-element elementor-element-1462d1e elementor-widget elementor-widget-heading\" data-id=\"1462d1e\" data-element_type=\"widget\" data-widget_type=\"heading.default\">\n\t\t\t\t\t<h2 class=\"elementor-heading-title elementor-size-default\">5. Google Analytics<\/h2>\t\t\t\t<\/div>\n\t\t\t\t<div class=\"elementor-element elementor-element-24cdf8d elementor-widget elementor-widget-text-editor\" data-id=\"24cdf8d\" data-element_type=\"widget\" data-widget_type=\"text-editor.default\">\n\t\t\t\t\t\t\t\t\t<p data-start=\"2026\" data-end=\"2109\">This website uses <strong data-start=\"2044\" data-end=\"2064\">Google Analytics<\/strong>, a web analytics service provided by Google.<\/p><p data-start=\"2111\" data-end=\"2401\">Google Analytics collects anonymous technical data relating to website usage, such as pages visited, duration of visits and device type. These data are used solely for statistical purposes in order to improve the website\u2019s content and functionality and are not used to identify individuals.<\/p>\t\t\t\t\t\t\t\t<\/div>\n\t\t\t\t<div class=\"elementor-element elementor-element-033eecc elementor-widget elementor-widget-heading\" data-id=\"033eecc\" data-element_type=\"widget\" data-widget_type=\"heading.default\">\n\t\t\t\t\t<h2 class=\"elementor-heading-title elementor-size-default\">6. Fundraising and Donations \u2013 Lunda Platform<\/h2>\t\t\t\t<\/div>\n\t\t\t\t<div class=\"elementor-element elementor-element-56a6528 elementor-widget elementor-widget-text-editor\" data-id=\"56a6528\" data-element_type=\"widget\" data-widget_type=\"text-editor.default\">\n\t\t\t\t\t\t\t\t\t<p data-start=\"2458\" data-end=\"2609\">For the purposes of fundraising activities and collecting donations, LORI uses the <strong data-start=\"2541\" data-end=\"2550\">Lunda<\/strong> platform, operated by <strong data-start=\"2573\" data-end=\"2598\">Estratos Digital GmbH<\/strong> (Austria).<\/p><p data-start=\"2611\" data-end=\"2652\">In the context of fundraising activities:<\/p><ul data-start=\"2653\" data-end=\"2754\"><li data-start=\"2653\" data-end=\"2691\"><p data-start=\"2655\" data-end=\"2691\"><strong data-start=\"2655\" data-end=\"2691\">LORI acts as the data controller<\/strong><\/p><\/li><li data-start=\"2692\" data-end=\"2754\"><p data-start=\"2694\" data-end=\"2754\"><strong data-start=\"2694\" data-end=\"2754\">Estratos Digital GmbH (Lunda) acts as the data processor<\/strong><\/p><\/li><\/ul><p data-start=\"2756\" data-end=\"2949\">Through fundraising tools, donor data such as first and last name, email address, donation amount, currency, payment method and technical data required to process transactions may be processed.<\/p>\t\t\t\t\t\t\t\t<\/div>\n\t\t\t\t<div class=\"elementor-element elementor-element-5fabb23 elementor-widget elementor-widget-heading\" data-id=\"5fabb23\" data-element_type=\"widget\" data-widget_type=\"heading.default\">\n\t\t\t\t\t<h3 class=\"elementor-heading-title elementor-size-default\">Service Providers Used by Lunda<\/h3>\t\t\t\t<\/div>\n\t\t\t\t<div class=\"elementor-element elementor-element-f95fc5e elementor-widget elementor-widget-text-editor\" data-id=\"f95fc5e\" data-element_type=\"widget\" data-widget_type=\"text-editor.default\">\n\t\t\t\t\t\t\t\t\t<ul><li>Estratos Digital GmbH uses Stripe Payments Europe Ltd. payment services (C\/O A&amp;L Goodbody, Ifsc, North Wall Quay Dublin 1., Dublin 1, Dublin; Privacy Policy:\u00a0<a href=\"https:\/\/stripe.com\/en-gb-hu\/privacy\" target=\"_blank\" rel=\"noreferrer noopener\" data-saferedirecturl=\"https:\/\/www.google.com\/url?q=https:\/\/stripe.com\/en-gb-hu\/privacy&amp;source=gmail&amp;ust=1765792110718000&amp;usg=AOvVaw3j9GzAktJyTQgwuFG0YLKc\">https:\/\/stripe.com\/en-<wbr \/>gb-hu\/privacy<\/a>) as a provider of stripe Connect services.<\/li><li>Estratos Digital GmbH uses Stripe Technology Europe Ltd. (The One Building 1,Lower Grand Canal Street,\u00a0Dunblin\u00a02,Ireland); Privacy Policy:\u00a0<a href=\"https:\/\/stripe.com\/en-gb-hu\/privacy\" target=\"_blank\" rel=\"noreferrer noopener\" data-saferedirecturl=\"https:\/\/www.google.com\/url?q=https:\/\/stripe.com\/en-gb-hu\/privacy&amp;source=gmail&amp;ust=1765792110718000&amp;usg=AOvVaw3j9GzAktJyTQgwuFG0YLKc\">https:\/\/stripe.com\/en-<wbr \/>gb-hu\/privacy<\/a>) as a provider of authorised payment services.\u00a0<\/li><li>Estratos Digital GmbH uses Sendgrid (that is a service provided by Twilio Ireland Limited, a company registered in the Republic of Ireland, whose registered address is 3 Dublin Landings, North Wall Quay, Dublin 1, Ireland. DPA:\u00a0<a href=\"https:\/\/www.twilio.com\/en-us\/legal\/data-protection-addendum\" target=\"_blank\" rel=\"noreferrer noopener\" data-saferedirecturl=\"https:\/\/www.google.com\/url?q=https:\/\/www.twilio.com\/en-us\/legal\/data-protection-addendum&amp;source=gmail&amp;ust=1765792110718000&amp;usg=AOvVaw1Mh2c_v78ThDELuwSCpDWh\">https:\/\/www.twilio.com\/<wbr \/>en-us\/legal\/data-protection-<wbr \/>addendum<\/a>) as a directly integrated mass email sender of Lunda for receipts and transaction related automated emails.<\/li><li>Paypal (PayPal (Europe) S.\u00e0 r.l. et Cie, S.C.A., 22-24 Boulevard Royal, L-2449 Luxembourg) as a provider of payment services.<\/li><li>Action Network (1900 L St NW, Suite 900, Washington DC 20036; Privacy Policy:\u00a0<a href=\"https:\/\/actionnetwork.org\/privacy\" target=\"_blank\" rel=\"noopener\" data-saferedirecturl=\"https:\/\/www.google.com\/url?q=https:\/\/actionnetwork.org\/privacy&amp;source=gmail&amp;ust=1765792110718000&amp;usg=AOvVaw2AMVFd_Ak40tJZlta2PbZk\">https:\/\/actionnetwork.org\/<wbr \/>privacy<\/a>) as a comprehensive CRM solution, integrated emailer, action pages platform.<\/li><\/ul>\t\t\t\t\t\t\t\t<\/div>\n\t\t\t\t<div class=\"elementor-element elementor-element-a94ee14 elementor-widget elementor-widget-heading\" data-id=\"a94ee14\" data-element_type=\"widget\" data-widget_type=\"heading.default\">\n\t\t\t\t\t<h2 class=\"elementor-heading-title elementor-size-default\">7. Database of LGBT-Friendly Psychologists and Professionals<\/h2>\t\t\t\t<\/div>\n\t\t\t\t<div class=\"elementor-element elementor-element-d28b090 elementor-widget elementor-widget-text-editor\" data-id=\"d28b090\" data-element_type=\"widget\" data-widget_type=\"text-editor.default\">\n\t\t\t\t\t\t\t\t\t<p data-start=\"4363\" data-end=\"4462\">LORI maintains a <strong data-start=\"4380\" data-end=\"4461\">Database of LGBT-friendly psychologists and other mental health professionals<\/strong>.<\/p><p data-start=\"4464\" data-end=\"4637\">Through the application form, personal data of professionals who wish to be included in the database are collected for the purpose of public publication on the LORI website.<\/p><h3 data-start=\"4639\" data-end=\"4685\">The following data are publicly available:<\/h3><ul data-start=\"4686\" data-end=\"4915\"><li data-start=\"4686\" data-end=\"4709\"><p data-start=\"4688\" data-end=\"4709\">first and last name<\/p><\/li><li data-start=\"4710\" data-end=\"4718\"><p data-start=\"4712\" data-end=\"4718\">city<\/p><\/li><li data-start=\"4719\" data-end=\"4738\"><p data-start=\"4721\" data-end=\"4738\">contact details<\/p><\/li><li data-start=\"4739\" data-end=\"4789\"><p data-start=\"4741\" data-end=\"4789\">experience in counselling and\/or psychotherapy<\/p><\/li><li data-start=\"4790\" data-end=\"4815\"><p data-start=\"4792\" data-end=\"4815\">primary field of work<\/p><\/li><li data-start=\"4816\" data-end=\"4859\"><p data-start=\"4818\" data-end=\"4859\">experience working with LGBTIQ+ persons<\/p><\/li><li data-start=\"4860\" data-end=\"4915\"><p data-start=\"4862\" data-end=\"4915\">completed education, additional training and skills<\/p><\/li><\/ul><p data-start=\"4917\" data-end=\"4937\">Other personal data:<\/p><ul data-start=\"4938\" data-end=\"5055\"><li data-start=\"4938\" data-end=\"4968\"><p data-start=\"4940\" data-end=\"4968\">are not publicly disclosed<\/p><\/li><li data-start=\"4969\" data-end=\"5006\"><p data-start=\"4971\" data-end=\"5006\">are not shared with third parties<\/p><\/li><li data-start=\"5007\" data-end=\"5055\"><p data-start=\"5009\" data-end=\"5055\">are accessible only to authorised LORI staff<\/p><\/li><\/ul><p data-start=\"5057\" data-end=\"5165\">Professionals may request modification or deletion of their data at any time by contacting <a class=\"decorated-link cursor-pointer\" rel=\"noopener\" data-start=\"5150\" data-end=\"5162\">lori@lori.hr<\/a><\/p>\t\t\t\t\t\t\t\t<\/div>\n\t\t\t\t<div class=\"elementor-element elementor-element-b794937 elementor-widget elementor-widget-heading\" data-id=\"b794937\" data-element_type=\"widget\" data-widget_type=\"heading.default\">\n\t\t\t\t\t<h2 class=\"elementor-heading-title elementor-size-default\">8. Data Retention Period<\/h2>\t\t\t\t<\/div>\n\t\t\t\t<div class=\"elementor-element elementor-element-b95c850 elementor-widget elementor-widget-text-editor\" data-id=\"b95c850\" data-element_type=\"widget\" data-widget_type=\"text-editor.default\">\n\t\t\t\t\t\t\t\t\t<p>Personal data are retained only for as long as necessary to fulfil the purpose for which they were collected, unless applicable regulations require a longer retention period.<\/p>\t\t\t\t\t\t\t\t<\/div>\n\t\t\t\t<div class=\"elementor-element elementor-element-3fb0ab4 elementor-widget elementor-widget-heading\" data-id=\"3fb0ab4\" data-element_type=\"widget\" data-widget_type=\"heading.default\">\n\t\t\t\t\t<h2 class=\"elementor-heading-title elementor-size-default\">9. Data Subject Rights<\/h2>\t\t\t\t<\/div>\n\t\t\t\t<div class=\"elementor-element elementor-element-2468f66 elementor-widget elementor-widget-text-editor\" data-id=\"2468f66\" data-element_type=\"widget\" data-widget_type=\"text-editor.default\">\n\t\t\t\t\t\t\t\t\t<p data-start=\"5410\" data-end=\"5471\">In accordance with the GDPR, data subjects have the right to:<\/p><ul data-start=\"5472\" data-end=\"5726\"><li data-start=\"5472\" data-end=\"5502\"><p data-start=\"5474\" data-end=\"5502\">access their personal data<\/p><\/li><li data-start=\"5503\" data-end=\"5561\"><p data-start=\"5505\" data-end=\"5561\">request rectification of inaccurate or incomplete data<\/p><\/li><li data-start=\"5562\" data-end=\"5598\"><p data-start=\"5564\" data-end=\"5598\">request erasure of personal data<\/p><\/li><li data-start=\"5599\" data-end=\"5636\"><p data-start=\"5601\" data-end=\"5636\">request restriction of processing<\/p><\/li><li data-start=\"5637\" data-end=\"5661\"><p data-start=\"5639\" data-end=\"5661\">object to processing<\/p><\/li><li data-start=\"5662\" data-end=\"5726\"><p data-start=\"5664\" data-end=\"5726\">lodge a complaint with a competent data protection authority<\/p><\/li><\/ul><p data-start=\"5728\" data-end=\"5792\">To exercise your rights, you may contact us at: <a class=\"decorated-link cursor-pointer\" rel=\"noopener\" data-start=\"5778\" data-end=\"5790\">lori@lori.hr<\/a><\/p>\t\t\t\t\t\t\t\t<\/div>\n\t\t\t\t<div class=\"elementor-element elementor-element-26a251d elementor-widget elementor-widget-heading\" data-id=\"26a251d\" data-element_type=\"widget\" data-widget_type=\"heading.default\">\n\t\t\t\t\t<h2 class=\"elementor-heading-title elementor-size-default\">10. Changes to This Privacy Policy<\/h2>\t\t\t\t<\/div>\n\t\t\t\t<div class=\"elementor-element elementor-element-c891fa5 elementor-widget elementor-widget-text-editor\" data-id=\"c891fa5\" data-element_type=\"widget\" data-widget_type=\"text-editor.default\">\n\t\t\t\t\t\t\t\t\t<p data-start=\"5838\" data-end=\"6046\">LORI reserves the right to amend this Privacy Policy in order to ensure compliance with legal requirements or changes in operational practices. Any updates will be published on the website in a timely manner.<\/p>\t\t\t\t\t\t\t\t<\/div>\n\t\t\t\t<div class=\"elementor-element elementor-element-19035b4 elementor-widget elementor-widget-text-editor\" data-id=\"19035b4\" data-element_type=\"widget\" data-widget_type=\"text-editor.default\">\n\t\t\t\t\t\t\t\t\t<p>Last Updated December 14, 2025<\/p>\t\t\t\t\t\t\t\t<\/div>\n\t\t\t\t\t<\/div>\n\t\t\t\t<\/div>\n\t\t\t\t<\/div>","protected":false},"excerpt":{"rendered":"<p>Politika privatnosti 1. Op\u0107e informacije Lezbijska organizacija Rijeka \u201eLORI\u201c (u daljnjem tekstu: LORI) po\u0161tuje privatnost korisnica i korisnika svoje web stranice te se obvezuje \u0161tititi osobne podatke u skladu s Op\u0107om uredbom o za\u0161titi podataka (EU) 2016\/679 (GDPR) i va\u017ee\u0107im zakonodavstvom Republike Hrvatske. Ova Politika privatnosti obja\u0161njava koje osobne podatke prikupljamo, u koju svrhu, na &hellip;<\/p>\n<p class=\"read-more\"> <a class=\"\" href=\"https:\/\/lori.hr\/en\/privacy-policy\/\"> <span class=\"screen-reader-text\">Privacy Policy<\/span> Read More \u00bb<\/a><\/p>","protected":false},"author":1,"featured_media":0,"parent":0,"menu_order":0,"comment_status":"closed","ping_status":"closed","template":"","meta":{"_uag_custom_page_level_css":"","site-sidebar-layout":"no-sidebar","site-content-layout":"page-builder","ast-site-content-layout":"full-width-container","site-content-style":"default","site-sidebar-style":"default","ast-global-header-display":"","ast-banner-title-visibility":"","ast-main-header-display":"","ast-hfb-above-header-display":"","ast-hfb-below-header-display":"","ast-hfb-mobile-header-display":"","site-post-title":"disabled","ast-breadcrumbs-content":"","ast-featured-img":"disabled","footer-sml-layout":"","theme-transparent-header-meta":"","adv-header-id-meta":"","stick-header-meta":"","header-above-stick-meta":"","header-main-stick-meta":"","header-below-stick-meta":"","astra-migrate-meta-layouts":"set","footnotes":""},"class_list":["post-11187","page","type-page","status-publish","hentry"],"uagb_featured_image_src":{"full":false,"thumbnail":false,"medium":false,"medium_large":false,"large":false,"1536x1536":false,"2048x2048":false,"trp-custom-language-flag":false},"uagb_author_info":{"display_name":"LORI","author_link":"https:\/\/lori.hr\/en\/author\/ikenji\/"},"uagb_comment_info":0,"uagb_excerpt":"Politika privatnosti 1. Op\u0107e informacije Lezbijska organizacija Rijeka \u201eLORI\u201c (u daljnjem tekstu: LORI) po\u0161tuje privatnost korisnica i korisnika svoje web stranice te se obvezuje \u0161tititi osobne podatke u skladu s Op\u0107om uredbom o za\u0161titi podataka (EU) 2016\/679 (GDPR) i va\u017ee\u0107im zakonodavstvom Republike Hrvatske. Ova Politika privatnosti obja\u0161njava koje osobne podatke prikupljamo, u koju svrhu, na&hellip;","_links":{"self":[{"href":"https:\/\/lori.hr\/en\/wp-json\/wp\/v2\/pages\/11187","targetHints":{"allow":["GET"]}}],"collection":[{"href":"https:\/\/lori.hr\/en\/wp-json\/wp\/v2\/pages"}],"about":[{"href":"https:\/\/lori.hr\/en\/wp-json\/wp\/v2\/types\/page"}],"author":[{"embeddable":true,"href":"https:\/\/lori.hr\/en\/wp-json\/wp\/v2\/users\/1"}],"replies":[{"embeddable":true,"href":"https:\/\/lori.hr\/en\/wp-json\/wp\/v2\/comments?post=11187"}],"version-history":[{"count":13,"href":"https:\/\/lori.hr\/en\/wp-json\/wp\/v2\/pages\/11187\/revisions"}],"predecessor-version":[{"id":11223,"href":"https:\/\/lori.hr\/en\/wp-json\/wp\/v2\/pages\/11187\/revisions\/11223"}],"wp:attachment":[{"href":"https:\/\/lori.hr\/en\/wp-json\/wp\/v2\/media?parent=11187"}],"curies":[{"name":"wp","href":"https:\/\/api.w.org\/{rel}","templated":true}]}}