{"id":11258,"date":"2026-01-14T11:48:36","date_gmt":"2026-01-14T10:48:36","guid":{"rendered":"https:\/\/lori.hr\/?page_id=11258"},"modified":"2026-01-14T11:48:46","modified_gmt":"2026-01-14T10:48:46","slug":"karla-tomic","status":"publish","type":"page","link":"https:\/\/lori.hr\/en\/karla-tomic\/","title":{"rendered":"Karla Tomi\u0107"},"content":{"rendered":"<div data-elementor-type=\"wp-page\" data-elementor-id=\"11258\" class=\"elementor elementor-11258\" data-elementor-post-type=\"page\">\n\t\t\t\t<div class=\"elementor-element elementor-element-b4350d7 navboja e-flex e-con-boxed e-con e-parent\" data-id=\"b4350d7\" data-element_type=\"container\" data-settings=\"{&quot;background_background&quot;:&quot;classic&quot;}\">\n\t\t\t\t\t<div class=\"e-con-inner\">\n\t\t\t\t<div class=\"elementor-element elementor-element-57998204 elementor-widget elementor-widget-spacer\" data-id=\"57998204\" data-element_type=\"widget\" data-widget_type=\"spacer.default\">\n\t\t\t\t\t\t\t<div class=\"elementor-spacer\">\n\t\t\t<div class=\"elementor-spacer-inner\"><\/div>\n\t\t<\/div>\n\t\t\t\t\t\t<\/div>\n\t\t\t\t\t<\/div>\n\t\t\t\t<\/div>\n\t\t<div class=\"elementor-element elementor-element-71b7ceed e-flex e-con-boxed e-con e-parent\" data-id=\"71b7ceed\" data-element_type=\"container\">\n\t\t\t\t\t<div class=\"e-con-inner\">\n\t\t\t\t<div class=\"elementor-element elementor-element-45a66644 elementor-widget elementor-widget-spacer\" data-id=\"45a66644\" data-element_type=\"widget\" data-widget_type=\"spacer.default\">\n\t\t\t\t\t\t\t<div class=\"elementor-spacer\">\n\t\t\t<div class=\"elementor-spacer-inner\"><\/div>\n\t\t<\/div>\n\t\t\t\t\t\t<\/div>\n\t\t\t\t<div class=\"elementor-element elementor-element-7c26db46 elementor-widget elementor-widget-heading\" data-id=\"7c26db46\" data-element_type=\"widget\" data-widget_type=\"heading.default\">\n\t\t\t\t\t<h1 class=\"elementor-heading-title elementor-size-xl\">Karla Tomi\u0107<\/h1>\t\t\t\t<\/div>\n\t\t\t\t<div class=\"elementor-element elementor-element-1a61b73c elementor-widget-divider--view-line elementor-widget elementor-widget-divider\" data-id=\"1a61b73c\" data-element_type=\"widget\" data-widget_type=\"divider.default\">\n\t\t\t\t\t\t\t<div class=\"elementor-divider\">\n\t\t\t<span class=\"elementor-divider-separator\">\n\t\t\t\t\t\t<\/span>\n\t\t<\/div>\n\t\t\t\t\t\t<\/div>\n\t\t\t\t\t<\/div>\n\t\t\t\t<\/div>\n\t\t<div class=\"elementor-element elementor-element-7a19a73c e-flex e-con-boxed e-con e-parent\" data-id=\"7a19a73c\" data-element_type=\"container\">\n\t\t\t\t\t<div class=\"e-con-inner\">\n\t\t<div class=\"elementor-element elementor-element-2f885674 e-con-full e-flex e-con e-child\" data-id=\"2f885674\" data-element_type=\"container\">\n\t\t\t\t<div class=\"elementor-element elementor-element-2c70a5cb elementor-widget elementor-widget-text-editor\" data-id=\"2c70a5cb\" data-element_type=\"widget\" data-widget_type=\"text-editor.default\">\n\t\t\t\t\t\t\t\t\t<h3 class=\"subtitle\">stru\u010dna suradnica psihologinja<\/h3><div class=\"address\">\u00a0<\/div><div class=\"contact\"><h3><span style=\"font-size: 1.5em; font-weight: bold;\">Informacije<\/span><\/h3><\/div><p>Iskustvo u savjetovanju\/psihoterapiji:\u00a0<strong>DA<\/strong><\/p><p>Primarna podru\u010dja rada: <strong>\u0161kolska i pred\u0161kolska<\/strong> <strong>psihologija i socijalne slu\u017ebe<\/strong><\/p><p>Iskustvo u radu s LGBTIQ osobama:\u00a0<strong>DA<\/strong>\u00a0<\/p><p>Edukacija u tijeku:<\/p><ul><li><strong>IGW centar &#8211; gestalt terapija<\/strong><\/li><\/ul><p>Dodatne edukacije i vje\u0161tine:<\/p><ul><li><strong>Rad s djecom i mladima \u017ertvama spolnog zlostavljanja<\/strong><\/li><\/ul>\t\t\t\t\t\t\t\t<\/div>\n\t\t\t\t<\/div>\n\t\t<div class=\"elementor-element elementor-element-269e0ba7 e-con-full e-flex e-con e-child\" data-id=\"269e0ba7\" data-element_type=\"container\" data-settings=\"{&quot;background_background&quot;:&quot;classic&quot;}\">\n\t\t\t\t<div class=\"elementor-element elementor-element-7eb2563 elementor-widget elementor-widget-spacer\" data-id=\"7eb2563\" data-element_type=\"widget\" data-widget_type=\"spacer.default\">\n\t\t\t\t\t\t\t<div class=\"elementor-spacer\">\n\t\t\t<div class=\"elementor-spacer-inner\"><\/div>\n\t\t<\/div>\n\t\t\t\t\t\t<\/div>\n\t\t<div class=\"elementor-element elementor-element-26449e76 e-flex e-con-boxed e-con e-child\" data-id=\"26449e76\" data-element_type=\"container\" data-settings=\"{&quot;background_background&quot;:&quot;classic&quot;}\">\n\t\t\t\t\t<div class=\"e-con-inner\">\n\t\t\t\t<div class=\"elementor-element elementor-element-41930d02 elementor-widget elementor-widget-heading\" data-id=\"41930d02\" data-element_type=\"widget\" data-widget_type=\"heading.default\">\n\t\t\t\t\t<h2 class=\"elementor-heading-title elementor-size-default\">Contact:<\/h2>\t\t\t\t<\/div>\n\t\t\t\t<div class=\"elementor-element elementor-element-7788baa1 elementor-widget elementor-widget-text-editor\" data-id=\"7788baa1\" data-element_type=\"widget\" data-widget_type=\"text-editor.default\">\n\t\t\t\t\t\t\t\t\t<div class=\"address\"><h3>Grad<\/h3><p>Zagreb<br \/>10000<\/p><\/div><div class=\"contact\"><h3>Contact us<\/h3><p><span id=\"cloak81026\">E-mail: karla.busic@gmail.com<br \/>Mob. <span id=\"eeb-149438-438476\"><\/span><script type=\"text\/javascript\">(function() {var ml=\"%057629\",mi=\"1630514440514523\",o=\"\";for(var j=0,l=mi.length;j<l;j++) {o+=ml.charAt(mi.charCodeAt(j)-48);}document.getElementById(\"eeb-149438-438476\").innerHTML = decodeURIComponent(o);}());<\/script><noscript>*protected email*<\/noscript><br \/><\/span><\/p><\/div>\t\t\t\t\t\t\t\t<\/div>\n\t\t\t\t\t<\/div>\n\t\t\t\t<\/div>\n\t\t\t\t<\/div>\n\t\t\t\t\t<\/div>\n\t\t\t\t<\/div>\n\t\t<div class=\"elementor-element elementor-element-213d13a2 e-flex e-con-boxed e-con e-parent\" data-id=\"213d13a2\" data-element_type=\"container\" data-settings=\"{&quot;background_background&quot;:&quot;classic&quot;}\">\n\t\t\t\t\t<div class=\"e-con-inner\">\n\t\t<div class=\"elementor-element elementor-element-767a7455 e-con-full e-flex e-con e-child\" data-id=\"767a7455\" data-element_type=\"container\">\n\t\t\t\t<div class=\"elementor-element elementor-element-58b507f elementor-widget elementor-widget-spacer\" data-id=\"58b507f\" data-element_type=\"widget\" data-widget_type=\"spacer.default\">\n\t\t\t\t\t\t\t<div class=\"elementor-spacer\">\n\t\t\t<div class=\"elementor-spacer-inner\"><\/div>\n\t\t<\/div>\n\t\t\t\t\t\t<\/div>\n\t\t\t\t<\/div>\n\t\t\t\t\t<\/div>\n\t\t\t\t<\/div>\n\t\t\t\t<\/div>","protected":false},"excerpt":{"rendered":"<p>Karla Tomi\u0107 stru\u010dna suradnica psihologinja \u00a0 Informacije Iskustvo u savjetovanju\/psihoterapiji:\u00a0DA Primarna podru\u010dja rada: \u0161kolska i pred\u0161kolska psihologija i socijalne slu\u017ebe Iskustvo u radu s LGBTIQ osobama:\u00a0DA\u00a0 Edukacija u tijeku: IGW centar &#8211; gestalt terapija Dodatne edukacije i vje\u0161tine: Rad s djecom i mladima \u017ertvama spolnog zlostavljanja Kontakt: Grad Zagreb10000 Kontakt E-mail: karla.busic@gmail.comMob.<\/p>","protected":false},"author":1,"featured_media":0,"parent":0,"menu_order":0,"comment_status":"closed","ping_status":"closed","template":"","meta":{"_uag_custom_page_level_css":"","site-sidebar-layout":"no-sidebar","site-content-layout":"page-builder","ast-site-content-layout":"full-width-container","site-content-style":"default","site-sidebar-style":"default","ast-global-header-display":"","ast-banner-title-visibility":"","ast-main-header-display":"","ast-hfb-above-header-display":"","ast-hfb-below-header-display":"","ast-hfb-mobile-header-display":"","site-post-title":"disabled","ast-breadcrumbs-content":"","ast-featured-img":"disabled","footer-sml-layout":"","theme-transparent-header-meta":"","adv-header-id-meta":"","stick-header-meta":"","header-above-stick-meta":"","header-main-stick-meta":"","header-below-stick-meta":"","astra-migrate-meta-layouts":"set","footnotes":""},"class_list":["post-11258","page","type-page","status-publish","hentry"],"uagb_featured_image_src":{"full":false,"thumbnail":false,"medium":false,"medium_large":false,"large":false,"1536x1536":false,"2048x2048":false,"trp-custom-language-flag":false},"uagb_author_info":{"display_name":"LORI","author_link":"https:\/\/lori.hr\/en\/author\/ikenji\/"},"uagb_comment_info":0,"uagb_excerpt":"Karla Tomi\u0107 stru\u010dna suradnica psihologinja \u00a0 Informacije Iskustvo u savjetovanju\/psihoterapiji:\u00a0DA Primarna podru\u010dja rada: \u0161kolska i pred\u0161kolska psihologija i socijalne slu\u017ebe Iskustvo u radu s LGBTIQ osobama:\u00a0DA\u00a0 Edukacija u tijeku: IGW centar &#8211; gestalt terapija Dodatne edukacije i vje\u0161tine: Rad s djecom i mladima \u017ertvama spolnog zlostavljanja Kontakt: Grad Zagreb10000 Kontakt E-mail: karla.busic@gmail.comMob.","_links":{"self":[{"href":"https:\/\/lori.hr\/en\/wp-json\/wp\/v2\/pages\/11258","targetHints":{"allow":["GET"]}}],"collection":[{"href":"https:\/\/lori.hr\/en\/wp-json\/wp\/v2\/pages"}],"about":[{"href":"https:\/\/lori.hr\/en\/wp-json\/wp\/v2\/types\/page"}],"author":[{"embeddable":true,"href":"https:\/\/lori.hr\/en\/wp-json\/wp\/v2\/users\/1"}],"replies":[{"embeddable":true,"href":"https:\/\/lori.hr\/en\/wp-json\/wp\/v2\/comments?post=11258"}],"version-history":[{"count":4,"href":"https:\/\/lori.hr\/en\/wp-json\/wp\/v2\/pages\/11258\/revisions"}],"predecessor-version":[{"id":11266,"href":"https:\/\/lori.hr\/en\/wp-json\/wp\/v2\/pages\/11258\/revisions\/11266"}],"wp:attachment":[{"href":"https:\/\/lori.hr\/en\/wp-json\/wp\/v2\/media?parent=11258"}],"curies":[{"name":"wp","href":"https:\/\/api.w.org\/{rel}","templated":true}]}}