{"id":11301,"date":"2026-01-29T13:22:57","date_gmt":"2026-01-29T12:22:57","guid":{"rendered":"https:\/\/lori.hr\/?page_id=11301"},"modified":"2026-03-11T10:49:20","modified_gmt":"2026-03-11T09:49:20","slug":"qnect-za-ravnopravnost-i-inkluzivnost","status":"publish","type":"page","link":"https:\/\/lori.hr\/en\/qnect-za-ravnopravnost-i-inkluzivnost\/","title":{"rendered":"Qnect: for equity and inclusion"},"content":{"rendered":"<div data-elementor-type=\"wp-page\" data-elementor-id=\"11301\" class=\"elementor elementor-11301\" data-elementor-post-type=\"page\">\n\t\t\t\t<div class=\"elementor-element elementor-element-e3aa408 e-con-full e-flex e-con e-parent\" data-id=\"e3aa408\" data-element_type=\"container\">\n\t\t\t\t<div class=\"elementor-element elementor-element-9b9d024 elementor-grid-1 elementor-posts--thumbnail-top elementor-grid-tablet-2 elementor-grid-mobile-1 elementor-widget elementor-widget-posts\" data-id=\"9b9d024\" data-element_type=\"widget\" data-settings=\"{&quot;custom_columns&quot;:&quot;1&quot;,&quot;custom_columns_tablet&quot;:&quot;2&quot;,&quot;custom_columns_mobile&quot;:&quot;1&quot;,&quot;custom_row_gap&quot;:{&quot;unit&quot;:&quot;px&quot;,&quot;size&quot;:35,&quot;sizes&quot;:[]},&quot;custom_row_gap_tablet&quot;:{&quot;unit&quot;:&quot;px&quot;,&quot;size&quot;:&quot;&quot;,&quot;sizes&quot;:[]},&quot;custom_row_gap_mobile&quot;:{&quot;unit&quot;:&quot;px&quot;,&quot;size&quot;:&quot;&quot;,&quot;sizes&quot;:[]}}\" data-widget_type=\"posts.custom\">\n\t\t\t\t<div class=\"elementor-widget-container\">\n\t\t\t\t\t      <div class=\"ecs-posts elementor-posts-container elementor-posts   elementor-grid elementor-posts--skin-custom\" data-settings=\"{&quot;current_page&quot;:1,&quot;max_num_pages&quot;:2,&quot;load_method&quot;:&quot;&quot;,&quot;widget_id&quot;:&quot;9b9d024&quot;,&quot;post_id&quot;:11301,&quot;theme_id&quot;:11301,&quot;change_url&quot;:false,&quot;reinit_js&quot;:false}\">\n      \t\t<article id=\"post-11298\" class=\"elementor-post elementor-grid-item ecs-post-loop post-11298 post type-post status-publish format-standard has-post-thumbnail hentry category-qnect\">\n\t\t\t\t<div data-elementor-type=\"loop\" data-elementor-id=\"2852\" class=\"elementor elementor-2852 post-11298 post type-post status-publish format-standard has-post-thumbnail hentry category-qnect ast-article-single\" data-elementor-post-type=\"elementor_library\">\n\t\t\t<div class=\"elementor-element elementor-element-de97702 navboja e-flex e-con-boxed e-con e-parent\" data-id=\"de97702\" data-element_type=\"container\" data-settings=\"{&quot;background_background&quot;:&quot;classic&quot;}\">\n\t\t\t\t\t<div class=\"e-con-inner\">\n\t\t\t\t\t<\/div>\n\t\t\t\t<\/div>\n\t\t\t\t<section class=\"elementor-section elementor-top-section elementor-element elementor-element-tgzfp4i elementor-section-boxed elementor-section-height-default elementor-section-height-default\" data-id=\"tgzfp4i\" data-element_type=\"section\" data-settings=\"{&quot;background_background&quot;:&quot;classic&quot;}\">\n\t\t\t\t\t\t<div class=\"elementor-container elementor-column-gap-wide\">\n\t\t\t\t\t<div class=\"elementor-column elementor-col-50 elementor-top-column elementor-element elementor-element-743a8dc\" data-id=\"743a8dc\" data-element_type=\"column\">\n\t\t\t<div class=\"elementor-widget-wrap elementor-element-populated\">\n\t\t\t\t\t\t<div class=\"elementor-element elementor-element-1adb994 elementor-widget elementor-widget-heading\" data-id=\"1adb994\" data-element_type=\"widget\" data-widget_type=\"heading.default\">\n\t\t\t\t\t<h4 class=\"elementor-heading-title elementor-size-default\">Project Info<\/h4>\t\t\t\t<\/div>\n\t\t\t\t<div class=\"elementor-element elementor-element-2eee888 elementor-widget-divider--view-line elementor-widget elementor-widget-divider\" data-id=\"2eee888\" data-element_type=\"widget\" data-widget_type=\"divider.default\">\n\t\t\t\t\t\t\t<div class=\"elementor-divider\">\n\t\t\t<span class=\"elementor-divider-separator\">\n\t\t\t\t\t\t<\/span>\n\t\t<\/div>\n\t\t\t\t\t\t<\/div>\n\t\t\t\t<div class=\"elementor-element elementor-element-63bb6ca elementor-widget elementor-widget-spacer\" data-id=\"63bb6ca\" data-element_type=\"widget\" data-widget_type=\"spacer.default\">\n\t\t\t\t\t\t\t<div class=\"elementor-spacer\">\n\t\t\t<div class=\"elementor-spacer-inner\"><\/div>\n\t\t<\/div>\n\t\t\t\t\t\t<\/div>\n\t\t\t\t<div class=\"elementor-element elementor-element-1deb56e elementor-widget elementor-widget-theme-post-featured-image elementor-widget-image\" data-id=\"1deb56e\" data-element_type=\"widget\" data-widget_type=\"theme-post-featured-image.default\">\n\t\t\t\t\t\t\t\t\t\t\t\t\t\t\t<img fetchpriority=\"high\" decoding=\"async\" width=\"1000\" height=\"667\" src=\"https:\/\/lori.hr\/wp-content\/uploads\/2026\/01\/Qnect-projekt.jpg\" class=\"attachment-large size-large wp-image-11299\" alt=\"\" srcset=\"https:\/\/lori.hr\/wp-content\/uploads\/2026\/01\/Qnect-projekt.jpg 1000w, https:\/\/lori.hr\/wp-content\/uploads\/2026\/01\/Qnect-projekt-300x200.jpg 300w, https:\/\/lori.hr\/wp-content\/uploads\/2026\/01\/Qnect-projekt-150x100.jpg 150w, https:\/\/lori.hr\/wp-content\/uploads\/2026\/01\/Qnect-projekt-768x512.jpg 768w, https:\/\/lori.hr\/wp-content\/uploads\/2026\/01\/Qnect-projekt-18x12.jpg 18w\" sizes=\"(max-width: 1000px) 100vw, 1000px\" \/>\t\t\t\t\t\t\t\t\t\t\t\t\t\t\t<\/div>\n\t\t\t\t\t<\/div>\n\t\t<\/div>\n\t\t\t\t<div class=\"elementor-column elementor-col-50 elementor-top-column elementor-element elementor-element-121b9dd\" data-id=\"121b9dd\" data-element_type=\"column\">\n\t\t\t<div class=\"elementor-widget-wrap elementor-element-populated\">\n\t\t\t\t\t\t<div class=\"elementor-element elementor-element-7d7771c elementor-widget elementor-widget-post-info\" data-id=\"7d7771c\" data-element_type=\"widget\" data-widget_type=\"post-info.default\">\n\t\t\t\t\t\t\t<ul class=\"elementor-inline-items elementor-icon-list-items elementor-post-info\">\n\t\t\t\t\t\t\t\t<li class=\"elementor-icon-list-item elementor-repeater-item-456ac92 elementor-inline-item\" itemprop=\"author\">\n\t\t\t\t\t\t<a href=\"https:\/\/lori.hr\/en\/author\/ikenji\/\">\n\t\t\t\t\t\t\t\t\t\t\t\t\t\t<span class=\"elementor-icon-list-text elementor-post-info__item elementor-post-info__item--type-author\">\n\t\t\t\t\t\t\t\t\t\tLORI\t\t\t\t\t<\/span>\n\t\t\t\t\t\t\t\t\t<\/a>\n\t\t\t\t<\/li>\n\t\t\t\t<li class=\"elementor-icon-list-item elementor-repeater-item-2bfc2c2 elementor-inline-item\" itemprop=\"datePublished\">\n\t\t\t\t\t\t<a href=\"https:\/\/lori.hr\/en\/2026\/01\/29\/\">\n\t\t\t\t\t\t\t\t\t\t\t\t\t\t<span class=\"elementor-icon-list-text elementor-post-info__item elementor-post-info__item--type-date\">\n\t\t\t\t\t\t\t\t\t\t<time>January 29, 2026<\/time>\t\t\t\t\t<\/span>\n\t\t\t\t\t\t\t\t\t<\/a>\n\t\t\t\t<\/li>\n\t\t\t\t<\/ul>\n\t\t\t\t\t\t<\/div>\n\t\t\t\t<div class=\"elementor-element elementor-element-d06221c elementor-widget elementor-widget-heading\" data-id=\"d06221c\" data-element_type=\"widget\" data-widget_type=\"heading.default\">\n\t\t\t\t\t<h1 class=\"elementor-heading-title elementor-size-default\"><a href=\"https:\/\/lori.hr\/en\/qnect-za-ravnopravnost-i-inkluzivnost-info\/\">Qnect: for equity and inclusion<\/a><\/h1>\t\t\t\t<\/div>\n\t\t\t\t<div class=\"elementor-element elementor-element-7a2db10 elementor-widget elementor-widget-spacer\" data-id=\"7a2db10\" data-element_type=\"widget\" data-widget_type=\"spacer.default\">\n\t\t\t\t\t\t\t<div class=\"elementor-spacer\">\n\t\t\t<div class=\"elementor-spacer-inner\"><\/div>\n\t\t<\/div>\n\t\t\t\t\t\t<\/div>\n\t\t\t\t<div class=\"elementor-element elementor-element-fee7fdf elementor-widget elementor-widget-text-editor\" data-id=\"fee7fdf\" data-element_type=\"widget\" data-widget_type=\"text-editor.default\">\n\t\t\t\t\t\t\t\t\tProject \u201cQnect: for equity and inclusion\u201d is conducted by Project Coordinator Lesbian Organisation Rijeka - LORI and partner organisation Legebitra from December 2025 until the end of November 2027. The project is worth 60.000 \u20ac, ensured through the financial support of European Union's Erasmus + Programme. The main objective is to strengthen capacities of partner organisations to work with LGBTIQ+ youth and support wellbeing\t\t\t\t\t\t\t\t<\/div>\n\t\t\t\t<div class=\"elementor-element elementor-element-460b6bd elementor-widget elementor-widget-spacer\" data-id=\"460b6bd\" data-element_type=\"widget\" data-widget_type=\"spacer.default\">\n\t\t\t\t\t\t\t<div class=\"elementor-spacer\">\n\t\t\t<div class=\"elementor-spacer-inner\"><\/div>\n\t\t<\/div>\n\t\t\t\t\t\t<\/div>\n\t\t\t\t<div class=\"elementor-element elementor-element-20b40df elementor-widget elementor-widget-button\" data-id=\"20b40df\" data-element_type=\"widget\" data-widget_type=\"button.default\">\n\t\t\t\t\t\t\t\t\t\t<a class=\"elementor-button elementor-button-link elementor-size-xs\" href=\"https:\/\/lori.hr\/en\/qnect-za-ravnopravnost-i-inkluzivnost-info\/\">\n\t\t\t\t\t\t<span class=\"elementor-button-content-wrapper\">\n\t\t\t\t\t\t\t\t\t<span class=\"elementor-button-text\">Read more<\/span>\n\t\t\t\t\t<\/span>\n\t\t\t\t\t<\/a>\n\t\t\t\t\t\t\t\t<\/div>\n\t\t\t\t\t<\/div>\n\t\t<\/div>\n\t\t\t\t\t<\/div>\n\t\t<\/section>\n\t\t\t\t<\/div>\n\t\t\t\t<\/article>\n\t\t\t\t<\/div>\n\t\t\t\t\t\t<\/div>\n\t\t\t\t<\/div>\n\t\t\t\t<div class=\"elementor-element elementor-element-68d9919 elementor-widget elementor-widget-spacer\" data-id=\"68d9919\" data-element_type=\"widget\" data-widget_type=\"spacer.default\">\n\t\t\t\t\t\t\t<div class=\"elementor-spacer\">\n\t\t\t<div class=\"elementor-spacer-inner\"><\/div>\n\t\t<\/div>\n\t\t\t\t\t\t<\/div>\n\t\t\t\t<\/div>\n\t\t<div class=\"elementor-element elementor-element-e785ddc e-flex e-con-boxed e-con e-parent\" data-id=\"e785ddc\" data-element_type=\"container\">\n\t\t\t\t\t<div class=\"e-con-inner\">\n\t\t\t\t<div class=\"elementor-element elementor-element-92faf33 elementor-widget elementor-widget-heading\" data-id=\"92faf33\" data-element_type=\"widget\" data-widget_type=\"heading.default\">\n\t\t\t\t\t<h4 class=\"elementor-heading-title elementor-size-default\">Other Project News<\/h4>\t\t\t\t<\/div>\n\t\t\t\t<div class=\"elementor-element elementor-element-d5ae045 elementor-widget-divider--view-line elementor-widget elementor-widget-divider\" data-id=\"d5ae045\" data-element_type=\"widget\" data-widget_type=\"divider.default\">\n\t\t\t\t\t\t\t<div class=\"elementor-divider\">\n\t\t\t<span class=\"elementor-divider-separator\">\n\t\t\t\t\t\t<\/span>\n\t\t<\/div>\n\t\t\t\t\t\t<\/div>\n\t\t\t\t\t<\/div>\n\t\t\t\t<\/div>\n\t\t<div class=\"elementor-element elementor-element-e830318 e-flex e-con-boxed e-con e-parent\" data-id=\"e830318\" data-element_type=\"container\">\n\t\t\t\t\t<div class=\"e-con-inner\">\n\t\t\t\t<div class=\"elementor-element elementor-element-a0f41ff elementor-grid-1 elementor-posts--thumbnail-top elementor-grid-tablet-2 elementor-grid-mobile-1 elementor-widget elementor-widget-posts\" data-id=\"a0f41ff\" data-element_type=\"widget\" data-settings=\"{&quot;custom_columns&quot;:&quot;1&quot;,&quot;custom_row_gap&quot;:{&quot;unit&quot;:&quot;px&quot;,&quot;size&quot;:20,&quot;sizes&quot;:[]},&quot;custom_columns_tablet&quot;:&quot;2&quot;,&quot;custom_columns_mobile&quot;:&quot;1&quot;,&quot;custom_row_gap_tablet&quot;:{&quot;unit&quot;:&quot;px&quot;,&quot;size&quot;:&quot;&quot;,&quot;sizes&quot;:[]},&quot;custom_row_gap_mobile&quot;:{&quot;unit&quot;:&quot;px&quot;,&quot;size&quot;:&quot;&quot;,&quot;sizes&quot;:[]}}\" data-widget_type=\"posts.custom\">\n\t\t\t\t<div class=\"elementor-widget-container\">\n\t\t\t\t\t      <div class=\"ecs-posts elementor-posts-container elementor-posts   elementor-grid elementor-posts--skin-custom\" data-settings=\"{&quot;current_page&quot;:1,&quot;max_num_pages&quot;:1,&quot;load_method&quot;:&quot;&quot;,&quot;widget_id&quot;:&quot;a0f41ff&quot;,&quot;post_id&quot;:11298,&quot;theme_id&quot;:11301,&quot;change_url&quot;:false,&quot;reinit_js&quot;:false}\">\n      \t\t<article id=\"post-11409\" class=\"elementor-post elementor-grid-item ecs-post-loop post-11409 post type-post status-publish format-standard has-post-thumbnail hentry category-vijesti category-qnect\">\n\t\t\t\t<div data-elementor-type=\"loop\" data-elementor-id=\"2040\" class=\"elementor elementor-2040 post-11409 post type-post status-publish format-standard has-post-thumbnail hentry category-vijesti category-qnect ast-article-single\" data-elementor-post-type=\"elementor_library\">\n\t\t\t<div class=\"elementor-element elementor-element-5c3275a e-flex e-con-boxed e-con e-parent\" data-id=\"5c3275a\" data-element_type=\"container\">\n\t\t\t\t\t<div class=\"e-con-inner\">\n\t\t<div class=\"elementor-element elementor-element-0494139 e-con-full e-flex e-con e-parent\" data-id=\"0494139\" data-element_type=\"container\">\n\t\t\t\t<div class=\"elementor-element elementor-element-d65a9ff elementor-widget elementor-widget-theme-post-featured-image elementor-widget-image\" data-id=\"d65a9ff\" data-element_type=\"widget\" data-widget_type=\"theme-post-featured-image.default\">\n\t\t\t\t\t\t\t\t\t\t\t\t\t\t\t\t<a href=\"https:\/\/lori.hr\/en\/pridruzi-se-fokus-grupi-za-lgbtiq-mlade-u-rijeci\/\">\n\t\t\t\t\t\t\t<img decoding=\"async\" width=\"768\" height=\"512\" src=\"https:\/\/lori.hr\/wp-content\/uploads\/2026\/03\/Fokusica-za-LGBTIQ-mlade-Rijeka-Qnect-768x512.jpg\" class=\"attachment-medium_large size-medium_large wp-image-11410\" alt=\"\" srcset=\"https:\/\/lori.hr\/wp-content\/uploads\/2026\/03\/Fokusica-za-LGBTIQ-mlade-Rijeka-Qnect-768x512.jpg 768w, https:\/\/lori.hr\/wp-content\/uploads\/2026\/03\/Fokusica-za-LGBTIQ-mlade-Rijeka-Qnect-300x200.jpg 300w, https:\/\/lori.hr\/wp-content\/uploads\/2026\/03\/Fokusica-za-LGBTIQ-mlade-Rijeka-Qnect-150x100.jpg 150w, https:\/\/lori.hr\/wp-content\/uploads\/2026\/03\/Fokusica-za-LGBTIQ-mlade-Rijeka-Qnect-18x12.jpg 18w, https:\/\/lori.hr\/wp-content\/uploads\/2026\/03\/Fokusica-za-LGBTIQ-mlade-Rijeka-Qnect.jpg 900w\" sizes=\"(max-width: 768px) 100vw, 768px\" \/>\t\t\t\t\t\t\t\t<\/a>\n\t\t\t\t\t\t\t\t\t\t\t\t\t\t\t<\/div>\n\t\t\t\t<\/div>\n\t\t<div class=\"elementor-element elementor-element-368f4cd e-con-full e-flex e-con e-parent\" data-id=\"368f4cd\" data-element_type=\"container\">\n\t\t\t\t<div class=\"elementor-element elementor-element-6db2fbb elementor-widget elementor-widget-text-editor\" data-id=\"6db2fbb\" data-element_type=\"widget\" data-widget_type=\"text-editor.default\">\n\t\t\t\t\t\t\t\t\t<a href=\"https:\/\/lori.hr\/en\/category\/vijesti\/\" rel=\"tag\">News<\/a>, <a href=\"https:\/\/lori.hr\/en\/category\/qnect\/\" rel=\"tag\">Qnect<\/a>\t\t\t\t\t\t\t\t<\/div>\n\t\t\t\t<div class=\"elementor-element elementor-element-d83a0f6 elementor-widget elementor-widget-heading\" data-id=\"d83a0f6\" data-element_type=\"widget\" data-widget_type=\"heading.default\">\n\t\t\t\t\t<h2 class=\"elementor-heading-title elementor-size-default\"><a href=\"https:\/\/lori.hr\/en\/pridruzi-se-fokus-grupi-za-lgbtiq-mlade-u-rijeci\/\">\ud83c\udf08 Tvoj glas je va\u017ean: Pridru\u017ei se fokus grupi za LGBTIQ+ mlade u Rijeci!<\/a><\/h2>\t\t\t\t<\/div>\n\t\t\t\t<div class=\"elementor-element elementor-element-069c166 elementor-widget elementor-widget-text-editor\" data-id=\"069c166\" data-element_type=\"widget\" data-widget_type=\"text-editor.default\">\n\t\t\t\t\t\t\t\t\tUdruga LORI poziva te da sudjeluje\u0161 u razgovoru o potrebama LGBTIQ+ mladih u na\u0161em gradu. \u017delimo \u010duti o tome kako se osje\u0107a\u0161, \u0161to fali queer zajednici, \u0161to misli\u0161 kako da zajednica bude otpornija na dana\u0161nje izazove i onome\t\t\t\t\t\t\t\t<\/div>\n\t\t\t\t<div class=\"elementor-element elementor-element-e877166 elementor-widget elementor-widget-button\" data-id=\"e877166\" data-element_type=\"widget\" data-widget_type=\"button.default\">\n\t\t\t\t\t\t\t\t\t\t<a class=\"elementor-button elementor-button-link elementor-size-xs\" href=\"https:\/\/lori.hr\/en\/pridruzi-se-fokus-grupi-za-lgbtiq-mlade-u-rijeci\/\">\n\t\t\t\t\t\t<span class=\"elementor-button-content-wrapper\">\n\t\t\t\t\t\t\t\t\t<span class=\"elementor-button-text\">Read more<\/span>\n\t\t\t\t\t<\/span>\n\t\t\t\t\t<\/a>\n\t\t\t\t\t\t\t\t<\/div>\n\t\t\t\t<\/div>\n\t\t\t\t\t<\/div>\n\t\t\t\t<\/div>\n\t\t\t\t<\/div>\n\t\t\t\t<\/article>\n\t\t\t\t<\/div>\n\t\t\t\t\t\t<\/div>\n\t\t\t\t<\/div>\n\t\t\t\t\t<\/div>\n\t\t\t\t<\/div>\n\t\t<div class=\"elementor-element elementor-element-f40e2b8 e-flex e-con-boxed e-con e-parent\" data-id=\"f40e2b8\" data-element_type=\"container\">\n\t\t\t\t\t<div class=\"e-con-inner\">\n\t\t\t\t<div class=\"elementor-element elementor-element-59ec927 elementor-widget elementor-widget-spacer\" data-id=\"59ec927\" data-element_type=\"widget\" data-widget_type=\"spacer.default\">\n\t\t\t\t\t\t\t<div class=\"elementor-spacer\">\n\t\t\t<div class=\"elementor-spacer-inner\"><\/div>\n\t\t<\/div>\n\t\t\t\t\t\t<\/div>\n\t\t\t\t\t<\/div>\n\t\t\t\t<\/div>\n\t\t\t\t<\/div>","protected":false},"excerpt":{"rendered":"<p>Other Project News<\/p>","protected":false},"author":1,"featured_media":11299,"parent":0,"menu_order":0,"comment_status":"closed","ping_status":"closed","template":"","meta":{"_uag_custom_page_level_css":"","site-sidebar-layout":"no-sidebar","site-content-layout":"page-builder","ast-site-content-layout":"full-width-container","site-content-style":"default","site-sidebar-style":"default","ast-global-header-display":"","ast-banner-title-visibility":"","ast-main-header-display":"","ast-hfb-above-header-display":"","ast-hfb-below-header-display":"","ast-hfb-mobile-header-display":"","site-post-title":"disabled","ast-breadcrumbs-content":"","ast-featured-img":"disabled","footer-sml-layout":"","theme-transparent-header-meta":"","adv-header-id-meta":"","stick-header-meta":"","header-above-stick-meta":"","header-main-stick-meta":"","header-below-stick-meta":"","astra-migrate-meta-layouts":"set","footnotes":""},"class_list":["post-11301","page","type-page","status-publish","has-post-thumbnail","hentry"],"uagb_featured_image_src":{"full":["https:\/\/lori.hr\/wp-content\/uploads\/2026\/01\/Qnect-projekt.jpg",1000,667,false],"thumbnail":["https:\/\/lori.hr\/wp-content\/uploads\/2026\/01\/Qnect-projekt-150x100.jpg",150,100,true],"medium":["https:\/\/lori.hr\/wp-content\/uploads\/2026\/01\/Qnect-projekt-300x200.jpg",300,200,true],"medium_large":["https:\/\/lori.hr\/wp-content\/uploads\/2026\/01\/Qnect-projekt-768x512.jpg",768,512,true],"large":["https:\/\/lori.hr\/wp-content\/uploads\/2026\/01\/Qnect-projekt.jpg",1000,667,false],"1536x1536":["https:\/\/lori.hr\/wp-content\/uploads\/2026\/01\/Qnect-projekt.jpg",1000,667,false],"2048x2048":["https:\/\/lori.hr\/wp-content\/uploads\/2026\/01\/Qnect-projekt.jpg",1000,667,false],"trp-custom-language-flag":["https:\/\/lori.hr\/wp-content\/uploads\/2026\/01\/Qnect-projekt-18x12.jpg",18,12,true]},"uagb_author_info":{"display_name":"LORI","author_link":"https:\/\/lori.hr\/en\/author\/ikenji\/"},"uagb_comment_info":0,"uagb_excerpt":"Ostale objave","_links":{"self":[{"href":"https:\/\/lori.hr\/en\/wp-json\/wp\/v2\/pages\/11301","targetHints":{"allow":["GET"]}}],"collection":[{"href":"https:\/\/lori.hr\/en\/wp-json\/wp\/v2\/pages"}],"about":[{"href":"https:\/\/lori.hr\/en\/wp-json\/wp\/v2\/types\/page"}],"author":[{"embeddable":true,"href":"https:\/\/lori.hr\/en\/wp-json\/wp\/v2\/users\/1"}],"replies":[{"embeddable":true,"href":"https:\/\/lori.hr\/en\/wp-json\/wp\/v2\/comments?post=11301"}],"version-history":[{"count":7,"href":"https:\/\/lori.hr\/en\/wp-json\/wp\/v2\/pages\/11301\/revisions"}],"predecessor-version":[{"id":11414,"href":"https:\/\/lori.hr\/en\/wp-json\/wp\/v2\/pages\/11301\/revisions\/11414"}],"wp:featuredmedia":[{"embeddable":true,"href":"https:\/\/lori.hr\/en\/wp-json\/wp\/v2\/media\/11299"}],"wp:attachment":[{"href":"https:\/\/lori.hr\/en\/wp-json\/wp\/v2\/media?parent=11301"}],"curies":[{"name":"wp","href":"https:\/\/api.w.org\/{rel}","templated":true}]}}