{"id":11313,"date":"2026-01-30T13:32:02","date_gmt":"2026-01-30T12:32:02","guid":{"rendered":"https:\/\/lori.hr\/?page_id=11313"},"modified":"2026-01-30T13:38:42","modified_gmt":"2026-01-30T12:38:42","slug":"jelena-posavec-smilovic","status":"publish","type":"page","link":"https:\/\/lori.hr\/en\/jelena-posavec-smilovic\/","title":{"rendered":"Jelena Posavec Smilovi\u0107"},"content":{"rendered":"<div data-elementor-type=\"wp-page\" data-elementor-id=\"11313\" class=\"elementor elementor-11313\" data-elementor-post-type=\"page\">\n\t\t\t\t<div class=\"elementor-element elementor-element-28927a5 navboja e-flex e-con-boxed e-con e-parent\" data-id=\"28927a5\" data-element_type=\"container\" data-settings=\"{&quot;background_background&quot;:&quot;classic&quot;}\">\n\t\t\t\t\t<div class=\"e-con-inner\">\n\t\t\t\t<div class=\"elementor-element elementor-element-48013039 elementor-widget elementor-widget-spacer\" data-id=\"48013039\" data-element_type=\"widget\" data-widget_type=\"spacer.default\">\n\t\t\t\t\t\t\t<div class=\"elementor-spacer\">\n\t\t\t<div class=\"elementor-spacer-inner\"><\/div>\n\t\t<\/div>\n\t\t\t\t\t\t<\/div>\n\t\t\t\t\t<\/div>\n\t\t\t\t<\/div>\n\t\t<div class=\"elementor-element elementor-element-5cd386cb e-flex e-con-boxed e-con e-parent\" data-id=\"5cd386cb\" data-element_type=\"container\">\n\t\t\t\t\t<div class=\"e-con-inner\">\n\t\t\t\t<div class=\"elementor-element elementor-element-20e9531c elementor-widget elementor-widget-spacer\" data-id=\"20e9531c\" data-element_type=\"widget\" data-widget_type=\"spacer.default\">\n\t\t\t\t\t\t\t<div class=\"elementor-spacer\">\n\t\t\t<div class=\"elementor-spacer-inner\"><\/div>\n\t\t<\/div>\n\t\t\t\t\t\t<\/div>\n\t\t\t\t<div class=\"elementor-element elementor-element-47e015f2 elementor-widget elementor-widget-heading\" data-id=\"47e015f2\" data-element_type=\"widget\" data-widget_type=\"heading.default\">\n\t\t\t\t\t<h1 class=\"elementor-heading-title elementor-size-xl\">Jelena Posavec Smilovi\u0107<\/h1>\t\t\t\t<\/div>\n\t\t\t\t<div class=\"elementor-element elementor-element-208e88f0 elementor-widget-divider--view-line elementor-widget elementor-widget-divider\" data-id=\"208e88f0\" data-element_type=\"widget\" data-widget_type=\"divider.default\">\n\t\t\t\t\t\t\t<div class=\"elementor-divider\">\n\t\t\t<span class=\"elementor-divider-separator\">\n\t\t\t\t\t\t<\/span>\n\t\t<\/div>\n\t\t\t\t\t\t<\/div>\n\t\t\t\t\t<\/div>\n\t\t\t\t<\/div>\n\t\t<div class=\"elementor-element elementor-element-329cf0f7 e-flex e-con-boxed e-con e-parent\" data-id=\"329cf0f7\" data-element_type=\"container\">\n\t\t\t\t\t<div class=\"e-con-inner\">\n\t\t<div class=\"elementor-element elementor-element-38ed2cd4 e-con-full e-flex e-con e-child\" data-id=\"38ed2cd4\" data-element_type=\"container\">\n\t\t\t\t<div class=\"elementor-element elementor-element-62f097b0 elementor-widget elementor-widget-text-editor\" data-id=\"62f097b0\" data-element_type=\"widget\" data-widget_type=\"text-editor.default\">\n\t\t\t\t\t\t\t\t\t<h3 class=\"subtitle\">Socijalna radnica<\/h3><div class=\"address\">\u00a0<\/div><div class=\"contact\"><h3><span style=\"font-size: 1.5em; font-weight: bold;\">Informacije<\/span><\/h3><\/div><p>Iskustvo u savjetovanju\/psihoterapiji:\u00a0<strong>DA<\/strong><\/p><p>Primarna podru\u010dja rada:\u00a0<strong>socijalne slu\u017ebe, obrazovna ustanova<\/strong><\/p><p>Iskustvo u radu s LGBTIQ osobama:\u00a0<strong>DA<\/strong>\u00a0<\/p><p>Edukacija u tijeku:<\/p><ul><li><strong>Integrativna ge\u0161talt psihoterapija, CITIS<\/strong><\/li><\/ul><p>Dodatne edukacije i stru\u010dna usavr\u0161avanja (Gestalt pravac):<\/p><ul><li><strong>Psihodrama \u2013 Du\u0161an Potkonjak <\/strong><\/li><li><strong>Rad s tijelom u ge\u0161talt terapiji \u2013 Jane Rijavec <\/strong><\/li><li><strong>Edukacija o telefonskom savjetovanju \u2013 Udruga Plavi Telefon (2009.\u20132010.)<\/strong><\/li><li><strong>Desetodnevni trening primjene storytelling metode u radu s osobama u migraciji<\/strong><\/li><li><strong>Edukacija iz asocijativnih karata kao projektivne metode u savjetodavnom radu<\/strong><\/li><li><strong>Zavr\u0161ena certificirana edukacija za u\u010diteljicu Zenyoge (500 sati)<\/strong><\/li><\/ul>\t\t\t\t\t\t\t\t<\/div>\n\t\t\t\t<\/div>\n\t\t<div class=\"elementor-element elementor-element-1fbd4993 e-con-full e-flex e-con e-child\" data-id=\"1fbd4993\" data-element_type=\"container\" data-settings=\"{&quot;background_background&quot;:&quot;classic&quot;}\">\n\t\t\t\t<div class=\"elementor-element elementor-element-2053cb5c elementor-widget elementor-widget-spacer\" data-id=\"2053cb5c\" data-element_type=\"widget\" data-widget_type=\"spacer.default\">\n\t\t\t\t\t\t\t<div class=\"elementor-spacer\">\n\t\t\t<div class=\"elementor-spacer-inner\"><\/div>\n\t\t<\/div>\n\t\t\t\t\t\t<\/div>\n\t\t<div class=\"elementor-element elementor-element-79c41907 e-flex e-con-boxed e-con e-child\" data-id=\"79c41907\" data-element_type=\"container\" data-settings=\"{&quot;background_background&quot;:&quot;classic&quot;}\">\n\t\t\t\t\t<div class=\"e-con-inner\">\n\t\t\t\t<div class=\"elementor-element elementor-element-392c2b2c elementor-widget elementor-widget-heading\" data-id=\"392c2b2c\" data-element_type=\"widget\" data-widget_type=\"heading.default\">\n\t\t\t\t\t<h2 class=\"elementor-heading-title elementor-size-default\">Contact:<\/h2>\t\t\t\t<\/div>\n\t\t\t\t<div class=\"elementor-element elementor-element-6acefcda elementor-widget elementor-widget-text-editor\" data-id=\"6acefcda\" data-element_type=\"widget\" data-widget_type=\"text-editor.default\">\n\t\t\t\t\t\t\t\t\t<div class=\"address\"><h3>Grad<\/h3><p>Zagreb<br \/>10000<\/p><\/div><div class=\"contact\"><h3>Contact us<\/h3><p><span id=\"cloak81026\">E-mail: studioispodpovrsine@gmail.com<\/span><\/p><\/div>\t\t\t\t\t\t\t\t<\/div>\n\t\t\t\t\t<\/div>\n\t\t\t\t<\/div>\n\t\t\t\t<\/div>\n\t\t\t\t\t<\/div>\n\t\t\t\t<\/div>\n\t\t<div class=\"elementor-element elementor-element-eeee131 e-flex e-con-boxed e-con e-parent\" data-id=\"eeee131\" data-element_type=\"container\" data-settings=\"{&quot;background_background&quot;:&quot;classic&quot;}\">\n\t\t\t\t\t<div class=\"e-con-inner\">\n\t\t<div class=\"elementor-element elementor-element-16b96508 e-con-full e-flex e-con e-child\" data-id=\"16b96508\" data-element_type=\"container\">\n\t\t\t\t<div class=\"elementor-element elementor-element-1ce75714 elementor-widget elementor-widget-spacer\" data-id=\"1ce75714\" data-element_type=\"widget\" data-widget_type=\"spacer.default\">\n\t\t\t\t\t\t\t<div class=\"elementor-spacer\">\n\t\t\t<div class=\"elementor-spacer-inner\"><\/div>\n\t\t<\/div>\n\t\t\t\t\t\t<\/div>\n\t\t\t\t<\/div>\n\t\t\t\t\t<\/div>\n\t\t\t\t<\/div>\n\t\t\t\t<\/div>","protected":false},"excerpt":{"rendered":"<p>Jelena Posavec Smilovi\u0107 Socijalna radnica \u00a0 Informacije Iskustvo u savjetovanju\/psihoterapiji:\u00a0DA Primarna podru\u010dja rada:\u00a0socijalne slu\u017ebe, obrazovna ustanova Iskustvo u radu s LGBTIQ osobama:\u00a0DA\u00a0 Edukacija u tijeku: Integrativna ge\u0161talt psihoterapija, CITIS Dodatne edukacije i stru\u010dna usavr\u0161avanja (Gestalt pravac): Psihodrama \u2013 Du\u0161an Potkonjak Rad s tijelom u ge\u0161talt terapiji \u2013 Jane Rijavec Edukacija o telefonskom savjetovanju \u2013 Udruga &hellip;<\/p>\n<p class=\"read-more\"> <a class=\"\" href=\"https:\/\/lori.hr\/en\/jelena-posavec-smilovic\/\"> <span class=\"screen-reader-text\">Jelena Posavec Smilovi\u0107<\/span> Read More \u00bb<\/a><\/p>","protected":false},"author":1,"featured_media":0,"parent":0,"menu_order":0,"comment_status":"closed","ping_status":"closed","template":"","meta":{"_uag_custom_page_level_css":"","site-sidebar-layout":"no-sidebar","site-content-layout":"page-builder","ast-site-content-layout":"full-width-container","site-content-style":"default","site-sidebar-style":"default","ast-global-header-display":"","ast-banner-title-visibility":"","ast-main-header-display":"","ast-hfb-above-header-display":"","ast-hfb-below-header-display":"","ast-hfb-mobile-header-display":"","site-post-title":"disabled","ast-breadcrumbs-content":"","ast-featured-img":"disabled","footer-sml-layout":"","theme-transparent-header-meta":"","adv-header-id-meta":"","stick-header-meta":"","header-above-stick-meta":"","header-main-stick-meta":"","header-below-stick-meta":"","astra-migrate-meta-layouts":"","footnotes":""},"class_list":["post-11313","page","type-page","status-publish","hentry"],"uagb_featured_image_src":{"full":false,"thumbnail":false,"medium":false,"medium_large":false,"large":false,"1536x1536":false,"2048x2048":false,"trp-custom-language-flag":false},"uagb_author_info":{"display_name":"LORI","author_link":"https:\/\/lori.hr\/en\/author\/ikenji\/"},"uagb_comment_info":0,"uagb_excerpt":"Jelena Posavec Smilovi\u0107 Socijalna radnica \u00a0 Informacije Iskustvo u savjetovanju\/psihoterapiji:\u00a0DA Primarna podru\u010dja rada:\u00a0socijalne slu\u017ebe, obrazovna ustanova Iskustvo u radu s LGBTIQ osobama:\u00a0DA\u00a0 Edukacija u tijeku: Integrativna ge\u0161talt psihoterapija, CITIS Dodatne edukacije i stru\u010dna usavr\u0161avanja (Gestalt pravac): Psihodrama \u2013 Du\u0161an Potkonjak Rad s tijelom u ge\u0161talt terapiji \u2013 Jane Rijavec Edukacija o telefonskom savjetovanju \u2013 Udruga&hellip;","_links":{"self":[{"href":"https:\/\/lori.hr\/en\/wp-json\/wp\/v2\/pages\/11313","targetHints":{"allow":["GET"]}}],"collection":[{"href":"https:\/\/lori.hr\/en\/wp-json\/wp\/v2\/pages"}],"about":[{"href":"https:\/\/lori.hr\/en\/wp-json\/wp\/v2\/types\/page"}],"author":[{"embeddable":true,"href":"https:\/\/lori.hr\/en\/wp-json\/wp\/v2\/users\/1"}],"replies":[{"embeddable":true,"href":"https:\/\/lori.hr\/en\/wp-json\/wp\/v2\/comments?post=11313"}],"version-history":[{"count":3,"href":"https:\/\/lori.hr\/en\/wp-json\/wp\/v2\/pages\/11313\/revisions"}],"predecessor-version":[{"id":11316,"href":"https:\/\/lori.hr\/en\/wp-json\/wp\/v2\/pages\/11313\/revisions\/11316"}],"wp:attachment":[{"href":"https:\/\/lori.hr\/en\/wp-json\/wp\/v2\/media?parent=11313"}],"curies":[{"name":"wp","href":"https:\/\/api.w.org\/{rel}","templated":true}]}}