{"id":11345,"date":"2026-02-01T11:13:28","date_gmt":"2026-02-01T10:13:28","guid":{"rendered":"https:\/\/lori.hr\/?page_id=11345"},"modified":"2026-02-01T11:21:20","modified_gmt":"2026-02-01T10:21:20","slug":"idahobit2020-kampanja-vaznost-edukacije-o-lgbtiq-temama-u-skolama","status":"publish","type":"page","link":"https:\/\/lori.hr\/en\/idahobit2020-kampanja-vaznost-edukacije-o-lgbtiq-temama-u-skolama\/","title":{"rendered":"IDAHOBIT2020 campaign: the importance of education on LGBTIQ topics in schools"},"content":{"rendered":"<div data-elementor-type=\"wp-page\" data-elementor-id=\"11345\" class=\"elementor elementor-11345\" data-elementor-post-type=\"page\">\n\t\t\t\t<div class=\"elementor-element elementor-element-381c0e3 navboja e-flex e-con-boxed e-con e-parent\" data-id=\"381c0e3\" data-element_type=\"container\" data-settings=\"{&quot;background_background&quot;:&quot;classic&quot;}\">\n\t\t\t\t\t<div class=\"e-con-inner\">\n\t\t\t\t<div class=\"elementor-element elementor-element-8302811 elementor-widget elementor-widget-spacer\" data-id=\"8302811\" data-element_type=\"widget\" data-widget_type=\"spacer.default\">\n\t\t\t\t\t\t\t<div class=\"elementor-spacer\">\n\t\t\t<div class=\"elementor-spacer-inner\"><\/div>\n\t\t<\/div>\n\t\t\t\t\t\t<\/div>\n\t\t\t\t\t<\/div>\n\t\t\t\t<\/div>\n\t\t<div class=\"elementor-element elementor-element-488de10 e-flex e-con-boxed e-con e-parent\" data-id=\"488de10\" data-element_type=\"container\">\n\t\t\t\t\t<div class=\"e-con-inner\">\n\t\t\t\t<div class=\"elementor-element elementor-element-e74ba42 elementor-widget elementor-widget-spacer\" data-id=\"e74ba42\" data-element_type=\"widget\" data-widget_type=\"spacer.default\">\n\t\t\t\t\t\t\t<div class=\"elementor-spacer\">\n\t\t\t<div class=\"elementor-spacer-inner\"><\/div>\n\t\t<\/div>\n\t\t\t\t\t\t<\/div>\n\t\t\t\t<div class=\"elementor-element elementor-element-a5d215e elementor-widget elementor-widget-heading\" data-id=\"a5d215e\" data-element_type=\"widget\" data-widget_type=\"heading.default\">\n\t\t\t\t\t<h1 class=\"elementor-heading-title elementor-size-default\">IDAHOBIT2020 campaign: the importance of education on LGBTIQ topics in schools<\/h1>\t\t\t\t<\/div>\n\t\t\t\t<div class=\"elementor-element elementor-element-b9fbf41 elementor-widget-divider--view-line elementor-widget elementor-widget-divider\" data-id=\"b9fbf41\" data-element_type=\"widget\" data-widget_type=\"divider.default\">\n\t\t\t\t\t\t\t<div class=\"elementor-divider\">\n\t\t\t<span class=\"elementor-divider-separator\">\n\t\t\t\t\t\t<\/span>\n\t\t<\/div>\n\t\t\t\t\t\t<\/div>\n\t\t\t\t<div class=\"elementor-element elementor-element-601f008 elementor-widget elementor-widget-spacer\" data-id=\"601f008\" data-element_type=\"widget\" data-widget_type=\"spacer.default\">\n\t\t\t\t\t\t\t<div class=\"elementor-spacer\">\n\t\t\t<div class=\"elementor-spacer-inner\"><\/div>\n\t\t<\/div>\n\t\t\t\t\t\t<\/div>\n\t\t\t\t\t<\/div>\n\t\t\t\t<\/div>\n\t\t<div class=\"elementor-element elementor-element-126b339 e-flex e-con-boxed e-con e-parent\" data-id=\"126b339\" data-element_type=\"container\">\n\t\t\t\t\t<div class=\"e-con-inner\">\n\t\t<div class=\"elementor-element elementor-element-6f4b5ff e-flex e-con-boxed e-con e-child\" data-id=\"6f4b5ff\" data-element_type=\"container\">\n\t\t\t\t\t<div class=\"e-con-inner\">\n\t\t<div class=\"elementor-element elementor-element-37158bc e-con-full e-flex e-con e-child\" data-id=\"37158bc\" data-element_type=\"container\">\n\t\t\t\t<div class=\"elementor-element elementor-element-ab2250d elementor-widget elementor-widget-image\" data-id=\"ab2250d\" data-element_type=\"widget\" data-widget_type=\"image.default\">\n\t\t\t\t\t\t\t\t\t\t\t\t\t\t\t<img loading=\"lazy\" decoding=\"async\" width=\"900\" height=\"599\" src=\"https:\/\/lori.hr\/wp-content\/uploads\/2023\/12\/Sigurnost-skola.jpg\" class=\"attachment-large size-large wp-image-9398\" alt=\"\" srcset=\"https:\/\/lori.hr\/wp-content\/uploads\/2023\/12\/Sigurnost-skola.jpg 900w, https:\/\/lori.hr\/wp-content\/uploads\/2023\/12\/Sigurnost-skola-300x200.jpg 300w, https:\/\/lori.hr\/wp-content\/uploads\/2023\/12\/Sigurnost-skola-150x100.jpg 150w, https:\/\/lori.hr\/wp-content\/uploads\/2023\/12\/Sigurnost-skola-768x511.jpg 768w, https:\/\/lori.hr\/wp-content\/uploads\/2023\/12\/Sigurnost-skola-18x12.jpg 18w\" sizes=\"auto, (max-width: 900px) 100vw, 900px\" \/>\t\t\t\t\t\t\t\t\t\t\t\t\t\t\t<\/div>\n\t\t\t\t<\/div>\n\t\t<div class=\"elementor-element elementor-element-ecd983c e-con-full e-flex e-con e-child\" data-id=\"ecd983c\" data-element_type=\"container\">\n\t\t\t\t<div class=\"elementor-element elementor-element-b24b0ee elementor-widget elementor-widget-heading\" data-id=\"b24b0ee\" data-element_type=\"widget\" data-widget_type=\"heading.default\">\n\t\t\t\t\t<h2 class=\"elementor-heading-title elementor-size-default\">Why is education on LGBTIQ topics in schools important?<\/h2>\t\t\t\t<\/div>\n\t\t\t\t<div class=\"elementor-element elementor-element-d2cbf82 elementor-widget elementor-widget-text-editor\" data-id=\"d2cbf82\" data-element_type=\"widget\" data-widget_type=\"text-editor.default\">\n\t\t\t\t\t\t\t\t\t<p><strong>School<\/strong> is one of the key environments for socialisation where children and youngsters develop their competencies and establish relationships with peers and adults. In order enable that; it is crucial that schools are spaces that are safe, stimulating and supportive. \nThis is especially a challenge in context of young lesbians, gays, bisexuals, transgender and intersex people who face stigma, discrimination and marginalization and often various forms of violence<\/p>\t\t\t\t\t\t\t\t<\/div>\n\t\t\t\t<div class=\"elementor-element elementor-element-25ed6df elementor-widget elementor-widget-button\" data-id=\"25ed6df\" data-element_type=\"widget\" data-widget_type=\"button.default\">\n\t\t\t\t\t\t\t\t\t\t<a class=\"elementor-button elementor-button-link elementor-size-xs\" href=\"https:\/\/lori.hr\/en\/zasto-je-vazna-edukacija-o-lgbtiq-temama-u-skolama\/\">\n\t\t\t\t\t\t<span class=\"elementor-button-content-wrapper\">\n\t\t\t\t\t\t\t\t\t<span class=\"elementor-button-text\">Read more...<\/span>\n\t\t\t\t\t<\/span>\n\t\t\t\t\t<\/a>\n\t\t\t\t\t\t\t\t<\/div>\n\t\t\t\t<\/div>\n\t\t\t\t\t<\/div>\n\t\t\t\t<\/div>\n\t\t\t\t\t<\/div>\n\t\t\t\t<\/div>\n\t\t<div class=\"elementor-element elementor-element-1109bd3 e-flex e-con-boxed e-con e-parent\" data-id=\"1109bd3\" data-element_type=\"container\">\n\t\t\t\t\t<div class=\"e-con-inner\">\n\t\t<div class=\"elementor-element elementor-element-ea26da2 e-flex e-con-boxed e-con e-child\" data-id=\"ea26da2\" data-element_type=\"container\">\n\t\t\t\t\t<div class=\"e-con-inner\">\n\t\t<div class=\"elementor-element elementor-element-2ba4a45 e-con-full e-flex e-con e-child\" data-id=\"2ba4a45\" data-element_type=\"container\">\n\t\t\t\t<div class=\"elementor-element elementor-element-ed8d051 elementor-widget elementor-widget-image\" data-id=\"ed8d051\" data-element_type=\"widget\" data-widget_type=\"image.default\">\n\t\t\t\t\t\t\t\t\t\t\t\t\t\t\t<img loading=\"lazy\" decoding=\"async\" width=\"700\" height=\"416\" src=\"https:\/\/lori.hr\/wp-content\/uploads\/2023\/04\/PogrdanGovor.jpg\" class=\"attachment-large size-large wp-image-4704\" alt=\"\" srcset=\"https:\/\/lori.hr\/wp-content\/uploads\/2023\/04\/PogrdanGovor.jpg 700w, https:\/\/lori.hr\/wp-content\/uploads\/2023\/04\/PogrdanGovor-300x178.jpg 300w\" sizes=\"auto, (max-width: 700px) 100vw, 700px\" \/>\t\t\t\t\t\t\t\t\t\t\t\t\t\t\t<\/div>\n\t\t\t\t<\/div>\n\t\t<div class=\"elementor-element elementor-element-4c3776f e-con-full e-flex e-con e-child\" data-id=\"4c3776f\" data-element_type=\"container\">\n\t\t\t\t<div class=\"elementor-element elementor-element-3d1b614 elementor-widget elementor-widget-heading\" data-id=\"3d1b614\" data-element_type=\"widget\" data-widget_type=\"heading.default\">\n\t\t\t\t\t<h2 class=\"elementor-heading-title elementor-size-default\">Defamatory speech and violence against the LGBTI youth in schools<\/h2>\t\t\t\t<\/div>\n\t\t\t\t<div class=\"elementor-element elementor-element-9b77c29 elementor-widget elementor-widget-text-editor\" data-id=\"9b77c29\" data-element_type=\"widget\" data-widget_type=\"text-editor.default\">\n\t\t\t\t\t\t\t\t\t<p>LGBTI persons face discrimination and violence in various areas of social life, including the education system. Preliminary results of the\u00a0<a href=\"http:\/\/www.zagreb-pride.net\/hr\/preliminarni-rezultati-terenskog-istrazivanja-zagreb-pridea-izlazak-iz-tisine-u-hrvatskoj-i-dalje-obiljezen-strahom-od-nasilja-i-diskriminacije\/?fbclid=IwAR0vi2irz9WKddVh64UYzADcfrBizSP48KJZflqhCdnqSREcywqowD15f78\" target=\"_blank\" rel=\"noopener\">Survey on the Experience of Discrimination, Hate Crimes and Violence against LGBTIQ Persons in Croatia<\/a>\u00a0(Zagreb Pride, 2019) confirm that more than 60% of respondents experienced discrimination at school, at work or in contact with state institutions such as the police, judiciary and health in the period from 2013 to 2019.<\/p>\t\t\t\t\t\t\t\t<\/div>\n\t\t\t\t<div class=\"elementor-element elementor-element-6c9789d elementor-widget elementor-widget-button\" data-id=\"6c9789d\" data-element_type=\"widget\" data-widget_type=\"button.default\">\n\t\t\t\t\t\t\t\t\t\t<a class=\"elementor-button elementor-button-link elementor-size-xs\" href=\"https:\/\/lori.hr\/en\/pogrdan-govor-i-nasilje-nad-lgbti-mladima-u-skolama\/\">\n\t\t\t\t\t\t<span class=\"elementor-button-content-wrapper\">\n\t\t\t\t\t\t\t\t\t<span class=\"elementor-button-text\">Read more...<\/span>\n\t\t\t\t\t<\/span>\n\t\t\t\t\t<\/a>\n\t\t\t\t\t\t\t\t<\/div>\n\t\t\t\t<\/div>\n\t\t\t\t\t<\/div>\n\t\t\t\t<\/div>\n\t\t\t\t\t<\/div>\n\t\t\t\t<\/div>\n\t\t<div class=\"elementor-element elementor-element-11e44ba e-flex e-con-boxed e-con e-parent\" data-id=\"11e44ba\" data-element_type=\"container\">\n\t\t\t\t\t<div class=\"e-con-inner\">\n\t\t<div class=\"elementor-element elementor-element-904c313 e-flex e-con-boxed e-con e-child\" data-id=\"904c313\" data-element_type=\"container\">\n\t\t\t\t\t<div class=\"e-con-inner\">\n\t\t<div class=\"elementor-element elementor-element-cac8dba e-con-full e-flex e-con e-child\" data-id=\"cac8dba\" data-element_type=\"container\">\n\t\t\t\t<div class=\"elementor-element elementor-element-a08fdf0 elementor-widget elementor-widget-image\" data-id=\"a08fdf0\" data-element_type=\"widget\" data-widget_type=\"image.default\">\n\t\t\t\t\t\t\t\t\t\t\t\t\t\t\t<img loading=\"lazy\" decoding=\"async\" width=\"640\" height=\"427\" src=\"https:\/\/lori.hr\/wp-content\/uploads\/2023\/04\/Equality.jpg\" class=\"attachment-large size-large wp-image-4711\" alt=\"\" srcset=\"https:\/\/lori.hr\/wp-content\/uploads\/2023\/04\/Equality.jpg 640w, https:\/\/lori.hr\/wp-content\/uploads\/2023\/04\/Equality-300x200.jpg 300w\" sizes=\"auto, (max-width: 640px) 100vw, 640px\" \/>\t\t\t\t\t\t\t\t\t\t\t\t\t\t\t<\/div>\n\t\t\t\t<\/div>\n\t\t<div class=\"elementor-element elementor-element-2da3b4c e-con-full e-flex e-con e-child\" data-id=\"2da3b4c\" data-element_type=\"container\">\n\t\t\t\t<div class=\"elementor-element elementor-element-3aa65fe elementor-widget elementor-widget-heading\" data-id=\"3aa65fe\" data-element_type=\"widget\" data-widget_type=\"heading.default\">\n\t\t\t\t\t<h2 class=\"elementor-heading-title elementor-size-default\">Coercion of young persons into hiding their LGBTI identity<\/h2>\t\t\t\t<\/div>\n\t\t\t\t<div class=\"elementor-element elementor-element-7959c73 elementor-widget elementor-widget-text-editor\" data-id=\"7959c73\" data-element_type=\"widget\" data-widget_type=\"text-editor.default\">\n\t\t\t\t\t\t\t\t\t<p>Due to the fear from violence and rejection, LGBTI persons often hide their sexual orientation, gender identity and\/or expression, which brings along many other problems. Hiding, being constantly on alert, and disrupted social contacts - lead to increased loneliness and stress. The research\u00a0<a href=\"https:\/\/fra.europa.eu\/en\/data-and-maps\/2020\/lgbti-survey-data-explorer\" target=\"_blank\" rel=\"noopener\">European Union Agency for Fundamental Rights<\/a>\u00a0(2019.) showed that 4% of young people in Croatian schools are open about their LGBTI identity, while 33% are somewhat open\/hiding, and 63% are entirely hiding their sexual identity and\/or gender identity.<\/p>\t\t\t\t\t\t\t\t<\/div>\n\t\t\t\t<div class=\"elementor-element elementor-element-c6abf10 elementor-widget elementor-widget-button\" data-id=\"c6abf10\" data-element_type=\"widget\" data-widget_type=\"button.default\">\n\t\t\t\t\t\t\t\t\t\t<a class=\"elementor-button elementor-button-link elementor-size-xs\" href=\"https:\/\/lori.hr\/en\/prisiljenost-mladih-na-skrivanje-lgbti-identiteta\/\">\n\t\t\t\t\t\t<span class=\"elementor-button-content-wrapper\">\n\t\t\t\t\t\t\t\t\t<span class=\"elementor-button-text\">Read more...<\/span>\n\t\t\t\t\t<\/span>\n\t\t\t\t\t<\/a>\n\t\t\t\t\t\t\t\t<\/div>\n\t\t\t\t<\/div>\n\t\t\t\t\t<\/div>\n\t\t\t\t<\/div>\n\t\t\t\t\t<\/div>\n\t\t\t\t<\/div>\n\t\t<div class=\"elementor-element elementor-element-6dcc869 e-flex e-con-boxed e-con e-parent\" data-id=\"6dcc869\" data-element_type=\"container\">\n\t\t\t\t\t<div class=\"e-con-inner\">\n\t\t<div class=\"elementor-element elementor-element-679f35c e-flex e-con-boxed e-con e-child\" data-id=\"679f35c\" data-element_type=\"container\">\n\t\t\t\t\t<div class=\"e-con-inner\">\n\t\t<div class=\"elementor-element elementor-element-a4b6114 e-con-full e-flex e-con e-child\" data-id=\"a4b6114\" data-element_type=\"container\">\n\t\t\t\t<div class=\"elementor-element elementor-element-92149dc elementor-widget elementor-widget-image\" data-id=\"92149dc\" data-element_type=\"widget\" data-widget_type=\"image.default\">\n\t\t\t\t\t\t\t\t\t\t\t\t\t\t\t<img loading=\"lazy\" decoding=\"async\" width=\"700\" height=\"467\" src=\"https:\/\/lori.hr\/wp-content\/uploads\/2023\/04\/pencils_rainbow.jpg\" class=\"attachment-large size-large wp-image-4725\" alt=\"\" srcset=\"https:\/\/lori.hr\/wp-content\/uploads\/2023\/04\/pencils_rainbow.jpg 700w, https:\/\/lori.hr\/wp-content\/uploads\/2023\/04\/pencils_rainbow-300x200.jpg 300w\" sizes=\"auto, (max-width: 700px) 100vw, 700px\" \/>\t\t\t\t\t\t\t\t\t\t\t\t\t\t\t<\/div>\n\t\t\t\t<\/div>\n\t\t<div class=\"elementor-element elementor-element-ee8c79f e-con-full e-flex e-con e-child\" data-id=\"ee8c79f\" data-element_type=\"container\">\n\t\t\t\t<div class=\"elementor-element elementor-element-270aa46 elementor-widget elementor-widget-heading\" data-id=\"270aa46\" data-element_type=\"widget\" data-widget_type=\"heading.default\">\n\t\t\t\t\t<h2 class=\"elementor-heading-title elementor-size-default\">Providing appropriate support to LGBTIQ youngsters in schools<\/h2>\t\t\t\t<\/div>\n\t\t\t\t<div class=\"elementor-element elementor-element-818bb6c elementor-widget elementor-widget-text-editor\" data-id=\"818bb6c\" data-element_type=\"widget\" data-widget_type=\"text-editor.default\">\n\t\t\t\t\t\t\t\t\t<p>Every young person has the right to education without fear of condemnation, violence and\/or discrimination. Safe school environment is an important foundation for students' psychosocial and professional development. Therefore, all relevant actors in the field of education should be actively involved in ensuring an inclusive and anti-discriminatory educational system. National policies and programs in Croatia recognise the importance of protecting youngsters from abuse and of ensuring safe school environment. However, specific programmes and guidelines directly aimed at the protection of LGBTI youth and combating homo\/bi\/transphobia in schools are non-existent.<\/p>\t\t\t\t\t\t\t\t<\/div>\n\t\t\t\t<div class=\"elementor-element elementor-element-a3651b6 elementor-widget elementor-widget-button\" data-id=\"a3651b6\" data-element_type=\"widget\" data-widget_type=\"button.default\">\n\t\t\t\t\t\t\t\t\t\t<a class=\"elementor-button elementor-button-link elementor-size-xs\" href=\"https:\/\/lori.hr\/en\/primjerena-podrska-lgbtiq-mladima-u-skolama\/\">\n\t\t\t\t\t\t<span class=\"elementor-button-content-wrapper\">\n\t\t\t\t\t\t\t\t\t<span class=\"elementor-button-text\">Read more...<\/span>\n\t\t\t\t\t<\/span>\n\t\t\t\t\t<\/a>\n\t\t\t\t\t\t\t\t<\/div>\n\t\t\t\t<\/div>\n\t\t\t\t\t<\/div>\n\t\t\t\t<\/div>\n\t\t\t\t\t<\/div>\n\t\t\t\t<\/div>\n\t\t<div class=\"elementor-element elementor-element-b16d64d e-flex e-con-boxed e-con e-parent\" data-id=\"b16d64d\" data-element_type=\"container\">\n\t\t\t\t\t<div class=\"e-con-inner\">\n\t\t\t\t<div class=\"elementor-element elementor-element-2fe0ba8 elementor-widget elementor-widget-spacer\" data-id=\"2fe0ba8\" data-element_type=\"widget\" data-widget_type=\"spacer.default\">\n\t\t\t\t\t\t\t<div class=\"elementor-spacer\">\n\t\t\t<div class=\"elementor-spacer-inner\"><\/div>\n\t\t<\/div>\n\t\t\t\t\t\t<\/div>\n\t\t\t\t\t<\/div>\n\t\t\t\t<\/div>\n\t\t\t\t<\/div>","protected":false},"excerpt":{"rendered":"<p>IDAHOBIT2020 kampanja: va\u017enost edukacije o LGBTIQ temama u \u0161kolama Za\u0161to je va\u017ena edukacija o LGBTIQ temama u \u0161kolama? \u0160kola je jedno od klju\u010dnih socijalizacijskih okru\u017eenja u kojem djeca i mladi razvijaju svoje kompetencije i uspostavljaju odnose s vr\u0161njacima i odraslima. Kako bi u tome bili uspje\u0161ni,\u00a0neophodno je da \u0161kole budu mjesta koja su sigurna, poticajna &hellip;<\/p>\n<p class=\"read-more\"> <a class=\"\" href=\"https:\/\/lori.hr\/en\/idahobit2020-kampanja-vaznost-edukacije-o-lgbtiq-temama-u-skolama\/\"> <span class=\"screen-reader-text\">IDAHOBIT2020 campaign: the importance of education on LGBTIQ topics in schools<\/span> Read More \u00bb<\/a><\/p>","protected":false},"author":1,"featured_media":0,"parent":0,"menu_order":0,"comment_status":"closed","ping_status":"closed","template":"","meta":{"_uag_custom_page_level_css":"","site-sidebar-layout":"no-sidebar","site-content-layout":"page-builder","ast-site-content-layout":"full-width-container","site-content-style":"default","site-sidebar-style":"default","ast-global-header-display":"","ast-banner-title-visibility":"","ast-main-header-display":"","ast-hfb-above-header-display":"","ast-hfb-below-header-display":"","ast-hfb-mobile-header-display":"","site-post-title":"disabled","ast-breadcrumbs-content":"","ast-featured-img":"disabled","footer-sml-layout":"","theme-transparent-header-meta":"","adv-header-id-meta":"","stick-header-meta":"","header-above-stick-meta":"","header-main-stick-meta":"","header-below-stick-meta":"","astra-migrate-meta-layouts":"","footnotes":""},"class_list":["post-11345","page","type-page","status-publish","hentry"],"uagb_featured_image_src":{"full":false,"thumbnail":false,"medium":false,"medium_large":false,"large":false,"1536x1536":false,"2048x2048":false,"trp-custom-language-flag":false},"uagb_author_info":{"display_name":"LORI","author_link":"https:\/\/lori.hr\/en\/author\/ikenji\/"},"uagb_comment_info":0,"uagb_excerpt":"IDAHOBIT2020 kampanja: va\u017enost edukacije o LGBTIQ temama u \u0161kolama Za\u0161to je va\u017ena edukacija o LGBTIQ temama u \u0161kolama? \u0160kola je jedno od klju\u010dnih socijalizacijskih okru\u017eenja u kojem djeca i mladi razvijaju svoje kompetencije i uspostavljaju odnose s vr\u0161njacima i odraslima. Kako bi u tome bili uspje\u0161ni,\u00a0neophodno je da \u0161kole budu mjesta koja su sigurna, poticajna&hellip;","_links":{"self":[{"href":"https:\/\/lori.hr\/en\/wp-json\/wp\/v2\/pages\/11345","targetHints":{"allow":["GET"]}}],"collection":[{"href":"https:\/\/lori.hr\/en\/wp-json\/wp\/v2\/pages"}],"about":[{"href":"https:\/\/lori.hr\/en\/wp-json\/wp\/v2\/types\/page"}],"author":[{"embeddable":true,"href":"https:\/\/lori.hr\/en\/wp-json\/wp\/v2\/users\/1"}],"replies":[{"embeddable":true,"href":"https:\/\/lori.hr\/en\/wp-json\/wp\/v2\/comments?post=11345"}],"version-history":[{"count":6,"href":"https:\/\/lori.hr\/en\/wp-json\/wp\/v2\/pages\/11345\/revisions"}],"predecessor-version":[{"id":11353,"href":"https:\/\/lori.hr\/en\/wp-json\/wp\/v2\/pages\/11345\/revisions\/11353"}],"wp:attachment":[{"href":"https:\/\/lori.hr\/en\/wp-json\/wp\/v2\/media?parent=11345"}],"curies":[{"name":"wp","href":"https:\/\/api.w.org\/{rel}","templated":true}]}}