{"id":11357,"date":"2026-02-01T11:50:10","date_gmt":"2026-02-01T10:50:10","guid":{"rendered":"https:\/\/lori.hr\/?page_id=11357"},"modified":"2026-02-01T11:57:48","modified_gmt":"2026-02-01T10:57:48","slug":"idahobit","status":"publish","type":"page","link":"https:\/\/lori.hr\/en\/idahobit\/","title":{"rendered":"IDAHOBIT"},"content":{"rendered":"<div data-elementor-type=\"wp-page\" data-elementor-id=\"11357\" class=\"elementor elementor-11357\" data-elementor-post-type=\"page\">\n\t\t\t\t<div class=\"elementor-element elementor-element-1328937 navboja e-flex e-con-boxed e-con e-parent\" data-id=\"1328937\" data-element_type=\"container\" data-settings=\"{&quot;background_background&quot;:&quot;classic&quot;}\">\n\t\t\t\t\t<div class=\"e-con-inner\">\n\t\t\t\t<div class=\"elementor-element elementor-element-acbbbb0 elementor-widget elementor-widget-spacer\" data-id=\"acbbbb0\" data-element_type=\"widget\" data-widget_type=\"spacer.default\">\n\t\t\t\t\t\t\t<div class=\"elementor-spacer\">\n\t\t\t<div class=\"elementor-spacer-inner\"><\/div>\n\t\t<\/div>\n\t\t\t\t\t\t<\/div>\n\t\t\t\t\t<\/div>\n\t\t\t\t<\/div>\n\t\t<div class=\"elementor-element elementor-element-169647a e-flex e-con-boxed e-con e-parent\" data-id=\"169647a\" data-element_type=\"container\">\n\t\t\t\t\t<div class=\"e-con-inner\">\n\t\t\t\t<div class=\"elementor-element elementor-element-36f6f7f elementor-widget elementor-widget-spacer\" data-id=\"36f6f7f\" data-element_type=\"widget\" data-widget_type=\"spacer.default\">\n\t\t\t\t\t\t\t<div class=\"elementor-spacer\">\n\t\t\t<div class=\"elementor-spacer-inner\"><\/div>\n\t\t<\/div>\n\t\t\t\t\t\t<\/div>\n\t\t\t\t<div class=\"elementor-element elementor-element-ccf161a elementor-widget elementor-widget-heading\" data-id=\"ccf161a\" data-element_type=\"widget\" data-widget_type=\"heading.default\">\n\t\t\t\t\t<h1 class=\"elementor-heading-title elementor-size-default\">IDAHOBIT<\/h1>\t\t\t\t<\/div>\n\t\t\t\t<div class=\"elementor-element elementor-element-8d0aaa0 elementor-widget-divider--view-line elementor-widget elementor-widget-divider\" data-id=\"8d0aaa0\" data-element_type=\"widget\" data-widget_type=\"divider.default\">\n\t\t\t\t\t\t\t<div class=\"elementor-divider\">\n\t\t\t<span class=\"elementor-divider-separator\">\n\t\t\t\t\t\t<\/span>\n\t\t<\/div>\n\t\t\t\t\t\t<\/div>\n\t\t\t\t<div class=\"elementor-element elementor-element-73e9bd9 elementor-widget elementor-widget-spacer\" data-id=\"73e9bd9\" data-element_type=\"widget\" data-widget_type=\"spacer.default\">\n\t\t\t\t\t\t\t<div class=\"elementor-spacer\">\n\t\t\t<div class=\"elementor-spacer-inner\"><\/div>\n\t\t<\/div>\n\t\t\t\t\t\t<\/div>\n\t\t\t\t\t<\/div>\n\t\t\t\t<\/div>\n\t\t<div class=\"elementor-element elementor-element-53567b2 e-flex e-con-boxed e-con e-parent\" data-id=\"53567b2\" data-element_type=\"container\">\n\t\t\t\t\t<div class=\"e-con-inner\">\n\t\t<div class=\"elementor-element elementor-element-d450c9f e-con-full e-flex e-con e-child\" data-id=\"d450c9f\" data-element_type=\"container\">\n\t\t\t\t<div class=\"elementor-element elementor-element-b7f3c8e elementor-widget elementor-widget-text-editor\" data-id=\"b7f3c8e\" data-element_type=\"widget\" data-widget_type=\"text-editor.default\">\n\t\t\t\t\t\t\t\t\t<p>Within the programme <a href=\"https:\/\/lori.hr\/en\/suzbijanje-diskriminacije-i-zastita-ljudskih-prava-lgbti-osoba\/\">Combatting discrimination and protecting rights of LGBTI persons and women<\/a>, LORI marks dates of particular importance for the human rights of LGBTI persons and women: <b>International Women\u2019s Day (8 March), International Day for the Elimination of Violence against Women (25 November), Transgender Day of Remembrance (20 November), and others. Special emphasis is placed on IDAHOBIT.<\/b><\/p><p><b>IDAHOBIT<\/b> (International Day Against Homophobia, Biphobia, Transphobia and Interphobia) <em>has been observed in more than 150 countries since 2004, with the aim of raising awareness of the discrimination and violence experienced by lesbian, gay, bisexual, transgender and intersex persons worldwide.<\/em>In the Republic of Croatia, the observance of IDAHOBIT was introduced in 2011 by a decision of the Croatian Parliament, as part of the National Policy for Gender Equality. <br \/><br \/>At LORI\u2019s initiative,\u00a0<strong>Rijeka became the first Croatian city to mark IDAHOBIT by flying rainbow flags on the City Hall since 2013<\/strong>.<\/p>\t\t\t\t\t\t\t\t<\/div>\n\t\t\t\t<\/div>\n\t\t<div class=\"elementor-element elementor-element-9612ae3 e-con-full e-flex e-con e-child\" data-id=\"9612ae3\" data-element_type=\"container\">\n\t\t\t\t<div class=\"elementor-element elementor-element-3eff7a4 elementor-widget elementor-widget-image\" data-id=\"3eff7a4\" data-element_type=\"widget\" data-widget_type=\"image.default\">\n\t\t\t\t\t\t\t\t\t\t\t\t\t\t\t<img loading=\"lazy\" decoding=\"async\" width=\"900\" height=\"583\" src=\"https:\/\/lori.hr\/wp-content\/uploads\/2026\/02\/Idahobit-zastava.jpg\" class=\"attachment-large size-large wp-image-11359\" alt=\"\" srcset=\"https:\/\/lori.hr\/wp-content\/uploads\/2026\/02\/Idahobit-zastava.jpg 900w, https:\/\/lori.hr\/wp-content\/uploads\/2026\/02\/Idahobit-zastava-300x194.jpg 300w, https:\/\/lori.hr\/wp-content\/uploads\/2026\/02\/Idahobit-zastava-150x97.jpg 150w, https:\/\/lori.hr\/wp-content\/uploads\/2026\/02\/Idahobit-zastava-768x497.jpg 768w, https:\/\/lori.hr\/wp-content\/uploads\/2026\/02\/Idahobit-zastava-18x12.jpg 18w\" sizes=\"auto, (max-width: 900px) 100vw, 900px\" \/>\t\t\t\t\t\t\t\t\t\t\t\t\t\t\t<\/div>\n\t\t\t\t<\/div>\n\t\t\t\t\t<\/div>\n\t\t\t\t<\/div>\n\t\t<div class=\"elementor-element elementor-element-6f8c73f e-flex e-con-boxed e-con e-parent\" data-id=\"6f8c73f\" data-element_type=\"container\">\n\t\t\t\t\t<div class=\"e-con-inner\">\n\t\t\t\t<div class=\"elementor-element elementor-element-aae6c11 elementor-widget elementor-widget-text-editor\" data-id=\"aae6c11\" data-element_type=\"widget\" data-widget_type=\"text-editor.default\">\n\t\t\t\t\t\t\t\t\t<p>Since 2013, LORI has been organising IDAHOBIT week in Rijeka \u2013 various contents for LGBTIQ+ persons as well as for the wider community in collaboration with institutions, civil society organisations, and queer-friendly clubs and caf\u00e9s. These events include film screenings, stand-up comedy evenings, campaigns, and other awareness-raising activities.<\/p>\t\t\t\t\t\t\t\t<\/div>\n\t\t\t\t\t<\/div>\n\t\t\t\t<\/div>\n\t\t<div class=\"elementor-element elementor-element-e903a14 e-flex e-con-boxed e-con e-parent\" data-id=\"e903a14\" data-element_type=\"container\" data-settings=\"{&quot;background_background&quot;:&quot;classic&quot;}\">\n\t\t\t\t\t<div class=\"e-con-inner\">\n\t\t\t\t<div class=\"elementor-element elementor-element-c25e539 elementor-widget elementor-widget-text-editor\" data-id=\"c25e539\" data-element_type=\"widget\" data-widget_type=\"text-editor.default\">\n\t\t\t\t\t\t\t\t\t<p>Information about LORI events is most easily available via the website, as well as through LORI\u2019s\u00a0<a href=\"https:\/\/www.facebook.com\/udrugalori\/\" target=\"_blank\" rel=\"noopener\">LORI Facebook page<\/a>\u205fand\u00a0<a href=\"https:\/\/www.instagram.com\/loririjeka\/\" target=\"_blank\" rel=\"noopener\">Instagram<\/a>. Tako\u0111er, mogu\u0107e je primati redovite informacije prijavom na na\u0161u mailing listu \u2013 dovoljno je poslati e-mail na adresu lori@lori.hr s naznakom: <em>I would like to join the mailing list<\/em>.<\/p>\t\t\t\t\t\t\t\t<\/div>\n\t\t\t\t\t<\/div>\n\t\t\t\t<\/div>\n\t\t<div class=\"elementor-element elementor-element-cb488dc e-flex e-con-boxed e-con e-parent\" data-id=\"cb488dc\" data-element_type=\"container\">\n\t\t\t\t\t<div class=\"e-con-inner\">\n\t\t\t\t<div class=\"elementor-element elementor-element-5a00fc8 elementor-widget elementor-widget-spacer\" data-id=\"5a00fc8\" data-element_type=\"widget\" data-widget_type=\"spacer.default\">\n\t\t\t\t\t\t\t<div class=\"elementor-spacer\">\n\t\t\t<div class=\"elementor-spacer-inner\"><\/div>\n\t\t<\/div>\n\t\t\t\t\t\t<\/div>\n\t\t\t\t<div class=\"elementor-element elementor-element-eec9b0f elementor-widget elementor-widget-heading\" data-id=\"eec9b0f\" data-element_type=\"widget\" data-widget_type=\"heading.default\">\n\t\t\t\t\t<h2 class=\"elementor-heading-title elementor-size-default\">LORI IDAHOBIT weeks over the years (some texts in Croatian only):<\/h2>\t\t\t\t<\/div>\n\t\t\t\t<div class=\"elementor-element elementor-element-a6deae8 link-color elementor-icon-list--layout-traditional elementor-list-item-link-full_width elementor-widget elementor-widget-icon-list\" data-id=\"a6deae8\" data-element_type=\"widget\" data-widget_type=\"icon-list.default\">\n\t\t\t\t\t\t\t<ul class=\"elementor-icon-list-items\">\n\t\t\t\t\t\t\t<li class=\"elementor-icon-list-item\">\n\t\t\t\t\t\t\t\t\t\t\t<a href=\"https:\/\/lori.hr\/en\/lori-u-rijeci-13-godinu-zaredom-obiljezava-idahobit\/\">\n\n\t\t\t\t\t\t\t\t\t\t\t\t<span class=\"elementor-icon-list-icon\">\n\t\t\t\t\t\t\t<i aria-hidden=\"true\" class=\"fas fa-dot-circle\"><\/i>\t\t\t\t\t\t<\/span>\n\t\t\t\t\t\t\t\t\t\t<span class=\"elementor-icon-list-text\">LORI 13th IDAHOBIT in Rijeka: educating, challenging myths and spreading queer joy<\/span>\n\t\t\t\t\t\t\t\t\t\t\t<\/a>\n\t\t\t\t\t\t\t\t\t<\/li>\n\t\t\t\t\t\t\t\t<li class=\"elementor-icon-list-item\">\n\t\t\t\t\t\t\t\t\t\t\t<a href=\"https:\/\/lori.hr\/en\/lori-12-godinu-zaredom-obiljezava-idahobit\/\">\n\n\t\t\t\t\t\t\t\t\t\t\t\t<span class=\"elementor-icon-list-icon\">\n\t\t\t\t\t\t\t<i aria-hidden=\"true\" class=\"fas fa-dot-circle\"><\/i>\t\t\t\t\t\t<\/span>\n\t\t\t\t\t\t\t\t\t\t<span class=\"elementor-icon-list-text\">LORI 12. godinu zaredom obilje\u017eava IDAHOBIT u Rijeci \u2013 Neka nitko ne ostane po strani: jednakost, sloboda i pravednost za sve<\/span>\n\t\t\t\t\t\t\t\t\t\t\t<\/a>\n\t\t\t\t\t\t\t\t\t<\/li>\n\t\t\t\t\t\t\t\t<li class=\"elementor-icon-list-item\">\n\t\t\t\t\t\t\t\t\t\t\t<a href=\"https:\/\/lori.hr\/en\/zive-knjige-protiv-predrasuda-i-neznanja-idahobit\/\">\n\n\t\t\t\t\t\t\t\t\t\t\t\t<span class=\"elementor-icon-list-icon\">\n\t\t\t\t\t\t\t<i aria-hidden=\"true\" class=\"fas fa-dot-circle\"><\/i>\t\t\t\t\t\t<\/span>\n\t\t\t\t\t\t\t\t\t\t<span class=\"elementor-icon-list-text\">\u017dive knjige protiv predrasuda i neznanja \u2013 LORI 11. put obilje\u017eava IDAHOBIT<\/span>\n\t\t\t\t\t\t\t\t\t\t\t<\/a>\n\t\t\t\t\t\t\t\t\t<\/li>\n\t\t\t\t\t\t\t\t<li class=\"elementor-icon-list-item\">\n\t\t\t\t\t\t\t\t\t\t\t<a href=\"https:\/\/lori.hr\/en\/10-medunarodni-dan-borbe-protiv-homo-bi-transfobije-rijeka\/\">\n\n\t\t\t\t\t\t\t\t\t\t\t\t<span class=\"elementor-icon-list-icon\">\n\t\t\t\t\t\t\t<i aria-hidden=\"true\" class=\"fas fa-dot-circle\"><\/i>\t\t\t\t\t\t<\/span>\n\t\t\t\t\t\t\t\t\t\t<span class=\"elementor-icon-list-text\">Rijeka 10. godinu zaredom obilje\u017eava Me\u0111unarodni dan borbe protiv homo\/bi\/transfobije<\/span>\n\t\t\t\t\t\t\t\t\t\t\t<\/a>\n\t\t\t\t\t\t\t\t\t<\/li>\n\t\t\t\t\t\t\t\t<li class=\"elementor-icon-list-item\">\n\t\t\t\t\t\t\t\t\t\t\t<a href=\"https:\/\/lori.hr\/en\/lori-i-cromsic-rijeka-9-idahobit-tjedan-u-rijeci\/\">\n\n\t\t\t\t\t\t\t\t\t\t\t\t<span class=\"elementor-icon-list-icon\">\n\t\t\t\t\t\t\t<i aria-hidden=\"true\" class=\"fas fa-dot-circle\"><\/i>\t\t\t\t\t\t<\/span>\n\t\t\t\t\t\t\t\t\t\t<span class=\"elementor-icon-list-text\">Zajedno protiv homo\/bi\/transfobije: LORI i CroMSIC Rijeka pozivaju na 9. IDAHOBIT tjedan u Rijeci<\/span>\n\t\t\t\t\t\t\t\t\t\t\t<\/a>\n\t\t\t\t\t\t\t\t\t<\/li>\n\t\t\t\t\t\t\t\t<li class=\"elementor-icon-list-item\">\n\t\t\t\t\t\t\t\t\t\t\t<a href=\"https:\/\/lori.hr\/en\/idahobit2020-kampanja-vaznost-edukacije-o-lgbtiq-temama-u-skolama\/\">\n\n\t\t\t\t\t\t\t\t\t\t\t\t<span class=\"elementor-icon-list-icon\">\n\t\t\t\t\t\t\t<i aria-hidden=\"true\" class=\"fas fa-dot-circle\"><\/i>\t\t\t\t\t\t<\/span>\n\t\t\t\t\t\t\t\t\t\t<span class=\"elementor-icon-list-text\">IDAHOBIT2020 campaign: the importance of education on LGBTIQ topics in schools<\/span>\n\t\t\t\t\t\t\t\t\t\t\t<\/a>\n\t\t\t\t\t\t\t\t\t<\/li>\n\t\t\t\t\t\t\t\t<li class=\"elementor-icon-list-item\">\n\t\t\t\t\t\t\t\t\t\t\t<a href=\"https:\/\/lori.hr\/en\/izjava-udruge-lori-idahot\/\">\n\n\t\t\t\t\t\t\t\t\t\t\t\t<span class=\"elementor-icon-list-icon\">\n\t\t\t\t\t\t\t<i aria-hidden=\"true\" class=\"fas fa-dot-circle\"><\/i>\t\t\t\t\t\t<\/span>\n\t\t\t\t\t\t\t\t\t\t<span class=\"elementor-icon-list-text\">Izjava udruge LORI povodom Me\u0111unarodnog dana borbe protiv homofobije i transfobije (IDAHOT)<\/span>\n\t\t\t\t\t\t\t\t\t\t\t<\/a>\n\t\t\t\t\t\t\t\t\t<\/li>\n\t\t\t\t\t\t\t\t<li class=\"elementor-icon-list-item\">\n\t\t\t\t\t\t\t\t\t\t\t<a href=\"https:\/\/lori.hr\/en\/smoqua-ponos-i-predrasude\/\">\n\n\t\t\t\t\t\t\t\t\t\t\t\t<span class=\"elementor-icon-list-icon\">\n\t\t\t\t\t\t\t<i aria-hidden=\"true\" class=\"fas fa-dot-circle\"><\/i>\t\t\t\t\t\t<\/span>\n\t\t\t\t\t\t\t\t\t\t<span class=\"elementor-icon-list-text\">Smoqua - Festival of Queer and Feminist Culture in Rijeka: Pride and Prejudice<\/span>\n\t\t\t\t\t\t\t\t\t\t\t<\/a>\n\t\t\t\t\t\t\t\t\t<\/li>\n\t\t\t\t\t\t\t\t<li class=\"elementor-icon-list-item\">\n\t\t\t\t\t\t\t\t\t\t\t<a href=\"https:\/\/lori.hr\/en\/obiljezimo-idahot-zajedno-2017\/\">\n\n\t\t\t\t\t\t\t\t\t\t\t\t<span class=\"elementor-icon-list-icon\">\n\t\t\t\t\t\t\t<i aria-hidden=\"true\" class=\"fas fa-dot-circle\"><\/i>\t\t\t\t\t\t<\/span>\n\t\t\t\t\t\t\t\t\t\t<span class=\"elementor-icon-list-text\">Obilje\u017eimo IDAHOT zajedno! 17. i 18.5.2017.<\/span>\n\t\t\t\t\t\t\t\t\t\t\t<\/a>\n\t\t\t\t\t\t\t\t\t<\/li>\n\t\t\t\t\t\t\t\t<li class=\"elementor-icon-list-item\">\n\t\t\t\t\t\t\t\t\t\t\t<a href=\"https:\/\/lori.hr\/en\/idahot-tjedan-2016\/\">\n\n\t\t\t\t\t\t\t\t\t\t\t\t<span class=\"elementor-icon-list-icon\">\n\t\t\t\t\t\t\t<i aria-hidden=\"true\" class=\"fas fa-dot-circle\"><\/i>\t\t\t\t\t\t<\/span>\n\t\t\t\t\t\t\t\t\t\t<span class=\"elementor-icon-list-text\">Me\u0111unarodni dan borbe protiv homofobije i transfobije \u2013 IDAHOT tjedan 2016<\/span>\n\t\t\t\t\t\t\t\t\t\t\t<\/a>\n\t\t\t\t\t\t\t\t\t<\/li>\n\t\t\t\t\t\t\t\t<li class=\"elementor-icon-list-item\">\n\t\t\t\t\t\t\t\t\t\t\t<a href=\"https:\/\/lori.hr\/en\/predstavljanje-programa-idahot-tjedna-2015\/\">\n\n\t\t\t\t\t\t\t\t\t\t\t\t<span class=\"elementor-icon-list-icon\">\n\t\t\t\t\t\t\t<i aria-hidden=\"true\" class=\"fas fa-dot-circle\"><\/i>\t\t\t\t\t\t<\/span>\n\t\t\t\t\t\t\t\t\t\t<span class=\"elementor-icon-list-text\">Predstavljanje programa IDAHOT tjedna 2015. u Rijeci<\/span>\n\t\t\t\t\t\t\t\t\t\t\t<\/a>\n\t\t\t\t\t\t\t\t\t<\/li>\n\t\t\t\t\t\t\t\t<li class=\"elementor-icon-list-item\">\n\t\t\t\t\t\t\t\t\t\t\t<a href=\"https:\/\/lori.hr\/en\/poziv-i-predstavljanje-programa-idaho-tjedna-2014-u-rijeci\/\">\n\n\t\t\t\t\t\t\t\t\t\t\t\t<span class=\"elementor-icon-list-icon\">\n\t\t\t\t\t\t\t<i aria-hidden=\"true\" class=\"fas fa-dot-circle\"><\/i>\t\t\t\t\t\t<\/span>\n\t\t\t\t\t\t\t\t\t\t<span class=\"elementor-icon-list-text\">Poziv i predstavljanje programa IDAHO tjedna 2014. u Rijeci<\/span>\n\t\t\t\t\t\t\t\t\t\t\t<\/a>\n\t\t\t\t\t\t\t\t\t<\/li>\n\t\t\t\t\t\t\t\t<li class=\"elementor-icon-list-item\">\n\t\t\t\t\t\t\t\t\t\t\t<a href=\"https:\/\/lori.hr\/en\/odrzano-predavanje-o-homofobiji\/\">\n\n\t\t\t\t\t\t\t\t\t\t\t\t<span class=\"elementor-icon-list-icon\">\n\t\t\t\t\t\t\t<i aria-hidden=\"true\" class=\"fas fa-dot-circle\"><\/i>\t\t\t\t\t\t<\/span>\n\t\t\t\t\t\t\t\t\t\t<span class=\"elementor-icon-list-text\">Na Filozofskom fakultetu odr\u017eano predavanje o homofobiji<\/span>\n\t\t\t\t\t\t\t\t\t\t\t<\/a>\n\t\t\t\t\t\t\t\t\t<\/li>\n\t\t\t\t\t\t\t\t<li class=\"elementor-icon-list-item\">\n\t\t\t\t\t\t\t\t\t\t\t<a href=\"https:\/\/lori.hr\/en\/javno-predavanje-na-filozofskom-fakultetu\/\">\n\n\t\t\t\t\t\t\t\t\t\t\t\t<span class=\"elementor-icon-list-icon\">\n\t\t\t\t\t\t\t<i aria-hidden=\"true\" class=\"fas fa-dot-circle\"><\/i>\t\t\t\t\t\t<\/span>\n\t\t\t\t\t\t\t\t\t\t<span class=\"elementor-icon-list-text\">Najava predavanja na Filozofskom fakultetu 17.5.2013.<\/span>\n\t\t\t\t\t\t\t\t\t\t\t<\/a>\n\t\t\t\t\t\t\t\t\t<\/li>\n\t\t\t\t\t\t<\/ul>\n\t\t\t\t\t\t<\/div>\n\t\t\t\t\t<\/div>\n\t\t\t\t<\/div>\n\t\t<div class=\"elementor-element elementor-element-75aa925 e-flex e-con-boxed e-con e-parent\" data-id=\"75aa925\" data-element_type=\"container\">\n\t\t\t\t\t<div class=\"e-con-inner\">\n\t\t\t\t<div class=\"elementor-element elementor-element-35c0024 elementor-widget elementor-widget-spacer\" data-id=\"35c0024\" data-element_type=\"widget\" data-widget_type=\"spacer.default\">\n\t\t\t\t\t\t\t<div class=\"elementor-spacer\">\n\t\t\t<div class=\"elementor-spacer-inner\"><\/div>\n\t\t<\/div>\n\t\t\t\t\t\t<\/div>\n\t\t\t\t\t<\/div>\n\t\t\t\t<\/div>\n\t\t\t\t<\/div>","protected":false},"excerpt":{"rendered":"<p>IDAHOBIT U okviru programa Suzbijanje diskriminacije i za\u0161tita ljudskih prava LGBTI osoba, udruga LORI obilje\u017eava datume od posebne va\u017enosti za ljudska prava LGBTI osoba i \u017eena: Me\u0111unarodni dan \u017eena (8. o\u017eujka), Me\u0111unarodni dan borbe protiv nasilja nad \u017eenama (25. studenoga), Me\u0111unarodni dan sje\u0107anja na \u017ertve transfobije (20. studenoga) i brojne druge. Poseban naglasak stavlja se &hellip;<\/p>\n<p class=\"read-more\"> <a class=\"\" href=\"https:\/\/lori.hr\/en\/idahobit\/\"> <span class=\"screen-reader-text\">IDAHOBIT<\/span> Read More \u00bb<\/a><\/p>","protected":false},"author":1,"featured_media":0,"parent":0,"menu_order":0,"comment_status":"closed","ping_status":"closed","template":"","meta":{"_uag_custom_page_level_css":"","site-sidebar-layout":"no-sidebar","site-content-layout":"page-builder","ast-site-content-layout":"full-width-container","site-content-style":"default","site-sidebar-style":"default","ast-global-header-display":"","ast-banner-title-visibility":"","ast-main-header-display":"","ast-hfb-above-header-display":"","ast-hfb-below-header-display":"","ast-hfb-mobile-header-display":"","site-post-title":"disabled","ast-breadcrumbs-content":"","ast-featured-img":"disabled","footer-sml-layout":"","theme-transparent-header-meta":"","adv-header-id-meta":"","stick-header-meta":"","header-above-stick-meta":"","header-main-stick-meta":"","header-below-stick-meta":"","astra-migrate-meta-layouts":"set","footnotes":""},"class_list":["post-11357","page","type-page","status-publish","hentry"],"uagb_featured_image_src":{"full":false,"thumbnail":false,"medium":false,"medium_large":false,"large":false,"1536x1536":false,"2048x2048":false,"trp-custom-language-flag":false},"uagb_author_info":{"display_name":"LORI","author_link":"https:\/\/lori.hr\/en\/author\/ikenji\/"},"uagb_comment_info":0,"uagb_excerpt":"IDAHOBIT U okviru programa Suzbijanje diskriminacije i za\u0161tita ljudskih prava LGBTI osoba, udruga LORI obilje\u017eava datume od posebne va\u017enosti za ljudska prava LGBTI osoba i \u017eena: Me\u0111unarodni dan \u017eena (8. o\u017eujka), Me\u0111unarodni dan borbe protiv nasilja nad \u017eenama (25. studenoga), Me\u0111unarodni dan sje\u0107anja na \u017ertve transfobije (20. studenoga) i brojne druge. Poseban naglasak stavlja se&hellip;","_links":{"self":[{"href":"https:\/\/lori.hr\/en\/wp-json\/wp\/v2\/pages\/11357","targetHints":{"allow":["GET"]}}],"collection":[{"href":"https:\/\/lori.hr\/en\/wp-json\/wp\/v2\/pages"}],"about":[{"href":"https:\/\/lori.hr\/en\/wp-json\/wp\/v2\/types\/page"}],"author":[{"embeddable":true,"href":"https:\/\/lori.hr\/en\/wp-json\/wp\/v2\/users\/1"}],"replies":[{"embeddable":true,"href":"https:\/\/lori.hr\/en\/wp-json\/wp\/v2\/comments?post=11357"}],"version-history":[{"count":7,"href":"https:\/\/lori.hr\/en\/wp-json\/wp\/v2\/pages\/11357\/revisions"}],"predecessor-version":[{"id":11365,"href":"https:\/\/lori.hr\/en\/wp-json\/wp\/v2\/pages\/11357\/revisions\/11365"}],"wp:attachment":[{"href":"https:\/\/lori.hr\/en\/wp-json\/wp\/v2\/media?parent=11357"}],"curies":[{"name":"wp","href":"https:\/\/api.w.org\/{rel}","templated":true}]}}