{"id":1514,"date":"2023-02-05T10:41:50","date_gmt":"2023-02-05T09:41:50","guid":{"rendered":"https:\/\/lori.hr\/?page_id=1514"},"modified":"2024-02-28T15:55:51","modified_gmt":"2024-02-28T14:55:51","slug":"queer-kultura","status":"publish","type":"page","link":"https:\/\/lori.hr\/en\/queer-kultura\/","title":{"rendered":"Queer Culture"},"content":{"rendered":"<div data-elementor-type=\"wp-page\" data-elementor-id=\"1514\" class=\"elementor elementor-1514\" data-elementor-post-type=\"page\">\n\t\t\t\t<div class=\"elementor-element elementor-element-447affe navboja e-flex e-con-boxed e-con e-parent\" data-id=\"447affe\" data-element_type=\"container\" data-settings=\"{&quot;background_background&quot;:&quot;classic&quot;}\">\n\t\t\t\t\t<div class=\"e-con-inner\">\n\t\t\t\t<div class=\"elementor-element elementor-element-9d62ef4 elementor-widget elementor-widget-spacer\" data-id=\"9d62ef4\" data-element_type=\"widget\" data-widget_type=\"spacer.default\">\n\t\t\t\t\t\t\t<div class=\"elementor-spacer\">\n\t\t\t<div class=\"elementor-spacer-inner\"><\/div>\n\t\t<\/div>\n\t\t\t\t\t\t<\/div>\n\t\t\t\t\t<\/div>\n\t\t\t\t<\/div>\n\t\t<div class=\"elementor-element elementor-element-d50afc5 e-flex e-con-boxed e-con e-parent\" data-id=\"d50afc5\" data-element_type=\"container\">\n\t\t\t\t\t<div class=\"e-con-inner\">\n\t\t\t\t<div class=\"elementor-element elementor-element-ea5e9eb elementor-widget elementor-widget-spacer\" data-id=\"ea5e9eb\" data-element_type=\"widget\" data-widget_type=\"spacer.default\">\n\t\t\t\t\t\t\t<div class=\"elementor-spacer\">\n\t\t\t<div class=\"elementor-spacer-inner\"><\/div>\n\t\t<\/div>\n\t\t\t\t\t\t<\/div>\n\t\t\t\t<div class=\"elementor-element elementor-element-4438a4f elementor-widget elementor-widget-heading\" data-id=\"4438a4f\" data-element_type=\"widget\" data-widget_type=\"heading.default\">\n\t\t\t\t\t<h1 class=\"elementor-heading-title elementor-size-default\">Queer and feminist culture<\/h1>\t\t\t\t<\/div>\n\t\t\t\t<div class=\"elementor-element elementor-element-4f2cfdc elementor-widget-divider--view-line elementor-widget elementor-widget-divider\" data-id=\"4f2cfdc\" data-element_type=\"widget\" data-widget_type=\"divider.default\">\n\t\t\t\t\t\t\t<div class=\"elementor-divider\">\n\t\t\t<span class=\"elementor-divider-separator\">\n\t\t\t\t\t\t<\/span>\n\t\t<\/div>\n\t\t\t\t\t\t<\/div>\n\t\t\t\t<div class=\"elementor-element elementor-element-a1d1e15 elementor-widget elementor-widget-spacer\" data-id=\"a1d1e15\" data-element_type=\"widget\" data-widget_type=\"spacer.default\">\n\t\t\t\t\t\t\t<div class=\"elementor-spacer\">\n\t\t\t<div class=\"elementor-spacer-inner\"><\/div>\n\t\t<\/div>\n\t\t\t\t\t\t<\/div>\n\t\t\t\t\t<\/div>\n\t\t\t\t<\/div>\n\t\t<div class=\"elementor-element elementor-element-2b078a0 e-flex e-con-boxed e-con e-parent\" data-id=\"2b078a0\" data-element_type=\"container\" data-settings=\"{&quot;background_background&quot;:&quot;classic&quot;}\">\n\t\t\t\t\t<div class=\"e-con-inner\">\n\t\t<div class=\"elementor-element elementor-element-a5a1900 e-con-full e-flex e-con e-child\" data-id=\"a5a1900\" data-element_type=\"container\">\n\t\t\t\t<div class=\"elementor-element elementor-element-77ce237 elementor-widget elementor-widget-text-editor\" data-id=\"77ce237\" data-element_type=\"widget\" data-widget_type=\"text-editor.default\">\n\t\t\t\t\t\t\t\t\t<p><span style=\"font-weight: 400;\">As promoting queer and feminist culture is among LORI strategic goals, one of our key programs is - Queer and feminist culture.<\/span><\/p><p><span style=\"font-weight: 400;\">Since our beginnings, LORI has been working with the intention of bringing queer and feminist culture closer to the local community (primarily), in terms of both the general public - in the matter of informing the public, and LGBTIQ+ community, with the aim of empowering it.<\/span><\/p>\t\t\t\t\t\t\t\t<\/div>\n\t\t\t\t<div class=\"elementor-element elementor-element-7ac60cc elementor-widget elementor-widget-text-editor\" data-id=\"7ac60cc\" data-element_type=\"widget\" data-widget_type=\"text-editor.default\">\n\t\t\t\t\t\t\t\t\t<p><span style=\"font-weight: 400;\">The problem of (in)visibility and marginalisation of queer and feminist culture in Croatia, as well as the variety of cultural contents through which LORI has introduced the concepts of queer and feminism to the general public, along with collaborations we created, you can check out <strong><a href=\"https:\/\/lori.hr\/en\/queer-kultura-lori\/\" target=\"_blank\" rel=\"noopener\">here<\/a><\/strong>.<\/span><\/p><p><span style=\"font-weight: 400;\">Within this programme, LORI has been organising various events since the early 2000s, independently and\/or in cooperation with other associations, institutions and prominent artists, both from Croatia and abroad.<\/span><\/p>\t\t\t\t\t\t\t\t<\/div>\n\t\t\t\t<div class=\"elementor-element elementor-element-231dd45 elementor-widget elementor-widget-text-editor\" data-id=\"231dd45\" data-element_type=\"widget\" data-widget_type=\"text-editor.default\">\n\t\t\t\t\t\t\t\t\t<p><span style=\"font-weight: 400;\">Some of the contents through which LORI introduces queer and feminist culture to the public are: exhibitions, theatre plays, literary evenings, film screenings, and Festival of Queer and Feminist Culture Smoqua.<\/span><\/p>\t\t\t\t\t\t\t\t<\/div>\n\t\t\t\t<div class=\"elementor-element elementor-element-7707f44 elementor-widget elementor-widget-text-editor\" data-id=\"7707f44\" data-element_type=\"widget\" data-widget_type=\"text-editor.default\">\n\t\t\t\t\t\t\t\t\t<p><span style=\"font-weight: 400;\">More about Smoqua, its history and previous festival editions check out <strong><a href=\"https:\/\/lori.hr\/en\/smoqua\/\">here<\/a><\/strong>.<\/span><\/p>\t\t\t\t\t\t\t\t<\/div>\n\t\t\t\t<\/div>\n\t\t<div class=\"elementor-element elementor-element-3dd748c e-con-full e-flex e-con e-child\" data-id=\"3dd748c\" data-element_type=\"container\">\n\t\t\t\t<div class=\"elementor-element elementor-element-a5ff0fa elementor-widget elementor-widget-image\" data-id=\"a5ff0fa\" data-element_type=\"widget\" data-widget_type=\"image.default\">\n\t\t\t\t\t\t\t\t\t\t\t\t<figure class=\"wp-caption\">\n\t\t\t\t\t\t\t\t\t\t<img fetchpriority=\"high\" decoding=\"async\" width=\"700\" height=\"1000\" src=\"https:\/\/lori.hr\/wp-content\/uploads\/2023\/02\/QueerKultura2.jpg\" class=\"attachment-medium_large size-medium_large wp-image-2515\" alt=\"\" srcset=\"https:\/\/lori.hr\/wp-content\/uploads\/2023\/02\/QueerKultura2.jpg 700w, https:\/\/lori.hr\/wp-content\/uploads\/2023\/02\/QueerKultura2-210x300.jpg 210w\" sizes=\"(max-width: 700px) 100vw, 700px\" \/>\t\t\t\t\t\t\t\t\t\t\t<figcaption class=\"widget-image-caption wp-caption-text\">Smoqua 2022 (photo: Moja Rijeka); Smoqua QueerUp! Party - GNU\u010c\u010cI; QueerPoetRi<\/figcaption>\n\t\t\t\t\t\t\t\t\t\t<\/figure>\n\t\t\t\t\t\t\t\t\t<\/div>\n\t\t\t\t<\/div>\n\t\t\t\t\t<\/div>\n\t\t\t\t<\/div>\n\t\t<div class=\"elementor-element elementor-element-6ef6a5e e-flex e-con-boxed e-con e-parent\" data-id=\"6ef6a5e\" data-element_type=\"container\" data-settings=\"{&quot;background_background&quot;:&quot;classic&quot;}\">\n\t\t\t\t\t<div class=\"e-con-inner\">\n\t\t\t\t<div class=\"elementor-element elementor-element-d1db00a elementor-widget elementor-widget-spacer\" data-id=\"d1db00a\" data-element_type=\"widget\" data-widget_type=\"spacer.default\">\n\t\t\t\t\t\t\t<div class=\"elementor-spacer\">\n\t\t\t<div class=\"elementor-spacer-inner\"><\/div>\n\t\t<\/div>\n\t\t\t\t\t\t<\/div>\n\t\t\t\t\t<\/div>\n\t\t\t\t<\/div>\n\t\t\t\t<\/div>","protected":false},"excerpt":{"rendered":"<p>Queer i feministi\u010dka kultura Kako je promocija queer i feministi\u010dke kulture me\u0111u strate\u0161kim ciljevima LORI, jedan od klju\u010dnih programa udruge upravo je i Queer i feministi\u010dka kultura. Naime, od svojih po\u010detaka LORI djeluje s namjerom pribli\u017eavanja queer i feministi\u010dke kulture (prije svega) lokalnoj zajednici, kako \u0161iroj, u smislu informiranja javnosti, tako i samoj LGBTIQ+ zajednici &hellip;<\/p>\n<p class=\"read-more\"> <a class=\"\" href=\"https:\/\/lori.hr\/en\/queer-kultura\/\"> <span class=\"screen-reader-text\">Queer Culture<\/span> Read More \u00bb<\/a><\/p>","protected":false},"author":1,"featured_media":0,"parent":0,"menu_order":0,"comment_status":"closed","ping_status":"closed","template":"","meta":{"_uag_custom_page_level_css":"","site-sidebar-layout":"no-sidebar","site-content-layout":"page-builder","ast-site-content-layout":"","site-content-style":"default","site-sidebar-style":"default","ast-global-header-display":"","ast-banner-title-visibility":"","ast-main-header-display":"","ast-hfb-above-header-display":"","ast-hfb-below-header-display":"","ast-hfb-mobile-header-display":"","site-post-title":"disabled","ast-breadcrumbs-content":"","ast-featured-img":"disabled","footer-sml-layout":"","theme-transparent-header-meta":"","adv-header-id-meta":"","stick-header-meta":"","header-above-stick-meta":"","header-main-stick-meta":"","header-below-stick-meta":"","astra-migrate-meta-layouts":"","footnotes":""},"class_list":["post-1514","page","type-page","status-publish","hentry"],"uagb_featured_image_src":{"full":false,"thumbnail":false,"medium":false,"medium_large":false,"large":false,"1536x1536":false,"2048x2048":false,"trp-custom-language-flag":false},"uagb_author_info":{"display_name":"LORI","author_link":"https:\/\/lori.hr\/en\/author\/ikenji\/"},"uagb_comment_info":0,"uagb_excerpt":"Queer i feministi\u010dka kultura Kako je promocija queer i feministi\u010dke kulture me\u0111u strate\u0161kim ciljevima LORI, jedan od klju\u010dnih programa udruge upravo je i Queer i feministi\u010dka kultura. Naime, od svojih po\u010detaka LORI djeluje s namjerom pribli\u017eavanja queer i feministi\u010dke kulture (prije svega) lokalnoj zajednici, kako \u0161iroj, u smislu informiranja javnosti, tako i samoj LGBTIQ+ zajednici&hellip;","_links":{"self":[{"href":"https:\/\/lori.hr\/en\/wp-json\/wp\/v2\/pages\/1514","targetHints":{"allow":["GET"]}}],"collection":[{"href":"https:\/\/lori.hr\/en\/wp-json\/wp\/v2\/pages"}],"about":[{"href":"https:\/\/lori.hr\/en\/wp-json\/wp\/v2\/types\/page"}],"author":[{"embeddable":true,"href":"https:\/\/lori.hr\/en\/wp-json\/wp\/v2\/users\/1"}],"replies":[{"embeddable":true,"href":"https:\/\/lori.hr\/en\/wp-json\/wp\/v2\/comments?post=1514"}],"version-history":[{"count":19,"href":"https:\/\/lori.hr\/en\/wp-json\/wp\/v2\/pages\/1514\/revisions"}],"predecessor-version":[{"id":9653,"href":"https:\/\/lori.hr\/en\/wp-json\/wp\/v2\/pages\/1514\/revisions\/9653"}],"wp:attachment":[{"href":"https:\/\/lori.hr\/en\/wp-json\/wp\/v2\/media?parent=1514"}],"curies":[{"name":"wp","href":"https:\/\/api.w.org\/{rel}","templated":true}]}}