{"id":1533,"date":"2023-02-05T10:51:36","date_gmt":"2023-02-05T09:51:36","guid":{"rendered":"https:\/\/lori.hr\/?page_id=1533"},"modified":"2023-06-22T10:49:05","modified_gmt":"2023-06-22T08:49:05","slug":"podrzi-nas","status":"publish","type":"page","link":"https:\/\/lori.hr\/en\/podrzi-nas\/","title":{"rendered":"Support LORI"},"content":{"rendered":"<div data-elementor-type=\"wp-page\" data-elementor-id=\"1533\" class=\"elementor elementor-1533\" data-elementor-post-type=\"page\">\n\t\t\t\t<div class=\"elementor-element elementor-element-9bfe90e navboja e-flex e-con-boxed e-con e-parent\" data-id=\"9bfe90e\" data-element_type=\"container\" data-settings=\"{&quot;background_background&quot;:&quot;classic&quot;}\">\n\t\t\t\t\t<div class=\"e-con-inner\">\n\t\t\t\t<div class=\"elementor-element elementor-element-ed48d99 elementor-widget elementor-widget-spacer\" data-id=\"ed48d99\" data-element_type=\"widget\" data-widget_type=\"spacer.default\">\n\t\t\t\t\t\t\t<div class=\"elementor-spacer\">\n\t\t\t<div class=\"elementor-spacer-inner\"><\/div>\n\t\t<\/div>\n\t\t\t\t\t\t<\/div>\n\t\t\t\t\t<\/div>\n\t\t\t\t<\/div>\n\t\t<div class=\"elementor-element elementor-element-14cb211 e-flex e-con-boxed e-con e-parent\" data-id=\"14cb211\" data-element_type=\"container\">\n\t\t\t\t\t<div class=\"e-con-inner\">\n\t\t<div class=\"elementor-element elementor-element-70f5938 e-con-full e-flex e-con e-parent\" data-id=\"70f5938\" data-element_type=\"container\">\n\t\t\t\t<div class=\"elementor-element elementor-element-99282f2 elementor-widget elementor-widget-spacer\" data-id=\"99282f2\" data-element_type=\"widget\" data-widget_type=\"spacer.default\">\n\t\t\t\t\t\t\t<div class=\"elementor-spacer\">\n\t\t\t<div class=\"elementor-spacer-inner\"><\/div>\n\t\t<\/div>\n\t\t\t\t\t\t<\/div>\n\t\t\t\t<div class=\"elementor-element elementor-element-d061ca3 elementor-widget elementor-widget-heading\" data-id=\"d061ca3\" data-element_type=\"widget\" data-widget_type=\"heading.default\">\n\t\t\t\t\t<h1 class=\"elementor-heading-title elementor-size-default\">How you can support LORI<\/h1>\t\t\t\t<\/div>\n\t\t\t\t<div class=\"elementor-element elementor-element-f0277e0 elementor-widget-divider--view-line elementor-widget elementor-widget-divider\" data-id=\"f0277e0\" data-element_type=\"widget\" data-widget_type=\"divider.default\">\n\t\t\t\t\t\t\t<div class=\"elementor-divider\">\n\t\t\t<span class=\"elementor-divider-separator\">\n\t\t\t\t\t\t<\/span>\n\t\t<\/div>\n\t\t\t\t\t\t<\/div>\n\t\t\t\t<div class=\"elementor-element elementor-element-6332db4 link-color elementor-icon-list--layout-traditional elementor-list-item-link-full_width elementor-widget elementor-widget-icon-list\" data-id=\"6332db4\" data-element_type=\"widget\" data-widget_type=\"icon-list.default\">\n\t\t\t\t\t\t\t<ul class=\"elementor-icon-list-items\">\n\t\t\t\t\t\t\t<li class=\"elementor-icon-list-item\">\n\t\t\t\t\t\t\t\t\t\t\t<a href=\"https:\/\/lori.hr\/en\/ukljuci-se-u-lori\/\">\n\n\t\t\t\t\t\t\t\t\t\t\t\t<span class=\"elementor-icon-list-icon\">\n\t\t\t\t\t\t\t<i aria-hidden=\"true\" class=\"fas fa-check\"><\/i>\t\t\t\t\t\t<\/span>\n\t\t\t\t\t\t\t\t\t\t<span class=\"elementor-icon-list-text\">Volunteer in LORI activities,<\/span>\n\t\t\t\t\t\t\t\t\t\t\t<\/a>\n\t\t\t\t\t\t\t\t\t<\/li>\n\t\t\t\t\t\t\t\t<li class=\"elementor-icon-list-item\">\n\t\t\t\t\t\t\t\t\t\t\t<span class=\"elementor-icon-list-icon\">\n\t\t\t\t\t\t\t<i aria-hidden=\"true\" class=\"fas fa-check\"><\/i>\t\t\t\t\t\t<\/span>\n\t\t\t\t\t\t\t\t\t\t<span class=\"elementor-icon-list-text\">Contribute to our work with your knowledge and expertise. Would you love to hold a\nworkshop for the LGBTIQ+ community? Are you offering your proofreading or translation\nskills? Or perhaps you would like to do the graphic design for a brochure?,<\/span>\n\t\t\t\t\t\t\t\t\t<\/li>\n\t\t\t\t\t\t\t\t<li class=\"elementor-icon-list-item\">\n\t\t\t\t\t\t\t\t\t\t\t<span class=\"elementor-icon-list-icon\">\n\t\t\t\t\t\t\t<i aria-hidden=\"true\" class=\"fas fa-check\"><\/i>\t\t\t\t\t\t<\/span>\n\t\t\t\t\t\t\t\t\t\t<span class=\"elementor-icon-list-text\">Advocate equality, acceptance and solidarity among people,<\/span>\n\t\t\t\t\t\t\t\t\t<\/li>\n\t\t\t\t\t\t\t\t<li class=\"elementor-icon-list-item\">\n\t\t\t\t\t\t\t\t\t\t\t<span class=\"elementor-icon-list-icon\">\n\t\t\t\t\t\t\t<i aria-hidden=\"true\" class=\"fas fa-check\"><\/i>\t\t\t\t\t\t<\/span>\n\t\t\t\t\t\t\t\t\t\t<span class=\"elementor-icon-list-text\">Support lesbians, gays, bisexual, transgender, intersex, and queer persons when they ask your advice or support regarding their sexual orientation and\/or gender identity or gender\nexpression,<\/span>\n\t\t\t\t\t\t\t\t\t<\/li>\n\t\t\t\t\t\t\t\t<li class=\"elementor-icon-list-item\">\n\t\t\t\t\t\t\t\t\t\t\t<span class=\"elementor-icon-list-icon\">\n\t\t\t\t\t\t\t<i aria-hidden=\"true\" class=\"fas fa-check\"><\/i>\t\t\t\t\t\t<\/span>\n\t\t\t\t\t\t\t\t\t\t<span class=\"elementor-icon-list-text\">A financial donation.<\/span>\n\t\t\t\t\t\t\t\t\t<\/li>\n\t\t\t\t\t\t<\/ul>\n\t\t\t\t\t\t<\/div>\n\t\t\t\t<div class=\"elementor-element elementor-element-f8dfcef elementor-widget elementor-widget-spacer\" data-id=\"f8dfcef\" data-element_type=\"widget\" data-widget_type=\"spacer.default\">\n\t\t\t\t\t\t\t<div class=\"elementor-spacer\">\n\t\t\t<div class=\"elementor-spacer-inner\"><\/div>\n\t\t<\/div>\n\t\t\t\t\t\t<\/div>\n\t\t\t\t<\/div>\n\t\t<div class=\"elementor-element elementor-element-f9a79d3 e-con-full e-flex e-con e-parent\" data-id=\"f9a79d3\" data-element_type=\"container\">\n\t\t\t\t<div class=\"elementor-element elementor-element-ad229e3 elementor-widget elementor-widget-spacer\" data-id=\"ad229e3\" data-element_type=\"widget\" data-widget_type=\"spacer.default\">\n\t\t\t\t\t\t\t<div class=\"elementor-spacer\">\n\t\t\t<div class=\"elementor-spacer-inner\"><\/div>\n\t\t<\/div>\n\t\t\t\t\t\t<\/div>\n\t\t\t\t<div class=\"elementor-element elementor-element-ddd8a16 elementor-widget elementor-widget-image\" data-id=\"ddd8a16\" data-element_type=\"widget\" data-widget_type=\"image.default\">\n\t\t\t\t\t\t\t\t\t\t\t\t\t\t\t<img fetchpriority=\"high\" decoding=\"async\" width=\"800\" height=\"450\" src=\"https:\/\/lori.hr\/wp-content\/uploads\/2023\/03\/kako_podrzati_lori.jpg\" class=\"attachment-1536x1536 size-1536x1536 wp-image-3075\" alt=\"\" srcset=\"https:\/\/lori.hr\/wp-content\/uploads\/2023\/03\/kako_podrzati_lori.jpg 800w, https:\/\/lori.hr\/wp-content\/uploads\/2023\/03\/kako_podrzati_lori-300x169.jpg 300w, https:\/\/lori.hr\/wp-content\/uploads\/2023\/03\/kako_podrzati_lori-768x432.jpg 768w\" sizes=\"(max-width: 800px) 100vw, 800px\" \/>\t\t\t\t\t\t\t\t\t\t\t\t\t\t\t<\/div>\n\t\t\t\t<\/div>\n\t\t\t\t\t<\/div>\n\t\t\t\t<\/div>\n\t\t<div class=\"elementor-element elementor-element-9e9e3b1 e-flex e-con-boxed e-con e-parent\" data-id=\"9e9e3b1\" data-element_type=\"container\">\n\t\t\t\t\t<div class=\"e-con-inner\">\n\t\t\t\t<div class=\"elementor-element elementor-element-2cb65e7 elementor-widget elementor-widget-text-editor\" data-id=\"2cb65e7\" data-element_type=\"widget\" data-widget_type=\"text-editor.default\">\n\t\t\t\t\t\t\t\t\t<p><span style=\"font-weight: 400;\">LORI is a non-profit organisation that ensures funding for its activities through\ngrants and donations from companies or individuals. Financial operations of LORI are\nregularly reviewed as part of reports to donors, and independent financial audits.<\/span><\/p><p><span style=\"font-weight: 400;\">Your donation enables us to provide free psychosocial and legal support to\nLGBTIQ+ persons, to advocate social changes aimed at reducing discrimination and violence, to create a better and fairer world and to continue to support LGBTIQ+ youth.<\/span><\/p>\t\t\t\t\t\t\t\t<\/div>\n\t\t\t\t\t<\/div>\n\t\t\t\t<\/div>\n\t\t<div class=\"elementor-element elementor-element-a9cd5b8 e-flex e-con-boxed e-con e-parent\" data-id=\"a9cd5b8\" data-element_type=\"container\" data-settings=\"{&quot;background_background&quot;:&quot;classic&quot;}\">\n\t\t\t\t\t<div class=\"e-con-inner\">\n\t\t\t\t<div class=\"elementor-element elementor-element-b9a52a9 elementor-widget elementor-widget-spacer\" data-id=\"b9a52a9\" data-element_type=\"widget\" data-widget_type=\"spacer.default\">\n\t\t\t\t\t\t\t<div class=\"elementor-spacer\">\n\t\t\t<div class=\"elementor-spacer-inner\"><\/div>\n\t\t<\/div>\n\t\t\t\t\t\t<\/div>\n\t\t\t\t<div class=\"elementor-element elementor-element-aff62bf elementor-widget elementor-widget-heading\" data-id=\"aff62bf\" data-element_type=\"widget\" data-widget_type=\"heading.default\">\n\t\t\t\t\t<h4 class=\"elementor-heading-title elementor-size-default\">You can financially support LORI by:<\/h4>\t\t\t\t<\/div>\n\t\t\t\t\t<\/div>\n\t\t\t\t<\/div>\n\t\t<div class=\"elementor-element elementor-element-e6afb7f e-flex e-con-boxed e-con e-parent\" data-id=\"e6afb7f\" data-element_type=\"container\" data-settings=\"{&quot;background_background&quot;:&quot;classic&quot;}\">\n\t\t\t\t\t<div class=\"e-con-inner\">\n\t\t<div class=\"elementor-element elementor-element-dd36d92 e-con-full e-flex e-con e-parent\" data-id=\"dd36d92\" data-element_type=\"container\">\n\t\t\t\t<div class=\"elementor-element elementor-element-0bbf6b6 elementor-widget elementor-widget-spacer\" data-id=\"0bbf6b6\" data-element_type=\"widget\" data-widget_type=\"spacer.default\">\n\t\t\t\t\t\t\t<div class=\"elementor-spacer\">\n\t\t\t<div class=\"elementor-spacer-inner\"><\/div>\n\t\t<\/div>\n\t\t\t\t\t\t<\/div>\n\t\t\t\t<div class=\"elementor-element elementor-element-2254447 elementor-widget elementor-widget-text-editor\" data-id=\"2254447\" data-element_type=\"widget\" data-widget_type=\"text-editor.default\">\n\t\t\t\t\t\t\t\t\t<h5><b>Direct payment<\/b><\/h5><p>Foreign donations:<\/p><p>Lesbian Organisation Rijeka - LORI<br \/>Address: Janeza Trdine 7\/4, 51 000, Rijeka, Croatia<\/p><p>Bank: Privredna banka Zagreb d.d.<br \/>IBAN: HR6123400091117014659<\/p><p>Specification: Donation for LORI organisation<br \/>Reference number: date of payment<\/p><p>Account number: 703000-128379<br \/>SWIFT CODE: PBZGHR2X<br \/>PIN (Personal Identification Number): 01267568124<\/p>\t\t\t\t\t\t\t\t<\/div>\n\t\t\t\t<\/div>\n\t\t<div class=\"elementor-element elementor-element-5a1bd4c e-con-full e-flex e-con e-parent\" data-id=\"5a1bd4c\" data-element_type=\"container\">\n\t\t\t\t<div class=\"elementor-element elementor-element-93c0a25 elementor-widget elementor-widget-spacer\" data-id=\"93c0a25\" data-element_type=\"widget\" data-widget_type=\"spacer.default\">\n\t\t\t\t\t\t\t<div class=\"elementor-spacer\">\n\t\t\t<div class=\"elementor-spacer-inner\"><\/div>\n\t\t<\/div>\n\t\t\t\t\t\t<\/div>\n\t\t\t\t<div class=\"elementor-element elementor-element-baec3b2 link-color elementor-widget elementor-widget-text-editor\" data-id=\"baec3b2\" data-element_type=\"widget\" data-widget_type=\"text-editor.default\">\n\t\t\t\t\t\t\t\t\t<h5><b>Standing order<\/b><b><br \/><\/b><\/h5><p><span style=\"font-weight: 400;\">If you wish to provide continued support, you can set up a monthly standing order with the\ndonation amount of your choice.<\/span><\/p><h5><b>PayPal<\/b><b><br \/><\/b><\/h5><p><span style=\"font-weight: 400;\">Za uplatu putem PayPal-a, na\u0161a email adresa je: loricure@yahoo.com<\/span><\/p><h5><b>Donation via the platform <span style=\"text-decoration: underline;\"><a href=\"https:\/\/causes.benevity.org\/causes\/191-5607323000933_5b94\" target=\"_blank\" rel=\"noopener\">Benevity<\/a><\/span><\/b><\/h5>\t\t\t\t\t\t\t\t<\/div>\n\t\t\t\t<\/div>\n\t\t\t\t\t<\/div>\n\t\t\t\t<\/div>\n\t\t\t\t<\/div>","protected":false},"excerpt":{"rendered":"<p>Kako nas mo\u017ee\u0161 podr\u017eati? Volontiraj u LORI aktivnostima Doprinesi radu LORI svojim znanjem i stru\u010dno\u0161\u0107u. Rado bi za LGBTIQ zajednicu odr\u017eala\/o radionicu, nudi\u0161 nam svoje lektorske ili prevoditeljske sposobnosti ili bi grafi\u010dki dizajnirala\/o publikaciju? Zala\u017ei se za ravnopravnost, prihva\u0107anje i solidarnost me\u0111u ljudima Podr\u017ei lezbijke, gejeve, biseksualne, transrodne, interspolne i queer osobe kad od tebe &hellip;<\/p>\n<p class=\"read-more\"> <a class=\"\" href=\"https:\/\/lori.hr\/en\/podrzi-nas\/\"> <span class=\"screen-reader-text\">Support LORI<\/span> Read More \u00bb<\/a><\/p>","protected":false},"author":1,"featured_media":0,"parent":0,"menu_order":0,"comment_status":"closed","ping_status":"closed","template":"","meta":{"_uag_custom_page_level_css":"","site-sidebar-layout":"no-sidebar","site-content-layout":"page-builder","ast-site-content-layout":"","site-content-style":"default","site-sidebar-style":"default","ast-global-header-display":"","ast-banner-title-visibility":"","ast-main-header-display":"","ast-hfb-above-header-display":"","ast-hfb-below-header-display":"","ast-hfb-mobile-header-display":"","site-post-title":"disabled","ast-breadcrumbs-content":"","ast-featured-img":"disabled","footer-sml-layout":"","theme-transparent-header-meta":"","adv-header-id-meta":"","stick-header-meta":"","header-above-stick-meta":"","header-main-stick-meta":"","header-below-stick-meta":"","astra-migrate-meta-layouts":"","footnotes":""},"class_list":["post-1533","page","type-page","status-publish","hentry"],"uagb_featured_image_src":{"full":false,"thumbnail":false,"medium":false,"medium_large":false,"large":false,"1536x1536":false,"2048x2048":false,"trp-custom-language-flag":false},"uagb_author_info":{"display_name":"LORI","author_link":"https:\/\/lori.hr\/en\/author\/ikenji\/"},"uagb_comment_info":0,"uagb_excerpt":"Kako nas mo\u017ee\u0161 podr\u017eati? Volontiraj u LORI aktivnostima Doprinesi radu LORI svojim znanjem i stru\u010dno\u0161\u0107u. Rado bi za LGBTIQ zajednicu odr\u017eala\/o radionicu, nudi\u0161 nam svoje lektorske ili prevoditeljske sposobnosti ili bi grafi\u010dki dizajnirala\/o publikaciju? Zala\u017ei se za ravnopravnost, prihva\u0107anje i solidarnost me\u0111u ljudima Podr\u017ei lezbijke, gejeve, biseksualne, transrodne, interspolne i queer osobe kad od tebe&hellip;","_links":{"self":[{"href":"https:\/\/lori.hr\/en\/wp-json\/wp\/v2\/pages\/1533","targetHints":{"allow":["GET"]}}],"collection":[{"href":"https:\/\/lori.hr\/en\/wp-json\/wp\/v2\/pages"}],"about":[{"href":"https:\/\/lori.hr\/en\/wp-json\/wp\/v2\/types\/page"}],"author":[{"embeddable":true,"href":"https:\/\/lori.hr\/en\/wp-json\/wp\/v2\/users\/1"}],"replies":[{"embeddable":true,"href":"https:\/\/lori.hr\/en\/wp-json\/wp\/v2\/comments?post=1533"}],"version-history":[{"count":44,"href":"https:\/\/lori.hr\/en\/wp-json\/wp\/v2\/pages\/1533\/revisions"}],"predecessor-version":[{"id":8214,"href":"https:\/\/lori.hr\/en\/wp-json\/wp\/v2\/pages\/1533\/revisions\/8214"}],"wp:attachment":[{"href":"https:\/\/lori.hr\/en\/wp-json\/wp\/v2\/media?parent=1533"}],"curies":[{"name":"wp","href":"https:\/\/api.w.org\/{rel}","templated":true}]}}