{"id":1543,"date":"2023-02-05T11:03:11","date_gmt":"2023-02-05T10:03:11","guid":{"rendered":"https:\/\/lori.hr\/?page_id=1543"},"modified":"2023-06-22T10:59:10","modified_gmt":"2023-06-22T08:59:10","slug":"pravna-podrska","status":"publish","type":"page","link":"https:\/\/lori.hr\/en\/pravna-podrska\/","title":{"rendered":"Legal aid"},"content":{"rendered":"<div data-elementor-type=\"wp-page\" data-elementor-id=\"1543\" class=\"elementor elementor-1543\" data-elementor-post-type=\"page\">\n\t\t\t\t<div class=\"elementor-element elementor-element-74c573f navboja e-flex e-con-boxed e-con e-parent\" data-id=\"74c573f\" data-element_type=\"container\" data-settings=\"{&quot;background_background&quot;:&quot;classic&quot;}\">\n\t\t\t\t\t<div class=\"e-con-inner\">\n\t\t\t\t<div class=\"elementor-element elementor-element-8e1934c elementor-widget elementor-widget-spacer\" data-id=\"8e1934c\" data-element_type=\"widget\" data-widget_type=\"spacer.default\">\n\t\t\t\t\t\t\t<div class=\"elementor-spacer\">\n\t\t\t<div class=\"elementor-spacer-inner\"><\/div>\n\t\t<\/div>\n\t\t\t\t\t\t<\/div>\n\t\t\t\t\t<\/div>\n\t\t\t\t<\/div>\n\t\t<div class=\"elementor-element elementor-element-6d991df e-flex e-con-boxed e-con e-parent\" data-id=\"6d991df\" data-element_type=\"container\">\n\t\t\t\t\t<div class=\"e-con-inner\">\n\t\t\t\t<div class=\"elementor-element elementor-element-3b80e90 elementor-widget elementor-widget-spacer\" data-id=\"3b80e90\" data-element_type=\"widget\" data-widget_type=\"spacer.default\">\n\t\t\t\t\t\t\t<div class=\"elementor-spacer\">\n\t\t\t<div class=\"elementor-spacer-inner\"><\/div>\n\t\t<\/div>\n\t\t\t\t\t\t<\/div>\n\t\t\t\t<div class=\"elementor-element elementor-element-a33e795 elementor-widget elementor-widget-heading\" data-id=\"a33e795\" data-element_type=\"widget\" data-widget_type=\"heading.default\">\n\t\t\t\t\t<h1 class=\"elementor-heading-title elementor-size-default\">Legal aid<\/h1>\t\t\t\t<\/div>\n\t\t\t\t<div class=\"elementor-element elementor-element-8aae84e elementor-widget-divider--view-line elementor-widget elementor-widget-divider\" data-id=\"8aae84e\" data-element_type=\"widget\" data-widget_type=\"divider.default\">\n\t\t\t\t\t\t\t<div class=\"elementor-divider\">\n\t\t\t<span class=\"elementor-divider-separator\">\n\t\t\t\t\t\t<\/span>\n\t\t<\/div>\n\t\t\t\t\t\t<\/div>\n\t\t\t\t\t<\/div>\n\t\t\t\t<\/div>\n\t\t<div class=\"elementor-element elementor-element-c979c4e e-flex e-con-boxed e-con e-parent\" data-id=\"c979c4e\" data-element_type=\"container\">\n\t\t\t\t\t<div class=\"e-con-inner\">\n\t\t<div class=\"elementor-element elementor-element-a003257 e-con-full e-flex e-con e-parent\" data-id=\"a003257\" data-element_type=\"container\">\n\t\t\t\t<div class=\"elementor-element elementor-element-8980051 elementor-widget elementor-widget-text-editor\" data-id=\"8980051\" data-element_type=\"widget\" data-widget_type=\"text-editor.default\">\n\t\t\t\t\t\t\t\t\t<p><span style=\"font-weight: 400;\">Lesbians, gays, bisexual, transgender and intersex persons still all too often face violations of their fundamental human rights and freedoms in various areas of life: family, education, workplace, health services, in social security system, etc. Due to the frequent exposure to verbal violence, hate speech and even physical and sexual violence, LGBTI persons may feel unsafe in the workplace, in school and in public spaces.<\/span><\/p><p><span style=\"font-weight: 400;\">Discrimination based on sexual orientation, gender identity and gender expression, in addition to the violence experienced, are often not reported due to lack of awareness about one's own rights, lack of knowledge of the system of protection, as well as fear of negative consequences or fear of ineffective action of relevant institutions.<\/span><\/p>\t\t\t\t\t\t\t\t<\/div>\n\t\t\t\t<\/div>\n\t\t<div class=\"elementor-element elementor-element-79c04c2 e-con-full e-flex e-con e-parent\" data-id=\"79c04c2\" data-element_type=\"container\">\n\t\t\t\t<div class=\"elementor-element elementor-element-e5a93c0 elementor-widget elementor-widget-image\" data-id=\"e5a93c0\" data-element_type=\"widget\" data-widget_type=\"image.default\">\n\t\t\t\t\t\t\t\t\t\t\t\t\t\t\t<img fetchpriority=\"high\" decoding=\"async\" width=\"1024\" height=\"678\" src=\"https:\/\/lori.hr\/wp-content\/uploads\/2023\/02\/Pravna_podrska-1024x678.jpg\" class=\"attachment-large size-large wp-image-1813\" alt=\"\" srcset=\"https:\/\/lori.hr\/wp-content\/uploads\/2023\/02\/Pravna_podrska-1024x678.jpg 1024w, https:\/\/lori.hr\/wp-content\/uploads\/2023\/02\/Pravna_podrska-300x199.jpg 300w, https:\/\/lori.hr\/wp-content\/uploads\/2023\/02\/Pravna_podrska-768x509.jpg 768w, https:\/\/lori.hr\/wp-content\/uploads\/2023\/02\/Pravna_podrska.jpg 1064w\" sizes=\"(max-width: 1024px) 100vw, 1024px\" \/>\t\t\t\t\t\t\t\t\t\t\t\t\t\t\t<\/div>\n\t\t\t\t<div class=\"elementor-element elementor-element-c887161 elementor-widget elementor-widget-spacer\" data-id=\"c887161\" data-element_type=\"widget\" data-widget_type=\"spacer.default\">\n\t\t\t\t\t\t\t<div class=\"elementor-spacer\">\n\t\t\t<div class=\"elementor-spacer-inner\"><\/div>\n\t\t<\/div>\n\t\t\t\t\t\t<\/div>\n\t\t\t\t<\/div>\n\t\t\t\t\t<\/div>\n\t\t\t\t<\/div>\n\t\t<div class=\"elementor-element elementor-element-c24b133 e-flex e-con-boxed e-con e-parent\" data-id=\"c24b133\" data-element_type=\"container\" data-settings=\"{&quot;background_background&quot;:&quot;classic&quot;}\">\n\t\t\t\t\t<div class=\"e-con-inner\">\n\t\t<div class=\"elementor-element elementor-element-bd99fbe e-con-full e-flex e-con e-parent\" data-id=\"bd99fbe\" data-element_type=\"container\">\n\t\t\t\t<div class=\"elementor-element elementor-element-604dc2a elementor-widget elementor-widget-text-editor\" data-id=\"604dc2a\" data-element_type=\"widget\" data-widget_type=\"text-editor.default\">\n\t\t\t\t\t\t\t\t\t<p><span style=\"font-weight: 400;\">Since its beginnings\u00a0<\/span><b>LORI provides free legal aid for LGBTI persons<\/b><span style=\"font-weight: 400;\">, regardless if they experience (or have experienced) discrimination based on sexual orientation, gender identity and gender expression, or they simply want to be informed about their own rights.\u00a0<\/span><b>Free legal aid is also available to LGBTI youth in need of help or advice.<\/b><\/p>\t\t\t\t\t\t\t\t<\/div>\n\t\t\t\t<\/div>\n\t\t<div class=\"elementor-element elementor-element-ab1bb7a e-con-full e-flex e-con e-parent\" data-id=\"ab1bb7a\" data-element_type=\"container\">\n\t\t\t\t<div class=\"elementor-element elementor-element-e1466d6 elementor-widget elementor-widget-text-editor\" data-id=\"e1466d6\" data-element_type=\"widget\" data-widget_type=\"text-editor.default\">\n\t\t\t\t\t\t\t\t\t<p><span style=\"font-weight: 400;\">Legal counseling is conducted by lawyers and activists with many years of experience in the field of LGBTI human rights.<\/span><\/p><p><span style=\"font-weight: 400;\">LORI provides free legal aid in person, by phone and by email (e-mail: <\/span><a href=\"mailto:loricure@yahoo.com\"><span style=\"font-weight: 400;\">loricure@yahoo.com<\/span><\/a><span style=\"font-weight: 400;\">, and we are contacted by people from all parts of Croatia and from abroad.<\/span> <span style=\"font-weight: 400;\">In the case of personal visits, we kindly ask you to make an appointment.<\/span><\/p>\t\t\t\t\t\t\t\t<\/div>\n\t\t\t\t<\/div>\n\t\t\t\t\t<\/div>\n\t\t\t\t<\/div>\n\t\t<div class=\"elementor-element elementor-element-b9e2a7b e-flex e-con-boxed e-con e-parent\" data-id=\"b9e2a7b\" data-element_type=\"container\">\n\t\t\t\t\t<div class=\"e-con-inner\">\n\t\t\t\t<div class=\"elementor-element elementor-element-507be0e elementor-widget elementor-widget-spacer\" data-id=\"507be0e\" data-element_type=\"widget\" data-widget_type=\"spacer.default\">\n\t\t\t\t\t\t\t<div class=\"elementor-spacer\">\n\t\t\t<div class=\"elementor-spacer-inner\"><\/div>\n\t\t<\/div>\n\t\t\t\t\t\t<\/div>\n\t\t\t\t\t<\/div>\n\t\t\t\t<\/div>\n\t\t\t\t<\/div>","protected":false},"excerpt":{"rendered":"<p>Pravna podr\u0161ka Lezbijke, gejevi, biseksualne, transrodne i interspolne osobe se jo\u0161 uvijek \u010desto susre\u0107u s kr\u0161enjem temeljnih ljudskih prava i sloboda u razli\u010ditim podru\u010djima \u017eivota: od obitelji, \u0161kolovanja, radnog mjesta, zdravstvenih usluga, ostvarivanju prava u okviru sustava socijalne sigurnosti itd. Zbog nerijetke izlo\u017eenosti verbalnom nasilju, govoru mr\u017enje, pa i fizi\u010dkom i seksualnom nasilju, LGBTI osobe &hellip;<\/p>\n<p class=\"read-more\"> <a class=\"\" href=\"https:\/\/lori.hr\/en\/pravna-podrska\/\"> <span class=\"screen-reader-text\">Legal aid<\/span> Read More \u00bb<\/a><\/p>","protected":false},"author":1,"featured_media":0,"parent":0,"menu_order":0,"comment_status":"closed","ping_status":"closed","template":"","meta":{"_uag_custom_page_level_css":"","site-sidebar-layout":"no-sidebar","site-content-layout":"page-builder","ast-site-content-layout":"","site-content-style":"default","site-sidebar-style":"default","ast-global-header-display":"","ast-banner-title-visibility":"","ast-main-header-display":"","ast-hfb-above-header-display":"","ast-hfb-below-header-display":"","ast-hfb-mobile-header-display":"","site-post-title":"disabled","ast-breadcrumbs-content":"","ast-featured-img":"disabled","footer-sml-layout":"","theme-transparent-header-meta":"","adv-header-id-meta":"","stick-header-meta":"","header-above-stick-meta":"","header-main-stick-meta":"","header-below-stick-meta":"","astra-migrate-meta-layouts":"","footnotes":""},"class_list":["post-1543","page","type-page","status-publish","hentry"],"uagb_featured_image_src":{"full":false,"thumbnail":false,"medium":false,"medium_large":false,"large":false,"1536x1536":false,"2048x2048":false,"trp-custom-language-flag":false},"uagb_author_info":{"display_name":"LORI","author_link":"https:\/\/lori.hr\/en\/author\/ikenji\/"},"uagb_comment_info":0,"uagb_excerpt":"Pravna podr\u0161ka Lezbijke, gejevi, biseksualne, transrodne i interspolne osobe se jo\u0161 uvijek \u010desto susre\u0107u s kr\u0161enjem temeljnih ljudskih prava i sloboda u razli\u010ditim podru\u010djima \u017eivota: od obitelji, \u0161kolovanja, radnog mjesta, zdravstvenih usluga, ostvarivanju prava u okviru sustava socijalne sigurnosti itd. Zbog nerijetke izlo\u017eenosti verbalnom nasilju, govoru mr\u017enje, pa i fizi\u010dkom i seksualnom nasilju, LGBTI osobe&hellip;","_links":{"self":[{"href":"https:\/\/lori.hr\/en\/wp-json\/wp\/v2\/pages\/1543","targetHints":{"allow":["GET"]}}],"collection":[{"href":"https:\/\/lori.hr\/en\/wp-json\/wp\/v2\/pages"}],"about":[{"href":"https:\/\/lori.hr\/en\/wp-json\/wp\/v2\/types\/page"}],"author":[{"embeddable":true,"href":"https:\/\/lori.hr\/en\/wp-json\/wp\/v2\/users\/1"}],"replies":[{"embeddable":true,"href":"https:\/\/lori.hr\/en\/wp-json\/wp\/v2\/comments?post=1543"}],"version-history":[{"count":38,"href":"https:\/\/lori.hr\/en\/wp-json\/wp\/v2\/pages\/1543\/revisions"}],"predecessor-version":[{"id":8256,"href":"https:\/\/lori.hr\/en\/wp-json\/wp\/v2\/pages\/1543\/revisions\/8256"}],"wp:attachment":[{"href":"https:\/\/lori.hr\/en\/wp-json\/wp\/v2\/media?parent=1543"}],"curies":[{"name":"wp","href":"https:\/\/api.w.org\/{rel}","templated":true}]}}