{"id":1547,"date":"2023-02-05T11:04:08","date_gmt":"2023-02-05T10:04:08","guid":{"rendered":"https:\/\/lori.hr\/?page_id=1547"},"modified":"2025-12-15T12:30:59","modified_gmt":"2025-12-15T11:30:59","slug":"druzenja","status":"publish","type":"page","link":"https:\/\/lori.hr\/en\/druzenja\/","title":{"rendered":"Social events"},"content":{"rendered":"<div data-elementor-type=\"wp-page\" data-elementor-id=\"1547\" class=\"elementor elementor-1547\" data-elementor-post-type=\"page\">\n\t\t\t\t<div class=\"elementor-element elementor-element-869219c navboja e-flex e-con-boxed e-con e-parent\" data-id=\"869219c\" data-element_type=\"container\" data-settings=\"{&quot;background_background&quot;:&quot;classic&quot;}\">\n\t\t\t\t\t<div class=\"e-con-inner\">\n\t\t\t\t<div class=\"elementor-element elementor-element-7038b71 elementor-widget elementor-widget-spacer\" data-id=\"7038b71\" data-element_type=\"widget\" data-widget_type=\"spacer.default\">\n\t\t\t\t\t\t\t<div class=\"elementor-spacer\">\n\t\t\t<div class=\"elementor-spacer-inner\"><\/div>\n\t\t<\/div>\n\t\t\t\t\t\t<\/div>\n\t\t\t\t\t<\/div>\n\t\t\t\t<\/div>\n\t\t<div class=\"elementor-element elementor-element-d2ad968 e-flex e-con-boxed e-con e-parent\" data-id=\"d2ad968\" data-element_type=\"container\">\n\t\t\t\t\t<div class=\"e-con-inner\">\n\t\t\t\t<div class=\"elementor-element elementor-element-dea5a2d elementor-widget elementor-widget-spacer\" data-id=\"dea5a2d\" data-element_type=\"widget\" data-widget_type=\"spacer.default\">\n\t\t\t\t\t\t\t<div class=\"elementor-spacer\">\n\t\t\t<div class=\"elementor-spacer-inner\"><\/div>\n\t\t<\/div>\n\t\t\t\t\t\t<\/div>\n\t\t\t\t<div class=\"elementor-element elementor-element-62fda27 elementor-widget elementor-widget-heading\" data-id=\"62fda27\" data-element_type=\"widget\" data-widget_type=\"heading.default\">\n\t\t\t\t\t<h1 class=\"elementor-heading-title elementor-size-default\">Social events<\/h1>\t\t\t\t<\/div>\n\t\t\t\t<div class=\"elementor-element elementor-element-0b87f3f elementor-widget-divider--view-line elementor-widget elementor-widget-divider\" data-id=\"0b87f3f\" data-element_type=\"widget\" data-widget_type=\"divider.default\">\n\t\t\t\t\t\t\t<div class=\"elementor-divider\">\n\t\t\t<span class=\"elementor-divider-separator\">\n\t\t\t\t\t\t<\/span>\n\t\t<\/div>\n\t\t\t\t\t\t<\/div>\n\t\t\t\t\t<\/div>\n\t\t\t\t<\/div>\n\t\t<div class=\"elementor-element elementor-element-94b8a21 e-flex e-con-boxed e-con e-parent\" data-id=\"94b8a21\" data-element_type=\"container\">\n\t\t\t\t\t<div class=\"e-con-inner\">\n\t\t<div class=\"elementor-element elementor-element-29b72b6 e-con-full e-flex e-con e-child\" data-id=\"29b72b6\" data-element_type=\"container\">\n\t\t\t\t<div class=\"elementor-element elementor-element-0877a0d elementor-widget elementor-widget-text-editor\" data-id=\"0877a0d\" data-element_type=\"widget\" data-widget_type=\"text-editor.default\">\n\t\t\t\t\t\t\t\t\t<p><span style=\"font-weight: 400;\">Within one of our pillar programs, Supporting and Empowering LGBTIQ+ community, LORI regularly organises a variety of social content aimed at empowering and connecting the community in a safe and supportive space.<\/span><\/p><p><span style=\"font-weight: 400;\">The social team is responsible for designing and organising social and cultural activities, e.g. exhibitions, workshops\u00a0<\/span><i><span style=\"font-weight: 400;\">pub<\/span><\/i><span style=\"font-weight: 400;\">\u00a0quizzes, literary evenings, Queer poetRI \u2013 evenings of reading queer poetry, film screenings, etc.<\/span><\/p><p><span style=\"font-weight: 400;\">Social events are held according to the agreement of the team and the interest of the community - approximately at least once every two months. They are LORI constant activities, and some of the contents are: Queer-UP! Party, Queer walks, Queer karaoke, FabRika (Factory in English), film screenings, educational and\/or creative workshops, etc. Previously we also had frequent board game evenings in LORI and\/or friendly cafes, as well as sports days, movie nights, etc.<\/span><\/p>\t\t\t\t\t\t\t\t<\/div>\n\t\t\t\t<\/div>\n\t\t<div class=\"elementor-element elementor-element-4bd0f7e e-con-full e-flex e-con e-child\" data-id=\"4bd0f7e\" data-element_type=\"container\">\n\t\t\t\t<div class=\"elementor-element elementor-element-e7ece3f elementor-widget elementor-widget-image\" data-id=\"e7ece3f\" data-element_type=\"widget\" data-widget_type=\"image.default\">\n\t\t\t\t\t\t\t\t\t\t\t\t\t\t\t<img fetchpriority=\"high\" decoding=\"async\" width=\"1000\" height=\"667\" src=\"https:\/\/lori.hr\/wp-content\/uploads\/2023\/02\/QueerParty.jpg\" class=\"attachment-large size-large wp-image-1475\" alt=\"\" srcset=\"https:\/\/lori.hr\/wp-content\/uploads\/2023\/02\/QueerParty.jpg 1000w, https:\/\/lori.hr\/wp-content\/uploads\/2023\/02\/QueerParty-300x200.jpg 300w, https:\/\/lori.hr\/wp-content\/uploads\/2023\/02\/QueerParty-768x512.jpg 768w\" sizes=\"(max-width: 1000px) 100vw, 1000px\" \/>\t\t\t\t\t\t\t\t\t\t\t\t\t\t\t<\/div>\n\t\t\t\t<\/div>\n\t\t\t\t\t<\/div>\n\t\t\t\t<\/div>\n\t\t<div class=\"elementor-element elementor-element-59cd1e8 link-color e-flex e-con-boxed e-con e-parent\" data-id=\"59cd1e8\" data-element_type=\"container\" data-settings=\"{&quot;background_background&quot;:&quot;classic&quot;}\">\n\t\t\t\t\t<div class=\"e-con-inner\">\n\t\t<div class=\"elementor-element elementor-element-f0e3ccd e-con-full e-flex e-con e-child\" data-id=\"f0e3ccd\" data-element_type=\"container\">\n\t\t\t\t<div class=\"elementor-element elementor-element-2e70f4a elementor-widget elementor-widget-text-editor\" data-id=\"2e70f4a\" data-element_type=\"widget\" data-widget_type=\"text-editor.default\">\n\t\t\t\t\t\t\t\t\t<p class=\"translation-block\"><span style=\"font-weight: 400\">As part of another LORI pillar programme, <a href=\"https:\/\/lori.hr\/en\/suzbijanje-diskriminacije-i-zastita-ljudskih-prava-lgbti-osoba\/\" target=\"_blank\" rel=\"noopener\">Combatting discrimination and advancing the rights of LGBTI persons<\/a>, we mark dates and events of importance for the LGBTIQ+ community, for example, through organising community events: film screenings, stand-up comedy nights, etc., in collaboration with queer-friendly clubs, cafes, cinemas. For example, since 2013 LORI has been organising IDAHOBIT Week in Rijeka (marking 17 May - International Day against Homophobia, Biphobia and Transphobia), marking the Stonewall Riot, etc.\n<\/span><\/p>\t\t\t\t\t\t\t\t<\/div>\n\t\t\t\t<\/div>\n\t\t<div class=\"elementor-element elementor-element-29e02f0 e-con-full e-flex e-con e-child\" data-id=\"29e02f0\" data-element_type=\"container\">\n\t\t\t\t<div class=\"elementor-element elementor-element-fa59b19 elementor-widget elementor-widget-text-editor\" data-id=\"fa59b19\" data-element_type=\"widget\" data-widget_type=\"text-editor.default\">\n\t\t\t\t\t\t\t\t\t<p><span style=\"font-weight: 400;\">The easiest way to stay informed about scheduled events is through\u00a0<\/span><a href=\"https:\/\/www.facebook.com\/udrugalori\/\" target=\"_blank\" rel=\"noopener\"><span style=\"font-weight: 400;\">LORI Facebook page<\/span><\/a><span style=\"font-weight: 400;\">,<\/span><span style=\"font-weight: 400;\">\u00a0website, and\u00a0<\/span><a href=\"https:\/\/www.instagram.com\/loririjeka\/\" target=\"_blank\" rel=\"noopener\"><span style=\"font-weight: 400;\">Instagram<\/span><\/a><span style=\"font-weight: 400;\">\u00a0or through the mailing list, which you need to sign up for by sending an email to <\/span><a href=\"mailto:loricure@yahoo.com\"><span style=\"font-weight: 400;\">loricure@yahoo.com<\/span><\/a><span style=\"font-weight: 400;\">, with the note: I want to be on the mailing list.<\/span><\/p>\t\t\t\t\t\t\t\t<\/div>\n\t\t\t\t<\/div>\n\t\t\t\t\t<\/div>\n\t\t\t\t<\/div>\n\t\t<div class=\"elementor-element elementor-element-1524d8e e-flex e-con-boxed e-con e-parent\" data-id=\"1524d8e\" data-element_type=\"container\">\n\t\t\t\t\t<div class=\"e-con-inner\">\n\t\t\t\t<div class=\"elementor-element elementor-element-79dc018 elementor-widget elementor-widget-spacer\" data-id=\"79dc018\" data-element_type=\"widget\" data-widget_type=\"spacer.default\">\n\t\t\t\t\t\t\t<div class=\"elementor-spacer\">\n\t\t\t<div class=\"elementor-spacer-inner\"><\/div>\n\t\t<\/div>\n\t\t\t\t\t\t<\/div>\n\t\t\t\t\t<\/div>\n\t\t\t\t<\/div>\n\t\t<div class=\"elementor-element elementor-element-76bf56b e-flex e-con-boxed e-con e-parent\" data-id=\"76bf56b\" data-element_type=\"container\" data-settings=\"{&quot;background_background&quot;:&quot;classic&quot;}\">\n\t\t\t\t\t<div class=\"e-con-inner\">\n\t\t\t\t<div class=\"elementor-element elementor-element-79c42eb elementor-widget elementor-widget-heading\" data-id=\"79c42eb\" data-element_type=\"widget\" data-widget_type=\"heading.default\">\n\t\t\t\t\t<h2 class=\"elementor-heading-title elementor-size-default\">Some of LORI previous social events are below (texts are in Croatian):<\/h2>\t\t\t\t<\/div>\n\t\t\t\t\t<\/div>\n\t\t\t\t<\/div>\n\t\t<div class=\"elementor-element elementor-element-c3793d3 e-flex e-con-boxed e-con e-parent\" data-id=\"c3793d3\" data-element_type=\"container\" data-settings=\"{&quot;background_background&quot;:&quot;classic&quot;}\">\n\t\t\t\t\t<div class=\"e-con-inner\">\n\t\t<div class=\"elementor-element elementor-element-c550be1 e-con-full e-flex e-con e-child\" data-id=\"c550be1\" data-element_type=\"container\">\n\t\t\t\t<div class=\"elementor-element elementor-element-7f3e331 elementor-widget elementor-widget-text-editor\" data-id=\"7f3e331\" data-element_type=\"widget\" data-widget_type=\"text-editor.default\">\n\t\t\t\t\t\t\t\t\t<div dir=\"ltr\"><p><a href=\"https:\/\/lori.hr\/en\/blagdanska-filmska-vecer-u-lori\/\" target=\"_blank\" rel=\"noopener\">Blagdanska filmska ve\u010der u LORI<\/a><\/p><p><a href=\"https:\/\/lori.hr\/en\/queer-up-party-by-lori-loud-proud\/\" target=\"_blank\" rel=\"noopener\">Queer-UP! Party by LORI: Loud &amp; Proud<\/a><\/p><p><a href=\"https:\/\/lori.hr\/en\/kreativno-druzenje-sketch-kiki-lori\/\" target=\"_blank\" rel=\"noopener\">Kreativno dru\u017eenje Sketch &amp; Kiki @ LORI<\/a><\/p><p><a href=\"https:\/\/lori.hr\/en\/queer-karaoke-u-circolu-2\/\" target=\"_blank\" rel=\"noopener\">Queer karaoke u Circolu \ud83c\udf08\ud83c\udfb6<\/a><\/p><p><a href=\"https:\/\/lori.hr\/en\/boardanje-drustvene-igre-u-lori-vol-2\/\" target=\"_blank\" rel=\"noopener\">Boardanje: dru\u0161tvene igre u LORI vol. 2<\/a><\/p><p><a href=\"https:\/\/lori.hr\/en\/boardanje-drustvene-igre-u-lori\/\">Boardanje: dru\u0161tvene igre u LORI<\/a><\/p><p class=\"elementor-heading-title elementor-size-xl\"><a href=\"https:\/\/lori.hr\/en\/house-of-flamingo-queer-up-party\/\" target=\"_blank\" rel=\"noopener\">House of Flamingo x Queer-UP! Party u Pogonu Kulture<\/a><\/p><p><a href=\"https:\/\/lori.hr\/en\/queer-up-party-by-lori-queer-resilience\/\" target=\"_blank\" rel=\"noopener\">Queer-UP! Party by LORI: Queer Resilience<\/a><\/p><p><a href=\"https:\/\/lori.hr\/en\/queer-setnja-u-parku-lovora-uz-queer-price-iz-davnina\/\" target=\"_blank\" rel=\"noopener\">Queer \u0161etnja u Parku lovora uz queer pri\u010de iz davnina<\/a><\/p><p><a href=\"https:\/\/lori.hr\/en\/queer-karaoke-u-circolu-%f0%9f%8e%b5\/\" target=\"_blank\" rel=\"noopener\">Queer karaoke u Circolu<\/a><\/p><p><a href=\"https:\/\/lori.hr\/en\/queer-up-party-by-lori-winter-wonderland-%f0%9f%8c%88\/\" target=\"_blank\" rel=\"noopener\">Queer-UP! Party by LORI: Winter Wonderland<\/a><\/p><p><a href=\"https:\/\/lori.hr\/en\/dokumentarni-film-ja-bi-da-to-imam-doma\/\" target=\"_blank\" rel=\"nofollow noopener\">Dokumentarni film \u201eJa bi\u2019 da to imam doma\u201c za Me\u0111unarodni dan sje\u0107anja na \u017ertve transfobije<\/a><\/p><\/div>\t\t\t\t\t\t\t\t<\/div>\n\t\t\t\t<\/div>\n\t\t<div class=\"elementor-element elementor-element-8298cf0 e-con-full e-flex e-con e-child\" data-id=\"8298cf0\" data-element_type=\"container\">\n\t\t\t\t<div class=\"elementor-element elementor-element-c75abf0 elementor-widget elementor-widget-text-editor\" data-id=\"c75abf0\" data-element_type=\"widget\" data-widget_type=\"text-editor.default\">\n\t\t\t\t\t\t\t\t\t<div class=\"ydpc82db510yiv0366563151ydpa6fb42b8pasted-link\" dir=\"ltr\"><div dir=\"ltr\"><div dir=\"ltr\"><p><a href=\"https:\/\/lori.hr\/en\/benefit-stand-up-show-marine-orsag\/\" target=\"_blank\" rel=\"nofollow noopener\">Benefit stand-up show Marine Orsag za LORI!<\/a><\/p><\/div><div dir=\"ltr\"><a href=\"https:\/\/lori.hr\/en\/queer-up-party-pride-edition\/\" target=\"_blank\" rel=\"nofollow noopener\">Queer-UP! Party \u2013 Pride Edition<\/a><\/div><div dir=\"ltr\">\u00a0<\/div><div dir=\"ltr\"><p><a href=\"https:\/\/lori.hr\/en\/queerz-pub-kviz-u-circolu\/\" target=\"_blank\" rel=\"nofollow noopener\">QUEE(r)Z \u2013 pub kviz u Circolu!<\/a><\/p><\/div><p><a href=\"https:\/\/lori.hr\/en\/queer-setnja-rijekom\/\" target=\"_blank\" rel=\"nofollow noopener\">Queer \u0161etnja Rijekom<\/a><\/p><\/div><div class=\"ydpc82db510yiv0366563151ydp55045407signature\"><div><div><div dir=\"ltr\"><div class=\"ydpc82db510yiv0366563151ydpe4d87e0apasted-link\" dir=\"ltr\"><div class=\"ydpc82db510yiv0366563151ydpda75c286pasted-link\" dir=\"ltr\"><div class=\"ydpc82db510yiv0366563151ydpa6fb42b8pasted-link\" dir=\"ltr\"><p><a href=\"https:\/\/lori.hr\/en\/queer-karaoke-u-circolu\/\" target=\"_blank\" rel=\"nofollow noopener\">Queer karaoke u Circolu<\/a><\/p><\/div><\/div><\/div><\/div><\/div><\/div><\/div><p><a href=\"https:\/\/lori.hr\/en\/queer-setnja-uz-rjecinu\/\" target=\"_blank\" rel=\"nofollow noopener\">Queer \u0161etnja uz Rje\u010dinu<\/a><\/p><p><a href=\"https:\/\/lori.hr\/en\/queer-setnja-suma-striborova\/\" target=\"_blank\" rel=\"nofollow noopener\">Queer \u0161etnje se nastavljaju: \u0160uma Striborova te \u010deka!<\/a><\/p><p><a href=\"https:\/\/lori.hr\/en\/druskanje-u-toru\/\" target=\"_blank\" rel=\"nofollow noopener\">Dru\u0161kanje u Toru<\/a><\/p><\/div><div class=\"ydpc82db510yiv0366563151ydpa6fb42b8pasted-link\" dir=\"ltr\"><p><a href=\"https:\/\/lori.hr\/en\/queer-setnja-veli-vrh\/\" target=\"_blank\" rel=\"nofollow noopener\">Queer \u0161etnja po Velom vrhu \u2013 17.6.2021. u 18h<\/a><\/p><p><a href=\"https:\/\/lori.hr\/en\/queer-setnja-oko-zvjezdarnice\/\" target=\"_blank\" rel=\"nofollow noopener\">Queer \u0161etnja oko zvjezdarnice, 1.6.21. u 16.30<\/a><\/p><p><a href=\"https:\/\/lori.hr\/en\/queer-setnja-trsatom\/\" target=\"_blank\" rel=\"nofollow noopener\">Queer \u0161etnja Trsatom \u2013 otkrivanje rije\u010dkih \u0161etnica<\/a><\/p><\/div>\t\t\t\t\t\t\t\t<\/div>\n\t\t\t\t<\/div>\n\t\t\t\t\t<\/div>\n\t\t\t\t<\/div>\n\t\t<div class=\"elementor-element elementor-element-f62cec4 e-flex e-con-boxed e-con e-parent\" data-id=\"f62cec4\" data-element_type=\"container\">\n\t\t\t\t\t<div class=\"e-con-inner\">\n\t\t\t\t<div class=\"elementor-element elementor-element-81872dd elementor-widget elementor-widget-spacer\" data-id=\"81872dd\" data-element_type=\"widget\" data-widget_type=\"spacer.default\">\n\t\t\t\t\t\t\t<div class=\"elementor-spacer\">\n\t\t\t<div class=\"elementor-spacer-inner\"><\/div>\n\t\t<\/div>\n\t\t\t\t\t\t<\/div>\n\t\t\t\t\t<\/div>\n\t\t\t\t<\/div>\n\t\t\t\t<\/div>","protected":false},"excerpt":{"rendered":"<p>Dru\u017eenja U okviru programa Podr\u0161ka i osna\u017eivanje LGBTIQ zajednice LORI redovito organizira razne dru\u0161tvene sadr\u017eaje koja imaju za cilj osna\u017eiti i povezati zajednicu u sigurnom i podr\u017eavaju\u0107em prostoru. Za osmi\u0161ljavanje i organizaciju dru\u0161tvenih, ali i kulturnih aktivnosti udruge (npr. izlo\u017ebe, radionice,\u00a0pub\u00a0kvizovi, knji\u017eevne ve\u010deri, Kvir poetRI \u2013 ve\u010deri \u010ditanja queer poezije, filmske projekcije isl.) zadu\u017een je &hellip;<\/p>\n<p class=\"read-more\"> <a class=\"\" href=\"https:\/\/lori.hr\/en\/druzenja\/\"> <span class=\"screen-reader-text\">Social events<\/span> Read More \u00bb<\/a><\/p>","protected":false},"author":1,"featured_media":0,"parent":0,"menu_order":0,"comment_status":"closed","ping_status":"closed","template":"","meta":{"_uag_custom_page_level_css":"","site-sidebar-layout":"no-sidebar","site-content-layout":"page-builder","ast-site-content-layout":"","site-content-style":"default","site-sidebar-style":"default","ast-global-header-display":"","ast-banner-title-visibility":"","ast-main-header-display":"","ast-hfb-above-header-display":"","ast-hfb-below-header-display":"","ast-hfb-mobile-header-display":"","site-post-title":"disabled","ast-breadcrumbs-content":"","ast-featured-img":"disabled","footer-sml-layout":"","theme-transparent-header-meta":"","adv-header-id-meta":"","stick-header-meta":"","header-above-stick-meta":"","header-main-stick-meta":"","header-below-stick-meta":"","astra-migrate-meta-layouts":"","footnotes":""},"class_list":["post-1547","page","type-page","status-publish","hentry"],"uagb_featured_image_src":{"full":false,"thumbnail":false,"medium":false,"medium_large":false,"large":false,"1536x1536":false,"2048x2048":false,"trp-custom-language-flag":false},"uagb_author_info":{"display_name":"LORI","author_link":"https:\/\/lori.hr\/en\/author\/ikenji\/"},"uagb_comment_info":0,"uagb_excerpt":"Dru\u017eenja U okviru programa Podr\u0161ka i osna\u017eivanje LGBTIQ zajednice LORI redovito organizira razne dru\u0161tvene sadr\u017eaje koja imaju za cilj osna\u017eiti i povezati zajednicu u sigurnom i podr\u017eavaju\u0107em prostoru. Za osmi\u0161ljavanje i organizaciju dru\u0161tvenih, ali i kulturnih aktivnosti udruge (npr. izlo\u017ebe, radionice,\u00a0pub\u00a0kvizovi, knji\u017eevne ve\u010deri, Kvir poetRI \u2013 ve\u010deri \u010ditanja queer poezije, filmske projekcije isl.) zadu\u017een je&hellip;","_links":{"self":[{"href":"https:\/\/lori.hr\/en\/wp-json\/wp\/v2\/pages\/1547","targetHints":{"allow":["GET"]}}],"collection":[{"href":"https:\/\/lori.hr\/en\/wp-json\/wp\/v2\/pages"}],"about":[{"href":"https:\/\/lori.hr\/en\/wp-json\/wp\/v2\/types\/page"}],"author":[{"embeddable":true,"href":"https:\/\/lori.hr\/en\/wp-json\/wp\/v2\/users\/1"}],"replies":[{"embeddable":true,"href":"https:\/\/lori.hr\/en\/wp-json\/wp\/v2\/comments?post=1547"}],"version-history":[{"count":61,"href":"https:\/\/lori.hr\/en\/wp-json\/wp\/v2\/pages\/1547\/revisions"}],"predecessor-version":[{"id":11235,"href":"https:\/\/lori.hr\/en\/wp-json\/wp\/v2\/pages\/1547\/revisions\/11235"}],"wp:attachment":[{"href":"https:\/\/lori.hr\/en\/wp-json\/wp\/v2\/media?parent=1547"}],"curies":[{"name":"wp","href":"https:\/\/api.w.org\/{rel}","templated":true}]}}