{"id":1549,"date":"2023-02-05T11:04:20","date_gmt":"2023-02-05T10:04:20","guid":{"rendered":"https:\/\/lori.hr\/?page_id=1549"},"modified":"2024-11-19T17:26:54","modified_gmt":"2024-11-19T16:26:54","slug":"radionice","status":"publish","type":"page","link":"https:\/\/lori.hr\/en\/radionice\/","title":{"rendered":"Workshops"},"content":{"rendered":"<div data-elementor-type=\"wp-page\" data-elementor-id=\"1549\" class=\"elementor elementor-1549\" data-elementor-post-type=\"page\">\n\t\t\t\t<div class=\"elementor-element elementor-element-70a4765 navboja e-flex e-con-boxed e-con e-parent\" data-id=\"70a4765\" data-element_type=\"container\" data-settings=\"{&quot;background_background&quot;:&quot;classic&quot;}\">\n\t\t\t\t\t<div class=\"e-con-inner\">\n\t\t\t\t<div class=\"elementor-element elementor-element-186e044 elementor-widget elementor-widget-spacer\" data-id=\"186e044\" data-element_type=\"widget\" data-widget_type=\"spacer.default\">\n\t\t\t\t\t\t\t<div class=\"elementor-spacer\">\n\t\t\t<div class=\"elementor-spacer-inner\"><\/div>\n\t\t<\/div>\n\t\t\t\t\t\t<\/div>\n\t\t\t\t\t<\/div>\n\t\t\t\t<\/div>\n\t\t<div class=\"elementor-element elementor-element-11dfd9a e-flex e-con-boxed e-con e-parent\" data-id=\"11dfd9a\" data-element_type=\"container\">\n\t\t\t\t\t<div class=\"e-con-inner\">\n\t\t\t\t<div class=\"elementor-element elementor-element-cfa78c2 elementor-widget elementor-widget-spacer\" data-id=\"cfa78c2\" data-element_type=\"widget\" data-widget_type=\"spacer.default\">\n\t\t\t\t\t\t\t<div class=\"elementor-spacer\">\n\t\t\t<div class=\"elementor-spacer-inner\"><\/div>\n\t\t<\/div>\n\t\t\t\t\t\t<\/div>\n\t\t\t\t<div class=\"elementor-element elementor-element-be0015a elementor-widget elementor-widget-heading\" data-id=\"be0015a\" data-element_type=\"widget\" data-widget_type=\"heading.default\">\n\t\t\t\t\t<h1 class=\"elementor-heading-title elementor-size-default\">Workshops<\/h1>\t\t\t\t<\/div>\n\t\t\t\t<div class=\"elementor-element elementor-element-65046f8 elementor-widget-divider--view-line elementor-widget elementor-widget-divider\" data-id=\"65046f8\" data-element_type=\"widget\" data-widget_type=\"divider.default\">\n\t\t\t\t\t\t\t<div class=\"elementor-divider\">\n\t\t\t<span class=\"elementor-divider-separator\">\n\t\t\t\t\t\t<\/span>\n\t\t<\/div>\n\t\t\t\t\t\t<\/div>\n\t\t\t\t\t<\/div>\n\t\t\t\t<\/div>\n\t\t<div class=\"elementor-element elementor-element-010797e e-flex e-con-boxed e-con e-parent\" data-id=\"010797e\" data-element_type=\"container\">\n\t\t\t\t\t<div class=\"e-con-inner\">\n\t\t<div class=\"elementor-element elementor-element-04036b9 e-con-full e-flex e-con e-child\" data-id=\"04036b9\" data-element_type=\"container\">\n\t\t\t\t<div class=\"elementor-element elementor-element-a2c6251 elementor-widget elementor-widget-text-editor\" data-id=\"a2c6251\" data-element_type=\"widget\" data-widget_type=\"text-editor.default\">\n\t\t\t\t\t\t\t\t\t<p class=\"translation-block\"><span style=\"font-weight: 400\">One of the most important LORI goals is to provide support, inform and empower the LGBTIQ+ community itself; therefore, one of our pillar programs is <a href=\"https:\/\/lori.hr\/en\/podrska-i-osnazivanje-lgbtiq-zajednice\/\" target=\"_blank\" rel=\"noopener\">Supporting and Empowering LGBTIQ+ community<\/a>.<\/span><span style=\"font-weight: 400\"><br><\/span><span style=\"font-weight: 400\">Psychosocial support includes, among other things, educational, creative, psychological and other empowering workshops for the LGBTIQ+ community.<\/span><\/p><p class=\"translation-block\"><span style=\"font-weight: 400\">Living in a homophobic, biphobic and transphobic environment, constantly facing discrimination and oppression, as well as being exposed to various forms of violence has grave consequences for lesbians, gays, bisexual, intersex and transgender persons. In addition, the incessant requirement to come out (and constant thinking about the choice of whether to hide their life or reveal it) puts LGBTIQ+ people under continuous pressure, which happens every time they meet a new person, in a private or work environment or in any other social interactions. Therefore, it is necessary to provide support for LGBTIQ+ persons, the one that will empower them and help them solve specific difficulties they face.<\/span><\/p>\t\t\t\t\t\t\t\t<\/div>\n\t\t\t\t<\/div>\n\t\t<div class=\"elementor-element elementor-element-d5e689a e-con-full e-flex e-con e-child\" data-id=\"d5e689a\" data-element_type=\"container\">\n\t\t\t\t<div class=\"elementor-element elementor-element-ed2fd58 elementor-widget elementor-widget-image\" data-id=\"ed2fd58\" data-element_type=\"widget\" data-widget_type=\"image.default\">\n\t\t\t\t\t\t\t\t\t\t\t\t\t\t\t<img fetchpriority=\"high\" decoding=\"async\" width=\"1925\" height=\"1284\" src=\"https:\/\/lori.hr\/wp-content\/uploads\/2023\/02\/Radionice.jpg\" class=\"attachment-full size-full wp-image-1878\" alt=\"\" srcset=\"https:\/\/lori.hr\/wp-content\/uploads\/2023\/02\/Radionice.jpg 1925w, https:\/\/lori.hr\/wp-content\/uploads\/2023\/02\/Radionice-300x200.jpg 300w, https:\/\/lori.hr\/wp-content\/uploads\/2023\/02\/Radionice-1024x683.jpg 1024w, https:\/\/lori.hr\/wp-content\/uploads\/2023\/02\/Radionice-768x512.jpg 768w, https:\/\/lori.hr\/wp-content\/uploads\/2023\/02\/Radionice-1536x1025.jpg 1536w\" sizes=\"(max-width: 1925px) 100vw, 1925px\" \/>\t\t\t\t\t\t\t\t\t\t\t\t\t\t\t<\/div>\n\t\t\t\t<\/div>\n\t\t\t\t\t<\/div>\n\t\t\t\t<\/div>\n\t\t<div class=\"elementor-element elementor-element-f844b90 e-flex e-con-boxed e-con e-parent\" data-id=\"f844b90\" data-element_type=\"container\" data-settings=\"{&quot;background_background&quot;:&quot;classic&quot;}\">\n\t\t\t\t\t<div class=\"e-con-inner\">\n\t\t<div class=\"elementor-element elementor-element-0d90c9d e-con-full e-flex e-con e-child\" data-id=\"0d90c9d\" data-element_type=\"container\">\n\t\t\t\t<div class=\"elementor-element elementor-element-dc25b8f elementor-widget elementor-widget-text-editor\" data-id=\"dc25b8f\" data-element_type=\"widget\" data-widget_type=\"text-editor.default\">\n\t\t\t\t\t\t\t\t\t<p><span style=\"font-weight: 400;\"><b>Educational workshops<\/b> focus mostly on LGBTIQ+ issues, human rights in general, and women's rights. Some of the topics at earlier workshops were: coming out, understanding transgender identities, queer, women's rights, feminism in our area, media and human rights, and many others.<\/span><\/p><p><span style=\"font-weight: 400;\">In addition, educational workshops can also focus on the organisation of work and organisational activities, primarily intended for activists and volunteers, e.g. on project management, teamwork, team communication, leading specific activities and the like.<\/span><\/p>\t\t\t\t\t\t\t\t<\/div>\n\t\t\t\t<\/div>\n\t\t<div class=\"elementor-element elementor-element-48fc0d7 e-con-full e-flex e-con e-child\" data-id=\"48fc0d7\" data-element_type=\"container\">\n\t\t\t\t<div class=\"elementor-element elementor-element-11f17a6 elementor-widget elementor-widget-text-editor\" data-id=\"11f17a6\" data-element_type=\"widget\" data-widget_type=\"text-editor.default\">\n\t\t\t\t\t\t\t\t\t<p><span style=\"font-weight: 400;\"><b>Psychological workshops<\/b> were very topical in LORI in the early 2000s, and the most common topics were self-acceptance, internalised homophobia, lesbian relationships, sexuality, relationships, nonviolent communication methods, and assertive behaviour.<\/span><span style=\"font-weight: 400;\"><br \/><\/span><span style=\"font-weight: 400;\">Educational and\/or empowering workshops are diverse: from learning about the basics of electricity through constructing an electric lamp, to how to be more engaged in your community.<\/span><\/p><p><span style=\"font-weight: 400;\">On creative workshops we usually make decorations and banners, often for a special action or occasion, for example, for Pride, protests, Night March and the like.<\/span><\/p>\t\t\t\t\t\t\t\t<\/div>\n\t\t\t\t<\/div>\n\t\t\t\t\t<\/div>\n\t\t\t\t<\/div>\n\t\t<div class=\"elementor-element elementor-element-a7725d3 e-flex e-con-boxed e-con e-parent\" data-id=\"a7725d3\" data-element_type=\"container\">\n\t\t\t\t\t<div class=\"e-con-inner\">\n\t\t\t\t<div class=\"elementor-element elementor-element-1a201f6 elementor-widget elementor-widget-spacer\" data-id=\"1a201f6\" data-element_type=\"widget\" data-widget_type=\"spacer.default\">\n\t\t\t\t\t\t\t<div class=\"elementor-spacer\">\n\t\t\t<div class=\"elementor-spacer-inner\"><\/div>\n\t\t<\/div>\n\t\t\t\t\t\t<\/div>\n\t\t\t\t<div class=\"elementor-element elementor-element-fd81efa elementor-widget elementor-widget-heading\" data-id=\"fd81efa\" data-element_type=\"widget\" data-widget_type=\"heading.default\">\n\t\t\t\t\t<h2 class=\"elementor-heading-title elementor-size-default\">LORI previous workshops are below (texts are in Croatian):<\/h2>\t\t\t\t<\/div>\n\t\t\t\t\t<\/div>\n\t\t\t\t<\/div>\n\t\t<div class=\"elementor-element elementor-element-593e33f e-flex e-con-boxed e-con e-parent\" data-id=\"593e33f\" data-element_type=\"container\">\n\t\t\t\t\t<div class=\"e-con-inner\">\n\t\t<div class=\"elementor-element elementor-element-5b930ec e-con-full e-flex e-con e-child\" data-id=\"5b930ec\" data-element_type=\"container\">\n\t\t\t\t<div class=\"elementor-element elementor-element-7ce1c05 elementor-icon-list--layout-traditional elementor-list-item-link-full_width elementor-widget elementor-widget-icon-list\" data-id=\"7ce1c05\" data-element_type=\"widget\" data-widget_type=\"icon-list.default\">\n\t\t\t\t\t\t\t<ul class=\"elementor-icon-list-items\">\n\t\t\t\t\t\t\t<li class=\"elementor-icon-list-item\">\n\t\t\t\t\t\t\t\t\t\t\t<a href=\"https:\/\/lori.hr\/en\/besplatna-radionica-voguea\/\" target=\"_blank\">\n\n\t\t\t\t\t\t\t\t\t\t\t\t<span class=\"elementor-icon-list-icon\">\n\t\t\t\t\t\t\t<i aria-hidden=\"true\" class=\"fas fa-dot-circle\"><\/i>\t\t\t\t\t\t<\/span>\n\t\t\t\t\t\t\t\t\t\t<span class=\"elementor-icon-list-text\">Besplatna radionica voguea<\/span>\n\t\t\t\t\t\t\t\t\t\t\t<\/a>\n\t\t\t\t\t\t\t\t\t<\/li>\n\t\t\t\t\t\t\t\t<li class=\"elementor-icon-list-item\">\n\t\t\t\t\t\t\t\t\t\t\t<a href=\"https:\/\/lori.hr\/en\/radionica-za-lbtq-zene-kako-ojacati-psihicko-zdravlje\/\" target=\"_blank\">\n\n\t\t\t\t\t\t\t\t\t\t\t\t<span class=\"elementor-icon-list-icon\">\n\t\t\t\t\t\t\t<i aria-hidden=\"true\" class=\"fas fa-dot-circle\"><\/i>\t\t\t\t\t\t<\/span>\n\t\t\t\t\t\t\t\t\t\t<span class=\"elementor-icon-list-text\">Radionica za LBTQ \u017eene: Kako (o)ja\u010dati psihi\u010dko zdravlje?<\/span>\n\t\t\t\t\t\t\t\t\t\t\t<\/a>\n\t\t\t\t\t\t\t\t\t<\/li>\n\t\t\t\t\t\t\t\t<li class=\"elementor-icon-list-item\">\n\t\t\t\t\t\t\t\t\t\t\t<a href=\"https:\/\/lori.hr\/en\/kvirionica-sto-je-to-pristanak\/\" target=\"_blank\">\n\n\t\t\t\t\t\t\t\t\t\t\t\t<span class=\"elementor-icon-list-icon\">\n\t\t\t\t\t\t\t<i aria-hidden=\"true\" class=\"fas fa-dot-circle\"><\/i>\t\t\t\t\t\t<\/span>\n\t\t\t\t\t\t\t\t\t\t<span class=\"elementor-icon-list-text\">Kvirionica: \u0160to je to pristanak?<\/span>\n\t\t\t\t\t\t\t\t\t\t\t<\/a>\n\t\t\t\t\t\t\t\t\t<\/li>\n\t\t\t\t\t\t\t\t<li class=\"elementor-icon-list-item\">\n\t\t\t\t\t\t\t\t\t\t\t<a href=\"https:\/\/lori.hr\/en\/kvirionica-sto-je-to-pristanak\/\" target=\"_blank\">\n\n\t\t\t\t\t\t\t\t\t\t\t\t<span class=\"elementor-icon-list-icon\">\n\t\t\t\t\t\t\t<i aria-hidden=\"true\" class=\"fas fa-dot-circle\"><\/i>\t\t\t\t\t\t<\/span>\n\t\t\t\t\t\t\t\t\t\t<span class=\"elementor-icon-list-text\">Radionice i izrada online resursa: Podr\u0161ka queer mladima<\/span>\n\t\t\t\t\t\t\t\t\t\t\t<\/a>\n\t\t\t\t\t\t\t\t\t<\/li>\n\t\t\t\t\t\t\t\t<li class=\"elementor-icon-list-item\">\n\t\t\t\t\t\t\t\t\t\t\t<a href=\"https:\/\/lori.hr\/en\/odrzane-radionice-za-mlade-grupa-mladih-lori-uci-i-raste\/\" target=\"_blank\">\n\n\t\t\t\t\t\t\t\t\t\t\t\t<span class=\"elementor-icon-list-icon\">\n\t\t\t\t\t\t\t<i aria-hidden=\"true\" class=\"fas fa-dot-circle\"><\/i>\t\t\t\t\t\t<\/span>\n\t\t\t\t\t\t\t\t\t\t<span class=\"elementor-icon-list-text\">Radionice za mlade: Grupa mladih LORI u\u010di i raste<\/span>\n\t\t\t\t\t\t\t\t\t\t\t<\/a>\n\t\t\t\t\t\t\t\t\t<\/li>\n\t\t\t\t\t\t\t\t<li class=\"elementor-icon-list-item\">\n\t\t\t\t\t\t\t\t\t\t\t<a href=\"https:\/\/lori.hr\/en\/spisateljska-radionica\/\" target=\"_blank\">\n\n\t\t\t\t\t\t\t\t\t\t\t\t<span class=\"elementor-icon-list-icon\">\n\t\t\t\t\t\t\t<i aria-hidden=\"true\" class=\"fas fa-dot-circle\"><\/i>\t\t\t\t\t\t<\/span>\n\t\t\t\t\t\t\t\t\t\t<span class=\"elementor-icon-list-text\">Moja (prva) kvir pri\u010da \u2013 spisateljska radionica za po\u010detnice i po\u010detnike<\/span>\n\t\t\t\t\t\t\t\t\t\t\t<\/a>\n\t\t\t\t\t\t\t\t\t<\/li>\n\t\t\t\t\t\t\t\t<li class=\"elementor-icon-list-item\">\n\t\t\t\t\t\t\t\t\t\t\t<a href=\"https:\/\/lori.hr\/en\/poziv-na-radionicu-tko-se-boji-zena-jos\/\" target=\"_blank\">\n\n\t\t\t\t\t\t\t\t\t\t\t\t<span class=\"elementor-icon-list-icon\">\n\t\t\t\t\t\t\t<i aria-hidden=\"true\" class=\"fas fa-dot-circle\"><\/i>\t\t\t\t\t\t<\/span>\n\t\t\t\t\t\t\t\t\t\t<span class=\"elementor-icon-list-text\">Radionica \u201cTko se boji \u017eena jo\u0161?\u201d<\/span>\n\t\t\t\t\t\t\t\t\t\t\t<\/a>\n\t\t\t\t\t\t\t\t\t<\/li>\n\t\t\t\t\t\t\t\t<li class=\"elementor-icon-list-item\">\n\t\t\t\t\t\t\t\t\t\t\t<a href=\"https:\/\/lori.hr\/en\/poziv-na-radionicu-socijalna-anksioznost\/\" target=\"_blank\">\n\n\t\t\t\t\t\t\t\t\t\t\t\t<span class=\"elementor-icon-list-icon\">\n\t\t\t\t\t\t\t<i aria-hidden=\"true\" class=\"fas fa-dot-circle\"><\/i>\t\t\t\t\t\t<\/span>\n\t\t\t\t\t\t\t\t\t\t<span class=\"elementor-icon-list-text\">Radionica \u201cSocijalna anksioznost i \u0161to s njom?\u201d<\/span>\n\t\t\t\t\t\t\t\t\t\t\t<\/a>\n\t\t\t\t\t\t\t\t\t<\/li>\n\t\t\t\t\t\t\t\t<li class=\"elementor-icon-list-item\">\n\t\t\t\t\t\t\t\t\t\t\t<a href=\"https:\/\/lori.hr\/en\/poziv-na-radionicu-hitchhikers-guide-to-happiness\/\" target=\"_blank\">\n\n\t\t\t\t\t\t\t\t\t\t\t\t<span class=\"elementor-icon-list-icon\">\n\t\t\t\t\t\t\t<i aria-hidden=\"true\" class=\"fas fa-dot-circle\"><\/i>\t\t\t\t\t\t<\/span>\n\t\t\t\t\t\t\t\t\t\t<span class=\"elementor-icon-list-text\">Ljetna radionica \u201cHitchhiker\u2019s guide to happiness\u201d<\/span>\n\t\t\t\t\t\t\t\t\t\t\t<\/a>\n\t\t\t\t\t\t\t\t\t<\/li>\n\t\t\t\t\t\t\t\t<li class=\"elementor-icon-list-item\">\n\t\t\t\t\t\t\t\t\t\t\t<a href=\"https:\/\/lori.hr\/en\/radionica-jogjakartska-nacela-zagreb\/\" target=\"_blank\">\n\n\t\t\t\t\t\t\t\t\t\t\t\t<span class=\"elementor-icon-list-icon\">\n\t\t\t\t\t\t\t<i aria-hidden=\"true\" class=\"fas fa-dot-circle\"><\/i>\t\t\t\t\t\t<\/span>\n\t\t\t\t\t\t\t\t\t\t<span class=\"elementor-icon-list-text\">Radionica: Jogjakartska na\u010dela \u2013 me\u0111unarodne pravne norme u za\u0161titi ljudski prava LGBT osoba<\/span>\n\t\t\t\t\t\t\t\t\t\t\t<\/a>\n\t\t\t\t\t\t\t\t\t<\/li>\n\t\t\t\t\t\t\t\t<li class=\"elementor-icon-list-item\">\n\t\t\t\t\t\t\t\t\t\t\t<a href=\"https:\/\/lori.hr\/en\/radionica-kreativnost-u-duginim-bojama\/\" target=\"_blank\">\n\n\t\t\t\t\t\t\t\t\t\t\t\t<span class=\"elementor-icon-list-icon\">\n\t\t\t\t\t\t\t<i aria-hidden=\"true\" class=\"fas fa-dot-circle\"><\/i>\t\t\t\t\t\t<\/span>\n\t\t\t\t\t\t\t\t\t\t<span class=\"elementor-icon-list-text\">Radionica \u201cKreativnost u duginim bojama\u201d<\/span>\n\t\t\t\t\t\t\t\t\t\t\t<\/a>\n\t\t\t\t\t\t\t\t\t<\/li>\n\t\t\t\t\t\t<\/ul>\n\t\t\t\t\t\t<\/div>\n\t\t\t\t<\/div>\n\t\t<div class=\"elementor-element elementor-element-24d4504 e-con-full e-flex e-con e-child\" data-id=\"24d4504\" data-element_type=\"container\">\n\t\t\t\t<div class=\"elementor-element elementor-element-5405e17 elementor-widget elementor-widget-image\" data-id=\"5405e17\" data-element_type=\"widget\" data-widget_type=\"image.default\">\n\t\t\t\t\t\t\t\t\t\t\t\t\t\t\t<img loading=\"lazy\" decoding=\"async\" width=\"750\" height=\"582\" src=\"https:\/\/lori.hr\/wp-content\/uploads\/2023\/05\/Tko-se-boji-zena-jos.jpg\" class=\"attachment-large size-large wp-image-6893\" alt=\"\" srcset=\"https:\/\/lori.hr\/wp-content\/uploads\/2023\/05\/Tko-se-boji-zena-jos.jpg 750w, https:\/\/lori.hr\/wp-content\/uploads\/2023\/05\/Tko-se-boji-zena-jos-300x233.jpg 300w\" sizes=\"auto, (max-width: 750px) 100vw, 750px\" \/>\t\t\t\t\t\t\t\t\t\t\t\t\t\t\t<\/div>\n\t\t\t\t<\/div>\n\t\t\t\t\t<\/div>\n\t\t\t\t<\/div>\n\t\t<div class=\"elementor-element elementor-element-65fce39 e-flex e-con-boxed e-con e-parent\" data-id=\"65fce39\" data-element_type=\"container\">\n\t\t\t\t\t<div class=\"e-con-inner\">\n\t\t\t\t<div class=\"elementor-element elementor-element-852aa5e elementor-widget elementor-widget-spacer\" data-id=\"852aa5e\" data-element_type=\"widget\" data-widget_type=\"spacer.default\">\n\t\t\t\t\t\t\t<div class=\"elementor-spacer\">\n\t\t\t<div class=\"elementor-spacer-inner\"><\/div>\n\t\t<\/div>\n\t\t\t\t\t\t<\/div>\n\t\t\t\t\t<\/div>\n\t\t\t\t<\/div>\n\t\t\t\t<\/div>","protected":false},"excerpt":{"rendered":"<p>Radionice Jedan od najva\u017enijih ciljeva LORI je pru\u017eanje podr\u0161ke, informiranje i osna\u017eivanje same LGBTIQ+ zajednice, te je i jedan od glavnih programa udruge upravo Podr\u0161ka i osna\u017eivanje LGBTIQ+ zajednice.Psihosocijalna podr\u0161ka uklju\u010duje izme\u0111u ostalog i edukativne, kreativne, psiholo\u0161ke i druge radionice osna\u017eivanja za LGBTIQ+ zajednicu. \u017divljenje u homofobnoj, bifobnoj i transfobnoj sredini, stalno suo\u010davanje s diskriminacijom &hellip;<\/p>\n<p class=\"read-more\"> <a class=\"\" href=\"https:\/\/lori.hr\/en\/radionice\/\"> <span class=\"screen-reader-text\">Workshops<\/span> Read More \u00bb<\/a><\/p>","protected":false},"author":1,"featured_media":0,"parent":0,"menu_order":0,"comment_status":"closed","ping_status":"closed","template":"","meta":{"_uag_custom_page_level_css":"","site-sidebar-layout":"no-sidebar","site-content-layout":"page-builder","ast-site-content-layout":"","site-content-style":"default","site-sidebar-style":"default","ast-global-header-display":"","ast-banner-title-visibility":"","ast-main-header-display":"","ast-hfb-above-header-display":"","ast-hfb-below-header-display":"","ast-hfb-mobile-header-display":"","site-post-title":"disabled","ast-breadcrumbs-content":"","ast-featured-img":"disabled","footer-sml-layout":"","theme-transparent-header-meta":"","adv-header-id-meta":"","stick-header-meta":"","header-above-stick-meta":"","header-main-stick-meta":"","header-below-stick-meta":"","astra-migrate-meta-layouts":"","footnotes":""},"class_list":["post-1549","page","type-page","status-publish","hentry"],"uagb_featured_image_src":{"full":false,"thumbnail":false,"medium":false,"medium_large":false,"large":false,"1536x1536":false,"2048x2048":false,"trp-custom-language-flag":false},"uagb_author_info":{"display_name":"LORI","author_link":"https:\/\/lori.hr\/en\/author\/ikenji\/"},"uagb_comment_info":0,"uagb_excerpt":"Radionice Jedan od najva\u017enijih ciljeva LORI je pru\u017eanje podr\u0161ke, informiranje i osna\u017eivanje same LGBTIQ+ zajednice, te je i jedan od glavnih programa udruge upravo Podr\u0161ka i osna\u017eivanje LGBTIQ+ zajednice.Psihosocijalna podr\u0161ka uklju\u010duje izme\u0111u ostalog i edukativne, kreativne, psiholo\u0161ke i druge radionice osna\u017eivanja za LGBTIQ+ zajednicu. \u017divljenje u homofobnoj, bifobnoj i transfobnoj sredini, stalno suo\u010davanje s diskriminacijom&hellip;","_links":{"self":[{"href":"https:\/\/lori.hr\/en\/wp-json\/wp\/v2\/pages\/1549","targetHints":{"allow":["GET"]}}],"collection":[{"href":"https:\/\/lori.hr\/en\/wp-json\/wp\/v2\/pages"}],"about":[{"href":"https:\/\/lori.hr\/en\/wp-json\/wp\/v2\/types\/page"}],"author":[{"embeddable":true,"href":"https:\/\/lori.hr\/en\/wp-json\/wp\/v2\/users\/1"}],"replies":[{"embeddable":true,"href":"https:\/\/lori.hr\/en\/wp-json\/wp\/v2\/comments?post=1549"}],"version-history":[{"count":19,"href":"https:\/\/lori.hr\/en\/wp-json\/wp\/v2\/pages\/1549\/revisions"}],"predecessor-version":[{"id":10314,"href":"https:\/\/lori.hr\/en\/wp-json\/wp\/v2\/pages\/1549\/revisions\/10314"}],"wp:attachment":[{"href":"https:\/\/lori.hr\/en\/wp-json\/wp\/v2\/media?parent=1549"}],"curies":[{"name":"wp","href":"https:\/\/api.w.org\/{rel}","templated":true}]}}