{"id":1573,"date":"2023-02-05T11:37:49","date_gmt":"2023-02-05T10:37:49","guid":{"rendered":"https:\/\/lori.hr\/?page_id=1573"},"modified":"2024-03-25T13:11:58","modified_gmt":"2024-03-25T12:11:58","slug":"za-lgbtiq-mlade","status":"publish","type":"page","link":"https:\/\/lori.hr\/en\/za-lgbtiq-mlade\/","title":{"rendered":"Za LGBTIQ mlade"},"content":{"rendered":"<div data-elementor-type=\"wp-page\" data-elementor-id=\"1573\" class=\"elementor elementor-1573\" data-elementor-post-type=\"page\">\n\t\t\t\t<div class=\"elementor-element elementor-element-722c858c navboja e-flex e-con-boxed e-con e-parent\" data-id=\"722c858c\" data-element_type=\"container\" data-settings=\"{&quot;background_background&quot;:&quot;classic&quot;}\">\n\t\t\t\t\t<div class=\"e-con-inner\">\n\t\t\t\t<div class=\"elementor-element elementor-element-394215f1 elementor-widget elementor-widget-spacer\" data-id=\"394215f1\" data-element_type=\"widget\" data-widget_type=\"spacer.default\">\n\t\t\t\t\t\t\t<div class=\"elementor-spacer\">\n\t\t\t<div class=\"elementor-spacer-inner\"><\/div>\n\t\t<\/div>\n\t\t\t\t\t\t<\/div>\n\t\t\t\t\t<\/div>\n\t\t\t\t<\/div>\n\t\t<div class=\"elementor-element elementor-element-94d247f e-flex e-con-boxed e-con e-parent\" data-id=\"94d247f\" data-element_type=\"container\">\n\t\t\t\t\t<div class=\"e-con-inner\">\n\t\t\t\t<div class=\"elementor-element elementor-element-33b82b1 elementor-widget elementor-widget-spacer\" data-id=\"33b82b1\" data-element_type=\"widget\" data-widget_type=\"spacer.default\">\n\t\t\t\t\t\t\t<div class=\"elementor-spacer\">\n\t\t\t<div class=\"elementor-spacer-inner\"><\/div>\n\t\t<\/div>\n\t\t\t\t\t\t<\/div>\n\t\t\t\t<div class=\"elementor-element elementor-element-58b6774d elementor-widget elementor-widget-heading\" data-id=\"58b6774d\" data-element_type=\"widget\" data-widget_type=\"heading.default\">\n\t\t\t\t\t<h1 class=\"elementor-heading-title elementor-size-default\">For LGBTIQ+ youth<\/h1>\t\t\t\t<\/div>\n\t\t\t\t<div class=\"elementor-element elementor-element-376c565e elementor-widget-divider--view-line elementor-widget elementor-widget-divider\" data-id=\"376c565e\" data-element_type=\"widget\" data-widget_type=\"divider.default\">\n\t\t\t\t\t\t\t<div class=\"elementor-divider\">\n\t\t\t<span class=\"elementor-divider-separator\">\n\t\t\t\t\t\t<\/span>\n\t\t<\/div>\n\t\t\t\t\t\t<\/div>\n\t\t\t\t\t<\/div>\n\t\t\t\t<\/div>\n\t\t<div class=\"elementor-element elementor-element-f3a09e2 e-flex e-con-boxed e-con e-parent\" data-id=\"f3a09e2\" data-element_type=\"container\">\n\t\t\t\t\t<div class=\"e-con-inner\">\n\t\t\t\t<div class=\"elementor-element elementor-element-b84b617 elementor-widget elementor-widget-spacer\" data-id=\"b84b617\" data-element_type=\"widget\" data-widget_type=\"spacer.default\">\n\t\t\t\t\t\t\t<div class=\"elementor-spacer\">\n\t\t\t<div class=\"elementor-spacer-inner\"><\/div>\n\t\t<\/div>\n\t\t\t\t\t\t<\/div>\n\t\t\t\t\t<\/div>\n\t\t\t\t<\/div>\n\t\t<div class=\"elementor-element elementor-element-84de233 e-flex e-con-boxed e-con e-parent\" data-id=\"84de233\" data-element_type=\"container\" data-no-translation=\"\">\n\t\t\t\t\t<div class=\"e-con-inner\">\n\t\t<div class=\"elementor-element elementor-element-231384f e-con-full e-flex e-con e-child\" data-id=\"231384f\" data-element_type=\"container\">\n\t\t\t\t<div class=\"elementor-element elementor-element-b0306c2 elementor-widget elementor-widget-text-editor\" data-id=\"b0306c2\" data-element_type=\"widget\" data-widget_type=\"text-editor.default\">\n\t\t\t\t\t\t\t\t\t<p><span style=\"font-weight: 400;\">Working with youth is one of the important areas of LORI work and it includes educations, providing support, empowering and building capacities of LGBTIQ+ youth for civic engagement.<\/span><\/p><p><span style=\"font-weight: 400;\">Youth can get involved in LORI as participants on activities and\/or events, as beneficiaries (of specific free service, for example) or they can take an active role in organising and implementing various activities, campaigns, social and cultural events such as: <\/span><a href=\"https:\/\/lori.hr\/en\/smoqua\/\"><span style=\"font-weight: 400;\">festival Smoqua<\/span><\/a><span style=\"font-weight: 400;\">, <\/span><a href=\"https:\/\/lori.hr\/en\/europski-tjedan-testiranja\/\"><span style=\"font-weight: 400;\">European Testing Week<\/span><\/a><span style=\"font-weight: 400;\">, speaking at panels and events, public actions etc. In that way they get empowered to work in the field of protecting human rights of LGBTI persons (for instance <\/span><a href=\"https:\/\/www.youtube.com\/watch?v=z4SwFVMoEGo&amp;list=PL73QHJA5NhHkuG364tNnCaT7OB4KhipWg&amp;ab_channel=LORI\" target=\"_blank\" rel=\"noopener\"><i><span style=\"font-weight: 400;\">#LORIIDAHOBIT2020<\/span><\/i><\/a> <span style=\"font-weight: 400;\">campaign), connect and make new allyships.<\/span><\/p>\t\t\t\t\t\t\t\t<\/div>\n\t\t\t\t<\/div>\n\t\t<div class=\"elementor-element elementor-element-0febfb3 e-con-full e-flex e-con e-child\" data-id=\"0febfb3\" data-element_type=\"container\">\n\t\t\t\t<div class=\"elementor-element elementor-element-5322cbd elementor-widget elementor-widget-image\" data-id=\"5322cbd\" data-element_type=\"widget\" data-widget_type=\"image.default\">\n\t\t\t\t\t\t\t\t\t\t\t\t\t\t\t<img fetchpriority=\"high\" decoding=\"async\" width=\"800\" height=\"533\" src=\"https:\/\/lori.hr\/wp-content\/uploads\/2023\/03\/LGBT_mladi.jpg\" class=\"attachment-large size-large wp-image-3376\" alt=\"\" srcset=\"https:\/\/lori.hr\/wp-content\/uploads\/2023\/03\/LGBT_mladi.jpg 800w, https:\/\/lori.hr\/wp-content\/uploads\/2023\/03\/LGBT_mladi-300x200.jpg 300w, https:\/\/lori.hr\/wp-content\/uploads\/2023\/03\/LGBT_mladi-768x512.jpg 768w\" sizes=\"(max-width: 800px) 100vw, 800px\" \/>\t\t\t\t\t\t\t\t\t\t\t\t\t\t\t<\/div>\n\t\t\t\t<\/div>\n\t\t\t\t\t<\/div>\n\t\t\t\t<\/div>\n\t\t<div class=\"elementor-element elementor-element-18658cf link-color e-flex e-con-boxed e-con e-parent\" data-id=\"18658cf\" data-element_type=\"container\" data-settings=\"{&quot;background_background&quot;:&quot;classic&quot;}\" data-no-translation=\"\">\n\t\t\t\t\t<div class=\"e-con-inner\">\n\t\t<div class=\"elementor-element elementor-element-e949e64 e-con-full e-flex e-con e-child\" data-id=\"e949e64\" data-element_type=\"container\">\n\t\t\t\t<div class=\"elementor-element elementor-element-3388598 elementor-widget elementor-widget-heading\" data-id=\"3388598\" data-element_type=\"widget\" data-widget_type=\"heading.default\">\n\t\t\t\t\t<h2 class=\"elementor-heading-title elementor-size-default\">Youth group LORI<\/h2>\t\t\t\t<\/div>\n\t\t\t\t<div class=\"elementor-element elementor-element-a0718af elementor-widget elementor-widget-text-editor\" data-id=\"a0718af\" data-element_type=\"widget\" data-widget_type=\"text-editor.default\">\n\t\t\t\t\t\t\t\t\t<p><span style=\"font-weight: 400;\">LORI launched LORI Youth group in 2021 with the aim to ensure a long-time engagement of youth in the local community. In the group, youth share their knowledge and skills about LGBTIQ+ topics, and via their meetings diverse hangouts, movie evenings, talks and\/or public actions and workshops get organised.<\/span><\/p>\t\t\t\t\t\t\t\t<\/div>\n\t\t\t\t<div class=\"elementor-element elementor-element-1451d10 elementor-widget elementor-widget-text-editor\" data-id=\"1451d10\" data-element_type=\"widget\" data-widget_type=\"text-editor.default\">\n\t\t\t\t\t\t\t\t\t<p><span style=\"font-weight: 400;\">LORI Youth Group have conducted several public events such as <\/span><a href=\"https:\/\/lori.hr\/en\/igre-i-kviz-smoqua-2021\/\"><span style=\"font-weight: 400;\">Games without borders<\/span><\/a><span style=\"font-weight: 400;\">, Queer karaoke, a workshop on hate speech etc. The group is open and anyone interested between the ages of 16 to 30 can join it, just send us an e-mail at: <\/span><a href=\"mailto:loricure@yahoo.com\"><span style=\"font-weight: 400;\">loricure@yahoo.com<\/span><\/a><\/p>\t\t\t\t\t\t\t\t<\/div>\n\t\t\t\t<\/div>\n\t\t<div class=\"elementor-element elementor-element-4d8593f e-con-full e-flex e-con e-child\" data-id=\"4d8593f\" data-element_type=\"container\">\n\t\t\t\t<div class=\"elementor-element elementor-element-161f849 elementor-widget elementor-widget-spacer\" data-id=\"161f849\" data-element_type=\"widget\" data-widget_type=\"spacer.default\">\n\t\t\t\t\t\t\t<div class=\"elementor-spacer\">\n\t\t\t<div class=\"elementor-spacer-inner\"><\/div>\n\t\t<\/div>\n\t\t\t\t\t\t<\/div>\n\t\t\t\t<div class=\"elementor-element elementor-element-8bd2dba elementor-widget elementor-widget-text-editor\" data-id=\"8bd2dba\" data-element_type=\"widget\" data-widget_type=\"text-editor.default\">\n\t\t\t\t\t\t\t\t\t<p><span style=\"font-weight: 400;\">Are you interested in LGBTIQ+ topics, where to seek support, or you simply wish to engage in human rights of LGBTI persons? This leaflet contains information on various civil society organisations and archives that may be of help on your journey through activism, support and fun contents. The leaflet was created within project <\/span><a href=\"https:\/\/lori.hr\/en\/mladi-za-ravnopravnost\/\"><span style=\"font-weight: 400;\">\u201eYouth for Equality\u201c<\/span><\/a><span style=\"font-weight: 400;\"> financed by Central State Office of Demography and Youth.<\/span><\/p>\t\t\t\t\t\t\t\t<\/div>\n\t\t\t\t<div class=\"elementor-element elementor-element-7a347fc elementor-widget elementor-widget-image\" data-id=\"7a347fc\" data-element_type=\"widget\" data-widget_type=\"image.default\">\n\t\t\t\t\t\t\t\t\t\t\t\t\t\t\t\t<a href=\"https:\/\/lori.hr\/wp-content\/uploads\/2023\/06\/Queer-resursi-za-mlade.pdf\" target=\"_blank\">\n\t\t\t\t\t\t\t<img loading=\"lazy\" decoding=\"async\" width=\"700\" height=\"990\" src=\"https:\/\/lori.hr\/wp-content\/uploads\/2023\/06\/Queer-resursi-za-mlade-min.jpg\" class=\"attachment-large size-large wp-image-8147\" alt=\"\" srcset=\"https:\/\/lori.hr\/wp-content\/uploads\/2023\/06\/Queer-resursi-za-mlade-min.jpg 700w, https:\/\/lori.hr\/wp-content\/uploads\/2023\/06\/Queer-resursi-za-mlade-min-212x300.jpg 212w, https:\/\/lori.hr\/wp-content\/uploads\/2023\/06\/Queer-resursi-za-mlade-min-8x12.jpg 8w\" sizes=\"auto, (max-width: 700px) 100vw, 700px\" \/>\t\t\t\t\t\t\t\t<\/a>\n\t\t\t\t\t\t\t\t\t\t\t\t\t\t\t<\/div>\n\t\t\t\t<\/div>\n\t\t\t\t\t<\/div>\n\t\t\t\t<\/div>\n\t\t<div class=\"elementor-element elementor-element-fc23e0b e-flex e-con-boxed e-con e-parent\" data-id=\"fc23e0b\" data-element_type=\"container\" data-no-translation=\"\">\n\t\t\t\t\t<div class=\"e-con-inner\">\n\t\t<div class=\"elementor-element elementor-element-4b9d47b e-con-full e-flex e-con e-child\" data-id=\"4b9d47b\" data-element_type=\"container\">\n\t\t\t\t<div class=\"elementor-element elementor-element-dcfa5ad elementor-widget elementor-widget-spacer\" data-id=\"dcfa5ad\" data-element_type=\"widget\" data-widget_type=\"spacer.default\">\n\t\t\t\t\t\t\t<div class=\"elementor-spacer\">\n\t\t\t<div class=\"elementor-spacer-inner\"><\/div>\n\t\t<\/div>\n\t\t\t\t\t\t<\/div>\n\t\t\t\t<div class=\"elementor-element elementor-element-18240b1 elementor-widget elementor-widget-image\" data-id=\"18240b1\" data-element_type=\"widget\" data-widget_type=\"image.default\">\n\t\t\t\t\t\t\t\t\t\t\t\t\t\t\t<img loading=\"lazy\" decoding=\"async\" width=\"960\" height=\"533\" src=\"https:\/\/lori.hr\/wp-content\/uploads\/2023\/03\/Radionica.jpg\" class=\"attachment-large size-large wp-image-3378\" alt=\"\" srcset=\"https:\/\/lori.hr\/wp-content\/uploads\/2023\/03\/Radionica.jpg 960w, https:\/\/lori.hr\/wp-content\/uploads\/2023\/03\/Radionica-300x167.jpg 300w, https:\/\/lori.hr\/wp-content\/uploads\/2023\/03\/Radionica-768x426.jpg 768w\" sizes=\"auto, (max-width: 960px) 100vw, 960px\" \/>\t\t\t\t\t\t\t\t\t\t\t\t\t\t\t<\/div>\n\t\t\t\t<\/div>\n\t\t<div class=\"elementor-element elementor-element-702ae16 e-con-full e-flex e-con e-child\" data-id=\"702ae16\" data-element_type=\"container\">\n\t\t\t\t<div class=\"elementor-element elementor-element-5658d67 elementor-widget elementor-widget-spacer\" data-id=\"5658d67\" data-element_type=\"widget\" data-widget_type=\"spacer.default\">\n\t\t\t\t\t\t\t<div class=\"elementor-spacer\">\n\t\t\t<div class=\"elementor-spacer-inner\"><\/div>\n\t\t<\/div>\n\t\t\t\t\t\t<\/div>\n\t\t\t\t<div class=\"elementor-element elementor-element-0943aa5 elementor-widget elementor-widget-heading\" data-id=\"0943aa5\" data-element_type=\"widget\" data-widget_type=\"heading.default\">\n\t\t\t\t\t<h2 class=\"elementor-heading-title elementor-size-default\">LGBTIQ+ youth and education<\/h2>\t\t\t\t<\/div>\n\t\t\t\t<div class=\"elementor-element elementor-element-b1224bd elementor-widget elementor-widget-text-editor\" data-id=\"b1224bd\" data-element_type=\"widget\" data-widget_type=\"text-editor.default\">\n\t\t\t\t\t\t\t\t\t<p><span style=\"font-weight: 400;\">LORI has been working on <\/span><a href=\"https:\/\/lori.hr\/en\/suzbijanje-hbt-u-obrazovanju\/\"><span style=\"font-weight: 400;\">combating homophobia, biphobia and transphobia in the educational system<\/span><\/a><span style=\"font-weight: 400;\"> since 2012, continuously holds lectures and workshops about LGBTIQ+ topics for secondary school students and ensures support for LGBTIQ+ students. LORI has published several publications for youth on combating peer violence based on sexual orientation and gender identity in schools and continuously advocates changes in the educational system in terms of including and protecting LGBTI youth\u2019s rights.<\/span><\/p>\t\t\t\t\t\t\t\t<\/div>\n\t\t\t\t<\/div>\n\t\t\t\t\t<\/div>\n\t\t\t\t<\/div>\n\t\t<div class=\"elementor-element elementor-element-fbaa991 e-flex e-con-boxed e-con e-parent\" data-id=\"fbaa991\" data-element_type=\"container\" data-no-translation=\"\">\n\t\t\t\t\t<div class=\"e-con-inner\">\n\t\t\t\t<div class=\"elementor-element elementor-element-1137261 elementor-widget elementor-widget-text-editor\" data-id=\"1137261\" data-element_type=\"widget\" data-widget_type=\"text-editor.default\">\n\t\t\t\t\t\t\t\t\t<p><span style=\"font-weight: 400;\">Furthermore, we organise Human libraries<\/span> <span style=\"font-weight: 400;\">in schools, hold lectures for several departments at the Faculty of Humanities and Social Sciences in Rijeka (Pedagogy, Psychology, Cultural Studies) and we conduct internships for youth. An important part of working with youth in education is also carrying out research which is an important indicator of how to improve the system. In 2021 we conducted <\/span><a href=\"https:\/\/lori.hr\/wp-content\/uploads\/2023\/03\/Iskustva_potrebe_mladih_LGBTIQ_osoba_Hrvatska.pdf\"><span style=\"font-weight: 400;\">Research into the experiences and needs of LGBTIQ youth in Croatia<\/span><\/a><span style=\"font-weight: 400;\"> which included 373 young LGBTIQ+ persons between 15 and 30 years of age who talked about the representation of LGBTIQ+ topics, violence experienced based on their LGBTIQ+ identity and what kind of support is needed during education from their perspective.<\/span><\/p><p><span style=\"font-weight: 400;\">In 2022 we created a page with <\/span><a href=\"https:\/\/lori.hr\/en\/digitalni-resursi-za-mlade\/\"><span style=\"font-weight: 400;\">digital resources<\/span><\/a> <span style=\"font-weight: 400;\">that youth can use for empowering and information within project <\/span><a href=\"https:\/\/lori.hr\/en\/podrzimo-ukljucivo-obrazovanje-gradimo-sigurnu-buducnost\/\"><span style=\"font-weight: 400;\">\u201eSupporting Inclusive Education &#8211; Building a Safe Future\u201c<\/span><\/a><span style=\"font-weight: 400;\">, with financial support of Iceland, Liechtenstein and Norway as part of the EEA and Norway Grants.<\/span><\/p>\t\t\t\t\t\t\t\t<\/div>\n\t\t\t\t<div class=\"elementor-element elementor-element-c8eaca4 elementor-widget elementor-widget-spacer\" data-id=\"c8eaca4\" data-element_type=\"widget\" data-widget_type=\"spacer.default\">\n\t\t\t\t\t\t\t<div class=\"elementor-spacer\">\n\t\t\t<div class=\"elementor-spacer-inner\"><\/div>\n\t\t<\/div>\n\t\t\t\t\t\t<\/div>\n\t\t\t\t\t<\/div>\n\t\t\t\t<\/div>\n\t\t<div class=\"elementor-element elementor-element-9fd6f6f e-flex e-con-boxed e-con e-parent\" data-id=\"9fd6f6f\" data-element_type=\"container\" data-settings=\"{&quot;background_background&quot;:&quot;classic&quot;}\" data-no-translation=\"\">\n\t\t\t\t\t<div class=\"e-con-inner\">\n\t\t<div class=\"elementor-element elementor-element-41a4ec8 e-con-full e-flex e-con e-child\" data-id=\"41a4ec8\" data-element_type=\"container\">\n\t\t\t\t<div class=\"elementor-element elementor-element-7451a95 elementor-widget elementor-widget-spacer\" data-id=\"7451a95\" data-element_type=\"widget\" data-widget_type=\"spacer.default\">\n\t\t\t\t\t\t\t<div class=\"elementor-spacer\">\n\t\t\t<div class=\"elementor-spacer-inner\"><\/div>\n\t\t<\/div>\n\t\t\t\t\t\t<\/div>\n\t\t\t\t<div class=\"elementor-element elementor-element-007e2e6 elementor-widget elementor-widget-heading\" data-id=\"007e2e6\" data-element_type=\"widget\" data-widget_type=\"heading.default\">\n\t\t\t\t\t<h2 class=\"elementor-heading-title elementor-size-default\">LORI Child Protection Policy<\/h2>\t\t\t\t<\/div>\n\t\t\t\t<div class=\"elementor-element elementor-element-bdf05f9 elementor-widget elementor-widget-text-editor\" data-id=\"bdf05f9\" data-element_type=\"widget\" data-widget_type=\"text-editor.default\">\n\t\t\t\t\t\t\t\t\t<p><span style=\"font-weight: 400;\">Lesbian Organisation Rijeka \u2013 LORI is committed to respecting and promoting children&#8217;s rights, acting in their best interests, keeping them safe and protecting them from all forms of abuse and harm.<\/span><\/p>\t\t\t\t\t\t\t\t<\/div>\n\t\t\t\t<\/div>\n\t\t<div class=\"elementor-element elementor-element-212ef33 e-con-full e-flex e-con e-child\" data-id=\"212ef33\" data-element_type=\"container\">\n\t\t\t\t<div class=\"elementor-element elementor-element-386a314 elementor-widget elementor-widget-spacer\" data-id=\"386a314\" data-element_type=\"widget\" data-widget_type=\"spacer.default\">\n\t\t\t\t\t\t\t<div class=\"elementor-spacer\">\n\t\t\t<div class=\"elementor-spacer-inner\"><\/div>\n\t\t<\/div>\n\t\t\t\t\t\t<\/div>\n\t\t\t\t<div class=\"elementor-element elementor-element-3fd0304 elementor-widget elementor-widget-image\" data-id=\"3fd0304\" data-element_type=\"widget\" data-widget_type=\"image.default\">\n\t\t\t\t\t\t\t\t\t\t\t\t\t\t\t\t<a href=\"https:\/\/lori.hr\/wp-content\/uploads\/2023\/06\/LORI-Child-Protection-Policy.pdf\" target=\"_blank\">\n\t\t\t\t\t\t\t<img loading=\"lazy\" decoding=\"async\" width=\"354\" height=\"500\" src=\"https:\/\/lori.hr\/wp-content\/uploads\/2023\/06\/LORI-Child-Protection-Policy-1.jpg\" class=\"attachment-large size-large wp-image-8122\" alt=\"\" srcset=\"https:\/\/lori.hr\/wp-content\/uploads\/2023\/06\/LORI-Child-Protection-Policy-1.jpg 354w, https:\/\/lori.hr\/wp-content\/uploads\/2023\/06\/LORI-Child-Protection-Policy-1-212x300.jpg 212w, https:\/\/lori.hr\/wp-content\/uploads\/2023\/06\/LORI-Child-Protection-Policy-1-8x12.jpg 8w\" sizes=\"auto, (max-width: 354px) 100vw, 354px\" \/>\t\t\t\t\t\t\t\t<\/a>\n\t\t\t\t\t\t\t\t\t\t\t\t\t\t\t<\/div>\n\t\t\t\t<div class=\"elementor-element elementor-element-347d1c6 elementor-widget elementor-widget-spacer\" data-id=\"347d1c6\" data-element_type=\"widget\" data-widget_type=\"spacer.default\">\n\t\t\t\t\t\t\t<div class=\"elementor-spacer\">\n\t\t\t<div class=\"elementor-spacer-inner\"><\/div>\n\t\t<\/div>\n\t\t\t\t\t\t<\/div>\n\t\t\t\t<\/div>\n\t\t\t\t\t<\/div>\n\t\t\t\t<\/div>\n\t\t<div class=\"elementor-element elementor-element-c92092d e-flex e-con-boxed e-con e-parent\" data-id=\"c92092d\" data-element_type=\"container\">\n\t\t\t\t\t<div class=\"e-con-inner\">\n\t\t\t\t<div class=\"elementor-element elementor-element-f450af1 elementor-widget elementor-widget-spacer\" data-id=\"f450af1\" data-element_type=\"widget\" data-widget_type=\"spacer.default\">\n\t\t\t\t\t\t\t<div class=\"elementor-spacer\">\n\t\t\t<div class=\"elementor-spacer-inner\"><\/div>\n\t\t<\/div>\n\t\t\t\t\t\t<\/div>\n\t\t\t\t\t<\/div>\n\t\t\t\t<\/div>\n\t\t\t\t<\/div>","protected":false},"excerpt":{"rendered":"<p>Za LGBTIQ+ mlade Rad s mladima va\u017ean je fokus udruge LORI, a uklju\u010duje edukacije, pru\u017eanje podr\u0161ke, osna\u017eivanje i ja\u010danje kapaciteta mladih LGBTIQ+ osoba za dru\u0161tveno djelovanje. Mladi se mogu uklju\u010diti u aktivnosti i projekte udruge LORI i to kao sudionici\/ice u aktivnostima i korisnici\/ice usluga ili se mogu aktivno uklju\u010diti u organizaciju i provedbu razli\u010ditih &hellip;<\/p>\n<p class=\"read-more\"> <a class=\"\" href=\"https:\/\/lori.hr\/en\/za-lgbtiq-mlade\/\"> <span class=\"screen-reader-text\">Za LGBTIQ mlade<\/span> Read More \u00bb<\/a><\/p>","protected":false},"author":1,"featured_media":0,"parent":0,"menu_order":0,"comment_status":"closed","ping_status":"closed","template":"","meta":{"_uag_custom_page_level_css":"","site-sidebar-layout":"no-sidebar","site-content-layout":"page-builder","ast-site-content-layout":"","site-content-style":"default","site-sidebar-style":"default","ast-global-header-display":"","ast-banner-title-visibility":"","ast-main-header-display":"","ast-hfb-above-header-display":"","ast-hfb-below-header-display":"","ast-hfb-mobile-header-display":"","site-post-title":"disabled","ast-breadcrumbs-content":"","ast-featured-img":"disabled","footer-sml-layout":"","theme-transparent-header-meta":"","adv-header-id-meta":"","stick-header-meta":"","header-above-stick-meta":"","header-main-stick-meta":"","header-below-stick-meta":"","astra-migrate-meta-layouts":"","footnotes":""},"class_list":["post-1573","page","type-page","status-publish","hentry"],"uagb_featured_image_src":{"full":false,"thumbnail":false,"medium":false,"medium_large":false,"large":false,"1536x1536":false,"2048x2048":false,"trp-custom-language-flag":false},"uagb_author_info":{"display_name":"LORI","author_link":"https:\/\/lori.hr\/en\/author\/ikenji\/"},"uagb_comment_info":0,"uagb_excerpt":"Za LGBTIQ+ mlade Rad s mladima va\u017ean je fokus udruge LORI, a uklju\u010duje edukacije, pru\u017eanje podr\u0161ke, osna\u017eivanje i ja\u010danje kapaciteta mladih LGBTIQ+ osoba za dru\u0161tveno djelovanje. Mladi se mogu uklju\u010diti u aktivnosti i projekte udruge LORI i to kao sudionici\/ice u aktivnostima i korisnici\/ice usluga ili se mogu aktivno uklju\u010diti u organizaciju i provedbu razli\u010ditih&hellip;","_links":{"self":[{"href":"https:\/\/lori.hr\/en\/wp-json\/wp\/v2\/pages\/1573","targetHints":{"allow":["GET"]}}],"collection":[{"href":"https:\/\/lori.hr\/en\/wp-json\/wp\/v2\/pages"}],"about":[{"href":"https:\/\/lori.hr\/en\/wp-json\/wp\/v2\/types\/page"}],"author":[{"embeddable":true,"href":"https:\/\/lori.hr\/en\/wp-json\/wp\/v2\/users\/1"}],"replies":[{"embeddable":true,"href":"https:\/\/lori.hr\/en\/wp-json\/wp\/v2\/comments?post=1573"}],"version-history":[{"count":61,"href":"https:\/\/lori.hr\/en\/wp-json\/wp\/v2\/pages\/1573\/revisions"}],"predecessor-version":[{"id":9731,"href":"https:\/\/lori.hr\/en\/wp-json\/wp\/v2\/pages\/1573\/revisions\/9731"}],"wp:attachment":[{"href":"https:\/\/lori.hr\/en\/wp-json\/wp\/v2\/media?parent=1573"}],"curies":[{"name":"wp","href":"https:\/\/api.w.org\/{rel}","templated":true}]}}