{"id":1575,"date":"2023-02-05T11:39:02","date_gmt":"2023-02-05T10:39:02","guid":{"rendered":"https:\/\/lori.hr\/?page_id=1575"},"modified":"2024-04-03T09:31:47","modified_gmt":"2024-04-03T07:31:47","slug":"kolegij","status":"publish","type":"page","link":"https:\/\/lori.hr\/en\/kolegij\/","title":{"rendered":"Kolegij"},"content":{"rendered":"<div data-elementor-type=\"wp-page\" data-elementor-id=\"1575\" class=\"elementor elementor-1575\" data-elementor-post-type=\"page\">\n\t\t\t\t<div class=\"elementor-element elementor-element-34d8053b navboja e-flex e-con-boxed e-con e-parent\" data-id=\"34d8053b\" data-element_type=\"container\" data-settings=\"{&quot;background_background&quot;:&quot;classic&quot;}\">\n\t\t\t\t\t<div class=\"e-con-inner\">\n\t\t\t\t<div class=\"elementor-element elementor-element-448e3cf4 elementor-widget elementor-widget-spacer\" data-id=\"448e3cf4\" data-element_type=\"widget\" data-widget_type=\"spacer.default\">\n\t\t\t\t\t\t\t<div class=\"elementor-spacer\">\n\t\t\t<div class=\"elementor-spacer-inner\"><\/div>\n\t\t<\/div>\n\t\t\t\t\t\t<\/div>\n\t\t\t\t\t<\/div>\n\t\t\t\t<\/div>\n\t\t<div class=\"elementor-element elementor-element-37e2ad6f e-flex e-con-boxed e-con e-parent\" data-id=\"37e2ad6f\" data-element_type=\"container\">\n\t\t\t\t\t<div class=\"e-con-inner\">\n\t\t\t\t<div class=\"elementor-element elementor-element-b764390 elementor-widget elementor-widget-spacer\" data-id=\"b764390\" data-element_type=\"widget\" data-widget_type=\"spacer.default\">\n\t\t\t\t\t\t\t<div class=\"elementor-spacer\">\n\t\t\t<div class=\"elementor-spacer-inner\"><\/div>\n\t\t<\/div>\n\t\t\t\t\t\t<\/div>\n\t\t\t\t<div class=\"elementor-element elementor-element-42373411 elementor-widget elementor-widget-heading\" data-id=\"42373411\" data-element_type=\"widget\" data-widget_type=\"heading.default\">\n\t\t\t\t\t<h1 class=\"elementor-heading-title elementor-size-default\">University Course \u201cGender, Sexuality, Identities \u2013 from Oppression to Equality\u201d<\/h1>\t\t\t\t<\/div>\n\t\t\t\t<div class=\"elementor-element elementor-element-7da8d79e elementor-widget-divider--view-line elementor-widget elementor-widget-divider\" data-id=\"7da8d79e\" data-element_type=\"widget\" data-widget_type=\"divider.default\">\n\t\t\t\t\t\t\t<div class=\"elementor-divider\">\n\t\t\t<span class=\"elementor-divider-separator\">\n\t\t\t\t\t\t<\/span>\n\t\t<\/div>\n\t\t\t\t\t\t<\/div>\n\t\t\t\t<div class=\"elementor-element elementor-element-50f6eec elementor-widget elementor-widget-spacer\" data-id=\"50f6eec\" data-element_type=\"widget\" data-widget_type=\"spacer.default\">\n\t\t\t\t\t\t\t<div class=\"elementor-spacer\">\n\t\t\t<div class=\"elementor-spacer-inner\"><\/div>\n\t\t<\/div>\n\t\t\t\t\t\t<\/div>\n\t\t\t\t\t<\/div>\n\t\t\t\t<\/div>\n\t\t<div class=\"elementor-element elementor-element-6e312350 e-flex e-con-boxed e-con e-parent\" data-id=\"6e312350\" data-element_type=\"container\">\n\t\t\t\t\t<div class=\"e-con-inner\">\n\t\t<div class=\"elementor-element elementor-element-2231615 e-con-full e-flex e-con e-child\" data-id=\"2231615\" data-element_type=\"container\">\n\t\t\t\t<div class=\"elementor-element elementor-element-777b2c0c elementor-widget elementor-widget-text-editor\" data-id=\"777b2c0c\" data-element_type=\"widget\" data-widget_type=\"text-editor.default\">\n\t\t\t\t\t\t\t\t\t<p><span style=\"font-weight: 400;\">Course \u201cGender, Sexuality, Identities \u2013 from Oppression to Equality\u201d was started in October 2019 at the Faculty of Humanities and Social Sciences in Rijeka.<\/span> <span style=\"font-weight: 400;\">The course was a result of the collaboration of Centre for Women\u2019s Studies of Faculty of Humanities and Social Sciences in Rijeka and three civil society organisations from Rijeka: LORI, <\/span><a href=\"https:\/\/pariter.hr\/\" target=\"_blank\" rel=\"noopener\"><span style=\"font-weight: 400;\">PaRiter<\/span><\/a><span style=\"font-weight: 400;\">, <\/span><a href=\"https:\/\/www.sos-rijeka.org\/\" target=\"_blank\" rel=\"noopener\"><span style=\"font-weight: 400;\">SOS Rijeka<\/span><\/a><span style=\"font-weight: 400;\"> as part of the project \u201cHumane Education \u2013 Responsible Society\u201d. Since then, these organisations carry out the course continuously in the winter semester as part of the regular master\u2019s programme at the Department of Cultural Studies. The course can be attended by all students of University of Rijeka enrolled in a master\u2019s programme (first and second year of the master\u2019s programme) or students of integrated programmes (fourth and fifth year).\u00a0<\/span><\/p><p><span style=\"font-weight: 400;\">This is <strong>the first university course in Croatia to introduce human rights<\/strong>, LGBTIQ+ topics, gender equality, gender-based violence, feminist and gender theories, theories of sexuality to students <strong>via service learning method<\/strong>, through their engagement in organisations and local community.<\/span><\/p>\t\t\t\t\t\t\t\t<\/div>\n\t\t\t\t<\/div>\n\t\t<div class=\"elementor-element elementor-element-3aa8b2eb e-con-full e-flex e-con e-child\" data-id=\"3aa8b2eb\" data-element_type=\"container\">\n\t\t\t\t<div class=\"elementor-element elementor-element-2b76d3c elementor-widget elementor-widget-spacer\" data-id=\"2b76d3c\" data-element_type=\"widget\" data-widget_type=\"spacer.default\">\n\t\t\t\t\t\t\t<div class=\"elementor-spacer\">\n\t\t\t<div class=\"elementor-spacer-inner\"><\/div>\n\t\t<\/div>\n\t\t\t\t\t\t<\/div>\n\t\t\t\t<div class=\"elementor-element elementor-element-2ec1d021 elementor-widget elementor-widget-image\" data-id=\"2ec1d021\" data-element_type=\"widget\" data-widget_type=\"image.default\">\n\t\t\t\t\t\t\t\t\t\t\t\t\t\t\t<img fetchpriority=\"high\" decoding=\"async\" width=\"700\" height=\"394\" src=\"https:\/\/lori.hr\/wp-content\/uploads\/2023\/03\/hood_kolegij.jpg\" class=\"attachment-medium_large size-medium_large wp-image-3048\" alt=\"\" srcset=\"https:\/\/lori.hr\/wp-content\/uploads\/2023\/03\/hood_kolegij.jpg 700w, https:\/\/lori.hr\/wp-content\/uploads\/2023\/03\/hood_kolegij-300x169.jpg 300w\" sizes=\"(max-width: 700px) 100vw, 700px\" \/>\t\t\t\t\t\t\t\t\t\t\t\t\t\t\t<\/div>\n\t\t\t\t<\/div>\n\t\t\t\t\t<\/div>\n\t\t\t\t<\/div>\n\t\t<div class=\"elementor-element elementor-element-32681045 e-flex e-con-boxed e-con e-parent\" data-id=\"32681045\" data-element_type=\"container\" data-settings=\"{&quot;background_background&quot;:&quot;classic&quot;}\">\n\t\t\t\t\t<div class=\"e-con-inner\">\n\t\t<div class=\"elementor-element elementor-element-65036c15 e-con-full e-flex e-con e-child\" data-id=\"65036c15\" data-element_type=\"container\">\n\t\t\t\t<div class=\"elementor-element elementor-element-723011a8 elementor-widget elementor-widget-text-editor\" data-id=\"723011a8\" data-element_type=\"widget\" data-widget_type=\"text-editor.default\">\n\t\t\t\t\t\t\t\t\t<p><span style=\"font-weight: 400;\">Apart from the specific teaching method, the course also distinguishes by an interdisciplinary approach to the topic: professors from various faculties and science institutes, professionals in the fields of psychology, sociology, economics and law are engaged in carrying out theoretical parts of the course. <\/span><\/p><p><span style=\"font-weight: 400;\">The teaching method of the course enables conducting one part in LORI, PaRiter and SOS Rijeka and working on active participation in the local community and\/or combating homophobia, transphobia and misogyny in society. Students have the opportunity to participate in various mentoring programmes of these three organisations, related to the theoretical part of the course.<\/span><\/p>\t\t\t\t\t\t\t\t<\/div>\n\t\t\t\t<\/div>\n\t\t<div class=\"elementor-element elementor-element-7075e2cb e-con-full e-flex e-con e-child\" data-id=\"7075e2cb\" data-element_type=\"container\">\n\t\t\t\t<div class=\"elementor-element elementor-element-3fc9f350 elementor-widget elementor-widget-text-editor\" data-id=\"3fc9f350\" data-element_type=\"widget\" data-widget_type=\"text-editor.default\">\n\t\t\t\t\t\t\t\t\t<p><span style=\"font-weight: 400;\">LORI mentoring programme focuses on teaching about LGBTIQ+ topics and combating homophobia, biphobia, and transphobia in educational system, whereas PaRiter pinpoints understanding the concept of comprehensive sexual education and SOS Rijeka mentoring programme concentrates on education about gender-based violence and violence prevention. <\/span><\/p><p><span style=\"font-weight: 400;\">Each academic year organisations update and further develop mentoring programmes so that each generation has the chance to participate in final tasks that directly connect them with other youth, schools, organisations, institutions, ombudspersons, etc. Some of the final course tasks so far are holding lectures and workshops in schools, recording a radio show, organising an exhibition, organising a pub quiz etc. <\/span><\/p>\t\t\t\t\t\t\t\t<\/div>\n\t\t\t\t<\/div>\n\t\t\t\t\t<\/div>\n\t\t\t\t<\/div>\n\t\t<div class=\"elementor-element elementor-element-4e484da e-flex e-con-boxed e-con e-parent\" data-id=\"4e484da\" data-element_type=\"container\">\n\t\t\t\t\t<div class=\"e-con-inner\">\n\t\t\t\t<div class=\"elementor-element elementor-element-e040f9a elementor-widget elementor-widget-spacer\" data-id=\"e040f9a\" data-element_type=\"widget\" data-widget_type=\"spacer.default\">\n\t\t\t\t\t\t\t<div class=\"elementor-spacer\">\n\t\t\t<div class=\"elementor-spacer-inner\"><\/div>\n\t\t<\/div>\n\t\t\t\t\t\t<\/div>\n\t\t\t\t\t<\/div>\n\t\t\t\t<\/div>\n\t\t<div class=\"elementor-element elementor-element-ca953af e-flex e-con-boxed e-con e-parent\" data-id=\"ca953af\" data-element_type=\"container\">\n\t\t\t\t\t<div class=\"e-con-inner\">\n\t\t<div class=\"elementor-element elementor-element-7ca7c33 e-con-full e-flex e-con e-child\" data-id=\"7ca7c33\" data-element_type=\"container\">\n\t\t\t\t<div class=\"elementor-element elementor-element-a4fe53d elementor-widget elementor-widget-spacer\" data-id=\"a4fe53d\" data-element_type=\"widget\" data-widget_type=\"spacer.default\">\n\t\t\t\t\t\t\t<div class=\"elementor-spacer\">\n\t\t\t<div class=\"elementor-spacer-inner\"><\/div>\n\t\t<\/div>\n\t\t\t\t\t\t<\/div>\n\t\t\t\t<div class=\"elementor-element elementor-element-a5f84fb elementor-widget elementor-widget-image\" data-id=\"a5f84fb\" data-element_type=\"widget\" data-widget_type=\"image.default\">\n\t\t\t\t\t\t\t\t\t\t\t\t\t\t\t<img loading=\"lazy\" decoding=\"async\" width=\"1024\" height=\"615\" src=\"https:\/\/lori.hr\/wp-content\/uploads\/2023\/03\/Kolegij_hood-1024x615.jpg\" class=\"attachment-large size-large wp-image-3046\" alt=\"\" srcset=\"https:\/\/lori.hr\/wp-content\/uploads\/2023\/03\/Kolegij_hood-1024x615.jpg 1024w, https:\/\/lori.hr\/wp-content\/uploads\/2023\/03\/Kolegij_hood-300x180.jpg 300w, https:\/\/lori.hr\/wp-content\/uploads\/2023\/03\/Kolegij_hood-768x461.jpg 768w, https:\/\/lori.hr\/wp-content\/uploads\/2023\/03\/Kolegij_hood.jpg 1041w\" sizes=\"auto, (max-width: 1024px) 100vw, 1024px\" \/>\t\t\t\t\t\t\t\t\t\t\t\t\t\t\t<\/div>\n\t\t\t\t<\/div>\n\t\t<div class=\"elementor-element elementor-element-6ffdebb e-con-full e-flex e-con e-child\" data-id=\"6ffdebb\" data-element_type=\"container\">\n\t\t\t\t<div class=\"elementor-element elementor-element-49a7a2b elementor-widget elementor-widget-heading\" data-id=\"49a7a2b\" data-element_type=\"widget\" data-widget_type=\"heading.default\">\n\t\t\t\t\t<h2 class=\"elementor-heading-title elementor-size-default\">Service learning<\/h2>\t\t\t\t<\/div>\n\t\t\t\t<div class=\"elementor-element elementor-element-1283ccc elementor-widget elementor-widget-text-editor\" data-id=\"1283ccc\" data-element_type=\"widget\" data-widget_type=\"text-editor.default\">\n\t\t\t\t\t\t\t\t\t<p><span style=\"font-weight: 400;\">Service learning or learning by community contribution is an educational experience in which students actively take part in designing and organising community activities that respond to that community\u2019s recognised needs. Students advance what\u2019s being taught in class by widening the learning space to the community and promote and foster further development of individuals\u2019 social responsibility and care for others. This method encourages students\u2019 intellectual and social engagement, directing them into being more socially responsible citizens. It fosters the university\u2019s strong integration into the local community by connecting their resources, work and research for specific community needs.<\/span><\/p>\t\t\t\t\t\t\t\t<\/div>\n\t\t\t\t<\/div>\n\t\t\t\t\t<\/div>\n\t\t\t\t<\/div>\n\t\t<div class=\"elementor-element elementor-element-1a77585 e-flex e-con-boxed e-con e-parent\" data-id=\"1a77585\" data-element_type=\"container\">\n\t\t\t\t\t<div class=\"e-con-inner\">\n\t\t\t\t<div class=\"elementor-element elementor-element-f0f48da elementor-widget elementor-widget-text-editor\" data-id=\"f0f48da\" data-element_type=\"widget\" data-widget_type=\"text-editor.default\">\n\t\t\t\t\t\t\t\t\t<p><span style=\"font-weight: 400;\"> It allows students direct involvement and contact with the local community, as well as the development of specific knowledge and skills that they obtain by offering their own solutions to the issues that arise as part of the course content and syllabus.<\/span><\/p>\t\t\t\t\t\t\t\t<\/div>\n\t\t\t\t<div class=\"elementor-element elementor-element-e7bf6ce elementor-widget elementor-widget-heading\" data-id=\"e7bf6ce\" data-element_type=\"widget\" data-widget_type=\"heading.default\">\n\t\t\t\t\t<h3 class=\"elementor-heading-title elementor-size-default\">What\u2019s the difference between practical class work, volunteering and service learning?<\/h3>\t\t\t\t<\/div>\n\t\t\t\t<div class=\"elementor-element elementor-element-2370f28 elementor-widget elementor-widget-text-editor\" data-id=\"2370f28\" data-element_type=\"widget\" data-widget_type=\"text-editor.default\">\n\t\t\t\t\t\t\t\t\t<p><span style=\"font-weight: 400;\">Practical class work includes students being the primary recipients and users of information and knowledge, with the main goal being the students\u2019 professional development. So, through practical class work, acquiring new skills and knowledge is emphasised but the context of community and community contribution is neglected. Volunteering implies that the community is the primary user, while the learning outcomes are not connected to the educational programme. Volunteer activities also put the concept of learning and the professional development of the student on the back burner. <\/span><\/p><p><span style=\"font-weight: 400;\">Service learning involves a reciprocal relationship between student and community. Professional and personal development of the student and care for community are equally important, and community needs and adequate solutions are of the same relevance.<\/span><\/p>\t\t\t\t\t\t\t\t<\/div>\n\t\t\t\t<div class=\"elementor-element elementor-element-93ee560 elementor-widget elementor-widget-heading\" data-id=\"93ee560\" data-element_type=\"widget\" data-widget_type=\"heading.default\">\n\t\t\t\t\t<h2 class=\"elementor-heading-title elementor-size-default\">Why enrol?<\/h2>\t\t\t\t<\/div>\n\t\t\t\t\t<\/div>\n\t\t\t\t<\/div>\n\t\t<div class=\"elementor-element elementor-element-b7d0145 e-flex e-con-boxed e-con e-parent\" data-id=\"b7d0145\" data-element_type=\"container\">\n\t\t\t\t\t<div class=\"e-con-inner\">\n\t\t<div class=\"elementor-element elementor-element-7f10b7d e-con-full e-flex e-con e-child\" data-id=\"7f10b7d\" data-element_type=\"container\">\n\t\t\t\t<div class=\"elementor-element elementor-element-e599a51 elementor-widget elementor-widget-text-editor\" data-id=\"e599a51\" data-element_type=\"widget\" data-widget_type=\"text-editor.default\">\n\t\t\t\t\t\t\t\t\t<p><span style=\"font-weight: 400;\">This course is good to attend for several reasons.<\/span><\/p><p><span style=\"font-weight: 400;\">It offers opportunities to deepen one's knowledge, skills and abilities for community engagement, as well for personal growth and professional development.\u00a0<\/span><\/p><p><span style=\"font-weight: 400;\">Sexuality is talked about, which everyone thinks is an interesting topic, but here one gets a chance to really think and question sexuality.<\/span><\/p><p><span style=\"font-weight: 400;\">Dissecting today\u2019s cultural norms from an interdisciplinary perspective will help realise and understand many todays givens.<\/span><\/p><p><span style=\"font-weight: 400;\">Apart from ex cathedra style lectures, led discussions, reading and analysing texts, here one gets the chance to practice what\u2019s been theoretically discussed at the faculty in civil society organisations and to engage in real societal problems and needs within a community.<\/span><\/p><p><span style=\"font-weight: 400;\">Maybe someone will start thinking about something that they took for granted in a completely different way because of getting a broader context. Maybe you change some of your views completely and maybe you get additional scientific proof for some of your hypotheses.<\/span><\/p>\t\t\t\t\t\t\t\t<\/div>\n\t\t\t\t<\/div>\n\t\t<div class=\"elementor-element elementor-element-f6059a7 e-con-full e-flex e-con e-child\" data-id=\"f6059a7\" data-element_type=\"container\">\n\t\t\t\t<div class=\"elementor-element elementor-element-92b4320 elementor-widget elementor-widget-image\" data-id=\"92b4320\" data-element_type=\"widget\" data-widget_type=\"image.default\">\n\t\t\t\t\t\t\t\t\t\t\t\t\t\t\t<img loading=\"lazy\" decoding=\"async\" width=\"800\" height=\"487\" src=\"https:\/\/lori.hr\/wp-content\/uploads\/2024\/03\/zasto-upisati-kolegij.jpg\" class=\"attachment-large size-large wp-image-9757\" alt=\"\" srcset=\"https:\/\/lori.hr\/wp-content\/uploads\/2024\/03\/zasto-upisati-kolegij.jpg 800w, https:\/\/lori.hr\/wp-content\/uploads\/2024\/03\/zasto-upisati-kolegij-300x183.jpg 300w, https:\/\/lori.hr\/wp-content\/uploads\/2024\/03\/zasto-upisati-kolegij-150x91.jpg 150w, https:\/\/lori.hr\/wp-content\/uploads\/2024\/03\/zasto-upisati-kolegij-768x468.jpg 768w, https:\/\/lori.hr\/wp-content\/uploads\/2024\/03\/zasto-upisati-kolegij-18x12.jpg 18w\" sizes=\"auto, (max-width: 800px) 100vw, 800px\" \/>\t\t\t\t\t\t\t\t\t\t\t\t\t\t\t<\/div>\n\t\t\t\t<div class=\"elementor-element elementor-element-14b7044 elementor-widget elementor-widget-text-editor\" data-id=\"14b7044\" data-element_type=\"widget\" data-widget_type=\"text-editor.default\">\n\t\t\t\t\t\t\t\t\t<p><span style=\"font-weight: 400;\">In any case, this course offers a chance to build not only one's knowledge, but also attitudes, skills and abilities regarding the questions that have been \u2018turning on\u2019 social scientists and humanists for decades! Students get the chance to work on problems that marked big societal changes throughout history and led to the contemporary world we live in today. All of that, alongside the possibility to truly act by working in organisations and doing something real for your local community.<\/span><\/p>\t\t\t\t\t\t\t\t<\/div>\n\t\t\t\t<div class=\"elementor-element elementor-element-6ce4f1e elementor-widget elementor-widget-spacer\" data-id=\"6ce4f1e\" data-element_type=\"widget\" data-widget_type=\"spacer.default\">\n\t\t\t\t\t\t\t<div class=\"elementor-spacer\">\n\t\t\t<div class=\"elementor-spacer-inner\"><\/div>\n\t\t<\/div>\n\t\t\t\t\t\t<\/div>\n\t\t\t\t<\/div>\n\t\t\t\t\t<\/div>\n\t\t\t\t<\/div>\n\t\t<div class=\"elementor-element elementor-element-d14c268 e-flex e-con-boxed e-con e-parent\" data-id=\"d14c268\" data-element_type=\"container\">\n\t\t\t\t\t<div class=\"e-con-inner\">\n\t\t\t\t<div class=\"elementor-element elementor-element-b79b450 elementor-widget elementor-widget-heading\" data-id=\"b79b450\" data-element_type=\"widget\" data-widget_type=\"heading.default\">\n\t\t\t\t\t<h3 class=\"elementor-heading-title elementor-size-default\">Therefore, apply for the course and see you next fall!<\/h3>\t\t\t\t<\/div>\n\t\t\t\t<div class=\"elementor-element elementor-element-9a2600d elementor-widget elementor-widget-text-editor\" data-id=\"9a2600d\" data-element_type=\"widget\" data-widget_type=\"text-editor.default\">\n\t\t\t\t\t\t\t\t\t<p><span style=\"font-weight: 400;\">Application information can be found on the Faculty of Humanities and Social Sciences in Rijeka official website at the start of October every academic year, as well as on social media of all the aforementioned organisations.<\/span><\/p>\t\t\t\t\t\t\t\t<\/div>\n\t\t\t\t<div class=\"elementor-element elementor-element-0d719df elementor-widget elementor-widget-spacer\" data-id=\"0d719df\" data-element_type=\"widget\" data-widget_type=\"spacer.default\">\n\t\t\t\t\t\t\t<div class=\"elementor-spacer\">\n\t\t\t<div class=\"elementor-spacer-inner\"><\/div>\n\t\t<\/div>\n\t\t\t\t\t\t<\/div>\n\t\t\t\t\t<\/div>\n\t\t\t\t<\/div>\n\t\t<div class=\"elementor-element elementor-element-3e9fe67 e-flex e-con-boxed e-con e-parent\" data-id=\"3e9fe67\" data-element_type=\"container\" data-settings=\"{&quot;background_background&quot;:&quot;classic&quot;}\">\n\t\t\t\t\t<div class=\"e-con-inner\">\n\t\t<div class=\"elementor-element elementor-element-52e5818 e-con-full e-flex e-con e-child\" data-id=\"52e5818\" data-element_type=\"container\">\n\t\t\t\t<div class=\"elementor-element elementor-element-877a173 elementor-widget elementor-widget-spacer\" data-id=\"877a173\" data-element_type=\"widget\" data-widget_type=\"spacer.default\">\n\t\t\t\t\t\t\t<div class=\"elementor-spacer\">\n\t\t\t<div class=\"elementor-spacer-inner\"><\/div>\n\t\t<\/div>\n\t\t\t\t\t\t<\/div>\n\t\t\t\t<div class=\"elementor-element elementor-element-d8f9a91 elementor-widget elementor-widget-text-editor\" data-id=\"d8f9a91\" data-element_type=\"widget\" data-widget_type=\"text-editor.default\">\n\t\t\t\t\t\t\t\t\t<p>YouTube channel of the project \u201cHumane Education \u2013 Responsible Society\u201d\u00a0<\/p>\t\t\t\t\t\t\t\t<\/div>\n\t\t\t\t<\/div>\n\t\t<div class=\"elementor-element elementor-element-21f4689 e-con-full e-flex e-con e-child\" data-id=\"21f4689\" data-element_type=\"container\">\n\t\t\t\t<div class=\"elementor-element elementor-element-b56d639 elementor-widget elementor-widget-image\" data-id=\"b56d639\" data-element_type=\"widget\" data-widget_type=\"image.default\">\n\t\t\t\t\t\t\t\t\t\t\t\t\t\t\t\t<a href=\"https:\/\/www.youtube.com\/channel\/UCTW3dstKk7y64OS2oUiJ7bA\" target=\"_blank\" rel=\"noopener\">\n\t\t\t\t\t\t\t<img loading=\"lazy\" decoding=\"async\" width=\"700\" height=\"394\" src=\"https:\/\/lori.hr\/wp-content\/uploads\/2024\/03\/YouTube-Hood.jpg\" class=\"attachment-large size-large wp-image-9857\" alt=\"\" srcset=\"https:\/\/lori.hr\/wp-content\/uploads\/2024\/03\/YouTube-Hood.jpg 700w, https:\/\/lori.hr\/wp-content\/uploads\/2024\/03\/YouTube-Hood-300x169.jpg 300w, https:\/\/lori.hr\/wp-content\/uploads\/2024\/03\/YouTube-Hood-150x84.jpg 150w, https:\/\/lori.hr\/wp-content\/uploads\/2024\/03\/YouTube-Hood-18x10.jpg 18w\" sizes=\"auto, (max-width: 700px) 100vw, 700px\" \/>\t\t\t\t\t\t\t\t<\/a>\n\t\t\t\t\t\t\t\t\t\t\t\t\t\t\t<\/div>\n\t\t\t\t<\/div>\n\t\t\t\t\t<\/div>\n\t\t\t\t<\/div>\n\t\t<div class=\"elementor-element elementor-element-8e3b8d5 e-flex e-con-boxed e-con e-parent\" data-id=\"8e3b8d5\" data-element_type=\"container\">\n\t\t\t\t\t<div class=\"e-con-inner\">\n\t\t\t\t<div class=\"elementor-element elementor-element-a3263bd elementor-widget elementor-widget-spacer\" data-id=\"a3263bd\" data-element_type=\"widget\" data-widget_type=\"spacer.default\">\n\t\t\t\t\t\t\t<div class=\"elementor-spacer\">\n\t\t\t<div class=\"elementor-spacer-inner\"><\/div>\n\t\t<\/div>\n\t\t\t\t\t\t<\/div>\n\t\t\t\t\t<\/div>\n\t\t\t\t<\/div>\n\t\t\t\t<\/div>","protected":false},"excerpt":{"rendered":"<p>Kolegij \u201eRod, seksualnost, identiteti \u2013 od opresije do ravnopravnosti\u201c Kolegij \u201dRod, seksualnost, identiteti \u2013 od opresije do ravnopravnosti\u201d pokrenut je na Filozofskom fakultetu Sveu\u010dili\u0161ta u Rijeci u listopadu 2019. godine. Kolegij je nastao kroz suradnju Centra za \u017eenske studije pri Filozofskom fakultetu u Rijeci i tri rije\u010dke udruge: LORI, PaRiter, SOS Rijeka u okrivru projekta &hellip;<\/p>\n<p class=\"read-more\"> <a class=\"\" href=\"https:\/\/lori.hr\/en\/kolegij\/\"> <span class=\"screen-reader-text\">Kolegij<\/span> Read More \u00bb<\/a><\/p>","protected":false},"author":1,"featured_media":0,"parent":0,"menu_order":0,"comment_status":"closed","ping_status":"closed","template":"","meta":{"_uag_custom_page_level_css":"","site-sidebar-layout":"no-sidebar","site-content-layout":"page-builder","ast-site-content-layout":"","site-content-style":"default","site-sidebar-style":"default","ast-global-header-display":"","ast-banner-title-visibility":"","ast-main-header-display":"","ast-hfb-above-header-display":"","ast-hfb-below-header-display":"","ast-hfb-mobile-header-display":"","site-post-title":"disabled","ast-breadcrumbs-content":"","ast-featured-img":"disabled","footer-sml-layout":"","theme-transparent-header-meta":"","adv-header-id-meta":"","stick-header-meta":"","header-above-stick-meta":"","header-main-stick-meta":"","header-below-stick-meta":"","astra-migrate-meta-layouts":"","footnotes":""},"class_list":["post-1575","page","type-page","status-publish","hentry"],"uagb_featured_image_src":{"full":false,"thumbnail":false,"medium":false,"medium_large":false,"large":false,"1536x1536":false,"2048x2048":false,"trp-custom-language-flag":false},"uagb_author_info":{"display_name":"LORI","author_link":"https:\/\/lori.hr\/en\/author\/ikenji\/"},"uagb_comment_info":0,"uagb_excerpt":"Kolegij \u201eRod, seksualnost, identiteti \u2013 od opresije do ravnopravnosti\u201c Kolegij \u201dRod, seksualnost, identiteti \u2013 od opresije do ravnopravnosti\u201d pokrenut je na Filozofskom fakultetu Sveu\u010dili\u0161ta u Rijeci u listopadu 2019. godine. Kolegij je nastao kroz suradnju Centra za \u017eenske studije pri Filozofskom fakultetu u Rijeci i tri rije\u010dke udruge: LORI, PaRiter, SOS Rijeka u okrivru projekta&hellip;","_links":{"self":[{"href":"https:\/\/lori.hr\/en\/wp-json\/wp\/v2\/pages\/1575","targetHints":{"allow":["GET"]}}],"collection":[{"href":"https:\/\/lori.hr\/en\/wp-json\/wp\/v2\/pages"}],"about":[{"href":"https:\/\/lori.hr\/en\/wp-json\/wp\/v2\/types\/page"}],"author":[{"embeddable":true,"href":"https:\/\/lori.hr\/en\/wp-json\/wp\/v2\/users\/1"}],"replies":[{"embeddable":true,"href":"https:\/\/lori.hr\/en\/wp-json\/wp\/v2\/comments?post=1575"}],"version-history":[{"count":43,"href":"https:\/\/lori.hr\/en\/wp-json\/wp\/v2\/pages\/1575\/revisions"}],"predecessor-version":[{"id":9883,"href":"https:\/\/lori.hr\/en\/wp-json\/wp\/v2\/pages\/1575\/revisions\/9883"}],"wp:attachment":[{"href":"https:\/\/lori.hr\/en\/wp-json\/wp\/v2\/media?parent=1575"}],"curies":[{"name":"wp","href":"https:\/\/api.w.org\/{rel}","templated":true}]}}