{"id":1579,"date":"2023-02-05T11:42:57","date_gmt":"2023-02-05T10:42:57","guid":{"rendered":"https:\/\/lori.hr\/?page_id=1579"},"modified":"2025-10-29T20:29:30","modified_gmt":"2025-10-29T19:29:30","slug":"smoqua","status":"publish","type":"page","link":"https:\/\/lori.hr\/en\/smoqua\/","title":{"rendered":"Smoqua"},"content":{"rendered":"<div data-elementor-type=\"wp-page\" data-elementor-id=\"1579\" class=\"elementor elementor-1579\" data-elementor-post-type=\"page\">\n\t\t\t\t<div class=\"elementor-element elementor-element-9025e18 navboja e-flex e-con-boxed e-con e-parent\" data-id=\"9025e18\" data-element_type=\"container\" data-settings=\"{&quot;background_background&quot;:&quot;classic&quot;}\">\n\t\t\t\t\t<div class=\"e-con-inner\">\n\t\t\t\t<div class=\"elementor-element elementor-element-30239ce elementor-widget elementor-widget-spacer\" data-id=\"30239ce\" data-element_type=\"widget\" data-widget_type=\"spacer.default\">\n\t\t\t\t\t\t\t<div class=\"elementor-spacer\">\n\t\t\t<div class=\"elementor-spacer-inner\"><\/div>\n\t\t<\/div>\n\t\t\t\t\t\t<\/div>\n\t\t\t\t\t<\/div>\n\t\t\t\t<\/div>\n\t\t<div class=\"elementor-element elementor-element-e15bf59 e-flex e-con-boxed e-con e-parent\" data-id=\"e15bf59\" data-element_type=\"container\">\n\t\t\t\t\t<div class=\"e-con-inner\">\n\t\t\t\t<div class=\"elementor-element elementor-element-f67b432 elementor-widget elementor-widget-spacer\" data-id=\"f67b432\" data-element_type=\"widget\" data-widget_type=\"spacer.default\">\n\t\t\t\t\t\t\t<div class=\"elementor-spacer\">\n\t\t\t<div class=\"elementor-spacer-inner\"><\/div>\n\t\t<\/div>\n\t\t\t\t\t\t<\/div>\n\t\t\t\t<div class=\"elementor-element elementor-element-16c377c elementor-widget elementor-widget-heading\" data-id=\"16c377c\" data-element_type=\"widget\" data-widget_type=\"heading.default\">\n\t\t\t\t\t<h1 class=\"elementor-heading-title elementor-size-default\">The Festival of Queer and Feminist Culture Smoqua<\/h1>\t\t\t\t<\/div>\n\t\t\t\t<div class=\"elementor-element elementor-element-cc52671 elementor-widget-divider--view-line elementor-widget elementor-widget-divider\" data-id=\"cc52671\" data-element_type=\"widget\" data-widget_type=\"divider.default\">\n\t\t\t\t\t\t\t<div class=\"elementor-divider\">\n\t\t\t<span class=\"elementor-divider-separator\">\n\t\t\t\t\t\t<\/span>\n\t\t<\/div>\n\t\t\t\t\t\t<\/div>\n\t\t\t\t<div class=\"elementor-element elementor-element-db4aea2 elementor-widget elementor-widget-spacer\" data-id=\"db4aea2\" data-element_type=\"widget\" data-widget_type=\"spacer.default\">\n\t\t\t\t\t\t\t<div class=\"elementor-spacer\">\n\t\t\t<div class=\"elementor-spacer-inner\"><\/div>\n\t\t<\/div>\n\t\t\t\t\t\t<\/div>\n\t\t\t\t\t<\/div>\n\t\t\t\t<\/div>\n\t\t<div class=\"elementor-element elementor-element-9c327f8 e-flex e-con-boxed e-con e-parent\" data-id=\"9c327f8\" data-element_type=\"container\">\n\t\t\t\t\t<div class=\"e-con-inner\">\n\t\t<div class=\"elementor-element elementor-element-f4a9928 e-con-full e-flex e-con e-child\" data-id=\"f4a9928\" data-element_type=\"container\">\n\t\t\t\t<div class=\"elementor-element elementor-element-83f8320 elementor-widget__width-initial elementor-widget elementor-widget-text-editor\" data-id=\"83f8320\" data-element_type=\"widget\" data-widget_type=\"text-editor.default\">\n\t\t\t\t\t\t\t\t\t<p class=\"translation-block\"><span style=\"font-weight: 400\">As a combination of art and activism, <\/span><b>Smoqua gathers artists and activists from Croatia and abroad<\/b><span style=\"font-weight: 400\"> with the aim of promoting queer and feminist culture and questioning social prejudices and \u201cinviting\u201d to reflect on them. In three days of mingling and open dialogue in the City that flows, the audience can feel and \u201cdive\u201d into queer and feminist culture through: exhibitions, panel discussions and talks, workshops, theatre plays, research presentations, drag shows, performances, games and other interactive content.<\/span><\/p>\t\t\t\t\t\t\t\t<\/div>\n\t\t\t\t<div class=\"elementor-element elementor-element-bd497de elementor-widget elementor-widget-heading\" data-id=\"bd497de\" data-element_type=\"widget\" data-widget_type=\"heading.default\">\n\t\t\t\t\t<h2 class=\"elementor-heading-title elementor-size-default\">A little bit of history: why Smoqua?<\/h2>\t\t\t\t<\/div>\n\t\t\t\t<div class=\"elementor-element elementor-element-a870b9d elementor-widget elementor-widget-text-editor\" data-id=\"a870b9d\" data-element_type=\"widget\" data-widget_type=\"text-editor.default\">\n\t\t\t\t\t\t\t\t\t<p><span style=\"font-weight: 400;\">Through many years of work in LGBTIQ+ topics and with LGBTIQ+ community, LORI has realised that although queer and feminist culture in Croatia is present, it remains marginalised and lacks systematic support for its development and networking.<\/span><\/p>\t\t\t\t\t\t\t\t<\/div>\n\t\t\t\t<\/div>\n\t\t<div class=\"elementor-element elementor-element-6c68740 e-con-full e-flex e-con e-child\" data-id=\"6c68740\" data-element_type=\"container\">\n\t\t\t\t<div class=\"elementor-element elementor-element-a93fdf4 elementor-widget elementor-widget-image\" data-id=\"a93fdf4\" data-element_type=\"widget\" data-widget_type=\"image.default\">\n\t\t\t\t\t\t\t\t\t\t\t\t\t\t\t<img fetchpriority=\"high\" decoding=\"async\" width=\"1000\" height=\"667\" src=\"https:\/\/lori.hr\/wp-content\/uploads\/2023\/02\/Smoqua_glavna.jpg\" class=\"attachment-large size-large wp-image-2521\" alt=\"\" srcset=\"https:\/\/lori.hr\/wp-content\/uploads\/2023\/02\/Smoqua_glavna.jpg 1000w, https:\/\/lori.hr\/wp-content\/uploads\/2023\/02\/Smoqua_glavna-300x200.jpg 300w, https:\/\/lori.hr\/wp-content\/uploads\/2023\/02\/Smoqua_glavna-768x512.jpg 768w\" sizes=\"(max-width: 1000px) 100vw, 1000px\" \/>\t\t\t\t\t\t\t\t\t\t\t\t\t\t\t<\/div>\n\t\t\t\t<\/div>\n\t\t\t\t\t<\/div>\n\t\t\t\t<\/div>\n\t\t<div class=\"elementor-element elementor-element-be70a8a e-flex e-con-boxed e-con e-parent\" data-id=\"be70a8a\" data-element_type=\"container\">\n\t\t\t\t\t<div class=\"e-con-inner\">\n\t\t\t\t<div class=\"elementor-element elementor-element-d499b3c elementor-widget elementor-widget-text-editor\" data-id=\"d499b3c\" data-element_type=\"widget\" data-widget_type=\"text-editor.default\">\n\t\t\t\t\t\t\t\t\t<p><span style=\"font-weight: 400;\">The topics of queer and feminism in Croatia are still most often considered socially unnecessary, unacceptable, inappropriate, even improper and have negative connotations, while the general public is not familiar enough with them. Thus, an initiative was born: to provide a \u201cmeeting point\u201d of the wider community, especially youth, with persons prominent in queer and feminist culture from Croatia and abroad, thus encouraging the further development of cultural and artistic contents in this area.\u00a0<\/span><span style=\"font-weight: 400;\"><br \/><\/span><\/p><p><span style=\"font-weight: 400;\">The idea of organising a festival in Rijeka was \u201cbrewing\u201d for several years, and although promoting queer culture was one of LORI strategic goals, the focus of our work was informing the public and empowering LGBTIQ+ community. Too, finding funds, partner organisations, how to do it, with whom, with what? \u2026 was not an easy task. However, where there is a will, there is a way: in 2016, Rijeka was awarded the title of <a href=\"https:\/\/www.rijeka.hr\/en\/themes-for-citizens\/culture\/european-capital-of-culture-2020\/?noredirect=en_GB\" target=\"_blank\" rel=\"noopener\">European Capital of Culture 2020<\/a>, and Smoqua found its place in the Port of Diversity (the slogan of the ECOC). The first Smoqua was held in 2017 and was part of the Kitchen of Diversity programme until 2020.<\/span><\/p>\t\t\t\t\t\t\t\t<\/div>\n\t\t\t\t<div class=\"elementor-element elementor-element-3ae7d3b elementor-widget elementor-widget-text-editor\" data-id=\"3ae7d3b\" data-element_type=\"widget\" data-widget_type=\"text-editor.default\">\n\t\t\t\t\t\t\t\t\t<p><span style=\"font-weight: 400;\">With various organisations, associations and institutions such as PaRiter (co-organisers since 2017), Citizens to their City and the Centre for Women's Studies at the Faculty of Humanities and Social Sciences in Rijeka (co-organisers of the first editions of the festival), Palach, Art-kino and many others, Smoqua has created new spaces for collaboration while incorporating different perspectives, knowledge and experiences.<\/span><\/p><p>The first eight editions of Smoqua featured\u00a0<b>over 230 artists and activists from more than 30 countries\u00a0<\/b>around the world.<\/p>\t\t\t\t\t\t\t\t<\/div>\n\t\t\t\t\t<\/div>\n\t\t\t\t<\/div>\n\t\t<div class=\"elementor-element elementor-element-26172fb e-flex e-con-boxed e-con e-parent\" data-id=\"26172fb\" data-element_type=\"container\" data-settings=\"{&quot;background_background&quot;:&quot;classic&quot;}\">\n\t\t\t\t\t<div class=\"e-con-inner\">\n\t\t\t\t<div class=\"elementor-element elementor-element-9256cfd elementor-widget elementor-widget-heading\" data-id=\"9256cfd\" data-element_type=\"widget\" data-widget_type=\"heading.default\">\n\t\t\t\t\t<h2 class=\"elementor-heading-title elementor-size-default\">Okay, now we have Smoqua, but... what is Smoqua?<\/h2>\t\t\t\t<\/div>\n\t\t\t\t<div class=\"elementor-element elementor-element-fcd4f37 elementor-widget elementor-widget-text-editor\" data-id=\"fcd4f37\" data-element_type=\"widget\" data-widget_type=\"text-editor.default\">\n\t\t\t\t\t\t\t\t\t<p><span style=\"font-weight: 400;\">The international Festival of Queer and Feminist Culture Smoqua enables the public to get acquainted with queer and feminist culture in a safe and stimulating environment through exchanging thoughts and experiences, and gain new knowledge about its importance, position and contribution to the development of a democratic society.<\/span><\/p><p><span style=\"font-weight: 400;\">Smoqua breaks down prejudices, \u201cdisintegrates'' patriarchal patterns with contents that are not present or visible enough in our society: <\/span><b>through a diverse programme in Croatian and English, everyone has the opportunity to reflect, exchange experiences and opinions<\/b><span style=\"font-weight: 400;\">, while enriching the festival which is also a platform for networking and connecting among diverse audiences. Smoqua always strives to be inclusive, so festival activities are free of charge and in as much as possible accessible locations.<\/span><\/p><p class=\"translation-block\"><b>The festival points out to various relevant social issues<\/b><span style=\"font-weight: 400\"> by promoting non-violence and sustainability, for example, through the use of recycled promotional materials, providing vegan meals for participants and volunteers, discounts on arriving by train, etc.<\/span><\/p><p class=\"translation-block\"><b>Connection is one of the key dimensions of Smoqua:<\/b><span style=\"font-weight: 400\"> it is conceived as a meeting place for networking and collaboration among various stakeholders: civil society organisations, institutions, collectives, initiatives, youth hangout spots, cafes and companies, cultural forums, and individuals prominent in queer and feminism from Croatia and abroad.<\/span><\/p>\t\t\t\t\t\t\t\t<\/div>\n\t\t\t\t\t<\/div>\n\t\t\t\t<\/div>\n\t\t<div class=\"elementor-element elementor-element-2775abc elementor-hidden-desktop elementor-hidden-tablet elementor-hidden-mobile e-flex e-con-boxed e-con e-parent\" data-id=\"2775abc\" data-element_type=\"container\" data-settings=\"{&quot;background_background&quot;:&quot;classic&quot;}\">\n\t\t\t\t\t<div class=\"e-con-inner\">\n\t\t\t\t<div class=\"elementor-element elementor-element-d36e61f elementor-widget elementor-widget-spacer\" data-id=\"d36e61f\" data-element_type=\"widget\" data-widget_type=\"spacer.default\">\n\t\t\t\t\t\t\t<div class=\"elementor-spacer\">\n\t\t\t<div class=\"elementor-spacer-inner\"><\/div>\n\t\t<\/div>\n\t\t\t\t\t\t<\/div>\n\t\t\t\t\t<\/div>\n\t\t\t\t<\/div>\n\t\t<div class=\"elementor-element elementor-element-84ba65e elementor-hidden-tablet elementor-hidden-mobile elementor-hidden-desktop e-flex e-con-boxed e-con e-parent\" data-id=\"84ba65e\" data-element_type=\"container\" data-settings=\"{&quot;background_background&quot;:&quot;classic&quot;}\">\n\t\t\t\t\t<div class=\"e-con-inner\">\n\t\t<div class=\"elementor-element elementor-element-cc1b83b e-con-full e-flex e-con e-child\" data-id=\"cc1b83b\" data-element_type=\"container\">\n\t\t\t\t<div class=\"elementor-element elementor-element-4bcf4b9 elementor-widget elementor-widget-image\" data-id=\"4bcf4b9\" data-element_type=\"widget\" data-widget_type=\"image.default\">\n\t\t\t\t\t\t\t\t\t\t\t\t\t\t\t<img loading=\"lazy\" decoding=\"async\" width=\"800\" height=\"800\" src=\"https:\/\/lori.hr\/wp-content\/uploads\/2025\/07\/Smoqua2025-najava.jpg\" class=\"attachment-large size-large wp-image-10728\" alt=\"\" srcset=\"https:\/\/lori.hr\/wp-content\/uploads\/2025\/07\/Smoqua2025-najava.jpg 800w, https:\/\/lori.hr\/wp-content\/uploads\/2025\/07\/Smoqua2025-najava-300x300.jpg 300w, https:\/\/lori.hr\/wp-content\/uploads\/2025\/07\/Smoqua2025-najava-150x150.jpg 150w, https:\/\/lori.hr\/wp-content\/uploads\/2025\/07\/Smoqua2025-najava-768x768.jpg 768w, https:\/\/lori.hr\/wp-content\/uploads\/2025\/07\/Smoqua2025-najava-12x12.jpg 12w\" sizes=\"auto, (max-width: 800px) 100vw, 800px\" \/>\t\t\t\t\t\t\t\t\t\t\t\t\t\t\t<\/div>\n\t\t\t\t<\/div>\n\t\t<div class=\"elementor-element elementor-element-f080657 e-con-full e-flex elementor-invisible e-con e-child\" data-id=\"f080657\" data-element_type=\"container\" data-settings=\"{&quot;animation&quot;:&quot;slideInRight&quot;}\">\n\t\t\t\t<div class=\"elementor-element elementor-element-7da9036 elementor-widget elementor-widget-spacer\" data-id=\"7da9036\" data-element_type=\"widget\" data-widget_type=\"spacer.default\">\n\t\t\t\t\t\t\t<div class=\"elementor-spacer\">\n\t\t\t<div class=\"elementor-spacer-inner\"><\/div>\n\t\t<\/div>\n\t\t\t\t\t\t<\/div>\n\t\t\t\t<div class=\"elementor-element elementor-element-9f8dd61 elementor-widget elementor-widget-heading\" data-id=\"9f8dd61\" data-element_type=\"widget\" data-widget_type=\"heading.default\">\n\t\t\t\t\t<h3 class=\"elementor-heading-title elementor-size-default\">The new Smoqua is coming soon! Save the dates!! \ud83d\ude42<\/h3>\t\t\t\t<\/div>\n\t\t\t\t<div class=\"elementor-element elementor-element-b701166 elementor-widget elementor-widget-heading\" data-id=\"b701166\" data-element_type=\"widget\" data-widget_type=\"heading.default\">\n\t\t\t\t\t<h2 class=\"elementor-heading-title elementor-size-default\">Smoqua 2025 - Togetherness<\/h2>\t\t\t\t<\/div>\n\t\t\t\t<div class=\"elementor-element elementor-element-c0fa9a1 elementor-widget elementor-widget-spacer\" data-id=\"c0fa9a1\" data-element_type=\"widget\" data-widget_type=\"spacer.default\">\n\t\t\t\t\t\t\t<div class=\"elementor-spacer\">\n\t\t\t<div class=\"elementor-spacer-inner\"><\/div>\n\t\t<\/div>\n\t\t\t\t\t\t<\/div>\n\t\t\t\t<div class=\"elementor-element elementor-element-dc1cb37 elementor-align-center elementor-widget elementor-widget-button\" data-id=\"dc1cb37\" data-element_type=\"widget\" data-settings=\"{&quot;_animation&quot;:&quot;none&quot;}\" data-widget_type=\"button.default\">\n\t\t\t\t\t\t\t\t\t\t<a class=\"elementor-button elementor-button-link elementor-size-sm\" href=\"https:\/\/lori.hr\/en\/smoqua-2025\/\">\n\t\t\t\t\t\t<span class=\"elementor-button-content-wrapper\">\n\t\t\t\t\t\t\t\t\t<span class=\"elementor-button-text\">Read more<\/span>\n\t\t\t\t\t<\/span>\n\t\t\t\t\t<\/a>\n\t\t\t\t\t\t\t\t<\/div>\n\t\t\t\t<\/div>\n\t\t\t\t\t<\/div>\n\t\t\t\t<\/div>\n\t\t<div class=\"elementor-element elementor-element-e7c8f5b e-flex e-con-boxed e-con e-parent\" data-id=\"e7c8f5b\" data-element_type=\"container\">\n\t\t\t\t\t<div class=\"e-con-inner\">\n\t\t\t\t<div class=\"elementor-element elementor-element-4563761 elementor-widget elementor-widget-spacer\" data-id=\"4563761\" data-element_type=\"widget\" data-widget_type=\"spacer.default\">\n\t\t\t\t\t\t\t<div class=\"elementor-spacer\">\n\t\t\t<div class=\"elementor-spacer-inner\"><\/div>\n\t\t<\/div>\n\t\t\t\t\t\t<\/div>\n\t\t\t\t\t<\/div>\n\t\t\t\t<\/div>\n\t\t<div class=\"elementor-element elementor-element-d713f41 e-flex e-con-boxed e-con e-parent\" data-id=\"d713f41\" data-element_type=\"container\">\n\t\t\t\t\t<div class=\"e-con-inner\">\n\t\t\t\t<div class=\"elementor-element elementor-element-f55fd34 elementor-widget elementor-widget-heading\" data-id=\"f55fd34\" data-element_type=\"widget\" data-widget_type=\"heading.default\">\n\t\t\t\t\t<h2 class=\"elementor-heading-title elementor-size-default\">Check out how it was at the previous Smoquas:<\/h2>\t\t\t\t<\/div>\n\t\t\t\t<div class=\"elementor-element elementor-element-2040508 elementor-widget elementor-widget-spacer\" data-id=\"2040508\" data-element_type=\"widget\" data-widget_type=\"spacer.default\">\n\t\t\t\t\t\t\t<div class=\"elementor-spacer\">\n\t\t\t<div class=\"elementor-spacer-inner\"><\/div>\n\t\t<\/div>\n\t\t\t\t\t\t<\/div>\n\t\t\t\t\t<\/div>\n\t\t\t\t<\/div>\n\t\t<div class=\"elementor-element elementor-element-ed2c6bc e-flex e-con-boxed e-con e-parent\" data-id=\"ed2c6bc\" data-element_type=\"container\">\n\t\t\t\t\t<div class=\"e-con-inner\">\n\t\t<div class=\"elementor-element elementor-element-2bfe0b3 e-con-full e-flex e-con e-child\" data-id=\"2bfe0b3\" data-element_type=\"container\">\n\t\t\t\t<div class=\"elementor-element elementor-element-2c651d2 elementor-widget elementor-widget-spacer\" data-id=\"2c651d2\" data-element_type=\"widget\" data-widget_type=\"spacer.default\">\n\t\t\t\t\t\t\t<div class=\"elementor-spacer\">\n\t\t\t<div class=\"elementor-spacer-inner\"><\/div>\n\t\t<\/div>\n\t\t\t\t\t\t<\/div>\n\t\t\t\t<div class=\"elementor-element elementor-element-7d4c89a elementor-icon-list--layout-traditional elementor-list-item-link-full_width elementor-widget elementor-widget-icon-list\" data-id=\"7d4c89a\" data-element_type=\"widget\" data-widget_type=\"icon-list.default\">\n\t\t\t\t\t\t\t<ul class=\"elementor-icon-list-items\">\n\t\t\t\t\t\t\t<li class=\"elementor-icon-list-item\">\n\t\t\t\t\t\t\t\t\t\t\t<a href=\"https:\/\/lori.hr\/en\/smoqua-2025\/\">\n\n\t\t\t\t\t\t\t\t\t\t\t\t<span class=\"elementor-icon-list-icon\">\n\t\t\t\t\t\t\t<i aria-hidden=\"true\" class=\"fas fa-arrow-right\"><\/i>\t\t\t\t\t\t<\/span>\n\t\t\t\t\t\t\t\t\t\t<span class=\"elementor-icon-list-text\">Smoqua 2025<\/span>\n\t\t\t\t\t\t\t\t\t\t\t<\/a>\n\t\t\t\t\t\t\t\t\t<\/li>\n\t\t\t\t\t\t\t\t<li class=\"elementor-icon-list-item\">\n\t\t\t\t\t\t\t\t\t\t\t<a href=\"https:\/\/lori.hr\/en\/smoqua-2024\/\">\n\n\t\t\t\t\t\t\t\t\t\t\t\t<span class=\"elementor-icon-list-icon\">\n\t\t\t\t\t\t\t<i aria-hidden=\"true\" class=\"fas fa-arrow-right\"><\/i>\t\t\t\t\t\t<\/span>\n\t\t\t\t\t\t\t\t\t\t<span class=\"elementor-icon-list-text\">Smoqua 2024<\/span>\n\t\t\t\t\t\t\t\t\t\t\t<\/a>\n\t\t\t\t\t\t\t\t\t<\/li>\n\t\t\t\t\t\t\t\t<li class=\"elementor-icon-list-item\">\n\t\t\t\t\t\t\t\t\t\t\t<a href=\"https:\/\/lori.hr\/en\/smoqua-2023\/\">\n\n\t\t\t\t\t\t\t\t\t\t\t\t<span class=\"elementor-icon-list-icon\">\n\t\t\t\t\t\t\t<i aria-hidden=\"true\" class=\"fas fa-arrow-right\"><\/i>\t\t\t\t\t\t<\/span>\n\t\t\t\t\t\t\t\t\t\t<span class=\"elementor-icon-list-text\">Smoqua 2023<\/span>\n\t\t\t\t\t\t\t\t\t\t\t<\/a>\n\t\t\t\t\t\t\t\t\t<\/li>\n\t\t\t\t\t\t\t\t<li class=\"elementor-icon-list-item\">\n\t\t\t\t\t\t\t\t\t\t\t<a href=\"https:\/\/lori.hr\/en\/smoqua-2022\/\">\n\n\t\t\t\t\t\t\t\t\t\t\t\t<span class=\"elementor-icon-list-icon\">\n\t\t\t\t\t\t\t<i aria-hidden=\"true\" class=\"fas fa-arrow-right\"><\/i>\t\t\t\t\t\t<\/span>\n\t\t\t\t\t\t\t\t\t\t<span class=\"elementor-icon-list-text\">Smoqua 2022<\/span>\n\t\t\t\t\t\t\t\t\t\t\t<\/a>\n\t\t\t\t\t\t\t\t\t<\/li>\n\t\t\t\t\t\t\t\t<li class=\"elementor-icon-list-item\">\n\t\t\t\t\t\t\t\t\t\t\t<a href=\"https:\/\/lori.hr\/en\/smoqua-2021\/\">\n\n\t\t\t\t\t\t\t\t\t\t\t\t<span class=\"elementor-icon-list-icon\">\n\t\t\t\t\t\t\t<i aria-hidden=\"true\" class=\"fas fa-arrow-right\"><\/i>\t\t\t\t\t\t<\/span>\n\t\t\t\t\t\t\t\t\t\t<span class=\"elementor-icon-list-text\">Smoqua 2021<\/span>\n\t\t\t\t\t\t\t\t\t\t\t<\/a>\n\t\t\t\t\t\t\t\t\t<\/li>\n\t\t\t\t\t\t\t\t<li class=\"elementor-icon-list-item\">\n\t\t\t\t\t\t\t\t\t\t\t<a href=\"https:\/\/lori.hr\/en\/smoqua-2020\/\">\n\n\t\t\t\t\t\t\t\t\t\t\t\t<span class=\"elementor-icon-list-icon\">\n\t\t\t\t\t\t\t<i aria-hidden=\"true\" class=\"fas fa-arrow-right\"><\/i>\t\t\t\t\t\t<\/span>\n\t\t\t\t\t\t\t\t\t\t<span class=\"elementor-icon-list-text\">Smoqua 2020<\/span>\n\t\t\t\t\t\t\t\t\t\t\t<\/a>\n\t\t\t\t\t\t\t\t\t<\/li>\n\t\t\t\t\t\t\t\t<li class=\"elementor-icon-list-item\">\n\t\t\t\t\t\t\t\t\t\t\t<a href=\"https:\/\/lori.hr\/en\/smoqua-2019\/\">\n\n\t\t\t\t\t\t\t\t\t\t\t\t<span class=\"elementor-icon-list-icon\">\n\t\t\t\t\t\t\t<i aria-hidden=\"true\" class=\"fas fa-arrow-right\"><\/i>\t\t\t\t\t\t<\/span>\n\t\t\t\t\t\t\t\t\t\t<span class=\"elementor-icon-list-text\">Smoqua 2019<\/span>\n\t\t\t\t\t\t\t\t\t\t\t<\/a>\n\t\t\t\t\t\t\t\t\t<\/li>\n\t\t\t\t\t\t\t\t<li class=\"elementor-icon-list-item\">\n\t\t\t\t\t\t\t\t\t\t\t<a href=\"https:\/\/lori.hr\/en\/smoqua-2018\/\">\n\n\t\t\t\t\t\t\t\t\t\t\t\t<span class=\"elementor-icon-list-icon\">\n\t\t\t\t\t\t\t<i aria-hidden=\"true\" class=\"fas fa-arrow-right\"><\/i>\t\t\t\t\t\t<\/span>\n\t\t\t\t\t\t\t\t\t\t<span class=\"elementor-icon-list-text\">Smoqua 2018<\/span>\n\t\t\t\t\t\t\t\t\t\t\t<\/a>\n\t\t\t\t\t\t\t\t\t<\/li>\n\t\t\t\t\t\t\t\t<li class=\"elementor-icon-list-item\">\n\t\t\t\t\t\t\t\t\t\t\t<a href=\"https:\/\/lori.hr\/en\/smoqua-2017\/\">\n\n\t\t\t\t\t\t\t\t\t\t\t\t<span class=\"elementor-icon-list-icon\">\n\t\t\t\t\t\t\t<i aria-hidden=\"true\" class=\"fas fa-arrow-right\"><\/i>\t\t\t\t\t\t<\/span>\n\t\t\t\t\t\t\t\t\t\t<span class=\"elementor-icon-list-text\">Smoqua 2017<\/span>\n\t\t\t\t\t\t\t\t\t\t\t<\/a>\n\t\t\t\t\t\t\t\t\t<\/li>\n\t\t\t\t\t\t<\/ul>\n\t\t\t\t\t\t<\/div>\n\t\t\t\t<\/div>\n\t\t<div class=\"elementor-element elementor-element-dd74e03 e-con-full e-flex e-con e-child\" data-id=\"dd74e03\" data-element_type=\"container\">\n\t\t\t\t<div class=\"elementor-element elementor-element-06302c0 elementor-widget elementor-widget-image\" data-id=\"06302c0\" data-element_type=\"widget\" data-widget_type=\"image.default\">\n\t\t\t\t\t\t\t\t\t\t\t\t\t\t\t<img loading=\"lazy\" decoding=\"async\" width=\"768\" height=\"614\" src=\"https:\/\/lori.hr\/wp-content\/uploads\/2023\/02\/Smoqua_kolaz-1-768x614.png\" class=\"attachment-medium_large size-medium_large wp-image-2525\" alt=\"\" srcset=\"https:\/\/lori.hr\/wp-content\/uploads\/2023\/02\/Smoqua_kolaz-1-768x614.png 768w, https:\/\/lori.hr\/wp-content\/uploads\/2023\/02\/Smoqua_kolaz-1-300x240.png 300w, https:\/\/lori.hr\/wp-content\/uploads\/2023\/02\/Smoqua_kolaz-1-1024x819.png 1024w, https:\/\/lori.hr\/wp-content\/uploads\/2023\/02\/Smoqua_kolaz-1.png 1200w\" sizes=\"auto, (max-width: 768px) 100vw, 768px\" \/>\t\t\t\t\t\t\t\t\t\t\t\t\t\t\t<\/div>\n\t\t\t\t<\/div>\n\t\t\t\t\t<\/div>\n\t\t\t\t<\/div>\n\t\t<div class=\"elementor-element elementor-element-96587f6 e-flex e-con-boxed e-con e-parent\" data-id=\"96587f6\" data-element_type=\"container\">\n\t\t\t\t\t<div class=\"e-con-inner\">\n\t\t\t\t<div class=\"elementor-element elementor-element-e412c50 elementor-widget elementor-widget-spacer\" data-id=\"e412c50\" data-element_type=\"widget\" data-widget_type=\"spacer.default\">\n\t\t\t\t\t\t\t<div class=\"elementor-spacer\">\n\t\t\t<div class=\"elementor-spacer-inner\"><\/div>\n\t\t<\/div>\n\t\t\t\t\t\t<\/div>\n\t\t\t\t\t<\/div>\n\t\t\t\t<\/div>\n\t\t\t\t<\/div>","protected":false},"excerpt":{"rendered":"<p>Festival queer i feministi\u010dke kulture Smoqua Kao spoj umjetnosti i aktivizma, Smoqua okuplja umjetnike i umjetnice, aktiviste i aktivistkinje iz Hrvatske i inozemstva s ciljem promoviranja queer i feministi\u010dke kulture te propitivanja dru\u0161tvenih predrasuda i \u201epozivanja\u201c na njihovo promi\u0161ljanje. U tri dana dru\u017eenja i otvorenog dijaloga u Gradu koji te\u010de, publika mo\u017ee osjetiti i \u201ezaroniti\u201c &hellip;<\/p>\n<p class=\"read-more\"> <a class=\"\" href=\"https:\/\/lori.hr\/en\/smoqua\/\"> <span class=\"screen-reader-text\">Smoqua<\/span> Read More \u00bb<\/a><\/p>","protected":false},"author":1,"featured_media":0,"parent":0,"menu_order":0,"comment_status":"closed","ping_status":"closed","template":"","meta":{"_uag_custom_page_level_css":"","site-sidebar-layout":"no-sidebar","site-content-layout":"page-builder","ast-site-content-layout":"","site-content-style":"default","site-sidebar-style":"default","ast-global-header-display":"","ast-banner-title-visibility":"","ast-main-header-display":"","ast-hfb-above-header-display":"","ast-hfb-below-header-display":"","ast-hfb-mobile-header-display":"","site-post-title":"disabled","ast-breadcrumbs-content":"","ast-featured-img":"disabled","footer-sml-layout":"","theme-transparent-header-meta":"","adv-header-id-meta":"","stick-header-meta":"","header-above-stick-meta":"","header-main-stick-meta":"","header-below-stick-meta":"","astra-migrate-meta-layouts":"","footnotes":""},"class_list":["post-1579","page","type-page","status-publish","hentry"],"uagb_featured_image_src":{"full":false,"thumbnail":false,"medium":false,"medium_large":false,"large":false,"1536x1536":false,"2048x2048":false,"trp-custom-language-flag":false},"uagb_author_info":{"display_name":"LORI","author_link":"https:\/\/lori.hr\/en\/author\/ikenji\/"},"uagb_comment_info":0,"uagb_excerpt":"Festival queer i feministi\u010dke kulture Smoqua Kao spoj umjetnosti i aktivizma, Smoqua okuplja umjetnike i umjetnice, aktiviste i aktivistkinje iz Hrvatske i inozemstva s ciljem promoviranja queer i feministi\u010dke kulture te propitivanja dru\u0161tvenih predrasuda i \u201epozivanja\u201c na njihovo promi\u0161ljanje. U tri dana dru\u017eenja i otvorenog dijaloga u Gradu koji te\u010de, publika mo\u017ee osjetiti i \u201ezaroniti\u201c&hellip;","_links":{"self":[{"href":"https:\/\/lori.hr\/en\/wp-json\/wp\/v2\/pages\/1579","targetHints":{"allow":["GET"]}}],"collection":[{"href":"https:\/\/lori.hr\/en\/wp-json\/wp\/v2\/pages"}],"about":[{"href":"https:\/\/lori.hr\/en\/wp-json\/wp\/v2\/types\/page"}],"author":[{"embeddable":true,"href":"https:\/\/lori.hr\/en\/wp-json\/wp\/v2\/users\/1"}],"replies":[{"embeddable":true,"href":"https:\/\/lori.hr\/en\/wp-json\/wp\/v2\/comments?post=1579"}],"version-history":[{"count":163,"href":"https:\/\/lori.hr\/en\/wp-json\/wp\/v2\/pages\/1579\/revisions"}],"predecessor-version":[{"id":11052,"href":"https:\/\/lori.hr\/en\/wp-json\/wp\/v2\/pages\/1579\/revisions\/11052"}],"wp:attachment":[{"href":"https:\/\/lori.hr\/en\/wp-json\/wp\/v2\/media?parent=1579"}],"curies":[{"name":"wp","href":"https:\/\/api.w.org\/{rel}","templated":true}]}}