{"id":1924,"date":"2023-02-10T09:56:14","date_gmt":"2023-02-10T08:56:14","guid":{"rendered":"https:\/\/lori.hr\/?page_id=1924"},"modified":"2023-06-22T10:55:02","modified_gmt":"2023-06-22T08:55:02","slug":"suzbijanje-homofobije-bifobije-i-transfobije-u-sustavu-obrazovanja","status":"publish","type":"page","link":"https:\/\/lori.hr\/en\/suzbijanje-homofobije-bifobije-i-transfobije-u-sustavu-obrazovanja\/","title":{"rendered":"Combatting homophobia, biphobia and transphobia in educational system"},"content":{"rendered":"<div data-elementor-type=\"wp-page\" data-elementor-id=\"1924\" class=\"elementor elementor-1924\" data-elementor-post-type=\"page\">\n\t\t\t\t<div class=\"elementor-element elementor-element-59da30c navboja e-flex e-con-boxed e-con e-parent\" data-id=\"59da30c\" data-element_type=\"container\" data-settings=\"{&quot;background_background&quot;:&quot;classic&quot;}\">\n\t\t\t\t\t<div class=\"e-con-inner\">\n\t\t\t\t<div class=\"elementor-element elementor-element-72820eb elementor-widget elementor-widget-spacer\" data-id=\"72820eb\" data-element_type=\"widget\" data-widget_type=\"spacer.default\">\n\t\t\t\t\t\t\t<div class=\"elementor-spacer\">\n\t\t\t<div class=\"elementor-spacer-inner\"><\/div>\n\t\t<\/div>\n\t\t\t\t\t\t<\/div>\n\t\t\t\t\t<\/div>\n\t\t\t\t<\/div>\n\t\t<div class=\"elementor-element elementor-element-71a983b e-flex e-con-boxed e-con e-parent\" data-id=\"71a983b\" data-element_type=\"container\" data-settings=\"{&quot;background_background&quot;:&quot;classic&quot;}\">\n\t\t\t\t\t<div class=\"e-con-inner\">\n\t\t\t\t<div class=\"elementor-element elementor-element-3de4f98 elementor-widget elementor-widget-spacer\" data-id=\"3de4f98\" data-element_type=\"widget\" data-widget_type=\"spacer.default\">\n\t\t\t\t\t\t\t<div class=\"elementor-spacer\">\n\t\t\t<div class=\"elementor-spacer-inner\"><\/div>\n\t\t<\/div>\n\t\t\t\t\t\t<\/div>\n\t\t\t\t<div class=\"elementor-element elementor-element-815b1b2 elementor-widget elementor-widget-heading\" data-id=\"815b1b2\" data-element_type=\"widget\" data-widget_type=\"heading.default\">\n\t\t\t\t\t<h1 class=\"elementor-heading-title elementor-size-default\">Combatting homophobia, biphobia and transphobia in educational system<\/h1>\t\t\t\t<\/div>\n\t\t\t\t<div class=\"elementor-element elementor-element-78fb309 elementor-widget-divider--view-line elementor-widget elementor-widget-divider\" data-id=\"78fb309\" data-element_type=\"widget\" data-widget_type=\"divider.default\">\n\t\t\t\t\t\t\t<div class=\"elementor-divider\">\n\t\t\t<span class=\"elementor-divider-separator\">\n\t\t\t\t\t\t<\/span>\n\t\t<\/div>\n\t\t\t\t\t\t<\/div>\n\t\t\t\t\t<\/div>\n\t\t\t\t<\/div>\n\t\t<div class=\"elementor-element elementor-element-e912de4 e-flex e-con-boxed e-con e-parent\" data-id=\"e912de4\" data-element_type=\"container\" data-settings=\"{&quot;background_background&quot;:&quot;classic&quot;}\">\n\t\t\t\t\t<div class=\"e-con-inner\">\n\t\t<div class=\"elementor-element elementor-element-7fb943d e-con-full e-flex e-con e-parent\" data-id=\"7fb943d\" data-element_type=\"container\">\n\t\t\t\t<div class=\"elementor-element elementor-element-1fb865a elementor-widget elementor-widget-text-editor\" data-id=\"1fb865a\" data-element_type=\"widget\" data-widget_type=\"text-editor.default\">\n\t\t\t\t\t\t\t\t\t<p><span style=\"font-weight: 400;\">Sexual orientation and\/or gender identity are the basis of discrimination, social stigmatization and marginalization in different areas including education. In Croatian schools, different forms of homophobia, biphobia and transphobia are visible alongside with worrying presence of peer violence and harassment based on sexual orientation and\/or gender identity. <\/span><\/p><p><span style=\"font-weight: 400;\">Violent behaviour leaves direct, but also long-term consequences on the psychosocial health of the youth that experienced it, as well as on their success in school, private and professional life. <\/span><\/p><p><span style=\"font-weight: 400;\">Violence against LGBTIQ+ youth should be approached as a <a href=\"https:\/\/lori.hr\/en\/suzbijanje-hbt-u-obrazovanju\/\" target=\"_blank\" rel=\"noopener\">complex social issue<\/a>, that can be solved using a strategic approach and by all social and institutional bodies taking responsibility, which can in the end contribute to the creation of a sustainable, accepted and efficient way in which the state and society should deal with the acknowledged problem. <\/span><\/p>\t\t\t\t\t\t\t\t<\/div>\n\t\t\t\t<\/div>\n\t\t<div class=\"elementor-element elementor-element-82934a2 e-con-full e-flex e-con e-parent\" data-id=\"82934a2\" data-element_type=\"container\">\n\t\t\t\t<div class=\"elementor-element elementor-element-df1ff82 elementor-widget elementor-widget-image\" data-id=\"df1ff82\" data-element_type=\"widget\" data-widget_type=\"image.default\">\n\t\t\t\t\t\t\t\t\t\t\t\t<figure class=\"wp-caption\">\n\t\t\t\t\t\t\t\t\t\t<img fetchpriority=\"high\" decoding=\"async\" width=\"800\" height=\"600\" src=\"https:\/\/lori.hr\/wp-content\/uploads\/2023\/02\/Seminar-LGBTI-mladi-u-skolskom-okruzenju-i-uloga-skole-u-suzbijanju-homo-bi-transfobije.jpg\" class=\"attachment-large size-large wp-image-2476\" alt=\"\" srcset=\"https:\/\/lori.hr\/wp-content\/uploads\/2023\/02\/Seminar-LGBTI-mladi-u-skolskom-okruzenju-i-uloga-skole-u-suzbijanju-homo-bi-transfobije.jpg 800w, https:\/\/lori.hr\/wp-content\/uploads\/2023\/02\/Seminar-LGBTI-mladi-u-skolskom-okruzenju-i-uloga-skole-u-suzbijanju-homo-bi-transfobije-300x225.jpg 300w, https:\/\/lori.hr\/wp-content\/uploads\/2023\/02\/Seminar-LGBTI-mladi-u-skolskom-okruzenju-i-uloga-skole-u-suzbijanju-homo-bi-transfobije-768x576.jpg 768w\" sizes=\"(max-width: 800px) 100vw, 800px\" \/>\t\t\t\t\t\t\t\t\t\t\t<figcaption class=\"widget-image-caption wp-caption-text\">Seminar LGBTI mladi u \u0161kolskom okru\u017eenju i uloga \u0161kole u suzbijanju homo\/bi\/transfobije<\/figcaption>\n\t\t\t\t\t\t\t\t\t\t<\/figure>\n\t\t\t\t\t\t\t\t\t<\/div>\n\t\t\t\t<\/div>\n\t\t\t\t\t<\/div>\n\t\t\t\t<\/div>\n\t\t<div class=\"elementor-element elementor-element-8b5164a link-color e-flex e-con-boxed e-con e-parent\" data-id=\"8b5164a\" data-element_type=\"container\" data-settings=\"{&quot;background_background&quot;:&quot;classic&quot;}\">\n\t\t\t\t\t<div class=\"e-con-inner\">\n\t\t<div class=\"elementor-element elementor-element-47aad09 e-flex e-con-boxed e-con e-parent\" data-id=\"47aad09\" data-element_type=\"container\" data-settings=\"{&quot;background_background&quot;:&quot;classic&quot;}\">\n\t\t\t\t\t<div class=\"e-con-inner\">\n\t\t\t\t<div class=\"elementor-element elementor-element-7950af7 elementor-widget elementor-widget-text-editor\" data-id=\"7950af7\" data-element_type=\"widget\" data-widget_type=\"text-editor.default\">\n\t\t\t\t\t\t\t\t\t<p><span style=\"font-weight: 400;\">The main goal of this LORI programme is reducing homophobia, biphobia and transphobia and peer violence based on sexual orientation and\/or gender identity and expression in educational system, as well as protecting human rights and providing support to LGBTIQ+ youth. The programme is ongoing <\/span><span style=\"font-weight: 400;\">through <\/span><a href=\"https:\/\/lori.hr\/en\/aktualni-projekti\/\" target=\"_blank\" rel=\"noopener\"><span style=\"font-weight: 400;\">various projects <\/span><\/a><span style=\"font-weight: 400;\">and activities <\/span><span style=\"font-weight: 400;\">since 2012, and some of the main activities of the programme are: <\/span><\/p>\t\t\t\t\t\t\t\t<\/div>\n\t\t\t\t\t<\/div>\n\t\t\t\t<\/div>\n\t\t\t\t\t<\/div>\n\t\t\t\t<\/div>\n\t\t<div class=\"elementor-element elementor-element-610478e e-flex e-con-boxed e-con e-parent\" data-id=\"610478e\" data-element_type=\"container\">\n\t\t\t\t\t<div class=\"e-con-inner\">\n\t\t<div class=\"elementor-element elementor-element-6358be9 e-flex e-con-boxed e-con e-parent\" data-id=\"6358be9\" data-element_type=\"container\" data-settings=\"{&quot;background_background&quot;:&quot;classic&quot;}\">\n\t\t\t\t\t<div class=\"e-con-inner\">\n\t\t\t\t<div class=\"elementor-element elementor-element-a370f11 elementor-icon-list--layout-traditional elementor-list-item-link-full_width elementor-invisible elementor-widget elementor-widget-icon-list\" data-id=\"a370f11\" data-element_type=\"widget\" data-settings=\"{&quot;_animation&quot;:&quot;fadeInDown&quot;}\" data-widget_type=\"icon-list.default\">\n\t\t\t\t\t\t\t<ul class=\"elementor-icon-list-items\">\n\t\t\t\t\t\t\t<li class=\"elementor-icon-list-item\">\n\t\t\t\t\t\t\t\t\t\t\t<a href=\"https:\/\/lori.hr\/en\/edukacije-koje-provodi-lori\/#ucenici\" target=\"_blank\">\n\n\t\t\t\t\t\t\t\t\t\t\t\t<span class=\"elementor-icon-list-icon\">\n\t\t\t\t\t\t\t<i aria-hidden=\"true\" class=\"fas fa-check\"><\/i>\t\t\t\t\t\t<\/span>\n\t\t\t\t\t\t\t\t\t\t<span class=\"elementor-icon-list-text\">educating elementary school and secondary school students with the goal of preventing peer violence based on sexual orientation, gender identity and\/or expression<\/span>\n\t\t\t\t\t\t\t\t\t\t\t<\/a>\n\t\t\t\t\t\t\t\t\t<\/li>\n\t\t\t\t\t\t\t\t<li class=\"elementor-icon-list-item\">\n\t\t\t\t\t\t\t\t\t\t\t<a href=\"https:\/\/lori.hr\/en\/edukacije-koje-provodi-lori\/#nastavnici\" target=\"_blank\">\n\n\t\t\t\t\t\t\t\t\t\t\t\t<span class=\"elementor-icon-list-icon\">\n\t\t\t\t\t\t\t<i aria-hidden=\"true\" class=\"fas fa-check\"><\/i>\t\t\t\t\t\t<\/span>\n\t\t\t\t\t\t\t\t\t\t<span class=\"elementor-icon-list-text\">educating teachers and school professionals in elementary and secondary schools on LGBTI topics<\/span>\n\t\t\t\t\t\t\t\t\t\t\t<\/a>\n\t\t\t\t\t\t\t\t\t<\/li>\n\t\t\t\t\t\t\t\t<li class=\"elementor-icon-list-item\">\n\t\t\t\t\t\t\t\t\t\t\t<a href=\"https:\/\/lori.hr\/en\/publikacije\/\" target=\"_blank\">\n\n\t\t\t\t\t\t\t\t\t\t\t\t<span class=\"elementor-icon-list-icon\">\n\t\t\t\t\t\t\t<i aria-hidden=\"true\" class=\"fas fa-check\"><\/i>\t\t\t\t\t\t<\/span>\n\t\t\t\t\t\t\t\t\t\t<span class=\"elementor-icon-list-text\">publishing and distribution of publications for school professionals and youth<\/span>\n\t\t\t\t\t\t\t\t\t\t\t<\/a>\n\t\t\t\t\t\t\t\t\t<\/li>\n\t\t\t\t\t\t\t\t<li class=\"elementor-icon-list-item\">\n\t\t\t\t\t\t\t\t\t\t\t<a href=\"https:\/\/lori.hr\/en\/korisni-resursi\/\" target=\"_blank\">\n\n\t\t\t\t\t\t\t\t\t\t\t\t<span class=\"elementor-icon-list-icon\">\n\t\t\t\t\t\t\t<i aria-hidden=\"true\" class=\"fas fa-check\"><\/i>\t\t\t\t\t\t<\/span>\n\t\t\t\t\t\t\t\t\t\t<span class=\"elementor-icon-list-text\">development of educational materials<\/span>\n\t\t\t\t\t\t\t\t\t\t\t<\/a>\n\t\t\t\t\t\t\t\t\t<\/li>\n\t\t\t\t\t\t\t\t<li class=\"elementor-icon-list-item\">\n\t\t\t\t\t\t\t\t\t\t\t<a href=\"https:\/\/lori.hr\/en\/psihosocijalna-podrska\/\" target=\"_blank\">\n\n\t\t\t\t\t\t\t\t\t\t\t\t<span class=\"elementor-icon-list-icon\">\n\t\t\t\t\t\t\t<i aria-hidden=\"true\" class=\"fas fa-check\"><\/i>\t\t\t\t\t\t<\/span>\n\t\t\t\t\t\t\t\t\t\t<span class=\"elementor-icon-list-text\">psychosocial support for LGBTIQ+ youth<\/span>\n\t\t\t\t\t\t\t\t\t\t\t<\/a>\n\t\t\t\t\t\t\t\t\t<\/li>\n\t\t\t\t\t\t\t\t<li class=\"elementor-icon-list-item\">\n\t\t\t\t\t\t\t\t\t\t\t<span class=\"elementor-icon-list-icon\">\n\t\t\t\t\t\t\t<i aria-hidden=\"true\" class=\"fas fa-check\"><\/i>\t\t\t\t\t\t<\/span>\n\t\t\t\t\t\t\t\t\t\t<span class=\"elementor-icon-list-text\">advocating combatting homophobia, biphobia and transphobia in educational system<\/span>\n\t\t\t\t\t\t\t\t\t<\/li>\n\t\t\t\t\t\t\t\t<li class=\"elementor-icon-list-item\">\n\t\t\t\t\t\t\t\t\t\t\t<span class=\"elementor-icon-list-icon\">\n\t\t\t\t\t\t\t<i aria-hidden=\"true\" class=\"fas fa-check\"><\/i>\t\t\t\t\t\t<\/span>\n\t\t\t\t\t\t\t\t\t\t<span class=\"elementor-icon-list-text\">support in implementing Civic and Health education in schools<\/span>\n\t\t\t\t\t\t\t\t\t<\/li>\n\t\t\t\t\t\t<\/ul>\n\t\t\t\t\t\t<\/div>\n\t\t\t\t\t<\/div>\n\t\t\t\t<\/div>\n\t\t\t\t\t<\/div>\n\t\t\t\t<\/div>\n\t\t<div class=\"elementor-element elementor-element-357933d e-flex e-con-boxed e-con e-parent\" data-id=\"357933d\" data-element_type=\"container\">\n\t\t\t\t\t<div class=\"e-con-inner\">\n\t\t\t\t<div class=\"elementor-element elementor-element-765a484 elementor-widget elementor-widget-spacer\" data-id=\"765a484\" data-element_type=\"widget\" data-widget_type=\"spacer.default\">\n\t\t\t\t\t\t\t<div class=\"elementor-spacer\">\n\t\t\t<div class=\"elementor-spacer-inner\"><\/div>\n\t\t<\/div>\n\t\t\t\t\t\t<\/div>\n\t\t\t\t\t<\/div>\n\t\t\t\t<\/div>\n\t\t\t\t<\/div>","protected":false},"excerpt":{"rendered":"<p>Suzbijanje homofobije, bifobije i transfobije u sustavu obrazovanja Spolna orijentacija i\/ili rodni identitet osnova su diskriminacije, dru\u0161tvene stigmatizacije i marginalizacije na brojnim podru\u010djima pa tako i u sustavu obrazovanja. U hrvatskim \u0161kolama vidljivi su razli\u010diti oblici homofobije, bifobije i transfobije uz zabrinjavaju\u0107u prisutnost vr\u0161nja\u010dkog nasilja i zlostavljanja na osnovi spolne orijentacije i\/ili rodnog identiteta. Nasilni\u010dko &hellip;<\/p>\n<p class=\"read-more\"> <a class=\"\" href=\"https:\/\/lori.hr\/en\/suzbijanje-homofobije-bifobije-i-transfobije-u-sustavu-obrazovanja\/\"> <span class=\"screen-reader-text\">Combatting homophobia, biphobia and transphobia in educational system<\/span> Read More \u00bb<\/a><\/p>","protected":false},"author":1,"featured_media":0,"parent":0,"menu_order":0,"comment_status":"closed","ping_status":"closed","template":"","meta":{"_uag_custom_page_level_css":"","site-sidebar-layout":"no-sidebar","site-content-layout":"page-builder","ast-site-content-layout":"","site-content-style":"default","site-sidebar-style":"default","ast-global-header-display":"","ast-banner-title-visibility":"","ast-main-header-display":"","ast-hfb-above-header-display":"","ast-hfb-below-header-display":"","ast-hfb-mobile-header-display":"","site-post-title":"disabled","ast-breadcrumbs-content":"","ast-featured-img":"disabled","footer-sml-layout":"","theme-transparent-header-meta":"","adv-header-id-meta":"","stick-header-meta":"","header-above-stick-meta":"","header-main-stick-meta":"","header-below-stick-meta":"","astra-migrate-meta-layouts":"","footnotes":""},"class_list":["post-1924","page","type-page","status-publish","hentry"],"uagb_featured_image_src":{"full":false,"thumbnail":false,"medium":false,"medium_large":false,"large":false,"1536x1536":false,"2048x2048":false,"trp-custom-language-flag":false},"uagb_author_info":{"display_name":"LORI","author_link":"https:\/\/lori.hr\/en\/author\/ikenji\/"},"uagb_comment_info":0,"uagb_excerpt":"Suzbijanje homofobije, bifobije i transfobije u sustavu obrazovanja Spolna orijentacija i\/ili rodni identitet osnova su diskriminacije, dru\u0161tvene stigmatizacije i marginalizacije na brojnim podru\u010djima pa tako i u sustavu obrazovanja. U hrvatskim \u0161kolama vidljivi su razli\u010diti oblici homofobije, bifobije i transfobije uz zabrinjavaju\u0107u prisutnost vr\u0161nja\u010dkog nasilja i zlostavljanja na osnovi spolne orijentacije i\/ili rodnog identiteta. Nasilni\u010dko&hellip;","_links":{"self":[{"href":"https:\/\/lori.hr\/en\/wp-json\/wp\/v2\/pages\/1924","targetHints":{"allow":["GET"]}}],"collection":[{"href":"https:\/\/lori.hr\/en\/wp-json\/wp\/v2\/pages"}],"about":[{"href":"https:\/\/lori.hr\/en\/wp-json\/wp\/v2\/types\/page"}],"author":[{"embeddable":true,"href":"https:\/\/lori.hr\/en\/wp-json\/wp\/v2\/users\/1"}],"replies":[{"embeddable":true,"href":"https:\/\/lori.hr\/en\/wp-json\/wp\/v2\/comments?post=1924"}],"version-history":[{"count":59,"href":"https:\/\/lori.hr\/en\/wp-json\/wp\/v2\/pages\/1924\/revisions"}],"predecessor-version":[{"id":8235,"href":"https:\/\/lori.hr\/en\/wp-json\/wp\/v2\/pages\/1924\/revisions\/8235"}],"wp:attachment":[{"href":"https:\/\/lori.hr\/en\/wp-json\/wp\/v2\/media?parent=1924"}],"curies":[{"name":"wp","href":"https:\/\/api.w.org\/{rel}","templated":true}]}}