{"id":1926,"date":"2023-02-10T09:56:34","date_gmt":"2023-02-10T08:56:34","guid":{"rendered":"https:\/\/lori.hr\/?page_id=1926"},"modified":"2023-06-22T10:54:35","modified_gmt":"2023-06-22T08:54:35","slug":"suzbijanje-diskriminacije-i-zastita-ljudskih-prava-lgbti-osoba","status":"publish","type":"page","link":"https:\/\/lori.hr\/en\/suzbijanje-diskriminacije-i-zastita-ljudskih-prava-lgbti-osoba\/","title":{"rendered":"Combatting discrimination and protecting rights of LGBTI persons and women"},"content":{"rendered":"<div data-elementor-type=\"wp-page\" data-elementor-id=\"1926\" class=\"elementor elementor-1926\" data-elementor-post-type=\"page\">\n\t\t\t\t<div class=\"elementor-element elementor-element-38ab00f navboja e-flex e-con-boxed e-con e-parent\" data-id=\"38ab00f\" data-element_type=\"container\" data-settings=\"{&quot;background_background&quot;:&quot;classic&quot;}\">\n\t\t\t\t\t<div class=\"e-con-inner\">\n\t\t\t\t<div class=\"elementor-element elementor-element-c7bef32 elementor-widget elementor-widget-spacer\" data-id=\"c7bef32\" data-element_type=\"widget\" data-widget_type=\"spacer.default\">\n\t\t\t\t\t\t\t<div class=\"elementor-spacer\">\n\t\t\t<div class=\"elementor-spacer-inner\"><\/div>\n\t\t<\/div>\n\t\t\t\t\t\t<\/div>\n\t\t\t\t\t<\/div>\n\t\t\t\t<\/div>\n\t\t<div class=\"elementor-element elementor-element-bbee3d3 e-flex e-con-boxed e-con e-parent\" data-id=\"bbee3d3\" data-element_type=\"container\">\n\t\t\t\t\t<div class=\"e-con-inner\">\n\t\t\t\t<div class=\"elementor-element elementor-element-b79ce06 elementor-widget elementor-widget-spacer\" data-id=\"b79ce06\" data-element_type=\"widget\" data-widget_type=\"spacer.default\">\n\t\t\t\t\t\t\t<div class=\"elementor-spacer\">\n\t\t\t<div class=\"elementor-spacer-inner\"><\/div>\n\t\t<\/div>\n\t\t\t\t\t\t<\/div>\n\t\t\t\t<div class=\"elementor-element elementor-element-0993125 elementor-widget elementor-widget-heading\" data-id=\"0993125\" data-element_type=\"widget\" data-widget_type=\"heading.default\">\n\t\t\t\t\t<h1 class=\"elementor-heading-title elementor-size-default\">Combatting discrimination and protecting rights of LGBTI persons and women<\/h1>\t\t\t\t<\/div>\n\t\t\t\t<div class=\"elementor-element elementor-element-8c05d3a elementor-widget-divider--view-line elementor-widget elementor-widget-divider\" data-id=\"8c05d3a\" data-element_type=\"widget\" data-widget_type=\"divider.default\">\n\t\t\t\t\t\t\t<div class=\"elementor-divider\">\n\t\t\t<span class=\"elementor-divider-separator\">\n\t\t\t\t\t\t<\/span>\n\t\t<\/div>\n\t\t\t\t\t\t<\/div>\n\t\t\t\t\t<\/div>\n\t\t\t\t<\/div>\n\t\t<div class=\"elementor-element elementor-element-963d1e9 e-flex e-con-boxed e-con e-parent\" data-id=\"963d1e9\" data-element_type=\"container\">\n\t\t\t\t\t<div class=\"e-con-inner\">\n\t\t<div class=\"elementor-element elementor-element-3fe5ec4 e-con-full e-flex e-con e-parent\" data-id=\"3fe5ec4\" data-element_type=\"container\">\n\t\t\t\t<div class=\"elementor-element elementor-element-3d2f013 elementor-widget elementor-widget-text-editor\" data-id=\"3d2f013\" data-element_type=\"widget\" data-widget_type=\"text-editor.default\">\n\t\t\t\t\t\t\t\t\t<p><span style=\"font-weight: 400;\">LORI programme Combatting discrimination and advancing the rights of LGBTI persons aims to eliminate\/combat discrimination and violence against LGBTIQ+ persons in various areas of life: in hiring and at the workplace, in educational system, in the family, while accessing services etc., as well as to provide protection and to advance the rights of LGBTI persons.<\/span><\/p><p><span style=\"font-weight: 400;\">The programme includes informing, sensitising and educating various professionals (teachers, psychologists, police officers...), employers and others, along with providing information through publications such as: <\/span><span style=\"font-weight: 400;\"><a href=\"https:\/\/lori.hr\/wp-content\/uploads\/2023\/03\/Smjernice-LORI-2016.pdf\" target=\"_blank\" rel=\"noopener\">Guidelines for combatting homophobia and transphobia and peer violence based on sexual orientation and gender identity in schools<\/a>, <a href=\"https:\/\/lori.hr\/wp-content\/uploads\/2023\/03\/Jogjakartska_nacela.pdf\" target=\"_blank\" rel=\"noopener\">Yogyakarta Principles<\/a> or <a href=\"https:\/\/lori.hr\/wp-content\/uploads\/2023\/03\/WEI-HR.pdf\" target=\"_blank\" rel=\"noopener\">Workplace Equality Index<\/a>. <\/span><\/p><p><span style=\"font-weight: 400;\">LORI organises campaigns, panel discussions and similar public events to raise public awareness about the importance of these topics and to sensitise the public for a greater understanding and acceptance of LGBTIQ+ persons, while reducing prejudice and stereotypes.<\/span><\/p>\t\t\t\t\t\t\t\t<\/div>\n\t\t\t\t<\/div>\n\t\t<div class=\"elementor-element elementor-element-92c3f27 e-con-full e-flex e-con e-parent\" data-id=\"92c3f27\" data-element_type=\"container\">\n\t\t\t\t<div class=\"elementor-element elementor-element-bdfa2c8 elementor-widget elementor-widget-image\" data-id=\"bdfa2c8\" data-element_type=\"widget\" data-widget_type=\"image.default\">\n\t\t\t\t\t\t\t\t\t\t\t\t<figure class=\"wp-caption\">\n\t\t\t\t\t\t\t\t\t\t<img fetchpriority=\"high\" decoding=\"async\" width=\"768\" height=\"693\" src=\"https:\/\/lori.hr\/wp-content\/uploads\/2023\/04\/Idahobit_zastava-768x693.jpg\" class=\"attachment-medium_large size-medium_large wp-image-3582\" alt=\"\" srcset=\"https:\/\/lori.hr\/wp-content\/uploads\/2023\/04\/Idahobit_zastava-768x693.jpg 768w, https:\/\/lori.hr\/wp-content\/uploads\/2023\/04\/Idahobit_zastava-300x271.jpg 300w, https:\/\/lori.hr\/wp-content\/uploads\/2023\/04\/Idahobit_zastava-1024x923.jpg 1024w, https:\/\/lori.hr\/wp-content\/uploads\/2023\/04\/Idahobit_zastava.jpg 1109w\" sizes=\"(max-width: 768px) 100vw, 768px\" \/>\t\t\t\t\t\t\t\t\t\t\t<figcaption class=\"widget-image-caption wp-caption-text\">IDAHOBIT - rainbow flag at City Hall; photo: Tanja Kanazir<\/figcaption>\n\t\t\t\t\t\t\t\t\t\t<\/figure>\n\t\t\t\t\t\t\t\t\t<\/div>\n\t\t\t\t<\/div>\n\t\t\t\t\t<\/div>\n\t\t\t\t<\/div>\n\t\t<div class=\"elementor-element elementor-element-6f68540 e-flex e-con-boxed e-con e-parent\" data-id=\"6f68540\" data-element_type=\"container\" data-settings=\"{&quot;background_background&quot;:&quot;classic&quot;}\">\n\t\t\t\t\t<div class=\"e-con-inner\">\n\t\t\t\t<div class=\"elementor-element elementor-element-dd67011 elementor-widget elementor-widget-spacer\" data-id=\"dd67011\" data-element_type=\"widget\" data-widget_type=\"spacer.default\">\n\t\t\t\t\t\t\t<div class=\"elementor-spacer\">\n\t\t\t<div class=\"elementor-spacer-inner\"><\/div>\n\t\t<\/div>\n\t\t\t\t\t\t<\/div>\n\t\t\t\t<div class=\"elementor-element elementor-element-ebe7d20 elementor-widget elementor-widget-text-editor\" data-id=\"ebe7d20\" data-element_type=\"widget\" data-widget_type=\"text-editor.default\">\n\t\t\t\t\t\t\t\t\t<p><span style=\"font-weight: 400;\">We regularly monitor the position of human rights of LGBTI persons in Croatia and contribute to annual reports for several national and international institutions. An important part of the programme is advocating changes in public policies, as well as continuously public reacting to hate speech and hate crimes. Adding to that, we provide <\/span><a href=\"https:\/\/lori.hr\/en\/pravna-podrska\/\" target=\"_blank\" rel=\"noopener\"><span style=\"font-weight: 400;\">free legal aid for LGBTIQ+ persons<\/span><\/a><span style=\"font-weight: 400;\">.<\/span><\/p><p><span style=\"font-weight: 400;\">Some programme activities are accomplished through projects, for instance: <\/span><a href=\"https:\/\/lori.hr\/en\/savez-za-lgbtiq-ravnopravnost-na-radnom-mjestu\/\" target=\"_blank\" rel=\"noopener\"><span style=\"font-weight: 400;\">LGBTIQ+ Work Equality Alliance<\/span><\/a><b>, <\/b><a href=\"https:\/\/lori.hr\/hr\/podrzimo-ukljucivo-obrazovanje-gradimo-sigurnu-buducnost\"><span style=\"font-weight: 400;\">Supporting Inclusive Education - Building a Safe Future<\/span><\/a><span style=\"font-weight: 400;\"> or <\/span><a href=\"https:\/\/lori.hr\/en\/postuj-ljudska-prava-gradi-ukljucivo-drustvo\/612-sazetak-projekta-postuj-ljudska-prava-gradi-ukljucivo-drustvo\/\"><span style=\"font-weight: 400;\">Respect Human Rights \u2013 Build Inclusive Society<\/span><\/a><b>.<\/b><\/p><p><span style=\"font-weight: 400;\">Within this programme, LORI also marks important dates relevant for rights of women and LGBTIQ+ persons, for instance: International Day Against Homophobia, Biphobia, Interphobia and Transphobia (IDAHOBIT, May 17th), International Women's Day (March 8th), etc. <\/span><span style=\"font-weight: 400;\">(IDAHOBIT, May 17th), International Women's Day (March 8th), etc.<\/span><\/p><p class=\"translation-block\">Although the programme focuses on Combatting discrimination and violence against LGBTIQ+ persons, it also includes a fight against sexism, misogyny, racism, fascism and activities aimed at the protection of women\u2019s and reproductive rights.<\/p>\t\t\t\t\t\t\t\t<\/div>\n\t\t\t\t<div class=\"elementor-element elementor-element-1f2420d elementor-widget elementor-widget-image\" data-id=\"1f2420d\" data-element_type=\"widget\" data-widget_type=\"image.default\">\n\t\t\t\t\t\t\t\t\t\t\t\t<figure class=\"wp-caption\">\n\t\t\t\t\t\t\t\t\t\t<img loading=\"lazy\" decoding=\"async\" width=\"768\" height=\"512\" src=\"https:\/\/lori.hr\/wp-content\/uploads\/2023\/02\/HodZaSlobodu-768x512.jpg\" class=\"attachment-medium_large size-medium_large wp-image-2465\" alt=\"\" srcset=\"https:\/\/lori.hr\/wp-content\/uploads\/2023\/02\/HodZaSlobodu-768x512.jpg 768w, https:\/\/lori.hr\/wp-content\/uploads\/2023\/02\/HodZaSlobodu-300x200.jpg 300w, https:\/\/lori.hr\/wp-content\/uploads\/2023\/02\/HodZaSlobodu-1024x683.jpg 1024w, https:\/\/lori.hr\/wp-content\/uploads\/2023\/02\/HodZaSlobodu-1536x1024.jpg 1536w, https:\/\/lori.hr\/wp-content\/uploads\/2023\/02\/HodZaSlobodu.jpg 2004w\" sizes=\"auto, (max-width: 768px) 100vw, 768px\" \/>\t\t\t\t\t\t\t\t\t\t\t<figcaption class=\"widget-image-caption wp-caption-text\">Photo: Mirko \u017dor\u017e - Walk for Freedom 2019<\/figcaption>\n\t\t\t\t\t\t\t\t\t\t<\/figure>\n\t\t\t\t\t\t\t\t\t<\/div>\n\t\t\t\t<div class=\"elementor-element elementor-element-276499b elementor-widget elementor-widget-spacer\" data-id=\"276499b\" data-element_type=\"widget\" data-widget_type=\"spacer.default\">\n\t\t\t\t\t\t\t<div class=\"elementor-spacer\">\n\t\t\t<div class=\"elementor-spacer-inner\"><\/div>\n\t\t<\/div>\n\t\t\t\t\t\t<\/div>\n\t\t\t\t\t<\/div>\n\t\t\t\t<\/div>\n\t\t\t\t<\/div>","protected":false},"excerpt":{"rendered":"<p>Suzbijanje diskriminacije i za\u0161tita ljudskih prava LGBTI osoba Program Suzbijanje diskriminacije i za\u0161tita ljudskih prava LGBTI osoba ima za cilj ukinuti\/suzbiti diskriminaciju i nasilje nad LGBTIQ+ osobama u razli\u010ditim podru\u010djima \u017eivota: pri zapo\u0161ljavanju i na radnom mjestu, tijekom \u0161kolovanja, u obitelji, u pristupu uslugama, itd. te pru\u017eiti za\u0161titu i unaprijediti stanje prava LGBTI osoba. Program &hellip;<\/p>\n<p class=\"read-more\"> <a class=\"\" href=\"https:\/\/lori.hr\/en\/suzbijanje-diskriminacije-i-zastita-ljudskih-prava-lgbti-osoba\/\"> <span class=\"screen-reader-text\">Combatting discrimination and protecting rights of LGBTI persons and women<\/span> Read More \u00bb<\/a><\/p>","protected":false},"author":1,"featured_media":0,"parent":0,"menu_order":0,"comment_status":"closed","ping_status":"closed","template":"","meta":{"_uag_custom_page_level_css":"","site-sidebar-layout":"no-sidebar","site-content-layout":"page-builder","ast-site-content-layout":"","site-content-style":"default","site-sidebar-style":"default","ast-global-header-display":"","ast-banner-title-visibility":"","ast-main-header-display":"","ast-hfb-above-header-display":"","ast-hfb-below-header-display":"","ast-hfb-mobile-header-display":"","site-post-title":"disabled","ast-breadcrumbs-content":"","ast-featured-img":"disabled","footer-sml-layout":"","theme-transparent-header-meta":"","adv-header-id-meta":"","stick-header-meta":"","header-above-stick-meta":"","header-main-stick-meta":"","header-below-stick-meta":"","astra-migrate-meta-layouts":"","footnotes":""},"class_list":["post-1926","page","type-page","status-publish","hentry"],"uagb_featured_image_src":{"full":false,"thumbnail":false,"medium":false,"medium_large":false,"large":false,"1536x1536":false,"2048x2048":false,"trp-custom-language-flag":false},"uagb_author_info":{"display_name":"LORI","author_link":"https:\/\/lori.hr\/en\/author\/ikenji\/"},"uagb_comment_info":0,"uagb_excerpt":"Suzbijanje diskriminacije i za\u0161tita ljudskih prava LGBTI osoba Program Suzbijanje diskriminacije i za\u0161tita ljudskih prava LGBTI osoba ima za cilj ukinuti\/suzbiti diskriminaciju i nasilje nad LGBTIQ+ osobama u razli\u010ditim podru\u010djima \u017eivota: pri zapo\u0161ljavanju i na radnom mjestu, tijekom \u0161kolovanja, u obitelji, u pristupu uslugama, itd. te pru\u017eiti za\u0161titu i unaprijediti stanje prava LGBTI osoba. Program&hellip;","_links":{"self":[{"href":"https:\/\/lori.hr\/en\/wp-json\/wp\/v2\/pages\/1926","targetHints":{"allow":["GET"]}}],"collection":[{"href":"https:\/\/lori.hr\/en\/wp-json\/wp\/v2\/pages"}],"about":[{"href":"https:\/\/lori.hr\/en\/wp-json\/wp\/v2\/types\/page"}],"author":[{"embeddable":true,"href":"https:\/\/lori.hr\/en\/wp-json\/wp\/v2\/users\/1"}],"replies":[{"embeddable":true,"href":"https:\/\/lori.hr\/en\/wp-json\/wp\/v2\/comments?post=1926"}],"version-history":[{"count":16,"href":"https:\/\/lori.hr\/en\/wp-json\/wp\/v2\/pages\/1926\/revisions"}],"predecessor-version":[{"id":8232,"href":"https:\/\/lori.hr\/en\/wp-json\/wp\/v2\/pages\/1926\/revisions\/8232"}],"wp:attachment":[{"href":"https:\/\/lori.hr\/en\/wp-json\/wp\/v2\/media?parent=1926"}],"curies":[{"name":"wp","href":"https:\/\/api.w.org\/{rel}","templated":true}]}}