{"id":1928,"date":"2023-02-10T09:56:55","date_gmt":"2023-02-10T08:56:55","guid":{"rendered":"https:\/\/lori.hr\/?page_id=1928"},"modified":"2024-07-04T10:08:03","modified_gmt":"2024-07-04T08:08:03","slug":"edukacije-o-lgbtiq-temama-i-rodnoj-ravnopravnosti","status":"publish","type":"page","link":"https:\/\/lori.hr\/en\/edukacije-o-lgbtiq-temama-i-rodnoj-ravnopravnosti\/","title":{"rendered":"Education on LGBTIQ+ topics and gender equality"},"content":{"rendered":"<div data-elementor-type=\"wp-page\" data-elementor-id=\"1928\" class=\"elementor elementor-1928\" data-elementor-post-type=\"page\">\n\t\t\t\t<div class=\"elementor-element elementor-element-8bcc40a navboja e-flex e-con-boxed e-con e-parent\" data-id=\"8bcc40a\" data-element_type=\"container\" data-settings=\"{&quot;background_background&quot;:&quot;classic&quot;}\">\n\t\t\t\t\t<div class=\"e-con-inner\">\n\t\t\t\t<div class=\"elementor-element elementor-element-0d26167 elementor-widget elementor-widget-spacer\" data-id=\"0d26167\" data-element_type=\"widget\" data-widget_type=\"spacer.default\">\n\t\t\t\t\t\t\t<div class=\"elementor-spacer\">\n\t\t\t<div class=\"elementor-spacer-inner\"><\/div>\n\t\t<\/div>\n\t\t\t\t\t\t<\/div>\n\t\t\t\t\t<\/div>\n\t\t\t\t<\/div>\n\t\t<div class=\"elementor-element elementor-element-1f3d552 e-flex e-con-boxed e-con e-parent\" data-id=\"1f3d552\" data-element_type=\"container\">\n\t\t\t\t\t<div class=\"e-con-inner\">\n\t\t\t\t<div class=\"elementor-element elementor-element-336d1f4 elementor-widget elementor-widget-spacer\" data-id=\"336d1f4\" data-element_type=\"widget\" data-widget_type=\"spacer.default\">\n\t\t\t\t\t\t\t<div class=\"elementor-spacer\">\n\t\t\t<div class=\"elementor-spacer-inner\"><\/div>\n\t\t<\/div>\n\t\t\t\t\t\t<\/div>\n\t\t\t\t<div class=\"elementor-element elementor-element-3e8d2a5 elementor-widget elementor-widget-heading\" data-id=\"3e8d2a5\" data-element_type=\"widget\" data-widget_type=\"heading.default\">\n\t\t\t\t\t<h1 class=\"elementor-heading-title elementor-size-default\">Education on LGBTIQ+ topics and gender equality<\/h1>\t\t\t\t<\/div>\n\t\t\t\t<div class=\"elementor-element elementor-element-89802f3 elementor-widget-divider--view-line elementor-widget elementor-widget-divider\" data-id=\"89802f3\" data-element_type=\"widget\" data-widget_type=\"divider.default\">\n\t\t\t\t\t\t\t<div class=\"elementor-divider\">\n\t\t\t<span class=\"elementor-divider-separator\">\n\t\t\t\t\t\t<\/span>\n\t\t<\/div>\n\t\t\t\t\t\t<\/div>\n\t\t\t\t\t<\/div>\n\t\t\t\t<\/div>\n\t\t<div class=\"elementor-element elementor-element-64f954b e-flex e-con-boxed e-con e-parent\" data-id=\"64f954b\" data-element_type=\"container\">\n\t\t\t\t\t<div class=\"e-con-inner\">\n\t\t<div class=\"elementor-element elementor-element-1541fd4 e-con-full e-flex e-con e-child\" data-id=\"1541fd4\" data-element_type=\"container\">\n\t\t\t\t<div class=\"elementor-element elementor-element-38bcd77 elementor-widget elementor-widget-spacer\" data-id=\"38bcd77\" data-element_type=\"widget\" data-widget_type=\"spacer.default\">\n\t\t\t\t\t\t\t<div class=\"elementor-spacer\">\n\t\t\t<div class=\"elementor-spacer-inner\"><\/div>\n\t\t<\/div>\n\t\t\t\t\t\t<\/div>\n\t\t\t\t<div class=\"elementor-element elementor-element-5b197a5 elementor-widget elementor-widget-text-editor\" data-id=\"5b197a5\" data-element_type=\"widget\" data-widget_type=\"text-editor.default\">\n\t\t\t\t\t\t\t\t\t<p>LORI has been developing educational work in the field of LGBTI human rights, gender equality and related topics since 2001, and this programme aims towards representatives in institutions responsible for combatting discrimination, as well as towards ministries, employers, police officers and different professionals in health, education and civil sectors and finally, the youth.<\/p><p>Programme's activities include holding educations, seminars and trainings, holding lectures at universities, mentoring students through internships etc., along with creating educational materials such as <a href=\"https:\/\/lori.hr\/en\/publikacije\/\" target=\"_blank\" rel=\"noopener\">textbooks, publications, e-platforms and brochures<\/a>.<\/p>\t\t\t\t\t\t\t\t<\/div>\n\t\t\t\t<\/div>\n\t\t<div class=\"elementor-element elementor-element-243deaa e-con-full e-flex e-con e-child\" data-id=\"243deaa\" data-element_type=\"container\">\n\t\t\t\t<div class=\"elementor-element elementor-element-9fe1715 elementor-widget elementor-widget-spacer\" data-id=\"9fe1715\" data-element_type=\"widget\" data-widget_type=\"spacer.default\">\n\t\t\t\t\t\t\t<div class=\"elementor-spacer\">\n\t\t\t<div class=\"elementor-spacer-inner\"><\/div>\n\t\t<\/div>\n\t\t\t\t\t\t<\/div>\n\t\t\t\t<div class=\"elementor-element elementor-element-ab8b458 elementor-widget elementor-widget-image\" data-id=\"ab8b458\" data-element_type=\"widget\" data-widget_type=\"image.default\">\n\t\t\t\t\t\t\t\t\t\t\t\t<figure class=\"wp-caption\">\n\t\t\t\t\t\t\t\t\t\t<img fetchpriority=\"high\" decoding=\"async\" width=\"1024\" height=\"675\" src=\"https:\/\/lori.hr\/wp-content\/uploads\/2023\/02\/Biograd-na-moru-tim-1024x675.jpg\" class=\"attachment-large size-large wp-image-2494\" alt=\"\" srcset=\"https:\/\/lori.hr\/wp-content\/uploads\/2023\/02\/Biograd-na-moru-tim-1024x675.jpg 1024w, https:\/\/lori.hr\/wp-content\/uploads\/2023\/02\/Biograd-na-moru-tim-300x198.jpg 300w, https:\/\/lori.hr\/wp-content\/uploads\/2023\/02\/Biograd-na-moru-tim-768x507.jpg 768w, https:\/\/lori.hr\/wp-content\/uploads\/2023\/02\/Biograd-na-moru-tim.jpg 1078w\" sizes=\"(max-width: 1024px) 100vw, 1024px\" \/>\t\t\t\t\t\t\t\t\t\t\t<figcaption class=\"widget-image-caption wp-caption-text\">LORI and SOS Rijeka - Center for Nonviolence and Human Rights at a workshop for employees and volunteers of the City Association in Biograd na Moru on the topic of gender equality<\/figcaption>\n\t\t\t\t\t\t\t\t\t\t<\/figure>\n\t\t\t\t\t\t\t\t\t<\/div>\n\t\t\t\t<\/div>\n\t\t\t\t\t<\/div>\n\t\t\t\t<\/div>\n\t\t<div class=\"elementor-element elementor-element-a01f955 e-flex e-con-boxed e-con e-parent\" data-id=\"a01f955\" data-element_type=\"container\" data-settings=\"{&quot;background_background&quot;:&quot;classic&quot;}\">\n\t\t\t\t\t<div class=\"e-con-inner\">\n\t\t<div class=\"elementor-element elementor-element-04722e9 e-flex e-con-boxed e-con e-child\" data-id=\"04722e9\" data-element_type=\"container\" data-settings=\"{&quot;background_background&quot;:&quot;classic&quot;}\">\n\t\t\t\t\t<div class=\"e-con-inner\">\n\t\t\t\t<div class=\"elementor-element elementor-element-21cabf9 elementor-widget elementor-widget-text-editor\" data-id=\"21cabf9\" data-element_type=\"widget\" data-widget_type=\"text-editor.default\">\n\t\t\t\t\t\t\t\t\t<p>LORI has so far conducted multiple educations, trainings, workshops and lectures such as the education on hate crimes against LGBTIQ+ persons for police officers, training on LGBTIQ+ topics for mental health professionals, workshops about gender equality for workers and volunteers of the Red Cross City organisation in Biograd na Moru. Additionally, we regularly hold lectures as part of the University course <a href=\"https:\/\/lori.hr\/en\/kolegij\/\" target=\"_blank\" rel=\"noopener\">\"Gender, Sexuality, Identities \u2013 From Oppression to Equality\"<\/a>. More about LORI educations is <a href=\"https:\/\/lori.hr\/en\/edukacije-koje-provodi-lori\/\" target=\"_blank\" rel=\"noopener\">here<\/a>.<\/p>\t\t\t\t\t\t\t\t<\/div>\n\t\t\t\t\t<\/div>\n\t\t\t\t<\/div>\n\t\t\t\t\t<\/div>\n\t\t\t\t<\/div>\n\t\t<div class=\"elementor-element elementor-element-32e3419 e-flex e-con-boxed e-con e-parent\" data-id=\"32e3419\" data-element_type=\"container\" data-settings=\"{&quot;background_background&quot;:&quot;classic&quot;}\">\n\t\t\t\t\t<div class=\"e-con-inner\">\n\t\t<div class=\"elementor-element elementor-element-0322cea e-flex e-con-boxed e-con e-child\" data-id=\"0322cea\" data-element_type=\"container\" data-settings=\"{&quot;background_background&quot;:&quot;classic&quot;}\">\n\t\t\t\t\t<div class=\"e-con-inner\">\n\t\t\t\t<div class=\"elementor-element elementor-element-88b5cdd elementor-widget elementor-widget-heading\" data-id=\"88b5cdd\" data-element_type=\"widget\" data-widget_type=\"heading.default\">\n\t\t\t\t\t<h2 class=\"elementor-heading-title elementor-size-large\">Programme goals: <\/h2>\t\t\t\t<\/div>\n\t\t\t\t\t<\/div>\n\t\t\t\t<\/div>\n\t\t\t\t\t<\/div>\n\t\t\t\t<\/div>\n\t\t<div class=\"elementor-element elementor-element-199c32f e-flex e-con-boxed e-con e-parent\" data-id=\"199c32f\" data-element_type=\"container\" data-settings=\"{&quot;background_background&quot;:&quot;classic&quot;}\">\n\t\t\t\t\t<div class=\"e-con-inner\">\n\t\t<div class=\"elementor-element elementor-element-03dfe1e e-flex e-con-boxed e-con e-child\" data-id=\"03dfe1e\" data-element_type=\"container\" data-settings=\"{&quot;background_background&quot;:&quot;classic&quot;}\">\n\t\t\t\t\t<div class=\"e-con-inner\">\n\t\t<div class=\"elementor-element elementor-element-d3b3dde e-con-full e-flex e-con e-child\" data-id=\"d3b3dde\" data-element_type=\"container\">\n\t\t\t\t<\/div>\n\t\t<div class=\"elementor-element elementor-element-9d03b29 e-con-full e-flex e-con e-child\" data-id=\"9d03b29\" data-element_type=\"container\">\n\t\t\t\t<div class=\"elementor-element elementor-element-f9d1036 elementor-icon-list--layout-traditional elementor-list-item-link-full_width elementor-widget elementor-widget-icon-list\" data-id=\"f9d1036\" data-element_type=\"widget\" data-widget_type=\"icon-list.default\">\n\t\t\t\t\t\t\t<ul class=\"elementor-icon-list-items\">\n\t\t\t\t\t\t\t<li class=\"elementor-icon-list-item\">\n\t\t\t\t\t\t\t\t\t\t\t<span class=\"elementor-icon-list-icon\">\n\t\t\t\t\t\t\t<i aria-hidden=\"true\" class=\"fas fa-check\"><\/i>\t\t\t\t\t\t<\/span>\n\t\t\t\t\t\t\t\t\t\t<span class=\"elementor-icon-list-text\">Informing about basic terms regarding LGBTIQ+ topics and gender equality<\/span>\n\t\t\t\t\t\t\t\t\t<\/li>\n\t\t\t\t\t\t\t\t<li class=\"elementor-icon-list-item\">\n\t\t\t\t\t\t\t\t\t\t\t<span class=\"elementor-icon-list-icon\">\n\t\t\t\t\t\t\t<i aria-hidden=\"true\" class=\"fas fa-check\"><\/i>\t\t\t\t\t\t<\/span>\n\t\t\t\t\t\t\t\t\t\t<span class=\"elementor-icon-list-text\">Informing and furthering knowledge on basic concepts regarding human rights, rights of LGBTI persons and women's rights <\/span>\n\t\t\t\t\t\t\t\t\t<\/li>\n\t\t\t\t\t\t\t\t<li class=\"elementor-icon-list-item\">\n\t\t\t\t\t\t\t\t\t\t\t<span class=\"elementor-icon-list-icon\">\n\t\t\t\t\t\t\t<i aria-hidden=\"true\" class=\"fas fa-check\"><\/i>\t\t\t\t\t\t<\/span>\n\t\t\t\t\t\t\t\t\t\t<span class=\"elementor-icon-list-text\">Informing about the current legal framework regarding human rights<\/span>\n\t\t\t\t\t\t\t\t\t<\/li>\n\t\t\t\t\t\t\t\t<li class=\"elementor-icon-list-item\">\n\t\t\t\t\t\t\t\t\t\t\t<span class=\"elementor-icon-list-icon\">\n\t\t\t\t\t\t\t<i aria-hidden=\"true\" class=\"fas fa-check\"><\/i>\t\t\t\t\t\t<\/span>\n\t\t\t\t\t\t\t\t\t\t<span class=\"elementor-icon-list-text\">Informing about relevant national and international documents for protection from discrimination and violence<\/span>\n\t\t\t\t\t\t\t\t\t<\/li>\n\t\t\t\t\t\t\t\t<li class=\"elementor-icon-list-item\">\n\t\t\t\t\t\t\t\t\t\t\t<span class=\"elementor-icon-list-icon\">\n\t\t\t\t\t\t\t<i aria-hidden=\"true\" class=\"fas fa-check\"><\/i>\t\t\t\t\t\t<\/span>\n\t\t\t\t\t\t\t\t\t\t<span class=\"elementor-icon-list-text\">Furthering knowledge on LGBTIQ+ topics for specific knowledge sectors (health professionals, psychologists, social workers etc.)<\/span>\n\t\t\t\t\t\t\t\t\t<\/li>\n\t\t\t\t\t\t\t\t<li class=\"elementor-icon-list-item\">\n\t\t\t\t\t\t\t\t\t\t\t<span class=\"elementor-icon-list-icon\">\n\t\t\t\t\t\t\t<i aria-hidden=\"true\" class=\"fas fa-check\"><\/i>\t\t\t\t\t\t<\/span>\n\t\t\t\t\t\t\t\t\t\t<span class=\"elementor-icon-list-text\">Developing a positive and inclusive environment for LGBTIQ persons<\/span>\n\t\t\t\t\t\t\t\t\t<\/li>\n\t\t\t\t\t\t\t\t<li class=\"elementor-icon-list-item\">\n\t\t\t\t\t\t\t\t\t\t\t<span class=\"elementor-icon-list-icon\">\n\t\t\t\t\t\t\t<i aria-hidden=\"true\" class=\"fas fa-check\"><\/i>\t\t\t\t\t\t<\/span>\n\t\t\t\t\t\t\t\t\t\t<span class=\"elementor-icon-list-text\">Reducing stigma and prejudice towards LGBTIQ persons<\/span>\n\t\t\t\t\t\t\t\t\t<\/li>\n\t\t\t\t\t\t<\/ul>\n\t\t\t\t\t\t<\/div>\n\t\t\t\t<\/div>\n\t\t\t\t\t<\/div>\n\t\t\t\t<\/div>\n\t\t\t\t\t<\/div>\n\t\t\t\t<\/div>\n\t\t<div class=\"elementor-element elementor-element-1fcfc25 e-flex e-con-boxed e-con e-parent\" data-id=\"1fcfc25\" data-element_type=\"container\">\n\t\t\t\t\t<div class=\"e-con-inner\">\n\t\t\t\t<div class=\"elementor-element elementor-element-dbe34a3 elementor-widget elementor-widget-spacer\" data-id=\"dbe34a3\" data-element_type=\"widget\" data-widget_type=\"spacer.default\">\n\t\t\t\t\t\t\t<div class=\"elementor-spacer\">\n\t\t\t<div class=\"elementor-spacer-inner\"><\/div>\n\t\t<\/div>\n\t\t\t\t\t\t<\/div>\n\t\t\t\t\t<\/div>\n\t\t\t\t<\/div>\n\t\t\t\t<\/div>","protected":false},"excerpt":{"rendered":"<p>Edukacije o LGBTIQ temama i rodnoj ravnopravnosti Udruga LORI od 2001. godine ima razvijen edukativni rad u podru\u010dju LGBTI ljudskih prava, rodne ravnopravnosti i povezanih tema, a ovaj je program usmjeren razli\u010ditim stru\u010dnjacima i stru\u010dnjakinjama u podru\u010dju obrazovanja, zdravlja i civilnog sektora, kao i predstavnicima i predstavnicama institucija za suzbijanje diskriminacije i ministarstava, poslodavcima, policijskim &hellip;<\/p>\n<p class=\"read-more\"> <a class=\"\" href=\"https:\/\/lori.hr\/en\/edukacije-o-lgbtiq-temama-i-rodnoj-ravnopravnosti\/\"> <span class=\"screen-reader-text\">Education on LGBTIQ+ topics and gender equality<\/span> Read More \u00bb<\/a><\/p>","protected":false},"author":1,"featured_media":0,"parent":0,"menu_order":0,"comment_status":"closed","ping_status":"closed","template":"","meta":{"_uag_custom_page_level_css":"","site-sidebar-layout":"no-sidebar","site-content-layout":"page-builder","ast-site-content-layout":"","site-content-style":"default","site-sidebar-style":"default","ast-global-header-display":"","ast-banner-title-visibility":"","ast-main-header-display":"","ast-hfb-above-header-display":"","ast-hfb-below-header-display":"","ast-hfb-mobile-header-display":"","site-post-title":"disabled","ast-breadcrumbs-content":"","ast-featured-img":"disabled","footer-sml-layout":"","theme-transparent-header-meta":"","adv-header-id-meta":"","stick-header-meta":"","header-above-stick-meta":"","header-main-stick-meta":"","header-below-stick-meta":"","astra-migrate-meta-layouts":"","footnotes":""},"class_list":["post-1928","page","type-page","status-publish","hentry"],"uagb_featured_image_src":{"full":false,"thumbnail":false,"medium":false,"medium_large":false,"large":false,"1536x1536":false,"2048x2048":false,"trp-custom-language-flag":false},"uagb_author_info":{"display_name":"LORI","author_link":"https:\/\/lori.hr\/en\/author\/ikenji\/"},"uagb_comment_info":0,"uagb_excerpt":"Edukacije o LGBTIQ temama i rodnoj ravnopravnosti Udruga LORI od 2001. godine ima razvijen edukativni rad u podru\u010dju LGBTI ljudskih prava, rodne ravnopravnosti i povezanih tema, a ovaj je program usmjeren razli\u010ditim stru\u010dnjacima i stru\u010dnjakinjama u podru\u010dju obrazovanja, zdravlja i civilnog sektora, kao i predstavnicima i predstavnicama institucija za suzbijanje diskriminacije i ministarstava, poslodavcima, policijskim&hellip;","_links":{"self":[{"href":"https:\/\/lori.hr\/en\/wp-json\/wp\/v2\/pages\/1928","targetHints":{"allow":["GET"]}}],"collection":[{"href":"https:\/\/lori.hr\/en\/wp-json\/wp\/v2\/pages"}],"about":[{"href":"https:\/\/lori.hr\/en\/wp-json\/wp\/v2\/types\/page"}],"author":[{"embeddable":true,"href":"https:\/\/lori.hr\/en\/wp-json\/wp\/v2\/users\/1"}],"replies":[{"embeddable":true,"href":"https:\/\/lori.hr\/en\/wp-json\/wp\/v2\/comments?post=1928"}],"version-history":[{"count":25,"href":"https:\/\/lori.hr\/en\/wp-json\/wp\/v2\/pages\/1928\/revisions"}],"predecessor-version":[{"id":9991,"href":"https:\/\/lori.hr\/en\/wp-json\/wp\/v2\/pages\/1928\/revisions\/9991"}],"wp:attachment":[{"href":"https:\/\/lori.hr\/en\/wp-json\/wp\/v2\/media?parent=1928"}],"curies":[{"name":"wp","href":"https:\/\/api.w.org\/{rel}","templated":true}]}}