{"id":3677,"date":"2023-04-02T11:45:46","date_gmt":"2023-04-02T09:45:46","guid":{"rendered":"https:\/\/lori.hr\/?page_id=3677"},"modified":"2023-06-22T10:57:46","modified_gmt":"2023-06-22T08:57:46","slug":"psiholosko-savjetovaliste","status":"publish","type":"page","link":"https:\/\/lori.hr\/en\/psiholosko-savjetovaliste\/","title":{"rendered":"Counselling"},"content":{"rendered":"<div data-elementor-type=\"wp-page\" data-elementor-id=\"3677\" class=\"elementor elementor-3677\" data-elementor-post-type=\"page\">\n\t\t\t\t<div class=\"elementor-element elementor-element-79923a5b navboja e-flex e-con-boxed e-con e-parent\" data-id=\"79923a5b\" data-element_type=\"container\" data-settings=\"{&quot;background_background&quot;:&quot;classic&quot;}\">\n\t\t\t\t\t<div class=\"e-con-inner\">\n\t\t\t\t<div class=\"elementor-element elementor-element-50af1b6f elementor-widget elementor-widget-spacer\" data-id=\"50af1b6f\" data-element_type=\"widget\" data-widget_type=\"spacer.default\">\n\t\t\t\t\t\t\t<div class=\"elementor-spacer\">\n\t\t\t<div class=\"elementor-spacer-inner\"><\/div>\n\t\t<\/div>\n\t\t\t\t\t\t<\/div>\n\t\t\t\t\t<\/div>\n\t\t\t\t<\/div>\n\t\t<div class=\"elementor-element elementor-element-40570713 e-flex e-con-boxed e-con e-parent\" data-id=\"40570713\" data-element_type=\"container\">\n\t\t\t\t\t<div class=\"e-con-inner\">\n\t\t\t\t<div class=\"elementor-element elementor-element-72637842 elementor-widget elementor-widget-spacer\" data-id=\"72637842\" data-element_type=\"widget\" data-widget_type=\"spacer.default\">\n\t\t\t\t\t\t\t<div class=\"elementor-spacer\">\n\t\t\t<div class=\"elementor-spacer-inner\"><\/div>\n\t\t<\/div>\n\t\t\t\t\t\t<\/div>\n\t\t\t\t<div class=\"elementor-element elementor-element-36109ff4 elementor-widget elementor-widget-heading\" data-id=\"36109ff4\" data-element_type=\"widget\" data-widget_type=\"heading.default\">\n\t\t\t\t\t<h1 class=\"elementor-heading-title elementor-size-xl\">Counselling<\/h1>\t\t\t\t<\/div>\n\t\t\t\t<div class=\"elementor-element elementor-element-3cbacbb8 elementor-widget-divider--view-line elementor-widget elementor-widget-divider\" data-id=\"3cbacbb8\" data-element_type=\"widget\" data-widget_type=\"divider.default\">\n\t\t\t\t\t\t\t<div class=\"elementor-divider\">\n\t\t\t<span class=\"elementor-divider-separator\">\n\t\t\t\t\t\t<\/span>\n\t\t<\/div>\n\t\t\t\t\t\t<\/div>\n\t\t\t\t\t<\/div>\n\t\t\t\t<\/div>\n\t\t<div class=\"elementor-element elementor-element-453740bf e-flex e-con-boxed e-con e-parent\" data-id=\"453740bf\" data-element_type=\"container\">\n\t\t\t\t\t<div class=\"e-con-inner\">\n\t\t<div class=\"elementor-element elementor-element-18315c41 e-con-full e-flex e-con e-parent\" data-id=\"18315c41\" data-element_type=\"container\">\n\t\t\t\t<div class=\"elementor-element elementor-element-c41b7c6 elementor-widget__width-initial elementor-widget elementor-widget-text-editor\" data-id=\"c41b7c6\" data-element_type=\"widget\" data-widget_type=\"text-editor.default\">\n\t\t\t\t\t\t\t\t\t<p><span style=\"font-weight: 400;\">LORI\u2019s psychological counselling started in 2007 and is intended for LGBTIQ+ persons of age (18+) that face various situations and challenges throughout their life.\u00a0<\/span><\/p><p><span style=\"font-weight: 400;\">The counselling services\u2019 goal is to provide a safe space in which a person can get support concerning their gender\/sexual identity and expression, sexual orientation, and other specific questions (<\/span><i><span style=\"font-weight: 400;\">coming out<\/span><\/i><span style=\"font-weight: 400;\">, internalised homo\/bi\/transphobia, relationships, unaccepting family and surroundings, facing discrimination and other).<\/span><\/p><p><span style=\"font-weight: 400;\">Counselling services include individual, partner and family counselling\/psychotherapy. Counselling support is provided by LGBTIQ+ friendly and informed professionals.<\/span><\/p><p><span style=\"font-weight: 400;\">Counselling may be done in person, once a week for 1 hour (or according to the agreement with the professional).<\/span><\/p>\t\t\t\t\t\t\t\t<\/div>\n\t\t\t\t<\/div>\n\t\t<div class=\"elementor-element elementor-element-61fab50c e-con-full e-flex e-con e-parent\" data-id=\"61fab50c\" data-element_type=\"container\">\n\t\t\t\t<div class=\"elementor-element elementor-element-54005437 elementor-widget elementor-widget-image\" data-id=\"54005437\" data-element_type=\"widget\" data-widget_type=\"image.default\">\n\t\t\t\t\t\t\t\t\t\t\t\t\t\t\t<img fetchpriority=\"high\" decoding=\"async\" width=\"1000\" height=\"667\" src=\"https:\/\/lori.hr\/wp-content\/uploads\/2023\/04\/Psiholosko_savjetovaliste.jpg\" class=\"attachment-large size-large wp-image-3681\" alt=\"\" srcset=\"https:\/\/lori.hr\/wp-content\/uploads\/2023\/04\/Psiholosko_savjetovaliste.jpg 1000w, https:\/\/lori.hr\/wp-content\/uploads\/2023\/04\/Psiholosko_savjetovaliste-300x200.jpg 300w, https:\/\/lori.hr\/wp-content\/uploads\/2023\/04\/Psiholosko_savjetovaliste-768x512.jpg 768w\" sizes=\"(max-width: 1000px) 100vw, 1000px\" \/>\t\t\t\t\t\t\t\t\t\t\t\t\t\t\t<\/div>\n\t\t\t\t<\/div>\n\t\t\t\t\t<\/div>\n\t\t\t\t<\/div>\n\t\t<div class=\"elementor-element elementor-element-074016e e-flex e-con-boxed e-con e-parent\" data-id=\"074016e\" data-element_type=\"container\">\n\t\t\t\t\t<div class=\"e-con-inner\">\n\t\t\t\t<div class=\"elementor-element elementor-element-54d2f92 elementor-widget elementor-widget-spacer\" data-id=\"54d2f92\" data-element_type=\"widget\" data-widget_type=\"spacer.default\">\n\t\t\t\t\t\t\t<div class=\"elementor-spacer\">\n\t\t\t<div class=\"elementor-spacer-inner\"><\/div>\n\t\t<\/div>\n\t\t\t\t\t\t<\/div>\n\t\t\t\t\t<\/div>\n\t\t\t\t<\/div>\n\t\t<div class=\"elementor-element elementor-element-1bbe822 e-flex e-con-boxed e-con e-parent\" data-id=\"1bbe822\" data-element_type=\"container\" data-settings=\"{&quot;background_background&quot;:&quot;classic&quot;}\">\n\t\t\t\t\t<div class=\"e-con-inner\">\n\t\t<div class=\"elementor-element elementor-element-9510179 e-con-full e-flex e-con e-parent\" data-id=\"9510179\" data-element_type=\"container\">\n\t\t\t\t<div class=\"elementor-element elementor-element-945c700 elementor-widget elementor-widget-spacer\" data-id=\"945c700\" data-element_type=\"widget\" data-widget_type=\"spacer.default\">\n\t\t\t\t\t\t\t<div class=\"elementor-spacer\">\n\t\t\t<div class=\"elementor-spacer-inner\"><\/div>\n\t\t<\/div>\n\t\t\t\t\t\t<\/div>\n\t\t\t\t<\/div>\n\t\t<div class=\"elementor-element elementor-element-216cd87 e-con-full e-flex e-con e-parent\" data-id=\"216cd87\" data-element_type=\"container\">\n\t\t<div class=\"elementor-element elementor-element-64d2a42 e-con-full e-flex e-con e-parent\" data-id=\"64d2a42\" data-element_type=\"container\" data-settings=\"{&quot;background_background&quot;:&quot;classic&quot;}\">\n\t\t\t\t<div class=\"elementor-element elementor-element-77f4a67 elementor-widget elementor-widget-text-editor\" data-id=\"77f4a67\" data-element_type=\"widget\" data-widget_type=\"text-editor.default\">\n\t\t\t\t\t\t\t\t\t<p><b>NOTE: Due to the large number of applicants and appointments, our counselling services are limited to 8 (eight) free of charge meetings. If we are not able to offer you an appointment within our services, we will point you to a professional or organisation that is able to offer an adequate support.<\/b><\/p>\t\t\t\t\t\t\t\t<\/div>\n\t\t\t\t<\/div>\n\t\t\t\t<\/div>\n\t\t<div class=\"elementor-element elementor-element-7a7c078 e-con-full e-flex e-con e-parent\" data-id=\"7a7c078\" data-element_type=\"container\">\n\t\t<div class=\"elementor-element elementor-element-431e485 e-con-full e-flex e-con e-parent\" data-id=\"431e485\" data-element_type=\"container\">\n\t\t\t\t<div class=\"elementor-element elementor-element-2137ff6 elementor-widget elementor-widget-spacer\" data-id=\"2137ff6\" data-element_type=\"widget\" data-widget_type=\"spacer.default\">\n\t\t\t\t\t\t\t<div class=\"elementor-spacer\">\n\t\t\t<div class=\"elementor-spacer-inner\"><\/div>\n\t\t<\/div>\n\t\t\t\t\t\t<\/div>\n\t\t\t\t<div class=\"elementor-element elementor-element-847a411 elementor-widget elementor-widget-text-editor\" data-id=\"847a411\" data-element_type=\"widget\" data-widget_type=\"text-editor.default\">\n\t\t\t\t\t\t\t\t\t<p><span style=\"font-weight: 400;\">If you need counselling, please fill out this <a href=\"https:\/\/forms.gle\/5YYv3yAGz6Giu8T69\" target=\"_blank\" rel=\"noopener\" data-wplink-edit=\"true\">application form<\/a>, and we will contact you as soon as possible.<\/span><\/p>\t\t\t\t\t\t\t\t<\/div>\n\t\t\t\t<\/div>\n\t\t\t\t<\/div>\n\t\t\t\t\t<\/div>\n\t\t\t\t<\/div>\n\t\t<div class=\"elementor-element elementor-element-f144d0a e-flex e-con-boxed e-con e-parent\" data-id=\"f144d0a\" data-element_type=\"container\">\n\t\t\t\t\t<div class=\"e-con-inner\">\n\t\t\t\t<div class=\"elementor-element elementor-element-8746384 elementor-widget elementor-widget-spacer\" data-id=\"8746384\" data-element_type=\"widget\" data-widget_type=\"spacer.default\">\n\t\t\t\t\t\t\t<div class=\"elementor-spacer\">\n\t\t\t<div class=\"elementor-spacer-inner\"><\/div>\n\t\t<\/div>\n\t\t\t\t\t\t<\/div>\n\t\t\t\t\t<\/div>\n\t\t\t\t<\/div>\n\t\t<div class=\"elementor-element elementor-element-6113a56 e-flex e-con-boxed e-con e-parent\" data-id=\"6113a56\" data-element_type=\"container\">\n\t\t\t\t\t<div class=\"e-con-inner\">\n\t\t\t\t<div class=\"elementor-element elementor-element-65e07b0 elementor-widget elementor-widget-text-editor\" data-id=\"65e07b0\" data-element_type=\"widget\" data-widget_type=\"text-editor.default\">\n\t\t\t\t\t\t\t\t\t<p><span style=\"font-weight: 400;\">Sometimes we ourselves can be the support we seek. Below are some links that can be useful:<\/span><\/p>\t\t\t\t\t\t\t\t<\/div>\n\t\t\t\t<div class=\"elementor-element elementor-element-d2e44a8 link-color elementor-icon-list--layout-traditional elementor-list-item-link-full_width elementor-widget elementor-widget-icon-list\" data-id=\"d2e44a8\" data-element_type=\"widget\" data-widget_type=\"icon-list.default\">\n\t\t\t\t\t\t\t<ul class=\"elementor-icon-list-items\">\n\t\t\t\t\t\t\t<li class=\"elementor-icon-list-item\">\n\t\t\t\t\t\t\t\t\t\t\t<a href=\"https:\/\/lori.hr\/en\/digitalni-resursi-za-mlade\/\" target=\"_blank\">\n\n\t\t\t\t\t\t\t\t\t\t\t\t<span class=\"elementor-icon-list-icon\">\n\t\t\t\t\t\t\t<i aria-hidden=\"true\" class=\"fas fa-check\"><\/i>\t\t\t\t\t\t<\/span>\n\t\t\t\t\t\t\t\t\t\t<span class=\"elementor-icon-list-text\">Digital resources<\/span>\n\t\t\t\t\t\t\t\t\t\t\t<\/a>\n\t\t\t\t\t\t\t\t\t<\/li>\n\t\t\t\t\t\t\t\t<li class=\"elementor-icon-list-item\">\n\t\t\t\t\t\t\t\t\t\t\t<a href=\"https:\/\/lori.hr\/wp-content\/uploads\/2023\/03\/Razumjeti_podrzati_2011.pdf\" target=\"_blank\">\n\n\t\t\t\t\t\t\t\t\t\t\t\t<span class=\"elementor-icon-list-icon\">\n\t\t\t\t\t\t\t<i aria-hidden=\"true\" class=\"fas fa-check\"><\/i>\t\t\t\t\t\t<\/span>\n\t\t\t\t\t\t\t\t\t\t<span class=\"elementor-icon-list-text\">To Understand and Support brochure<\/span>\n\t\t\t\t\t\t\t\t\t\t\t<\/a>\n\t\t\t\t\t\t\t\t\t<\/li>\n\t\t\t\t\t\t\t\t<li class=\"elementor-icon-list-item\">\n\t\t\t\t\t\t\t\t\t\t\t<a href=\"https:\/\/lori.hr\/wp-content\/uploads\/2023\/03\/Put_u_prosTRANStvo_2012.pdf\" target=\"_blank\">\n\n\t\t\t\t\t\t\t\t\t\t\t\t<span class=\"elementor-icon-list-icon\">\n\t\t\t\t\t\t\t<i aria-hidden=\"true\" class=\"fas fa-check\"><\/i>\t\t\t\t\t\t<\/span>\n\t\t\t\t\t\t\t\t\t\t<span class=\"elementor-icon-list-text\">My Journey to TRANScendence<\/span>\n\t\t\t\t\t\t\t\t\t\t\t<\/a>\n\t\t\t\t\t\t\t\t\t<\/li>\n\t\t\t\t\t\t<\/ul>\n\t\t\t\t\t\t<\/div>\n\t\t\t\t\t<\/div>\n\t\t\t\t<\/div>\n\t\t<div class=\"elementor-element elementor-element-7973283 e-flex e-con-boxed e-con e-parent\" data-id=\"7973283\" data-element_type=\"container\">\n\t\t\t\t\t<div class=\"e-con-inner\">\n\t\t\t\t<div class=\"elementor-element elementor-element-8cae401 elementor-widget elementor-widget-spacer\" data-id=\"8cae401\" data-element_type=\"widget\" data-widget_type=\"spacer.default\">\n\t\t\t\t\t\t\t<div class=\"elementor-spacer\">\n\t\t\t<div class=\"elementor-spacer-inner\"><\/div>\n\t\t<\/div>\n\t\t\t\t\t\t<\/div>\n\t\t\t\t\t<\/div>\n\t\t\t\t<\/div>\n\t\t\t\t<\/div>","protected":false},"excerpt":{"rendered":"<p>Psiholo\u0161ko savjetovali\u0161te Psiholo\u0161ko savjetovali\u0161te udruge LORI zapo\u010delo je s radom 2007. godine, a namijenjeno je punoljetnim LGBTIQ+ osobama koje se kroz \u017eivot suo\u010davaju s raznim situacijama i izazovima.\u00a0 Cilj savjetovali\u0161ta je pru\u017eiti siguran prostor u kojem osoba mo\u017ee dobiti podr\u0161ku po pitanju svog rodnog\/spolnog identiteta i izra\u017eavanja, spolne orijentacije te drugih specifi\u010dnih pitanja (coming out, &hellip;<\/p>\n<p class=\"read-more\"> <a class=\"\" href=\"https:\/\/lori.hr\/en\/psiholosko-savjetovaliste\/\"> <span class=\"screen-reader-text\">Counselling<\/span> Read More \u00bb<\/a><\/p>","protected":false},"author":1,"featured_media":0,"parent":0,"menu_order":0,"comment_status":"closed","ping_status":"closed","template":"","meta":{"_uag_custom_page_level_css":"","site-sidebar-layout":"no-sidebar","site-content-layout":"page-builder","ast-site-content-layout":"","site-content-style":"default","site-sidebar-style":"default","ast-global-header-display":"","ast-banner-title-visibility":"","ast-main-header-display":"","ast-hfb-above-header-display":"","ast-hfb-below-header-display":"","ast-hfb-mobile-header-display":"","site-post-title":"disabled","ast-breadcrumbs-content":"","ast-featured-img":"disabled","footer-sml-layout":"","theme-transparent-header-meta":"","adv-header-id-meta":"","stick-header-meta":"","header-above-stick-meta":"","header-main-stick-meta":"","header-below-stick-meta":"","astra-migrate-meta-layouts":"","footnotes":""},"class_list":["post-3677","page","type-page","status-publish","hentry"],"uagb_featured_image_src":{"full":false,"thumbnail":false,"medium":false,"medium_large":false,"large":false,"1536x1536":false,"2048x2048":false,"trp-custom-language-flag":false},"uagb_author_info":{"display_name":"LORI","author_link":"https:\/\/lori.hr\/en\/author\/ikenji\/"},"uagb_comment_info":0,"uagb_excerpt":"Psiholo\u0161ko savjetovali\u0161te Psiholo\u0161ko savjetovali\u0161te udruge LORI zapo\u010delo je s radom 2007. godine, a namijenjeno je punoljetnim LGBTIQ+ osobama koje se kroz \u017eivot suo\u010davaju s raznim situacijama i izazovima.\u00a0 Cilj savjetovali\u0161ta je pru\u017eiti siguran prostor u kojem osoba mo\u017ee dobiti podr\u0161ku po pitanju svog rodnog\/spolnog identiteta i izra\u017eavanja, spolne orijentacije te drugih specifi\u010dnih pitanja (coming out,&hellip;","_links":{"self":[{"href":"https:\/\/lori.hr\/en\/wp-json\/wp\/v2\/pages\/3677","targetHints":{"allow":["GET"]}}],"collection":[{"href":"https:\/\/lori.hr\/en\/wp-json\/wp\/v2\/pages"}],"about":[{"href":"https:\/\/lori.hr\/en\/wp-json\/wp\/v2\/types\/page"}],"author":[{"embeddable":true,"href":"https:\/\/lori.hr\/en\/wp-json\/wp\/v2\/users\/1"}],"replies":[{"embeddable":true,"href":"https:\/\/lori.hr\/en\/wp-json\/wp\/v2\/comments?post=3677"}],"version-history":[{"count":25,"href":"https:\/\/lori.hr\/en\/wp-json\/wp\/v2\/pages\/3677\/revisions"}],"predecessor-version":[{"id":8247,"href":"https:\/\/lori.hr\/en\/wp-json\/wp\/v2\/pages\/3677\/revisions\/8247"}],"wp:attachment":[{"href":"https:\/\/lori.hr\/en\/wp-json\/wp\/v2\/media?parent=3677"}],"curies":[{"name":"wp","href":"https:\/\/api.w.org\/{rel}","templated":true}]}}