{"id":3688,"date":"2023-04-02T12:16:06","date_gmt":"2023-04-02T10:16:06","guid":{"rendered":"https:\/\/lori.hr\/?page_id=3688"},"modified":"2023-06-22T10:58:19","modified_gmt":"2023-06-22T08:58:19","slug":"peer-podrska","status":"publish","type":"page","link":"https:\/\/lori.hr\/en\/peer-podrska\/","title":{"rendered":"Peer support"},"content":{"rendered":"<div data-elementor-type=\"wp-page\" data-elementor-id=\"3688\" class=\"elementor elementor-3688\" data-elementor-post-type=\"page\">\n\t\t\t\t<div class=\"elementor-element elementor-element-f79062b navboja e-flex e-con-boxed e-con e-parent\" data-id=\"f79062b\" data-element_type=\"container\" data-settings=\"{&quot;background_background&quot;:&quot;classic&quot;}\">\n\t\t\t\t\t<div class=\"e-con-inner\">\n\t\t\t\t<div class=\"elementor-element elementor-element-6eef8fb elementor-widget elementor-widget-spacer\" data-id=\"6eef8fb\" data-element_type=\"widget\" data-widget_type=\"spacer.default\">\n\t\t\t\t\t\t\t<div class=\"elementor-spacer\">\n\t\t\t<div class=\"elementor-spacer-inner\"><\/div>\n\t\t<\/div>\n\t\t\t\t\t\t<\/div>\n\t\t\t\t\t<\/div>\n\t\t\t\t<\/div>\n\t\t<div class=\"elementor-element elementor-element-76df0a66 e-flex e-con-boxed e-con e-parent\" data-id=\"76df0a66\" data-element_type=\"container\">\n\t\t\t\t\t<div class=\"e-con-inner\">\n\t\t\t\t<div class=\"elementor-element elementor-element-6bf06c23 elementor-widget elementor-widget-spacer\" data-id=\"6bf06c23\" data-element_type=\"widget\" data-widget_type=\"spacer.default\">\n\t\t\t\t\t\t\t<div class=\"elementor-spacer\">\n\t\t\t<div class=\"elementor-spacer-inner\"><\/div>\n\t\t<\/div>\n\t\t\t\t\t\t<\/div>\n\t\t\t\t<div class=\"elementor-element elementor-element-270669be elementor-widget elementor-widget-heading\" data-id=\"270669be\" data-element_type=\"widget\" data-widget_type=\"heading.default\">\n\t\t\t\t\t<h1 class=\"elementor-heading-title elementor-size-xl\">Peer support<\/h1>\t\t\t\t<\/div>\n\t\t\t\t<div class=\"elementor-element elementor-element-6142fae4 elementor-widget-divider--view-line elementor-widget elementor-widget-divider\" data-id=\"6142fae4\" data-element_type=\"widget\" data-widget_type=\"divider.default\">\n\t\t\t\t\t\t\t<div class=\"elementor-divider\">\n\t\t\t<span class=\"elementor-divider-separator\">\n\t\t\t\t\t\t<\/span>\n\t\t<\/div>\n\t\t\t\t\t\t<\/div>\n\t\t\t\t\t<\/div>\n\t\t\t\t<\/div>\n\t\t<div class=\"elementor-element elementor-element-8b0c6da e-flex e-con-boxed e-con e-parent\" data-id=\"8b0c6da\" data-element_type=\"container\">\n\t\t\t\t\t<div class=\"e-con-inner\">\n\t\t<div class=\"elementor-element elementor-element-320a69a0 e-con-full e-flex e-con e-parent\" data-id=\"320a69a0\" data-element_type=\"container\">\n\t\t\t\t<div class=\"elementor-element elementor-element-6a05a51f elementor-widget elementor-widget-text-editor\" data-id=\"6a05a51f\" data-element_type=\"widget\" data-widget_type=\"text-editor.default\">\n\t\t\t\t\t\t\t\t\t<p><span style=\"font-weight: 400;\"><b>Peer support<\/b> is an organised method of layperson support between certain groups or communities in which people with similar experiences help each other. This method allows for communication with LORI peer counsellors which are acquainted with the topics and everyday situations that LGBTIQ+ persons face. Furthermore, it serves as an important source of information, support and understanding, which is crucial for a lot of persons\u2019 self-empowerment, facing fears and consequences in today\u2019s society.\u00a0<\/span><\/p><p><span style=\"font-weight: 400;\">It is especially important for LGBTIQ+ persons from smaller towns and rural areas, where support is not accessible.<\/span><\/p>\t\t\t\t\t\t\t\t<\/div>\n\t\t\t\t<\/div>\n\t\t<div class=\"elementor-element elementor-element-299f2a2a e-con-full e-flex e-con e-parent\" data-id=\"299f2a2a\" data-element_type=\"container\">\n\t\t\t\t<div class=\"elementor-element elementor-element-3d89495 elementor-widget elementor-widget-spacer\" data-id=\"3d89495\" data-element_type=\"widget\" data-widget_type=\"spacer.default\">\n\t\t\t\t\t\t\t<div class=\"elementor-spacer\">\n\t\t\t<div class=\"elementor-spacer-inner\"><\/div>\n\t\t<\/div>\n\t\t\t\t\t\t<\/div>\n\t\t\t\t<div class=\"elementor-element elementor-element-3bec8455 elementor-widget elementor-widget-image\" data-id=\"3bec8455\" data-element_type=\"widget\" data-widget_type=\"image.default\">\n\t\t\t\t\t\t\t\t\t\t\t\t\t\t\t<img fetchpriority=\"high\" decoding=\"async\" width=\"1024\" height=\"634\" src=\"https:\/\/lori.hr\/wp-content\/uploads\/2023\/04\/vrsnjacko_savjetovanje-1024x634.jpg\" class=\"attachment-large size-large wp-image-3739\" alt=\"\" srcset=\"https:\/\/lori.hr\/wp-content\/uploads\/2023\/04\/vrsnjacko_savjetovanje-1024x634.jpg 1024w, https:\/\/lori.hr\/wp-content\/uploads\/2023\/04\/vrsnjacko_savjetovanje-300x186.jpg 300w, https:\/\/lori.hr\/wp-content\/uploads\/2023\/04\/vrsnjacko_savjetovanje-768x476.jpg 768w, https:\/\/lori.hr\/wp-content\/uploads\/2023\/04\/vrsnjacko_savjetovanje.jpg 1095w\" sizes=\"(max-width: 1024px) 100vw, 1024px\" \/>\t\t\t\t\t\t\t\t\t\t\t\t\t\t\t<\/div>\n\t\t\t\t<\/div>\n\t\t\t\t\t<\/div>\n\t\t\t\t<\/div>\n\t\t<div class=\"elementor-element elementor-element-c4ba915 e-flex e-con-boxed e-con e-parent\" data-id=\"c4ba915\" data-element_type=\"container\" data-settings=\"{&quot;background_background&quot;:&quot;classic&quot;}\">\n\t\t\t\t\t<div class=\"e-con-inner\">\n\t\t\t\t<div class=\"elementor-element elementor-element-43e1aeb elementor-widget elementor-widget-spacer\" data-id=\"43e1aeb\" data-element_type=\"widget\" data-widget_type=\"spacer.default\">\n\t\t\t\t\t\t\t<div class=\"elementor-spacer\">\n\t\t\t<div class=\"elementor-spacer-inner\"><\/div>\n\t\t<\/div>\n\t\t\t\t\t\t<\/div>\n\t\t\t\t<div class=\"elementor-element elementor-element-754a7793 elementor-widget elementor-widget-text-editor\" data-id=\"754a7793\" data-element_type=\"widget\" data-widget_type=\"text-editor.default\">\n\t\t\t\t\t\t\t\t\t<p>It is important to note that this type of support is <span style=\"text-decoration: underline;\">not<\/span> psychotherapy work and that peer counsellors that do counselling are not mental health professionals.<\/p><p>Peer support services are free, and are done in person, over the phone and per e-mail.<\/p><p><span style=\"font-weight: 400;\">If you need counselling, please fill out this <a href=\"https:\/\/forms.gle\/5YYv3yAGz6Giu8T69\" target=\"_blank\" rel=\"noopener\">application form<\/a>, and we will contact you as soon as possible.<\/span><\/p>\t\t\t\t\t\t\t\t<\/div>\n\t\t\t\t\t<\/div>\n\t\t\t\t<\/div>\n\t\t<div class=\"elementor-element elementor-element-2d35d50 e-flex e-con-boxed e-con e-parent\" data-id=\"2d35d50\" data-element_type=\"container\">\n\t\t\t\t\t<div class=\"e-con-inner\">\n\t\t\t\t<div class=\"elementor-element elementor-element-42e4f36 elementor-widget elementor-widget-spacer\" data-id=\"42e4f36\" data-element_type=\"widget\" data-widget_type=\"spacer.default\">\n\t\t\t\t\t\t\t<div class=\"elementor-spacer\">\n\t\t\t<div class=\"elementor-spacer-inner\"><\/div>\n\t\t<\/div>\n\t\t\t\t\t\t<\/div>\n\t\t\t\t<div class=\"elementor-element elementor-element-f7bcc21 elementor-widget elementor-widget-text-editor\" data-id=\"f7bcc21\" data-element_type=\"widget\" data-widget_type=\"text-editor.default\">\n\t\t\t\t\t\t\t\t\t<p><span style=\"font-weight: 400;\">Sometimes we ourselves can be the support we seek. Below are some links that can be useful:<\/span><\/p>\t\t\t\t\t\t\t\t<\/div>\n\t\t\t\t<div class=\"elementor-element elementor-element-45fbb73 link-color elementor-icon-list--layout-traditional elementor-list-item-link-full_width elementor-widget elementor-widget-icon-list\" data-id=\"45fbb73\" data-element_type=\"widget\" data-widget_type=\"icon-list.default\">\n\t\t\t\t\t\t\t<ul class=\"elementor-icon-list-items\">\n\t\t\t\t\t\t\t<li class=\"elementor-icon-list-item\">\n\t\t\t\t\t\t\t\t\t\t\t<a href=\"https:\/\/lori.hr\/en\/digitalni-resursi-za-mlade\/\" target=\"_blank\">\n\n\t\t\t\t\t\t\t\t\t\t\t\t<span class=\"elementor-icon-list-icon\">\n\t\t\t\t\t\t\t<i aria-hidden=\"true\" class=\"fas fa-check\"><\/i>\t\t\t\t\t\t<\/span>\n\t\t\t\t\t\t\t\t\t\t<span class=\"elementor-icon-list-text\">Digital resources<\/span>\n\t\t\t\t\t\t\t\t\t\t\t<\/a>\n\t\t\t\t\t\t\t\t\t<\/li>\n\t\t\t\t\t\t\t\t<li class=\"elementor-icon-list-item\">\n\t\t\t\t\t\t\t\t\t\t\t<a href=\"https:\/\/lori.hr\/wp-content\/uploads\/2023\/03\/Razumjeti_podrzati_2011.pdf\" target=\"_blank\">\n\n\t\t\t\t\t\t\t\t\t\t\t\t<span class=\"elementor-icon-list-icon\">\n\t\t\t\t\t\t\t<i aria-hidden=\"true\" class=\"fas fa-check\"><\/i>\t\t\t\t\t\t<\/span>\n\t\t\t\t\t\t\t\t\t\t<span class=\"elementor-icon-list-text\">To Understand and Support brochure<\/span>\n\t\t\t\t\t\t\t\t\t\t\t<\/a>\n\t\t\t\t\t\t\t\t\t<\/li>\n\t\t\t\t\t\t\t\t<li class=\"elementor-icon-list-item\">\n\t\t\t\t\t\t\t\t\t\t\t<a href=\"https:\/\/lori.hr\/wp-content\/uploads\/2023\/03\/Put_u_prosTRANStvo_2012.pdf\" target=\"_blank\">\n\n\t\t\t\t\t\t\t\t\t\t\t\t<span class=\"elementor-icon-list-icon\">\n\t\t\t\t\t\t\t<i aria-hidden=\"true\" class=\"fas fa-check\"><\/i>\t\t\t\t\t\t<\/span>\n\t\t\t\t\t\t\t\t\t\t<span class=\"elementor-icon-list-text\">My Journey to TRANScendence<\/span>\n\t\t\t\t\t\t\t\t\t\t\t<\/a>\n\t\t\t\t\t\t\t\t\t<\/li>\n\t\t\t\t\t\t<\/ul>\n\t\t\t\t\t\t<\/div>\n\t\t\t\t\t<\/div>\n\t\t\t\t<\/div>\n\t\t<div class=\"elementor-element elementor-element-8b5d428 e-flex e-con-boxed e-con e-parent\" data-id=\"8b5d428\" data-element_type=\"container\">\n\t\t\t\t\t<div class=\"e-con-inner\">\n\t\t\t\t<div class=\"elementor-element elementor-element-3fdee47 elementor-widget elementor-widget-spacer\" data-id=\"3fdee47\" data-element_type=\"widget\" data-widget_type=\"spacer.default\">\n\t\t\t\t\t\t\t<div class=\"elementor-spacer\">\n\t\t\t<div class=\"elementor-spacer-inner\"><\/div>\n\t\t<\/div>\n\t\t\t\t\t\t<\/div>\n\t\t\t\t\t<\/div>\n\t\t\t\t<\/div>\n\t\t\t\t<\/div>","protected":false},"excerpt":{"rendered":"<p>Peer podr\u0161ka Peer podr\u0161ka je metoda organizirane lai\u010dke pomo\u0107i me\u0111u odre\u0111enim grupama i\/ili zajednicama putem koje osobe sa sli\u010dnim iskustvom pru\u017eaju podr\u0161ku drugima. Ova metoda pru\u017ea mogu\u0107nost komunikacije sa savjetnicama i savjetnicima udruge LORI koje su upoznate s tematikom i svakodnevnim situacijama s kojima se LGBTIQ+ osobe suo\u010davaju. Tako\u0111er, predstavlja va\u017ean izvor informacija, podr\u0161ke i &hellip;<\/p>\n<p class=\"read-more\"> <a class=\"\" href=\"https:\/\/lori.hr\/en\/peer-podrska\/\"> <span class=\"screen-reader-text\">Peer support<\/span> Read More \u00bb<\/a><\/p>","protected":false},"author":1,"featured_media":0,"parent":0,"menu_order":0,"comment_status":"closed","ping_status":"closed","template":"","meta":{"_uag_custom_page_level_css":"","site-sidebar-layout":"no-sidebar","site-content-layout":"page-builder","ast-site-content-layout":"","site-content-style":"default","site-sidebar-style":"default","ast-global-header-display":"","ast-banner-title-visibility":"","ast-main-header-display":"","ast-hfb-above-header-display":"","ast-hfb-below-header-display":"","ast-hfb-mobile-header-display":"","site-post-title":"disabled","ast-breadcrumbs-content":"","ast-featured-img":"disabled","footer-sml-layout":"","theme-transparent-header-meta":"","adv-header-id-meta":"","stick-header-meta":"","header-above-stick-meta":"","header-main-stick-meta":"","header-below-stick-meta":"","astra-migrate-meta-layouts":"","footnotes":""},"class_list":["post-3688","page","type-page","status-publish","hentry"],"uagb_featured_image_src":{"full":false,"thumbnail":false,"medium":false,"medium_large":false,"large":false,"1536x1536":false,"2048x2048":false,"trp-custom-language-flag":false},"uagb_author_info":{"display_name":"LORI","author_link":"https:\/\/lori.hr\/en\/author\/ikenji\/"},"uagb_comment_info":0,"uagb_excerpt":"Peer podr\u0161ka Peer podr\u0161ka je metoda organizirane lai\u010dke pomo\u0107i me\u0111u odre\u0111enim grupama i\/ili zajednicama putem koje osobe sa sli\u010dnim iskustvom pru\u017eaju podr\u0161ku drugima. Ova metoda pru\u017ea mogu\u0107nost komunikacije sa savjetnicama i savjetnicima udruge LORI koje su upoznate s tematikom i svakodnevnim situacijama s kojima se LGBTIQ+ osobe suo\u010davaju. Tako\u0111er, predstavlja va\u017ean izvor informacija, podr\u0161ke i&hellip;","_links":{"self":[{"href":"https:\/\/lori.hr\/en\/wp-json\/wp\/v2\/pages\/3688","targetHints":{"allow":["GET"]}}],"collection":[{"href":"https:\/\/lori.hr\/en\/wp-json\/wp\/v2\/pages"}],"about":[{"href":"https:\/\/lori.hr\/en\/wp-json\/wp\/v2\/types\/page"}],"author":[{"embeddable":true,"href":"https:\/\/lori.hr\/en\/wp-json\/wp\/v2\/users\/1"}],"replies":[{"embeddable":true,"href":"https:\/\/lori.hr\/en\/wp-json\/wp\/v2\/comments?post=3688"}],"version-history":[{"count":43,"href":"https:\/\/lori.hr\/en\/wp-json\/wp\/v2\/pages\/3688\/revisions"}],"predecessor-version":[{"id":8250,"href":"https:\/\/lori.hr\/en\/wp-json\/wp\/v2\/pages\/3688\/revisions\/8250"}],"wp:attachment":[{"href":"https:\/\/lori.hr\/en\/wp-json\/wp\/v2\/media?parent=3688"}],"curies":[{"name":"wp","href":"https:\/\/api.w.org\/{rel}","templated":true}]}}