{"id":3800,"date":"2023-04-07T09:09:12","date_gmt":"2023-04-07T07:09:12","guid":{"rendered":"https:\/\/lori.hr\/?page_id=3800"},"modified":"2023-04-23T12:41:47","modified_gmt":"2023-04-23T10:41:47","slug":"smanjenje-homo-bi-transfobije-u-srednjim-skolama","status":"publish","type":"page","link":"https:\/\/lori.hr\/en\/smanjenje-homo-bi-transfobije-u-srednjim-skolama\/","title":{"rendered":"Reducing homophobia, biphobia and transphobia in secondary schools"},"content":{"rendered":"<div data-elementor-type=\"wp-page\" data-elementor-id=\"3800\" class=\"elementor elementor-3800\" data-elementor-post-type=\"page\">\n\t\t\t\t<div class=\"elementor-element elementor-element-aa8af40 navboja e-flex e-con-boxed e-con e-parent\" data-id=\"aa8af40\" data-element_type=\"container\" data-settings=\"{&quot;background_background&quot;:&quot;classic&quot;}\">\n\t\t\t\t\t<div class=\"e-con-inner\">\n\t\t\t\t<div class=\"elementor-element elementor-element-63f4628 elementor-widget elementor-widget-spacer\" data-id=\"63f4628\" data-element_type=\"widget\" data-widget_type=\"spacer.default\">\n\t\t\t\t\t\t\t<div class=\"elementor-spacer\">\n\t\t\t<div class=\"elementor-spacer-inner\"><\/div>\n\t\t<\/div>\n\t\t\t\t\t\t<\/div>\n\t\t\t\t\t<\/div>\n\t\t\t\t<\/div>\n\t\t<div class=\"elementor-element elementor-element-094ba09 e-flex e-con-boxed e-con e-parent\" data-id=\"094ba09\" data-element_type=\"container\">\n\t\t\t\t\t<div class=\"e-con-inner\">\n\t\t\t\t<div class=\"elementor-element elementor-element-ca7e3fc elementor-widget elementor-widget-spacer\" data-id=\"ca7e3fc\" data-element_type=\"widget\" data-widget_type=\"spacer.default\">\n\t\t\t\t\t\t\t<div class=\"elementor-spacer\">\n\t\t\t<div class=\"elementor-spacer-inner\"><\/div>\n\t\t<\/div>\n\t\t\t\t\t\t<\/div>\n\t\t\t\t<div class=\"elementor-element elementor-element-24642fc elementor-widget elementor-widget-heading\" data-id=\"24642fc\" data-element_type=\"widget\" data-widget_type=\"heading.default\">\n\t\t\t\t\t<h1 class=\"elementor-heading-title elementor-size-default\">Reducing homophobia, biphobia and transphobia in secondary schools<\/h1>\t\t\t\t<\/div>\n\t\t\t\t<div class=\"elementor-element elementor-element-811d58d elementor-widget-divider--view-line elementor-widget elementor-widget-divider\" data-id=\"811d58d\" data-element_type=\"widget\" data-widget_type=\"divider.default\">\n\t\t\t\t\t\t\t<div class=\"elementor-divider\">\n\t\t\t<span class=\"elementor-divider-separator\">\n\t\t\t\t\t\t<\/span>\n\t\t<\/div>\n\t\t\t\t\t\t<\/div>\n\t\t\t\t<div class=\"elementor-element elementor-element-139e036 elementor-widget elementor-widget-spacer\" data-id=\"139e036\" data-element_type=\"widget\" data-widget_type=\"spacer.default\">\n\t\t\t\t\t\t\t<div class=\"elementor-spacer\">\n\t\t\t<div class=\"elementor-spacer-inner\"><\/div>\n\t\t<\/div>\n\t\t\t\t\t\t<\/div>\n\t\t\t\t\t<\/div>\n\t\t\t\t<\/div>\n\t\t<div class=\"elementor-element elementor-element-f12ceae e-flex e-con-boxed e-con e-parent\" data-id=\"f12ceae\" data-element_type=\"container\">\n\t\t\t\t\t<div class=\"e-con-inner\">\n\t\t\t\t<div class=\"elementor-element elementor-element-db11c37 elementor-grid-1 elementor-posts--thumbnail-top elementor-grid-tablet-2 elementor-grid-mobile-1 elementor-widget elementor-widget-posts\" data-id=\"db11c37\" data-element_type=\"widget\" data-settings=\"{&quot;custom_columns&quot;:&quot;1&quot;,&quot;custom_columns_tablet&quot;:&quot;2&quot;,&quot;custom_columns_mobile&quot;:&quot;1&quot;,&quot;custom_row_gap&quot;:{&quot;unit&quot;:&quot;px&quot;,&quot;size&quot;:35,&quot;sizes&quot;:[]},&quot;custom_row_gap_tablet&quot;:{&quot;unit&quot;:&quot;px&quot;,&quot;size&quot;:&quot;&quot;,&quot;sizes&quot;:[]},&quot;custom_row_gap_mobile&quot;:{&quot;unit&quot;:&quot;px&quot;,&quot;size&quot;:&quot;&quot;,&quot;sizes&quot;:[]}}\" data-widget_type=\"posts.custom\">\n\t\t\t\t<div class=\"elementor-widget-container\">\n\t\t\t\t\t      <div class=\"ecs-posts elementor-posts-container elementor-posts   elementor-grid elementor-posts--skin-custom\" data-settings=\"{&quot;current_page&quot;:1,&quot;max_num_pages&quot;:1,&quot;load_method&quot;:&quot;&quot;,&quot;widget_id&quot;:&quot;db11c37&quot;,&quot;post_id&quot;:3800,&quot;theme_id&quot;:3800,&quot;change_url&quot;:false,&quot;reinit_js&quot;:false}\">\n      \t\t<article id=\"post-6171\" class=\"elementor-post elementor-grid-item ecs-post-loop post-6171 post type-post status-publish format-standard has-post-thumbnail hentry category-smanjenje-homo-bi-transfobije-u-srednjim-skolama category-projekti\">\n\t\t\t\t<div data-elementor-type=\"loop\" data-elementor-id=\"2040\" class=\"elementor elementor-2040 post-6171 post type-post status-publish format-standard has-post-thumbnail hentry category-smanjenje-homo-bi-transfobije-u-srednjim-skolama category-projekti ast-article-single\" data-elementor-post-type=\"elementor_library\">\n\t\t\t<div class=\"elementor-element elementor-element-5c3275a e-flex e-con-boxed e-con e-parent\" data-id=\"5c3275a\" data-element_type=\"container\">\n\t\t\t\t\t<div class=\"e-con-inner\">\n\t\t<div class=\"elementor-element elementor-element-0494139 e-con-full e-flex e-con e-parent\" data-id=\"0494139\" data-element_type=\"container\">\n\t\t\t\t<div class=\"elementor-element elementor-element-d65a9ff elementor-widget elementor-widget-theme-post-featured-image elementor-widget-image\" data-id=\"d65a9ff\" data-element_type=\"widget\" data-widget_type=\"theme-post-featured-image.default\">\n\t\t\t\t\t\t\t\t\t\t\t\t\t\t\t\t<a href=\"https:\/\/lori.hr\/en\/smanjenje-homobitransfobije-u-srednjim-skolama-info\/\">\n\t\t\t\t\t\t\t<img fetchpriority=\"high\" decoding=\"async\" width=\"768\" height=\"451\" src=\"https:\/\/lori.hr\/wp-content\/uploads\/2023\/04\/homofobija-768x451.jpg\" class=\"attachment-medium_large size-medium_large wp-image-6173\" alt=\"\" srcset=\"https:\/\/lori.hr\/wp-content\/uploads\/2023\/04\/homofobija-768x451.jpg 768w, https:\/\/lori.hr\/wp-content\/uploads\/2023\/04\/homofobija-300x176.jpg 300w, https:\/\/lori.hr\/wp-content\/uploads\/2023\/04\/homofobija.jpg 800w\" sizes=\"(max-width: 768px) 100vw, 768px\" \/>\t\t\t\t\t\t\t\t<\/a>\n\t\t\t\t\t\t\t\t\t\t\t\t\t\t\t<\/div>\n\t\t\t\t<\/div>\n\t\t<div class=\"elementor-element elementor-element-368f4cd e-con-full e-flex e-con e-parent\" data-id=\"368f4cd\" data-element_type=\"container\">\n\t\t\t\t<div class=\"elementor-element elementor-element-6db2fbb elementor-widget elementor-widget-text-editor\" data-id=\"6db2fbb\" data-element_type=\"widget\" data-widget_type=\"text-editor.default\">\n\t\t\t\t\t\t\t\t\t<a href=\"https:\/\/lori.hr\/en\/category\/smanjenje-homo-bi-transfobije-u-srednjim-skolama\/\" rel=\"tag\">Reducing homophobia, biphobia and transphobia in secondary schools<\/a>, <a href=\"https:\/\/lori.hr\/en\/category\/projekti\/\" rel=\"tag\">Projects<\/a>\t\t\t\t\t\t\t\t<\/div>\n\t\t\t\t<div class=\"elementor-element elementor-element-d83a0f6 elementor-widget elementor-widget-heading\" data-id=\"d83a0f6\" data-element_type=\"widget\" data-widget_type=\"heading.default\">\n\t\t\t\t\t<h2 class=\"elementor-heading-title elementor-size-default\"><a href=\"https:\/\/lori.hr\/en\/smanjenje-homobitransfobije-u-srednjim-skolama-info\/\">Reducing homophobia, biphobia and transphobia in secondary schools<\/a><\/h2>\t\t\t\t<\/div>\n\t\t\t\t<div class=\"elementor-element elementor-element-069c166 elementor-widget elementor-widget-text-editor\" data-id=\"069c166\" data-element_type=\"widget\" data-widget_type=\"text-editor.default\">\n\t\t\t\t\t\t\t\t\tLezbijska organizacija Rijeka &#8220;LORI&#8221; od 2012. godine provodi projekt Smanjenje homo\/bi\/transfobije u srednjim \u0161kolama i osiguranje adekvatne podr\u0161ke za LGBT srednjo\u0161kolsku populaciju. Osnovni cilj projekta je smanjenje homo\/bi\/transfobije i zlostavljanja na osnovu seksualne orijentacije i\/ili rodnog identiteta\/izra\u017eavanja me\u0111u\t\t\t\t\t\t\t\t<\/div>\n\t\t\t\t<div class=\"elementor-element elementor-element-e877166 elementor-widget elementor-widget-button\" data-id=\"e877166\" data-element_type=\"widget\" data-widget_type=\"button.default\">\n\t\t\t\t\t\t\t\t\t\t<a class=\"elementor-button elementor-button-link elementor-size-xs\" href=\"https:\/\/lori.hr\/en\/smanjenje-homobitransfobije-u-srednjim-skolama-info\/\">\n\t\t\t\t\t\t<span class=\"elementor-button-content-wrapper\">\n\t\t\t\t\t\t\t\t\t<span class=\"elementor-button-text\">Read more<\/span>\n\t\t\t\t\t<\/span>\n\t\t\t\t\t<\/a>\n\t\t\t\t\t\t\t\t<\/div>\n\t\t\t\t<\/div>\n\t\t\t\t\t<\/div>\n\t\t\t\t<\/div>\n\t\t\t\t<\/div>\n\t\t\t\t<\/article>\n\t\t\t\t<\/div>\n\t\t\t\t\t\t<\/div>\n\t\t\t\t<\/div>\n\t\t\t\t\t<\/div>\n\t\t\t\t<\/div>\n\t\t<div class=\"elementor-element elementor-element-755b47c e-flex e-con-boxed e-con e-parent\" data-id=\"755b47c\" data-element_type=\"container\">\n\t\t\t\t\t<div class=\"e-con-inner\">\n\t\t\t\t<div class=\"elementor-element elementor-element-99a7f17 elementor-widget elementor-widget-spacer\" data-id=\"99a7f17\" data-element_type=\"widget\" data-widget_type=\"spacer.default\">\n\t\t\t\t\t\t\t<div class=\"elementor-spacer\">\n\t\t\t<div class=\"elementor-spacer-inner\"><\/div>\n\t\t<\/div>\n\t\t\t\t\t\t<\/div>\n\t\t\t\t\t<\/div>\n\t\t\t\t<\/div>\n\t\t\t\t<\/div>","protected":false},"excerpt":{"rendered":"<p>Reducing homophobia, biphobia and transphobia in secondary schools<\/p>","protected":false},"author":1,"featured_media":0,"parent":0,"menu_order":0,"comment_status":"closed","ping_status":"closed","template":"","meta":{"_uag_custom_page_level_css":"","site-sidebar-layout":"no-sidebar","site-content-layout":"page-builder","ast-site-content-layout":"","site-content-style":"default","site-sidebar-style":"default","ast-global-header-display":"","ast-banner-title-visibility":"","ast-main-header-display":"","ast-hfb-above-header-display":"","ast-hfb-below-header-display":"","ast-hfb-mobile-header-display":"","site-post-title":"disabled","ast-breadcrumbs-content":"","ast-featured-img":"disabled","footer-sml-layout":"","theme-transparent-header-meta":"","adv-header-id-meta":"","stick-header-meta":"","header-above-stick-meta":"","header-main-stick-meta":"","header-below-stick-meta":"","astra-migrate-meta-layouts":"","footnotes":""},"class_list":["post-3800","page","type-page","status-publish","hentry"],"uagb_featured_image_src":{"full":false,"thumbnail":false,"medium":false,"medium_large":false,"large":false,"1536x1536":false,"2048x2048":false,"trp-custom-language-flag":false},"uagb_author_info":{"display_name":"LORI","author_link":"https:\/\/lori.hr\/en\/author\/ikenji\/"},"uagb_comment_info":0,"uagb_excerpt":"Smanjenje homo\/bi\/transfobije u srednjim \u0161kolama","_links":{"self":[{"href":"https:\/\/lori.hr\/en\/wp-json\/wp\/v2\/pages\/3800","targetHints":{"allow":["GET"]}}],"collection":[{"href":"https:\/\/lori.hr\/en\/wp-json\/wp\/v2\/pages"}],"about":[{"href":"https:\/\/lori.hr\/en\/wp-json\/wp\/v2\/types\/page"}],"author":[{"embeddable":true,"href":"https:\/\/lori.hr\/en\/wp-json\/wp\/v2\/users\/1"}],"replies":[{"embeddable":true,"href":"https:\/\/lori.hr\/en\/wp-json\/wp\/v2\/comments?post=3800"}],"version-history":[{"count":4,"href":"https:\/\/lori.hr\/en\/wp-json\/wp\/v2\/pages\/3800\/revisions"}],"predecessor-version":[{"id":6180,"href":"https:\/\/lori.hr\/en\/wp-json\/wp\/v2\/pages\/3800\/revisions\/6180"}],"wp:attachment":[{"href":"https:\/\/lori.hr\/en\/wp-json\/wp\/v2\/media?parent=3800"}],"curies":[{"name":"wp","href":"https:\/\/api.w.org\/{rel}","templated":true}]}}