{"id":4688,"date":"2023-04-15T13:02:56","date_gmt":"2023-04-15T11:02:56","guid":{"rendered":"https:\/\/lori.hr\/?page_id=4688"},"modified":"2023-04-15T13:20:48","modified_gmt":"2023-04-15T11:20:48","slug":"zasto-je-vazna-edukacija-o-lgbtiq-temama-u-skolama","status":"publish","type":"page","link":"https:\/\/lori.hr\/en\/zasto-je-vazna-edukacija-o-lgbtiq-temama-u-skolama\/","title":{"rendered":"Why is education on LGBTIQ topics in schools important?"},"content":{"rendered":"<div data-elementor-type=\"wp-page\" data-elementor-id=\"4688\" class=\"elementor elementor-4688\" data-elementor-post-type=\"page\">\n\t\t\t\t<div class=\"elementor-element elementor-element-4c8863c navboja e-flex e-con-boxed e-con e-parent\" data-id=\"4c8863c\" data-element_type=\"container\" data-settings=\"{&quot;background_background&quot;:&quot;classic&quot;}\">\n\t\t\t\t\t<div class=\"e-con-inner\">\n\t\t\t\t<div class=\"elementor-element elementor-element-d781503 elementor-widget elementor-widget-spacer\" data-id=\"d781503\" data-element_type=\"widget\" data-widget_type=\"spacer.default\">\n\t\t\t\t\t\t\t<div class=\"elementor-spacer\">\n\t\t\t<div class=\"elementor-spacer-inner\"><\/div>\n\t\t<\/div>\n\t\t\t\t\t\t<\/div>\n\t\t\t\t\t<\/div>\n\t\t\t\t<\/div>\n\t\t<div class=\"elementor-element elementor-element-6f8e978 e-flex e-con-boxed e-con e-parent\" data-id=\"6f8e978\" data-element_type=\"container\">\n\t\t\t\t\t<div class=\"e-con-inner\">\n\t\t\t\t<div class=\"elementor-element elementor-element-385a9f8 elementor-widget elementor-widget-spacer\" data-id=\"385a9f8\" data-element_type=\"widget\" data-widget_type=\"spacer.default\">\n\t\t\t\t\t\t\t<div class=\"elementor-spacer\">\n\t\t\t<div class=\"elementor-spacer-inner\"><\/div>\n\t\t<\/div>\n\t\t\t\t\t\t<\/div>\n\t\t\t\t<div class=\"elementor-element elementor-element-b62c3ec elementor-widget elementor-widget-heading\" data-id=\"b62c3ec\" data-element_type=\"widget\" data-widget_type=\"heading.default\">\n\t\t\t\t\t<h1 class=\"elementor-heading-title elementor-size-default\">Why is education on LGBTIQ topics in schools important?<\/h1>\t\t\t\t<\/div>\n\t\t\t\t<div class=\"elementor-element elementor-element-d881fb6 elementor-widget-divider--view-line elementor-widget elementor-widget-divider\" data-id=\"d881fb6\" data-element_type=\"widget\" data-widget_type=\"divider.default\">\n\t\t\t\t\t\t\t<div class=\"elementor-divider\">\n\t\t\t<span class=\"elementor-divider-separator\">\n\t\t\t\t\t\t<\/span>\n\t\t<\/div>\n\t\t\t\t\t\t<\/div>\n\t\t\t\t<div class=\"elementor-element elementor-element-69a6ad5 elementor-widget elementor-widget-spacer\" data-id=\"69a6ad5\" data-element_type=\"widget\" data-widget_type=\"spacer.default\">\n\t\t\t\t\t\t\t<div class=\"elementor-spacer\">\n\t\t\t<div class=\"elementor-spacer-inner\"><\/div>\n\t\t<\/div>\n\t\t\t\t\t\t<\/div>\n\t\t\t\t\t<\/div>\n\t\t\t\t<\/div>\n\t\t<div class=\"elementor-element elementor-element-1aab137 e-flex e-con-boxed e-con e-parent\" data-id=\"1aab137\" data-element_type=\"container\">\n\t\t\t\t\t<div class=\"e-con-inner\">\n\t\t<div class=\"elementor-element elementor-element-5be47c5 e-con-full e-flex e-con e-parent\" data-id=\"5be47c5\" data-element_type=\"container\">\n\t\t\t\t<div class=\"elementor-element elementor-element-3a2773c elementor-widget elementor-widget-text-editor\" data-id=\"3a2773c\" data-element_type=\"widget\" data-widget_type=\"text-editor.default\">\n\t\t\t\t\t\t\t\t\t<p><strong>School<\/strong>\u00a0is one of the key environments for socialisation where children and youngsters develop their competencies and establish relationships with peers and adults. In order enable that; it is crucial that schools are spaces that are safe, stimulating and supportive.<\/p><p class=\"translation-block\">This is especially a challenge in context of young lesbians, gays, bisexuals, transgender and intersex people who face stigma, discrimination and marginalization and often various forms of violence (<a href=\"https:\/\/www.iglyo.com\/wp-content\/uploads\/2018\/01\/LGBTQI-Inclusive-Education-Report-Preview.pdf\" target=\"_blank\" rel=\"noopener\">IGLYO<\/a>, 2018.). The results of the survey conducted by <a href=\"https:\/\/fra.europa.eu\/en\/publications-and-resources\/data-and-maps\/survey-fundamental-rights-lesbian-gay-bisexual-and\" target=\"_blank\" rel=\"noopener\">the EU Agency for Fundamental Rights in 2014<\/a> show that in Croatia, by the age of 18, two thirds of LGBTI people hid their orientation at school and 69% of them experienced negative comments.<\/p><p>With a goal of ensuring inclusive education, in 2018 IGLYO has, in partnership with civil society organizations and education professionals, conducted a study which showed that less than half of Member States' national or regional action plans explicitly prevent and address homo\/bi\/transphobic violence (<a href=\"https:\/\/www.iglyo.com\/wp-content\/uploads\/2018\/01\/LGBTQI-Inclusive-Education-Report-Preview.pdf\" target=\"_blank\" rel=\"noopener\">LGBTQI Inclusive Education Report<\/a>).\u00a0<\/p>\t\t\t\t\t\t\t\t<\/div>\n\t\t\t\t<\/div>\n\t\t<div class=\"elementor-element elementor-element-8e8bd59 e-con-full e-flex e-con e-parent\" data-id=\"8e8bd59\" data-element_type=\"container\">\n\t\t\t\t<div class=\"elementor-element elementor-element-d780e38 elementor-widget elementor-widget-image\" data-id=\"d780e38\" data-element_type=\"widget\" data-widget_type=\"image.default\">\n\t\t\t\t\t\t\t\t\t\t\t\t\t\t\t<img loading=\"lazy\" decoding=\"async\" width=\"1024\" height=\"923\" src=\"https:\/\/lori.hr\/wp-content\/uploads\/2023\/04\/Idahobit_zastava-1024x923.jpg\" class=\"attachment-large size-large wp-image-3582\" alt=\"\" srcset=\"https:\/\/lori.hr\/wp-content\/uploads\/2023\/04\/Idahobit_zastava-1024x923.jpg 1024w, https:\/\/lori.hr\/wp-content\/uploads\/2023\/04\/Idahobit_zastava-300x271.jpg 300w, https:\/\/lori.hr\/wp-content\/uploads\/2023\/04\/Idahobit_zastava-768x693.jpg 768w, https:\/\/lori.hr\/wp-content\/uploads\/2023\/04\/Idahobit_zastava.jpg 1109w\" sizes=\"auto, (max-width: 1024px) 100vw, 1024px\" \/>\t\t\t\t\t\t\t\t\t\t\t\t\t\t\t<\/div>\n\t\t\t\t<\/div>\n\t\t\t\t\t<\/div>\n\t\t\t\t<\/div>\n\t\t<div class=\"elementor-element elementor-element-6a66a2e e-flex e-con-boxed e-con e-parent\" data-id=\"6a66a2e\" data-element_type=\"container\">\n\t\t\t\t\t<div class=\"e-con-inner\">\n\t\t\t\t<div class=\"elementor-element elementor-element-83117bd elementor-widget elementor-widget-text-editor\" data-id=\"83117bd\" data-element_type=\"widget\" data-widget_type=\"text-editor.default\">\n\t\t\t\t\t\t\t\t\t<p class=\"translation-block\">The European Union, the Council of Europe and the United Nations recognise the worrying presence of discrimination and violence against LGBTI youth in schools. Therefore, they have issued directives and recommendations aimed at combating homo\/bi\/transphobia in education and protecting children and young people in school environment. These international documents recognise the importance of a comprehensive approach to this problem. Such approach includes the development of national and school policies, curricula and educational materials, trainings of educators, support for young LGBTI people, and implementation of educational and information campaigns at the national level (<a href=\"https:\/\/lori.hr\/wp-content\/uploads\/2023\/03\/Smjernice-LORI-2016.pdf\" target=\"_blank\" rel=\"noopener\">Guidelines for combating homophobia, transphobia and peer violence based on sexual orientation and gender identity in schools<\/a>, LORI, 2016.).<\/p>\t\t\t\t\t\t\t\t<\/div>\n\t\t\t\t\t<\/div>\n\t\t\t\t<\/div>\n\t\t<div class=\"elementor-element elementor-element-112c0b2 e-flex e-con-boxed e-con e-parent\" data-id=\"112c0b2\" data-element_type=\"container\">\n\t\t\t\t\t<div class=\"e-con-inner\">\n\t\t<div class=\"elementor-element elementor-element-0908729 e-con-full e-flex e-con e-parent\" data-id=\"0908729\" data-element_type=\"container\">\n\t\t\t\t<div class=\"elementor-element elementor-element-c2a80fa elementor-widget elementor-widget-image\" data-id=\"c2a80fa\" data-element_type=\"widget\" data-widget_type=\"image.default\">\n\t\t\t\t\t\t\t\t\t\t\t\t<figure class=\"wp-caption\">\n\t\t\t\t\t\t\t\t\t\t<img loading=\"lazy\" decoding=\"async\" width=\"650\" height=\"488\" src=\"https:\/\/lori.hr\/wp-content\/uploads\/2023\/04\/ZajednouljubaviIDAHOBITmala.jpg\" class=\"attachment-large size-large wp-image-4690\" alt=\"\" srcset=\"https:\/\/lori.hr\/wp-content\/uploads\/2023\/04\/ZajednouljubaviIDAHOBITmala.jpg 650w, https:\/\/lori.hr\/wp-content\/uploads\/2023\/04\/ZajednouljubaviIDAHOBITmala-300x225.jpg 300w\" sizes=\"auto, (max-width: 650px) 100vw, 650px\" \/>\t\t\t\t\t\t\t\t\t\t\t<figcaption class=\"widget-image-caption wp-caption-text\">Slika 1. Peri\u0161, J., Cicvari\u0107, A., Gali\u0107, V., i Ra\u0111a, V. (2017.). Zajedno u ljubavi. Ud\u017ebenik za katoli\u010dki vjeronauk sedmoga razreda osnovne \u0161kole. Zagreb: Kr\u0161\u0107anska sada\u0161njost, str. 57<\/figcaption>\n\t\t\t\t\t\t\t\t\t\t<\/figure>\n\t\t\t\t\t\t\t\t\t<\/div>\n\t\t\t\t<\/div>\n\t\t<div class=\"elementor-element elementor-element-aad0e17 e-con-full e-flex e-con e-parent\" data-id=\"aad0e17\" data-element_type=\"container\">\n\t\t\t\t<div class=\"elementor-element elementor-element-bb3c5c9 elementor-widget elementor-widget-text-editor\" data-id=\"bb3c5c9\" data-element_type=\"widget\" data-widget_type=\"text-editor.default\">\n\t\t\t\t\t\t\t\t\t<p><strong>Croatia<\/strong>\u00a0also recognises the importance of human rights protection and provides legislative protection against various forms of discrimination, while there is also an effort to promote human rights through school curricula.<\/p><p>The National Framework Curriculum (2010) emphasizes the importance of human rights discourse, yet only in the form of cross-curricular topics, which due to the significant amount of compulsory teaching content fail to be implemented at satisfactory levels.<\/p><p>The report\u00a0<a href=\"https:\/\/www.kucaljudskihprava.hr\/wp-content\/uploads\/2020\/04\/KLJP_godisnjeIzvjesce2019_web.pdf\" target=\"_blank\" rel=\"noopener\">Human Rights in Croatia: Overview of 2019<\/a>(Human Rights House Zagreb) points out that a new curriculum for the cross-curricular topic\u00a0<em>Health<\/em>\u00a0\u201cdoes not mention gender stereotypes, gender equality, LGBTIQ topics, issues of respect for diversity and tolerance of sexual minorities or promotion of positive attitudes towards sexuality\u201d.<\/p>\t\t\t\t\t\t\t\t<\/div>\n\t\t\t\t<\/div>\n\t\t\t\t\t<\/div>\n\t\t\t\t<\/div>\n\t\t<div class=\"elementor-element elementor-element-ca6c27d e-flex e-con-boxed e-con e-parent\" data-id=\"ca6c27d\" data-element_type=\"container\">\n\t\t\t\t\t<div class=\"e-con-inner\">\n\t\t\t\t<div class=\"elementor-element elementor-element-43ffe5b elementor-widget elementor-widget-text-editor\" data-id=\"43ffe5b\" data-element_type=\"widget\" data-widget_type=\"text-editor.default\">\n\t\t\t\t\t\t\t\t\t<p>Zagreb Pride (2018) in the\u00a0<a href=\"http:\/\/www.zagreb-pride.net\/new\/wp-content\/uploads\/2019\/02\/ZG_pride_rozi_megafon_14-17-270_web.pdf?fbclid=IwAR22Se8W__juuaRadcfLq3UmjTF-dMHn_yrnfI1Z5z5jeYzNTL4diaxEGMk\" target=\"_blank\" rel=\"noopener\">Report on the Human Rights of LGBTIQ Persons in Croatia 2014-2017\u00a0<\/a>warns that \u201cdespite the legal prohibition of discrimination against LGBTIQ persons, and given the non-implementation of plans aimed at reducing homophobia, biphobia and transphobia in the education system, basic knowledge and attitudes towards LGBTIQ people are formed primarily within religious education, which, unlike health education and civic education, is systematically implemented in public schools \u201d. In the religious education textbook\u00a0<em>Together in Love - Textbook for Catholic religious education of the seventh grade of primary school -<\/em>\u00a0inappropriate and humiliating content is present, where same-sex orientation is mentioned right next to rape and pedophilia.<\/p>\t\t\t\t\t\t\t\t<\/div>\n\t\t\t\t<div class=\"elementor-element elementor-element-02f5b53 elementor-widget elementor-widget-text-editor\" data-id=\"02f5b53\" data-element_type=\"widget\" data-widget_type=\"text-editor.default\">\n\t\t\t\t\t\t\t\t\t<p>Research at national level (<a href=\"https:\/\/lori.hr\/en\/procjena-potreba\/\" target=\"_blank\" rel=\"noopener\">LORI<\/a>, 2007.; Bagi\u0107 i Gvozdani\u0107, 2015.;\u00a0<a href=\"http:\/\/www.zagreb-pride.net\/new\/wp-content\/uploads\/2016\/01\/brutalna_stvarnost_hr_web.pdf\" target=\"_blank\" rel=\"noopener\">Zagreb Pride<\/a>, 2013.) affirms that\u00a0<strong>homo\/bi\/transphobia<\/strong>\u00a0contributes to\u00a0<strong>violence against LGBTI persons<\/strong>\u00a0are among key issues in the Croatian society, which further indicates the necessity of adequate inclusion of human rights content and LGBTIQ topics in school curricula.\u00a0<a href=\"https:\/\/www.crol.hr\/images\/kulis_petrovic_1.pdf\" target=\"_blank\" rel=\"noopener\">The research<\/a>\u00a0by Kuli\u0161 and Petrovi\u0107 (2018) examined the connection between certain educational factors and attitudes of high school students about people of the same-sex orientation. The results of this research have indicated that 50% of high school students attending final grade consider same-sex orientation to be a form of disorder or disease.<\/p><p>It is undeniable that various forms of homo\/bi\/transphobia leave\u00a0<strong>immediate and long-term consequences<\/strong>\u00a0on the psychosocial health of LGBTI youth. LGBTI persons are victims of emotional, verbal and physical violence and also live in fear of possible attacks or rejection. In facing these problems, LGBTI youngsters deal with depression, anxiety, fears and feelings of anger - while generally they do not seek help from teachers because of the fear of further condemnation, and their particular vulnerability is reflected in the fact that they often do not have support of their families.<\/p><p>If we consider all of the above, can we really claim that the Croatian educational system educates young persons to respect human rights and freedoms of all people equally? It would also be worth considering whether Croatian schools are really places of safety and support for all students.<\/p>\t\t\t\t\t\t\t\t<\/div>\n\t\t\t\t<div class=\"elementor-element elementor-element-37baf69 elementor-widget elementor-widget-heading\" data-id=\"37baf69\" data-element_type=\"widget\" data-widget_type=\"heading.default\">\n\t\t\t\t\t<h3 class=\"elementor-heading-title elementor-size-default\">LET\u2019S MAKE EDUCATION SAFE AND INCLUSIVE!<\/h3>\t\t\t\t<\/div>\n\t\t\t\t\t<\/div>\n\t\t\t\t<\/div>\n\t\t<div class=\"elementor-element elementor-element-ec34f56 e-flex e-con-boxed e-con e-parent\" data-id=\"ec34f56\" data-element_type=\"container\">\n\t\t\t\t\t<div class=\"e-con-inner\">\n\t\t<div class=\"elementor-element elementor-element-c6ee2c2 e-con-full e-flex e-con e-parent\" data-id=\"c6ee2c2\" data-element_type=\"container\">\n\t\t\t\t<div class=\"elementor-element elementor-element-a036274 elementor-widget elementor-widget-video\" data-id=\"a036274\" data-element_type=\"widget\" data-settings=\"{&quot;youtube_url&quot;:&quot;https:\\\/\\\/youtu.be\\\/Y3XBbfmuP6M&quot;,&quot;video_type&quot;:&quot;youtube&quot;,&quot;controls&quot;:&quot;yes&quot;}\" data-widget_type=\"video.default\">\n\t\t\t\t\t\t\t<div class=\"elementor-wrapper elementor-open-inline\">\n\t\t\t<div class=\"elementor-video\"><\/div>\t\t<\/div>\n\t\t\t\t\t\t<\/div>\n\t\t\t\t<\/div>\n\t\t<div class=\"elementor-element elementor-element-ec27af8 e-con-full e-flex e-con e-parent\" data-id=\"ec27af8\" data-element_type=\"container\">\n\t\t\t\t<\/div>\n\t\t\t\t\t<\/div>\n\t\t\t\t<\/div>\n\t\t<div class=\"elementor-element elementor-element-c184445 e-flex e-con-boxed e-con e-parent\" data-id=\"c184445\" data-element_type=\"container\">\n\t\t\t\t\t<div class=\"e-con-inner\">\n\t\t\t\t<div class=\"elementor-element elementor-element-ddf9e64 elementor-widget elementor-widget-text-editor\" data-id=\"ddf9e64\" data-element_type=\"widget\" data-widget_type=\"text-editor.default\">\n\t\t\t\t\t\t\t\t\t<p><em>The text was created as part of the\u00a0<\/em><a href=\"https:\/\/www.youtube.com\/results?search_query=%23LORIIDAHOBIT2020\" target=\"_blank\" rel=\"noopener\"><em>#LORIIDAHOBIT2020<\/em><\/a><em>\u00a0campaign with the aim of informing the public about the situation of LGBTI youth in the Croatian educational system and the importance of education on LGBTIQ topics in schools. The campaign includes a series of video testimonies of LGBTI youngsters talking about their experiences during formal education, and informative articles on issues of homophobia, biphobia and transphobia in education. The campaign is created by second-year graduate students of pedagogy at FFRi, Antonela Pribani\u0107 and Tea Stani\u010di\u0107, as part of their practice, in collaboration with mentors from the NGO LORI.<\/em><\/p>\t\t\t\t\t\t\t\t<\/div>\n\t\t\t\t<div class=\"elementor-element elementor-element-c93b48a elementor-widget elementor-widget-spacer\" data-id=\"c93b48a\" data-element_type=\"widget\" data-widget_type=\"spacer.default\">\n\t\t\t\t\t\t\t<div class=\"elementor-spacer\">\n\t\t\t<div class=\"elementor-spacer-inner\"><\/div>\n\t\t<\/div>\n\t\t\t\t\t\t<\/div>\n\t\t\t\t\t<\/div>\n\t\t\t\t<\/div>\n\t\t\t\t<\/div>","protected":false},"excerpt":{"rendered":"<p>Za\u0161to je va\u017ena edukacija o LGBTIQ temama u \u0161kolama? \u0160kola\u00a0je jedno od klju\u010dnih socijalizacijskih okru\u017eenja u kojem djeca i mladi razvijaju svoje kompetencije i uspostavljaju odnose s vr\u0161njacima i odraslima. Kako bi u tome bili uspje\u0161ni,\u00a0neophodno je da \u0161kole budu mjesta koja su sigurna, poticajna i podr\u017eavaju\u0107a. To je posebno izazovno kada govorimo o mladim &hellip;<\/p>\n<p class=\"read-more\"> <a class=\"\" href=\"https:\/\/lori.hr\/en\/zasto-je-vazna-edukacija-o-lgbtiq-temama-u-skolama\/\"> <span class=\"screen-reader-text\">Why is education on LGBTIQ topics in schools important?<\/span> Read More \u00bb<\/a><\/p>","protected":false},"author":1,"featured_media":0,"parent":0,"menu_order":0,"comment_status":"closed","ping_status":"closed","template":"","meta":{"_uag_custom_page_level_css":"","site-sidebar-layout":"no-sidebar","site-content-layout":"page-builder","ast-site-content-layout":"","site-content-style":"default","site-sidebar-style":"default","ast-global-header-display":"","ast-banner-title-visibility":"","ast-main-header-display":"","ast-hfb-above-header-display":"","ast-hfb-below-header-display":"","ast-hfb-mobile-header-display":"","site-post-title":"disabled","ast-breadcrumbs-content":"","ast-featured-img":"disabled","footer-sml-layout":"","theme-transparent-header-meta":"","adv-header-id-meta":"","stick-header-meta":"","header-above-stick-meta":"","header-main-stick-meta":"","header-below-stick-meta":"","astra-migrate-meta-layouts":"","footnotes":""},"class_list":["post-4688","page","type-page","status-publish","hentry"],"uagb_featured_image_src":{"full":false,"thumbnail":false,"medium":false,"medium_large":false,"large":false,"1536x1536":false,"2048x2048":false,"trp-custom-language-flag":false},"uagb_author_info":{"display_name":"LORI","author_link":"https:\/\/lori.hr\/en\/author\/ikenji\/"},"uagb_comment_info":0,"uagb_excerpt":"Za\u0161to je va\u017ena edukacija o LGBTIQ temama u \u0161kolama? \u0160kola\u00a0je jedno od klju\u010dnih socijalizacijskih okru\u017eenja u kojem djeca i mladi razvijaju svoje kompetencije i uspostavljaju odnose s vr\u0161njacima i odraslima. Kako bi u tome bili uspje\u0161ni,\u00a0neophodno je da \u0161kole budu mjesta koja su sigurna, poticajna i podr\u017eavaju\u0107a. To je posebno izazovno kada govorimo o mladim&hellip;","_links":{"self":[{"href":"https:\/\/lori.hr\/en\/wp-json\/wp\/v2\/pages\/4688","targetHints":{"allow":["GET"]}}],"collection":[{"href":"https:\/\/lori.hr\/en\/wp-json\/wp\/v2\/pages"}],"about":[{"href":"https:\/\/lori.hr\/en\/wp-json\/wp\/v2\/types\/page"}],"author":[{"embeddable":true,"href":"https:\/\/lori.hr\/en\/wp-json\/wp\/v2\/users\/1"}],"replies":[{"embeddable":true,"href":"https:\/\/lori.hr\/en\/wp-json\/wp\/v2\/comments?post=4688"}],"version-history":[{"count":7,"href":"https:\/\/lori.hr\/en\/wp-json\/wp\/v2\/pages\/4688\/revisions"}],"predecessor-version":[{"id":4701,"href":"https:\/\/lori.hr\/en\/wp-json\/wp\/v2\/pages\/4688\/revisions\/4701"}],"wp:attachment":[{"href":"https:\/\/lori.hr\/en\/wp-json\/wp\/v2\/media?parent=4688"}],"curies":[{"name":"wp","href":"https:\/\/api.w.org\/{rel}","templated":true}]}}