{"id":4702,"date":"2023-04-15T13:24:47","date_gmt":"2023-04-15T11:24:47","guid":{"rendered":"https:\/\/lori.hr\/?page_id=4702"},"modified":"2023-04-15T13:29:35","modified_gmt":"2023-04-15T11:29:35","slug":"pogrdan-govor-i-nasilje-nad-lgbti-mladima-u-skolama","status":"publish","type":"page","link":"https:\/\/lori.hr\/en\/pogrdan-govor-i-nasilje-nad-lgbti-mladima-u-skolama\/","title":{"rendered":"Defamatory speech and violence against the LGBTI youth in schools"},"content":{"rendered":"<div data-elementor-type=\"wp-page\" data-elementor-id=\"4702\" class=\"elementor elementor-4702\" data-elementor-post-type=\"page\">\n\t\t\t\t<div class=\"elementor-element elementor-element-0c31bb5 navboja e-flex e-con-boxed e-con e-parent\" data-id=\"0c31bb5\" data-element_type=\"container\" data-settings=\"{&quot;background_background&quot;:&quot;classic&quot;}\">\n\t\t\t\t\t<div class=\"e-con-inner\">\n\t\t\t\t<div class=\"elementor-element elementor-element-a912f05 elementor-widget elementor-widget-spacer\" data-id=\"a912f05\" data-element_type=\"widget\" data-widget_type=\"spacer.default\">\n\t\t\t\t\t\t\t<div class=\"elementor-spacer\">\n\t\t\t<div class=\"elementor-spacer-inner\"><\/div>\n\t\t<\/div>\n\t\t\t\t\t\t<\/div>\n\t\t\t\t\t<\/div>\n\t\t\t\t<\/div>\n\t\t<div class=\"elementor-element elementor-element-837b561 e-flex e-con-boxed e-con e-parent\" data-id=\"837b561\" data-element_type=\"container\">\n\t\t\t\t\t<div class=\"e-con-inner\">\n\t\t\t\t<div class=\"elementor-element elementor-element-cc2ac77 elementor-widget elementor-widget-spacer\" data-id=\"cc2ac77\" data-element_type=\"widget\" data-widget_type=\"spacer.default\">\n\t\t\t\t\t\t\t<div class=\"elementor-spacer\">\n\t\t\t<div class=\"elementor-spacer-inner\"><\/div>\n\t\t<\/div>\n\t\t\t\t\t\t<\/div>\n\t\t\t\t<div class=\"elementor-element elementor-element-8582d7b elementor-widget elementor-widget-heading\" data-id=\"8582d7b\" data-element_type=\"widget\" data-widget_type=\"heading.default\">\n\t\t\t\t\t<h1 class=\"elementor-heading-title elementor-size-default\">Defamatory speech and violence against the LGBTI youth in schools<\/h1>\t\t\t\t<\/div>\n\t\t\t\t<div class=\"elementor-element elementor-element-c73cf84 elementor-widget-divider--view-line elementor-widget elementor-widget-divider\" data-id=\"c73cf84\" data-element_type=\"widget\" data-widget_type=\"divider.default\">\n\t\t\t\t\t\t\t<div class=\"elementor-divider\">\n\t\t\t<span class=\"elementor-divider-separator\">\n\t\t\t\t\t\t<\/span>\n\t\t<\/div>\n\t\t\t\t\t\t<\/div>\n\t\t\t\t<div class=\"elementor-element elementor-element-7d8db82 elementor-widget elementor-widget-spacer\" data-id=\"7d8db82\" data-element_type=\"widget\" data-widget_type=\"spacer.default\">\n\t\t\t\t\t\t\t<div class=\"elementor-spacer\">\n\t\t\t<div class=\"elementor-spacer-inner\"><\/div>\n\t\t<\/div>\n\t\t\t\t\t\t<\/div>\n\t\t\t\t\t<\/div>\n\t\t\t\t<\/div>\n\t\t<div class=\"elementor-element elementor-element-44f7cf1 e-flex e-con-boxed e-con e-parent\" data-id=\"44f7cf1\" data-element_type=\"container\">\n\t\t\t\t\t<div class=\"e-con-inner\">\n\t\t<div class=\"elementor-element elementor-element-559784d e-con-full e-flex e-con e-parent\" data-id=\"559784d\" data-element_type=\"container\">\n\t\t\t\t<div class=\"elementor-element elementor-element-b398441 elementor-widget elementor-widget-image\" data-id=\"b398441\" data-element_type=\"widget\" data-widget_type=\"image.default\">\n\t\t\t\t\t\t\t\t\t\t\t\t\t\t\t<img loading=\"lazy\" decoding=\"async\" width=\"700\" height=\"416\" src=\"https:\/\/lori.hr\/wp-content\/uploads\/2023\/04\/PogrdanGovor.jpg\" class=\"attachment-large size-large wp-image-4704\" alt=\"\" srcset=\"https:\/\/lori.hr\/wp-content\/uploads\/2023\/04\/PogrdanGovor.jpg 700w, https:\/\/lori.hr\/wp-content\/uploads\/2023\/04\/PogrdanGovor-300x178.jpg 300w\" sizes=\"auto, (max-width: 700px) 100vw, 700px\" \/>\t\t\t\t\t\t\t\t\t\t\t\t\t\t\t<\/div>\n\t\t\t\t<\/div>\n\t\t<div class=\"elementor-element elementor-element-d039058 e-con-full e-flex e-con e-parent\" data-id=\"d039058\" data-element_type=\"container\">\n\t\t\t\t<div class=\"elementor-element elementor-element-fc80e66 elementor-widget elementor-widget-text-editor\" data-id=\"fc80e66\" data-element_type=\"widget\" data-widget_type=\"text-editor.default\">\n\t\t\t\t\t\t\t\t\t<p>LGBTI persons face discrimination and violence in various areas of social life, including the education system. Preliminary results of the\u00a0<a href=\"http:\/\/www.zagreb-pride.net\/hr\/preliminarni-rezultati-terenskog-istrazivanja-zagreb-pridea-izlazak-iz-tisine-u-hrvatskoj-i-dalje-obiljezen-strahom-od-nasilja-i-diskriminacije\/?fbclid=IwAR0vi2irz9WKddVh64UYzADcfrBizSP48KJZflqhCdnqSREcywqowD15f78\" target=\"_blank\" rel=\"noopener\">Survey on the Experience of Discrimination, Hate Crimes and Violence against LGBTIQ Persons in Croatia<\/a> (Zagreb Pride, 2019) confirm that more than 60% of respondents experienced discrimination at school, at work or in contact with state institutions such as the police, judiciary and health in the period from 2013 to 2019.<\/p><p>A growing problem in schools is\u00a0<strong>homo\/bi\/transphobic violence<\/strong>, i.e. behavior and\/or speech that causes a young person to feel undesirable or marginalized due to presumed or actual sexual orientation, gender identity or expression.\u00a0<\/p>\t\t\t\t\t\t\t\t<\/div>\n\t\t\t\t<\/div>\n\t\t\t\t\t<\/div>\n\t\t\t\t<\/div>\n\t\t<div class=\"elementor-element elementor-element-6aff2a9 e-flex e-con-boxed e-con e-parent\" data-id=\"6aff2a9\" data-element_type=\"container\">\n\t\t\t\t\t<div class=\"e-con-inner\">\n\t\t\t\t<div class=\"elementor-element elementor-element-081d1e5 elementor-widget elementor-widget-text-editor\" data-id=\"081d1e5\" data-element_type=\"widget\" data-widget_type=\"text-editor.default\">\n\t\t\t\t\t\t\t\t\t<p><strong>Almost a third of students<\/strong>\u00a0<strong>in Croatian schools<\/strong>\u00a0commit this type of violence against their peers (Hod\u017ei\u0107 and Bijeli\u0107, 2012). Discrimination and violence in schools take different forms: from peer verbal and physical abuse, insulting or humiliating LGBTIQ students, to perpetuating prejudice in the curriculum, and denying access to information about sexuality and sexual health.<\/p><p>A frequent form of violence in schools is\u00a0<strong>defamatory speech<\/strong>\u00a0and\u00a0<strong>hate speech<\/strong>, which is sometimes neglected or not taken seriously, while it leaves negative consequences on young person's self-confidence and self-image. Also, increasingly often is defamatory speech experienced\u00a0<em>online<\/em>\u00a0\u2013 in which case this is\u00a0<strong>cyber bullying<\/strong>. Cyber bullying is much harder to detect, which is why the LGBTI youth is exposed to violence not only in schools, but also after school, in their homes. A common example of violence on social media is when an LGBTIQ student is threatened with public disclosure of their identity, and sometimes the threat is followed by blackmail for a \u201ccounter-service\u201d that will prevent the public disclosure from happening.<\/p><p>Many youngsters are often called derogatory names, and rumors about their sexual orientation and\/or gender identity are deliberately spread. There are numerous terms referring to LGBTI people, and usage of these terms is motivated by hatred, ignorance, mockery, and misunderstanding. Derogatory names such as\u00a0<em>peder<\/em>,\u00a0<em>pederko<\/em>,\u00a0<em>peder\u010dina<\/em>,\u00a0<em>homi\u0107<\/em>,\u00a0<em>topli brat (all derogatory terms for gay men, eng. fagot)<\/em>,\u00a0<em>tranzi\u0107 (derogatory term for a trans person, eng. tranny)<\/em>,\u00a0<em>lezba\u010da (derogatory term for a lesbian, eng. dyke)<\/em>\u00a0are used to portray LGBTI people as deranged or sick. Insults such as\u00a0<em>What kind of fagot bag is that? Did you cut your hair short because you are a lesbian? Don't hug here like fagots!<\/em>\u00a0<em>There is no place for fagots like you here!<\/em>\u00a0can often be heard at schools. These, and many others, have a negative impact on LGBTI youth. Such discriminatory language insults, causes pain and a feeling of inferiority in a person who suffers violence.<\/p><p>Facing mockery, insults and threats on a daily basis leads to feelings of isolation, depression, dropping out of school, and even suicide. LGBTI youth often cannot turn to their parents for help because they fear rejection, condemnation, and lack of understanding. If a young person who suffered abuse decides to seek help and support at school, sometimes the teaching and professional staff does not react adequately, due to lack of education and their own homo\/bi\/transphobic attitudes. We are familiar with an example where one gay student suffered continuous violence from his peers because of his sexual orientation, and it was especially intensified after he came out (openly said he was gay). He turned for help to a school's expert, but they further discriminated him, claiming that it was \"too early to be gay\", and the principal tried to cover up the situation.<\/p><p>Violence, defamatory speech and hate speech usually go unreported precisely because of students' fear of a homophobic reaction from the person they turn to for help. There is no system of adequate psychosocial support for LGBTI youth in the Croatian education system. Professional staff are not sufficiently educated on homo\/bi\/transphobic violence, and often they themselves have prejudices against LGBTI people, which hinders the provision of adequate support. The lack of a comprehensive approach to combating homo\/bi\/transphobia in the education system has been highlighted by LGBTIQ organizations, ombuds institutions and international institutions over the years, but there is still no clear strategy for state institutions to address this issue.<\/p><p>Growing up is generally a very sensitive life period for all young people. In addition to the usual challenges of growing up, LGBTI youngsters face rejection, discrimination and violence in the school environment. Schools play an important role in creating a society in which all persons will treat others with respect. In order for schools to successfully address the problem of defamatory speech and violence against LGBTI youth - knowledge on how to\u00a0<strong>recognize\u00a0<\/strong>such violence, work on its\u00a0<strong>prevention<\/strong>\u00a0and have an\u00a0<strong>effective system of action<\/strong>\u00a0when it occurs in schools - is necessary (<a href=\"https:\/\/lori.hr\/en\/images\/stories\/download\/Smjernice-LORI-2016.pdf\/\" target=\"_blank\" rel=\"noopener\">Guidelines for combatting homophobia and transphobia and peer violence based on sexual orientation and gender identity in schools<\/a>, LORI, 2016). This will only be fully possible once a\u00a0<strong>comprehensive strategy<\/strong>\u00a0to combat homo\/bi\/transphobic violence in schools is implemented at the national level, and national programs and school policies are improved to ensure the right to education without discrimination based on sexual orientation and\/or gender identity and expression.<\/p>\t\t\t\t\t\t\t\t<\/div>\n\t\t\t\t<div class=\"elementor-element elementor-element-c981789 elementor-widget elementor-widget-heading\" data-id=\"c981789\" data-element_type=\"widget\" data-widget_type=\"heading.default\">\n\t\t\t\t\t<h2 class=\"elementor-heading-title elementor-size-default\">LET\u2019S MAKE EDUCATION SAFE AND INCLUSIVE!<\/h2>\t\t\t\t<\/div>\n\t\t\t\t\t<\/div>\n\t\t\t\t<\/div>\n\t\t<div class=\"elementor-element elementor-element-b89279f e-flex e-con-boxed e-con e-parent\" data-id=\"b89279f\" data-element_type=\"container\">\n\t\t\t\t\t<div class=\"e-con-inner\">\n\t\t<div class=\"elementor-element elementor-element-66ac802 e-con-full e-flex e-con e-parent\" data-id=\"66ac802\" data-element_type=\"container\">\n\t\t\t\t<div class=\"elementor-element elementor-element-9aac49b elementor-widget elementor-widget-video\" data-id=\"9aac49b\" data-element_type=\"widget\" data-settings=\"{&quot;youtube_url&quot;:&quot;https:\\\/\\\/youtu.be\\\/h647sie2F4s&quot;,&quot;lazy_load&quot;:&quot;yes&quot;,&quot;video_type&quot;:&quot;youtube&quot;,&quot;controls&quot;:&quot;yes&quot;}\" data-widget_type=\"video.default\">\n\t\t\t\t\t\t\t<div class=\"elementor-wrapper elementor-open-inline\">\n\t\t\t<div class=\"elementor-video\"><\/div>\t\t<\/div>\n\t\t\t\t\t\t<\/div>\n\t\t\t\t<\/div>\n\t\t<div class=\"elementor-element elementor-element-3872cbc e-con-full e-flex e-con e-parent\" data-id=\"3872cbc\" data-element_type=\"container\">\n\t\t\t\t<\/div>\n\t\t\t\t\t<\/div>\n\t\t\t\t<\/div>\n\t\t<div class=\"elementor-element elementor-element-88429ba e-flex e-con-boxed e-con e-parent\" data-id=\"88429ba\" data-element_type=\"container\">\n\t\t\t\t\t<div class=\"e-con-inner\">\n\t\t\t\t<div class=\"elementor-element elementor-element-99de9e1 elementor-widget elementor-widget-text-editor\" data-id=\"99de9e1\" data-element_type=\"widget\" data-widget_type=\"text-editor.default\">\n\t\t\t\t\t\t\t\t\t<p><em>The text was created as part of the\u00a0<\/em><a href=\"https:\/\/www.youtube.com\/results?search_query=%23LORIIDAHOBIT2020\" target=\"_blank\" rel=\"noopener\"><em>#LORIIDAHOBIT2020<\/em><\/a><em>\u00a0campaign with the aim of informing the public about the situation of LGBTI youth in the Croatian educational system and the importance of education on LGBTIQ topics in schools. The campaign includes a series of video testimonies of LGBTI youngsters talking about their experiences during formal education, and informative articles on issues of homophobia, biphobia and transphobia in education.\u00a0<\/em><em>The campaign is created by second-year graduate students of pedagogy at FFRi, Antonela Pribani\u0107 and Tea Stani\u010di\u0107, as part of their practice, in collaboration with mentors from the NGO LORI.<\/em><\/p>\t\t\t\t\t\t\t\t<\/div>\n\t\t\t\t<div class=\"elementor-element elementor-element-40194af elementor-widget elementor-widget-spacer\" data-id=\"40194af\" data-element_type=\"widget\" data-widget_type=\"spacer.default\">\n\t\t\t\t\t\t\t<div class=\"elementor-spacer\">\n\t\t\t<div class=\"elementor-spacer-inner\"><\/div>\n\t\t<\/div>\n\t\t\t\t\t\t<\/div>\n\t\t\t\t\t<\/div>\n\t\t\t\t<\/div>\n\t\t\t\t<\/div>","protected":false},"excerpt":{"rendered":"<p>Pogrdan govor i nasilje nad LGBTI mladima u \u0161kolama Diskriminacija i nasilje nad LGBTI osobama doga\u0111aju se u razli\u010ditim podru\u010djima dru\u0161tvenog \u017eivota uklju\u010duju\u0107i i odgojno-obrazovni sustav. Preliminarni rezultati\u00a0Istra\u017eivanja o iskustvu diskriminacije, zlo\u010dina iz mr\u017enje i nasilja prema LGBTIQ osobama u Hrvatskoj (Zagreb Pride, 2019.)\u00a0potvr\u0111uju da je vi\u0161e od 60% ispitanih do\u017eivjelo diskriminaciju u \u0161koli, na &hellip;<\/p>\n<p class=\"read-more\"> <a class=\"\" href=\"https:\/\/lori.hr\/en\/pogrdan-govor-i-nasilje-nad-lgbti-mladima-u-skolama\/\"> <span class=\"screen-reader-text\">Defamatory speech and violence against the LGBTI youth in schools<\/span> Read More \u00bb<\/a><\/p>","protected":false},"author":1,"featured_media":0,"parent":0,"menu_order":0,"comment_status":"closed","ping_status":"closed","template":"","meta":{"_uag_custom_page_level_css":"","site-sidebar-layout":"no-sidebar","site-content-layout":"page-builder","ast-site-content-layout":"","site-content-style":"default","site-sidebar-style":"default","ast-global-header-display":"","ast-banner-title-visibility":"","ast-main-header-display":"","ast-hfb-above-header-display":"","ast-hfb-below-header-display":"","ast-hfb-mobile-header-display":"","site-post-title":"disabled","ast-breadcrumbs-content":"","ast-featured-img":"disabled","footer-sml-layout":"","theme-transparent-header-meta":"","adv-header-id-meta":"","stick-header-meta":"","header-above-stick-meta":"","header-main-stick-meta":"","header-below-stick-meta":"","astra-migrate-meta-layouts":"","footnotes":""},"class_list":["post-4702","page","type-page","status-publish","hentry"],"uagb_featured_image_src":{"full":false,"thumbnail":false,"medium":false,"medium_large":false,"large":false,"1536x1536":false,"2048x2048":false,"trp-custom-language-flag":false},"uagb_author_info":{"display_name":"LORI","author_link":"https:\/\/lori.hr\/en\/author\/ikenji\/"},"uagb_comment_info":0,"uagb_excerpt":"Pogrdan govor i nasilje nad LGBTI mladima u \u0161kolama Diskriminacija i nasilje nad LGBTI osobama doga\u0111aju se u razli\u010ditim podru\u010djima dru\u0161tvenog \u017eivota uklju\u010duju\u0107i i odgojno-obrazovni sustav. Preliminarni rezultati\u00a0Istra\u017eivanja o iskustvu diskriminacije, zlo\u010dina iz mr\u017enje i nasilja prema LGBTIQ osobama u Hrvatskoj (Zagreb Pride, 2019.)\u00a0potvr\u0111uju da je vi\u0161e od 60% ispitanih do\u017eivjelo diskriminaciju u \u0161koli, na&hellip;","_links":{"self":[{"href":"https:\/\/lori.hr\/en\/wp-json\/wp\/v2\/pages\/4702","targetHints":{"allow":["GET"]}}],"collection":[{"href":"https:\/\/lori.hr\/en\/wp-json\/wp\/v2\/pages"}],"about":[{"href":"https:\/\/lori.hr\/en\/wp-json\/wp\/v2\/types\/page"}],"author":[{"embeddable":true,"href":"https:\/\/lori.hr\/en\/wp-json\/wp\/v2\/users\/1"}],"replies":[{"embeddable":true,"href":"https:\/\/lori.hr\/en\/wp-json\/wp\/v2\/comments?post=4702"}],"version-history":[{"count":4,"href":"https:\/\/lori.hr\/en\/wp-json\/wp\/v2\/pages\/4702\/revisions"}],"predecessor-version":[{"id":4707,"href":"https:\/\/lori.hr\/en\/wp-json\/wp\/v2\/pages\/4702\/revisions\/4707"}],"wp:attachment":[{"href":"https:\/\/lori.hr\/en\/wp-json\/wp\/v2\/media?parent=4702"}],"curies":[{"name":"wp","href":"https:\/\/api.w.org\/{rel}","templated":true}]}}