{"id":4708,"date":"2023-04-15T13:32:19","date_gmt":"2023-04-15T11:32:19","guid":{"rendered":"https:\/\/lori.hr\/?page_id=4708"},"modified":"2023-04-15T13:40:00","modified_gmt":"2023-04-15T11:40:00","slug":"prisiljenost-mladih-na-skrivanje-lgbti-identiteta","status":"publish","type":"page","link":"https:\/\/lori.hr\/en\/prisiljenost-mladih-na-skrivanje-lgbti-identiteta\/","title":{"rendered":"Coercion of young persons into hiding their LGBTI identity"},"content":{"rendered":"<div data-elementor-type=\"wp-page\" data-elementor-id=\"4708\" class=\"elementor elementor-4708\" data-elementor-post-type=\"page\">\n\t\t\t\t<div class=\"elementor-element elementor-element-d378ac7 navboja e-flex e-con-boxed e-con e-parent\" data-id=\"d378ac7\" data-element_type=\"container\" data-settings=\"{&quot;background_background&quot;:&quot;classic&quot;}\">\n\t\t\t\t\t<div class=\"e-con-inner\">\n\t\t\t\t<div class=\"elementor-element elementor-element-12f44c3 elementor-widget elementor-widget-spacer\" data-id=\"12f44c3\" data-element_type=\"widget\" data-widget_type=\"spacer.default\">\n\t\t\t\t\t\t\t<div class=\"elementor-spacer\">\n\t\t\t<div class=\"elementor-spacer-inner\"><\/div>\n\t\t<\/div>\n\t\t\t\t\t\t<\/div>\n\t\t\t\t\t<\/div>\n\t\t\t\t<\/div>\n\t\t<div class=\"elementor-element elementor-element-a08b303 e-flex e-con-boxed e-con e-parent\" data-id=\"a08b303\" data-element_type=\"container\">\n\t\t\t\t\t<div class=\"e-con-inner\">\n\t\t\t\t<div class=\"elementor-element elementor-element-050348e elementor-widget elementor-widget-spacer\" data-id=\"050348e\" data-element_type=\"widget\" data-widget_type=\"spacer.default\">\n\t\t\t\t\t\t\t<div class=\"elementor-spacer\">\n\t\t\t<div class=\"elementor-spacer-inner\"><\/div>\n\t\t<\/div>\n\t\t\t\t\t\t<\/div>\n\t\t\t\t<div class=\"elementor-element elementor-element-8137664 elementor-widget elementor-widget-heading\" data-id=\"8137664\" data-element_type=\"widget\" data-widget_type=\"heading.default\">\n\t\t\t\t\t<h1 class=\"elementor-heading-title elementor-size-default\">Coercion of young persons into hiding their LGBTI identity<\/h1>\t\t\t\t<\/div>\n\t\t\t\t<div class=\"elementor-element elementor-element-52a8efc elementor-widget-divider--view-line elementor-widget elementor-widget-divider\" data-id=\"52a8efc\" data-element_type=\"widget\" data-widget_type=\"divider.default\">\n\t\t\t\t\t\t\t<div class=\"elementor-divider\">\n\t\t\t<span class=\"elementor-divider-separator\">\n\t\t\t\t\t\t<\/span>\n\t\t<\/div>\n\t\t\t\t\t\t<\/div>\n\t\t\t\t<div class=\"elementor-element elementor-element-4c56c40 elementor-widget elementor-widget-spacer\" data-id=\"4c56c40\" data-element_type=\"widget\" data-widget_type=\"spacer.default\">\n\t\t\t\t\t\t\t<div class=\"elementor-spacer\">\n\t\t\t<div class=\"elementor-spacer-inner\"><\/div>\n\t\t<\/div>\n\t\t\t\t\t\t<\/div>\n\t\t\t\t\t<\/div>\n\t\t\t\t<\/div>\n\t\t<div class=\"elementor-element elementor-element-7ee283a e-flex e-con-boxed e-con e-parent\" data-id=\"7ee283a\" data-element_type=\"container\">\n\t\t\t\t\t<div class=\"e-con-inner\">\n\t\t<div class=\"elementor-element elementor-element-b9f9752 e-con-full e-flex e-con e-parent\" data-id=\"b9f9752\" data-element_type=\"container\">\n\t\t\t\t<div class=\"elementor-element elementor-element-18e26ed elementor-widget elementor-widget-text-editor\" data-id=\"18e26ed\" data-element_type=\"widget\" data-widget_type=\"text-editor.default\">\n\t\t\t\t\t\t\t\t\t<p>Due to the fear from violence and rejection, LGBTI persons often hide their sexual orientation, gender identity and\/or expression, which brings along many other problems. Hiding, being constantly on alert, and disrupted social contacts - lead to increased loneliness and stress.<\/p><p>The research\u00a0<a href=\"https:\/\/fra.europa.eu\/en\/data-and-maps\/2020\/lgbti-survey-data-explorer\" target=\"_blank\" rel=\"noopener\">European Union Agency for Fundamental Rights<\/a>\u00a0(2019.) showed that 4% of young people in Croatian schools are open about their LGBTI identity, while 33% are somewhat open\/hiding, and 63% are entirely hiding their sexual identity and\/or gender identity.<\/p><p>Cognition and revelation of one's own sexual orientation and\/or gender identity (to oneself and others) is called\u00a0<strong><em>coming out<\/em><\/strong>. It is a very complex lifelong process in which a person goes through their own identification and decides when and how to reveal their identity to others.\u00a0<\/p>\t\t\t\t\t\t\t\t<\/div>\n\t\t\t\t<\/div>\n\t\t<div class=\"elementor-element elementor-element-67f8ff4 e-con-full e-flex e-con e-parent\" data-id=\"67f8ff4\" data-element_type=\"container\">\n\t\t\t\t<div class=\"elementor-element elementor-element-3c5776d elementor-widget elementor-widget-image\" data-id=\"3c5776d\" data-element_type=\"widget\" data-widget_type=\"image.default\">\n\t\t\t\t\t\t\t\t\t\t\t\t\t\t\t<img loading=\"lazy\" decoding=\"async\" width=\"640\" height=\"427\" src=\"https:\/\/lori.hr\/wp-content\/uploads\/2023\/04\/Equality.jpg\" class=\"attachment-large size-large wp-image-4711\" alt=\"\" srcset=\"https:\/\/lori.hr\/wp-content\/uploads\/2023\/04\/Equality.jpg 640w, https:\/\/lori.hr\/wp-content\/uploads\/2023\/04\/Equality-300x200.jpg 300w\" sizes=\"auto, (max-width: 640px) 100vw, 640px\" \/>\t\t\t\t\t\t\t\t\t\t\t\t\t\t\t<\/div>\n\t\t\t\t<\/div>\n\t\t\t\t\t<\/div>\n\t\t\t\t<\/div>\n\t\t<div class=\"elementor-element elementor-element-97a2e06 e-flex e-con-boxed e-con e-parent\" data-id=\"97a2e06\" data-element_type=\"container\">\n\t\t\t\t\t<div class=\"e-con-inner\">\n\t\t\t\t<div class=\"elementor-element elementor-element-9754e1a elementor-widget elementor-widget-text-editor\" data-id=\"9754e1a\" data-element_type=\"widget\" data-widget_type=\"text-editor.default\">\n\t\t\t\t\t\t\t\t\t<p><em>Coming out<\/em>\u00a0is an act that heterosexual people do not even think about - they\u00a0<em>\"out\"<\/em>\u00a0themselves in all everyday situations, while LGBTI people have to think far more about the possible negative social consequences of their\u00a0<em>outing<\/em>Being openly lesbian, gay, or transgender person often entails greater exposure to social rejection, criticism, violence, and other serious problems.<\/p><p>In the adolescence age, young person's decision on whether to be\u00a0<em>\"out\"<\/em>\u00a0is particularly difficult and sensitive, especially because of the pronounced need for security, support, and sense of belonging to peer groups. Due to \"non-compliance\" with social norms, many LGBTI young people are forced to lead a life in which they do not enjoy all of their rights. Not only do they fear that they will be labelled as\u00a0<em>abnormal<\/em>,\u00a0<em>disturbed<\/em>\u00a0or\u00a0<em>perverted\u00a0<\/em>by their environment, but also many young people fear the negative reactions of their families. In an\u00a0<a href=\"https:\/\/lori.hr\/en\/otvorena-pisma\/\" target=\"_blank\" rel=\"noopener\">open letter<\/a>\u00a0addressed to her parents a girl describes the problems she is facing:\u00a0<em>I hide from the moment I wake up in the morning, I don\u2019t tell you about my dreams even though you ask me, I don\u2019t tell you who I go out with, where I go or whether I have anyone in my life for whom my heart leaps and my whole body trembles\u2026 I fear that you will act like my best friend's parents who kicked him out of the house when they found out. I fear that you won't love me anymore, that you'll kick me out of the house or, as the parents of a girl I know, ban me from leaving the house and beat me up<\/em>.<\/p><p>LGBTI young people, hiding their identity, experience stress during daily, usual situations and face various psychological and emotional problems. For example, when crushes, relationships, and similar adolescent topics are discussed in a group of peers, a young gay or a young lesbian is unlikely to take part in the conversation or will lie about those topics. Although hiding the identity provides some sense of safety to LGBTI youngsters, it also prevents them from growing in a healthy manner.<\/p><p>Young LGBTI persons do not frequently turn to teachers and school professionals for help, fearing further condemnation or lack of understanding. However, precisely the decision to\u00a0<em>come out<\/em>\u00a0is an important topic that LGBTI youngsters tell their teacher or psychologist about. Therefore, these professionals should be sufficiently sensitized to understand that\u00a0<em>coming out<\/em>\u00a0means opening up and talking about one's own identity, not talking about one's sexual preferences or \"the stage a student goes through\" (as a school psychologist said to a gay man, according to his personal story). In the\u00a0<em>coming out<\/em>\u00a0process, appropriate support and feedback which a person receives is extremely important. It is crucial that the teacher\/school professional establishes a trust-based relationship with a LGBTI young person and is aware of their own prejudices or assumptions about the students\u2019 sexual orientation or gender identity\/expression. It is necessary to create a safe environment in which students will be able to talk about their feelings and thoughts, and it is important for the educational staff to be aware of the importance of\u00a0<em>coming out<\/em>, to make this experience to be as positive as it gets for the youngsters (<a href=\"https:\/\/lori.hr\/wp-content\/uploads\/2023\/03\/Prirucnik_2016_LORI.pdf\" target=\"_blank\" rel=\"noopener\">Guide for teachers and school professionals<\/a>, LORI, 2016).<\/p><p><em>Coming out<\/em>\u00a0is a process in which a person gains self-confidence and feels safe enough and ready to share one important part of themselves with their environment. Talking about one's own identity is a liberating process because it allows people to live to the fullest, without pretending. Openness towards others brings relief, contributes to a sense of self-confidence, and ensures a fuller life.\u00a0<em>Outing<\/em>\u00a0is a crucial step that requires courage, while it contributes to making us feel better in our skin, and we develop stronger relationships with others. When it comes to the school environment, it is necessary to create a vibe in which young LGBTI people will feel accepted and safe in order to develop their overall identity with the support of school colleagues, teachers and professional associates.<\/p>\t\t\t\t\t\t\t\t<\/div>\n\t\t\t\t\t<\/div>\n\t\t\t\t<\/div>\n\t\t<div class=\"elementor-element elementor-element-88c36b9 e-flex e-con-boxed e-con e-parent\" data-id=\"88c36b9\" data-element_type=\"container\">\n\t\t\t\t\t<div class=\"e-con-inner\">\n\t\t\t\t<div class=\"elementor-element elementor-element-ff9746c elementor-widget elementor-widget-heading\" data-id=\"ff9746c\" data-element_type=\"widget\" data-widget_type=\"heading.default\">\n\t\t\t\t\t<h2 class=\"elementor-heading-title elementor-size-default\">LET\u2019S MAKE EDUCATION SAFE AND INCLUSIVE!<\/h2>\t\t\t\t<\/div>\n\t\t\t\t\t<\/div>\n\t\t\t\t<\/div>\n\t\t<div class=\"elementor-element elementor-element-73a6c0e e-flex e-con-boxed e-con e-parent\" data-id=\"73a6c0e\" data-element_type=\"container\">\n\t\t\t\t\t<div class=\"e-con-inner\">\n\t\t<div class=\"elementor-element elementor-element-1730493 e-con-full e-flex e-con e-parent\" data-id=\"1730493\" data-element_type=\"container\">\n\t\t\t\t<div class=\"elementor-element elementor-element-49dbe01 elementor-widget elementor-widget-video\" data-id=\"49dbe01\" data-element_type=\"widget\" data-settings=\"{&quot;youtube_url&quot;:&quot;https:\\\/\\\/youtu.be\\\/2-QFY00X_BE&quot;,&quot;lazy_load&quot;:&quot;yes&quot;,&quot;video_type&quot;:&quot;youtube&quot;,&quot;controls&quot;:&quot;yes&quot;}\" data-widget_type=\"video.default\">\n\t\t\t\t\t\t\t<div class=\"elementor-wrapper elementor-open-inline\">\n\t\t\t<div class=\"elementor-video\"><\/div>\t\t<\/div>\n\t\t\t\t\t\t<\/div>\n\t\t\t\t<\/div>\n\t\t<div class=\"elementor-element elementor-element-57bc206 e-con-full e-flex e-con e-parent\" data-id=\"57bc206\" data-element_type=\"container\">\n\t\t\t\t<\/div>\n\t\t\t\t\t<\/div>\n\t\t\t\t<\/div>\n\t\t<div class=\"elementor-element elementor-element-bd7d85a e-flex e-con-boxed e-con e-parent\" data-id=\"bd7d85a\" data-element_type=\"container\">\n\t\t\t\t\t<div class=\"e-con-inner\">\n\t\t\t\t<div class=\"elementor-element elementor-element-ae235ce elementor-widget elementor-widget-text-editor\" data-id=\"ae235ce\" data-element_type=\"widget\" data-widget_type=\"text-editor.default\">\n\t\t\t\t\t\t\t\t\t<p><em>The text was created as part of the\u00a0<\/em><a href=\"https:\/\/www.youtube.com\/results?search_query=%23LORIIDAHOBIT2020\" target=\"_blank\" rel=\"noopener\"><em>#LORIIDAHOBIT2020<\/em><\/a><em>\u00a0campaign with the aim of informing the public about the situation of LGBTI youth in the Croatian educational system and the importance of education on LGBTIQ topics in schools. The campaign includes a series of video testimonies of LGBTI youngsters talking about their experiences during formal education, and informative articles on issues of homophobia, biphobia and transphobia in education. The campaign is created by second-year graduate students of pedagogy at FFRi, Antonela Pribani\u0107 and Tea Stani\u010di\u0107, as part of their practice, in collaboration with mentors from the NGO LORI.<\/em><\/p>\t\t\t\t\t\t\t\t<\/div>\n\t\t\t\t<div class=\"elementor-element elementor-element-5247162 elementor-widget elementor-widget-spacer\" data-id=\"5247162\" data-element_type=\"widget\" data-widget_type=\"spacer.default\">\n\t\t\t\t\t\t\t<div class=\"elementor-spacer\">\n\t\t\t<div class=\"elementor-spacer-inner\"><\/div>\n\t\t<\/div>\n\t\t\t\t\t\t<\/div>\n\t\t\t\t\t<\/div>\n\t\t\t\t<\/div>\n\t\t\t\t<\/div>","protected":false},"excerpt":{"rendered":"<p>Prisiljenost mladih na skrivanje LGBTI identiteta Zbog straha od neprihva\u0107anja i nasilja, LGBTI osobe \u010desto skrivaju svoju seksualnu orijentaciju, rodni identitet i\/ili izra\u017eavanje, \u0161to sa sobom nosi brojne probleme. Skrivanje, stalni oprez, naru\u0161eni socijalni kontakti vode sve ve\u0107oj usamljenosti i stresu. Istra\u017eivanje\u00a0Agencije Europske unije za temeljna prava\u00a0(2019.) pokazuje da je po pitanju svog LGBTI identiteta &hellip;<\/p>\n<p class=\"read-more\"> <a class=\"\" href=\"https:\/\/lori.hr\/en\/prisiljenost-mladih-na-skrivanje-lgbti-identiteta\/\"> <span class=\"screen-reader-text\">Coercion of young persons into hiding their LGBTI identity<\/span> Read More \u00bb<\/a><\/p>","protected":false},"author":1,"featured_media":0,"parent":0,"menu_order":0,"comment_status":"closed","ping_status":"closed","template":"","meta":{"_uag_custom_page_level_css":"","site-sidebar-layout":"no-sidebar","site-content-layout":"page-builder","ast-site-content-layout":"","site-content-style":"default","site-sidebar-style":"default","ast-global-header-display":"","ast-banner-title-visibility":"","ast-main-header-display":"","ast-hfb-above-header-display":"","ast-hfb-below-header-display":"","ast-hfb-mobile-header-display":"","site-post-title":"disabled","ast-breadcrumbs-content":"","ast-featured-img":"disabled","footer-sml-layout":"","theme-transparent-header-meta":"","adv-header-id-meta":"","stick-header-meta":"","header-above-stick-meta":"","header-main-stick-meta":"","header-below-stick-meta":"","astra-migrate-meta-layouts":"","footnotes":""},"class_list":["post-4708","page","type-page","status-publish","hentry"],"uagb_featured_image_src":{"full":false,"thumbnail":false,"medium":false,"medium_large":false,"large":false,"1536x1536":false,"2048x2048":false,"trp-custom-language-flag":false},"uagb_author_info":{"display_name":"LORI","author_link":"https:\/\/lori.hr\/en\/author\/ikenji\/"},"uagb_comment_info":0,"uagb_excerpt":"Prisiljenost mladih na skrivanje LGBTI identiteta Zbog straha od neprihva\u0107anja i nasilja, LGBTI osobe \u010desto skrivaju svoju seksualnu orijentaciju, rodni identitet i\/ili izra\u017eavanje, \u0161to sa sobom nosi brojne probleme. Skrivanje, stalni oprez, naru\u0161eni socijalni kontakti vode sve ve\u0107oj usamljenosti i stresu. Istra\u017eivanje\u00a0Agencije Europske unije za temeljna prava\u00a0(2019.) pokazuje da je po pitanju svog LGBTI identiteta&hellip;","_links":{"self":[{"href":"https:\/\/lori.hr\/en\/wp-json\/wp\/v2\/pages\/4708","targetHints":{"allow":["GET"]}}],"collection":[{"href":"https:\/\/lori.hr\/en\/wp-json\/wp\/v2\/pages"}],"about":[{"href":"https:\/\/lori.hr\/en\/wp-json\/wp\/v2\/types\/page"}],"author":[{"embeddable":true,"href":"https:\/\/lori.hr\/en\/wp-json\/wp\/v2\/users\/1"}],"replies":[{"embeddable":true,"href":"https:\/\/lori.hr\/en\/wp-json\/wp\/v2\/comments?post=4708"}],"version-history":[{"count":7,"href":"https:\/\/lori.hr\/en\/wp-json\/wp\/v2\/pages\/4708\/revisions"}],"predecessor-version":[{"id":4719,"href":"https:\/\/lori.hr\/en\/wp-json\/wp\/v2\/pages\/4708\/revisions\/4719"}],"wp:attachment":[{"href":"https:\/\/lori.hr\/en\/wp-json\/wp\/v2\/media?parent=4708"}],"curies":[{"name":"wp","href":"https:\/\/api.w.org\/{rel}","templated":true}]}}