{"id":4782,"date":"2023-04-15T19:59:58","date_gmt":"2023-04-15T17:59:58","guid":{"rendered":"https:\/\/lori.hr\/?page_id=4782"},"modified":"2023-07-19T21:05:11","modified_gmt":"2023-07-19T19:05:11","slug":"internalizirana-homo-bi-transfobija","status":"publish","type":"page","link":"https:\/\/lori.hr\/en\/internalizirana-homo-bi-transfobija\/","title":{"rendered":"Internalised homophobia, biphobia and transphobia"},"content":{"rendered":"<div data-elementor-type=\"wp-page\" data-elementor-id=\"4782\" class=\"elementor elementor-4782\" data-elementor-post-type=\"page\">\n\t\t\t\t<div class=\"elementor-element elementor-element-9d84bc2 navboja e-flex e-con-boxed e-con e-parent\" data-id=\"9d84bc2\" data-element_type=\"container\" data-settings=\"{&quot;background_background&quot;:&quot;classic&quot;}\">\n\t\t\t\t\t<div class=\"e-con-inner\">\n\t\t\t\t<div class=\"elementor-element elementor-element-65924d8 elementor-widget elementor-widget-spacer\" data-id=\"65924d8\" data-element_type=\"widget\" data-widget_type=\"spacer.default\">\n\t\t\t\t\t\t\t<div class=\"elementor-spacer\">\n\t\t\t<div class=\"elementor-spacer-inner\"><\/div>\n\t\t<\/div>\n\t\t\t\t\t\t<\/div>\n\t\t\t\t\t<\/div>\n\t\t\t\t<\/div>\n\t\t<div class=\"elementor-element elementor-element-ce095c2 e-flex e-con-boxed e-con e-parent\" data-id=\"ce095c2\" data-element_type=\"container\">\n\t\t\t\t\t<div class=\"e-con-inner\">\n\t\t\t\t<div class=\"elementor-element elementor-element-e71b8a3 elementor-widget elementor-widget-spacer\" data-id=\"e71b8a3\" data-element_type=\"widget\" data-widget_type=\"spacer.default\">\n\t\t\t\t\t\t\t<div class=\"elementor-spacer\">\n\t\t\t<div class=\"elementor-spacer-inner\"><\/div>\n\t\t<\/div>\n\t\t\t\t\t\t<\/div>\n\t\t\t\t<div class=\"elementor-element elementor-element-1635c5c elementor-widget elementor-widget-heading\" data-id=\"1635c5c\" data-element_type=\"widget\" data-widget_type=\"heading.default\">\n\t\t\t\t\t<h1 class=\"elementor-heading-title elementor-size-default\">Internalised homophobia, biphobia and transphobia<\/h1>\t\t\t\t<\/div>\n\t\t\t\t<div class=\"elementor-element elementor-element-d0e0d6f elementor-widget-divider--view-line elementor-widget elementor-widget-divider\" data-id=\"d0e0d6f\" data-element_type=\"widget\" data-widget_type=\"divider.default\">\n\t\t\t\t\t\t\t<div class=\"elementor-divider\">\n\t\t\t<span class=\"elementor-divider-separator\">\n\t\t\t\t\t\t<\/span>\n\t\t<\/div>\n\t\t\t\t\t\t<\/div>\n\t\t\t\t<div class=\"elementor-element elementor-element-f617a52 elementor-widget elementor-widget-spacer\" data-id=\"f617a52\" data-element_type=\"widget\" data-widget_type=\"spacer.default\">\n\t\t\t\t\t\t\t<div class=\"elementor-spacer\">\n\t\t\t<div class=\"elementor-spacer-inner\"><\/div>\n\t\t<\/div>\n\t\t\t\t\t\t<\/div>\n\t\t\t\t\t<\/div>\n\t\t\t\t<\/div>\n\t\t<div class=\"elementor-element elementor-element-499eff1 e-flex e-con-boxed e-con e-parent\" data-id=\"499eff1\" data-element_type=\"container\" data-settings=\"{&quot;background_background&quot;:&quot;classic&quot;}\">\n\t\t\t\t\t<div class=\"e-con-inner\">\n\t\t\t\t<div class=\"elementor-element elementor-element-0ee3d3f elementor-widget elementor-widget-text-editor\" data-id=\"0ee3d3f\" data-element_type=\"widget\" data-widget_type=\"text-editor.default\">\n\t\t\t\t\t\t\t\t\t<p><em><strong>NOTE:<\/strong> tekst je nastao u okviru kampanje Obitelj bez predrasuda 2007. godine, te je dio podataka koji je u to vrijeme bio aktualan sada zastario, a neka se terminologija promijenila. Svejedno, teme obra\u0111ene u ovom tekstu su i u dana\u0161nje vrijeme jo\u0161 uvijek i te kako va\u017ene i aktualne, pogotovo za mlade LGBTIQ osobe, te vas poti\u010demo da ga pro\u010ditate.<\/em><\/p>\t\t\t\t\t\t\t\t<\/div>\n\t\t\t\t\t<\/div>\n\t\t\t\t<\/div>\n\t\t<div class=\"elementor-element elementor-element-65b7382 e-flex e-con-boxed e-con e-parent\" data-id=\"65b7382\" data-element_type=\"container\">\n\t\t\t\t\t<div class=\"e-con-inner\">\n\t\t<div class=\"elementor-element elementor-element-31376f4 e-con-full e-flex e-con e-parent\" data-id=\"31376f4\" data-element_type=\"container\">\n\t\t\t\t<div class=\"elementor-element elementor-element-0a6b26f elementor-widget elementor-widget-text-editor\" data-id=\"0a6b26f\" data-element_type=\"widget\" data-widget_type=\"text-editor.default\">\n\t\t\t\t\t\t\t\t\t<p>Kada lezbijke, gej mu\u0161karci, biseksualne i transrodne osobe internaliziraju negativne stavove dru\u0161tva i razviju negativne osje\u0107aje i stavove prema vlastitom identitetu govorimo o\u00a0<strong>internaliziranoj homofobiji, bifobiji ili transfobiji<\/strong>. Usvojena (internalizirana) homofobija, bifobija ili transfobija manifestiraju se kroz osje\u0107aj krivnje, srama, sumnju, slabo samopo\u0161tovanje, vjerovanje osobe da je inferiorna u odnosu na druge i dr. Internaliziranje homofobije\/bifobije\/transfobije uklju\u010duje: uznemiruju\u0107e ili neugodne osje\u0107aje o sebi kao homo\/biseksualnoj ili transrodnoj osobi, iskrivljene predod\u017ebe i stavove prema homo\/biseksualnosti i transrodnosti, negativne moralne stavove prema LGBTIQ osobama, nedostatak povezanosti s LGBTIQ zajednicom, toleriranje diskriminiraju\u0107eg tretmana drugih, iracionalno potkopavanju vlastitih intimnih veza, itd.<\/p>\t\t\t\t\t\t\t\t<\/div>\n\t\t\t\t<\/div>\n\t\t<div class=\"elementor-element elementor-element-64e5626 e-con-full e-flex e-con e-parent\" data-id=\"64e5626\" data-element_type=\"container\">\n\t\t\t\t<div class=\"elementor-element elementor-element-0a94ea0 elementor-widget elementor-widget-image\" data-id=\"0a94ea0\" data-element_type=\"widget\" data-widget_type=\"image.default\">\n\t\t\t\t\t\t\t\t\t\t\t\t\t\t\t<img loading=\"lazy\" decoding=\"async\" width=\"800\" height=\"505\" src=\"https:\/\/lori.hr\/wp-content\/uploads\/2023\/04\/Internalizirana.jpg\" class=\"attachment-large size-large wp-image-4784\" alt=\"\" srcset=\"https:\/\/lori.hr\/wp-content\/uploads\/2023\/04\/Internalizirana.jpg 800w, https:\/\/lori.hr\/wp-content\/uploads\/2023\/04\/Internalizirana-300x189.jpg 300w, https:\/\/lori.hr\/wp-content\/uploads\/2023\/04\/Internalizirana-768x485.jpg 768w\" sizes=\"auto, (max-width: 800px) 100vw, 800px\" \/>\t\t\t\t\t\t\t\t\t\t\t\t\t\t\t<\/div>\n\t\t\t\t<\/div>\n\t\t\t\t\t<\/div>\n\t\t\t\t<\/div>\n\t\t<div class=\"elementor-element elementor-element-6907213 e-flex e-con-boxed e-con e-parent\" data-id=\"6907213\" data-element_type=\"container\">\n\t\t\t\t\t<div class=\"e-con-inner\">\n\t\t\t\t<div class=\"elementor-element elementor-element-854dd88 elementor-widget elementor-widget-text-editor\" data-id=\"854dd88\" data-element_type=\"widget\" data-widget_type=\"text-editor.default\">\n\t\t\t\t\t\t\t\t\t<p>Ukoliko se radi o negativnim stavovima\u00a0<strong>prema homo\/biseksualnosti<\/strong>\u00a0u nama i kod drugih osoba, tada govorimo o\u00a0<strong>internaliziranoj homofobiji\/bifobiji<\/strong>. Usvajanje homo\/bifobije od strane homo\/biseksualnih osoba doga\u0111a se budu\u0107i su odgojene u dru\u0161tvu koje je izrazito anti-homoseksualno. Homo\/bifobija je do te mjere pro\u0161irena da homo\/biseksualna osoba ve\u0107 tijekom ranog djetinjstva usvaja negativne stavove o homo\/biseksualnosti. U adolescentskoj fazi, kad se formira slika o sebi i izgra\u0111uje li\u010dnost, osje\u0107aj samopouzdanja i vlastite vrijednosti uvelike ovisi i o odnosu drugih prema pojedincu\/ki. \u017divot u zajednici koja pretpostavlja\/o\u010dekuje da su svi heteroseksualne orijentacije ne pru\u017ea pozitivne modele ovim adolescentima, ve\u0107 suprotno, naj\u010de\u0161\u0107e se homo\/biseksualnost marginalizira uz istovremenu ra\u0161irenost izrazito negativnih stavova prema njoj.\u00a0\u00a0\u00a0\u00a0\u00a0<\/p><p>Internaliziranu homo\/bifobiju ponekad je te\u0161ko razgrani\u010diti od realnog osje\u0107aja odba\u010denosti u dru\u0161tvu u kojem \u017eivimo. Sasvim objektivno mo\u017ee biti razmi\u0161ljanje da bi nam \u017eivot bio jednostavniji da smo heteroseksualne orijentacije, da smo prihva\u0107eni ili nediskriminirani u dru\u0161tvu. Va\u017eno je identificirati osje\u0107aje srama, krivnje, odsutnost vlastitog ponosa i sl. Kada se homo\/biseksualne osobe srame sebe, kada okrivljuju sebe prije nego homo\/bifobi\u010dno dru\u0161tvo za pote\u0161ko\u0107e koje do\u017eivljavaju kao homo\/biseksualne osobe, vjerojatno se radi o internaliziranoj homo\/bifobiji.<br \/>Identificiranje vlastite homo\/bifobije prvi je korak njenog neutraliziranja\/uklanjanja.<\/p><p>Zapitajte se da li mislite da je heteroseksualnost bolja od homo\/biseksualnosti, da li ste nesretni zato \u0161to ste homo\/biseksualne orijentacije? Da li vam je nelagodno \u0161to vas privla\u010di osoba istog spola? Da li bi voljeli da ste heteroseksualne orijentacije? Da li mislite da nikad ne\u0107ete biti sretni jer ste gej\/biseksualna osoba? Da li se osje\u0107ate nelagodno ako ste u dru\u0161tvu gej osoba i da li izbjegavate da vas vide s osobom koja je \u201eout\u201c? Da li se sramite ili ste ponosni jer ste gej? Da li osje\u0107ate pripadnost LGBT zajednici ili vam je pomisao na to odbojna? Da li mislite da je\u00a0 homo\/biseksualnost prirodna dimenzija ljudske seksualnosti? Da li biste \u017eeljeli da va\u0161a okolina zna da ste homo\/biseksualna osoba? Vidite li sebe kao osobu koja je pomirena sa svojom seksualno\u0161\u0107u?<\/p><p>Kada transrodna osoba internalizira negativne dru\u0161tvene stavove o transrodnosti govorimo o <strong>internaliziranoj transfobiji<\/strong>. Uzrok ovome je heteronormativno dru\u0161tvo, koje name\u0107e koncept binarne podjele na \u017eenski rod\/spol te na mu\u0161ki rod\/spol kao na dvije \u010dvrste, nepromjenjive i suprotstavljene kategorije.<\/p><p>Dru\u0161tvo vrlo \u010desto diskriminira i ignorira osobe koje se nalaze van &#8221;mu\u0161kih&#8221; i &#8221;\u017eenskih&#8221; kategorija\/ladica. Spol i rod kao heteropatrijarhalni sociolo\u0161ko-kulturalni obrasci su ograni\u010davaju\u0107i, a u\u010denje rodnih uloga \u010desto se odvija putem nasilja ili strahom od nasilja. Zbog svih ovakvih informacija (mu\u0161karac se mora pona\u0161ati \u201emu\u0161ki\u201c, a \u017eena \u201e\u017eenski\u201c) koje transrodne osobe dobivaju iz svoje okoline, u njima se po\u010dinje internalizirati transfobija. Transrodne osobe te\u017ee skrivaju svoju transrodnost nego homo\/biseksualne osobe svoju seksualnost, \u010de\u0161\u0107e su fizi\u010dki napadane, a i nije rijetko da ih niti sama LGB zajednica ne prihva\u0107a. Ve\u0107ina transrodnih adolescenata, svjesni\/e da su druk\u010diji\/e od drugih odrasta uz osje\u0107aj izoliranosti. Konstantan teret \u201erazli\u010ditosti\u201c dovodi do usvajanja negativnih stavova prema sebi.<\/p><p>Za identificiranje vlastite internalizirane transfobije osoba si mo\u017ee postaviti sljede\u0107a pitanja: \u0160to u vama izaziva pri\u010danje o transrodnosti\/transeksualnosti? \u017delite li da se ne osje\u0107ate transrodnom osobom? Da li mislite da nikada ne\u0107ete biti sretni kao transrodna osoba? Da li se sramite svoje transrodnosti? Ukoliko \u017eelite tranziciju, da li mislite da zato s vama ne\u0161to nije u redu? Da li ste ponosni na svoj rodni\/spolni identitet? Osje\u0107ate li se nelagodno zbog svog rodnog\/spolnog identiteta, odnosno izra\u017eavanja? Da li biste voljeli da drugi znaju potpunu istinu o va\u0161em rodnom\/spolnom izra\u017eavanju? Imate li negativne osje\u0107aje i stavove prema transrodnim osobama? Izbjegavate li dru\u017eenje s transrodnim osobama?<\/p><p>Podaci razli\u010ditih istra\u017eivanja ukazuju na to da internalizirana homofobija, bifobija i transfobija igraju zna\u010dajnu ulogu kod nekih psihi\u010dkih tegoba kao \u0161to su npr., depresija, anksioznost, nizak stupanj samopo\u0161tovanja, pote\u0161ko\u0107e s formiranjem identiteta, usamljenost i nepovjerenje prema okolini. Osje\u0107aj inferiornosti, skrivanje, anksioznost i auto destruktivnost zbog internalizirane homo\/bi\/transfobije dovode do te\u0161kih posljedica u \u017eivotu jedne osobe.<\/p><p>Jedan od na\u010dina neutraliziranja internalizirane homo\/bi\/transfobije je otvaranje i otvoreno razgovaranje o svojoj seksualnoj orijentaciji ili rodnom\/spolnom identitetu, odnosno izra\u017eavanju (coming out). Na ovaj na\u010din se u osobi razvijaju pozitivne osobine, ja\u010da ponos i osje\u0107aj samosvijesti te se budi snaga koja osobi omogu\u0107uje da u potpunosti ostvari svoj seksualni, odnosno, rodni\/spolni identitet.<\/p>\t\t\t\t\t\t\t\t<\/div>\n\t\t\t\t<div class=\"elementor-element elementor-element-379f85f elementor-widget elementor-widget-spacer\" data-id=\"379f85f\" data-element_type=\"widget\" data-widget_type=\"spacer.default\">\n\t\t\t\t\t\t\t<div class=\"elementor-spacer\">\n\t\t\t<div class=\"elementor-spacer-inner\"><\/div>\n\t\t<\/div>\n\t\t\t\t\t\t<\/div>\n\t\t\t\t\t<\/div>\n\t\t\t\t<\/div>\n\t\t\t\t<\/div>","protected":false},"excerpt":{"rendered":"<p>Internalizirana homofobija, bifobija i transfobija NAPOMENA: tekst je nastao u okviru kampanje Obitelj bez predrasuda 2007. godine, te je dio podataka koji je u to vrijeme bio aktualan sada zastario, a neka se terminologija promijenila. Svejedno, teme obra\u0111ene u ovom tekstu su i u dana\u0161nje vrijeme jo\u0161 uvijek i te kako va\u017ene i aktualne, pogotovo &hellip;<\/p>\n<p class=\"read-more\"> <a class=\"\" href=\"https:\/\/lori.hr\/en\/internalizirana-homo-bi-transfobija\/\"> <span class=\"screen-reader-text\">Internalised homophobia, biphobia and transphobia<\/span> Read More \u00bb<\/a><\/p>","protected":false},"author":1,"featured_media":0,"parent":0,"menu_order":0,"comment_status":"closed","ping_status":"closed","template":"","meta":{"_uag_custom_page_level_css":"","site-sidebar-layout":"no-sidebar","site-content-layout":"page-builder","ast-site-content-layout":"","site-content-style":"default","site-sidebar-style":"default","ast-global-header-display":"","ast-banner-title-visibility":"","ast-main-header-display":"","ast-hfb-above-header-display":"","ast-hfb-below-header-display":"","ast-hfb-mobile-header-display":"","site-post-title":"disabled","ast-breadcrumbs-content":"","ast-featured-img":"disabled","footer-sml-layout":"","theme-transparent-header-meta":"","adv-header-id-meta":"","stick-header-meta":"","header-above-stick-meta":"","header-main-stick-meta":"","header-below-stick-meta":"","astra-migrate-meta-layouts":"","footnotes":""},"class_list":["post-4782","page","type-page","status-publish","hentry"],"uagb_featured_image_src":{"full":false,"thumbnail":false,"medium":false,"medium_large":false,"large":false,"1536x1536":false,"2048x2048":false,"trp-custom-language-flag":false},"uagb_author_info":{"display_name":"LORI","author_link":"https:\/\/lori.hr\/en\/author\/ikenji\/"},"uagb_comment_info":0,"uagb_excerpt":"Internalizirana homofobija, bifobija i transfobija NAPOMENA: tekst je nastao u okviru kampanje Obitelj bez predrasuda 2007. godine, te je dio podataka koji je u to vrijeme bio aktualan sada zastario, a neka se terminologija promijenila. Svejedno, teme obra\u0111ene u ovom tekstu su i u dana\u0161nje vrijeme jo\u0161 uvijek i te kako va\u017ene i aktualne, pogotovo&hellip;","_links":{"self":[{"href":"https:\/\/lori.hr\/en\/wp-json\/wp\/v2\/pages\/4782","targetHints":{"allow":["GET"]}}],"collection":[{"href":"https:\/\/lori.hr\/en\/wp-json\/wp\/v2\/pages"}],"about":[{"href":"https:\/\/lori.hr\/en\/wp-json\/wp\/v2\/types\/page"}],"author":[{"embeddable":true,"href":"https:\/\/lori.hr\/en\/wp-json\/wp\/v2\/users\/1"}],"replies":[{"embeddable":true,"href":"https:\/\/lori.hr\/en\/wp-json\/wp\/v2\/comments?post=4782"}],"version-history":[{"count":11,"href":"https:\/\/lori.hr\/en\/wp-json\/wp\/v2\/pages\/4782\/revisions"}],"predecessor-version":[{"id":8724,"href":"https:\/\/lori.hr\/en\/wp-json\/wp\/v2\/pages\/4782\/revisions\/8724"}],"wp:attachment":[{"href":"https:\/\/lori.hr\/en\/wp-json\/wp\/v2\/media?parent=4782"}],"curies":[{"name":"wp","href":"https:\/\/api.w.org\/{rel}","templated":true}]}}