{"id":4875,"date":"2023-04-16T16:10:45","date_gmt":"2023-04-16T14:10:45","guid":{"rendered":"https:\/\/lori.hr\/?page_id=4875"},"modified":"2023-04-16T16:11:00","modified_gmt":"2023-04-16T14:11:00","slug":"ksenija-vujanovic-juras","status":"publish","type":"page","link":"https:\/\/lori.hr\/en\/ksenija-vujanovic-juras\/","title":{"rendered":"Ksenija Vujanovi\u0107 &#8211; Juras"},"content":{"rendered":"<div data-elementor-type=\"wp-page\" data-elementor-id=\"4875\" class=\"elementor elementor-4875\" data-elementor-post-type=\"page\">\n\t\t\t\t<div class=\"elementor-element elementor-element-7c5f9302 navboja e-flex e-con-boxed e-con e-parent\" data-id=\"7c5f9302\" data-element_type=\"container\" data-settings=\"{&quot;background_background&quot;:&quot;classic&quot;}\">\n\t\t\t\t\t<div class=\"e-con-inner\">\n\t\t\t\t<div class=\"elementor-element elementor-element-e0837ba elementor-widget elementor-widget-spacer\" data-id=\"e0837ba\" data-element_type=\"widget\" data-widget_type=\"spacer.default\">\n\t\t\t\t\t\t\t<div class=\"elementor-spacer\">\n\t\t\t<div class=\"elementor-spacer-inner\"><\/div>\n\t\t<\/div>\n\t\t\t\t\t\t<\/div>\n\t\t\t\t\t<\/div>\n\t\t\t\t<\/div>\n\t\t<div class=\"elementor-element elementor-element-7d73ef6f e-flex e-con-boxed e-con e-parent\" data-id=\"7d73ef6f\" data-element_type=\"container\">\n\t\t\t\t\t<div class=\"e-con-inner\">\n\t\t\t\t<div class=\"elementor-element elementor-element-3bd6cbae elementor-widget elementor-widget-spacer\" data-id=\"3bd6cbae\" data-element_type=\"widget\" data-widget_type=\"spacer.default\">\n\t\t\t\t\t\t\t<div class=\"elementor-spacer\">\n\t\t\t<div class=\"elementor-spacer-inner\"><\/div>\n\t\t<\/div>\n\t\t\t\t\t\t<\/div>\n\t\t\t\t<div class=\"elementor-element elementor-element-211cfa50 elementor-widget elementor-widget-heading\" data-id=\"211cfa50\" data-element_type=\"widget\" data-widget_type=\"heading.default\">\n\t\t\t\t\t<h1 class=\"elementor-heading-title elementor-size-xl\">Ksenija Vujanovi\u0107 - Juras<\/h1>\t\t\t\t<\/div>\n\t\t\t\t<div class=\"elementor-element elementor-element-67afc7de elementor-widget-divider--view-line elementor-widget elementor-widget-divider\" data-id=\"67afc7de\" data-element_type=\"widget\" data-widget_type=\"divider.default\">\n\t\t\t\t\t\t\t<div class=\"elementor-divider\">\n\t\t\t<span class=\"elementor-divider-separator\">\n\t\t\t\t\t\t<\/span>\n\t\t<\/div>\n\t\t\t\t\t\t<\/div>\n\t\t\t\t\t<\/div>\n\t\t\t\t<\/div>\n\t\t<div class=\"elementor-element elementor-element-77348d3e e-flex e-con-boxed e-con e-parent\" data-id=\"77348d3e\" data-element_type=\"container\">\n\t\t\t\t\t<div class=\"e-con-inner\">\n\t\t<div class=\"elementor-element elementor-element-464d3ca2 e-con-full e-flex e-con e-parent\" data-id=\"464d3ca2\" data-element_type=\"container\">\n\t\t\t\t<div class=\"elementor-element elementor-element-30843ab8 elementor-widget elementor-widget-text-editor\" data-id=\"30843ab8\" data-element_type=\"widget\" data-widget_type=\"text-editor.default\">\n\t\t\t\t\t\t\t\t\t<h3 class=\"subtitle\">psihologinja<\/h3><div class=\"address\">\u00a0<\/div><div class=\"contact\"><h3><span style=\"font-size: 1.5em; font-weight: bold;\">Other information<\/span><\/h3><\/div><p>Iskustvo u savjetovanju\/psihoterapiji:\u00a0<b>DA<\/b><br \/><br \/>Primarna podru\u010dja rada:\u00a0<b>\u0161kolska i pred\u0161kolska psihologija<\/b><br \/><br \/>Iskustvo u radu s LGBTIQ osobama:\u00a0<b>NE<\/b><br \/><br \/>Zavr\u0161ena edukacija:\u00a0<b>Realitetna terapija, od 1993. godine<\/b><br \/><br \/>Dodatne edukacije ili vje\u0161tine:\u00a0<b>Vi\u0161ekratne edukacije u Hrvatskoj i Italiji za rad u klubovima lije\u010denih alkoholi\u010dara po Hudolinovom principuEdukacija za krizne intervencije u sustavu prosvjete.<\/b><\/p>\t\t\t\t\t\t\t\t<\/div>\n\t\t\t\t<\/div>\n\t\t<div class=\"elementor-element elementor-element-1db05e3e e-con-full e-flex e-con e-parent\" data-id=\"1db05e3e\" data-element_type=\"container\" data-settings=\"{&quot;background_background&quot;:&quot;classic&quot;}\">\n\t\t\t\t<div class=\"elementor-element elementor-element-5fdcc4cf elementor-widget elementor-widget-spacer\" data-id=\"5fdcc4cf\" data-element_type=\"widget\" data-widget_type=\"spacer.default\">\n\t\t\t\t\t\t\t<div class=\"elementor-spacer\">\n\t\t\t<div class=\"elementor-spacer-inner\"><\/div>\n\t\t<\/div>\n\t\t\t\t\t\t<\/div>\n\t\t\t\t<div class=\"elementor-element elementor-element-5131ec18 elementor-widget elementor-widget-heading\" data-id=\"5131ec18\" data-element_type=\"widget\" data-widget_type=\"heading.default\">\n\t\t\t\t\t<h2 class=\"elementor-heading-title elementor-size-default\">Contact:<\/h2>\t\t\t\t<\/div>\n\t\t\t\t<div class=\"elementor-element elementor-element-3932b1a5 elementor-widget elementor-widget-text-editor\" data-id=\"3932b1a5\" data-element_type=\"widget\" data-widget_type=\"text-editor.default\">\n\t\t\t\t\t\t\t\t\t<div class=\"address\"><h3>Adresa<\/h3><p>Slatina<br \/>33520<\/p><\/div><div class=\"contact\"><h3>Contact us<\/h3><p>E-mail:<\/p><p><span id=\"cloak17491\">ksenija.vujanovic-juras@skole.hr<\/span><\/p><p>Mob. <span id=\"eeb-718640-914921\"><\/span><script type=\"text\/javascript\">(function() {var ml=\"54%9-F210\",mi=\"83726570046180\",o=\"\";for(var j=0,l=mi.length;j<l;j++) {o+=ml.charAt(mi.charCodeAt(j)-48);}document.getElementById(\"eeb-718640-914921\").innerHTML = decodeURIComponent(o);}());<\/script><noscript>*protected email*<\/noscript><br \/>Tel. <span id=\"eeb-989848-599449\"><\/span><script type=\"text\/javascript\">(function() {var ml=\"-253F40%\",mi=\"6337142210562\",o=\"\";for(var j=0,l=mi.length;j<l;j++) {o+=ml.charAt(mi.charCodeAt(j)-48);}document.getElementById(\"eeb-989848-599449\").innerHTML = decodeURIComponent(o);}());<\/script><noscript>*protected email*<\/noscript><\/p><\/div>\t\t\t\t\t\t\t\t<\/div>\n\t\t\t\t<\/div>\n\t\t\t\t\t<\/div>\n\t\t\t\t<\/div>\n\t\t<div class=\"elementor-element elementor-element-2bb2020 e-flex e-con-boxed e-con e-parent\" data-id=\"2bb2020\" data-element_type=\"container\" data-settings=\"{&quot;background_background&quot;:&quot;classic&quot;}\">\n\t\t\t\t\t<div class=\"e-con-inner\">\n\t\t<div class=\"elementor-element elementor-element-30586287 e-con-full e-flex e-con e-parent\" data-id=\"30586287\" data-element_type=\"container\">\n\t\t\t\t<div class=\"elementor-element elementor-element-2e1248e elementor-widget elementor-widget-spacer\" data-id=\"2e1248e\" data-element_type=\"widget\" data-widget_type=\"spacer.default\">\n\t\t\t\t\t\t\t<div class=\"elementor-spacer\">\n\t\t\t<div class=\"elementor-spacer-inner\"><\/div>\n\t\t<\/div>\n\t\t\t\t\t\t<\/div>\n\t\t\t\t<\/div>\n\t\t\t\t\t<\/div>\n\t\t\t\t<\/div>\n\t\t\t\t<\/div>","protected":false},"excerpt":{"rendered":"<p>Ksenija Vujanovi\u0107 &#8211; Juras psihologinja \u00a0 Ostale informacije Iskustvo u savjetovanju\/psihoterapiji:\u00a0DA Primarna podru\u010dja rada:\u00a0\u0161kolska i pred\u0161kolska psihologija Iskustvo u radu s LGBTIQ osobama:\u00a0NE Zavr\u0161ena edukacija:\u00a0Realitetna terapija, od 1993. godine Dodatne edukacije ili vje\u0161tine:\u00a0Vi\u0161ekratne edukacije u Hrvatskoj i Italiji za rad u klubovima lije\u010denih alkoholi\u010dara po Hudolinovom principuEdukacija za krizne intervencije u sustavu prosvjete. Kontakt: Adresa &hellip;<\/p>\n<p class=\"read-more\"> <a class=\"\" href=\"https:\/\/lori.hr\/en\/ksenija-vujanovic-juras\/\"> <span class=\"screen-reader-text\">Ksenija Vujanovi\u0107 &#8211; Juras<\/span> Read More \u00bb<\/a><\/p>","protected":false},"author":1,"featured_media":0,"parent":0,"menu_order":0,"comment_status":"closed","ping_status":"closed","template":"","meta":{"_uag_custom_page_level_css":"","site-sidebar-layout":"no-sidebar","site-content-layout":"page-builder","ast-site-content-layout":"","site-content-style":"default","site-sidebar-style":"default","ast-global-header-display":"","ast-banner-title-visibility":"","ast-main-header-display":"","ast-hfb-above-header-display":"","ast-hfb-below-header-display":"","ast-hfb-mobile-header-display":"","site-post-title":"disabled","ast-breadcrumbs-content":"","ast-featured-img":"disabled","footer-sml-layout":"","theme-transparent-header-meta":"","adv-header-id-meta":"","stick-header-meta":"","header-above-stick-meta":"","header-main-stick-meta":"","header-below-stick-meta":"","astra-migrate-meta-layouts":"","footnotes":""},"class_list":["post-4875","page","type-page","status-publish","hentry"],"uagb_featured_image_src":{"full":false,"thumbnail":false,"medium":false,"medium_large":false,"large":false,"1536x1536":false,"2048x2048":false,"trp-custom-language-flag":false},"uagb_author_info":{"display_name":"LORI","author_link":"https:\/\/lori.hr\/en\/author\/ikenji\/"},"uagb_comment_info":0,"uagb_excerpt":"Ksenija Vujanovi\u0107 &#8211; Juras psihologinja \u00a0 Ostale informacije Iskustvo u savjetovanju\/psihoterapiji:\u00a0DA Primarna podru\u010dja rada:\u00a0\u0161kolska i pred\u0161kolska psihologija Iskustvo u radu s LGBTIQ osobama:\u00a0NE Zavr\u0161ena edukacija:\u00a0Realitetna terapija, od 1993. godine Dodatne edukacije ili vje\u0161tine:\u00a0Vi\u0161ekratne edukacije u Hrvatskoj i Italiji za rad u klubovima lije\u010denih alkoholi\u010dara po Hudolinovom principuEdukacija za krizne intervencije u sustavu prosvjete. Kontakt: Adresa&hellip;","_links":{"self":[{"href":"https:\/\/lori.hr\/en\/wp-json\/wp\/v2\/pages\/4875","targetHints":{"allow":["GET"]}}],"collection":[{"href":"https:\/\/lori.hr\/en\/wp-json\/wp\/v2\/pages"}],"about":[{"href":"https:\/\/lori.hr\/en\/wp-json\/wp\/v2\/types\/page"}],"author":[{"embeddable":true,"href":"https:\/\/lori.hr\/en\/wp-json\/wp\/v2\/users\/1"}],"replies":[{"embeddable":true,"href":"https:\/\/lori.hr\/en\/wp-json\/wp\/v2\/comments?post=4875"}],"version-history":[{"count":4,"href":"https:\/\/lori.hr\/en\/wp-json\/wp\/v2\/pages\/4875\/revisions"}],"predecessor-version":[{"id":4879,"href":"https:\/\/lori.hr\/en\/wp-json\/wp\/v2\/pages\/4875\/revisions\/4879"}],"wp:attachment":[{"href":"https:\/\/lori.hr\/en\/wp-json\/wp\/v2\/media?parent=4875"}],"curies":[{"name":"wp","href":"https:\/\/api.w.org\/{rel}","templated":true}]}}