{"id":4904,"date":"2023-04-17T10:07:05","date_gmt":"2023-04-17T08:07:05","guid":{"rendered":"https:\/\/lori.hr\/?page_id=4904"},"modified":"2023-04-17T10:10:48","modified_gmt":"2023-04-17T08:10:48","slug":"jasna-spoljaric","status":"publish","type":"page","link":"https:\/\/lori.hr\/en\/jasna-spoljaric\/","title":{"rendered":"Jasna \u0160poljari\u0107"},"content":{"rendered":"<div data-elementor-type=\"wp-page\" data-elementor-id=\"4904\" class=\"elementor elementor-4904\" data-elementor-post-type=\"page\">\n\t\t\t\t<div class=\"elementor-element elementor-element-308b45ca navboja e-flex e-con-boxed e-con e-parent\" data-id=\"308b45ca\" data-element_type=\"container\" data-settings=\"{&quot;background_background&quot;:&quot;classic&quot;}\">\n\t\t\t\t\t<div class=\"e-con-inner\">\n\t\t\t\t<div class=\"elementor-element elementor-element-349e8c0f elementor-widget elementor-widget-spacer\" data-id=\"349e8c0f\" data-element_type=\"widget\" data-widget_type=\"spacer.default\">\n\t\t\t\t\t\t\t<div class=\"elementor-spacer\">\n\t\t\t<div class=\"elementor-spacer-inner\"><\/div>\n\t\t<\/div>\n\t\t\t\t\t\t<\/div>\n\t\t\t\t\t<\/div>\n\t\t\t\t<\/div>\n\t\t<div class=\"elementor-element elementor-element-599f5462 e-flex e-con-boxed e-con e-parent\" data-id=\"599f5462\" data-element_type=\"container\">\n\t\t\t\t\t<div class=\"e-con-inner\">\n\t\t\t\t<div class=\"elementor-element elementor-element-6b7be78c elementor-widget elementor-widget-spacer\" data-id=\"6b7be78c\" data-element_type=\"widget\" data-widget_type=\"spacer.default\">\n\t\t\t\t\t\t\t<div class=\"elementor-spacer\">\n\t\t\t<div class=\"elementor-spacer-inner\"><\/div>\n\t\t<\/div>\n\t\t\t\t\t\t<\/div>\n\t\t\t\t<div class=\"elementor-element elementor-element-2730029b elementor-widget elementor-widget-heading\" data-id=\"2730029b\" data-element_type=\"widget\" data-widget_type=\"heading.default\">\n\t\t\t\t\t<h1 class=\"elementor-heading-title elementor-size-xl\">Jasna \u0160poljari\u0107<\/h1>\t\t\t\t<\/div>\n\t\t\t\t<div class=\"elementor-element elementor-element-72a2f003 elementor-widget-divider--view-line elementor-widget elementor-widget-divider\" data-id=\"72a2f003\" data-element_type=\"widget\" data-widget_type=\"divider.default\">\n\t\t\t\t\t\t\t<div class=\"elementor-divider\">\n\t\t\t<span class=\"elementor-divider-separator\">\n\t\t\t\t\t\t<\/span>\n\t\t<\/div>\n\t\t\t\t\t\t<\/div>\n\t\t\t\t\t<\/div>\n\t\t\t\t<\/div>\n\t\t<div class=\"elementor-element elementor-element-5bd07559 e-flex e-con-boxed e-con e-parent\" data-id=\"5bd07559\" data-element_type=\"container\">\n\t\t\t\t\t<div class=\"e-con-inner\">\n\t\t<div class=\"elementor-element elementor-element-2bd9f48e e-con-full e-flex e-con e-parent\" data-id=\"2bd9f48e\" data-element_type=\"container\">\n\t\t\t\t<div class=\"elementor-element elementor-element-33487abd elementor-widget elementor-widget-text-editor\" data-id=\"33487abd\" data-element_type=\"widget\" data-widget_type=\"text-editor.default\">\n\t\t\t\t\t\t\t\t\t<h3 class=\"subtitle\">psihologinja<\/h3><div class=\"address\">\u00a0<\/div><div class=\"contact\"><h3><span style=\"font-size: 1.5em; font-weight: bold;\">Other information<\/span><\/h3><\/div><p>Iskustvo u savjetovanju\/psihoterapiji:\u00a0<b>DA<\/b><br \/><br \/>Primarna podru\u010dja rada:\u00a0<b>Socijalne slu\u017ebe<\/b><br \/><br \/>Primarna podru\u010dja rada_ostalo:\u00a0<b>Za\u0161tita djece i obitelji; dijagnostika i tretman<\/b><br \/><br \/>Iskustvo u radu s LGBTIQ osobama:\u00a0<b>DA<\/b><br \/><br \/>Zavr\u0161ena edukacija:<b><br \/>&#8211; Magisterij na temu Trauma kod djece<br \/>&#8211; Sensitivity trening<br \/>&#8211; realitetna terapija<br \/>&#8211; racionalno-kognitivna terapija<\/b><br \/><br \/>Edukacija u tijeku:\u00a0<b>Zavr\u0161ila Ge\u0161talt kod Irene Benazi\u0107 i Jadrana Morovi\u0107a &#8211; u tijeku zavr\u0161ni rad na temu &#8220;Trauma i ge\u0161talt&#8221;<\/b><\/p>\t\t\t\t\t\t\t\t<\/div>\n\t\t\t\t<\/div>\n\t\t<div class=\"elementor-element elementor-element-55039a9c e-con-full e-flex e-con e-parent\" data-id=\"55039a9c\" data-element_type=\"container\" data-settings=\"{&quot;background_background&quot;:&quot;classic&quot;}\">\n\t\t\t\t<div class=\"elementor-element elementor-element-38e7e0ad elementor-widget elementor-widget-spacer\" data-id=\"38e7e0ad\" data-element_type=\"widget\" data-widget_type=\"spacer.default\">\n\t\t\t\t\t\t\t<div class=\"elementor-spacer\">\n\t\t\t<div class=\"elementor-spacer-inner\"><\/div>\n\t\t<\/div>\n\t\t\t\t\t\t<\/div>\n\t\t\t\t<div class=\"elementor-element elementor-element-19eade42 elementor-widget elementor-widget-heading\" data-id=\"19eade42\" data-element_type=\"widget\" data-widget_type=\"heading.default\">\n\t\t\t\t\t<h2 class=\"elementor-heading-title elementor-size-default\">Contact:<\/h2>\t\t\t\t<\/div>\n\t\t\t\t<div class=\"elementor-element elementor-element-5200599c elementor-widget elementor-widget-text-editor\" data-id=\"5200599c\" data-element_type=\"widget\" data-widget_type=\"text-editor.default\">\n\t\t\t\t\t\t\t\t\t<div class=\"address\"><h3>Adresa<\/h3><p>Lekenik<br \/>44272<\/p><\/div><div class=\"contact\"><h3>Contact us<\/h3><p><span id=\"cloak81026\">E-mail: jasna.spoljaric@sos-dsh.hr<\/span><\/p><p>Mob. <span id=\"eeb-813475-3800\"><\/span><script type=\"text\/javascript\">(function() {var ml=\"F260-7%54\",mi=\"3886107124775\",o=\"\";for(var j=0,l=mi.length;j<l;j++) {o+=ml.charAt(mi.charCodeAt(j)-48);}document.getElementById(\"eeb-813475-3800\").innerHTML = decodeURIComponent(o);}());<\/script><noscript>*protected email*<\/noscript><\/p><\/div>\t\t\t\t\t\t\t\t<\/div>\n\t\t\t\t<\/div>\n\t\t\t\t\t<\/div>\n\t\t\t\t<\/div>\n\t\t<div class=\"elementor-element elementor-element-79cb4f7a e-flex e-con-boxed e-con e-parent\" data-id=\"79cb4f7a\" data-element_type=\"container\" data-settings=\"{&quot;background_background&quot;:&quot;classic&quot;}\">\n\t\t\t\t\t<div class=\"e-con-inner\">\n\t\t<div class=\"elementor-element elementor-element-153504dc e-con-full e-flex e-con e-parent\" data-id=\"153504dc\" data-element_type=\"container\">\n\t\t\t\t<div class=\"elementor-element elementor-element-3b209c4d elementor-widget elementor-widget-spacer\" data-id=\"3b209c4d\" data-element_type=\"widget\" data-widget_type=\"spacer.default\">\n\t\t\t\t\t\t\t<div class=\"elementor-spacer\">\n\t\t\t<div class=\"elementor-spacer-inner\"><\/div>\n\t\t<\/div>\n\t\t\t\t\t\t<\/div>\n\t\t\t\t<\/div>\n\t\t\t\t\t<\/div>\n\t\t\t\t<\/div>\n\t\t\t\t<\/div>","protected":false},"excerpt":{"rendered":"<p>Jasna \u0160poljari\u0107 psihologinja \u00a0 Ostale informacije Iskustvo u savjetovanju\/psihoterapiji:\u00a0DA Primarna podru\u010dja rada:\u00a0Socijalne slu\u017ebe Primarna podru\u010dja rada_ostalo:\u00a0Za\u0161tita djece i obitelji; dijagnostika i tretman Iskustvo u radu s LGBTIQ osobama:\u00a0DA Zavr\u0161ena edukacija:&#8211; Magisterij na temu Trauma kod djece&#8211; Sensitivity trening&#8211; realitetna terapija&#8211; racionalno-kognitivna terapija Edukacija u tijeku:\u00a0Zavr\u0161ila Ge\u0161talt kod Irene Benazi\u0107 i Jadrana Morovi\u0107a &#8211; u tijeku &hellip;<\/p>\n<p class=\"read-more\"> <a class=\"\" href=\"https:\/\/lori.hr\/en\/jasna-spoljaric\/\"> <span class=\"screen-reader-text\">Jasna \u0160poljari\u0107<\/span> Read More \u00bb<\/a><\/p>","protected":false},"author":1,"featured_media":0,"parent":0,"menu_order":0,"comment_status":"closed","ping_status":"closed","template":"","meta":{"_uag_custom_page_level_css":"","site-sidebar-layout":"no-sidebar","site-content-layout":"page-builder","ast-site-content-layout":"","site-content-style":"default","site-sidebar-style":"default","ast-global-header-display":"","ast-banner-title-visibility":"","ast-main-header-display":"","ast-hfb-above-header-display":"","ast-hfb-below-header-display":"","ast-hfb-mobile-header-display":"","site-post-title":"disabled","ast-breadcrumbs-content":"","ast-featured-img":"disabled","footer-sml-layout":"","theme-transparent-header-meta":"","adv-header-id-meta":"","stick-header-meta":"","header-above-stick-meta":"","header-main-stick-meta":"","header-below-stick-meta":"","astra-migrate-meta-layouts":"","footnotes":""},"class_list":["post-4904","page","type-page","status-publish","hentry"],"uagb_featured_image_src":{"full":false,"thumbnail":false,"medium":false,"medium_large":false,"large":false,"1536x1536":false,"2048x2048":false,"trp-custom-language-flag":false},"uagb_author_info":{"display_name":"LORI","author_link":"https:\/\/lori.hr\/en\/author\/ikenji\/"},"uagb_comment_info":0,"uagb_excerpt":"Jasna \u0160poljari\u0107 psihologinja \u00a0 Ostale informacije Iskustvo u savjetovanju\/psihoterapiji:\u00a0DA Primarna podru\u010dja rada:\u00a0Socijalne slu\u017ebe Primarna podru\u010dja rada_ostalo:\u00a0Za\u0161tita djece i obitelji; dijagnostika i tretman Iskustvo u radu s LGBTIQ osobama:\u00a0DA Zavr\u0161ena edukacija:&#8211; Magisterij na temu Trauma kod djece&#8211; Sensitivity trening&#8211; realitetna terapija&#8211; racionalno-kognitivna terapija Edukacija u tijeku:\u00a0Zavr\u0161ila Ge\u0161talt kod Irene Benazi\u0107 i Jadrana Morovi\u0107a &#8211; u tijeku&hellip;","_links":{"self":[{"href":"https:\/\/lori.hr\/en\/wp-json\/wp\/v2\/pages\/4904","targetHints":{"allow":["GET"]}}],"collection":[{"href":"https:\/\/lori.hr\/en\/wp-json\/wp\/v2\/pages"}],"about":[{"href":"https:\/\/lori.hr\/en\/wp-json\/wp\/v2\/types\/page"}],"author":[{"embeddable":true,"href":"https:\/\/lori.hr\/en\/wp-json\/wp\/v2\/users\/1"}],"replies":[{"embeddable":true,"href":"https:\/\/lori.hr\/en\/wp-json\/wp\/v2\/comments?post=4904"}],"version-history":[{"count":7,"href":"https:\/\/lori.hr\/en\/wp-json\/wp\/v2\/pages\/4904\/revisions"}],"predecessor-version":[{"id":4914,"href":"https:\/\/lori.hr\/en\/wp-json\/wp\/v2\/pages\/4904\/revisions\/4914"}],"wp:attachment":[{"href":"https:\/\/lori.hr\/en\/wp-json\/wp\/v2\/media?parent=4904"}],"curies":[{"name":"wp","href":"https:\/\/api.w.org\/{rel}","templated":true}]}}