{"id":4919,"date":"2023-04-17T10:37:04","date_gmt":"2023-04-17T08:37:04","guid":{"rendered":"https:\/\/lori.hr\/?page_id=4919"},"modified":"2023-04-17T10:38:27","modified_gmt":"2023-04-17T08:38:27","slug":"nebojsa-bucanovac","status":"publish","type":"page","link":"https:\/\/lori.hr\/en\/nebojsa-bucanovac\/","title":{"rendered":"Neboj\u0161a Bu\u0107anovac"},"content":{"rendered":"<div data-elementor-type=\"wp-page\" data-elementor-id=\"4919\" class=\"elementor elementor-4919\" data-elementor-post-type=\"page\">\n\t\t\t\t<div class=\"elementor-element elementor-element-4e2b911c navboja e-flex e-con-boxed e-con e-parent\" data-id=\"4e2b911c\" data-element_type=\"container\" data-settings=\"{&quot;background_background&quot;:&quot;classic&quot;}\">\n\t\t\t\t\t<div class=\"e-con-inner\">\n\t\t\t\t<div class=\"elementor-element elementor-element-792d846a elementor-widget elementor-widget-spacer\" data-id=\"792d846a\" data-element_type=\"widget\" data-widget_type=\"spacer.default\">\n\t\t\t\t\t\t\t<div class=\"elementor-spacer\">\n\t\t\t<div class=\"elementor-spacer-inner\"><\/div>\n\t\t<\/div>\n\t\t\t\t\t\t<\/div>\n\t\t\t\t\t<\/div>\n\t\t\t\t<\/div>\n\t\t<div class=\"elementor-element elementor-element-2c1257a3 e-flex e-con-boxed e-con e-parent\" data-id=\"2c1257a3\" data-element_type=\"container\">\n\t\t\t\t\t<div class=\"e-con-inner\">\n\t\t\t\t<div class=\"elementor-element elementor-element-289eb1ed elementor-widget elementor-widget-spacer\" data-id=\"289eb1ed\" data-element_type=\"widget\" data-widget_type=\"spacer.default\">\n\t\t\t\t\t\t\t<div class=\"elementor-spacer\">\n\t\t\t<div class=\"elementor-spacer-inner\"><\/div>\n\t\t<\/div>\n\t\t\t\t\t\t<\/div>\n\t\t\t\t<div class=\"elementor-element elementor-element-17028ff5 elementor-widget elementor-widget-heading\" data-id=\"17028ff5\" data-element_type=\"widget\" data-widget_type=\"heading.default\">\n\t\t\t\t\t<h1 class=\"elementor-heading-title elementor-size-xl\">Neboj\u0161a Bu\u0107anovac<\/h1>\t\t\t\t<\/div>\n\t\t\t\t<div class=\"elementor-element elementor-element-45b8c95 elementor-widget-divider--view-line elementor-widget elementor-widget-divider\" data-id=\"45b8c95\" data-element_type=\"widget\" data-widget_type=\"divider.default\">\n\t\t\t\t\t\t\t<div class=\"elementor-divider\">\n\t\t\t<span class=\"elementor-divider-separator\">\n\t\t\t\t\t\t<\/span>\n\t\t<\/div>\n\t\t\t\t\t\t<\/div>\n\t\t\t\t\t<\/div>\n\t\t\t\t<\/div>\n\t\t<div class=\"elementor-element elementor-element-13127417 e-flex e-con-boxed e-con e-parent\" data-id=\"13127417\" data-element_type=\"container\">\n\t\t\t\t\t<div class=\"e-con-inner\">\n\t\t<div class=\"elementor-element elementor-element-2e0bdbb9 e-con-full e-flex e-con e-parent\" data-id=\"2e0bdbb9\" data-element_type=\"container\">\n\t\t\t\t<div class=\"elementor-element elementor-element-47a2e695 elementor-widget elementor-widget-text-editor\" data-id=\"47a2e695\" data-element_type=\"widget\" data-widget_type=\"text-editor.default\">\n\t\t\t\t\t\t\t\t\t<h3 class=\"subtitle\">psiholog<\/h3><div class=\"address\">\u00a0<\/div><div class=\"contact\"><h3><span style=\"font-size: 1.5em; font-weight: bold;\">Other information<\/span><\/h3><\/div><p>Iskustvo u savjetovanju\/psihoterapiji:\u00a0<b>DA<\/b><br \/><br \/>Primarna podru\u010dja rada:\u00a0<b>klini?ka psihologija<\/b><br \/><br \/>Iskustvo u radu s LGBTIQ osobama:\u00a0<b>DA<\/b><br \/><br \/>Zavr\u0161ena edukacija:<b><br \/>Fakultet za defektologiju (edukacijsko &#8211; rehabilitacijski fakultet)<\/b><br \/><br \/>Edukacija u tijeku:\u00a0<b>Edukacija za psihosocijalne krizne intervencije u sklopu Hrvatskog crvenog kri\u017ea<\/b><br \/><br \/>Dodatne edukacije ili vje\u0161tine:<br \/><b>\u0160kola kibernetike psihoterapije, Zagreb, Medicinski fakultet u Zagrebu<br \/>Transakcijska analiza &#8211; po\u010detni te\u010daj<br \/>Realitetna terapija &#8211; po\u010detni te\u010daj<br \/>Edukacija za supervizore<\/b><\/p>\t\t\t\t\t\t\t\t<\/div>\n\t\t\t\t<\/div>\n\t\t<div class=\"elementor-element elementor-element-1e414be6 e-con-full e-flex e-con e-parent\" data-id=\"1e414be6\" data-element_type=\"container\" data-settings=\"{&quot;background_background&quot;:&quot;classic&quot;}\">\n\t\t\t\t<div class=\"elementor-element elementor-element-7bb662bd elementor-widget elementor-widget-spacer\" data-id=\"7bb662bd\" data-element_type=\"widget\" data-widget_type=\"spacer.default\">\n\t\t\t\t\t\t\t<div class=\"elementor-spacer\">\n\t\t\t<div class=\"elementor-spacer-inner\"><\/div>\n\t\t<\/div>\n\t\t\t\t\t\t<\/div>\n\t\t\t\t<div class=\"elementor-element elementor-element-6fafb91c elementor-widget elementor-widget-heading\" data-id=\"6fafb91c\" data-element_type=\"widget\" data-widget_type=\"heading.default\">\n\t\t\t\t\t<h2 class=\"elementor-heading-title elementor-size-default\">Contact:<\/h2>\t\t\t\t<\/div>\n\t\t\t\t<div class=\"elementor-element elementor-element-58961f54 elementor-widget elementor-widget-text-editor\" data-id=\"58961f54\" data-element_type=\"widget\" data-widget_type=\"text-editor.default\">\n\t\t\t\t\t\t\t\t\t<div class=\"address\"><h3>Adresa<\/h3><p>Vara\u017edin<br \/>42000<\/p><\/div><div class=\"contact\"><h3>Contact us<\/h3><p><span id=\"cloak81026\">E-mail: neckob@hotmail.com<\/span><\/p><p>Mob. <span id=\"eeb-245704-329645\"><\/span><script type=\"text\/javascript\">(function() {var ml=\"027F%6-5914\",mi=\"0894137596287:\",o=\"\";for(var j=0,l=mi.length;j<l;j++) {o+=ml.charAt(mi.charCodeAt(j)-48);}document.getElementById(\"eeb-245704-329645\").innerHTML = decodeURIComponent(o);}());<\/script><noscript>*protected email*<\/noscript><\/p><\/div>\t\t\t\t\t\t\t\t<\/div>\n\t\t\t\t<\/div>\n\t\t\t\t\t<\/div>\n\t\t\t\t<\/div>\n\t\t<div class=\"elementor-element elementor-element-7c5dade6 e-flex e-con-boxed e-con e-parent\" data-id=\"7c5dade6\" data-element_type=\"container\" data-settings=\"{&quot;background_background&quot;:&quot;classic&quot;}\">\n\t\t\t\t\t<div class=\"e-con-inner\">\n\t\t<div class=\"elementor-element elementor-element-22e13545 e-con-full e-flex e-con e-parent\" data-id=\"22e13545\" data-element_type=\"container\">\n\t\t\t\t<div class=\"elementor-element elementor-element-2b56b78 elementor-widget elementor-widget-spacer\" data-id=\"2b56b78\" data-element_type=\"widget\" data-widget_type=\"spacer.default\">\n\t\t\t\t\t\t\t<div class=\"elementor-spacer\">\n\t\t\t<div class=\"elementor-spacer-inner\"><\/div>\n\t\t<\/div>\n\t\t\t\t\t\t<\/div>\n\t\t\t\t<\/div>\n\t\t\t\t\t<\/div>\n\t\t\t\t<\/div>\n\t\t\t\t<\/div>","protected":false},"excerpt":{"rendered":"<p>Neboj\u0161a Bu\u0107anovac psiholog \u00a0 Ostale informacije Iskustvo u savjetovanju\/psihoterapiji:\u00a0DA Primarna podru\u010dja rada:\u00a0klini?ka psihologija Iskustvo u radu s LGBTIQ osobama:\u00a0DA Zavr\u0161ena edukacija:Fakultet za defektologiju (edukacijsko &#8211; rehabilitacijski fakultet) Edukacija u tijeku:\u00a0Edukacija za psihosocijalne krizne intervencije u sklopu Hrvatskog crvenog kri\u017ea Dodatne edukacije ili vje\u0161tine:\u0160kola kibernetike psihoterapije, Zagreb, Medicinski fakultet u ZagrebuTransakcijska analiza &#8211; po\u010detni te\u010dajRealitetna terapija &hellip;<\/p>\n<p class=\"read-more\"> <a class=\"\" href=\"https:\/\/lori.hr\/en\/nebojsa-bucanovac\/\"> <span class=\"screen-reader-text\">Neboj\u0161a Bu\u0107anovac<\/span> Read More \u00bb<\/a><\/p>","protected":false},"author":1,"featured_media":0,"parent":0,"menu_order":0,"comment_status":"closed","ping_status":"closed","template":"","meta":{"_uag_custom_page_level_css":"","site-sidebar-layout":"no-sidebar","site-content-layout":"page-builder","ast-site-content-layout":"","site-content-style":"default","site-sidebar-style":"default","ast-global-header-display":"","ast-banner-title-visibility":"","ast-main-header-display":"","ast-hfb-above-header-display":"","ast-hfb-below-header-display":"","ast-hfb-mobile-header-display":"","site-post-title":"disabled","ast-breadcrumbs-content":"","ast-featured-img":"disabled","footer-sml-layout":"","theme-transparent-header-meta":"","adv-header-id-meta":"","stick-header-meta":"","header-above-stick-meta":"","header-main-stick-meta":"","header-below-stick-meta":"","astra-migrate-meta-layouts":"","footnotes":""},"class_list":["post-4919","page","type-page","status-publish","hentry"],"uagb_featured_image_src":{"full":false,"thumbnail":false,"medium":false,"medium_large":false,"large":false,"1536x1536":false,"2048x2048":false,"trp-custom-language-flag":false},"uagb_author_info":{"display_name":"LORI","author_link":"https:\/\/lori.hr\/en\/author\/ikenji\/"},"uagb_comment_info":0,"uagb_excerpt":"Neboj\u0161a Bu\u0107anovac psiholog \u00a0 Ostale informacije Iskustvo u savjetovanju\/psihoterapiji:\u00a0DA Primarna podru\u010dja rada:\u00a0klini?ka psihologija Iskustvo u radu s LGBTIQ osobama:\u00a0DA Zavr\u0161ena edukacija:Fakultet za defektologiju (edukacijsko &#8211; rehabilitacijski fakultet) Edukacija u tijeku:\u00a0Edukacija za psihosocijalne krizne intervencije u sklopu Hrvatskog crvenog kri\u017ea Dodatne edukacije ili vje\u0161tine:\u0160kola kibernetike psihoterapije, Zagreb, Medicinski fakultet u ZagrebuTransakcijska analiza &#8211; po\u010detni te\u010dajRealitetna terapija&hellip;","_links":{"self":[{"href":"https:\/\/lori.hr\/en\/wp-json\/wp\/v2\/pages\/4919","targetHints":{"allow":["GET"]}}],"collection":[{"href":"https:\/\/lori.hr\/en\/wp-json\/wp\/v2\/pages"}],"about":[{"href":"https:\/\/lori.hr\/en\/wp-json\/wp\/v2\/types\/page"}],"author":[{"embeddable":true,"href":"https:\/\/lori.hr\/en\/wp-json\/wp\/v2\/users\/1"}],"replies":[{"embeddable":true,"href":"https:\/\/lori.hr\/en\/wp-json\/wp\/v2\/comments?post=4919"}],"version-history":[{"count":4,"href":"https:\/\/lori.hr\/en\/wp-json\/wp\/v2\/pages\/4919\/revisions"}],"predecessor-version":[{"id":4924,"href":"https:\/\/lori.hr\/en\/wp-json\/wp\/v2\/pages\/4919\/revisions\/4924"}],"wp:attachment":[{"href":"https:\/\/lori.hr\/en\/wp-json\/wp\/v2\/media?parent=4919"}],"curies":[{"name":"wp","href":"https:\/\/api.w.org\/{rel}","templated":true}]}}