{"id":4928,"date":"2023-04-17T10:42:19","date_gmt":"2023-04-17T08:42:19","guid":{"rendered":"https:\/\/lori.hr\/?page_id=4928"},"modified":"2023-04-17T10:44:09","modified_gmt":"2023-04-17T08:44:09","slug":"lgbt-centar-split-queer-sport-split","status":"publish","type":"page","link":"https:\/\/lori.hr\/en\/lgbt-centar-split-queer-sport-split\/","title":{"rendered":"LGBT Centar Split, Queer Sport Split"},"content":{"rendered":"<div data-elementor-type=\"wp-page\" data-elementor-id=\"4928\" class=\"elementor elementor-4928\" data-elementor-post-type=\"page\">\n\t\t\t\t<div class=\"elementor-element elementor-element-e1155a3 navboja e-flex e-con-boxed e-con e-parent\" data-id=\"e1155a3\" data-element_type=\"container\" data-settings=\"{&quot;background_background&quot;:&quot;classic&quot;}\">\n\t\t\t\t\t<div class=\"e-con-inner\">\n\t\t\t\t<div class=\"elementor-element elementor-element-6d813500 elementor-widget elementor-widget-spacer\" data-id=\"6d813500\" data-element_type=\"widget\" data-widget_type=\"spacer.default\">\n\t\t\t\t\t\t\t<div class=\"elementor-spacer\">\n\t\t\t<div class=\"elementor-spacer-inner\"><\/div>\n\t\t<\/div>\n\t\t\t\t\t\t<\/div>\n\t\t\t\t\t<\/div>\n\t\t\t\t<\/div>\n\t\t<div class=\"elementor-element elementor-element-4ac42761 e-flex e-con-boxed e-con e-parent\" data-id=\"4ac42761\" data-element_type=\"container\">\n\t\t\t\t\t<div class=\"e-con-inner\">\n\t\t\t\t<div class=\"elementor-element elementor-element-7c834281 elementor-widget elementor-widget-spacer\" data-id=\"7c834281\" data-element_type=\"widget\" data-widget_type=\"spacer.default\">\n\t\t\t\t\t\t\t<div class=\"elementor-spacer\">\n\t\t\t<div class=\"elementor-spacer-inner\"><\/div>\n\t\t<\/div>\n\t\t\t\t\t\t<\/div>\n\t\t\t\t<div class=\"elementor-element elementor-element-33133936 elementor-widget elementor-widget-heading\" data-id=\"33133936\" data-element_type=\"widget\" data-widget_type=\"heading.default\">\n\t\t\t\t\t<h1 class=\"elementor-heading-title elementor-size-xl\">LGBT Centar Split, Queer Sport Split<\/h1>\t\t\t\t<\/div>\n\t\t\t\t<div class=\"elementor-element elementor-element-84a83bb elementor-widget-divider--view-line elementor-widget elementor-widget-divider\" data-id=\"84a83bb\" data-element_type=\"widget\" data-widget_type=\"divider.default\">\n\t\t\t\t\t\t\t<div class=\"elementor-divider\">\n\t\t\t<span class=\"elementor-divider-separator\">\n\t\t\t\t\t\t<\/span>\n\t\t<\/div>\n\t\t\t\t\t\t<\/div>\n\t\t\t\t\t<\/div>\n\t\t\t\t<\/div>\n\t\t<div class=\"elementor-element elementor-element-507db6e5 e-flex e-con-boxed e-con e-parent\" data-id=\"507db6e5\" data-element_type=\"container\">\n\t\t\t\t\t<div class=\"e-con-inner\">\n\t\t<div class=\"elementor-element elementor-element-4265e915 e-con-full e-flex e-con e-parent\" data-id=\"4265e915\" data-element_type=\"container\">\n\t\t\t\t<div class=\"elementor-element elementor-element-24bcab17 elementor-widget elementor-widget-text-editor\" data-id=\"24bcab17\" data-element_type=\"widget\" data-widget_type=\"text-editor.default\">\n\t\t\t\t\t\t\t\t\t<h3 class=\"subtitle\">grupa psihologa\/ginja<\/h3><div class=\"address\">\u00a0<\/div><div class=\"contact\"><h3><span style=\"font-size: 1.5em; font-weight: bold;\">Other information<\/span><\/h3><\/div><p>Iskustvo u savjetovanju\/psihoterapiji:\u00a0<strong>DA<\/strong><br \/><br \/>Primarna podru\u010dja rada:\u00a0<strong>klini\u010dka psihologija<\/strong><br \/><br \/>Iskustvo u radu s LGBTIQ osobama:\u00a0<strong>DA<\/strong><br \/><br \/>Zavr\u0161ena edukacija:\u00a0<strong>Psihologinje koje pru\u017eaju podr\u0161ku u Centru su psihoterapeutkinje educirane u polju KBT-a i Integrativne psihoterapije.<\/strong><br \/><br \/>Dodatne edukacije ili vje\u0161tine:\u00a0<\/p><p>Neki od problema s kojima se bavi psiholo\u0161ko savjetovali\u0161te:<br \/>\u2022 podr\u0161ka u procesu coming-outa<br \/>\u2022 partnerski problemi<br \/>\u2022 depresija<br \/>\u2022 anksioznost<br \/>\u2022 efikasno rje\u0161avanje problema ili sukoba<br \/>\u2022 pomo\u0107 kod preispitivanja vezanih za vlastiti spolni i rodni identitet<br \/>\u2022 rad s roditeljima LGBTIQ+ osoba u vidu prihva\u0107anja i razumijevanja rodno\/spolnog identiteta i spolne orjentacije<br \/>\u2022 rad s traumatskim iskustvima vezanim za psihi\u010dko, fizi\u010dko ili seksualno nasilje u djetinjstvu i odrasloj dobi, te bilo kakvim traumatskim doga\u0111ajima<br \/>\u2022 rad na samopouzdanju<br \/>\u2022 problemi vezani uz impulzivna ili agresivna pona\u0161anja<br \/>\u2022 problemi s ovisno\u0161\u0107u<\/p>\t\t\t\t\t\t\t\t<\/div>\n\t\t\t\t<\/div>\n\t\t<div class=\"elementor-element elementor-element-2d9b034c e-con-full e-flex e-con e-parent\" data-id=\"2d9b034c\" data-element_type=\"container\" data-settings=\"{&quot;background_background&quot;:&quot;classic&quot;}\">\n\t\t\t\t<div class=\"elementor-element elementor-element-193058d5 elementor-widget elementor-widget-spacer\" data-id=\"193058d5\" data-element_type=\"widget\" data-widget_type=\"spacer.default\">\n\t\t\t\t\t\t\t<div class=\"elementor-spacer\">\n\t\t\t<div class=\"elementor-spacer-inner\"><\/div>\n\t\t<\/div>\n\t\t\t\t\t\t<\/div>\n\t\t\t\t<div class=\"elementor-element elementor-element-8f883b7 elementor-widget elementor-widget-heading\" data-id=\"8f883b7\" data-element_type=\"widget\" data-widget_type=\"heading.default\">\n\t\t\t\t\t<h2 class=\"elementor-heading-title elementor-size-default\">Contact:<\/h2>\t\t\t\t<\/div>\n\t\t\t\t<div class=\"elementor-element elementor-element-1275c8a8 elementor-widget elementor-widget-text-editor\" data-id=\"1275c8a8\" data-element_type=\"widget\" data-widget_type=\"text-editor.default\">\n\t\t\t\t\t\t\t\t\t<div class=\"address\"><h3>Adresa<\/h3><p>Split<br \/>21000<\/p><\/div><div class=\"contact\"><h3>Contact us<\/h3><p><span id=\"cloak81026\">E-mail: savjetovanje.qss@gmail.com<\/span><\/p><p>Web:\u00a0 https:\/\/lgbtcentarsplit.org\/savjetovaliste-podrska\/<\/p><\/div>\t\t\t\t\t\t\t\t<\/div>\n\t\t\t\t<\/div>\n\t\t\t\t\t<\/div>\n\t\t\t\t<\/div>\n\t\t<div class=\"elementor-element elementor-element-59a153d1 e-flex e-con-boxed e-con e-parent\" data-id=\"59a153d1\" data-element_type=\"container\" data-settings=\"{&quot;background_background&quot;:&quot;classic&quot;}\">\n\t\t\t\t\t<div class=\"e-con-inner\">\n\t\t<div class=\"elementor-element elementor-element-40e2a2ea e-con-full e-flex e-con e-parent\" data-id=\"40e2a2ea\" data-element_type=\"container\">\n\t\t\t\t<div class=\"elementor-element elementor-element-18510725 elementor-widget elementor-widget-spacer\" data-id=\"18510725\" data-element_type=\"widget\" data-widget_type=\"spacer.default\">\n\t\t\t\t\t\t\t<div class=\"elementor-spacer\">\n\t\t\t<div class=\"elementor-spacer-inner\"><\/div>\n\t\t<\/div>\n\t\t\t\t\t\t<\/div>\n\t\t\t\t<\/div>\n\t\t\t\t\t<\/div>\n\t\t\t\t<\/div>\n\t\t\t\t<\/div>","protected":false},"excerpt":{"rendered":"<p>LGBT Centar Split, Queer Sport Split grupa psihologa\/ginja \u00a0 Ostale informacije Iskustvo u savjetovanju\/psihoterapiji:\u00a0DA Primarna podru\u010dja rada:\u00a0klini\u010dka psihologija Iskustvo u radu s LGBTIQ osobama:\u00a0DA Zavr\u0161ena edukacija:\u00a0Psihologinje koje pru\u017eaju podr\u0161ku u Centru su psihoterapeutkinje educirane u polju KBT-a i Integrativne psihoterapije. Dodatne edukacije ili vje\u0161tine:\u00a0 Neki od problema s kojima se bavi psiholo\u0161ko savjetovali\u0161te:\u2022 podr\u0161ka u &hellip;<\/p>\n<p class=\"read-more\"> <a class=\"\" href=\"https:\/\/lori.hr\/en\/lgbt-centar-split-queer-sport-split\/\"> <span class=\"screen-reader-text\">LGBT Centar Split, Queer Sport Split<\/span> Read More \u00bb<\/a><\/p>","protected":false},"author":1,"featured_media":0,"parent":0,"menu_order":0,"comment_status":"closed","ping_status":"closed","template":"","meta":{"_uag_custom_page_level_css":"","site-sidebar-layout":"no-sidebar","site-content-layout":"page-builder","ast-site-content-layout":"","site-content-style":"default","site-sidebar-style":"default","ast-global-header-display":"","ast-banner-title-visibility":"","ast-main-header-display":"","ast-hfb-above-header-display":"","ast-hfb-below-header-display":"","ast-hfb-mobile-header-display":"","site-post-title":"disabled","ast-breadcrumbs-content":"","ast-featured-img":"disabled","footer-sml-layout":"","theme-transparent-header-meta":"","adv-header-id-meta":"","stick-header-meta":"","header-above-stick-meta":"","header-main-stick-meta":"","header-below-stick-meta":"","astra-migrate-meta-layouts":"","footnotes":""},"class_list":["post-4928","page","type-page","status-publish","hentry"],"uagb_featured_image_src":{"full":false,"thumbnail":false,"medium":false,"medium_large":false,"large":false,"1536x1536":false,"2048x2048":false,"trp-custom-language-flag":false},"uagb_author_info":{"display_name":"LORI","author_link":"https:\/\/lori.hr\/en\/author\/ikenji\/"},"uagb_comment_info":0,"uagb_excerpt":"LGBT Centar Split, Queer Sport Split grupa psihologa\/ginja \u00a0 Ostale informacije Iskustvo u savjetovanju\/psihoterapiji:\u00a0DA Primarna podru\u010dja rada:\u00a0klini\u010dka psihologija Iskustvo u radu s LGBTIQ osobama:\u00a0DA Zavr\u0161ena edukacija:\u00a0Psihologinje koje pru\u017eaju podr\u0161ku u Centru su psihoterapeutkinje educirane u polju KBT-a i Integrativne psihoterapije. Dodatne edukacije ili vje\u0161tine:\u00a0 Neki od problema s kojima se bavi psiholo\u0161ko savjetovali\u0161te:\u2022 podr\u0161ka u&hellip;","_links":{"self":[{"href":"https:\/\/lori.hr\/en\/wp-json\/wp\/v2\/pages\/4928","targetHints":{"allow":["GET"]}}],"collection":[{"href":"https:\/\/lori.hr\/en\/wp-json\/wp\/v2\/pages"}],"about":[{"href":"https:\/\/lori.hr\/en\/wp-json\/wp\/v2\/types\/page"}],"author":[{"embeddable":true,"href":"https:\/\/lori.hr\/en\/wp-json\/wp\/v2\/users\/1"}],"replies":[{"embeddable":true,"href":"https:\/\/lori.hr\/en\/wp-json\/wp\/v2\/comments?post=4928"}],"version-history":[{"count":3,"href":"https:\/\/lori.hr\/en\/wp-json\/wp\/v2\/pages\/4928\/revisions"}],"predecessor-version":[{"id":4931,"href":"https:\/\/lori.hr\/en\/wp-json\/wp\/v2\/pages\/4928\/revisions\/4931"}],"wp:attachment":[{"href":"https:\/\/lori.hr\/en\/wp-json\/wp\/v2\/media?parent=4928"}],"curies":[{"name":"wp","href":"https:\/\/api.w.org\/{rel}","templated":true}]}}