{"id":4932,"date":"2023-04-17T10:45:30","date_gmt":"2023-04-17T08:45:30","guid":{"rendered":"https:\/\/lori.hr\/?page_id=4932"},"modified":"2023-04-17T10:46:37","modified_gmt":"2023-04-17T08:46:37","slug":"ana-drnasin","status":"publish","type":"page","link":"https:\/\/lori.hr\/en\/ana-drnasin\/","title":{"rendered":"Ana Drna\u0161in"},"content":{"rendered":"<div data-elementor-type=\"wp-page\" data-elementor-id=\"4932\" class=\"elementor elementor-4932\" data-elementor-post-type=\"page\">\n\t\t\t\t<div class=\"elementor-element elementor-element-2e8c723c navboja e-flex e-con-boxed e-con e-parent\" data-id=\"2e8c723c\" data-element_type=\"container\" data-settings=\"{&quot;background_background&quot;:&quot;classic&quot;}\">\n\t\t\t\t\t<div class=\"e-con-inner\">\n\t\t\t\t<div class=\"elementor-element elementor-element-30c1af6a elementor-widget elementor-widget-spacer\" data-id=\"30c1af6a\" data-element_type=\"widget\" data-widget_type=\"spacer.default\">\n\t\t\t\t\t\t\t<div class=\"elementor-spacer\">\n\t\t\t<div class=\"elementor-spacer-inner\"><\/div>\n\t\t<\/div>\n\t\t\t\t\t\t<\/div>\n\t\t\t\t\t<\/div>\n\t\t\t\t<\/div>\n\t\t<div class=\"elementor-element elementor-element-10072307 e-flex e-con-boxed e-con e-parent\" data-id=\"10072307\" data-element_type=\"container\">\n\t\t\t\t\t<div class=\"e-con-inner\">\n\t\t\t\t<div class=\"elementor-element elementor-element-4a4a6c30 elementor-widget elementor-widget-spacer\" data-id=\"4a4a6c30\" data-element_type=\"widget\" data-widget_type=\"spacer.default\">\n\t\t\t\t\t\t\t<div class=\"elementor-spacer\">\n\t\t\t<div class=\"elementor-spacer-inner\"><\/div>\n\t\t<\/div>\n\t\t\t\t\t\t<\/div>\n\t\t\t\t<div class=\"elementor-element elementor-element-560fd3d2 elementor-widget elementor-widget-heading\" data-id=\"560fd3d2\" data-element_type=\"widget\" data-widget_type=\"heading.default\">\n\t\t\t\t\t<h1 class=\"elementor-heading-title elementor-size-xl\">Ana Drna\u0161in<\/h1>\t\t\t\t<\/div>\n\t\t\t\t<div class=\"elementor-element elementor-element-42463a0 elementor-widget-divider--view-line elementor-widget elementor-widget-divider\" data-id=\"42463a0\" data-element_type=\"widget\" data-widget_type=\"divider.default\">\n\t\t\t\t\t\t\t<div class=\"elementor-divider\">\n\t\t\t<span class=\"elementor-divider-separator\">\n\t\t\t\t\t\t<\/span>\n\t\t<\/div>\n\t\t\t\t\t\t<\/div>\n\t\t\t\t\t<\/div>\n\t\t\t\t<\/div>\n\t\t<div class=\"elementor-element elementor-element-7eb39a72 e-flex e-con-boxed e-con e-parent\" data-id=\"7eb39a72\" data-element_type=\"container\">\n\t\t\t\t\t<div class=\"e-con-inner\">\n\t\t<div class=\"elementor-element elementor-element-2efe1d4c e-con-full e-flex e-con e-parent\" data-id=\"2efe1d4c\" data-element_type=\"container\">\n\t\t\t\t<div class=\"elementor-element elementor-element-174310f1 elementor-widget elementor-widget-text-editor\" data-id=\"174310f1\" data-element_type=\"widget\" data-widget_type=\"text-editor.default\">\n\t\t\t\t\t\t\t\t\t<h3 class=\"subtitle\">psihologinja<\/h3><div class=\"address\">\u00a0<\/div><div class=\"contact\"><h3><span style=\"font-size: 1.5em; font-weight: bold;\">Other information<\/span><\/h3><\/div><p>Iskustvo u savjetovanju\/psihoterapiji:\u00a0<strong>DA<\/strong><br \/><br \/>Primarna podru\u010dja rada:\u00a0<strong>klini\u010dka i zdravstvena psihologija<\/strong><\/p><p>Ostalo:\u00a0<strong>Palijativna psihologija, BKT, savjetovanje, rad u Autonomnoj \u017eenskoj ku\u0107i u Zagrebu, trenutno radim u Splitu u Domu za starije te u stacionaru ustanove za zdravstvenu njegu<\/strong><br \/><br \/>Iskustvo u radu s LGBTIQ osobama:\u00a0<strong>DA<\/strong><br \/><br \/>Zavr\u0161ena edukacija:\u00a0<strong>Osnove palijativne medicine, Osnove savjetovanja \u017eena \u017ertava nasilja u organizaciji Autonomne \u017eenske ku\u0107e, mentorica mr. spec. klini\u010dke psihologije Iva \u017degura<\/strong><\/p><p>Edukacija u tijeku:\u00a0<strong>BKT, uskoro specijalizacija iz klini\u010dke psihologije<\/strong><\/p>\t\t\t\t\t\t\t\t<\/div>\n\t\t\t\t<\/div>\n\t\t<div class=\"elementor-element elementor-element-14d7f447 e-con-full e-flex e-con e-parent\" data-id=\"14d7f447\" data-element_type=\"container\" data-settings=\"{&quot;background_background&quot;:&quot;classic&quot;}\">\n\t\t\t\t<div class=\"elementor-element elementor-element-4f250b4 elementor-widget elementor-widget-spacer\" data-id=\"4f250b4\" data-element_type=\"widget\" data-widget_type=\"spacer.default\">\n\t\t\t\t\t\t\t<div class=\"elementor-spacer\">\n\t\t\t<div class=\"elementor-spacer-inner\"><\/div>\n\t\t<\/div>\n\t\t\t\t\t\t<\/div>\n\t\t\t\t<div class=\"elementor-element elementor-element-32920a51 elementor-widget elementor-widget-heading\" data-id=\"32920a51\" data-element_type=\"widget\" data-widget_type=\"heading.default\">\n\t\t\t\t\t<h2 class=\"elementor-heading-title elementor-size-default\">Contact:<\/h2>\t\t\t\t<\/div>\n\t\t\t\t<div class=\"elementor-element elementor-element-54b7889b elementor-widget elementor-widget-text-editor\" data-id=\"54b7889b\" data-element_type=\"widget\" data-widget_type=\"text-editor.default\">\n\t\t\t\t\t\t\t\t\t<div class=\"address\"><h3>Adresa<\/h3><p>Split<br \/>21000<\/p><\/div><div class=\"contact\"><h3>Contact us<\/h3><p><span id=\"cloak81026\">E-mail: ana.drnasin@gmail.com<\/span><\/p><\/div>\t\t\t\t\t\t\t\t<\/div>\n\t\t\t\t<\/div>\n\t\t\t\t\t<\/div>\n\t\t\t\t<\/div>\n\t\t<div class=\"elementor-element elementor-element-43cbd84b e-flex e-con-boxed e-con e-parent\" data-id=\"43cbd84b\" data-element_type=\"container\" data-settings=\"{&quot;background_background&quot;:&quot;classic&quot;}\">\n\t\t\t\t\t<div class=\"e-con-inner\">\n\t\t<div class=\"elementor-element elementor-element-5d942aa6 e-con-full e-flex e-con e-parent\" data-id=\"5d942aa6\" data-element_type=\"container\">\n\t\t\t\t<div class=\"elementor-element elementor-element-720d8d3f elementor-widget elementor-widget-spacer\" data-id=\"720d8d3f\" data-element_type=\"widget\" data-widget_type=\"spacer.default\">\n\t\t\t\t\t\t\t<div class=\"elementor-spacer\">\n\t\t\t<div class=\"elementor-spacer-inner\"><\/div>\n\t\t<\/div>\n\t\t\t\t\t\t<\/div>\n\t\t\t\t<\/div>\n\t\t\t\t\t<\/div>\n\t\t\t\t<\/div>\n\t\t\t\t<\/div>","protected":false},"excerpt":{"rendered":"<p>Ana Drna\u0161in psihologinja \u00a0 Ostale informacije Iskustvo u savjetovanju\/psihoterapiji:\u00a0DA Primarna podru\u010dja rada:\u00a0klini\u010dka i zdravstvena psihologija Ostalo:\u00a0Palijativna psihologija, BKT, savjetovanje, rad u Autonomnoj \u017eenskoj ku\u0107i u Zagrebu, trenutno radim u Splitu u Domu za starije te u stacionaru ustanove za zdravstvenu njegu Iskustvo u radu s LGBTIQ osobama:\u00a0DA Zavr\u0161ena edukacija:\u00a0Osnove palijativne medicine, Osnove savjetovanja \u017eena \u017ertava &hellip;<\/p>\n<p class=\"read-more\"> <a class=\"\" href=\"https:\/\/lori.hr\/en\/ana-drnasin\/\"> <span class=\"screen-reader-text\">Ana Drna\u0161in<\/span> Read More \u00bb<\/a><\/p>","protected":false},"author":1,"featured_media":0,"parent":0,"menu_order":0,"comment_status":"closed","ping_status":"closed","template":"","meta":{"_uag_custom_page_level_css":"","site-sidebar-layout":"no-sidebar","site-content-layout":"page-builder","ast-site-content-layout":"","site-content-style":"default","site-sidebar-style":"default","ast-global-header-display":"","ast-banner-title-visibility":"","ast-main-header-display":"","ast-hfb-above-header-display":"","ast-hfb-below-header-display":"","ast-hfb-mobile-header-display":"","site-post-title":"disabled","ast-breadcrumbs-content":"","ast-featured-img":"disabled","footer-sml-layout":"","theme-transparent-header-meta":"","adv-header-id-meta":"","stick-header-meta":"","header-above-stick-meta":"","header-main-stick-meta":"","header-below-stick-meta":"","astra-migrate-meta-layouts":"","footnotes":""},"class_list":["post-4932","page","type-page","status-publish","hentry"],"uagb_featured_image_src":{"full":false,"thumbnail":false,"medium":false,"medium_large":false,"large":false,"1536x1536":false,"2048x2048":false,"trp-custom-language-flag":false},"uagb_author_info":{"display_name":"LORI","author_link":"https:\/\/lori.hr\/en\/author\/ikenji\/"},"uagb_comment_info":0,"uagb_excerpt":"Ana Drna\u0161in psihologinja \u00a0 Ostale informacije Iskustvo u savjetovanju\/psihoterapiji:\u00a0DA Primarna podru\u010dja rada:\u00a0klini\u010dka i zdravstvena psihologija Ostalo:\u00a0Palijativna psihologija, BKT, savjetovanje, rad u Autonomnoj \u017eenskoj ku\u0107i u Zagrebu, trenutno radim u Splitu u Domu za starije te u stacionaru ustanove za zdravstvenu njegu Iskustvo u radu s LGBTIQ osobama:\u00a0DA Zavr\u0161ena edukacija:\u00a0Osnove palijativne medicine, Osnove savjetovanja \u017eena \u017ertava&hellip;","_links":{"self":[{"href":"https:\/\/lori.hr\/en\/wp-json\/wp\/v2\/pages\/4932","targetHints":{"allow":["GET"]}}],"collection":[{"href":"https:\/\/lori.hr\/en\/wp-json\/wp\/v2\/pages"}],"about":[{"href":"https:\/\/lori.hr\/en\/wp-json\/wp\/v2\/types\/page"}],"author":[{"embeddable":true,"href":"https:\/\/lori.hr\/en\/wp-json\/wp\/v2\/users\/1"}],"replies":[{"embeddable":true,"href":"https:\/\/lori.hr\/en\/wp-json\/wp\/v2\/comments?post=4932"}],"version-history":[{"count":4,"href":"https:\/\/lori.hr\/en\/wp-json\/wp\/v2\/pages\/4932\/revisions"}],"predecessor-version":[{"id":4937,"href":"https:\/\/lori.hr\/en\/wp-json\/wp\/v2\/pages\/4932\/revisions\/4937"}],"wp:attachment":[{"href":"https:\/\/lori.hr\/en\/wp-json\/wp\/v2\/media?parent=4932"}],"curies":[{"name":"wp","href":"https:\/\/api.w.org\/{rel}","templated":true}]}}