{"id":4963,"date":"2023-04-17T11:07:24","date_gmt":"2023-04-17T09:07:24","guid":{"rendered":"https:\/\/lori.hr\/?page_id=4963"},"modified":"2023-04-17T11:09:20","modified_gmt":"2023-04-17T09:09:20","slug":"zvoncica-kucanda","status":"publish","type":"page","link":"https:\/\/lori.hr\/en\/zvoncica-kucanda\/","title":{"rendered":"Zvon\u010dica Ku\u010danda"},"content":{"rendered":"<div data-elementor-type=\"wp-page\" data-elementor-id=\"4963\" class=\"elementor elementor-4963\" data-elementor-post-type=\"page\">\n\t\t\t\t<div class=\"elementor-element elementor-element-2ab3ed59 navboja e-flex e-con-boxed e-con e-parent\" data-id=\"2ab3ed59\" data-element_type=\"container\" data-settings=\"{&quot;background_background&quot;:&quot;classic&quot;}\">\n\t\t\t\t\t<div class=\"e-con-inner\">\n\t\t\t\t<div class=\"elementor-element elementor-element-40f76c60 elementor-widget elementor-widget-spacer\" data-id=\"40f76c60\" data-element_type=\"widget\" data-widget_type=\"spacer.default\">\n\t\t\t\t\t\t\t<div class=\"elementor-spacer\">\n\t\t\t<div class=\"elementor-spacer-inner\"><\/div>\n\t\t<\/div>\n\t\t\t\t\t\t<\/div>\n\t\t\t\t\t<\/div>\n\t\t\t\t<\/div>\n\t\t<div class=\"elementor-element elementor-element-6d7bfc5e e-flex e-con-boxed e-con e-parent\" data-id=\"6d7bfc5e\" data-element_type=\"container\">\n\t\t\t\t\t<div class=\"e-con-inner\">\n\t\t\t\t<div class=\"elementor-element elementor-element-ec61106 elementor-widget elementor-widget-spacer\" data-id=\"ec61106\" data-element_type=\"widget\" data-widget_type=\"spacer.default\">\n\t\t\t\t\t\t\t<div class=\"elementor-spacer\">\n\t\t\t<div class=\"elementor-spacer-inner\"><\/div>\n\t\t<\/div>\n\t\t\t\t\t\t<\/div>\n\t\t\t\t<div class=\"elementor-element elementor-element-d27cd56 elementor-widget elementor-widget-heading\" data-id=\"d27cd56\" data-element_type=\"widget\" data-widget_type=\"heading.default\">\n\t\t\t\t\t<h1 class=\"elementor-heading-title elementor-size-xl\">Zvon\u010dica Ku\u010danda<\/h1>\t\t\t\t<\/div>\n\t\t\t\t<div class=\"elementor-element elementor-element-777e7ded elementor-widget-divider--view-line elementor-widget elementor-widget-divider\" data-id=\"777e7ded\" data-element_type=\"widget\" data-widget_type=\"divider.default\">\n\t\t\t\t\t\t\t<div class=\"elementor-divider\">\n\t\t\t<span class=\"elementor-divider-separator\">\n\t\t\t\t\t\t<\/span>\n\t\t<\/div>\n\t\t\t\t\t\t<\/div>\n\t\t\t\t\t<\/div>\n\t\t\t\t<\/div>\n\t\t<div class=\"elementor-element elementor-element-63ea3719 e-flex e-con-boxed e-con e-parent\" data-id=\"63ea3719\" data-element_type=\"container\">\n\t\t\t\t\t<div class=\"e-con-inner\">\n\t\t<div class=\"elementor-element elementor-element-7f32d8b3 e-con-full e-flex e-con e-parent\" data-id=\"7f32d8b3\" data-element_type=\"container\">\n\t\t\t\t<div class=\"elementor-element elementor-element-79724b6f elementor-widget elementor-widget-text-editor\" data-id=\"79724b6f\" data-element_type=\"widget\" data-widget_type=\"text-editor.default\">\n\t\t\t\t\t\t\t\t\t<h3 class=\"subtitle\">psihologinja i psihoterapeutkinja<\/h3><div class=\"address\">\u00a0<\/div><div class=\"contact\"><h3><span style=\"font-size: 1.5em; font-weight: bold;\">Other information<\/span><\/h3><\/div><p>Iskustvo u savjetovanju\/psihoterapiji:\u00a0<strong>DA<\/strong><br \/><br \/>Primarna podru\u010dja rada:\u00a0<strong>\u0161kolska i pred\u0161kolska te sportska\u00a0psihologija i psihoterapija<\/strong><br \/><br \/>Iskustvo u radu s LGBTIQ osobama:\u00a0<strong>DA<\/strong><br \/><br \/>Zavr\u0161ena edukacija:\u00a0<strong>Ge\u0161talt psihoterapija<\/strong><br \/><br \/>Dodatne edukacije ili vje\u0161tine:\u00a0<strong>Uvod u TA<\/strong><br \/><strong>Kreativne tehnike i tehnike terapije igrom u terapiji i savjetovanju s djecom<\/strong><br \/><strong>8-tjedni te\u010daj mindfulnessa zasnovan na kognitivnoj terapiji punom svjesno\u0161\u0107u &#8211; KTPS<\/strong><\/p>\t\t\t\t\t\t\t\t<\/div>\n\t\t\t\t<\/div>\n\t\t<div class=\"elementor-element elementor-element-562ac921 e-con-full e-flex e-con e-parent\" data-id=\"562ac921\" data-element_type=\"container\" data-settings=\"{&quot;background_background&quot;:&quot;classic&quot;}\">\n\t\t\t\t<div class=\"elementor-element elementor-element-6ba56a85 elementor-widget elementor-widget-spacer\" data-id=\"6ba56a85\" data-element_type=\"widget\" data-widget_type=\"spacer.default\">\n\t\t\t\t\t\t\t<div class=\"elementor-spacer\">\n\t\t\t<div class=\"elementor-spacer-inner\"><\/div>\n\t\t<\/div>\n\t\t\t\t\t\t<\/div>\n\t\t\t\t<div class=\"elementor-element elementor-element-792f54af elementor-widget elementor-widget-heading\" data-id=\"792f54af\" data-element_type=\"widget\" data-widget_type=\"heading.default\">\n\t\t\t\t\t<h2 class=\"elementor-heading-title elementor-size-default\">Contact:<\/h2>\t\t\t\t<\/div>\n\t\t\t\t<div class=\"elementor-element elementor-element-1458992e elementor-widget elementor-widget-text-editor\" data-id=\"1458992e\" data-element_type=\"widget\" data-widget_type=\"text-editor.default\">\n\t\t\t\t\t\t\t\t\t<div class=\"address\"><h3>Adresa<\/h3><p>Osijek<br \/>31000<\/p><\/div><div class=\"contact\"><h3>Contact us<\/h3><p><span id=\"cloak81026\">E-mail: z.kucanda@yahoo.com<\/span><\/p><p>Mob. <span id=\"eeb-39215-826136\"><\/span><script type=\"text\/javascript\">(function() {var ml=\"F72019-35%\",mi=\"35492058164371\",o=\"\";for(var j=0,l=mi.length;j<l;j++) {o+=ml.charAt(mi.charCodeAt(j)-48);}document.getElementById(\"eeb-39215-826136\").innerHTML = decodeURIComponent(o);}());<\/script><noscript>*protected email*<\/noscript><\/p><\/div>\t\t\t\t\t\t\t\t<\/div>\n\t\t\t\t<\/div>\n\t\t\t\t\t<\/div>\n\t\t\t\t<\/div>\n\t\t<div class=\"elementor-element elementor-element-404fb207 e-flex e-con-boxed e-con e-parent\" data-id=\"404fb207\" data-element_type=\"container\" data-settings=\"{&quot;background_background&quot;:&quot;classic&quot;}\">\n\t\t\t\t\t<div class=\"e-con-inner\">\n\t\t<div class=\"elementor-element elementor-element-70414d41 e-con-full e-flex e-con e-parent\" data-id=\"70414d41\" data-element_type=\"container\">\n\t\t\t\t<div class=\"elementor-element elementor-element-2e357b7a elementor-widget elementor-widget-spacer\" data-id=\"2e357b7a\" data-element_type=\"widget\" data-widget_type=\"spacer.default\">\n\t\t\t\t\t\t\t<div class=\"elementor-spacer\">\n\t\t\t<div class=\"elementor-spacer-inner\"><\/div>\n\t\t<\/div>\n\t\t\t\t\t\t<\/div>\n\t\t\t\t<\/div>\n\t\t\t\t\t<\/div>\n\t\t\t\t<\/div>\n\t\t\t\t<\/div>","protected":false},"excerpt":{"rendered":"<p>Zvon\u010dica Ku\u010danda psihologinja i psihoterapeutkinja \u00a0 Ostale informacije Iskustvo u savjetovanju\/psihoterapiji:\u00a0DA Primarna podru\u010dja rada:\u00a0\u0161kolska i pred\u0161kolska te sportska\u00a0psihologija i psihoterapija Iskustvo u radu s LGBTIQ osobama:\u00a0DA Zavr\u0161ena edukacija:\u00a0Ge\u0161talt psihoterapija Dodatne edukacije ili vje\u0161tine:\u00a0Uvod u TAKreativne tehnike i tehnike terapije igrom u terapiji i savjetovanju s djecom8-tjedni te\u010daj mindfulnessa zasnovan na kognitivnoj terapiji punom svjesno\u0161\u0107u &#8211; &hellip;<\/p>\n<p class=\"read-more\"> <a class=\"\" href=\"https:\/\/lori.hr\/en\/zvoncica-kucanda\/\"> <span class=\"screen-reader-text\">Zvon\u010dica Ku\u010danda<\/span> Read More \u00bb<\/a><\/p>","protected":false},"author":1,"featured_media":0,"parent":0,"menu_order":0,"comment_status":"closed","ping_status":"closed","template":"","meta":{"_uag_custom_page_level_css":"","site-sidebar-layout":"no-sidebar","site-content-layout":"page-builder","ast-site-content-layout":"","site-content-style":"default","site-sidebar-style":"default","ast-global-header-display":"","ast-banner-title-visibility":"","ast-main-header-display":"","ast-hfb-above-header-display":"","ast-hfb-below-header-display":"","ast-hfb-mobile-header-display":"","site-post-title":"disabled","ast-breadcrumbs-content":"","ast-featured-img":"disabled","footer-sml-layout":"","theme-transparent-header-meta":"","adv-header-id-meta":"","stick-header-meta":"","header-above-stick-meta":"","header-main-stick-meta":"","header-below-stick-meta":"","astra-migrate-meta-layouts":"","footnotes":""},"class_list":["post-4963","page","type-page","status-publish","hentry"],"uagb_featured_image_src":{"full":false,"thumbnail":false,"medium":false,"medium_large":false,"large":false,"1536x1536":false,"2048x2048":false,"trp-custom-language-flag":false},"uagb_author_info":{"display_name":"LORI","author_link":"https:\/\/lori.hr\/en\/author\/ikenji\/"},"uagb_comment_info":0,"uagb_excerpt":"Zvon\u010dica Ku\u010danda psihologinja i psihoterapeutkinja \u00a0 Ostale informacije Iskustvo u savjetovanju\/psihoterapiji:\u00a0DA Primarna podru\u010dja rada:\u00a0\u0161kolska i pred\u0161kolska te sportska\u00a0psihologija i psihoterapija Iskustvo u radu s LGBTIQ osobama:\u00a0DA Zavr\u0161ena edukacija:\u00a0Ge\u0161talt psihoterapija Dodatne edukacije ili vje\u0161tine:\u00a0Uvod u TAKreativne tehnike i tehnike terapije igrom u terapiji i savjetovanju s djecom8-tjedni te\u010daj mindfulnessa zasnovan na kognitivnoj terapiji punom svjesno\u0161\u0107u &#8211;&hellip;","_links":{"self":[{"href":"https:\/\/lori.hr\/en\/wp-json\/wp\/v2\/pages\/4963","targetHints":{"allow":["GET"]}}],"collection":[{"href":"https:\/\/lori.hr\/en\/wp-json\/wp\/v2\/pages"}],"about":[{"href":"https:\/\/lori.hr\/en\/wp-json\/wp\/v2\/types\/page"}],"author":[{"embeddable":true,"href":"https:\/\/lori.hr\/en\/wp-json\/wp\/v2\/users\/1"}],"replies":[{"embeddable":true,"href":"https:\/\/lori.hr\/en\/wp-json\/wp\/v2\/comments?post=4963"}],"version-history":[{"count":4,"href":"https:\/\/lori.hr\/en\/wp-json\/wp\/v2\/pages\/4963\/revisions"}],"predecessor-version":[{"id":4967,"href":"https:\/\/lori.hr\/en\/wp-json\/wp\/v2\/pages\/4963\/revisions\/4967"}],"wp:attachment":[{"href":"https:\/\/lori.hr\/en\/wp-json\/wp\/v2\/media?parent=4963"}],"curies":[{"name":"wp","href":"https:\/\/api.w.org\/{rel}","templated":true}]}}