{"id":4971,"date":"2023-04-17T13:55:28","date_gmt":"2023-04-17T11:55:28","guid":{"rendered":"https:\/\/lori.hr\/?page_id=4971"},"modified":"2023-04-17T13:56:49","modified_gmt":"2023-04-17T11:56:49","slug":"marina-milivojevic","status":"publish","type":"page","link":"https:\/\/lori.hr\/en\/marina-milivojevic\/","title":{"rendered":"Marina Milivojevi\u0107"},"content":{"rendered":"<div data-elementor-type=\"wp-page\" data-elementor-id=\"4971\" class=\"elementor elementor-4971\" data-elementor-post-type=\"page\">\n\t\t\t\t<div class=\"elementor-element elementor-element-193ba975 navboja e-flex e-con-boxed e-con e-parent\" data-id=\"193ba975\" data-element_type=\"container\" data-settings=\"{&quot;background_background&quot;:&quot;classic&quot;}\">\n\t\t\t\t\t<div class=\"e-con-inner\">\n\t\t\t\t<div class=\"elementor-element elementor-element-3692ebe3 elementor-widget elementor-widget-spacer\" data-id=\"3692ebe3\" data-element_type=\"widget\" data-widget_type=\"spacer.default\">\n\t\t\t\t\t\t\t<div class=\"elementor-spacer\">\n\t\t\t<div class=\"elementor-spacer-inner\"><\/div>\n\t\t<\/div>\n\t\t\t\t\t\t<\/div>\n\t\t\t\t\t<\/div>\n\t\t\t\t<\/div>\n\t\t<div class=\"elementor-element elementor-element-513acd81 e-flex e-con-boxed e-con e-parent\" data-id=\"513acd81\" data-element_type=\"container\">\n\t\t\t\t\t<div class=\"e-con-inner\">\n\t\t\t\t<div class=\"elementor-element elementor-element-47d3e7e8 elementor-widget elementor-widget-spacer\" data-id=\"47d3e7e8\" data-element_type=\"widget\" data-widget_type=\"spacer.default\">\n\t\t\t\t\t\t\t<div class=\"elementor-spacer\">\n\t\t\t<div class=\"elementor-spacer-inner\"><\/div>\n\t\t<\/div>\n\t\t\t\t\t\t<\/div>\n\t\t\t\t<div class=\"elementor-element elementor-element-abd8d0 elementor-widget elementor-widget-heading\" data-id=\"abd8d0\" data-element_type=\"widget\" data-widget_type=\"heading.default\">\n\t\t\t\t\t<h1 class=\"elementor-heading-title elementor-size-xl\">Marina Milivojevi\u0107<\/h1>\t\t\t\t<\/div>\n\t\t\t\t<div class=\"elementor-element elementor-element-33a7cdb7 elementor-widget-divider--view-line elementor-widget elementor-widget-divider\" data-id=\"33a7cdb7\" data-element_type=\"widget\" data-widget_type=\"divider.default\">\n\t\t\t\t\t\t\t<div class=\"elementor-divider\">\n\t\t\t<span class=\"elementor-divider-separator\">\n\t\t\t\t\t\t<\/span>\n\t\t<\/div>\n\t\t\t\t\t\t<\/div>\n\t\t\t\t\t<\/div>\n\t\t\t\t<\/div>\n\t\t<div class=\"elementor-element elementor-element-745c12cc e-flex e-con-boxed e-con e-parent\" data-id=\"745c12cc\" data-element_type=\"container\">\n\t\t\t\t\t<div class=\"e-con-inner\">\n\t\t<div class=\"elementor-element elementor-element-2341233c e-con-full e-flex e-con e-parent\" data-id=\"2341233c\" data-element_type=\"container\">\n\t\t\t\t<div class=\"elementor-element elementor-element-4b8a35a9 elementor-widget elementor-widget-text-editor\" data-id=\"4b8a35a9\" data-element_type=\"widget\" data-widget_type=\"text-editor.default\">\n\t\t\t\t\t\t\t\t\t<h3 class=\"subtitle\">psihologinja<\/h3><div class=\"address\">\u00a0<\/div><div class=\"contact\"><h3><span style=\"font-size: 1.5em; font-weight: bold;\">Other information<\/span><\/h3><\/div><p>Iskustvo u savjetovanju\/psihoterapiji:\u00a0<b>DA<\/b><br \/><br \/>Primarna podru\u010dja rada:\u00a0<b>klini\u010dka i zdravstvena psihologija, socijalne slu\u017ebe, savjetovanje i psihoterapija<\/b><br \/><br \/>Iskustvo u radu s LGBTIQ osobama:\u00a0<b>DA<\/b><br \/><br \/>Zavr\u0161ena edukacija:\u00a0<b>Petogodi\u0161nja edukacija iz Gestalt psihoterapije<\/b><br \/><br \/>Dodatne edukacije\/vje\u0161tine:<br \/><b>&#8211; Rano otkrivanje emocionalnih te\u0161ko\u0107a, rizika pojave poreme\u0107aja u pona\u0161anju i suicidalnog rizika djece i mladih<br \/>&#8211; Ja\u010danje kapaciteta u podru\u010dju suzbijanja seksualnog zlostavljanja i seksualnog iskori\u0161tavanja djece te pru\u017eanja pomo\u0107i ranjivim \u017ertvama kriminaliteta<br \/>&#8211; Izazovi rada s djecom i mladima s udru\u017eenim smetnjama<br \/>&#8211; Razni drugi seminari iz podru\u010dja savjetovanja i psihoterapije; rad sa asocijativnim materijalima, psihosomatika i tjelesni procesi, rad na snovima, itd.<\/b><\/p>\t\t\t\t\t\t\t\t<\/div>\n\t\t\t\t<\/div>\n\t\t<div class=\"elementor-element elementor-element-4e2f2c82 e-con-full e-flex e-con e-parent\" data-id=\"4e2f2c82\" data-element_type=\"container\" data-settings=\"{&quot;background_background&quot;:&quot;classic&quot;}\">\n\t\t\t\t<div class=\"elementor-element elementor-element-5470a6c7 elementor-widget elementor-widget-spacer\" data-id=\"5470a6c7\" data-element_type=\"widget\" data-widget_type=\"spacer.default\">\n\t\t\t\t\t\t\t<div class=\"elementor-spacer\">\n\t\t\t<div class=\"elementor-spacer-inner\"><\/div>\n\t\t<\/div>\n\t\t\t\t\t\t<\/div>\n\t\t\t\t<div class=\"elementor-element elementor-element-673cef38 elementor-widget elementor-widget-heading\" data-id=\"673cef38\" data-element_type=\"widget\" data-widget_type=\"heading.default\">\n\t\t\t\t\t<h2 class=\"elementor-heading-title elementor-size-default\">Contact:<\/h2>\t\t\t\t<\/div>\n\t\t\t\t<div class=\"elementor-element elementor-element-2611b869 elementor-widget elementor-widget-text-editor\" data-id=\"2611b869\" data-element_type=\"widget\" data-widget_type=\"text-editor.default\">\n\t\t\t\t\t\t\t\t\t<div class=\"address\"><h3>Adresa<\/h3><p>Zadar<br \/>23000<\/p><\/div><div class=\"contact\"><h3>Contact us<\/h3><p><span id=\"cloak81026\">E-mail: sunce.marina@gmail.com<\/span><\/p><p>Mob. <span id=\"eeb-359970-754522\"><\/span><script type=\"text\/javascript\">(function() {var ml=\"F-7349%02\",mi=\"75568083314232\",o=\"\";for(var j=0,l=mi.length;j<l;j++) {o+=ml.charAt(mi.charCodeAt(j)-48);}document.getElementById(\"eeb-359970-754522\").innerHTML = decodeURIComponent(o);}());<\/script><noscript>*protected email*<\/noscript><\/p><\/div>\t\t\t\t\t\t\t\t<\/div>\n\t\t\t\t<\/div>\n\t\t\t\t\t<\/div>\n\t\t\t\t<\/div>\n\t\t<div class=\"elementor-element elementor-element-45f72f2 e-flex e-con-boxed e-con e-parent\" data-id=\"45f72f2\" data-element_type=\"container\" data-settings=\"{&quot;background_background&quot;:&quot;classic&quot;}\">\n\t\t\t\t\t<div class=\"e-con-inner\">\n\t\t<div class=\"elementor-element elementor-element-519b6cc e-con-full e-flex e-con e-parent\" data-id=\"519b6cc\" data-element_type=\"container\">\n\t\t\t\t<div class=\"elementor-element elementor-element-48ff8551 elementor-widget elementor-widget-spacer\" data-id=\"48ff8551\" data-element_type=\"widget\" data-widget_type=\"spacer.default\">\n\t\t\t\t\t\t\t<div class=\"elementor-spacer\">\n\t\t\t<div class=\"elementor-spacer-inner\"><\/div>\n\t\t<\/div>\n\t\t\t\t\t\t<\/div>\n\t\t\t\t<\/div>\n\t\t\t\t\t<\/div>\n\t\t\t\t<\/div>\n\t\t\t\t<\/div>","protected":false},"excerpt":{"rendered":"<p>Marina Milivojevi\u0107 psihologinja \u00a0 Ostale informacije Iskustvo u savjetovanju\/psihoterapiji:\u00a0DA Primarna podru\u010dja rada:\u00a0klini\u010dka i zdravstvena psihologija, socijalne slu\u017ebe, savjetovanje i psihoterapija Iskustvo u radu s LGBTIQ osobama:\u00a0DA Zavr\u0161ena edukacija:\u00a0Petogodi\u0161nja edukacija iz Gestalt psihoterapije Dodatne edukacije\/vje\u0161tine:&#8211; Rano otkrivanje emocionalnih te\u0161ko\u0107a, rizika pojave poreme\u0107aja u pona\u0161anju i suicidalnog rizika djece i mladih&#8211; Ja\u010danje kapaciteta u podru\u010dju suzbijanja seksualnog &hellip;<\/p>\n<p class=\"read-more\"> <a class=\"\" href=\"https:\/\/lori.hr\/en\/marina-milivojevic\/\"> <span class=\"screen-reader-text\">Marina Milivojevi\u0107<\/span> Read More \u00bb<\/a><\/p>","protected":false},"author":1,"featured_media":0,"parent":0,"menu_order":0,"comment_status":"closed","ping_status":"closed","template":"","meta":{"_uag_custom_page_level_css":"","site-sidebar-layout":"no-sidebar","site-content-layout":"page-builder","ast-site-content-layout":"","site-content-style":"default","site-sidebar-style":"default","ast-global-header-display":"","ast-banner-title-visibility":"","ast-main-header-display":"","ast-hfb-above-header-display":"","ast-hfb-below-header-display":"","ast-hfb-mobile-header-display":"","site-post-title":"disabled","ast-breadcrumbs-content":"","ast-featured-img":"disabled","footer-sml-layout":"","theme-transparent-header-meta":"","adv-header-id-meta":"","stick-header-meta":"","header-above-stick-meta":"","header-main-stick-meta":"","header-below-stick-meta":"","astra-migrate-meta-layouts":"","footnotes":""},"class_list":["post-4971","page","type-page","status-publish","hentry"],"uagb_featured_image_src":{"full":false,"thumbnail":false,"medium":false,"medium_large":false,"large":false,"1536x1536":false,"2048x2048":false,"trp-custom-language-flag":false},"uagb_author_info":{"display_name":"LORI","author_link":"https:\/\/lori.hr\/en\/author\/ikenji\/"},"uagb_comment_info":0,"uagb_excerpt":"Marina Milivojevi\u0107 psihologinja \u00a0 Ostale informacije Iskustvo u savjetovanju\/psihoterapiji:\u00a0DA Primarna podru\u010dja rada:\u00a0klini\u010dka i zdravstvena psihologija, socijalne slu\u017ebe, savjetovanje i psihoterapija Iskustvo u radu s LGBTIQ osobama:\u00a0DA Zavr\u0161ena edukacija:\u00a0Petogodi\u0161nja edukacija iz Gestalt psihoterapije Dodatne edukacije\/vje\u0161tine:&#8211; Rano otkrivanje emocionalnih te\u0161ko\u0107a, rizika pojave poreme\u0107aja u pona\u0161anju i suicidalnog rizika djece i mladih&#8211; Ja\u010danje kapaciteta u podru\u010dju suzbijanja seksualnog&hellip;","_links":{"self":[{"href":"https:\/\/lori.hr\/en\/wp-json\/wp\/v2\/pages\/4971","targetHints":{"allow":["GET"]}}],"collection":[{"href":"https:\/\/lori.hr\/en\/wp-json\/wp\/v2\/pages"}],"about":[{"href":"https:\/\/lori.hr\/en\/wp-json\/wp\/v2\/types\/page"}],"author":[{"embeddable":true,"href":"https:\/\/lori.hr\/en\/wp-json\/wp\/v2\/users\/1"}],"replies":[{"embeddable":true,"href":"https:\/\/lori.hr\/en\/wp-json\/wp\/v2\/comments?post=4971"}],"version-history":[{"count":4,"href":"https:\/\/lori.hr\/en\/wp-json\/wp\/v2\/pages\/4971\/revisions"}],"predecessor-version":[{"id":4975,"href":"https:\/\/lori.hr\/en\/wp-json\/wp\/v2\/pages\/4971\/revisions\/4975"}],"wp:attachment":[{"href":"https:\/\/lori.hr\/en\/wp-json\/wp\/v2\/media?parent=4971"}],"curies":[{"name":"wp","href":"https:\/\/api.w.org\/{rel}","templated":true}]}}