{"id":4995,"date":"2023-04-17T14:12:15","date_gmt":"2023-04-17T12:12:15","guid":{"rendered":"https:\/\/lori.hr\/?page_id=4995"},"modified":"2023-04-17T14:13:14","modified_gmt":"2023-04-17T12:13:14","slug":"silvana-ceko-jurisic","status":"publish","type":"page","link":"https:\/\/lori.hr\/en\/silvana-ceko-jurisic\/","title":{"rendered":"Silvana \u010ceko Juri\u0161i\u0107"},"content":{"rendered":"<div data-elementor-type=\"wp-page\" data-elementor-id=\"4995\" class=\"elementor elementor-4995\" data-elementor-post-type=\"page\">\n\t\t\t\t<div class=\"elementor-element elementor-element-7cc436c3 navboja e-flex e-con-boxed e-con e-parent\" data-id=\"7cc436c3\" data-element_type=\"container\" data-settings=\"{&quot;background_background&quot;:&quot;classic&quot;}\">\n\t\t\t\t\t<div class=\"e-con-inner\">\n\t\t\t\t<div class=\"elementor-element elementor-element-6980017d elementor-widget elementor-widget-spacer\" data-id=\"6980017d\" data-element_type=\"widget\" data-widget_type=\"spacer.default\">\n\t\t\t\t\t\t\t<div class=\"elementor-spacer\">\n\t\t\t<div class=\"elementor-spacer-inner\"><\/div>\n\t\t<\/div>\n\t\t\t\t\t\t<\/div>\n\t\t\t\t\t<\/div>\n\t\t\t\t<\/div>\n\t\t<div class=\"elementor-element elementor-element-5d472651 e-flex e-con-boxed e-con e-parent\" data-id=\"5d472651\" data-element_type=\"container\">\n\t\t\t\t\t<div class=\"e-con-inner\">\n\t\t\t\t<div class=\"elementor-element elementor-element-2fdebf47 elementor-widget elementor-widget-spacer\" data-id=\"2fdebf47\" data-element_type=\"widget\" data-widget_type=\"spacer.default\">\n\t\t\t\t\t\t\t<div class=\"elementor-spacer\">\n\t\t\t<div class=\"elementor-spacer-inner\"><\/div>\n\t\t<\/div>\n\t\t\t\t\t\t<\/div>\n\t\t\t\t<div class=\"elementor-element elementor-element-4e8e3e1e elementor-widget elementor-widget-heading\" data-id=\"4e8e3e1e\" data-element_type=\"widget\" data-widget_type=\"heading.default\">\n\t\t\t\t\t<h1 class=\"elementor-heading-title elementor-size-xl\">Silvana \u010ceko Juri\u0161i\u0107<\/h1>\t\t\t\t<\/div>\n\t\t\t\t<div class=\"elementor-element elementor-element-2c14d1c elementor-widget-divider--view-line elementor-widget elementor-widget-divider\" data-id=\"2c14d1c\" data-element_type=\"widget\" data-widget_type=\"divider.default\">\n\t\t\t\t\t\t\t<div class=\"elementor-divider\">\n\t\t\t<span class=\"elementor-divider-separator\">\n\t\t\t\t\t\t<\/span>\n\t\t<\/div>\n\t\t\t\t\t\t<\/div>\n\t\t\t\t\t<\/div>\n\t\t\t\t<\/div>\n\t\t<div class=\"elementor-element elementor-element-58c0b2cf e-flex e-con-boxed e-con e-parent\" data-id=\"58c0b2cf\" data-element_type=\"container\">\n\t\t\t\t\t<div class=\"e-con-inner\">\n\t\t<div class=\"elementor-element elementor-element-17f5fef5 e-con-full e-flex e-con e-parent\" data-id=\"17f5fef5\" data-element_type=\"container\">\n\t\t\t\t<div class=\"elementor-element elementor-element-5b33a3c3 elementor-widget elementor-widget-text-editor\" data-id=\"5b33a3c3\" data-element_type=\"widget\" data-widget_type=\"text-editor.default\">\n\t\t\t\t\t\t\t\t\t<h3 class=\"subtitle\">psihologinja<\/h3><div class=\"address\">\u00a0<\/div><div class=\"contact\"><h3><span style=\"font-size: 1.5em; font-weight: bold;\">Other information<\/span><\/h3><\/div><p>Iskustvo u savjetovanju\/psihoterapiji:\u00a0<strong>DA<\/strong><\/p><p>Primarna podru\u010dja rada:\u00a0<strong>\u0161kolska i pred\u0161kolska i organizacijska psihologija<\/strong><\/p><p>Iskustvo u radu s LGBTIQ osobama:\u00a0<strong>DA<\/strong><\/p><p>Zavr\u0161ena edukacija:\u00a0<\/p><ul><li><strong>Gestalt psihoterapeutkinja, Psihika d.o.o. 2013. \u00a0<\/strong><\/li><li><strong>prof. Pedagoginja, Filozofski fakultet Sveu\u010dili\u0161ta u Zadru<\/strong><\/li><\/ul><p>Edukacija u tijeku:\u00a0<strong>U edukaciji za seksualnog terapeuta,HDST, Zagreb<\/strong><\/p><p>Dodatne edukacije ili vje\u0161tine:\u00a0<\/p><ul><li><strong>Edukacija EMDR za rad s traumom, I stupanj Hrvatsko\u00a0\u2013 Austrijski trening centar za NLPt, Zagreb<\/strong><\/li><li><strong>Edukacija za primjenu CAP (Child Assault Prevention) programa, Udruga roditelja \u201cKorak po korak\u201d, Split<\/strong><\/li><li><strong>Edukacija za provo\u0111enje radionica za roditelje i odgojitelje \u201cRastimo zajedno\u201d iz podru\u010dja ranog razvoja djece i poticajnog roditeljstva i odgojiteljstva, AZOO, Zagreb<\/strong><\/li><li><strong>U tijeku Te\u010daj za pomaga\u010de u podru\u010djima socijalne rekonstrukcije, (CWIAR) Koalicija za rad s psihotraumom i mir (CWWPP), Vukovar<\/strong><\/li><\/ul>\t\t\t\t\t\t\t\t<\/div>\n\t\t\t\t<\/div>\n\t\t<div class=\"elementor-element elementor-element-719ad1c9 e-con-full e-flex e-con e-parent\" data-id=\"719ad1c9\" data-element_type=\"container\" data-settings=\"{&quot;background_background&quot;:&quot;classic&quot;}\">\n\t\t\t\t<div class=\"elementor-element elementor-element-21ade832 elementor-widget elementor-widget-spacer\" data-id=\"21ade832\" data-element_type=\"widget\" data-widget_type=\"spacer.default\">\n\t\t\t\t\t\t\t<div class=\"elementor-spacer\">\n\t\t\t<div class=\"elementor-spacer-inner\"><\/div>\n\t\t<\/div>\n\t\t\t\t\t\t<\/div>\n\t\t\t\t<div class=\"elementor-element elementor-element-396d4cf6 elementor-widget elementor-widget-heading\" data-id=\"396d4cf6\" data-element_type=\"widget\" data-widget_type=\"heading.default\">\n\t\t\t\t\t<h2 class=\"elementor-heading-title elementor-size-default\">Contact:<\/h2>\t\t\t\t<\/div>\n\t\t\t\t<div class=\"elementor-element elementor-element-558c710f elementor-widget elementor-widget-text-editor\" data-id=\"558c710f\" data-element_type=\"widget\" data-widget_type=\"text-editor.default\">\n\t\t\t\t\t\t\t\t\t<div class=\"address\"><h3>Adresa<\/h3><p>Zadar<br \/>23000<\/p><\/div><div class=\"contact\"><h3>Contact us<\/h3><p><span id=\"cloak81026\">E-mail: silvana.ceko.jurisic@gmail.com<\/span><\/p><p>Mob. <span id=\"eeb-222066-264584\"><\/span><script type=\"text\/javascript\">(function() {var ml=\"72405F38-9%\",mi=\"397:150108246\",o=\"\";for(var j=0,l=mi.length;j<l;j++) {o+=ml.charAt(mi.charCodeAt(j)-48);}document.getElementById(\"eeb-222066-264584\").innerHTML = decodeURIComponent(o);}());<\/script><noscript>*protected email*<\/noscript><\/p><\/div>\t\t\t\t\t\t\t\t<\/div>\n\t\t\t\t<\/div>\n\t\t\t\t\t<\/div>\n\t\t\t\t<\/div>\n\t\t<div class=\"elementor-element elementor-element-1aa8b332 e-flex e-con-boxed e-con e-parent\" data-id=\"1aa8b332\" data-element_type=\"container\" data-settings=\"{&quot;background_background&quot;:&quot;classic&quot;}\">\n\t\t\t\t\t<div class=\"e-con-inner\">\n\t\t<div class=\"elementor-element elementor-element-1440518e e-con-full e-flex e-con e-parent\" data-id=\"1440518e\" data-element_type=\"container\">\n\t\t\t\t<div class=\"elementor-element elementor-element-4dc9be88 elementor-widget elementor-widget-spacer\" data-id=\"4dc9be88\" data-element_type=\"widget\" data-widget_type=\"spacer.default\">\n\t\t\t\t\t\t\t<div class=\"elementor-spacer\">\n\t\t\t<div class=\"elementor-spacer-inner\"><\/div>\n\t\t<\/div>\n\t\t\t\t\t\t<\/div>\n\t\t\t\t<\/div>\n\t\t\t\t\t<\/div>\n\t\t\t\t<\/div>\n\t\t\t\t<\/div>","protected":false},"excerpt":{"rendered":"<p>Silvana \u010ceko Juri\u0161i\u0107 psihologinja \u00a0 Ostale informacije Iskustvo u savjetovanju\/psihoterapiji:\u00a0DA Primarna podru\u010dja rada:\u00a0\u0161kolska i pred\u0161kolska i organizacijska psihologija Iskustvo u radu s LGBTIQ osobama:\u00a0DA Zavr\u0161ena edukacija:\u00a0 Gestalt psihoterapeutkinja, Psihika d.o.o. 2013. \u00a0 prof. Pedagoginja, Filozofski fakultet Sveu\u010dili\u0161ta u Zadru Edukacija u tijeku:\u00a0U edukaciji za seksualnog terapeuta,HDST, Zagreb Dodatne edukacije ili vje\u0161tine:\u00a0 Edukacija EMDR za rad &hellip;<\/p>\n<p class=\"read-more\"> <a class=\"\" href=\"https:\/\/lori.hr\/en\/silvana-ceko-jurisic\/\"> <span class=\"screen-reader-text\">Silvana \u010ceko Juri\u0161i\u0107<\/span> Read More \u00bb<\/a><\/p>","protected":false},"author":1,"featured_media":0,"parent":0,"menu_order":0,"comment_status":"closed","ping_status":"closed","template":"","meta":{"_uag_custom_page_level_css":"","site-sidebar-layout":"no-sidebar","site-content-layout":"page-builder","ast-site-content-layout":"","site-content-style":"default","site-sidebar-style":"default","ast-global-header-display":"","ast-banner-title-visibility":"","ast-main-header-display":"","ast-hfb-above-header-display":"","ast-hfb-below-header-display":"","ast-hfb-mobile-header-display":"","site-post-title":"disabled","ast-breadcrumbs-content":"","ast-featured-img":"disabled","footer-sml-layout":"","theme-transparent-header-meta":"","adv-header-id-meta":"","stick-header-meta":"","header-above-stick-meta":"","header-main-stick-meta":"","header-below-stick-meta":"","astra-migrate-meta-layouts":"","footnotes":""},"class_list":["post-4995","page","type-page","status-publish","hentry"],"uagb_featured_image_src":{"full":false,"thumbnail":false,"medium":false,"medium_large":false,"large":false,"1536x1536":false,"2048x2048":false,"trp-custom-language-flag":false},"uagb_author_info":{"display_name":"LORI","author_link":"https:\/\/lori.hr\/en\/author\/ikenji\/"},"uagb_comment_info":0,"uagb_excerpt":"Silvana \u010ceko Juri\u0161i\u0107 psihologinja \u00a0 Ostale informacije Iskustvo u savjetovanju\/psihoterapiji:\u00a0DA Primarna podru\u010dja rada:\u00a0\u0161kolska i pred\u0161kolska i organizacijska psihologija Iskustvo u radu s LGBTIQ osobama:\u00a0DA Zavr\u0161ena edukacija:\u00a0 Gestalt psihoterapeutkinja, Psihika d.o.o. 2013. \u00a0 prof. Pedagoginja, Filozofski fakultet Sveu\u010dili\u0161ta u Zadru Edukacija u tijeku:\u00a0U edukaciji za seksualnog terapeuta,HDST, Zagreb Dodatne edukacije ili vje\u0161tine:\u00a0 Edukacija EMDR za rad&hellip;","_links":{"self":[{"href":"https:\/\/lori.hr\/en\/wp-json\/wp\/v2\/pages\/4995","targetHints":{"allow":["GET"]}}],"collection":[{"href":"https:\/\/lori.hr\/en\/wp-json\/wp\/v2\/pages"}],"about":[{"href":"https:\/\/lori.hr\/en\/wp-json\/wp\/v2\/types\/page"}],"author":[{"embeddable":true,"href":"https:\/\/lori.hr\/en\/wp-json\/wp\/v2\/users\/1"}],"replies":[{"embeddable":true,"href":"https:\/\/lori.hr\/en\/wp-json\/wp\/v2\/comments?post=4995"}],"version-history":[{"count":4,"href":"https:\/\/lori.hr\/en\/wp-json\/wp\/v2\/pages\/4995\/revisions"}],"predecessor-version":[{"id":4999,"href":"https:\/\/lori.hr\/en\/wp-json\/wp\/v2\/pages\/4995\/revisions\/4999"}],"wp:attachment":[{"href":"https:\/\/lori.hr\/en\/wp-json\/wp\/v2\/media?parent=4995"}],"curies":[{"name":"wp","href":"https:\/\/api.w.org\/{rel}","templated":true}]}}