{"id":5118,"date":"2023-04-18T16:21:47","date_gmt":"2023-04-18T14:21:47","guid":{"rendered":"https:\/\/lori.hr\/?page_id=5118"},"modified":"2023-04-18T16:42:17","modified_gmt":"2023-04-18T14:42:17","slug":"psiholoski-centar-tesa","status":"publish","type":"page","link":"https:\/\/lori.hr\/en\/psiholoski-centar-tesa\/","title":{"rendered":"Psiholo\u0161ki centar TESA"},"content":{"rendered":"<div data-elementor-type=\"wp-page\" data-elementor-id=\"5118\" class=\"elementor elementor-5118\" data-elementor-post-type=\"page\">\n\t\t\t\t<div class=\"elementor-element elementor-element-3346cb06 navboja e-flex e-con-boxed e-con e-parent\" data-id=\"3346cb06\" data-element_type=\"container\" data-settings=\"{&quot;background_background&quot;:&quot;classic&quot;}\">\n\t\t\t\t\t<div class=\"e-con-inner\">\n\t\t\t\t<div class=\"elementor-element elementor-element-10e6afd5 elementor-widget elementor-widget-spacer\" data-id=\"10e6afd5\" data-element_type=\"widget\" data-widget_type=\"spacer.default\">\n\t\t\t\t\t\t\t<div class=\"elementor-spacer\">\n\t\t\t<div class=\"elementor-spacer-inner\"><\/div>\n\t\t<\/div>\n\t\t\t\t\t\t<\/div>\n\t\t\t\t\t<\/div>\n\t\t\t\t<\/div>\n\t\t<div class=\"elementor-element elementor-element-56c85bf5 e-flex e-con-boxed e-con e-parent\" data-id=\"56c85bf5\" data-element_type=\"container\">\n\t\t\t\t\t<div class=\"e-con-inner\">\n\t\t\t\t<div class=\"elementor-element elementor-element-27d6ce58 elementor-widget elementor-widget-spacer\" data-id=\"27d6ce58\" data-element_type=\"widget\" data-widget_type=\"spacer.default\">\n\t\t\t\t\t\t\t<div class=\"elementor-spacer\">\n\t\t\t<div class=\"elementor-spacer-inner\"><\/div>\n\t\t<\/div>\n\t\t\t\t\t\t<\/div>\n\t\t\t\t<div class=\"elementor-element elementor-element-41436d3f elementor-widget elementor-widget-heading\" data-id=\"41436d3f\" data-element_type=\"widget\" data-widget_type=\"heading.default\">\n\t\t\t\t\t<h1 class=\"elementor-heading-title elementor-size-xl\">Psiholo\u0161ki centar TESA<\/h1>\t\t\t\t<\/div>\n\t\t\t\t<div class=\"elementor-element elementor-element-65e4d108 elementor-widget-divider--view-line elementor-widget elementor-widget-divider\" data-id=\"65e4d108\" data-element_type=\"widget\" data-widget_type=\"divider.default\">\n\t\t\t\t\t\t\t<div class=\"elementor-divider\">\n\t\t\t<span class=\"elementor-divider-separator\">\n\t\t\t\t\t\t<\/span>\n\t\t<\/div>\n\t\t\t\t\t\t<\/div>\n\t\t\t\t\t<\/div>\n\t\t\t\t<\/div>\n\t\t<div class=\"elementor-element elementor-element-19ef0e6b e-flex e-con-boxed e-con e-parent\" data-id=\"19ef0e6b\" data-element_type=\"container\">\n\t\t\t\t\t<div class=\"e-con-inner\">\n\t\t<div class=\"elementor-element elementor-element-5068b1b3 e-con-full e-flex e-con e-parent\" data-id=\"5068b1b3\" data-element_type=\"container\">\n\t\t\t\t<div class=\"elementor-element elementor-element-2d335f9b elementor-widget elementor-widget-text-editor\" data-id=\"2d335f9b\" data-element_type=\"widget\" data-widget_type=\"text-editor.default\">\n\t\t\t\t\t\t\t\t\t<h3 class=\"subtitle\">grupa psihologa\/ginja<\/h3><div class=\"address\">\u00a0<\/div><div class=\"contact\"><h3><span style=\"font-size: 1.5em; font-weight: bold;\">Other information<\/span><\/h3><\/div><p>Iskustvo u savjetovanju\/psihoterapiji:\u00a0<strong>DA<\/strong><br \/><br \/>Primarna podru\u010dja rada:\u00a0<strong>klini\u010dka psihologija<\/strong><\/p><p>Primarna podru\u010dja rada_ostalo:\u00a0<strong>Psiholo\u0161ka savjetovanja i psihoterapije; Edukacije iz podru\u010dja savjetovanja i dr. podru\u010dja psihologije; Grupe osobnog razvoja<\/strong><br \/><br \/>Iskustvo u radu s LGBTIQ osobama:\u00a0<strong>DA<\/strong><br \/><br \/>Zavr\u0161ena edukacija:\u00a0<strong>Desetak<\/strong><strong>\u00a0psihologa koji su zavr\u0161eni psihoterapeuti razli\u010ditih psihoterapijskih pravaca (Gestalt, KBT, Transakcijska, Psihodrama, Realitetna terapija, Obiteljska sistemska i dr.)<\/strong><\/p><p>Edukacija u tijeku:<strong>\u00a0Vi\u0161e od 10 psihologa koji su edukanti psihoterapijskih edukacija razli\u010ditih psihoterapijskih pravaca (Gestalt, KBT, Transakcijska, Psihodrama, Realitetna terapija, Obiteljska sistemska i dr.)<\/strong><\/p><p>Dodatne edukacije i vje\u0161tine:<strong>\u00a0<\/strong><\/p><p><strong>&#8211; Svi savjetovatelji sa zavr\u0161enom edukacijom iz psiholo\u0161kog savjetovanja telefonom.<\/strong><\/p><p><strong>&#8211; Nekoliko psihologa su voditelji edukacije psiholo\u0161kog savjetovanja telefonom te edukacije Trening savjetodavnog razgovora.<\/strong><\/p><p><strong>&#8211; Dvije \u010dlanice bile na edukaciji o savjetovanju LGBTIQ osoba<\/strong><\/p><p><strong>&#8211; Dvoje psihologa \u010dlanovi voditelji kriznih intervencija<\/strong><\/p>\t\t\t\t\t\t\t\t<\/div>\n\t\t\t\t<\/div>\n\t\t<div class=\"elementor-element elementor-element-7e4efa07 e-con-full e-flex e-con e-parent\" data-id=\"7e4efa07\" data-element_type=\"container\" data-settings=\"{&quot;background_background&quot;:&quot;classic&quot;}\">\n\t\t\t\t<div class=\"elementor-element elementor-element-223102e4 elementor-widget elementor-widget-spacer\" data-id=\"223102e4\" data-element_type=\"widget\" data-widget_type=\"spacer.default\">\n\t\t\t\t\t\t\t<div class=\"elementor-spacer\">\n\t\t\t<div class=\"elementor-spacer-inner\"><\/div>\n\t\t<\/div>\n\t\t\t\t\t\t<\/div>\n\t\t\t\t<div class=\"elementor-element elementor-element-399fcdf7 elementor-widget elementor-widget-heading\" data-id=\"399fcdf7\" data-element_type=\"widget\" data-widget_type=\"heading.default\">\n\t\t\t\t\t<h2 class=\"elementor-heading-title elementor-size-default\">Contact:<\/h2>\t\t\t\t<\/div>\n\t\t\t\t<div class=\"elementor-element elementor-element-5858e0f1 elementor-widget elementor-widget-text-editor\" data-id=\"5858e0f1\" data-element_type=\"widget\" data-widget_type=\"text-editor.default\">\n\t\t\t\t\t\t\t\t\t<div class=\"address\"><h3>Adresa<\/h3><p>Trg bana J. Jela\u010di\u0107a 1\/III<br \/>Zagreb<br \/>10000<\/p><\/div><div class=\"contact\"><h3>Contact us<\/h3><p><span id=\"cloak81026\">E-mail: psiho.pomoc@tesa.hr<\/span><\/p><p>Tel. <span id=\"eeb-473238-217277\"><\/span><script type=\"text\/javascript\">(function() {var ml=\"048%2F-1\",mi=\"0734512462222\",o=\"\";for(var j=0,l=mi.length;j<l;j++) {o+=ml.charAt(mi.charCodeAt(j)-48);}document.getElementById(\"eeb-473238-217277\").innerHTML = decodeURIComponent(o);}());<\/script><noscript>*protected email*<\/noscript><\/p><\/div>\t\t\t\t\t\t\t\t<\/div>\n\t\t\t\t<\/div>\n\t\t\t\t\t<\/div>\n\t\t\t\t<\/div>\n\t\t<div class=\"elementor-element elementor-element-43dae2fe e-flex e-con-boxed e-con e-parent\" data-id=\"43dae2fe\" data-element_type=\"container\" data-settings=\"{&quot;background_background&quot;:&quot;classic&quot;}\">\n\t\t\t\t\t<div class=\"e-con-inner\">\n\t\t<div class=\"elementor-element elementor-element-797aa8ed e-con-full e-flex e-con e-parent\" data-id=\"797aa8ed\" data-element_type=\"container\">\n\t\t\t\t<div class=\"elementor-element elementor-element-627d9865 elementor-widget elementor-widget-spacer\" data-id=\"627d9865\" data-element_type=\"widget\" data-widget_type=\"spacer.default\">\n\t\t\t\t\t\t\t<div class=\"elementor-spacer\">\n\t\t\t<div class=\"elementor-spacer-inner\"><\/div>\n\t\t<\/div>\n\t\t\t\t\t\t<\/div>\n\t\t\t\t<\/div>\n\t\t\t\t\t<\/div>\n\t\t\t\t<\/div>\n\t\t\t\t<\/div>","protected":false},"excerpt":{"rendered":"<p>Psiholo\u0161ki centar TESA grupa psihologa\/ginja \u00a0 Ostale informacije Iskustvo u savjetovanju\/psihoterapiji:\u00a0DA Primarna podru\u010dja rada:\u00a0klini\u010dka psihologija Primarna podru\u010dja rada_ostalo:\u00a0Psiholo\u0161ka savjetovanja i psihoterapije; Edukacije iz podru\u010dja savjetovanja i dr. podru\u010dja psihologije; Grupe osobnog razvoja Iskustvo u radu s LGBTIQ osobama:\u00a0DA Zavr\u0161ena edukacija:\u00a0Desetak\u00a0psihologa koji su zavr\u0161eni psihoterapeuti razli\u010ditih psihoterapijskih pravaca (Gestalt, KBT, Transakcijska, Psihodrama, Realitetna terapija, Obiteljska sistemska &hellip;<\/p>\n<p class=\"read-more\"> <a class=\"\" href=\"https:\/\/lori.hr\/en\/psiholoski-centar-tesa\/\"> <span class=\"screen-reader-text\">Psiholo\u0161ki centar TESA<\/span> Read More \u00bb<\/a><\/p>","protected":false},"author":1,"featured_media":0,"parent":0,"menu_order":0,"comment_status":"closed","ping_status":"closed","template":"","meta":{"_uag_custom_page_level_css":"","site-sidebar-layout":"no-sidebar","site-content-layout":"page-builder","ast-site-content-layout":"","site-content-style":"default","site-sidebar-style":"default","ast-global-header-display":"","ast-banner-title-visibility":"","ast-main-header-display":"","ast-hfb-above-header-display":"","ast-hfb-below-header-display":"","ast-hfb-mobile-header-display":"","site-post-title":"disabled","ast-breadcrumbs-content":"","ast-featured-img":"disabled","footer-sml-layout":"","theme-transparent-header-meta":"","adv-header-id-meta":"","stick-header-meta":"","header-above-stick-meta":"","header-main-stick-meta":"","header-below-stick-meta":"","astra-migrate-meta-layouts":"","footnotes":""},"class_list":["post-5118","page","type-page","status-publish","hentry"],"uagb_featured_image_src":{"full":false,"thumbnail":false,"medium":false,"medium_large":false,"large":false,"1536x1536":false,"2048x2048":false,"trp-custom-language-flag":false},"uagb_author_info":{"display_name":"LORI","author_link":"https:\/\/lori.hr\/en\/author\/ikenji\/"},"uagb_comment_info":0,"uagb_excerpt":"Psiholo\u0161ki centar TESA grupa psihologa\/ginja \u00a0 Ostale informacije Iskustvo u savjetovanju\/psihoterapiji:\u00a0DA Primarna podru\u010dja rada:\u00a0klini\u010dka psihologija Primarna podru\u010dja rada_ostalo:\u00a0Psiholo\u0161ka savjetovanja i psihoterapije; Edukacije iz podru\u010dja savjetovanja i dr. podru\u010dja psihologije; Grupe osobnog razvoja Iskustvo u radu s LGBTIQ osobama:\u00a0DA Zavr\u0161ena edukacija:\u00a0Desetak\u00a0psihologa koji su zavr\u0161eni psihoterapeuti razli\u010ditih psihoterapijskih pravaca (Gestalt, KBT, Transakcijska, Psihodrama, Realitetna terapija, Obiteljska sistemska&hellip;","_links":{"self":[{"href":"https:\/\/lori.hr\/en\/wp-json\/wp\/v2\/pages\/5118","targetHints":{"allow":["GET"]}}],"collection":[{"href":"https:\/\/lori.hr\/en\/wp-json\/wp\/v2\/pages"}],"about":[{"href":"https:\/\/lori.hr\/en\/wp-json\/wp\/v2\/types\/page"}],"author":[{"embeddable":true,"href":"https:\/\/lori.hr\/en\/wp-json\/wp\/v2\/users\/1"}],"replies":[{"embeddable":true,"href":"https:\/\/lori.hr\/en\/wp-json\/wp\/v2\/comments?post=5118"}],"version-history":[{"count":7,"href":"https:\/\/lori.hr\/en\/wp-json\/wp\/v2\/pages\/5118\/revisions"}],"predecessor-version":[{"id":5142,"href":"https:\/\/lori.hr\/en\/wp-json\/wp\/v2\/pages\/5118\/revisions\/5142"}],"wp:attachment":[{"href":"https:\/\/lori.hr\/en\/wp-json\/wp\/v2\/media?parent=5118"}],"curies":[{"name":"wp","href":"https:\/\/api.w.org\/{rel}","templated":true}]}}