{"id":5124,"date":"2023-04-18T16:24:59","date_gmt":"2023-04-18T14:24:59","guid":{"rendered":"https:\/\/lori.hr\/?page_id=5124"},"modified":"2023-04-18T16:29:46","modified_gmt":"2023-04-18T14:29:46","slug":"psihoplanet","status":"publish","type":"page","link":"https:\/\/lori.hr\/en\/psihoplanet\/","title":{"rendered":"PsihoPLANET Centar za savjetovanje, edukaciju i osobni razvoj"},"content":{"rendered":"<div data-elementor-type=\"wp-page\" data-elementor-id=\"5124\" class=\"elementor elementor-5124\" data-elementor-post-type=\"page\">\n\t\t\t\t<div class=\"elementor-element elementor-element-41863023 navboja e-flex e-con-boxed e-con e-parent\" data-id=\"41863023\" data-element_type=\"container\" data-settings=\"{&quot;background_background&quot;:&quot;classic&quot;}\">\n\t\t\t\t\t<div class=\"e-con-inner\">\n\t\t\t\t<div class=\"elementor-element elementor-element-6c80908d elementor-widget elementor-widget-spacer\" data-id=\"6c80908d\" data-element_type=\"widget\" data-widget_type=\"spacer.default\">\n\t\t\t\t\t\t\t<div class=\"elementor-spacer\">\n\t\t\t<div class=\"elementor-spacer-inner\"><\/div>\n\t\t<\/div>\n\t\t\t\t\t\t<\/div>\n\t\t\t\t\t<\/div>\n\t\t\t\t<\/div>\n\t\t<div class=\"elementor-element elementor-element-7aa1179f e-flex e-con-boxed e-con e-parent\" data-id=\"7aa1179f\" data-element_type=\"container\">\n\t\t\t\t\t<div class=\"e-con-inner\">\n\t\t\t\t<div class=\"elementor-element elementor-element-53cb1143 elementor-widget elementor-widget-spacer\" data-id=\"53cb1143\" data-element_type=\"widget\" data-widget_type=\"spacer.default\">\n\t\t\t\t\t\t\t<div class=\"elementor-spacer\">\n\t\t\t<div class=\"elementor-spacer-inner\"><\/div>\n\t\t<\/div>\n\t\t\t\t\t\t<\/div>\n\t\t\t\t<div class=\"elementor-element elementor-element-6be1f716 elementor-widget elementor-widget-heading\" data-id=\"6be1f716\" data-element_type=\"widget\" data-widget_type=\"heading.default\">\n\t\t\t\t\t<h1 class=\"elementor-heading-title elementor-size-xl\">PsihoPLANET Centar za savjetovanje, edukaciju i osobni razvoj<\/h1>\t\t\t\t<\/div>\n\t\t\t\t<div class=\"elementor-element elementor-element-7a9f5c00 elementor-widget-divider--view-line elementor-widget elementor-widget-divider\" data-id=\"7a9f5c00\" data-element_type=\"widget\" data-widget_type=\"divider.default\">\n\t\t\t\t\t\t\t<div class=\"elementor-divider\">\n\t\t\t<span class=\"elementor-divider-separator\">\n\t\t\t\t\t\t<\/span>\n\t\t<\/div>\n\t\t\t\t\t\t<\/div>\n\t\t\t\t\t<\/div>\n\t\t\t\t<\/div>\n\t\t<div class=\"elementor-element elementor-element-7f2e0afa e-flex e-con-boxed e-con e-parent\" data-id=\"7f2e0afa\" data-element_type=\"container\">\n\t\t\t\t\t<div class=\"e-con-inner\">\n\t\t<div class=\"elementor-element elementor-element-537c6427 e-con-full e-flex e-con e-parent\" data-id=\"537c6427\" data-element_type=\"container\">\n\t\t\t\t<div class=\"elementor-element elementor-element-5eb600a5 elementor-widget elementor-widget-text-editor\" data-id=\"5eb600a5\" data-element_type=\"widget\" data-widget_type=\"text-editor.default\">\n\t\t\t\t\t\t\t\t\t<h3 class=\"subtitle\">grupa psihologa\/ginja i psihoterapeuta\/kinja<\/h3><div class=\"address\">\u00a0<\/div><div class=\"contact\"><h3><span style=\"font-size: 1.5em; font-weight: bold;\">Other information<\/span><\/h3><\/div><p>Iskustvo u savjetovanju\/psihoterapiji:\u00a0<strong>DA<\/strong><br \/><br \/>Primarna podru\u010dja rada:\u00a0<strong>klini\u010dka, \u0161kolska i pred\u0161kolska, socijalne slu\u017ebe, profesori\/ice (\u0161kole i fakulteti); psiholo\u0161ko savjetovanje i psihoterapija<\/strong><br \/><br \/>Iskustvo u radu s LGBTIQ osobama:\u00a0<strong>DA<\/strong><\/p><p>Edukacija u tijeku:\u00a0<strong>apsolventi ge\u0161talt psihoterapije<\/strong><\/p><p>Dodatne edukacije i vje\u0161tine:\u00a0<strong>Informacije o na\u0161im pojedina\u010dnim dodatnim edukacijama nalaze se na na\u0161oj<\/strong>\u00a0<a href=\"http:\/\/www.psiho-planet.com\/o-nama.html\" target=\"_blank\" rel=\"nofollow noopener\">web stranici.<\/a><\/p>\t\t\t\t\t\t\t\t<\/div>\n\t\t\t\t<\/div>\n\t\t<div class=\"elementor-element elementor-element-4a15ed0d e-con-full e-flex e-con e-parent\" data-id=\"4a15ed0d\" data-element_type=\"container\" data-settings=\"{&quot;background_background&quot;:&quot;classic&quot;}\">\n\t\t\t\t<div class=\"elementor-element elementor-element-523557ee elementor-widget elementor-widget-spacer\" data-id=\"523557ee\" data-element_type=\"widget\" data-widget_type=\"spacer.default\">\n\t\t\t\t\t\t\t<div class=\"elementor-spacer\">\n\t\t\t<div class=\"elementor-spacer-inner\"><\/div>\n\t\t<\/div>\n\t\t\t\t\t\t<\/div>\n\t\t\t\t<div class=\"elementor-element elementor-element-29333582 elementor-widget elementor-widget-heading\" data-id=\"29333582\" data-element_type=\"widget\" data-widget_type=\"heading.default\">\n\t\t\t\t\t<h2 class=\"elementor-heading-title elementor-size-default\">Contact:<\/h2>\t\t\t\t<\/div>\n\t\t\t\t<div class=\"elementor-element elementor-element-530defd1 elementor-widget elementor-widget-text-editor\" data-id=\"530defd1\" data-element_type=\"widget\" data-widget_type=\"text-editor.default\">\n\t\t\t\t\t\t\t\t\t<div class=\"address\"><h3>Adresa<\/h3><p>Domobranska 3\/II<br \/>Zagreb<br \/>10000<\/p><\/div><div class=\"contact\"><h3>Contact us<\/h3><p><span id=\"cloak81026\">E-mail: info@psiho-planet.com<\/span><\/p><p>Web <a href=\"http:\/\/www.psiho-planet.com\/\" target=\"_blank\" rel=\"nofollow noopener\">http:\/\/www.psiho-planet.com\/<\/a><\/p><\/div>\t\t\t\t\t\t\t\t<\/div>\n\t\t\t\t<\/div>\n\t\t\t\t\t<\/div>\n\t\t\t\t<\/div>\n\t\t<div class=\"elementor-element elementor-element-4fca15a8 e-flex e-con-boxed e-con e-parent\" data-id=\"4fca15a8\" data-element_type=\"container\" data-settings=\"{&quot;background_background&quot;:&quot;classic&quot;}\">\n\t\t\t\t\t<div class=\"e-con-inner\">\n\t\t<div class=\"elementor-element elementor-element-3abaac1a e-con-full e-flex e-con e-parent\" data-id=\"3abaac1a\" data-element_type=\"container\">\n\t\t\t\t<div class=\"elementor-element elementor-element-49ed1620 elementor-widget elementor-widget-spacer\" data-id=\"49ed1620\" data-element_type=\"widget\" data-widget_type=\"spacer.default\">\n\t\t\t\t\t\t\t<div class=\"elementor-spacer\">\n\t\t\t<div class=\"elementor-spacer-inner\"><\/div>\n\t\t<\/div>\n\t\t\t\t\t\t<\/div>\n\t\t\t\t<\/div>\n\t\t\t\t\t<\/div>\n\t\t\t\t<\/div>\n\t\t\t\t<\/div>","protected":false},"excerpt":{"rendered":"<p>PsihoPLANET Centar za savjetovanje, edukaciju i osobni razvoj grupa psihologa\/ginja i psihoterapeuta\/kinja \u00a0 Ostale informacije Iskustvo u savjetovanju\/psihoterapiji:\u00a0DA Primarna podru\u010dja rada:\u00a0klini\u010dka, \u0161kolska i pred\u0161kolska, socijalne slu\u017ebe, profesori\/ice (\u0161kole i fakulteti); psiholo\u0161ko savjetovanje i psihoterapija Iskustvo u radu s LGBTIQ osobama:\u00a0DA Edukacija u tijeku:\u00a0apsolventi ge\u0161talt psihoterapije Dodatne edukacije i vje\u0161tine:\u00a0Informacije o na\u0161im pojedina\u010dnim dodatnim edukacijama nalaze &hellip;<\/p>\n<p class=\"read-more\"> <a class=\"\" href=\"https:\/\/lori.hr\/en\/psihoplanet\/\"> <span class=\"screen-reader-text\">PsihoPLANET Centar za savjetovanje, edukaciju i osobni razvoj<\/span> Read More \u00bb<\/a><\/p>","protected":false},"author":1,"featured_media":0,"parent":0,"menu_order":0,"comment_status":"closed","ping_status":"closed","template":"","meta":{"_uag_custom_page_level_css":"","site-sidebar-layout":"no-sidebar","site-content-layout":"page-builder","ast-site-content-layout":"","site-content-style":"default","site-sidebar-style":"default","ast-global-header-display":"","ast-banner-title-visibility":"","ast-main-header-display":"","ast-hfb-above-header-display":"","ast-hfb-below-header-display":"","ast-hfb-mobile-header-display":"","site-post-title":"disabled","ast-breadcrumbs-content":"","ast-featured-img":"disabled","footer-sml-layout":"","theme-transparent-header-meta":"","adv-header-id-meta":"","stick-header-meta":"","header-above-stick-meta":"","header-main-stick-meta":"","header-below-stick-meta":"","astra-migrate-meta-layouts":"","footnotes":""},"class_list":["post-5124","page","type-page","status-publish","hentry"],"uagb_featured_image_src":{"full":false,"thumbnail":false,"medium":false,"medium_large":false,"large":false,"1536x1536":false,"2048x2048":false,"trp-custom-language-flag":false},"uagb_author_info":{"display_name":"LORI","author_link":"https:\/\/lori.hr\/en\/author\/ikenji\/"},"uagb_comment_info":0,"uagb_excerpt":"PsihoPLANET Centar za savjetovanje, edukaciju i osobni razvoj grupa psihologa\/ginja i psihoterapeuta\/kinja \u00a0 Ostale informacije Iskustvo u savjetovanju\/psihoterapiji:\u00a0DA Primarna podru\u010dja rada:\u00a0klini\u010dka, \u0161kolska i pred\u0161kolska, socijalne slu\u017ebe, profesori\/ice (\u0161kole i fakulteti); psiholo\u0161ko savjetovanje i psihoterapija Iskustvo u radu s LGBTIQ osobama:\u00a0DA Edukacija u tijeku:\u00a0apsolventi ge\u0161talt psihoterapije Dodatne edukacije i vje\u0161tine:\u00a0Informacije o na\u0161im pojedina\u010dnim dodatnim edukacijama nalaze&hellip;","_links":{"self":[{"href":"https:\/\/lori.hr\/en\/wp-json\/wp\/v2\/pages\/5124","targetHints":{"allow":["GET"]}}],"collection":[{"href":"https:\/\/lori.hr\/en\/wp-json\/wp\/v2\/pages"}],"about":[{"href":"https:\/\/lori.hr\/en\/wp-json\/wp\/v2\/types\/page"}],"author":[{"embeddable":true,"href":"https:\/\/lori.hr\/en\/wp-json\/wp\/v2\/users\/1"}],"replies":[{"embeddable":true,"href":"https:\/\/lori.hr\/en\/wp-json\/wp\/v2\/comments?post=5124"}],"version-history":[{"count":4,"href":"https:\/\/lori.hr\/en\/wp-json\/wp\/v2\/pages\/5124\/revisions"}],"predecessor-version":[{"id":5128,"href":"https:\/\/lori.hr\/en\/wp-json\/wp\/v2\/pages\/5124\/revisions\/5128"}],"wp:attachment":[{"href":"https:\/\/lori.hr\/en\/wp-json\/wp\/v2\/media?parent=5124"}],"curies":[{"name":"wp","href":"https:\/\/api.w.org\/{rel}","templated":true}]}}