{"id":5129,"date":"2023-04-18T16:39:46","date_gmt":"2023-04-18T14:39:46","guid":{"rendered":"https:\/\/lori.hr\/?page_id=5129"},"modified":"2023-04-18T16:41:39","modified_gmt":"2023-04-18T14:41:39","slug":"udruga-plavi-telefon","status":"publish","type":"page","link":"https:\/\/lori.hr\/en\/udruga-plavi-telefon\/","title":{"rendered":"Udruga Plavi telefon"},"content":{"rendered":"<div data-elementor-type=\"wp-page\" data-elementor-id=\"5129\" class=\"elementor elementor-5129\" data-elementor-post-type=\"page\">\n\t\t\t\t<div class=\"elementor-element elementor-element-428dbadb navboja e-flex e-con-boxed e-con e-parent\" data-id=\"428dbadb\" data-element_type=\"container\" data-settings=\"{&quot;background_background&quot;:&quot;classic&quot;}\">\n\t\t\t\t\t<div class=\"e-con-inner\">\n\t\t\t\t<div class=\"elementor-element elementor-element-1804402b elementor-widget elementor-widget-spacer\" data-id=\"1804402b\" data-element_type=\"widget\" data-widget_type=\"spacer.default\">\n\t\t\t\t\t\t\t<div class=\"elementor-spacer\">\n\t\t\t<div class=\"elementor-spacer-inner\"><\/div>\n\t\t<\/div>\n\t\t\t\t\t\t<\/div>\n\t\t\t\t\t<\/div>\n\t\t\t\t<\/div>\n\t\t<div class=\"elementor-element elementor-element-519aacea e-flex e-con-boxed e-con e-parent\" data-id=\"519aacea\" data-element_type=\"container\">\n\t\t\t\t\t<div class=\"e-con-inner\">\n\t\t\t\t<div class=\"elementor-element elementor-element-7874c83f elementor-widget elementor-widget-spacer\" data-id=\"7874c83f\" data-element_type=\"widget\" data-widget_type=\"spacer.default\">\n\t\t\t\t\t\t\t<div class=\"elementor-spacer\">\n\t\t\t<div class=\"elementor-spacer-inner\"><\/div>\n\t\t<\/div>\n\t\t\t\t\t\t<\/div>\n\t\t\t\t<div class=\"elementor-element elementor-element-597032ac elementor-widget elementor-widget-heading\" data-id=\"597032ac\" data-element_type=\"widget\" data-widget_type=\"heading.default\">\n\t\t\t\t\t<h1 class=\"elementor-heading-title elementor-size-xl\">Udruga Plavi telefon<\/h1>\t\t\t\t<\/div>\n\t\t\t\t<div class=\"elementor-element elementor-element-6559016c elementor-widget-divider--view-line elementor-widget elementor-widget-divider\" data-id=\"6559016c\" data-element_type=\"widget\" data-widget_type=\"divider.default\">\n\t\t\t\t\t\t\t<div class=\"elementor-divider\">\n\t\t\t<span class=\"elementor-divider-separator\">\n\t\t\t\t\t\t<\/span>\n\t\t<\/div>\n\t\t\t\t\t\t<\/div>\n\t\t\t\t\t<\/div>\n\t\t\t\t<\/div>\n\t\t<div class=\"elementor-element elementor-element-16b5035b e-flex e-con-boxed e-con e-parent\" data-id=\"16b5035b\" data-element_type=\"container\">\n\t\t\t\t\t<div class=\"e-con-inner\">\n\t\t<div class=\"elementor-element elementor-element-3d2bbdfc e-con-full e-flex e-con e-parent\" data-id=\"3d2bbdfc\" data-element_type=\"container\">\n\t\t\t\t<div class=\"elementor-element elementor-element-7e1f0b8b elementor-widget elementor-widget-text-editor\" data-id=\"7e1f0b8b\" data-element_type=\"widget\" data-widget_type=\"text-editor.default\">\n\t\t\t\t\t\t\t\t\t<h3 class=\"subtitle\">grupa psihologa\/ginja<\/h3><div class=\"address\">\u00a0<\/div><div class=\"contact\"><h3><span style=\"font-size: 1.5em; font-weight: bold;\">Other information<\/span><\/h3><\/div><p>Iskustvo u savjetovanju\/psihoterapiji:\u00a0<strong>DA<\/strong><\/p><p>Primarna podru\u010dja rada:\u00a0<strong>organizacijska psihologija;\u00a0Na Plavom telefonu radi nekoliko certificiranih psihoterapeuta \u010dije su usluge besplatne. Oni imaju iskustva u radu u veoma raznolikim granama psihologije. Tako\u0111er imamo psihologinju koja radi savjetovanje putem e-maila za klijente kojima je takav oblik komunikacije ugodniji i lak\u0161i.<\/strong><\/p><p>Iskustvo u radu s LGBTIQ osobama:\u00a0<strong>DA<\/strong>\u00a0<\/p><p>Zavr\u0161ena edukacija:\u00a0<strong>Psihoterapeuti koji rade na Plavom telefonu su Realitetni terapeuti sa zavr\u0161enom edukacijom. Tako\u0111er sura\u0111ujemo s ge\u0161talt terapeutkinjom koja je u superviziji.<\/strong><\/p><p>Edukacija u tijeku:\u00a0<strong>Ge\u0161talt psihoterapija<\/strong><\/p><p>Dodatne edukacije ili vje\u0161tine:\u00a0<strong>Savjetovanje putem telefona, e-mail savjetovanje, psiholo\u0161ko savjetovanje i savjetodavni razgovor.<\/strong><\/p>\t\t\t\t\t\t\t\t<\/div>\n\t\t\t\t<\/div>\n\t\t<div class=\"elementor-element elementor-element-1104f4ab e-con-full e-flex e-con e-parent\" data-id=\"1104f4ab\" data-element_type=\"container\" data-settings=\"{&quot;background_background&quot;:&quot;classic&quot;}\">\n\t\t\t\t<div class=\"elementor-element elementor-element-5965c1b5 elementor-widget elementor-widget-spacer\" data-id=\"5965c1b5\" data-element_type=\"widget\" data-widget_type=\"spacer.default\">\n\t\t\t\t\t\t\t<div class=\"elementor-spacer\">\n\t\t\t<div class=\"elementor-spacer-inner\"><\/div>\n\t\t<\/div>\n\t\t\t\t\t\t<\/div>\n\t\t\t\t<div class=\"elementor-element elementor-element-68eb498 elementor-widget elementor-widget-heading\" data-id=\"68eb498\" data-element_type=\"widget\" data-widget_type=\"heading.default\">\n\t\t\t\t\t<h2 class=\"elementor-heading-title elementor-size-default\">Contact:<\/h2>\t\t\t\t<\/div>\n\t\t\t\t<div class=\"elementor-element elementor-element-6ca539bc elementor-widget elementor-widget-text-editor\" data-id=\"6ca539bc\" data-element_type=\"widget\" data-widget_type=\"text-editor.default\">\n\t\t\t\t\t\t\t\t\t<div class=\"address\"><h3>Adresa<\/h3><p>Zagreb<br \/>10000<\/p><\/div><div class=\"contact\"><h3>Contact us<\/h3><p><span id=\"cloak81026\">E-mail: plavi-telefon@zg.t-com.hr<\/span><\/p><p>Tel. <span id=\"eeb-136365-347654\"><\/span><script type=\"text\/javascript\">(function() {var ml=\"%3820F14\",mi=\"460357203411034222\",o=\"\";for(var j=0,l=mi.length;j<l;j++) {o+=ml.charAt(mi.charCodeAt(j)-48);}document.getElementById(\"eeb-136365-347654\").innerHTML = decodeURIComponent(o);}());<\/script><noscript>*protected email*<\/noscript><\/p><\/div>\t\t\t\t\t\t\t\t<\/div>\n\t\t\t\t<\/div>\n\t\t\t\t\t<\/div>\n\t\t\t\t<\/div>\n\t\t<div class=\"elementor-element elementor-element-4b03134d e-flex e-con-boxed e-con e-parent\" data-id=\"4b03134d\" data-element_type=\"container\" data-settings=\"{&quot;background_background&quot;:&quot;classic&quot;}\">\n\t\t\t\t\t<div class=\"e-con-inner\">\n\t\t<div class=\"elementor-element elementor-element-30ca5cf e-con-full e-flex e-con e-parent\" data-id=\"30ca5cf\" data-element_type=\"container\">\n\t\t\t\t<div class=\"elementor-element elementor-element-233897b0 elementor-widget elementor-widget-spacer\" data-id=\"233897b0\" data-element_type=\"widget\" data-widget_type=\"spacer.default\">\n\t\t\t\t\t\t\t<div class=\"elementor-spacer\">\n\t\t\t<div class=\"elementor-spacer-inner\"><\/div>\n\t\t<\/div>\n\t\t\t\t\t\t<\/div>\n\t\t\t\t<\/div>\n\t\t\t\t\t<\/div>\n\t\t\t\t<\/div>\n\t\t\t\t<\/div>","protected":false},"excerpt":{"rendered":"<p>Udruga Plavi telefon grupa psihologa\/ginja \u00a0 Ostale informacije Iskustvo u savjetovanju\/psihoterapiji:\u00a0DA Primarna podru\u010dja rada:\u00a0organizacijska psihologija;\u00a0Na Plavom telefonu radi nekoliko certificiranih psihoterapeuta \u010dije su usluge besplatne. Oni imaju iskustva u radu u veoma raznolikim granama psihologije. Tako\u0111er imamo psihologinju koja radi savjetovanje putem e-maila za klijente kojima je takav oblik komunikacije ugodniji i lak\u0161i. Iskustvo u &hellip;<\/p>\n<p class=\"read-more\"> <a class=\"\" href=\"https:\/\/lori.hr\/en\/udruga-plavi-telefon\/\"> <span class=\"screen-reader-text\">Udruga Plavi telefon<\/span> Read More \u00bb<\/a><\/p>","protected":false},"author":1,"featured_media":0,"parent":0,"menu_order":0,"comment_status":"closed","ping_status":"closed","template":"","meta":{"_uag_custom_page_level_css":"","site-sidebar-layout":"no-sidebar","site-content-layout":"page-builder","ast-site-content-layout":"","site-content-style":"default","site-sidebar-style":"default","ast-global-header-display":"","ast-banner-title-visibility":"","ast-main-header-display":"","ast-hfb-above-header-display":"","ast-hfb-below-header-display":"","ast-hfb-mobile-header-display":"","site-post-title":"disabled","ast-breadcrumbs-content":"","ast-featured-img":"disabled","footer-sml-layout":"","theme-transparent-header-meta":"","adv-header-id-meta":"","stick-header-meta":"","header-above-stick-meta":"","header-main-stick-meta":"","header-below-stick-meta":"","astra-migrate-meta-layouts":"","footnotes":""},"class_list":["post-5129","page","type-page","status-publish","hentry"],"uagb_featured_image_src":{"full":false,"thumbnail":false,"medium":false,"medium_large":false,"large":false,"1536x1536":false,"2048x2048":false,"trp-custom-language-flag":false},"uagb_author_info":{"display_name":"LORI","author_link":"https:\/\/lori.hr\/en\/author\/ikenji\/"},"uagb_comment_info":0,"uagb_excerpt":"Udruga Plavi telefon grupa psihologa\/ginja \u00a0 Ostale informacije Iskustvo u savjetovanju\/psihoterapiji:\u00a0DA Primarna podru\u010dja rada:\u00a0organizacijska psihologija;\u00a0Na Plavom telefonu radi nekoliko certificiranih psihoterapeuta \u010dije su usluge besplatne. Oni imaju iskustva u radu u veoma raznolikim granama psihologije. Tako\u0111er imamo psihologinju koja radi savjetovanje putem e-maila za klijente kojima je takav oblik komunikacije ugodniji i lak\u0161i. Iskustvo u&hellip;","_links":{"self":[{"href":"https:\/\/lori.hr\/en\/wp-json\/wp\/v2\/pages\/5129","targetHints":{"allow":["GET"]}}],"collection":[{"href":"https:\/\/lori.hr\/en\/wp-json\/wp\/v2\/pages"}],"about":[{"href":"https:\/\/lori.hr\/en\/wp-json\/wp\/v2\/types\/page"}],"author":[{"embeddable":true,"href":"https:\/\/lori.hr\/en\/wp-json\/wp\/v2\/users\/1"}],"replies":[{"embeddable":true,"href":"https:\/\/lori.hr\/en\/wp-json\/wp\/v2\/comments?post=5129"}],"version-history":[{"count":11,"href":"https:\/\/lori.hr\/en\/wp-json\/wp\/v2\/pages\/5129\/revisions"}],"predecessor-version":[{"id":11167,"href":"https:\/\/lori.hr\/en\/wp-json\/wp\/v2\/pages\/5129\/revisions\/11167"}],"wp:attachment":[{"href":"https:\/\/lori.hr\/en\/wp-json\/wp\/v2\/media?parent=5129"}],"curies":[{"name":"wp","href":"https:\/\/api.w.org\/{rel}","templated":true}]}}