{"id":5143,"date":"2023-04-18T16:48:00","date_gmt":"2023-04-18T14:48:00","guid":{"rendered":"https:\/\/lori.hr\/?page_id=5143"},"modified":"2023-04-18T16:55:38","modified_gmt":"2023-04-18T14:55:38","slug":"savjetovaliste-agronomski-fakultet-zagreb","status":"publish","type":"page","link":"https:\/\/lori.hr\/en\/savjetovaliste-agronomski-fakultet-zagreb\/","title":{"rendered":"Savjetovali\u0161te za studente Agronomski fakultet Sveu\u010dili\u0161ta u Zagrebu"},"content":{"rendered":"<div data-elementor-type=\"wp-page\" data-elementor-id=\"5143\" class=\"elementor elementor-5143\" data-elementor-post-type=\"page\">\n\t\t\t\t<div class=\"elementor-element elementor-element-424cfbef navboja e-flex e-con-boxed e-con e-parent\" data-id=\"424cfbef\" data-element_type=\"container\" data-settings=\"{&quot;background_background&quot;:&quot;classic&quot;}\">\n\t\t\t\t\t<div class=\"e-con-inner\">\n\t\t\t\t<div class=\"elementor-element elementor-element-412d2035 elementor-widget elementor-widget-spacer\" data-id=\"412d2035\" data-element_type=\"widget\" data-widget_type=\"spacer.default\">\n\t\t\t\t\t\t\t<div class=\"elementor-spacer\">\n\t\t\t<div class=\"elementor-spacer-inner\"><\/div>\n\t\t<\/div>\n\t\t\t\t\t\t<\/div>\n\t\t\t\t\t<\/div>\n\t\t\t\t<\/div>\n\t\t<div class=\"elementor-element elementor-element-3af36fcb e-flex e-con-boxed e-con e-parent\" data-id=\"3af36fcb\" data-element_type=\"container\">\n\t\t\t\t\t<div class=\"e-con-inner\">\n\t\t\t\t<div class=\"elementor-element elementor-element-90409ac elementor-widget elementor-widget-spacer\" data-id=\"90409ac\" data-element_type=\"widget\" data-widget_type=\"spacer.default\">\n\t\t\t\t\t\t\t<div class=\"elementor-spacer\">\n\t\t\t<div class=\"elementor-spacer-inner\"><\/div>\n\t\t<\/div>\n\t\t\t\t\t\t<\/div>\n\t\t\t\t<div class=\"elementor-element elementor-element-256e1e60 elementor-widget elementor-widget-heading\" data-id=\"256e1e60\" data-element_type=\"widget\" data-widget_type=\"heading.default\">\n\t\t\t\t\t<h1 class=\"elementor-heading-title elementor-size-xl\">Savjetovali\u0161te za studente Agronomski fakultet Sveu\u010dili\u0161ta u Zagrebu<\/h1>\t\t\t\t<\/div>\n\t\t\t\t<div class=\"elementor-element elementor-element-2cf823c7 elementor-widget-divider--view-line elementor-widget elementor-widget-divider\" data-id=\"2cf823c7\" data-element_type=\"widget\" data-widget_type=\"divider.default\">\n\t\t\t\t\t\t\t<div class=\"elementor-divider\">\n\t\t\t<span class=\"elementor-divider-separator\">\n\t\t\t\t\t\t<\/span>\n\t\t<\/div>\n\t\t\t\t\t\t<\/div>\n\t\t\t\t\t<\/div>\n\t\t\t\t<\/div>\n\t\t<div class=\"elementor-element elementor-element-59d7fd6e e-flex e-con-boxed e-con e-parent\" data-id=\"59d7fd6e\" data-element_type=\"container\">\n\t\t\t\t\t<div class=\"e-con-inner\">\n\t\t<div class=\"elementor-element elementor-element-17bde85 e-con-full e-flex e-con e-parent\" data-id=\"17bde85\" data-element_type=\"container\">\n\t\t\t\t<div class=\"elementor-element elementor-element-416c02ad elementor-widget elementor-widget-text-editor\" data-id=\"416c02ad\" data-element_type=\"widget\" data-widget_type=\"text-editor.default\">\n\t\t\t\t\t\t\t\t\t<h3 class=\"subtitle\">psihologinja<\/h3><div class=\"address\">\u00a0<\/div><div class=\"contact\"><h3><span style=\"font-size: 1.5em; font-weight: bold;\">Other information<\/span><\/h3><\/div><p>Iskustvo u savjetovanju\/psihoterapiji:\u00a0<strong>DA<\/strong><\/p><p>Primarna podru\u010dja rada:<strong>\u00a0p<\/strong><b>rofesorica (fakultet),\u00a0Psiholo\u0161ko savjetovanje studenata<\/b><\/p><p>Iskustvo u radu s LGBTIQ osobama:\u00a0<strong>DA<\/strong><\/p><p>Zavr\u0161ena edukacija:\u00a0<strong>p<\/strong><b>ogledati\u00a0<a href=\"https:\/\/lori.hr\/en\/marina-stambuk\/\" target=\"_blank\" rel=\"noopener\">Marina \u0160tambuk<\/a><\/b><\/p>\t\t\t\t\t\t\t\t<\/div>\n\t\t\t\t<\/div>\n\t\t<div class=\"elementor-element elementor-element-28c0706d e-con-full e-flex e-con e-parent\" data-id=\"28c0706d\" data-element_type=\"container\" data-settings=\"{&quot;background_background&quot;:&quot;classic&quot;}\">\n\t\t\t\t<div class=\"elementor-element elementor-element-334ed645 elementor-widget elementor-widget-spacer\" data-id=\"334ed645\" data-element_type=\"widget\" data-widget_type=\"spacer.default\">\n\t\t\t\t\t\t\t<div class=\"elementor-spacer\">\n\t\t\t<div class=\"elementor-spacer-inner\"><\/div>\n\t\t<\/div>\n\t\t\t\t\t\t<\/div>\n\t\t\t\t<div class=\"elementor-element elementor-element-6a373df6 elementor-widget elementor-widget-heading\" data-id=\"6a373df6\" data-element_type=\"widget\" data-widget_type=\"heading.default\">\n\t\t\t\t\t<h2 class=\"elementor-heading-title elementor-size-default\">Contact:<\/h2>\t\t\t\t<\/div>\n\t\t\t\t<div class=\"elementor-element elementor-element-353cc981 elementor-widget elementor-widget-text-editor\" data-id=\"353cc981\" data-element_type=\"widget\" data-widget_type=\"text-editor.default\">\n\t\t\t\t\t\t\t\t\t<div class=\"address\"><h3>Adresa<\/h3><p>Zagreb<br \/>10000<\/p><\/div><div class=\"contact\"><h3>Contact us<\/h3><p><span id=\"cloak81026\">E-mail: mstambuk@agr.hr<br \/>Web: <a href=\"https:\/\/www.agr.unizg.hr\/hr\/group\/420\/Savjetovali%C5%A1te+za+studente\" target=\"_blank\" rel=\"nofollow noopener\">https:\/\/www.agr.unizg.hr\/hr\/group\/420\/Savjetovali%C5%A1te+za+studente<\/a><\/span><\/p><\/div>\t\t\t\t\t\t\t\t<\/div>\n\t\t\t\t<\/div>\n\t\t\t\t\t<\/div>\n\t\t\t\t<\/div>\n\t\t<div class=\"elementor-element elementor-element-57baebcf e-flex e-con-boxed e-con e-parent\" data-id=\"57baebcf\" data-element_type=\"container\" data-settings=\"{&quot;background_background&quot;:&quot;classic&quot;}\">\n\t\t\t\t\t<div class=\"e-con-inner\">\n\t\t<div class=\"elementor-element elementor-element-52028879 e-con-full e-flex e-con e-parent\" data-id=\"52028879\" data-element_type=\"container\">\n\t\t\t\t<div class=\"elementor-element elementor-element-6018af8a elementor-widget elementor-widget-spacer\" data-id=\"6018af8a\" data-element_type=\"widget\" data-widget_type=\"spacer.default\">\n\t\t\t\t\t\t\t<div class=\"elementor-spacer\">\n\t\t\t<div class=\"elementor-spacer-inner\"><\/div>\n\t\t<\/div>\n\t\t\t\t\t\t<\/div>\n\t\t\t\t<\/div>\n\t\t\t\t\t<\/div>\n\t\t\t\t<\/div>\n\t\t\t\t<\/div>","protected":false},"excerpt":{"rendered":"<p>Savjetovali\u0161te za studente Agronomski fakultet Sveu\u010dili\u0161ta u Zagrebu psihologinja \u00a0 Ostale informacije Iskustvo u savjetovanju\/psihoterapiji:\u00a0DA Primarna podru\u010dja rada:\u00a0profesorica (fakultet),\u00a0Psiholo\u0161ko savjetovanje studenata Iskustvo u radu s LGBTIQ osobama:\u00a0DA Zavr\u0161ena edukacija:\u00a0pogledati\u00a0Marina \u0160tambuk Kontakt: Adresa Zagreb10000 Kontakt E-mail: mstambuk@agr.hrWeb: https:\/\/www.agr.unizg.hr\/hr\/group\/420\/Savjetovali%C5%A1te+za+studente<\/p>","protected":false},"author":1,"featured_media":0,"parent":0,"menu_order":0,"comment_status":"closed","ping_status":"closed","template":"","meta":{"_uag_custom_page_level_css":"","site-sidebar-layout":"no-sidebar","site-content-layout":"page-builder","ast-site-content-layout":"","site-content-style":"default","site-sidebar-style":"default","ast-global-header-display":"","ast-banner-title-visibility":"","ast-main-header-display":"","ast-hfb-above-header-display":"","ast-hfb-below-header-display":"","ast-hfb-mobile-header-display":"","site-post-title":"disabled","ast-breadcrumbs-content":"","ast-featured-img":"disabled","footer-sml-layout":"","theme-transparent-header-meta":"","adv-header-id-meta":"","stick-header-meta":"","header-above-stick-meta":"","header-main-stick-meta":"","header-below-stick-meta":"","astra-migrate-meta-layouts":"","footnotes":""},"class_list":["post-5143","page","type-page","status-publish","hentry"],"uagb_featured_image_src":{"full":false,"thumbnail":false,"medium":false,"medium_large":false,"large":false,"1536x1536":false,"2048x2048":false,"trp-custom-language-flag":false},"uagb_author_info":{"display_name":"LORI","author_link":"https:\/\/lori.hr\/en\/author\/ikenji\/"},"uagb_comment_info":0,"uagb_excerpt":"Savjetovali\u0161te za studente Agronomski fakultet Sveu\u010dili\u0161ta u Zagrebu psihologinja \u00a0 Ostale informacije Iskustvo u savjetovanju\/psihoterapiji:\u00a0DA Primarna podru\u010dja rada:\u00a0profesorica (fakultet),\u00a0Psiholo\u0161ko savjetovanje studenata Iskustvo u radu s LGBTIQ osobama:\u00a0DA Zavr\u0161ena edukacija:\u00a0pogledati\u00a0Marina \u0160tambuk Kontakt: Adresa Zagreb10000 Kontakt E-mail: mstambuk@agr.hrWeb: https:\/\/www.agr.unizg.hr\/hr\/group\/420\/Savjetovali%C5%A1te+za+studente","_links":{"self":[{"href":"https:\/\/lori.hr\/en\/wp-json\/wp\/v2\/pages\/5143","targetHints":{"allow":["GET"]}}],"collection":[{"href":"https:\/\/lori.hr\/en\/wp-json\/wp\/v2\/pages"}],"about":[{"href":"https:\/\/lori.hr\/en\/wp-json\/wp\/v2\/types\/page"}],"author":[{"embeddable":true,"href":"https:\/\/lori.hr\/en\/wp-json\/wp\/v2\/users\/1"}],"replies":[{"embeddable":true,"href":"https:\/\/lori.hr\/en\/wp-json\/wp\/v2\/comments?post=5143"}],"version-history":[{"count":7,"href":"https:\/\/lori.hr\/en\/wp-json\/wp\/v2\/pages\/5143\/revisions"}],"predecessor-version":[{"id":5160,"href":"https:\/\/lori.hr\/en\/wp-json\/wp\/v2\/pages\/5143\/revisions\/5160"}],"wp:attachment":[{"href":"https:\/\/lori.hr\/en\/wp-json\/wp\/v2\/media?parent=5143"}],"curies":[{"name":"wp","href":"https:\/\/api.w.org\/{rel}","templated":true}]}}