{"id":5153,"date":"2023-04-18T16:53:38","date_gmt":"2023-04-18T14:53:38","guid":{"rendered":"https:\/\/lori.hr\/?page_id=5153"},"modified":"2025-02-13T10:37:09","modified_gmt":"2025-02-13T09:37:09","slug":"marina-stambuk","status":"publish","type":"page","link":"https:\/\/lori.hr\/en\/marina-stambuk\/","title":{"rendered":"Marina \u0160tambuk"},"content":{"rendered":"<div data-elementor-type=\"wp-page\" data-elementor-id=\"5153\" class=\"elementor elementor-5153\" data-elementor-post-type=\"page\">\n\t\t\t\t<div class=\"elementor-element elementor-element-53551f46 navboja e-flex e-con-boxed e-con e-parent\" data-id=\"53551f46\" data-element_type=\"container\" data-settings=\"{&quot;background_background&quot;:&quot;classic&quot;}\">\n\t\t\t\t\t<div class=\"e-con-inner\">\n\t\t\t\t<div class=\"elementor-element elementor-element-551897a8 elementor-widget elementor-widget-spacer\" data-id=\"551897a8\" data-element_type=\"widget\" data-widget_type=\"spacer.default\">\n\t\t\t\t\t\t\t<div class=\"elementor-spacer\">\n\t\t\t<div class=\"elementor-spacer-inner\"><\/div>\n\t\t<\/div>\n\t\t\t\t\t\t<\/div>\n\t\t\t\t\t<\/div>\n\t\t\t\t<\/div>\n\t\t<div class=\"elementor-element elementor-element-102c8dff e-flex e-con-boxed e-con e-parent\" data-id=\"102c8dff\" data-element_type=\"container\">\n\t\t\t\t\t<div class=\"e-con-inner\">\n\t\t\t\t<div class=\"elementor-element elementor-element-7c0c73e4 elementor-widget elementor-widget-spacer\" data-id=\"7c0c73e4\" data-element_type=\"widget\" data-widget_type=\"spacer.default\">\n\t\t\t\t\t\t\t<div class=\"elementor-spacer\">\n\t\t\t<div class=\"elementor-spacer-inner\"><\/div>\n\t\t<\/div>\n\t\t\t\t\t\t<\/div>\n\t\t\t\t<div class=\"elementor-element elementor-element-25471424 elementor-widget elementor-widget-heading\" data-id=\"25471424\" data-element_type=\"widget\" data-widget_type=\"heading.default\">\n\t\t\t\t\t<h1 class=\"elementor-heading-title elementor-size-xl\">Marina \u0160tambuk<\/h1>\t\t\t\t<\/div>\n\t\t\t\t<div class=\"elementor-element elementor-element-6c25e1e2 elementor-widget-divider--view-line elementor-widget elementor-widget-divider\" data-id=\"6c25e1e2\" data-element_type=\"widget\" data-widget_type=\"divider.default\">\n\t\t\t\t\t\t\t<div class=\"elementor-divider\">\n\t\t\t<span class=\"elementor-divider-separator\">\n\t\t\t\t\t\t<\/span>\n\t\t<\/div>\n\t\t\t\t\t\t<\/div>\n\t\t\t\t\t<\/div>\n\t\t\t\t<\/div>\n\t\t<div class=\"elementor-element elementor-element-6f171a5 e-flex e-con-boxed e-con e-parent\" data-id=\"6f171a5\" data-element_type=\"container\">\n\t\t\t\t\t<div class=\"e-con-inner\">\n\t\t<div class=\"elementor-element elementor-element-2691a854 e-con-full e-flex e-con e-child\" data-id=\"2691a854\" data-element_type=\"container\">\n\t\t\t\t<div class=\"elementor-element elementor-element-46127889 elementor-widget elementor-widget-text-editor\" data-id=\"46127889\" data-element_type=\"widget\" data-widget_type=\"text-editor.default\">\n\t\t\t\t\t\t\t\t\t<h3 class=\"subtitle\">psihologinja<\/h3><div class=\"address\">\u00a0<\/div><div class=\"contact\"><h3><span style=\"font-size: 1.5em; font-weight: bold;\">Other information<\/span><\/h3><\/div><p>Iskustvo u savjetovanju\/psihoterapiji:\u00a0<strong>DA<\/strong><\/p><p>Primarna podru\u010dja rada: <strong>edukantica gestalt psihoterapije<\/strong><\/p><p>Iskustvo u radu s LGBTIQ osobama:\u00a0<strong>DA\u00a0<\/strong><\/p><p><span style=\"font-size: 16px;\">Edukacija u tijeku:<\/span><strong style=\"font-size: 16px;\"> Edukacija iz gestalt psihoterapije, Gestalt Centar Homa, Voditelji: Jasenka Pregrad i Toma\u017e Flajs, Zagreb (predavanja 2016-2020; apsolventski status u tijeku)<\/strong><\/p><p><strong>Dodatne edukacije ili vje\u0161tine:<\/strong><\/p><ul><li><p>Niz edukacija unutar pravca gestalt psihoterapije: program Gestalt Praktikuma pri Gestalt centru Homa (2023 &#8211; u tijeku), edukacije Kevina MCCanna o partnerskom nasilju (2024) i radu s transrodnim klijentima (2023), edukacija Petera Philippsona Self u relaciji (2023), edukacija Biserke Tomljenovi\u0107 o istra\u017eiva\u010dkom pristupu u radu gestaltu (2023), edukacija Elinor Greenberg o tretmanu narcisti\u010dnog karakternog stila (2021).<\/p>Edukacije i radionice iz ostalih pravaca psihoterapije i vje\u0161tina savjetovanja: EMDR (I. stupanj; 2023), upotreba asocijativnih karata u savjetodavnom radu (Udruga Igra, 2019), 8-tjedni program mindfulness kognitivne terapije za stru\u010dnjake\/inje pomaga\u010dkih zanimanja (HUBIKOT, 2016), Edukacija iz bihevioralno-kognitivnih terapija (I. i II. stupanj, HUBIKOT, 2013-2015), ACT &#8211; Osnovni trening (Igor Krneti\u0107, 2013); edukacije o radu s LGBT osobama (Lezbijska grupa Kontra; Lezbijska organizacija Rijeka LORI, 2008-2009), Transakcijska analiza (stupanj 101, 2007-2008), edukacije o telefonskom savjetovanju zlostavljene i zanemarene djece (Udruga Hrabri Telefon, 2005-2008).<\/li><\/ul>\t\t\t\t\t\t\t\t<\/div>\n\t\t\t\t<\/div>\n\t\t<div class=\"elementor-element elementor-element-1389edb0 e-con-full e-flex e-con e-child\" data-id=\"1389edb0\" data-element_type=\"container\" data-settings=\"{&quot;background_background&quot;:&quot;classic&quot;}\">\n\t\t\t\t<div class=\"elementor-element elementor-element-3fa1243c elementor-widget elementor-widget-spacer\" data-id=\"3fa1243c\" data-element_type=\"widget\" data-widget_type=\"spacer.default\">\n\t\t\t\t\t\t\t<div class=\"elementor-spacer\">\n\t\t\t<div class=\"elementor-spacer-inner\"><\/div>\n\t\t<\/div>\n\t\t\t\t\t\t<\/div>\n\t\t\t\t<div class=\"elementor-element elementor-element-5cb98bba elementor-widget elementor-widget-heading\" data-id=\"5cb98bba\" data-element_type=\"widget\" data-widget_type=\"heading.default\">\n\t\t\t\t\t<h2 class=\"elementor-heading-title elementor-size-default\">Contact:<\/h2>\t\t\t\t<\/div>\n\t\t\t\t<div class=\"elementor-element elementor-element-2112aa00 elementor-widget elementor-widget-text-editor\" data-id=\"2112aa00\" data-element_type=\"widget\" data-widget_type=\"text-editor.default\">\n\t\t\t\t\t\t\t\t\t<div class=\"address\"><h3>Adresa<\/h3><p>Zagreb<br \/>10000<\/p><\/div><div class=\"contact\"><h3>Contact us<\/h3><p><span id=\"cloak81026\">E-mail: mstambuk.tartajun@gmail.com<\/span><\/p><\/div>\t\t\t\t\t\t\t\t<\/div>\n\t\t\t\t<\/div>\n\t\t\t\t\t<\/div>\n\t\t\t\t<\/div>\n\t\t<div class=\"elementor-element elementor-element-fc69ea4 e-flex e-con-boxed e-con e-parent\" data-id=\"fc69ea4\" data-element_type=\"container\" data-settings=\"{&quot;background_background&quot;:&quot;classic&quot;}\">\n\t\t\t\t\t<div class=\"e-con-inner\">\n\t\t<div class=\"elementor-element elementor-element-24713e2c e-con-full e-flex e-con e-child\" data-id=\"24713e2c\" data-element_type=\"container\">\n\t\t\t\t<div class=\"elementor-element elementor-element-f6157c2 elementor-widget elementor-widget-spacer\" data-id=\"f6157c2\" data-element_type=\"widget\" data-widget_type=\"spacer.default\">\n\t\t\t\t\t\t\t<div class=\"elementor-spacer\">\n\t\t\t<div class=\"elementor-spacer-inner\"><\/div>\n\t\t<\/div>\n\t\t\t\t\t\t<\/div>\n\t\t\t\t<\/div>\n\t\t\t\t\t<\/div>\n\t\t\t\t<\/div>\n\t\t\t\t<\/div>","protected":false},"excerpt":{"rendered":"<p>Marina \u0160tambuk psihologinja \u00a0 Ostale informacije Iskustvo u savjetovanju\/psihoterapiji:\u00a0DA Primarna podru\u010dja rada: edukantica gestalt psihoterapije Iskustvo u radu s LGBTIQ osobama:\u00a0DA\u00a0 Edukacija u tijeku: Edukacija iz gestalt psihoterapije, Gestalt Centar Homa, Voditelji: Jasenka Pregrad i Toma\u017e Flajs, Zagreb (predavanja 2016-2020; apsolventski status u tijeku) Dodatne edukacije ili vje\u0161tine: Niz edukacija unutar pravca gestalt psihoterapije: program &hellip;<\/p>\n<p class=\"read-more\"> <a class=\"\" href=\"https:\/\/lori.hr\/en\/marina-stambuk\/\"> <span class=\"screen-reader-text\">Marina \u0160tambuk<\/span> Read More \u00bb<\/a><\/p>","protected":false},"author":1,"featured_media":0,"parent":0,"menu_order":0,"comment_status":"closed","ping_status":"closed","template":"","meta":{"_uag_custom_page_level_css":"","site-sidebar-layout":"no-sidebar","site-content-layout":"page-builder","ast-site-content-layout":"","site-content-style":"default","site-sidebar-style":"default","ast-global-header-display":"","ast-banner-title-visibility":"","ast-main-header-display":"","ast-hfb-above-header-display":"","ast-hfb-below-header-display":"","ast-hfb-mobile-header-display":"","site-post-title":"disabled","ast-breadcrumbs-content":"","ast-featured-img":"disabled","footer-sml-layout":"","theme-transparent-header-meta":"","adv-header-id-meta":"","stick-header-meta":"","header-above-stick-meta":"","header-main-stick-meta":"","header-below-stick-meta":"","astra-migrate-meta-layouts":"","footnotes":""},"class_list":["post-5153","page","type-page","status-publish","hentry"],"uagb_featured_image_src":{"full":false,"thumbnail":false,"medium":false,"medium_large":false,"large":false,"1536x1536":false,"2048x2048":false,"trp-custom-language-flag":false},"uagb_author_info":{"display_name":"LORI","author_link":"https:\/\/lori.hr\/en\/author\/ikenji\/"},"uagb_comment_info":0,"uagb_excerpt":"Marina \u0160tambuk psihologinja \u00a0 Ostale informacije Iskustvo u savjetovanju\/psihoterapiji:\u00a0DA Primarna podru\u010dja rada: edukantica gestalt psihoterapije Iskustvo u radu s LGBTIQ osobama:\u00a0DA\u00a0 Edukacija u tijeku: Edukacija iz gestalt psihoterapije, Gestalt Centar Homa, Voditelji: Jasenka Pregrad i Toma\u017e Flajs, Zagreb (predavanja 2016-2020; apsolventski status u tijeku) Dodatne edukacije ili vje\u0161tine: Niz edukacija unutar pravca gestalt psihoterapije: program&hellip;","_links":{"self":[{"href":"https:\/\/lori.hr\/en\/wp-json\/wp\/v2\/pages\/5153","targetHints":{"allow":["GET"]}}],"collection":[{"href":"https:\/\/lori.hr\/en\/wp-json\/wp\/v2\/pages"}],"about":[{"href":"https:\/\/lori.hr\/en\/wp-json\/wp\/v2\/types\/page"}],"author":[{"embeddable":true,"href":"https:\/\/lori.hr\/en\/wp-json\/wp\/v2\/users\/1"}],"replies":[{"embeddable":true,"href":"https:\/\/lori.hr\/en\/wp-json\/wp\/v2\/comments?post=5153"}],"version-history":[{"count":7,"href":"https:\/\/lori.hr\/en\/wp-json\/wp\/v2\/pages\/5153\/revisions"}],"predecessor-version":[{"id":10422,"href":"https:\/\/lori.hr\/en\/wp-json\/wp\/v2\/pages\/5153\/revisions\/10422"}],"wp:attachment":[{"href":"https:\/\/lori.hr\/en\/wp-json\/wp\/v2\/media?parent=5153"}],"curies":[{"name":"wp","href":"https:\/\/api.w.org\/{rel}","templated":true}]}}