{"id":5200,"date":"2023-04-19T11:44:10","date_gmt":"2023-04-19T09:44:10","guid":{"rendered":"https:\/\/lori.hr\/?page_id=5200"},"modified":"2023-06-21T15:15:09","modified_gmt":"2023-06-21T13:15:09","slug":"za-strucnjake-kinje","status":"publish","type":"page","link":"https:\/\/lori.hr\/en\/za-strucnjake-kinje\/","title":{"rendered":"Za stru\u010dnjake\/kinje"},"content":{"rendered":"<div data-elementor-type=\"wp-page\" data-elementor-id=\"5200\" class=\"elementor elementor-5200\" data-elementor-post-type=\"page\">\n\t\t\t\t<div class=\"elementor-element elementor-element-598eb74 navboja e-flex e-con-boxed e-con e-parent\" data-id=\"598eb74\" data-element_type=\"container\" data-settings=\"{&quot;background_background&quot;:&quot;classic&quot;}\">\n\t\t\t\t\t<div class=\"e-con-inner\">\n\t\t\t\t<div class=\"elementor-element elementor-element-dda4836 elementor-widget elementor-widget-spacer\" data-id=\"dda4836\" data-element_type=\"widget\" data-widget_type=\"spacer.default\">\n\t\t\t\t\t\t\t<div class=\"elementor-spacer\">\n\t\t\t<div class=\"elementor-spacer-inner\"><\/div>\n\t\t<\/div>\n\t\t\t\t\t\t<\/div>\n\t\t\t\t\t<\/div>\n\t\t\t\t<\/div>\n\t\t<div class=\"elementor-element elementor-element-3868668 e-flex e-con-boxed e-con e-parent\" data-id=\"3868668\" data-element_type=\"container\">\n\t\t\t\t\t<div class=\"e-con-inner\">\n\t\t\t\t<div class=\"elementor-element elementor-element-ab61ec5 elementor-widget elementor-widget-spacer\" data-id=\"ab61ec5\" data-element_type=\"widget\" data-widget_type=\"spacer.default\">\n\t\t\t\t\t\t\t<div class=\"elementor-spacer\">\n\t\t\t<div class=\"elementor-spacer-inner\"><\/div>\n\t\t<\/div>\n\t\t\t\t\t\t<\/div>\n\t\t\t\t<div class=\"elementor-element elementor-element-6b245fd elementor-widget elementor-widget-heading\" data-id=\"6b245fd\" data-element_type=\"widget\" data-widget_type=\"heading.default\">\n\t\t\t\t\t<h1 class=\"elementor-heading-title elementor-size-default\">For professionals<\/h1>\t\t\t\t<\/div>\n\t\t\t\t<div class=\"elementor-element elementor-element-8662051 elementor-widget-divider--view-line elementor-widget elementor-widget-divider\" data-id=\"8662051\" data-element_type=\"widget\" data-widget_type=\"divider.default\">\n\t\t\t\t\t\t\t<div class=\"elementor-divider\">\n\t\t\t<span class=\"elementor-divider-separator\">\n\t\t\t\t\t\t<\/span>\n\t\t<\/div>\n\t\t\t\t\t\t<\/div>\n\t\t\t\t<div class=\"elementor-element elementor-element-8dbd639 elementor-widget elementor-widget-spacer\" data-id=\"8dbd639\" data-element_type=\"widget\" data-widget_type=\"spacer.default\">\n\t\t\t\t\t\t\t<div class=\"elementor-spacer\">\n\t\t\t<div class=\"elementor-spacer-inner\"><\/div>\n\t\t<\/div>\n\t\t\t\t\t\t<\/div>\n\t\t\t\t\t<\/div>\n\t\t\t\t<\/div>\n\t\t<div class=\"elementor-element elementor-element-e2df1e9 e-flex e-con-boxed e-con e-parent\" data-id=\"e2df1e9\" data-element_type=\"container\">\n\t\t\t\t\t<div class=\"e-con-inner\">\n\t\t<div class=\"elementor-element elementor-element-a72b4b9 e-con-full e-flex e-con e-parent\" data-id=\"a72b4b9\" data-element_type=\"container\">\n\t\t\t\t<div class=\"elementor-element elementor-element-1af50af elementor-widget elementor-widget-text-editor\" data-id=\"1af50af\" data-element_type=\"widget\" data-widget_type=\"text-editor.default\">\n\t\t\t\t\t\t\t\t\t<p><span style=\"font-weight: 400;\">Within our regular activities, <\/span><span style=\"font-weight: 400;\">LORI informs, sensitizes and educates variety of professionals (<a href=\"https:\/\/lori.hr\/en\/odrzan-trening-za-strucnjake-kinje-podrucje-mentalnog-zdravlja\/\" target=\"_blank\" rel=\"noopener\">teachers <\/a><\/span><span style=\"font-weight: 400;\">and school staff<\/span><span style=\"font-weight: 400;\">, <\/span><span style=\"font-weight: 400;\"><a href=\"https:\/\/lori.hr\/en\/odrzan-trening-za-strucnjake-kinje-podrucje-mentalnog-zdravlja\/\" target=\"_blank\" rel=\"noopener\">mental health professionals<\/a>, <\/span><span style=\"font-weight: 400;\">police...) by organising and conducting one-day or several days trainings, public events and campaigns, providing useful information and developing materials and tools that professionals can use independently in their further work. <\/span><\/p><p><span style=\"font-weight: 400;\">A special focus is put on informing, educating and sensitizing therapists and counsellors in the field of mental health. Since counselling and therapy work with LGBTIQ+ persons requires specific knowledge, skills and sensibilities, it is important that these professionals have adequate knowledge and information, which often is not easy to find.<\/span><\/p>\t\t\t\t\t\t\t\t<\/div>\n\t\t\t\t<\/div>\n\t\t<div class=\"elementor-element elementor-element-45d9620 e-con-full e-flex e-con e-parent\" data-id=\"45d9620\" data-element_type=\"container\">\n\t\t\t\t<div class=\"elementor-element elementor-element-9f88021 elementor-widget elementor-widget-image\" data-id=\"9f88021\" data-element_type=\"widget\" data-widget_type=\"image.default\">\n\t\t\t\t\t\t\t\t\t\t\t\t\t\t\t<img loading=\"lazy\" decoding=\"async\" width=\"800\" height=\"533\" src=\"https:\/\/lori.hr\/wp-content\/uploads\/2023\/04\/Za-strucnjake-kinje.jpg\" class=\"attachment-large size-large wp-image-5201\" alt=\"\" srcset=\"https:\/\/lori.hr\/wp-content\/uploads\/2023\/04\/Za-strucnjake-kinje.jpg 800w, https:\/\/lori.hr\/wp-content\/uploads\/2023\/04\/Za-strucnjake-kinje-300x200.jpg 300w, https:\/\/lori.hr\/wp-content\/uploads\/2023\/04\/Za-strucnjake-kinje-768x512.jpg 768w\" sizes=\"auto, (max-width: 800px) 100vw, 800px\" \/>\t\t\t\t\t\t\t\t\t\t\t\t\t\t\t<\/div>\n\t\t\t\t<\/div>\n\t\t\t\t\t<\/div>\n\t\t\t\t<\/div>\n\t\t<div class=\"elementor-element elementor-element-7138c0c e-flex e-con-boxed e-con e-parent\" data-id=\"7138c0c\" data-element_type=\"container\">\n\t\t\t\t\t<div class=\"e-con-inner\">\n\t\t\t\t<div class=\"elementor-element elementor-element-577c941 elementor-widget elementor-widget-text-editor\" data-id=\"577c941\" data-element_type=\"widget\" data-widget_type=\"text-editor.default\">\n\t\t\t\t\t\t\t\t\t<p><span style=\"font-weight: 400;\">Although the situation in Croatia improves in time, there is still a problem with professionals' lack of knowledge on the specific needs of LGBTIQ+ persons. Many professionals are not educated on working with LGBTIQ+ clients and do not have enough knowledge about the experiences, needs and challenges they face daily. Formal education covers this area insignificantly, educations and trainings that deal with specific needs of LGBTIQ+ people are often unavailable in Croatia, as is related literature.<\/span><\/p><p><span style=\"font-weight: 400;\">Therefore, LORI continuously works on informing, <a href=\"https:\/\/lori.hr\/en\/edukacije-koje-provodi-lori\/\" target=\"_blank\" rel=\"noopener\">educating<\/a>\u00a0 and developing materials and tools that professionals can use as support in their work.<\/span><\/p>\t\t\t\t\t\t\t\t<\/div>\n\t\t\t\t\t<\/div>\n\t\t\t\t<\/div>\n\t\t<div class=\"elementor-element elementor-element-a64877b e-flex e-con-boxed e-con e-parent\" data-id=\"a64877b\" data-element_type=\"container\">\n\t\t\t\t\t<div class=\"e-con-inner\">\n\t\t\t\t<div class=\"elementor-element elementor-element-2bb5b41 elementor-widget elementor-widget-heading\" data-id=\"2bb5b41\" data-element_type=\"widget\" data-widget_type=\"heading.default\">\n\t\t\t\t\t<h2 class=\"elementor-heading-title elementor-size-default\">Educational materials and tools:<\/h2>\t\t\t\t<\/div>\n\t\t\t\t<div class=\"elementor-element elementor-element-9fa4a5d elementor-widget elementor-widget-spacer\" data-id=\"9fa4a5d\" data-element_type=\"widget\" data-widget_type=\"spacer.default\">\n\t\t\t\t\t\t\t<div class=\"elementor-spacer\">\n\t\t\t<div class=\"elementor-spacer-inner\"><\/div>\n\t\t<\/div>\n\t\t\t\t\t\t<\/div>\n\t\t\t\t<div class=\"elementor-element elementor-element-892d735 elementor-widget elementor-widget-heading\" data-id=\"892d735\" data-element_type=\"widget\" id=\"platforma\" data-widget_type=\"heading.default\">\n\t\t\t\t\t<h2 class=\"elementor-heading-title elementor-size-default\"><a href=\"https:\/\/commonpoint.eu\/hr\/\" target=\"_blank\" rel=\"noopener\">E-learning platform on LGBTIQ+ topics for mental health professionals<\/a><\/h2>\t\t\t\t<\/div>\n\t\t\t\t\t<\/div>\n\t\t\t\t<\/div>\n\t\t<div class=\"elementor-element elementor-element-740ca05 e-flex e-con-boxed e-con e-parent\" data-id=\"740ca05\" data-element_type=\"container\">\n\t\t\t\t\t<div class=\"e-con-inner\">\n\t\t\t\t<div class=\"elementor-element elementor-element-614a6b7 elementor-widget elementor-widget-spacer\" data-id=\"614a6b7\" data-element_type=\"widget\" data-widget_type=\"spacer.default\">\n\t\t\t\t\t\t\t<div class=\"elementor-spacer\">\n\t\t\t<div class=\"elementor-spacer-inner\"><\/div>\n\t\t<\/div>\n\t\t\t\t\t\t<\/div>\n\t\t\t\t<div class=\"elementor-element elementor-element-f1544cd elementor-icon-list--layout-traditional elementor-list-item-link-full_width elementor-widget elementor-widget-icon-list\" data-id=\"f1544cd\" data-element_type=\"widget\" data-widget_type=\"icon-list.default\">\n\t\t\t\t\t\t\t<ul class=\"elementor-icon-list-items\">\n\t\t\t\t\t\t\t<li class=\"elementor-icon-list-item\">\n\t\t\t\t\t\t\t\t\t\t\t<span class=\"elementor-icon-list-icon\">\n\t\t\t\t\t\t\t<i aria-hidden=\"true\" class=\"fas fa-question\"><\/i>\t\t\t\t\t\t<\/span>\n\t\t\t\t\t\t\t\t\t\t<span class=\"elementor-icon-list-text\"><b>WHAT?<\/b> \u2013 Through exercises, reflections, a quiz, theoretical framework and video materials, the platform offers specific knowledge on LGBTIQ+ terminology, coming out, transgender and gender diverse persons, human rights and systems of oppression, homophobia, biphobia, transphobia, interphobia and other relevant topics. The platform allows learning in one's own rhythm and speed, and after mastering each of the modules it is possible to download a certificate. The platform is available in following languages: English, Croatian, Czech, Bulgarian and Hungarian, and consists of six general and four specific modules.<\/span>\n\t\t\t\t\t\t\t\t\t<\/li>\n\t\t\t\t\t\t\t\t<li class=\"elementor-icon-list-item\">\n\t\t\t\t\t\t\t\t\t\t\t<span class=\"elementor-icon-list-icon\">\n\t\t\t\t\t\t\t<i aria-hidden=\"true\" class=\"fas fa-question\"><\/i>\t\t\t\t\t\t<\/span>\n\t\t\t\t\t\t\t\t\t\t<span class=\"elementor-icon-list-text\"><b>WHO?<\/b> \u2013 The platform is primarily created for school counsellors, crisis hotline operators, social workers, clinical psychologists, but is also open to other people interested in getting more knowledge in this field.<\/span>\n\t\t\t\t\t\t\t\t\t<\/li>\n\t\t\t\t\t\t\t\t<li class=\"elementor-icon-list-item\">\n\t\t\t\t\t\t\t\t\t\t\t<span class=\"elementor-icon-list-icon\">\n\t\t\t\t\t\t\t<i aria-hidden=\"true\" class=\"fas fa-question\"><\/i>\t\t\t\t\t\t<\/span>\n\t\t\t\t\t\t\t\t\t\t<span class=\"elementor-icon-list-text\"><b>HOW?<\/b> \u2013 The use of the platform is free, and the registration process is very simple: it is required to put in a username, e-mail address and a password.<\/span>\n\t\t\t\t\t\t\t\t\t<\/li>\n\t\t\t\t\t\t<\/ul>\n\t\t\t\t\t\t<\/div>\n\t\t\t\t<div class=\"elementor-element elementor-element-9157d0d elementor-widget elementor-widget-spacer\" data-id=\"9157d0d\" data-element_type=\"widget\" data-widget_type=\"spacer.default\">\n\t\t\t\t\t\t\t<div class=\"elementor-spacer\">\n\t\t\t<div class=\"elementor-spacer-inner\"><\/div>\n\t\t<\/div>\n\t\t\t\t\t\t<\/div>\n\t\t\t\t\t<\/div>\n\t\t\t\t<\/div>\n\t\t<div class=\"elementor-element elementor-element-2cdc3d3 e-flex e-con-boxed e-con e-parent\" data-id=\"2cdc3d3\" data-element_type=\"container\">\n\t\t\t\t\t<div class=\"e-con-inner\">\n\t\t\t\t<div class=\"elementor-element elementor-element-27e78f0 elementor-widget elementor-widget-heading\" data-id=\"27e78f0\" data-element_type=\"widget\" data-widget_type=\"heading.default\">\n\t\t\t\t\t<h2 class=\"elementor-heading-title elementor-size-default\"><a href=\"https:\/\/lori.hr\/wp-content\/uploads\/2023\/03\/Common-Point-Handbook-for-trainers.pdf\" target=\"_blank\">Handbook for trainers: Innovative approaches to training mental health service providers for the quality support of LGBTQI+ people<\/a><\/h2>\t\t\t\t<\/div>\n\t\t\t\t\t<\/div>\n\t\t\t\t<\/div>\n\t\t<div class=\"elementor-element elementor-element-42e6dc1 e-flex e-con-boxed e-con e-parent\" data-id=\"42e6dc1\" data-element_type=\"container\">\n\t\t\t\t\t<div class=\"e-con-inner\">\n\t\t\t\t<div class=\"elementor-element elementor-element-b4cc134 elementor-widget elementor-widget-heading\" data-id=\"b4cc134\" data-element_type=\"widget\" data-widget_type=\"heading.default\">\n\t\t\t\t\t<h2 class=\"elementor-heading-title elementor-size-default\"><a href=\"https:\/\/www.youtube.com\/@LORIRijeka\" target=\"_blank\" rel=\"noopener\">Educational videos about LGBTIQ+ topics are also available HERE on LORI YouTube channel<\/a><\/h2>\t\t\t\t<\/div>\n\t\t\t\t\t<\/div>\n\t\t\t\t<\/div>\n\t\t<div class=\"elementor-element elementor-element-0872562 e-flex e-con-boxed e-con e-parent\" data-id=\"0872562\" data-element_type=\"container\">\n\t\t\t\t\t<div class=\"e-con-inner\">\n\t\t\t\t<div class=\"elementor-element elementor-element-2b28bc6 elementor-widget elementor-widget-spacer\" data-id=\"2b28bc6\" data-element_type=\"widget\" data-widget_type=\"spacer.default\">\n\t\t\t\t\t\t\t<div class=\"elementor-spacer\">\n\t\t\t<div class=\"elementor-spacer-inner\"><\/div>\n\t\t<\/div>\n\t\t\t\t\t\t<\/div>\n\t\t\t\t\t<\/div>\n\t\t\t\t<\/div>\n\t\t\t\t<\/div>","protected":false},"excerpt":{"rendered":"<p>Za stru\u010dnjake i stru\u010dnjakinje U sklopu svojih redovnih aktivnosti, LORI se bavi informiranjem, senzibiliziranjem i educiranjem razli\u010ditih profila stru\u010dnjaka i stru\u010dnjakinja (nastavnika\/ica i stru\u010dnih suradnika\/ica u \u0161kolama, osoba koje rade u podru\u010dju mentalnog zdravlja, policije\u2026) kroz organizaciju i provedbu jednodnevnih ili vi\u0161ednevnih edukacijskih aktivnosti, javnih doga\u0111anja i kampanja, pru\u017eanje korisnih informacija te razvoj materijala i &hellip;<\/p>\n<p class=\"read-more\"> <a class=\"\" href=\"https:\/\/lori.hr\/en\/za-strucnjake-kinje\/\"> <span class=\"screen-reader-text\">Za stru\u010dnjake\/kinje<\/span> Read More \u00bb<\/a><\/p>","protected":false},"author":1,"featured_media":0,"parent":0,"menu_order":0,"comment_status":"closed","ping_status":"closed","template":"","meta":{"_uag_custom_page_level_css":"","site-sidebar-layout":"no-sidebar","site-content-layout":"page-builder","ast-site-content-layout":"","site-content-style":"default","site-sidebar-style":"default","ast-global-header-display":"","ast-banner-title-visibility":"","ast-main-header-display":"","ast-hfb-above-header-display":"","ast-hfb-below-header-display":"","ast-hfb-mobile-header-display":"","site-post-title":"disabled","ast-breadcrumbs-content":"","ast-featured-img":"disabled","footer-sml-layout":"","theme-transparent-header-meta":"","adv-header-id-meta":"","stick-header-meta":"","header-above-stick-meta":"","header-main-stick-meta":"","header-below-stick-meta":"","astra-migrate-meta-layouts":"","footnotes":""},"class_list":["post-5200","page","type-page","status-publish","hentry"],"uagb_featured_image_src":{"full":false,"thumbnail":false,"medium":false,"medium_large":false,"large":false,"1536x1536":false,"2048x2048":false,"trp-custom-language-flag":false},"uagb_author_info":{"display_name":"LORI","author_link":"https:\/\/lori.hr\/en\/author\/ikenji\/"},"uagb_comment_info":0,"uagb_excerpt":"Za stru\u010dnjake i stru\u010dnjakinje U sklopu svojih redovnih aktivnosti, LORI se bavi informiranjem, senzibiliziranjem i educiranjem razli\u010ditih profila stru\u010dnjaka i stru\u010dnjakinja (nastavnika\/ica i stru\u010dnih suradnika\/ica u \u0161kolama, osoba koje rade u podru\u010dju mentalnog zdravlja, policije\u2026) kroz organizaciju i provedbu jednodnevnih ili vi\u0161ednevnih edukacijskih aktivnosti, javnih doga\u0111anja i kampanja, pru\u017eanje korisnih informacija te razvoj materijala i&hellip;","_links":{"self":[{"href":"https:\/\/lori.hr\/en\/wp-json\/wp\/v2\/pages\/5200","targetHints":{"allow":["GET"]}}],"collection":[{"href":"https:\/\/lori.hr\/en\/wp-json\/wp\/v2\/pages"}],"about":[{"href":"https:\/\/lori.hr\/en\/wp-json\/wp\/v2\/types\/page"}],"author":[{"embeddable":true,"href":"https:\/\/lori.hr\/en\/wp-json\/wp\/v2\/users\/1"}],"replies":[{"embeddable":true,"href":"https:\/\/lori.hr\/en\/wp-json\/wp\/v2\/comments?post=5200"}],"version-history":[{"count":48,"href":"https:\/\/lori.hr\/en\/wp-json\/wp\/v2\/pages\/5200\/revisions"}],"predecessor-version":[{"id":8165,"href":"https:\/\/lori.hr\/en\/wp-json\/wp\/v2\/pages\/5200\/revisions\/8165"}],"wp:attachment":[{"href":"https:\/\/lori.hr\/en\/wp-json\/wp\/v2\/media?parent=5200"}],"curies":[{"name":"wp","href":"https:\/\/api.w.org\/{rel}","templated":true}]}}