{"id":5276,"date":"2023-04-19T21:34:03","date_gmt":"2023-04-19T19:34:03","guid":{"rendered":"https:\/\/lori.hr\/?page_id=5276"},"modified":"2026-01-13T11:08:23","modified_gmt":"2026-01-13T10:08:23","slug":"mreza-suradnika-ica","status":"publish","type":"page","link":"https:\/\/lori.hr\/en\/mreza-suradnika-ica\/","title":{"rendered":"Network of collaborators"},"content":{"rendered":"<div data-elementor-type=\"wp-page\" data-elementor-id=\"5276\" class=\"elementor elementor-5276\" data-elementor-post-type=\"page\">\n\t\t\t\t<div class=\"elementor-element elementor-element-5cfac30 navboja e-flex e-con-boxed e-con e-parent\" data-id=\"5cfac30\" data-element_type=\"container\" data-settings=\"{&quot;background_background&quot;:&quot;classic&quot;}\">\n\t\t\t\t\t<div class=\"e-con-inner\">\n\t\t\t\t<div class=\"elementor-element elementor-element-d54d14a elementor-widget elementor-widget-spacer\" data-id=\"d54d14a\" data-element_type=\"widget\" data-widget_type=\"spacer.default\">\n\t\t\t\t\t\t\t<div class=\"elementor-spacer\">\n\t\t\t<div class=\"elementor-spacer-inner\"><\/div>\n\t\t<\/div>\n\t\t\t\t\t\t<\/div>\n\t\t\t\t\t<\/div>\n\t\t\t\t<\/div>\n\t\t<div class=\"elementor-element elementor-element-a43a845 e-flex e-con-boxed e-con e-parent\" data-id=\"a43a845\" data-element_type=\"container\">\n\t\t\t\t\t<div class=\"e-con-inner\">\n\t\t\t\t<div class=\"elementor-element elementor-element-37c21f9 elementor-widget elementor-widget-spacer\" data-id=\"37c21f9\" data-element_type=\"widget\" data-widget_type=\"spacer.default\">\n\t\t\t\t\t\t\t<div class=\"elementor-spacer\">\n\t\t\t<div class=\"elementor-spacer-inner\"><\/div>\n\t\t<\/div>\n\t\t\t\t\t\t<\/div>\n\t\t\t\t<div class=\"elementor-element elementor-element-780ac95 elementor-widget elementor-widget-heading\" data-id=\"780ac95\" data-element_type=\"widget\" data-widget_type=\"heading.default\">\n\t\t\t\t\t<h1 class=\"elementor-heading-title elementor-size-default\">Network of collaborators<\/h1>\t\t\t\t<\/div>\n\t\t\t\t<div class=\"elementor-element elementor-element-858371a elementor-widget-divider--view-line elementor-widget elementor-widget-divider\" data-id=\"858371a\" data-element_type=\"widget\" data-widget_type=\"divider.default\">\n\t\t\t\t\t\t\t<div class=\"elementor-divider\">\n\t\t\t<span class=\"elementor-divider-separator\">\n\t\t\t\t\t\t<\/span>\n\t\t<\/div>\n\t\t\t\t\t\t<\/div>\n\t\t\t\t<div class=\"elementor-element elementor-element-0c2ede2 elementor-widget elementor-widget-spacer\" data-id=\"0c2ede2\" data-element_type=\"widget\" data-widget_type=\"spacer.default\">\n\t\t\t\t\t\t\t<div class=\"elementor-spacer\">\n\t\t\t<div class=\"elementor-spacer-inner\"><\/div>\n\t\t<\/div>\n\t\t\t\t\t\t<\/div>\n\t\t\t\t\t<\/div>\n\t\t\t\t<\/div>\n\t\t<div class=\"elementor-element elementor-element-8f6f58a e-flex e-con-boxed e-con e-parent\" data-id=\"8f6f58a\" data-element_type=\"container\">\n\t\t\t\t\t<div class=\"e-con-inner\">\n\t\t<div class=\"elementor-element elementor-element-6b32030 e-con-full e-flex e-con e-child\" data-id=\"6b32030\" data-element_type=\"container\">\n\t\t\t\t<div class=\"elementor-element elementor-element-097a0b2 elementor-widget elementor-widget-text-editor\" data-id=\"097a0b2\" data-element_type=\"widget\" data-widget_type=\"text-editor.default\">\n\t\t\t\t\t\t\t\t\t<p><span style=\"font-weight: 400;\">LORI is engaged in combating homophobia, biphobia and transphobia in the education system since 2012 by organising variety of activities such as: lectures for secondary (and recently, primary) school students, educations for school staff, <a href=\"https:\/\/lori.hr\/en\/korisni-resursi\/\" target=\"_blank\" rel=\"noopener\">creating useful publications<\/a> (e.g. Guidelines for combating homophobia, biphobia and transphobia in the education system, Handbook for teachers and so on), providing free psychosocial support to LGBTIQ+ youth, advocating for positive changes, etc. Over the years, we have established many collaborations within this field with various experts, institutions and organisations from public and civil sector towards promoting human rights education, developing activities for combating homophobia, biphobia and transphobia in education and protection of LGBTIQ+ youth in educational institutions.<\/span><\/p>\t\t\t\t\t\t\t\t<\/div>\n\t\t\t\t<\/div>\n\t\t<div class=\"elementor-element elementor-element-a34c488 e-con-full e-flex e-con e-child\" data-id=\"a34c488\" data-element_type=\"container\">\n\t\t\t\t<div class=\"elementor-element elementor-element-a304567 elementor-widget elementor-widget-image\" data-id=\"a304567\" data-element_type=\"widget\" data-widget_type=\"image.default\">\n\t\t\t\t\t\t\t\t\t\t\t\t\t\t\t<img fetchpriority=\"high\" decoding=\"async\" width=\"800\" height=\"528\" src=\"https:\/\/lori.hr\/wp-content\/uploads\/2023\/04\/Mreza-suradnika.jpg\" class=\"attachment-large size-large wp-image-5278\" alt=\"\" srcset=\"https:\/\/lori.hr\/wp-content\/uploads\/2023\/04\/Mreza-suradnika.jpg 800w, https:\/\/lori.hr\/wp-content\/uploads\/2023\/04\/Mreza-suradnika-300x198.jpg 300w, https:\/\/lori.hr\/wp-content\/uploads\/2023\/04\/Mreza-suradnika-768x507.jpg 768w\" sizes=\"(max-width: 800px) 100vw, 800px\" \/>\t\t\t\t\t\t\t\t\t\t\t\t\t\t\t<\/div>\n\t\t\t\t<\/div>\n\t\t\t\t\t<\/div>\n\t\t\t\t<\/div>\n\t\t<div class=\"elementor-element elementor-element-36a776e e-flex e-con-boxed e-con e-parent\" data-id=\"36a776e\" data-element_type=\"container\">\n\t\t\t\t\t<div class=\"e-con-inner\">\n\t\t\t\t<div class=\"elementor-element elementor-element-a73bfd4 elementor-widget elementor-widget-text-editor\" data-id=\"a73bfd4\" data-element_type=\"widget\" data-widget_type=\"text-editor.default\">\n\t\t\t\t\t\t\t\t\t<p><span style=\"font-weight: 400;\">Individuals, organisations and institutions that are interested in:<\/span><\/p>\t\t\t\t\t\t\t\t<\/div>\n\t\t\t\t<div class=\"elementor-element elementor-element-35028bc elementor-align-start elementor-icon-list--layout-traditional elementor-list-item-link-full_width elementor-widget elementor-widget-icon-list\" data-id=\"35028bc\" data-element_type=\"widget\" data-widget_type=\"icon-list.default\">\n\t\t\t\t\t\t\t<ul class=\"elementor-icon-list-items\">\n\t\t\t\t\t\t\t<li class=\"elementor-icon-list-item\">\n\t\t\t\t\t\t\t\t\t\t\t<span class=\"elementor-icon-list-icon\">\n\t\t\t\t\t\t\t<i aria-hidden=\"true\" class=\"fas fa-check\"><\/i>\t\t\t\t\t\t<\/span>\n\t\t\t\t\t\t\t\t\t\t<span class=\"elementor-icon-list-text\">implementing and\/or participating in activities improving the education system by making it more inclusive,<\/span>\n\t\t\t\t\t\t\t\t\t<\/li>\n\t\t\t\t\t\t\t\t<li class=\"elementor-icon-list-item\">\n\t\t\t\t\t\t\t\t\t\t\t<span class=\"elementor-icon-list-icon\">\n\t\t\t\t\t\t\t<i aria-hidden=\"true\" class=\"fas fa-check\"><\/i>\t\t\t\t\t\t<\/span>\n\t\t\t\t\t\t\t\t\t\t<span class=\"elementor-icon-list-text\">providing support to LGBTIQ+ youth,<\/span>\n\t\t\t\t\t\t\t\t\t<\/li>\n\t\t\t\t\t\t\t\t<li class=\"elementor-icon-list-item\">\n\t\t\t\t\t\t\t\t\t\t\t<span class=\"elementor-icon-list-icon\">\n\t\t\t\t\t\t\t<i aria-hidden=\"true\" class=\"fas fa-check\"><\/i>\t\t\t\t\t\t<\/span>\n\t\t\t\t\t\t\t\t\t\t<span class=\"elementor-icon-list-text\">creating a positive school and university environment free from discrimination,<\/span>\n\t\t\t\t\t\t\t\t\t<\/li>\n\t\t\t\t\t\t\t\t<li class=\"elementor-icon-list-item\">\n\t\t\t\t\t\t\t\t\t\t\t<span class=\"elementor-icon-list-icon\">\n\t\t\t\t\t\t\t<i aria-hidden=\"true\" class=\"fas fa-check\"><\/i>\t\t\t\t\t\t<\/span>\n\t\t\t\t\t\t\t\t\t\t<span class=\"elementor-icon-list-text\">implementing activities for youth aimed at preventing violence based on sexual orientation and\/or gender identity and expression,<\/span>\n\t\t\t\t\t\t\t\t\t<\/li>\n\t\t\t\t\t\t\t\t<li class=\"elementor-icon-list-item\">\n\t\t\t\t\t\t\t\t\t\t\t<span class=\"elementor-icon-list-icon\">\n\t\t\t\t\t\t\t<i aria-hidden=\"true\" class=\"fas fa-check\"><\/i>\t\t\t\t\t\t<\/span>\n\t\t\t\t\t\t\t\t\t\t<span class=\"elementor-icon-list-text\">collaborating with LORI on projects on combating homophobia, biphobia and transphobia in the education system<\/span>\n\t\t\t\t\t\t\t\t\t<\/li>\n\t\t\t\t\t\t\t\t<li class=\"elementor-icon-list-item\">\n\t\t\t\t\t\t\t\t\t\t\t<span class=\"elementor-icon-list-icon\">\n\t\t\t\t\t\t\t<i aria-hidden=\"true\" class=\"fas fa-check\"><\/i>\t\t\t\t\t\t<\/span>\n\t\t\t\t\t\t\t\t\t\t<span class=\"elementor-icon-list-text\">other activities in the forementioned field<\/span>\n\t\t\t\t\t\t\t\t\t<\/li>\n\t\t\t\t\t\t<\/ul>\n\t\t\t\t\t\t<\/div>\n\t\t\t\t<div class=\"elementor-element elementor-element-96ad20b elementor-widget elementor-widget-text-editor\" data-id=\"96ad20b\" data-element_type=\"widget\" data-widget_type=\"text-editor.default\">\n\t\t\t\t\t\t\t\t\t<p><span style=\"font-weight: 400;\">we invite you to fill out <a href=\"https:\/\/lori.hr\/en\/prijava-u-bazu-strucnih-osoba\/\" target=\"_blank\" rel=\"noopener\">this short <\/a><\/span><span style=\"font-weight: 400;\">upitnik,<\/span> <span style=\"font-weight: 400;\">and<\/span> <span style=\"font-weight: 400;\">join our database of collaborations within the field of combating homophobia, biphobia and transphobia in the education system and among youth.<\/span><\/p>\t\t\t\t\t\t\t\t<\/div>\n\t\t\t\t\t<\/div>\n\t\t\t\t<\/div>\n\t\t<div class=\"elementor-element elementor-element-d0780e3 e-flex e-con-boxed e-con e-parent\" data-id=\"d0780e3\" data-element_type=\"container\" data-settings=\"{&quot;background_background&quot;:&quot;classic&quot;}\">\n\t\t\t\t\t<div class=\"e-con-inner\">\n\t\t<div class=\"elementor-element elementor-element-58f68be e-flex e-con-boxed e-con e-child\" data-id=\"58f68be\" data-element_type=\"container\">\n\t\t\t\t\t<div class=\"e-con-inner\">\n\t\t\t\t<div class=\"elementor-element elementor-element-8d35f18 elementor-widget elementor-widget-text-editor\" data-id=\"8d35f18\" data-element_type=\"widget\" data-widget_type=\"text-editor.default\">\n\t\t\t\t\t\t\t\t\t<p><b>NOTE: <\/b><span style=\"font-weight: 400;\">By filling out the questionnaire you are <\/span><b>not obligated<\/b><span style=\"font-weight: 400;\"> to implement any activities, nor do you take up any responsibility for them, but are simply giving us information about your willingness and possibilities for collaboration.<\/span><\/p>\t\t\t\t\t\t\t\t<\/div>\n\t\t\t\t\t<\/div>\n\t\t\t\t<\/div>\n\t\t\t\t\t<\/div>\n\t\t\t\t<\/div>\n\t\t<div class=\"elementor-element elementor-element-1b9d41b e-flex e-con-boxed e-con e-parent\" data-id=\"1b9d41b\" data-element_type=\"container\">\n\t\t\t\t\t<div class=\"e-con-inner\">\n\t\t\t\t<div class=\"elementor-element elementor-element-8702a7a elementor-widget elementor-widget-spacer\" data-id=\"8702a7a\" data-element_type=\"widget\" data-widget_type=\"spacer.default\">\n\t\t\t\t\t\t\t<div class=\"elementor-spacer\">\n\t\t\t<div class=\"elementor-spacer-inner\"><\/div>\n\t\t<\/div>\n\t\t\t\t\t\t<\/div>\n\t\t\t\t\t<\/div>\n\t\t\t\t<\/div>\n\t\t\t\t<\/div>","protected":false},"excerpt":{"rendered":"<p>Mre\u017ea suradnika\/ica Suzbijanjem homofobije, bifobije i transfobije u sustavu obrazovanja udruga LORI se bavi od 2012. godine, provode\u0107i niz aktivnosti poput predavanja za u\u010denike\/ice srednjih \u0161kola, odr\u017eavanja edukacija za \u0161kolske djelatnike\/ice, izdavanjem relevantnih publikacija (poput Smjernica za suzbijanje homofobije, bifobije, transfobije u sustavu obrazovanja, Priru\u010dnika za nastavnike\/ice itd.), pru\u017eanjem podr\u0161ke LGBTIQ+ mladima, zagovaranjem pozitivnih promjena &hellip;<\/p>\n<p class=\"read-more\"> <a class=\"\" href=\"https:\/\/lori.hr\/en\/mreza-suradnika-ica\/\"> <span class=\"screen-reader-text\">Network of collaborators<\/span> Read More \u00bb<\/a><\/p>","protected":false},"author":1,"featured_media":0,"parent":0,"menu_order":0,"comment_status":"closed","ping_status":"closed","template":"","meta":{"_uag_custom_page_level_css":"","site-sidebar-layout":"no-sidebar","site-content-layout":"page-builder","ast-site-content-layout":"","site-content-style":"default","site-sidebar-style":"default","ast-global-header-display":"","ast-banner-title-visibility":"","ast-main-header-display":"","ast-hfb-above-header-display":"","ast-hfb-below-header-display":"","ast-hfb-mobile-header-display":"","site-post-title":"disabled","ast-breadcrumbs-content":"","ast-featured-img":"disabled","footer-sml-layout":"","theme-transparent-header-meta":"","adv-header-id-meta":"","stick-header-meta":"","header-above-stick-meta":"","header-main-stick-meta":"","header-below-stick-meta":"","astra-migrate-meta-layouts":"","footnotes":""},"class_list":["post-5276","page","type-page","status-publish","hentry"],"uagb_featured_image_src":{"full":false,"thumbnail":false,"medium":false,"medium_large":false,"large":false,"1536x1536":false,"2048x2048":false,"trp-custom-language-flag":false},"uagb_author_info":{"display_name":"LORI","author_link":"https:\/\/lori.hr\/en\/author\/ikenji\/"},"uagb_comment_info":0,"uagb_excerpt":"Mre\u017ea suradnika\/ica Suzbijanjem homofobije, bifobije i transfobije u sustavu obrazovanja udruga LORI se bavi od 2012. godine, provode\u0107i niz aktivnosti poput predavanja za u\u010denike\/ice srednjih \u0161kola, odr\u017eavanja edukacija za \u0161kolske djelatnike\/ice, izdavanjem relevantnih publikacija (poput Smjernica za suzbijanje homofobije, bifobije, transfobije u sustavu obrazovanja, Priru\u010dnika za nastavnike\/ice itd.), pru\u017eanjem podr\u0161ke LGBTIQ+ mladima, zagovaranjem pozitivnih promjena&hellip;","_links":{"self":[{"href":"https:\/\/lori.hr\/en\/wp-json\/wp\/v2\/pages\/5276","targetHints":{"allow":["GET"]}}],"collection":[{"href":"https:\/\/lori.hr\/en\/wp-json\/wp\/v2\/pages"}],"about":[{"href":"https:\/\/lori.hr\/en\/wp-json\/wp\/v2\/types\/page"}],"author":[{"embeddable":true,"href":"https:\/\/lori.hr\/en\/wp-json\/wp\/v2\/users\/1"}],"replies":[{"embeddable":true,"href":"https:\/\/lori.hr\/en\/wp-json\/wp\/v2\/comments?post=5276"}],"version-history":[{"count":13,"href":"https:\/\/lori.hr\/en\/wp-json\/wp\/v2\/pages\/5276\/revisions"}],"predecessor-version":[{"id":11257,"href":"https:\/\/lori.hr\/en\/wp-json\/wp\/v2\/pages\/5276\/revisions\/11257"}],"wp:attachment":[{"href":"https:\/\/lori.hr\/en\/wp-json\/wp\/v2\/media?parent=5276"}],"curies":[{"name":"wp","href":"https:\/\/api.w.org\/{rel}","templated":true}]}}