{"id":5669,"date":"2023-04-22T17:08:21","date_gmt":"2023-04-22T15:08:21","guid":{"rendered":"https:\/\/lori.hr\/?page_id=5669"},"modified":"2025-11-05T10:31:11","modified_gmt":"2025-11-05T09:31:11","slug":"snjezana-bozic","status":"publish","type":"page","link":"https:\/\/lori.hr\/en\/snjezana-bozic\/","title":{"rendered":"Snje\u017eana Bo\u017ei\u0107"},"content":{"rendered":"<div data-elementor-type=\"wp-page\" data-elementor-id=\"5669\" class=\"elementor elementor-5669\" data-elementor-post-type=\"page\">\n\t\t\t\t<div class=\"elementor-element elementor-element-68b1da4d navboja e-flex e-con-boxed e-con e-parent\" data-id=\"68b1da4d\" data-element_type=\"container\" data-settings=\"{&quot;background_background&quot;:&quot;classic&quot;}\">\n\t\t\t\t\t<div class=\"e-con-inner\">\n\t\t\t\t<div class=\"elementor-element elementor-element-25dd0aac elementor-widget elementor-widget-spacer\" data-id=\"25dd0aac\" data-element_type=\"widget\" data-widget_type=\"spacer.default\">\n\t\t\t\t\t\t\t<div class=\"elementor-spacer\">\n\t\t\t<div class=\"elementor-spacer-inner\"><\/div>\n\t\t<\/div>\n\t\t\t\t\t\t<\/div>\n\t\t\t\t\t<\/div>\n\t\t\t\t<\/div>\n\t\t<div class=\"elementor-element elementor-element-7aa7b13b e-flex e-con-boxed e-con e-parent\" data-id=\"7aa7b13b\" data-element_type=\"container\">\n\t\t\t\t\t<div class=\"e-con-inner\">\n\t\t\t\t<div class=\"elementor-element elementor-element-6e399db5 elementor-widget elementor-widget-spacer\" data-id=\"6e399db5\" data-element_type=\"widget\" data-widget_type=\"spacer.default\">\n\t\t\t\t\t\t\t<div class=\"elementor-spacer\">\n\t\t\t<div class=\"elementor-spacer-inner\"><\/div>\n\t\t<\/div>\n\t\t\t\t\t\t<\/div>\n\t\t\t\t<div class=\"elementor-element elementor-element-725347d9 elementor-widget elementor-widget-heading\" data-id=\"725347d9\" data-element_type=\"widget\" data-widget_type=\"heading.default\">\n\t\t\t\t\t<h1 class=\"elementor-heading-title elementor-size-xl\">Snje\u017eana Bo\u017ei\u0107<\/h1>\t\t\t\t<\/div>\n\t\t\t\t<div class=\"elementor-element elementor-element-625b2675 elementor-widget-divider--view-line elementor-widget elementor-widget-divider\" data-id=\"625b2675\" data-element_type=\"widget\" data-widget_type=\"divider.default\">\n\t\t\t\t\t\t\t<div class=\"elementor-divider\">\n\t\t\t<span class=\"elementor-divider-separator\">\n\t\t\t\t\t\t<\/span>\n\t\t<\/div>\n\t\t\t\t\t\t<\/div>\n\t\t\t\t\t<\/div>\n\t\t\t\t<\/div>\n\t\t<div class=\"elementor-element elementor-element-125d2979 e-flex e-con-boxed e-con e-parent\" data-id=\"125d2979\" data-element_type=\"container\">\n\t\t\t\t\t<div class=\"e-con-inner\">\n\t\t<div class=\"elementor-element elementor-element-279088cb e-con-full e-flex e-con e-child\" data-id=\"279088cb\" data-element_type=\"container\">\n\t\t\t\t<div class=\"elementor-element elementor-element-5b49767b elementor-widget elementor-widget-text-editor\" data-id=\"5b49767b\" data-element_type=\"widget\" data-widget_type=\"text-editor.default\">\n\t\t\t\t\t\t\t\t\t<h3 class=\"subtitle\">psihologinja<\/h3><div class=\"address\">\u00a0<\/div><div class=\"contact\"><h3><span style=\"font-size: 1.5em; font-weight: bold;\">Other information<\/span><\/h3><\/div><p>Iskustvo u savjetovanju\/psihoterapiji:\u00a0<b>DA<\/b><br \/><br \/>Primarna podru\u010dja rada: <b>klini\u010dka psihologija<\/b><br \/><br \/>Iskustvo u radu s LGBTIQ osobama:\u00a0<b>DA (LORI savjetovali\u0161te &#8211; individualno savjetovanje i grupe za podr\u0161ku)<\/b><br \/><br \/>Zavr\u0161ena edukacija:\u00a0<b>Kognitivno &#8211; bihevioralna terapija<\/b><br \/><br \/>Edukacija u tijeku:\u00a0<b>grupna analiza<\/b><\/p>\t\t\t\t\t\t\t\t<\/div>\n\t\t\t\t<\/div>\n\t\t<div class=\"elementor-element elementor-element-5dac7dc9 e-con-full e-flex e-con e-child\" data-id=\"5dac7dc9\" data-element_type=\"container\" data-settings=\"{&quot;background_background&quot;:&quot;classic&quot;}\">\n\t\t\t\t<div class=\"elementor-element elementor-element-73ee18c7 elementor-widget elementor-widget-spacer\" data-id=\"73ee18c7\" data-element_type=\"widget\" data-widget_type=\"spacer.default\">\n\t\t\t\t\t\t\t<div class=\"elementor-spacer\">\n\t\t\t<div class=\"elementor-spacer-inner\"><\/div>\n\t\t<\/div>\n\t\t\t\t\t\t<\/div>\n\t\t\t\t<div class=\"elementor-element elementor-element-fda84c5 elementor-widget elementor-widget-heading\" data-id=\"fda84c5\" data-element_type=\"widget\" data-widget_type=\"heading.default\">\n\t\t\t\t\t<h2 class=\"elementor-heading-title elementor-size-default\">Contact:<\/h2>\t\t\t\t<\/div>\n\t\t\t\t<div class=\"elementor-element elementor-element-f6b3716 elementor-widget elementor-widget-text-editor\" data-id=\"f6b3716\" data-element_type=\"widget\" data-widget_type=\"text-editor.default\">\n\t\t\t\t\t\t\t\t\t<div class=\"address\"><h3>Adresa<\/h3><p>Rijeka<br \/>51000<\/p><\/div><div class=\"contact\"><h3>Contact us<\/h3><p><span id=\"cloak81026\">E-mail: bozic.snjezana@gmail.com<\/span><\/p><\/div>\t\t\t\t\t\t\t\t<\/div>\n\t\t\t\t<\/div>\n\t\t\t\t\t<\/div>\n\t\t\t\t<\/div>\n\t\t<div class=\"elementor-element elementor-element-588a8afc e-flex e-con-boxed e-con e-parent\" data-id=\"588a8afc\" data-element_type=\"container\" data-settings=\"{&quot;background_background&quot;:&quot;classic&quot;}\">\n\t\t\t\t\t<div class=\"e-con-inner\">\n\t\t<div class=\"elementor-element elementor-element-6f8fa451 e-con-full e-flex e-con e-child\" data-id=\"6f8fa451\" data-element_type=\"container\">\n\t\t\t\t<div class=\"elementor-element elementor-element-44246946 elementor-widget elementor-widget-spacer\" data-id=\"44246946\" data-element_type=\"widget\" data-widget_type=\"spacer.default\">\n\t\t\t\t\t\t\t<div class=\"elementor-spacer\">\n\t\t\t<div class=\"elementor-spacer-inner\"><\/div>\n\t\t<\/div>\n\t\t\t\t\t\t<\/div>\n\t\t\t\t<\/div>\n\t\t\t\t\t<\/div>\n\t\t\t\t<\/div>\n\t\t\t\t<\/div>","protected":false},"excerpt":{"rendered":"<p>Snje\u017eana Bo\u017ei\u0107 psihologinja \u00a0 Ostale informacije Iskustvo u savjetovanju\/psihoterapiji:\u00a0DA Primarna podru\u010dja rada: klini\u010dka psihologija Iskustvo u radu s LGBTIQ osobama:\u00a0DA (LORI savjetovali\u0161te &#8211; individualno savjetovanje i grupe za podr\u0161ku) Zavr\u0161ena edukacija:\u00a0Kognitivno &#8211; bihevioralna terapija Edukacija u tijeku:\u00a0grupna analiza Kontakt: Adresa Rijeka51000 Kontakt E-mail: bozic.snjezana@gmail.com<\/p>","protected":false},"author":1,"featured_media":0,"parent":0,"menu_order":0,"comment_status":"closed","ping_status":"closed","template":"","meta":{"_uag_custom_page_level_css":"","site-sidebar-layout":"no-sidebar","site-content-layout":"page-builder","ast-site-content-layout":"","site-content-style":"default","site-sidebar-style":"default","ast-global-header-display":"","ast-banner-title-visibility":"","ast-main-header-display":"","ast-hfb-above-header-display":"","ast-hfb-below-header-display":"","ast-hfb-mobile-header-display":"","site-post-title":"disabled","ast-breadcrumbs-content":"","ast-featured-img":"disabled","footer-sml-layout":"","theme-transparent-header-meta":"","adv-header-id-meta":"","stick-header-meta":"","header-above-stick-meta":"","header-main-stick-meta":"","header-below-stick-meta":"","astra-migrate-meta-layouts":"","footnotes":""},"class_list":["post-5669","page","type-page","status-publish","hentry"],"uagb_featured_image_src":{"full":false,"thumbnail":false,"medium":false,"medium_large":false,"large":false,"1536x1536":false,"2048x2048":false,"trp-custom-language-flag":false},"uagb_author_info":{"display_name":"LORI","author_link":"https:\/\/lori.hr\/en\/author\/ikenji\/"},"uagb_comment_info":0,"uagb_excerpt":"Snje\u017eana Bo\u017ei\u0107 psihologinja \u00a0 Ostale informacije Iskustvo u savjetovanju\/psihoterapiji:\u00a0DA Primarna podru\u010dja rada: klini\u010dka psihologija Iskustvo u radu s LGBTIQ osobama:\u00a0DA (LORI savjetovali\u0161te &#8211; individualno savjetovanje i grupe za podr\u0161ku) Zavr\u0161ena edukacija:\u00a0Kognitivno &#8211; bihevioralna terapija Edukacija u tijeku:\u00a0grupna analiza Kontakt: Adresa Rijeka51000 Kontakt E-mail: bozic.snjezana@gmail.com","_links":{"self":[{"href":"https:\/\/lori.hr\/en\/wp-json\/wp\/v2\/pages\/5669","targetHints":{"allow":["GET"]}}],"collection":[{"href":"https:\/\/lori.hr\/en\/wp-json\/wp\/v2\/pages"}],"about":[{"href":"https:\/\/lori.hr\/en\/wp-json\/wp\/v2\/types\/page"}],"author":[{"embeddable":true,"href":"https:\/\/lori.hr\/en\/wp-json\/wp\/v2\/users\/1"}],"replies":[{"embeddable":true,"href":"https:\/\/lori.hr\/en\/wp-json\/wp\/v2\/comments?post=5669"}],"version-history":[{"count":8,"href":"https:\/\/lori.hr\/en\/wp-json\/wp\/v2\/pages\/5669\/revisions"}],"predecessor-version":[{"id":11064,"href":"https:\/\/lori.hr\/en\/wp-json\/wp\/v2\/pages\/5669\/revisions\/11064"}],"wp:attachment":[{"href":"https:\/\/lori.hr\/en\/wp-json\/wp\/v2\/media?parent=5669"}],"curies":[{"name":"wp","href":"https:\/\/api.w.org\/{rel}","templated":true}]}}