{"id":5680,"date":"2023-04-22T17:10:52","date_gmt":"2023-04-22T15:10:52","guid":{"rendered":"https:\/\/lori.hr\/?page_id=5680"},"modified":"2023-12-10T10:57:18","modified_gmt":"2023-12-10T09:57:18","slug":"jasminka-juretic","status":"publish","type":"page","link":"https:\/\/lori.hr\/en\/jasminka-juretic\/","title":{"rendered":"Jasminka Jureti\u0107"},"content":{"rendered":"<div data-elementor-type=\"wp-page\" data-elementor-id=\"5680\" class=\"elementor elementor-5680\" data-elementor-post-type=\"page\">\n\t\t\t\t<div class=\"elementor-element elementor-element-4f7d3db1 navboja e-flex e-con-boxed e-con e-parent\" data-id=\"4f7d3db1\" data-element_type=\"container\" data-settings=\"{&quot;background_background&quot;:&quot;classic&quot;}\">\n\t\t\t\t\t<div class=\"e-con-inner\">\n\t\t\t\t<div class=\"elementor-element elementor-element-13dc6bc5 elementor-widget elementor-widget-spacer\" data-id=\"13dc6bc5\" data-element_type=\"widget\" data-widget_type=\"spacer.default\">\n\t\t\t\t\t\t\t<div class=\"elementor-spacer\">\n\t\t\t<div class=\"elementor-spacer-inner\"><\/div>\n\t\t<\/div>\n\t\t\t\t\t\t<\/div>\n\t\t\t\t\t<\/div>\n\t\t\t\t<\/div>\n\t\t<div class=\"elementor-element elementor-element-12b6106c e-flex e-con-boxed e-con e-parent\" data-id=\"12b6106c\" data-element_type=\"container\">\n\t\t\t\t\t<div class=\"e-con-inner\">\n\t\t\t\t<div class=\"elementor-element elementor-element-53361d65 elementor-widget elementor-widget-spacer\" data-id=\"53361d65\" data-element_type=\"widget\" data-widget_type=\"spacer.default\">\n\t\t\t\t\t\t\t<div class=\"elementor-spacer\">\n\t\t\t<div class=\"elementor-spacer-inner\"><\/div>\n\t\t<\/div>\n\t\t\t\t\t\t<\/div>\n\t\t\t\t<div class=\"elementor-element elementor-element-17f4ba3b elementor-widget elementor-widget-heading\" data-id=\"17f4ba3b\" data-element_type=\"widget\" data-widget_type=\"heading.default\">\n\t\t\t\t\t<h1 class=\"elementor-heading-title elementor-size-xl\">Jasminka Jureti\u0107<\/h1>\t\t\t\t<\/div>\n\t\t\t\t<div class=\"elementor-element elementor-element-61ed1e15 elementor-widget-divider--view-line elementor-widget elementor-widget-divider\" data-id=\"61ed1e15\" data-element_type=\"widget\" data-widget_type=\"divider.default\">\n\t\t\t\t\t\t\t<div class=\"elementor-divider\">\n\t\t\t<span class=\"elementor-divider-separator\">\n\t\t\t\t\t\t<\/span>\n\t\t<\/div>\n\t\t\t\t\t\t<\/div>\n\t\t\t\t\t<\/div>\n\t\t\t\t<\/div>\n\t\t<div class=\"elementor-element elementor-element-6a001da3 e-flex e-con-boxed e-con e-parent\" data-id=\"6a001da3\" data-element_type=\"container\">\n\t\t\t\t\t<div class=\"e-con-inner\">\n\t\t<div class=\"elementor-element elementor-element-1f8a56ed e-con-full e-flex e-con e-child\" data-id=\"1f8a56ed\" data-element_type=\"container\">\n\t\t\t\t<div class=\"elementor-element elementor-element-758d388c elementor-widget elementor-widget-text-editor\" data-id=\"758d388c\" data-element_type=\"widget\" data-widget_type=\"text-editor.default\">\n\t\t\t\t\t\t\t\t\t<h3 class=\"subtitle\">psihologinja<\/h3><div class=\"address\">\u00a0<\/div><div class=\"contact\"><h3><span style=\"font-size: 1.5em; font-weight: bold;\">Other information<\/span><\/h3><\/div><p>Iskustvo u savjetovanju\/psihoterapiji:\u00a0<strong>DA<\/strong><\/p><p>Primarna podru\u010dja rada: <strong>klini\u010dka psihologija,<\/strong> <strong>profesorica na fakultetu<\/strong><\/p><p>Iskustvo u radu s LGBTIQ osobama:\u00a0<strong>DA<\/strong><\/p><p>Edukacija u tijeku:<strong>\u00a0Zavr\u0161ni stupanj bihevioralno-kognitivne terapije (BKT)<\/strong><\/p><p>Dodatne edukacije i vje\u0161tine:<\/p><p><strong>Osnovna edukacija o seksualnosti, seksualnom savjetovanju i seksualnoj terapiji<\/strong><\/p><p><strong>Edukacije iz podru\u010dja ljudskih prava, LGBTIQ+ tema<\/strong><\/p><p><strong>Te\u010daj mindfulnessa baziran na programu tzv. kognitivne terapije pune svjesnosti<\/strong><\/p>\t\t\t\t\t\t\t\t<\/div>\n\t\t\t\t<\/div>\n\t\t<div class=\"elementor-element elementor-element-1111c635 e-con-full e-flex e-con e-child\" data-id=\"1111c635\" data-element_type=\"container\" data-settings=\"{&quot;background_background&quot;:&quot;classic&quot;}\">\n\t\t\t\t<div class=\"elementor-element elementor-element-17d82ed elementor-widget elementor-widget-spacer\" data-id=\"17d82ed\" data-element_type=\"widget\" data-widget_type=\"spacer.default\">\n\t\t\t\t\t\t\t<div class=\"elementor-spacer\">\n\t\t\t<div class=\"elementor-spacer-inner\"><\/div>\n\t\t<\/div>\n\t\t\t\t\t\t<\/div>\n\t\t\t\t<div class=\"elementor-element elementor-element-5e3f5a0f elementor-widget elementor-widget-heading\" data-id=\"5e3f5a0f\" data-element_type=\"widget\" data-widget_type=\"heading.default\">\n\t\t\t\t\t<h2 class=\"elementor-heading-title elementor-size-default\">Contact:<\/h2>\t\t\t\t<\/div>\n\t\t\t\t<div class=\"elementor-element elementor-element-82d4dc2 elementor-widget elementor-widget-text-editor\" data-id=\"82d4dc2\" data-element_type=\"widget\" data-widget_type=\"text-editor.default\">\n\t\t\t\t\t\t\t\t\t<div class=\"address\"><h3>Adresa<\/h3><p>Rijeka<br \/>51000<\/p><\/div><div class=\"contact\"><h3>Contact us<\/h3><p><span id=\"cloak81026\">E-mail: jasminka.juretic.pasiflora@gmail.com<\/span><\/p><\/div>\t\t\t\t\t\t\t\t<\/div>\n\t\t\t\t<\/div>\n\t\t\t\t\t<\/div>\n\t\t\t\t<\/div>\n\t\t<div class=\"elementor-element elementor-element-a36d1b3 e-flex e-con-boxed e-con e-parent\" data-id=\"a36d1b3\" data-element_type=\"container\" data-settings=\"{&quot;background_background&quot;:&quot;classic&quot;}\">\n\t\t\t\t\t<div class=\"e-con-inner\">\n\t\t<div class=\"elementor-element elementor-element-5592d69a e-con-full e-flex e-con e-child\" data-id=\"5592d69a\" data-element_type=\"container\">\n\t\t\t\t<div class=\"elementor-element elementor-element-29e9ffe9 elementor-widget elementor-widget-spacer\" data-id=\"29e9ffe9\" data-element_type=\"widget\" data-widget_type=\"spacer.default\">\n\t\t\t\t\t\t\t<div class=\"elementor-spacer\">\n\t\t\t<div class=\"elementor-spacer-inner\"><\/div>\n\t\t<\/div>\n\t\t\t\t\t\t<\/div>\n\t\t\t\t<\/div>\n\t\t\t\t\t<\/div>\n\t\t\t\t<\/div>\n\t\t\t\t<\/div>","protected":false},"excerpt":{"rendered":"<p>Jasminka Jureti\u0107 psihologinja \u00a0 Ostale informacije Iskustvo u savjetovanju\/psihoterapiji:\u00a0DA Primarna podru\u010dja rada: klini\u010dka psihologija, profesorica na fakultetu Iskustvo u radu s LGBTIQ osobama:\u00a0DA Edukacija u tijeku:\u00a0Zavr\u0161ni stupanj bihevioralno-kognitivne terapije (BKT) Dodatne edukacije i vje\u0161tine: Osnovna edukacija o seksualnosti, seksualnom savjetovanju i seksualnoj terapiji Edukacije iz podru\u010dja ljudskih prava, LGBTIQ+ tema Te\u010daj mindfulnessa baziran na programu &hellip;<\/p>\n<p class=\"read-more\"> <a class=\"\" href=\"https:\/\/lori.hr\/en\/jasminka-juretic\/\"> <span class=\"screen-reader-text\">Jasminka Jureti\u0107<\/span> Read More \u00bb<\/a><\/p>","protected":false},"author":1,"featured_media":0,"parent":0,"menu_order":0,"comment_status":"closed","ping_status":"closed","template":"","meta":{"_uag_custom_page_level_css":"","site-sidebar-layout":"no-sidebar","site-content-layout":"page-builder","ast-site-content-layout":"","site-content-style":"default","site-sidebar-style":"default","ast-global-header-display":"","ast-banner-title-visibility":"","ast-main-header-display":"","ast-hfb-above-header-display":"","ast-hfb-below-header-display":"","ast-hfb-mobile-header-display":"","site-post-title":"disabled","ast-breadcrumbs-content":"","ast-featured-img":"disabled","footer-sml-layout":"","theme-transparent-header-meta":"","adv-header-id-meta":"","stick-header-meta":"","header-above-stick-meta":"","header-main-stick-meta":"","header-below-stick-meta":"","astra-migrate-meta-layouts":"","footnotes":""},"class_list":["post-5680","page","type-page","status-publish","hentry"],"uagb_featured_image_src":{"full":false,"thumbnail":false,"medium":false,"medium_large":false,"large":false,"1536x1536":false,"2048x2048":false,"trp-custom-language-flag":false},"uagb_author_info":{"display_name":"LORI","author_link":"https:\/\/lori.hr\/en\/author\/ikenji\/"},"uagb_comment_info":0,"uagb_excerpt":"Jasminka Jureti\u0107 psihologinja \u00a0 Ostale informacije Iskustvo u savjetovanju\/psihoterapiji:\u00a0DA Primarna podru\u010dja rada: klini\u010dka psihologija, profesorica na fakultetu Iskustvo u radu s LGBTIQ osobama:\u00a0DA Edukacija u tijeku:\u00a0Zavr\u0161ni stupanj bihevioralno-kognitivne terapije (BKT) Dodatne edukacije i vje\u0161tine: Osnovna edukacija o seksualnosti, seksualnom savjetovanju i seksualnoj terapiji Edukacije iz podru\u010dja ljudskih prava, LGBTIQ+ tema Te\u010daj mindfulnessa baziran na programu&hellip;","_links":{"self":[{"href":"https:\/\/lori.hr\/en\/wp-json\/wp\/v2\/pages\/5680","targetHints":{"allow":["GET"]}}],"collection":[{"href":"https:\/\/lori.hr\/en\/wp-json\/wp\/v2\/pages"}],"about":[{"href":"https:\/\/lori.hr\/en\/wp-json\/wp\/v2\/types\/page"}],"author":[{"embeddable":true,"href":"https:\/\/lori.hr\/en\/wp-json\/wp\/v2\/users\/1"}],"replies":[{"embeddable":true,"href":"https:\/\/lori.hr\/en\/wp-json\/wp\/v2\/comments?post=5680"}],"version-history":[{"count":7,"href":"https:\/\/lori.hr\/en\/wp-json\/wp\/v2\/pages\/5680\/revisions"}],"predecessor-version":[{"id":9420,"href":"https:\/\/lori.hr\/en\/wp-json\/wp\/v2\/pages\/5680\/revisions\/9420"}],"wp:attachment":[{"href":"https:\/\/lori.hr\/en\/wp-json\/wp\/v2\/media?parent=5680"}],"curies":[{"name":"wp","href":"https:\/\/api.w.org\/{rel}","templated":true}]}}