{"id":5685,"date":"2023-04-22T17:12:56","date_gmt":"2023-04-22T15:12:56","guid":{"rendered":"https:\/\/lori.hr\/?page_id=5685"},"modified":"2023-04-22T17:14:17","modified_gmt":"2023-04-22T15:14:17","slug":"gorana-birovljevic","status":"publish","type":"page","link":"https:\/\/lori.hr\/en\/gorana-birovljevic\/","title":{"rendered":"Gorana Birovljevi\u0107"},"content":{"rendered":"<div data-elementor-type=\"wp-page\" data-elementor-id=\"5685\" class=\"elementor elementor-5685\" data-elementor-post-type=\"page\">\n\t\t\t\t<div class=\"elementor-element elementor-element-468f8c6 navboja e-flex e-con-boxed e-con e-parent\" data-id=\"468f8c6\" data-element_type=\"container\" data-settings=\"{&quot;background_background&quot;:&quot;classic&quot;}\">\n\t\t\t\t\t<div class=\"e-con-inner\">\n\t\t\t\t<div class=\"elementor-element elementor-element-61a7c36d elementor-widget elementor-widget-spacer\" data-id=\"61a7c36d\" data-element_type=\"widget\" data-widget_type=\"spacer.default\">\n\t\t\t\t\t\t\t<div class=\"elementor-spacer\">\n\t\t\t<div class=\"elementor-spacer-inner\"><\/div>\n\t\t<\/div>\n\t\t\t\t\t\t<\/div>\n\t\t\t\t\t<\/div>\n\t\t\t\t<\/div>\n\t\t<div class=\"elementor-element elementor-element-13a5062f e-flex e-con-boxed e-con e-parent\" data-id=\"13a5062f\" data-element_type=\"container\">\n\t\t\t\t\t<div class=\"e-con-inner\">\n\t\t\t\t<div class=\"elementor-element elementor-element-3be27376 elementor-widget elementor-widget-spacer\" data-id=\"3be27376\" data-element_type=\"widget\" data-widget_type=\"spacer.default\">\n\t\t\t\t\t\t\t<div class=\"elementor-spacer\">\n\t\t\t<div class=\"elementor-spacer-inner\"><\/div>\n\t\t<\/div>\n\t\t\t\t\t\t<\/div>\n\t\t\t\t<div class=\"elementor-element elementor-element-38cdab0 elementor-widget elementor-widget-heading\" data-id=\"38cdab0\" data-element_type=\"widget\" data-widget_type=\"heading.default\">\n\t\t\t\t\t<h1 class=\"elementor-heading-title elementor-size-xl\">Gorana Birovljevi\u0107<\/h1>\t\t\t\t<\/div>\n\t\t\t\t<div class=\"elementor-element elementor-element-301c12dd elementor-widget-divider--view-line elementor-widget elementor-widget-divider\" data-id=\"301c12dd\" data-element_type=\"widget\" data-widget_type=\"divider.default\">\n\t\t\t\t\t\t\t<div class=\"elementor-divider\">\n\t\t\t<span class=\"elementor-divider-separator\">\n\t\t\t\t\t\t<\/span>\n\t\t<\/div>\n\t\t\t\t\t\t<\/div>\n\t\t\t\t\t<\/div>\n\t\t\t\t<\/div>\n\t\t<div class=\"elementor-element elementor-element-55dc1478 e-flex e-con-boxed e-con e-parent\" data-id=\"55dc1478\" data-element_type=\"container\">\n\t\t\t\t\t<div class=\"e-con-inner\">\n\t\t<div class=\"elementor-element elementor-element-f427526 e-con-full e-flex e-con e-parent\" data-id=\"f427526\" data-element_type=\"container\">\n\t\t\t\t<div class=\"elementor-element elementor-element-7885a99a elementor-widget elementor-widget-text-editor\" data-id=\"7885a99a\" data-element_type=\"widget\" data-widget_type=\"text-editor.default\">\n\t\t\t\t\t\t\t\t\t<h3 class=\"subtitle\">psihologinja<\/h3><div class=\"address\">\u00a0<\/div><div class=\"contact\"><h3><span style=\"font-size: 1.5em; font-weight: bold;\">Other information<\/span><\/h3><\/div><p>Iskustvo u savjetovanju\/psihoterapiji:\u00a0<strong>DA<\/strong><br \/><br \/>Primarna podru\u010dja rada:\u00a0<strong>klini\u010dka psihologija<\/strong><br \/><br \/>Iskustvo u radu s LGBTIQ osobama:\u00a0<strong>DA<\/strong><br \/><br \/>Zavr\u0161ena edukacija:\u00a0<strong>Edukacija iz Kognitivno bihevioralne terapije \u2013 1. i 2. stupanj<\/strong><br \/><br \/>Edukacija u tijeku:\u00a0<strong>Trenutno uklju\u010dena u tre\u0107i, zavr\u0161ni supervizijski stupanj edukacije iz Kognitivno bihevioralne terapije<\/strong><\/p><p>Dodatne edukacije i vje\u0161tine:<strong>\u00a0Zavr\u0161na godina poslijediplomskog Specijalisti\u010dkog studija Psiholo\u0161ko savjetovanje na Odsjeku za psihologiju Filozofski fakultet Rijeka, Zavr\u0161en Mindfulness te\u010daj u organizaciji Hrvatskog udru\u017eenja za kognitivno bihevioralne terapije, Edukacija za primjenu Wartegg testa crte\u017ea, Edukacija za primjenu MMPI inventara li\u010dnosti<\/strong><\/p>\t\t\t\t\t\t\t\t<\/div>\n\t\t\t\t<\/div>\n\t\t<div class=\"elementor-element elementor-element-5391379d e-con-full e-flex e-con e-parent\" data-id=\"5391379d\" data-element_type=\"container\" data-settings=\"{&quot;background_background&quot;:&quot;classic&quot;}\">\n\t\t\t\t<div class=\"elementor-element elementor-element-22144a50 elementor-widget elementor-widget-spacer\" data-id=\"22144a50\" data-element_type=\"widget\" data-widget_type=\"spacer.default\">\n\t\t\t\t\t\t\t<div class=\"elementor-spacer\">\n\t\t\t<div class=\"elementor-spacer-inner\"><\/div>\n\t\t<\/div>\n\t\t\t\t\t\t<\/div>\n\t\t\t\t<div class=\"elementor-element elementor-element-23788d83 elementor-widget elementor-widget-heading\" data-id=\"23788d83\" data-element_type=\"widget\" data-widget_type=\"heading.default\">\n\t\t\t\t\t<h2 class=\"elementor-heading-title elementor-size-default\">Contact:<\/h2>\t\t\t\t<\/div>\n\t\t\t\t<div class=\"elementor-element elementor-element-18708a02 elementor-widget elementor-widget-text-editor\" data-id=\"18708a02\" data-element_type=\"widget\" data-widget_type=\"text-editor.default\">\n\t\t\t\t\t\t\t\t\t<div class=\"address\"><h3>Adresa<\/h3><p>Rijeka<br \/>51000<\/p><\/div><div class=\"contact\"><h3>Contact us<\/h3><p><span id=\"cloak81026\">E-mail: gorana.birovljevic@gmail.com<\/span><\/p><p>Mob. <span id=\"eeb-228092-80478\"><\/span><script type=\"text\/javascript\">(function() {var ml=\"F90573%14-62\",mi=\"2136;05189:774\",o=\"\";for(var j=0,l=mi.length;j<l;j++) {o+=ml.charAt(mi.charCodeAt(j)-48);}document.getElementById(\"eeb-228092-80478\").innerHTML = decodeURIComponent(o);}());<\/script><noscript>*protected email*<\/noscript><\/p><\/div>\t\t\t\t\t\t\t\t<\/div>\n\t\t\t\t<\/div>\n\t\t\t\t\t<\/div>\n\t\t\t\t<\/div>\n\t\t<div class=\"elementor-element elementor-element-25195dfb e-flex e-con-boxed e-con e-parent\" data-id=\"25195dfb\" data-element_type=\"container\" data-settings=\"{&quot;background_background&quot;:&quot;classic&quot;}\">\n\t\t\t\t\t<div class=\"e-con-inner\">\n\t\t<div class=\"elementor-element elementor-element-66fc603e e-con-full e-flex e-con e-parent\" data-id=\"66fc603e\" data-element_type=\"container\">\n\t\t\t\t<div class=\"elementor-element elementor-element-623e10cd elementor-widget elementor-widget-spacer\" data-id=\"623e10cd\" data-element_type=\"widget\" data-widget_type=\"spacer.default\">\n\t\t\t\t\t\t\t<div class=\"elementor-spacer\">\n\t\t\t<div class=\"elementor-spacer-inner\"><\/div>\n\t\t<\/div>\n\t\t\t\t\t\t<\/div>\n\t\t\t\t<\/div>\n\t\t\t\t\t<\/div>\n\t\t\t\t<\/div>\n\t\t\t\t<\/div>","protected":false},"excerpt":{"rendered":"<p>Gorana Birovljevi\u0107 psihologinja \u00a0 Ostale informacije Iskustvo u savjetovanju\/psihoterapiji:\u00a0DA Primarna podru\u010dja rada:\u00a0klini\u010dka psihologija Iskustvo u radu s LGBTIQ osobama:\u00a0DA Zavr\u0161ena edukacija:\u00a0Edukacija iz Kognitivno bihevioralne terapije \u2013 1. i 2. stupanj Edukacija u tijeku:\u00a0Trenutno uklju\u010dena u tre\u0107i, zavr\u0161ni supervizijski stupanj edukacije iz Kognitivno bihevioralne terapije Dodatne edukacije i vje\u0161tine:\u00a0Zavr\u0161na godina poslijediplomskog Specijalisti\u010dkog studija Psiholo\u0161ko savjetovanje na &hellip;<\/p>\n<p class=\"read-more\"> <a class=\"\" href=\"https:\/\/lori.hr\/en\/gorana-birovljevic\/\"> <span class=\"screen-reader-text\">Gorana Birovljevi\u0107<\/span> Read More \u00bb<\/a><\/p>","protected":false},"author":1,"featured_media":0,"parent":0,"menu_order":0,"comment_status":"closed","ping_status":"closed","template":"","meta":{"_uag_custom_page_level_css":"","site-sidebar-layout":"no-sidebar","site-content-layout":"page-builder","ast-site-content-layout":"","site-content-style":"default","site-sidebar-style":"default","ast-global-header-display":"","ast-banner-title-visibility":"","ast-main-header-display":"","ast-hfb-above-header-display":"","ast-hfb-below-header-display":"","ast-hfb-mobile-header-display":"","site-post-title":"disabled","ast-breadcrumbs-content":"","ast-featured-img":"disabled","footer-sml-layout":"","theme-transparent-header-meta":"","adv-header-id-meta":"","stick-header-meta":"","header-above-stick-meta":"","header-main-stick-meta":"","header-below-stick-meta":"","astra-migrate-meta-layouts":"","footnotes":""},"class_list":["post-5685","page","type-page","status-publish","hentry"],"uagb_featured_image_src":{"full":false,"thumbnail":false,"medium":false,"medium_large":false,"large":false,"1536x1536":false,"2048x2048":false,"trp-custom-language-flag":false},"uagb_author_info":{"display_name":"LORI","author_link":"https:\/\/lori.hr\/en\/author\/ikenji\/"},"uagb_comment_info":0,"uagb_excerpt":"Gorana Birovljevi\u0107 psihologinja \u00a0 Ostale informacije Iskustvo u savjetovanju\/psihoterapiji:\u00a0DA Primarna podru\u010dja rada:\u00a0klini\u010dka psihologija Iskustvo u radu s LGBTIQ osobama:\u00a0DA Zavr\u0161ena edukacija:\u00a0Edukacija iz Kognitivno bihevioralne terapije \u2013 1. i 2. stupanj Edukacija u tijeku:\u00a0Trenutno uklju\u010dena u tre\u0107i, zavr\u0161ni supervizijski stupanj edukacije iz Kognitivno bihevioralne terapije Dodatne edukacije i vje\u0161tine:\u00a0Zavr\u0161na godina poslijediplomskog Specijalisti\u010dkog studija Psiholo\u0161ko savjetovanje na&hellip;","_links":{"self":[{"href":"https:\/\/lori.hr\/en\/wp-json\/wp\/v2\/pages\/5685","targetHints":{"allow":["GET"]}}],"collection":[{"href":"https:\/\/lori.hr\/en\/wp-json\/wp\/v2\/pages"}],"about":[{"href":"https:\/\/lori.hr\/en\/wp-json\/wp\/v2\/types\/page"}],"author":[{"embeddable":true,"href":"https:\/\/lori.hr\/en\/wp-json\/wp\/v2\/users\/1"}],"replies":[{"embeddable":true,"href":"https:\/\/lori.hr\/en\/wp-json\/wp\/v2\/comments?post=5685"}],"version-history":[{"count":4,"href":"https:\/\/lori.hr\/en\/wp-json\/wp\/v2\/pages\/5685\/revisions"}],"predecessor-version":[{"id":5691,"href":"https:\/\/lori.hr\/en\/wp-json\/wp\/v2\/pages\/5685\/revisions\/5691"}],"wp:attachment":[{"href":"https:\/\/lori.hr\/en\/wp-json\/wp\/v2\/media?parent=5685"}],"curies":[{"name":"wp","href":"https:\/\/api.w.org\/{rel}","templated":true}]}}