{"id":5698,"date":"2023-04-22T17:17:27","date_gmt":"2023-04-22T15:17:27","guid":{"rendered":"https:\/\/lori.hr\/?page_id=5698"},"modified":"2023-04-22T17:19:11","modified_gmt":"2023-04-22T15:19:11","slug":"zrinka-ricka-zauhar","status":"publish","type":"page","link":"https:\/\/lori.hr\/en\/zrinka-ricka-zauhar\/","title":{"rendered":"Zrinka Ri\u010dka \u017dauhar"},"content":{"rendered":"<div data-elementor-type=\"wp-page\" data-elementor-id=\"5698\" class=\"elementor elementor-5698\" data-elementor-post-type=\"page\">\n\t\t\t\t<div class=\"elementor-element elementor-element-609eb423 navboja e-flex e-con-boxed e-con e-parent\" data-id=\"609eb423\" data-element_type=\"container\" data-settings=\"{&quot;background_background&quot;:&quot;classic&quot;}\">\n\t\t\t\t\t<div class=\"e-con-inner\">\n\t\t\t\t<div class=\"elementor-element elementor-element-31e427ed elementor-widget elementor-widget-spacer\" data-id=\"31e427ed\" data-element_type=\"widget\" data-widget_type=\"spacer.default\">\n\t\t\t\t\t\t\t<div class=\"elementor-spacer\">\n\t\t\t<div class=\"elementor-spacer-inner\"><\/div>\n\t\t<\/div>\n\t\t\t\t\t\t<\/div>\n\t\t\t\t\t<\/div>\n\t\t\t\t<\/div>\n\t\t<div class=\"elementor-element elementor-element-5274790e e-flex e-con-boxed e-con e-parent\" data-id=\"5274790e\" data-element_type=\"container\">\n\t\t\t\t\t<div class=\"e-con-inner\">\n\t\t\t\t<div class=\"elementor-element elementor-element-427a700 elementor-widget elementor-widget-spacer\" data-id=\"427a700\" data-element_type=\"widget\" data-widget_type=\"spacer.default\">\n\t\t\t\t\t\t\t<div class=\"elementor-spacer\">\n\t\t\t<div class=\"elementor-spacer-inner\"><\/div>\n\t\t<\/div>\n\t\t\t\t\t\t<\/div>\n\t\t\t\t<div class=\"elementor-element elementor-element-484dc5a0 elementor-widget elementor-widget-heading\" data-id=\"484dc5a0\" data-element_type=\"widget\" data-widget_type=\"heading.default\">\n\t\t\t\t\t<h1 class=\"elementor-heading-title elementor-size-xl\">Zrinka Ri\u010dka \u017dauhar<\/h1>\t\t\t\t<\/div>\n\t\t\t\t<div class=\"elementor-element elementor-element-b6de234 elementor-widget-divider--view-line elementor-widget elementor-widget-divider\" data-id=\"b6de234\" data-element_type=\"widget\" data-widget_type=\"divider.default\">\n\t\t\t\t\t\t\t<div class=\"elementor-divider\">\n\t\t\t<span class=\"elementor-divider-separator\">\n\t\t\t\t\t\t<\/span>\n\t\t<\/div>\n\t\t\t\t\t\t<\/div>\n\t\t\t\t\t<\/div>\n\t\t\t\t<\/div>\n\t\t<div class=\"elementor-element elementor-element-1b450607 e-flex e-con-boxed e-con e-parent\" data-id=\"1b450607\" data-element_type=\"container\">\n\t\t\t\t\t<div class=\"e-con-inner\">\n\t\t<div class=\"elementor-element elementor-element-5d3665b1 e-con-full e-flex e-con e-parent\" data-id=\"5d3665b1\" data-element_type=\"container\">\n\t\t\t\t<div class=\"elementor-element elementor-element-789bd134 elementor-widget elementor-widget-text-editor\" data-id=\"789bd134\" data-element_type=\"widget\" data-widget_type=\"text-editor.default\">\n\t\t\t\t\t\t\t\t\t<h3 class=\"subtitle\">psihologinja<\/h3><div class=\"address\">\u00a0<\/div><div class=\"contact\"><h3><span style=\"font-size: 1.5em; font-weight: bold;\">Other information<\/span><\/h3><\/div><p>Iskustvo u savjetovanju\/psihoterapiji:\u00a0<strong>DA<\/strong><br \/><br \/>Primarna podru\u010dja rada:\u00a0<strong>klini\u010dka, \u0161kolska i pred\u0161kolska te zdravstvena psihologija<\/strong><br \/><br \/>Iskustvo u radu s LGBTIQ osobama:\u00a0<strong>DA<\/strong><br \/><br \/>Zavr\u0161ena edukacija:\u00a0<\/p><p><strong>Dipl. psihologinja;<\/strong><\/p><p><strong>ECP psihoterapeutkinja kibernetike i sistemske psihoterapije;<\/strong><\/p><p><strong>Univ. spec. psiholo\u0161kog savjetovanja<\/strong><br \/><br \/>Dodatne edukacije ili vje\u0161tine:\u00a0<strong>Sveu\u010dili\u0161na specijalistica psiholo\u0161kog savjetovanja<\/strong><\/p>\t\t\t\t\t\t\t\t<\/div>\n\t\t\t\t<\/div>\n\t\t<div class=\"elementor-element elementor-element-24b29a94 e-con-full e-flex e-con e-parent\" data-id=\"24b29a94\" data-element_type=\"container\" data-settings=\"{&quot;background_background&quot;:&quot;classic&quot;}\">\n\t\t\t\t<div class=\"elementor-element elementor-element-35f9945b elementor-widget elementor-widget-spacer\" data-id=\"35f9945b\" data-element_type=\"widget\" data-widget_type=\"spacer.default\">\n\t\t\t\t\t\t\t<div class=\"elementor-spacer\">\n\t\t\t<div class=\"elementor-spacer-inner\"><\/div>\n\t\t<\/div>\n\t\t\t\t\t\t<\/div>\n\t\t\t\t<div class=\"elementor-element elementor-element-ad9fab3 elementor-widget elementor-widget-heading\" data-id=\"ad9fab3\" data-element_type=\"widget\" data-widget_type=\"heading.default\">\n\t\t\t\t\t<h2 class=\"elementor-heading-title elementor-size-default\">Contact:<\/h2>\t\t\t\t<\/div>\n\t\t\t\t<div class=\"elementor-element elementor-element-1fdd4050 elementor-widget elementor-widget-text-editor\" data-id=\"1fdd4050\" data-element_type=\"widget\" data-widget_type=\"text-editor.default\">\n\t\t\t\t\t\t\t\t\t<div class=\"address\"><h3>Adresa<\/h3><p>Milana Butkovi\u0107a 4<br \/>Rijeka 51000<\/p><\/div><div class=\"contact\"><h3>Contact us<\/h3><p><span id=\"cloak81026\">E-mail: zrinka_zauhar@yahoo.com<\/span><\/p><p>Mob. <span id=\"eeb-84394-134781\"><\/span><script type=\"text\/javascript\">(function() {var ml=\"89%-F0724\",mi=\"51027415838671\",o=\"\";for(var j=0,l=mi.length;j<l;j++) {o+=ml.charAt(mi.charCodeAt(j)-48);}document.getElementById(\"eeb-84394-134781\").innerHTML = decodeURIComponent(o);}());<\/script><noscript>*protected email*<\/noscript><\/p><\/div>\t\t\t\t\t\t\t\t<\/div>\n\t\t\t\t<\/div>\n\t\t\t\t\t<\/div>\n\t\t\t\t<\/div>\n\t\t<div class=\"elementor-element elementor-element-5db6154f e-flex e-con-boxed e-con e-parent\" data-id=\"5db6154f\" data-element_type=\"container\" data-settings=\"{&quot;background_background&quot;:&quot;classic&quot;}\">\n\t\t\t\t\t<div class=\"e-con-inner\">\n\t\t<div class=\"elementor-element elementor-element-6534bd2d e-con-full e-flex e-con e-parent\" data-id=\"6534bd2d\" data-element_type=\"container\">\n\t\t\t\t<div class=\"elementor-element elementor-element-3a438a39 elementor-widget elementor-widget-spacer\" data-id=\"3a438a39\" data-element_type=\"widget\" data-widget_type=\"spacer.default\">\n\t\t\t\t\t\t\t<div class=\"elementor-spacer\">\n\t\t\t<div class=\"elementor-spacer-inner\"><\/div>\n\t\t<\/div>\n\t\t\t\t\t\t<\/div>\n\t\t\t\t<\/div>\n\t\t\t\t\t<\/div>\n\t\t\t\t<\/div>\n\t\t\t\t<\/div>","protected":false},"excerpt":{"rendered":"<p>Zrinka Ri\u010dka \u017dauhar psihologinja \u00a0 Ostale informacije Iskustvo u savjetovanju\/psihoterapiji:\u00a0DA Primarna podru\u010dja rada:\u00a0klini\u010dka, \u0161kolska i pred\u0161kolska te zdravstvena psihologija Iskustvo u radu s LGBTIQ osobama:\u00a0DA Zavr\u0161ena edukacija:\u00a0 Dipl. psihologinja; ECP psihoterapeutkinja kibernetike i sistemske psihoterapije; Univ. spec. psiholo\u0161kog savjetovanja Dodatne edukacije ili vje\u0161tine:\u00a0Sveu\u010dili\u0161na specijalistica psiholo\u0161kog savjetovanja Kontakt: Adresa Milana Butkovi\u0107a 4Rijeka 51000 Kontakt E-mail: zrinka_zauhar@yahoo.com &hellip;<\/p>\n<p class=\"read-more\"> <a class=\"\" href=\"https:\/\/lori.hr\/en\/zrinka-ricka-zauhar\/\"> <span class=\"screen-reader-text\">Zrinka Ri\u010dka \u017dauhar<\/span> Read More \u00bb<\/a><\/p>","protected":false},"author":1,"featured_media":0,"parent":0,"menu_order":0,"comment_status":"closed","ping_status":"closed","template":"","meta":{"_uag_custom_page_level_css":"","site-sidebar-layout":"no-sidebar","site-content-layout":"page-builder","ast-site-content-layout":"","site-content-style":"default","site-sidebar-style":"default","ast-global-header-display":"","ast-banner-title-visibility":"","ast-main-header-display":"","ast-hfb-above-header-display":"","ast-hfb-below-header-display":"","ast-hfb-mobile-header-display":"","site-post-title":"disabled","ast-breadcrumbs-content":"","ast-featured-img":"disabled","footer-sml-layout":"","theme-transparent-header-meta":"","adv-header-id-meta":"","stick-header-meta":"","header-above-stick-meta":"","header-main-stick-meta":"","header-below-stick-meta":"","astra-migrate-meta-layouts":"","footnotes":""},"class_list":["post-5698","page","type-page","status-publish","hentry"],"uagb_featured_image_src":{"full":false,"thumbnail":false,"medium":false,"medium_large":false,"large":false,"1536x1536":false,"2048x2048":false,"trp-custom-language-flag":false},"uagb_author_info":{"display_name":"LORI","author_link":"https:\/\/lori.hr\/en\/author\/ikenji\/"},"uagb_comment_info":0,"uagb_excerpt":"Zrinka Ri\u010dka \u017dauhar psihologinja \u00a0 Ostale informacije Iskustvo u savjetovanju\/psihoterapiji:\u00a0DA Primarna podru\u010dja rada:\u00a0klini\u010dka, \u0161kolska i pred\u0161kolska te zdravstvena psihologija Iskustvo u radu s LGBTIQ osobama:\u00a0DA Zavr\u0161ena edukacija:\u00a0 Dipl. psihologinja; ECP psihoterapeutkinja kibernetike i sistemske psihoterapije; Univ. spec. psiholo\u0161kog savjetovanja Dodatne edukacije ili vje\u0161tine:\u00a0Sveu\u010dili\u0161na specijalistica psiholo\u0161kog savjetovanja Kontakt: Adresa Milana Butkovi\u0107a 4Rijeka 51000 Kontakt E-mail: zrinka_zauhar@yahoo.com&hellip;","_links":{"self":[{"href":"https:\/\/lori.hr\/en\/wp-json\/wp\/v2\/pages\/5698","targetHints":{"allow":["GET"]}}],"collection":[{"href":"https:\/\/lori.hr\/en\/wp-json\/wp\/v2\/pages"}],"about":[{"href":"https:\/\/lori.hr\/en\/wp-json\/wp\/v2\/types\/page"}],"author":[{"embeddable":true,"href":"https:\/\/lori.hr\/en\/wp-json\/wp\/v2\/users\/1"}],"replies":[{"embeddable":true,"href":"https:\/\/lori.hr\/en\/wp-json\/wp\/v2\/comments?post=5698"}],"version-history":[{"count":4,"href":"https:\/\/lori.hr\/en\/wp-json\/wp\/v2\/pages\/5698\/revisions"}],"predecessor-version":[{"id":5703,"href":"https:\/\/lori.hr\/en\/wp-json\/wp\/v2\/pages\/5698\/revisions\/5703"}],"wp:attachment":[{"href":"https:\/\/lori.hr\/en\/wp-json\/wp\/v2\/media?parent=5698"}],"curies":[{"name":"wp","href":"https:\/\/api.w.org\/{rel}","templated":true}]}}