{"id":5771,"date":"2023-04-22T17:46:02","date_gmt":"2023-04-22T15:46:02","guid":{"rendered":"https:\/\/lori.hr\/?page_id=5771"},"modified":"2023-04-22T17:47:41","modified_gmt":"2023-04-22T15:47:41","slug":"renata-dond-perkovic","status":"publish","type":"page","link":"https:\/\/lori.hr\/en\/renata-dond-perkovic\/","title":{"rendered":"Renata \u0110on\u0111 Perkovi\u0107"},"content":{"rendered":"<div data-elementor-type=\"wp-page\" data-elementor-id=\"5771\" class=\"elementor elementor-5771\" data-elementor-post-type=\"page\">\n\t\t\t\t<div class=\"elementor-element elementor-element-381d389 navboja e-flex e-con-boxed e-con e-parent\" data-id=\"381d389\" data-element_type=\"container\" data-settings=\"{&quot;background_background&quot;:&quot;classic&quot;}\">\n\t\t\t\t\t<div class=\"e-con-inner\">\n\t\t\t\t<div class=\"elementor-element elementor-element-3b865485 elementor-widget elementor-widget-spacer\" data-id=\"3b865485\" data-element_type=\"widget\" data-widget_type=\"spacer.default\">\n\t\t\t\t\t\t\t<div class=\"elementor-spacer\">\n\t\t\t<div class=\"elementor-spacer-inner\"><\/div>\n\t\t<\/div>\n\t\t\t\t\t\t<\/div>\n\t\t\t\t\t<\/div>\n\t\t\t\t<\/div>\n\t\t<div class=\"elementor-element elementor-element-67b93d72 e-flex e-con-boxed e-con e-parent\" data-id=\"67b93d72\" data-element_type=\"container\">\n\t\t\t\t\t<div class=\"e-con-inner\">\n\t\t\t\t<div class=\"elementor-element elementor-element-537ce45d elementor-widget elementor-widget-spacer\" data-id=\"537ce45d\" data-element_type=\"widget\" data-widget_type=\"spacer.default\">\n\t\t\t\t\t\t\t<div class=\"elementor-spacer\">\n\t\t\t<div class=\"elementor-spacer-inner\"><\/div>\n\t\t<\/div>\n\t\t\t\t\t\t<\/div>\n\t\t\t\t<div class=\"elementor-element elementor-element-4c27bef6 elementor-widget elementor-widget-heading\" data-id=\"4c27bef6\" data-element_type=\"widget\" data-widget_type=\"heading.default\">\n\t\t\t\t\t<h1 class=\"elementor-heading-title elementor-size-xl\">Renata \u0110on\u0111 Perkovi\u0107<\/h1>\t\t\t\t<\/div>\n\t\t\t\t<div class=\"elementor-element elementor-element-70c54573 elementor-widget-divider--view-line elementor-widget elementor-widget-divider\" data-id=\"70c54573\" data-element_type=\"widget\" data-widget_type=\"divider.default\">\n\t\t\t\t\t\t\t<div class=\"elementor-divider\">\n\t\t\t<span class=\"elementor-divider-separator\">\n\t\t\t\t\t\t<\/span>\n\t\t<\/div>\n\t\t\t\t\t\t<\/div>\n\t\t\t\t\t<\/div>\n\t\t\t\t<\/div>\n\t\t<div class=\"elementor-element elementor-element-668b501d e-flex e-con-boxed e-con e-parent\" data-id=\"668b501d\" data-element_type=\"container\">\n\t\t\t\t\t<div class=\"e-con-inner\">\n\t\t<div class=\"elementor-element elementor-element-1fa467d e-con-full e-flex e-con e-parent\" data-id=\"1fa467d\" data-element_type=\"container\">\n\t\t\t\t<div class=\"elementor-element elementor-element-1d9ca901 elementor-widget elementor-widget-text-editor\" data-id=\"1d9ca901\" data-element_type=\"widget\" data-widget_type=\"text-editor.default\">\n\t\t\t\t\t\t\t\t\t<h3 class=\"subtitle\">psihologinja<\/h3><div class=\"address\">\u00a0<\/div><div class=\"contact\"><h3><span style=\"font-size: 1.5em; font-weight: bold;\">Other information<\/span><\/h3><\/div><p>Iskustvo u savjetovanju\/psihoterapiji:\u00a0<strong>DA<\/strong><br \/><br \/>Primarna podru\u010dja rada:\u00a0<strong>klini\u010dka i socijalne slu\u017ebe<\/strong><\/p><p>Primarna podru\u010dja_ostalo:\u00a0<strong>Savjetovanje i psihoterapija<\/strong><br \/><br \/>Iskustvo u radu s LGBTIQ osobama:\u00a0<strong>DA<\/strong><br \/><br \/>Zavr\u0161ena edukacija:\u00a0<strong>Neuro-lingvisti\u010dka psihoterapija \u2013 Master Level; EMDR Level B<\/strong><br \/><br \/>Edukacija u tijeku:\u00a0<strong>Specijalizacija iz klini\u010dke psihologije (izrada rada)<\/strong><br \/><br \/>Dodatne edukacije i vje\u0161tine:<strong>\u00a0<\/strong><strong>Psychological counselling<\/strong><\/p>\t\t\t\t\t\t\t\t<\/div>\n\t\t\t\t<\/div>\n\t\t<div class=\"elementor-element elementor-element-2896ec19 e-con-full e-flex e-con e-parent\" data-id=\"2896ec19\" data-element_type=\"container\" data-settings=\"{&quot;background_background&quot;:&quot;classic&quot;}\">\n\t\t\t\t<div class=\"elementor-element elementor-element-3cbcda2f elementor-widget elementor-widget-spacer\" data-id=\"3cbcda2f\" data-element_type=\"widget\" data-widget_type=\"spacer.default\">\n\t\t\t\t\t\t\t<div class=\"elementor-spacer\">\n\t\t\t<div class=\"elementor-spacer-inner\"><\/div>\n\t\t<\/div>\n\t\t\t\t\t\t<\/div>\n\t\t\t\t<div class=\"elementor-element elementor-element-54ed0963 elementor-widget elementor-widget-heading\" data-id=\"54ed0963\" data-element_type=\"widget\" data-widget_type=\"heading.default\">\n\t\t\t\t\t<h2 class=\"elementor-heading-title elementor-size-default\">Contact:<\/h2>\t\t\t\t<\/div>\n\t\t\t\t<div class=\"elementor-element elementor-element-734b3cfc elementor-widget elementor-widget-text-editor\" data-id=\"734b3cfc\" data-element_type=\"widget\" data-widget_type=\"text-editor.default\">\n\t\t\t\t\t\t\t\t\t<div class=\"address\"><h3>Adresa<\/h3><p>HATC NLPT centar, Rusanova 10<br \/>Zagreb 10000<\/p><\/div><div class=\"contact\"><h3>Contact us<\/h3><p><span id=\"cloak81026\">E-mail: rdond@inet.hr<\/span><\/p><p>Mob. <span id=\"eeb-743753-983561\"><\/span><script type=\"text\/javascript\">(function() {var ml=\"984%26-F10\",mi=\"90834785269091\",o=\"\";for(var j=0,l=mi.length;j<l;j++) {o+=ml.charAt(mi.charCodeAt(j)-48);}document.getElementById(\"eeb-743753-983561\").innerHTML = decodeURIComponent(o);}());<\/script><noscript>*protected email*<\/noscript><br \/>Mob. <span id=\"eeb-643900-626948\"><\/span><script type=\"text\/javascript\">(function() {var ml=\"%0629F14-\",mi=\"14603521718737\",o=\"\";for(var j=0,l=mi.length;j<l;j++) {o+=ml.charAt(mi.charCodeAt(j)-48);}document.getElementById(\"eeb-643900-626948\").innerHTML = decodeURIComponent(o);}());<\/script><noscript>*protected email*<\/noscript><\/p><\/div>\t\t\t\t\t\t\t\t<\/div>\n\t\t\t\t<\/div>\n\t\t\t\t\t<\/div>\n\t\t\t\t<\/div>\n\t\t<div class=\"elementor-element elementor-element-fa918b9 e-flex e-con-boxed e-con e-parent\" data-id=\"fa918b9\" data-element_type=\"container\" data-settings=\"{&quot;background_background&quot;:&quot;classic&quot;}\">\n\t\t\t\t\t<div class=\"e-con-inner\">\n\t\t<div class=\"elementor-element elementor-element-6b5e8f66 e-con-full e-flex e-con e-parent\" data-id=\"6b5e8f66\" data-element_type=\"container\">\n\t\t\t\t<div class=\"elementor-element elementor-element-16ea5d18 elementor-widget elementor-widget-spacer\" data-id=\"16ea5d18\" data-element_type=\"widget\" data-widget_type=\"spacer.default\">\n\t\t\t\t\t\t\t<div class=\"elementor-spacer\">\n\t\t\t<div class=\"elementor-spacer-inner\"><\/div>\n\t\t<\/div>\n\t\t\t\t\t\t<\/div>\n\t\t\t\t<\/div>\n\t\t\t\t\t<\/div>\n\t\t\t\t<\/div>\n\t\t\t\t<\/div>","protected":false},"excerpt":{"rendered":"<p>Renata \u0110on\u0111 Perkovi\u0107 psihologinja \u00a0 Ostale informacije Iskustvo u savjetovanju\/psihoterapiji:\u00a0DA Primarna podru\u010dja rada:\u00a0klini\u010dka i socijalne slu\u017ebe Primarna podru\u010dja_ostalo:\u00a0Savjetovanje i psihoterapija Iskustvo u radu s LGBTIQ osobama:\u00a0DA Zavr\u0161ena edukacija:\u00a0Neuro-lingvisti\u010dka psihoterapija \u2013 Master Level; EMDR Level B Edukacija u tijeku:\u00a0Specijalizacija iz klini\u010dke psihologije (izrada rada) Dodatne edukacije i vje\u0161tine:\u00a0Psiholo\u0161ko savjetovanje Kontakt: Adresa HATC NLPT centar, Rusanova 10Zagreb &hellip;<\/p>\n<p class=\"read-more\"> <a class=\"\" href=\"https:\/\/lori.hr\/en\/renata-dond-perkovic\/\"> <span class=\"screen-reader-text\">Renata \u0110on\u0111 Perkovi\u0107<\/span> Read More \u00bb<\/a><\/p>","protected":false},"author":1,"featured_media":0,"parent":0,"menu_order":0,"comment_status":"closed","ping_status":"closed","template":"","meta":{"_uag_custom_page_level_css":"","site-sidebar-layout":"no-sidebar","site-content-layout":"page-builder","ast-site-content-layout":"","site-content-style":"default","site-sidebar-style":"default","ast-global-header-display":"","ast-banner-title-visibility":"","ast-main-header-display":"","ast-hfb-above-header-display":"","ast-hfb-below-header-display":"","ast-hfb-mobile-header-display":"","site-post-title":"disabled","ast-breadcrumbs-content":"","ast-featured-img":"disabled","footer-sml-layout":"","theme-transparent-header-meta":"","adv-header-id-meta":"","stick-header-meta":"","header-above-stick-meta":"","header-main-stick-meta":"","header-below-stick-meta":"","astra-migrate-meta-layouts":"","footnotes":""},"class_list":["post-5771","page","type-page","status-publish","hentry"],"uagb_featured_image_src":{"full":false,"thumbnail":false,"medium":false,"medium_large":false,"large":false,"1536x1536":false,"2048x2048":false,"trp-custom-language-flag":false},"uagb_author_info":{"display_name":"LORI","author_link":"https:\/\/lori.hr\/en\/author\/ikenji\/"},"uagb_comment_info":0,"uagb_excerpt":"Renata \u0110on\u0111 Perkovi\u0107 psihologinja \u00a0 Ostale informacije Iskustvo u savjetovanju\/psihoterapiji:\u00a0DA Primarna podru\u010dja rada:\u00a0klini\u010dka i socijalne slu\u017ebe Primarna podru\u010dja_ostalo:\u00a0Savjetovanje i psihoterapija Iskustvo u radu s LGBTIQ osobama:\u00a0DA Zavr\u0161ena edukacija:\u00a0Neuro-lingvisti\u010dka psihoterapija \u2013 Master Level; EMDR Level B Edukacija u tijeku:\u00a0Specijalizacija iz klini\u010dke psihologije (izrada rada) Dodatne edukacije i vje\u0161tine:\u00a0Psiholo\u0161ko savjetovanje Kontakt: Adresa HATC NLPT centar, Rusanova 10Zagreb&hellip;","_links":{"self":[{"href":"https:\/\/lori.hr\/en\/wp-json\/wp\/v2\/pages\/5771","targetHints":{"allow":["GET"]}}],"collection":[{"href":"https:\/\/lori.hr\/en\/wp-json\/wp\/v2\/pages"}],"about":[{"href":"https:\/\/lori.hr\/en\/wp-json\/wp\/v2\/types\/page"}],"author":[{"embeddable":true,"href":"https:\/\/lori.hr\/en\/wp-json\/wp\/v2\/users\/1"}],"replies":[{"embeddable":true,"href":"https:\/\/lori.hr\/en\/wp-json\/wp\/v2\/comments?post=5771"}],"version-history":[{"count":4,"href":"https:\/\/lori.hr\/en\/wp-json\/wp\/v2\/pages\/5771\/revisions"}],"predecessor-version":[{"id":5775,"href":"https:\/\/lori.hr\/en\/wp-json\/wp\/v2\/pages\/5771\/revisions\/5775"}],"wp:attachment":[{"href":"https:\/\/lori.hr\/en\/wp-json\/wp\/v2\/media?parent=5771"}],"curies":[{"name":"wp","href":"https:\/\/api.w.org\/{rel}","templated":true}]}}