{"id":5777,"date":"2023-04-22T17:51:53","date_gmt":"2023-04-22T15:51:53","guid":{"rendered":"https:\/\/lori.hr\/?page_id=5777"},"modified":"2025-10-29T20:04:35","modified_gmt":"2025-10-29T19:04:35","slug":"martina-carija","status":"publish","type":"page","link":"https:\/\/lori.hr\/en\/martina-carija\/","title":{"rendered":"Martina \u010carija"},"content":{"rendered":"<div data-elementor-type=\"wp-page\" data-elementor-id=\"5777\" class=\"elementor elementor-5777\" data-elementor-post-type=\"page\">\n\t\t\t\t<div class=\"elementor-element elementor-element-4e23049c navboja e-flex e-con-boxed e-con e-parent\" data-id=\"4e23049c\" data-element_type=\"container\" data-settings=\"{&quot;background_background&quot;:&quot;classic&quot;}\">\n\t\t\t\t\t<div class=\"e-con-inner\">\n\t\t\t\t<div class=\"elementor-element elementor-element-5b51a0d4 elementor-widget elementor-widget-spacer\" data-id=\"5b51a0d4\" data-element_type=\"widget\" data-widget_type=\"spacer.default\">\n\t\t\t\t\t\t\t<div class=\"elementor-spacer\">\n\t\t\t<div class=\"elementor-spacer-inner\"><\/div>\n\t\t<\/div>\n\t\t\t\t\t\t<\/div>\n\t\t\t\t\t<\/div>\n\t\t\t\t<\/div>\n\t\t<div class=\"elementor-element elementor-element-74d3d95 e-flex e-con-boxed e-con e-parent\" data-id=\"74d3d95\" data-element_type=\"container\">\n\t\t\t\t\t<div class=\"e-con-inner\">\n\t\t\t\t<div class=\"elementor-element elementor-element-22a72433 elementor-widget elementor-widget-spacer\" data-id=\"22a72433\" data-element_type=\"widget\" data-widget_type=\"spacer.default\">\n\t\t\t\t\t\t\t<div class=\"elementor-spacer\">\n\t\t\t<div class=\"elementor-spacer-inner\"><\/div>\n\t\t<\/div>\n\t\t\t\t\t\t<\/div>\n\t\t\t\t<div class=\"elementor-element elementor-element-364f4033 elementor-widget elementor-widget-heading\" data-id=\"364f4033\" data-element_type=\"widget\" data-widget_type=\"heading.default\">\n\t\t\t\t\t<h1 class=\"elementor-heading-title elementor-size-xl\">Martina \u010carija<\/h1>\t\t\t\t<\/div>\n\t\t\t\t<div class=\"elementor-element elementor-element-7adb0b85 elementor-widget-divider--view-line elementor-widget elementor-widget-divider\" data-id=\"7adb0b85\" data-element_type=\"widget\" data-widget_type=\"divider.default\">\n\t\t\t\t\t\t\t<div class=\"elementor-divider\">\n\t\t\t<span class=\"elementor-divider-separator\">\n\t\t\t\t\t\t<\/span>\n\t\t<\/div>\n\t\t\t\t\t\t<\/div>\n\t\t\t\t\t<\/div>\n\t\t\t\t<\/div>\n\t\t<div class=\"elementor-element elementor-element-3c3caf8a e-flex e-con-boxed e-con e-parent\" data-id=\"3c3caf8a\" data-element_type=\"container\">\n\t\t\t\t\t<div class=\"e-con-inner\">\n\t\t<div class=\"elementor-element elementor-element-33950679 e-con-full e-flex e-con e-child\" data-id=\"33950679\" data-element_type=\"container\">\n\t\t\t\t<div class=\"elementor-element elementor-element-254cd2e6 elementor-widget elementor-widget-text-editor\" data-id=\"254cd2e6\" data-element_type=\"widget\" data-widget_type=\"text-editor.default\">\n\t\t\t\t\t\t\t\t\t<h3 class=\"subtitle\">psihologinja<\/h3><div class=\"address\">\u00a0<\/div><div class=\"contact\"><h3><span style=\"font-size: 1.5em; font-weight: bold;\">Other information<\/span><\/h3><\/div><p>Iskustvo u savjetovanju\/psihoterapiji:\u00a0<strong>DA<\/strong><\/p><p>Primarna podru\u010dja rada:\u00a0<strong>Klini\u010dka psihologija i Socijalne slu\u017ebe<\/strong><\/p><p>Iskustvo u radu s LGBTIQ osobama:\u00a0<strong>DA<\/strong><\/p><p>Zavr\u0161ena edukacija: <strong>Ge\u0161talt psihoterapija<\/strong><\/p><p>Dodatne edukacije i vje\u0161tine:\u00a0<strong>Supervizija psihosocijalnog rada, pru\u017eanje podr\u0161ke izbjeglicama i migrantima, suradnja s prevoditeljima, pru\u017eanje podr\u0161ke u oporavku od traumatskih doga\u0111aja<\/strong><\/p>\t\t\t\t\t\t\t\t<\/div>\n\t\t\t\t<\/div>\n\t\t<div class=\"elementor-element elementor-element-3fd3cebf e-con-full e-flex e-con e-child\" data-id=\"3fd3cebf\" data-element_type=\"container\" data-settings=\"{&quot;background_background&quot;:&quot;classic&quot;}\">\n\t\t\t\t<div class=\"elementor-element elementor-element-5fa48797 elementor-widget elementor-widget-spacer\" data-id=\"5fa48797\" data-element_type=\"widget\" data-widget_type=\"spacer.default\">\n\t\t\t\t\t\t\t<div class=\"elementor-spacer\">\n\t\t\t<div class=\"elementor-spacer-inner\"><\/div>\n\t\t<\/div>\n\t\t\t\t\t\t<\/div>\n\t\t\t\t<div class=\"elementor-element elementor-element-3dcced21 elementor-widget elementor-widget-text-editor\" data-id=\"3dcced21\" data-element_type=\"widget\" data-widget_type=\"text-editor.default\">\n\t\t\t\t\t\t\t\t\t<div class=\"address\"><h3>Adresa<\/h3><p>Zagreb i Zapre\u0161i\u0107<br \/><span style=\"font-size: 1.5em; font-weight: bold;\"><br \/>Contact us<\/span><\/p><\/div><div class=\"contact\"><p><span id=\"cloak81026\">E-mail: martina@psiho.hr<\/span><\/p><p>Mob. <span id=\"eeb-834565-365647\"><\/span><script type=\"text\/javascript\">(function() {var ml=\"5497328%0\",mi=\"826758031758432\",o=\"\";for(var j=0,l=mi.length;j<l;j++) {o+=ml.charAt(mi.charCodeAt(j)-48);}document.getElementById(\"eeb-834565-365647\").innerHTML = decodeURIComponent(o);}());<\/script><noscript>*protected email*<\/noscript><\/p><\/div>\t\t\t\t\t\t\t\t<\/div>\n\t\t\t\t<\/div>\n\t\t\t\t\t<\/div>\n\t\t\t\t<\/div>\n\t\t<div class=\"elementor-element elementor-element-4d2eef6 e-flex e-con-boxed e-con e-parent\" data-id=\"4d2eef6\" data-element_type=\"container\" data-settings=\"{&quot;background_background&quot;:&quot;classic&quot;}\">\n\t\t\t\t\t<div class=\"e-con-inner\">\n\t\t<div class=\"elementor-element elementor-element-41c2453a e-con-full e-flex e-con e-child\" data-id=\"41c2453a\" data-element_type=\"container\">\n\t\t\t\t<div class=\"elementor-element elementor-element-61b31feb elementor-widget elementor-widget-spacer\" data-id=\"61b31feb\" data-element_type=\"widget\" data-widget_type=\"spacer.default\">\n\t\t\t\t\t\t\t<div class=\"elementor-spacer\">\n\t\t\t<div class=\"elementor-spacer-inner\"><\/div>\n\t\t<\/div>\n\t\t\t\t\t\t<\/div>\n\t\t\t\t<\/div>\n\t\t\t\t\t<\/div>\n\t\t\t\t<\/div>\n\t\t\t\t<\/div>","protected":false},"excerpt":{"rendered":"<p>Martina \u010carija psihologinja \u00a0 Ostale informacije Iskustvo u savjetovanju\/psihoterapiji:\u00a0DA Primarna podru\u010dja rada:\u00a0Klini\u010dka psihologija i Socijalne slu\u017ebe Iskustvo u radu s LGBTIQ osobama:\u00a0DA Zavr\u0161ena edukacija: Ge\u0161talt psihoterapija Dodatne edukacije i vje\u0161tine:\u00a0Supervizija psihosocijalnog rada, pru\u017eanje podr\u0161ke izbjeglicama i migrantima, suradnja s prevoditeljima, pru\u017eanje podr\u0161ke u oporavku od traumatskih doga\u0111aja Adresa Zagreb i Zapre\u0161i\u0107 Kontakt E-mail: martina@psiho.hr Mob.<\/p>","protected":false},"author":1,"featured_media":0,"parent":0,"menu_order":0,"comment_status":"closed","ping_status":"closed","template":"","meta":{"_uag_custom_page_level_css":"","site-sidebar-layout":"no-sidebar","site-content-layout":"page-builder","ast-site-content-layout":"","site-content-style":"default","site-sidebar-style":"default","ast-global-header-display":"","ast-banner-title-visibility":"","ast-main-header-display":"","ast-hfb-above-header-display":"","ast-hfb-below-header-display":"","ast-hfb-mobile-header-display":"","site-post-title":"disabled","ast-breadcrumbs-content":"","ast-featured-img":"disabled","footer-sml-layout":"","theme-transparent-header-meta":"","adv-header-id-meta":"","stick-header-meta":"","header-above-stick-meta":"","header-main-stick-meta":"","header-below-stick-meta":"","astra-migrate-meta-layouts":"","footnotes":""},"class_list":["post-5777","page","type-page","status-publish","hentry"],"uagb_featured_image_src":{"full":false,"thumbnail":false,"medium":false,"medium_large":false,"large":false,"1536x1536":false,"2048x2048":false,"trp-custom-language-flag":false},"uagb_author_info":{"display_name":"LORI","author_link":"https:\/\/lori.hr\/en\/author\/ikenji\/"},"uagb_comment_info":0,"uagb_excerpt":"Martina \u010carija psihologinja \u00a0 Ostale informacije Iskustvo u savjetovanju\/psihoterapiji:\u00a0DA Primarna podru\u010dja rada:\u00a0Klini\u010dka psihologija i Socijalne slu\u017ebe Iskustvo u radu s LGBTIQ osobama:\u00a0DA Zavr\u0161ena edukacija: Ge\u0161talt psihoterapija Dodatne edukacije i vje\u0161tine:\u00a0Supervizija psihosocijalnog rada, pru\u017eanje podr\u0161ke izbjeglicama i migrantima, suradnja s prevoditeljima, pru\u017eanje podr\u0161ke u oporavku od traumatskih doga\u0111aja Adresa Zagreb i Zapre\u0161i\u0107 Kontakt E-mail: martina@psiho.hr Mob.","_links":{"self":[{"href":"https:\/\/lori.hr\/en\/wp-json\/wp\/v2\/pages\/5777","targetHints":{"allow":["GET"]}}],"collection":[{"href":"https:\/\/lori.hr\/en\/wp-json\/wp\/v2\/pages"}],"about":[{"href":"https:\/\/lori.hr\/en\/wp-json\/wp\/v2\/types\/page"}],"author":[{"embeddable":true,"href":"https:\/\/lori.hr\/en\/wp-json\/wp\/v2\/users\/1"}],"replies":[{"embeddable":true,"href":"https:\/\/lori.hr\/en\/wp-json\/wp\/v2\/comments?post=5777"}],"version-history":[{"count":13,"href":"https:\/\/lori.hr\/en\/wp-json\/wp\/v2\/pages\/5777\/revisions"}],"predecessor-version":[{"id":11032,"href":"https:\/\/lori.hr\/en\/wp-json\/wp\/v2\/pages\/5777\/revisions\/11032"}],"wp:attachment":[{"href":"https:\/\/lori.hr\/en\/wp-json\/wp\/v2\/media?parent=5777"}],"curies":[{"name":"wp","href":"https:\/\/api.w.org\/{rel}","templated":true}]}}